{"id":1000,"date":"2018-06-28T16:33:00","date_gmt":"2018-06-28T19:33:00","guid":{"rendered":"https:\/\/ens7-caba.infd.edu.ar\/sitio\/actividades-2\/"},"modified":"2024-02-27T15:15:42","modified_gmt":"2024-02-27T18:15:42","slug":"actividades-2","status":"publish","type":"page","link":"https:\/\/ens7-caba.infd.edu.ar\/sitio\/actividades-2\/","title":{"rendered":"Actividades"},"content":{"rendered":"<p style=\"text-align: center;\"><em><span style=\"font-family: 'comic sans ms', sans-serif; font-size: 12pt; color: #800000;\">2019<\/span><\/em><\/p>\n<p style=\"text-align: center;\"><em><span style=\"font-family: 'comic sans ms', sans-serif; font-size: 12pt; color: #800000;\">El s\u00e1bado 13 de julio nos juntamos en el Polideportivo del Normal 7.<\/span><\/em><\/p>\n<p style=\"text-align: center;\"><em><span style=\"font-family: 'comic sans ms', sans-serif; font-size: 12pt; color: #800000;\">Muchas gracias a las familias, profes, estudiantes, autoridades y al cuidador del predio por todo lo que hicieron para que el evento salga tan lindo.<\/span><\/em><\/p>\n<p style=\"text-align: center;\"><em><span style=\"font-family: 'comic sans ms', sans-serif; font-size: 12pt; color: #800000;\">Pero sobre todo gracias a las chicas y chicos de la comunidad del Normal 7 por coparse con las propuestas que llevamos.<\/span><\/em><\/p>\n<p style=\"text-align: center;\"><em><span style=\"font-family: 'comic sans ms', sans-serif; font-size: 12pt; color: #800000;\">As\u00ed nos prepar\u00e1bamos:\u00a0<a href=\"https:\/\/www.facebook.com\/cooperadoraens7\/photos\/?tab=album&amp;album_id=371479876904217&amp;__xts__%5B0%5D=68.ARDawLRRzU-bhLGL-Fmg46BS88dD54LlKpmUOOPdzHeXfYK41NVPRI3WurO_8zHmsf0PHm2iVQrL2WU1bW4BG6D_scm28Mc3nl2m7wXcjsV9ah70Tu0-7cpEU1-DoJmLXbbkNY0BVcEpO9F_Oq3QcOJZdKSDeCy4uL1qmDQGFtFEyigmbBqm_9JBdWAGHsGVkD5Cs8AvJ36ep7b7HIyDd7LvH_CCvcLmFvWc3_YhOrz_XyNFv-tq8pThACsuIvd63ggNHsqJWU2BWZn08H7qtbB8EAn90SX7QnUNVgvdhMNAlamEXZHd7tlY8ZvcUJolG7D-gTuaZ_a4xgZrAXc&amp;__tn__=-UK-R\" target=\"_blank\" rel=\"nofollow noopener\">https:\/\/www.facebook.com\/cooperadoraens7\/photos\/\u2026<\/a><\/span><\/em><\/p>\n<div>\n<p style=\"text-align: center;\"><em><span style=\"font-family: 'comic sans ms', sans-serif; font-size: 12pt; color: #800000;\">As\u00ed armamos el roperito comunitario:\u00a0<a href=\"https:\/\/www.facebook.com\/cooperadoraens7\/photos\/?tab=album&amp;album_id=371481460237392&amp;__xts__%5B0%5D=68.ARDawLRRzU-bhLGL-Fmg46BS88dD54LlKpmUOOPdzHeXfYK41NVPRI3WurO_8zHmsf0PHm2iVQrL2WU1bW4BG6D_scm28Mc3nl2m7wXcjsV9ah70Tu0-7cpEU1-DoJmLXbbkNY0BVcEpO9F_Oq3QcOJZdKSDeCy4uL1qmDQGFtFEyigmbBqm_9JBdWAGHsGVkD5Cs8AvJ36ep7b7HIyDd7LvH_CCvcLmFvWc3_YhOrz_XyNFv-tq8pThACsuIvd63ggNHsqJWU2BWZn08H7qtbB8EAn90SX7QnUNVgvdhMNAlamEXZHd7tlY8ZvcUJolG7D-gTuaZ_a4xgZrAXc&amp;__tn__=-UK-R\" target=\"_blank\" rel=\"nofollow noopener\">https:\/\/www.facebook.com\/cooperadoraens7\/photos\/\u2026<\/a><\/span><\/em><\/p>\n<p style=\"text-align: center;\"><em><span style=\"font-family: 'comic sans ms', sans-serif; font-size: 12pt; color: #800000;\">Y as\u00ed nos divertimos:\u00a0<a href=\"https:\/\/www.facebook.com\/cooperadoraens7\/photos\/?tab=album&amp;album_id=371482340237304&amp;__xts__%5B0%5D=68.ARDawLRRzU-bhLGL-&lt;\/span&gt;&lt;\/em&gt;&lt;\/p&gt; &lt;p&gt;Fmg46BS88dD54LlKpmUOOPdzHeXfYK41NVPRI3WurO_8zHmsf0PHm2iVQrL2WU1bW4BG6D_scm28Mc3nl2m7wXcjsV9ah70Tu0-7cpEU1-DoJmLXbbkNY0BVcEpO9F_Oq3QcOJZdKSDeCy4uL1qmDQGFtFEyigmbBqm_9JBdWAGHsGVkD5Cs8AvJ36ep7b7HIyDd7LvH_CCvcLmFvWc3_YhOrz_XyNFv-tq8pThACsuIvd63ggNHsqJWU2BWZn08H7qtbB8EAn90SX7QnUNVgvdhMNAlamEXZHd7tlY8ZvcUJolG7D-gTuaZ_a4xgZrAXc&amp;__tn__=-UK-R\" target=\"_blank\" rel=\"nofollow noopener\">https:\/\/www.facebook.com\/cooperadoraens7\/photos\/\u2026<\/a><\/span><\/em><\/p>\n<p style=\"text-align: center;\"><em><span style=\"font-family: 'comic sans ms', sans-serif; font-size: 12pt; color: #800000;\">\u00a1Pasen y vean!<\/span><\/em><\/p>\n<\/div>\n<p style=\"text-align: center;\"><em><span style=\"font-family: 'comic sans ms', sans-serif; font-size: 12pt; color: #800000;\">2017<\/span><\/em><\/p>\n<p style=\"text-align: center;\"><em><span style=\"font-family: 'comic sans ms', sans-serif; font-size: 12pt; color: #800000;\">El d\u00eda s\u00e1bado 26\/08 se llev\u00f3 a cabo en la escuela, con mucho \u00e9xito, el festejo por el D\u00eda del Ni\u00f1o para alumnos de los niveles Inicial y Primario (1\u00b0 a 4\u00b0 grado).\u00a0 Le agradecemos a la Asociaci\u00f3n Cooperadora por organizarlo y a los docentes y estudiantes de Nivel Terciario que colaboraron con las actividades desarrolladas durante el evento. La recaudaci\u00f3n obtenida se destinar\u00e1 a compras en beneficio de todos los niveles de la escuela.<\/span><\/em><\/p>\n<div style=\"visibility: visible; width: 460px; margin: auto;\">\n<p><a href=\"http:\/\/www.picturetrail.com\/sfx\/flicks\/preview\/9164711\">http:\/\/www.picturetrail.com\/sfx\/flicks\/preview\/9164711<\/a><\/p>\n<p style=\"margin-top: 10px; height: 24px; width: 460px; text-align: center;\"><span style=\"text-decoration: underline;\"><span style=\"color: #800000;\"><strong><em><span style=\"font-family: 'comic sans ms', sans-serif; font-size: 14pt;\">A\u00f1os Anteriores<\/span><\/em><\/strong><\/span><\/span><\/p>\n<\/div>\n<p><em><span style=\"font-family: 'comic sans ms', sans-serif; font-size: 12pt; color: #800000;\">El s\u00e1bado 29 de agosto la Asociaci\u00f3n Cooperadora organiz\u00f3 una fiesta para celebrar el d\u00eda del ni\u00f1o. En el festejo hubo juegos, sorteos y merienda compartida.<\/span><\/em><\/p>\n<p style=\"text-align: center;\">\n<p style=\"text-align: center;\"><img decoding=\"async\" loading=\"lazy\" style=\"vertical-align: middle;\" src=\"https:\/\/ens7-caba.infd.edu.ar\/aula\/archivos\/repositorio\/1750\/1978\/feria_del_plato.jpg\" alt=\"\" width=\"560\" height=\"420\" border=\"0\" \/><\/p>\n<p style=\"text-align: center;\"><span style=\"color: #800000; font-size: 14pt; font-family: arial, helvetica, sans-serif;\" data-mce-mark=\"1\">\u00a0\u00a1Informamos!<\/span><\/p>\n<p style=\"text-align: justify;\"><span style=\"color: #800000; font-size: 14pt; font-family: arial, helvetica, sans-serif;\">El monto recaudado en la Feria del plato y del libro realizada el 26\/05 es de $ 3912.-, el mismo ser\u00e1 utilizado para cubrir diferentes necesidades de todos los niveles.<\/span><br \/>\n<span style=\"color: #800000; font-size: 14pt; font-family: arial, helvetica, sans-serif;\">\u00a1\u00a1\u00a1Agradecemos a todas las familias de Nivel Inicial y Nivel Primario\u00a0que colaboraron!!!<\/span><\/p>\n<p><span style=\"color: #800000; font-size: 14pt; font-family: arial, helvetica, sans-serif;\">Asociaci\u00f3n Cooperadora Normal 7<\/span><\/p>\n","protected":false},"excerpt":{"rendered":"<p>2019 El s\u00e1bado 13 de julio nos juntamos en el Polideportivo del Normal 7. Muchas gracias a las familias, profes, estudiantes, autoridades y al cuidador del predio por todo lo que hicieron para que el evento salga tan lindo. Pero sobre todo gracias a las chicas y chicos de la comunidad del Normal 7 por &#8230; <a title=\"Actividades\" class=\"read-more\" href=\"https:\/\/ens7-caba.infd.edu.ar\/sitio\/actividades-2\/\" aria-label=\"More on Actividades\">[+]<\/a><\/p>\n","protected":false},"author":2274,"featured_media":0,"parent":0,"menu_order":0,"comment_status":"closed","ping_status":"closed","template":"","meta":[],"acf":[],"_links":{"self":[{"href":"https:\/\/ens7-caba.infd.edu.ar\/sitio\/wp-json\/wp\/v2\/pages\/1000"}],"collection":[{"href":"https:\/\/ens7-caba.infd.edu.ar\/sitio\/wp-json\/wp\/v2\/pages"}],"about":[{"href":"https:\/\/ens7-caba.infd.edu.ar\/sitio\/wp-json\/wp\/v2\/types\/page"}],"author":[{"embeddable":true,"href":"https:\/\/ens7-caba.infd.edu.ar\/sitio\/wp-json\/wp\/v2\/users\/2274"}],"replies":[{"embeddable":true,"href":"https:\/\/ens7-caba.infd.edu.ar\/sitio\/wp-json\/wp\/v2\/comments?post=1000"}],"version-history":[{"count":6,"href":"https:\/\/ens7-caba.infd.edu.ar\/sitio\/wp-json\/wp\/v2\/pages\/1000\/revisions"}],"predecessor-version":[{"id":4103,"href":"https:\/\/ens7-caba.infd.edu.ar\/sitio\/wp-json\/wp\/v2\/pages\/1000\/revisions\/4103"}],"wp:attachment":[{"href":"https:\/\/ens7-caba.infd.edu.ar\/sitio\/wp-json\/wp\/v2\/media?parent=1000"}],"curies":[{"name":"wp","href":"https:\/\/api.w.org\/{rel}","templated":true}]}}