{"id":1010,"date":"2018-07-01T22:11:20","date_gmt":"2018-07-02T01:11:20","guid":{"rendered":"https:\/\/ens7-caba.infd.edu.ar\/sitio\/?page_id=1010"},"modified":"2018-07-10T12:52:25","modified_gmt":"2018-07-10T15:52:25","slug":"programas-2o-ano-2015","status":"publish","type":"page","link":"https:\/\/ens7-caba.infd.edu.ar\/sitio\/programas-2o-ano-2015\/","title":{"rendered":"Programas 2\u00ba a\u00f1o 2015"},"content":{"rendered":"<p style=\"text-align: center;\"><span style=\"text-decoration: underline;\"><em><span style=\"font-family: arial, helvetica, sans-serif; font-size: 12pt;\">Importante<\/span><\/em><\/span><\/p>\n<p><em><span style=\"font-family: arial, helvetica, sans-serif; font-size: 12pt;\">Para poder imprimir los programas tienen que utilizar el navegador Mozilla. Buscar el programa e imprimir directamente del boton de impresi\u00f3n que muestra la p\u00e1gina.<\/span><\/em><\/p>\n<p><em><span style=\"font-family: arial, helvetica, sans-serif; font-size: 12pt;\">No podr\u00e1n imprimir el archivo si lo descargan.<\/span><\/em><\/p>\n<table id=\"table1\" border=\"0\">\n<tbody>\n<tr>\n<td style=\"border: 1px solid #000000;\" align=\"center\" valign=\"middle\">\n<p style=\"text-align: center;\"><strong>2\u00ba 1\u00ba<\/strong><\/p>\n<\/td>\n<td style=\"border: 1px solid #000000; text-align: center;\"><strong>2\u00ba 2\u00ba<\/strong><\/td>\n<td style=\"border: 1px solid #000000; text-align: center;\"><strong>2\u00ba 3\u00ba<\/strong><\/td>\n<td style=\"border: 1px solid #000000; text-align: center;\"><strong>2\u00ba 4\u00ba<\/strong><\/td>\n<\/tr>\n<tr>\n<td style=\"border: 1px solid #000000;\">\n<p style=\"text-align: center;\"><a class=\"LinkModi\" title=\"https:\/\/ens7-caba.infd.edu.ar\/aula\/archivos\/repositorio\/\/2000\/2059\/2_LENGUA_2015.pdf\" href=\"https:\/\/ens7-caba.infd.edu.ar\/aula\/archivos\/repositorio\/\/2000\/2059\/2_LENGUA_2015.pdf\" target=\"_NEW\">Lengua y literatura<\/a><\/p>\n<\/td>\n<td style=\"border: 1px solid #000000; text-align: center;\"><a class=\"LinkModi\" title=\"https:\/\/ens7-caba.infd.edu.ar\/aula\/archivos\/repositorio\/\/2000\/2059\/2_LENGUA_2015.pdf\" href=\"https:\/\/ens7-caba.infd.edu.ar\/aula\/archivos\/repositorio\/\/2000\/2059\/2_LENGUA_2015.pdf\" target=\"_NEW\">Lengua y literatura<\/a><\/td>\n<td style=\"border: 1px solid #000000; text-align: center;\"><a class=\"LinkModi\" title=\"https:\/\/ens7-caba.infd.edu.ar\/aula\/archivos\/repositorio\/\/2000\/2059\/2_LENGUA_2015.pdf\" href=\"https:\/\/ens7-caba.infd.edu.ar\/aula\/archivos\/repositorio\/\/2000\/2059\/2_LENGUA_2015.pdf\" target=\"_NEW\">Lengua y literatura<\/a><\/td>\n<td style=\"border: 1px solid #000000; text-align: center;\"><a class=\"LinkModi\" title=\"https:\/\/ens7-caba.infd.edu.ar\/aula\/archivos\/repositorio\/\/2000\/2059\/2_LENGUA_2015.pdf\" href=\"https:\/\/ens7-caba.infd.edu.ar\/aula\/archivos\/repositorio\/\/2000\/2059\/2_LENGUA_2015.pdf\" target=\"_NEW\">Lengua y literatura<\/a><\/td>\n<\/tr>\n<tr>\n<td style=\"border: 1px solid #000000;\">\n<p style=\"text-align: center;\"><a class=\"LinkModi\" title=\"https:\/\/ens7-caba.infd.edu.ar\/aula\/archivos\/repositorio\/\/2000\/2053\/2_INGLES_2015.pdf\" href=\"https:\/\/ens7-caba.infd.edu.ar\/aula\/archivos\/repositorio\/\/2000\/2053\/2_INGLES_2015.pdf\" target=\"_NEW\">Ingl\u00e9s<\/a><\/p>\n<\/td>\n<td style=\"border: 1px solid #000000; text-align: center;\"><a class=\"LinkModi\" title=\"https:\/\/ens7-caba.infd.edu.ar\/aula\/archivos\/repositorio\/\/2000\/2054\/2_FRANCES_2015.pdf\" href=\"https:\/\/ens7-caba.infd.edu.ar\/aula\/archivos\/repositorio\/\/2000\/2054\/2_FRANCES_2015.pdf\" target=\"_NEW\">Franc\u00e9s<\/a><\/td>\n<td style=\"border: 1px solid #000000; text-align: center;\"><a class=\"LinkModi\" title=\"https:\/\/ens7-caba.infd.edu.ar\/aula\/archivos\/repositorio\/\/2000\/2053\/2_INGLES_2015.pdf\" href=\"https:\/\/ens7-caba.infd.edu.ar\/aula\/archivos\/repositorio\/\/2000\/2053\/2_INGLES_2015.pdf\" target=\"_NEW\">Ingl\u00e9s<\/a><\/td>\n<td style=\"border: 1px solid #000000; text-align: center;\"><a class=\"LinkModi\" title=\"https:\/\/ens7-caba.infd.edu.ar\/aula\/archivos\/repositorio\/\/2000\/2054\/2_FRANCES_2015.pdf\" href=\"https:\/\/ens7-caba.infd.edu.ar\/aula\/archivos\/repositorio\/\/2000\/2054\/2_FRANCES_2015.pdf\" target=\"_NEW\">Franc\u00e9s<\/a><\/td>\n<\/tr>\n<tr>\n<td style=\"border: 1px solid #000000; text-align: center;\">\u00a0<a title=\"https:\/\/ens7-caba.infd.edu.ar\/aula\/archivos\/repositorio\/\/2000\/2106\/2Matem_tica.pdf\" href=\"https:\/\/ens7-caba.infd.edu.ar\/aula\/archivos\/repositorio\/\/2000\/2106\/2Matem_tica.pdf\" target=\"_NEW\">Matem\u00e1tica<\/a><\/td>\n<td style=\"border: 1px solid #000000; text-align: center;\"><a title=\"https:\/\/ens7-caba.infd.edu.ar\/aula\/archivos\/repositorio\/\/2000\/2106\/2Matem_tica.pdf\" href=\"https:\/\/ens7-caba.infd.edu.ar\/aula\/archivos\/repositorio\/\/2000\/2106\/2Matem_tica.pdf\" target=\"_NEW\">Matem\u00e1tica<\/a><\/td>\n<td style=\"border: 1px solid #000000; text-align: center;\"><a title=\"https:\/\/ens7-caba.infd.edu.ar\/aula\/archivos\/repositorio\/\/2000\/2106\/2Matem_tica.pdf\" href=\"https:\/\/ens7-caba.infd.edu.ar\/aula\/archivos\/repositorio\/\/2000\/2106\/2Matem_tica.pdf\" target=\"_NEW\">Matem\u00e1tica<\/a><\/td>\n<td style=\"border: 1px solid #000000; text-align: center;\"><a title=\"https:\/\/ens7-caba.infd.edu.ar\/aula\/archivos\/repositorio\/\/2000\/2106\/2Matem_tica.pdf\" href=\"https:\/\/ens7-caba.infd.edu.ar\/aula\/archivos\/repositorio\/\/2000\/2106\/2Matem_tica.pdf\" target=\"_NEW\">Matem\u00e1tica<\/a><\/td>\n<\/tr>\n<tr>\n<td style=\"border: 1px solid #000000; text-align: center;\"><a title=\"https:\/\/ens7-caba.infd.edu.ar\/aula\/archivos\/repositorio\/\/2000\/2108\/2Biolog_a.pdf\" href=\"https:\/\/ens7-caba.infd.edu.ar\/aula\/archivos\/repositorio\/\/2000\/2108\/2Biolog_a.pdf\" target=\"_NEW\">Ciencias Biol\u00f3gicas<\/a><\/td>\n<td style=\"border: 1px solid #000000; text-align: center;\"><a title=\"https:\/\/ens7-caba.infd.edu.ar\/aula\/archivos\/repositorio\/\/2000\/2108\/2Biolog_a.pdf\" href=\"https:\/\/ens7-caba.infd.edu.ar\/aula\/archivos\/repositorio\/\/2000\/2108\/2Biolog_a.pdf\" target=\"_NEW\">Ciencias Biol\u00f3gicas<\/a><\/td>\n<td style=\"border: 1px solid #000000; text-align: center;\"><a title=\"https:\/\/ens7-caba.infd.edu.ar\/aula\/archivos\/repositorio\/\/2000\/2108\/2Biolog_a.pdf\" href=\"https:\/\/ens7-caba.infd.edu.ar\/aula\/archivos\/repositorio\/\/2000\/2108\/2Biolog_a.pdf\" target=\"_NEW\">Ciencias Biol\u00f3gicas<\/a><\/td>\n<td style=\"border: 1px solid #000000; text-align: center;\"><a title=\"https:\/\/ens7-caba.infd.edu.ar\/aula\/archivos\/repositorio\/\/2000\/2108\/2Biolog_a.pdf\" href=\"https:\/\/ens7-caba.infd.edu.ar\/aula\/archivos\/repositorio\/\/2000\/2108\/2Biolog_a.pdf\" target=\"_NEW\">Ciencias Biol\u00f3gicas<\/a><\/td>\n<\/tr>\n<tr>\n<td style=\"border: 1px solid #000000; text-align: center;\"><a title=\"https:\/\/ens7-caba.infd.edu.ar\/aula\/archivos\/repositorio\/\/2000\/2112\/2Geografia.pdf\" href=\"https:\/\/ens7-caba.infd.edu.ar\/aula\/archivos\/repositorio\/\/2000\/2112\/2Geografia.pdf\" target=\"_NEW\">Geograf\u00eda<\/a><\/td>\n<td style=\"border: 1px solid #000000; text-align: center;\"><a title=\"https:\/\/ens7-caba.infd.edu.ar\/aula\/archivos\/repositorio\/\/2000\/2112\/2Geografia.pdf\" href=\"https:\/\/ens7-caba.infd.edu.ar\/aula\/archivos\/repositorio\/\/2000\/2112\/2Geografia.pdf\" target=\"_NEW\">Geograf\u00eda<\/a><\/td>\n<td style=\"border: 1px solid #000000; text-align: center;\"><a title=\"https:\/\/ens7-caba.infd.edu.ar\/aula\/archivos\/repositorio\/\/2000\/2112\/2Geografia.pdf\" href=\"https:\/\/ens7-caba.infd.edu.ar\/aula\/archivos\/repositorio\/\/2000\/2112\/2Geografia.pdf\" target=\"_NEW\">Geograf\u00eda<\/a><\/td>\n<td style=\"border: 1px solid #000000; text-align: center;\"><a title=\"https:\/\/ens7-caba.infd.edu.ar\/aula\/archivos\/repositorio\/\/2000\/2112\/2Geografia.pdf\" href=\"https:\/\/ens7-caba.infd.edu.ar\/aula\/archivos\/repositorio\/\/2000\/2112\/2Geografia.pdf\" target=\"_NEW\">Geograf\u00eda<\/a><\/td>\n<\/tr>\n<tr>\n<td style=\"border: 1px solid #000000; text-align: center;\"><a title=\"https:\/\/ens7-caba.infd.edu.ar\/aula\/archivos\/repositorio\/\/2000\/2119\/21y24_Historia.pdf\" href=\"https:\/\/ens7-caba.infd.edu.ar\/aula\/archivos\/repositorio\/\/2000\/2119\/21y24_Historia.pdf\" target=\"_NEW\">Historia<\/a><\/td>\n<td style=\"border: 1px solid #000000; text-align: center;\"><a title=\"https:\/\/ens7-caba.infd.edu.ar\/aula\/archivos\/repositorio\/\/2000\/2118\/22Historia.pdf\" href=\"https:\/\/ens7-caba.infd.edu.ar\/aula\/archivos\/repositorio\/\/2000\/2118\/22Historia.pdf\" target=\"_NEW\">Historia<\/a><\/td>\n<td style=\"border: 1px solid #000000; text-align: center;\"><a title=\"https:\/\/ens7-caba.infd.edu.ar\/aula\/archivos\/repositorio\/\/2000\/2117\/23_Historia.pdf\" href=\"https:\/\/ens7-caba.infd.edu.ar\/aula\/archivos\/repositorio\/\/2000\/2117\/23_Historia.pdf\" target=\"_NEW\">Historia<\/a><\/td>\n<td style=\"border: 1px solid #000000; text-align: center;\"><a title=\"https:\/\/ens7-caba.infd.edu.ar\/aula\/archivos\/repositorio\/\/2000\/2119\/21y24_Historia.pdf\" href=\"https:\/\/ens7-caba.infd.edu.ar\/aula\/archivos\/repositorio\/\/2000\/2119\/21y24_Historia.pdf\" target=\"_NEW\">Historia<\/a><\/td>\n<\/tr>\n<tr>\n<td style=\"border: 1px solid #000000;\"><a title=\"https:\/\/ens7-caba.infd.edu.ar\/aula\/archivos\/repositorio\/\/2000\/2123\/2Educacion_Ciudadana.pdf\" href=\"https:\/\/ens7-caba.infd.edu.ar\/aula\/archivos\/repositorio\/\/2000\/2123\/2Educacion_Ciudadana.pdf\" target=\"_NEW\">Educaci\u00f3n C\u00edudadana<\/a><\/td>\n<td style=\"border: 1px solid #000000;\"><a title=\"https:\/\/ens7-caba.infd.edu.ar\/aula\/archivos\/repositorio\/\/2000\/2123\/2Educacion_Ciudadana.pdf\" href=\"https:\/\/ens7-caba.infd.edu.ar\/aula\/archivos\/repositorio\/\/2000\/2123\/2Educacion_Ciudadana.pdf\" target=\"_NEW\">Educaci\u00f3n C\u00edudadana<\/a><\/td>\n<td style=\"border: 1px solid #000000;\"><a title=\"https:\/\/ens7-caba.infd.edu.ar\/aula\/archivos\/repositorio\/\/2000\/2123\/2Educacion_Ciudadana.pdf\" href=\"https:\/\/ens7-caba.infd.edu.ar\/aula\/archivos\/repositorio\/\/2000\/2123\/2Educacion_Ciudadana.pdf\" target=\"_NEW\">Educaci\u00f3n C\u00edudadana<\/a><\/td>\n<td style=\"border: 1px solid #000000;\"><a title=\"https:\/\/ens7-caba.infd.edu.ar\/aula\/archivos\/repositorio\/\/2000\/2123\/2Educacion_Ciudadana.pdf\" href=\"https:\/\/ens7-caba.infd.edu.ar\/aula\/archivos\/repositorio\/\/2000\/2123\/2Educacion_Ciudadana.pdf\" target=\"_NEW\">Educaci\u00f3n C\u00edudadana<\/a><\/td>\n<\/tr>\n<tr>\n<td style=\"border: 1px solid #000000;\"><a title=\"https:\/\/ens7-caba.infd.edu.ar\/aula\/archivos\/repositorio\/\/2000\/2163\/21y23musica.pdf\" href=\"https:\/\/ens7-caba.infd.edu.ar\/aula\/archivos\/repositorio\/\/2000\/2163\/21y23musica.pdf\" target=\"_NEW\">Educ. Est. M\u00fasica<\/a><\/td>\n<td style=\"border: 1px solid #000000;\"><a title=\"https:\/\/ens7-caba.infd.edu.ar\/aula\/archivos\/repositorio\/\/2000\/2161\/22y24musica.pdf\" href=\"https:\/\/ens7-caba.infd.edu.ar\/aula\/archivos\/repositorio\/\/2000\/2161\/22y24musica.pdf\" target=\"_NEW\">Educ. Est. M\u00fasica<\/a><\/td>\n<td style=\"border: 1px solid #000000;\"><a title=\"https:\/\/ens7-caba.infd.edu.ar\/aula\/archivos\/repositorio\/\/2000\/2163\/21y23musica.pdf\" href=\"https:\/\/ens7-caba.infd.edu.ar\/aula\/archivos\/repositorio\/\/2000\/2163\/21y23musica.pdf\" target=\"_NEW\">Educ. Est. M\u00fasica<\/a><\/td>\n<td style=\"border: 1px solid #000000;\"><a title=\"https:\/\/ens7-caba.infd.edu.ar\/aula\/archivos\/repositorio\/\/2000\/2161\/22y24musica.pdf\" href=\"https:\/\/ens7-caba.infd.edu.ar\/aula\/archivos\/repositorio\/\/2000\/2161\/22y24musica.pdf\" target=\"_NEW\">Educ. Est. M\u00fasica<\/a><\/td>\n<\/tr>\n<tr>\n<td style=\"border: 1px solid #000000;\"><a title=\"https:\/\/ens7-caba.infd.edu.ar\/aula\/archivos\/repositorio\/\/2000\/2174\/21_22_TECNOLOGIA.pdf\" href=\"https:\/\/ens7-caba.infd.edu.ar\/aula\/archivos\/repositorio\/\/2000\/2174\/21_22_TECNOLOGIA.pdf\" target=\"_NEW\">Educ. Tecnol\u00f3gica<\/a><\/td>\n<td style=\"border: 1px solid #000000;\"><a title=\"https:\/\/ens7-caba.infd.edu.ar\/aula\/archivos\/repositorio\/\/2000\/2174\/21_22_TECNOLOGIA.pdf\" href=\"https:\/\/ens7-caba.infd.edu.ar\/aula\/archivos\/repositorio\/\/2000\/2174\/21_22_TECNOLOGIA.pdf\" target=\"_NEW\">Educ. Tecnol\u00f3gica<\/a><\/td>\n<td style=\"border: 1px solid #000000;\"><a title=\"https:\/\/ens7-caba.infd.edu.ar\/aula\/archivos\/repositorio\/\/2000\/2170\/23_TECNOLOGIA.pdf\" href=\"https:\/\/ens7-caba.infd.edu.ar\/aula\/archivos\/repositorio\/\/2000\/2170\/23_TECNOLOGIA.pdf\" target=\"_NEW\">Educ. Tecnol\u00f3gica<\/a><\/td>\n<td style=\"border: 1px solid #000000;\"><a title=\"https:\/\/ens7-caba.infd.edu.ar\/aula\/archivos\/repositorio\/\/2000\/2172\/24_TECNOLOGIA.pdf\" href=\"https:\/\/ens7-caba.infd.edu.ar\/aula\/archivos\/repositorio\/\/2000\/2172\/24_TECNOLOGIA.pdf\" target=\"_NEW\">Educ. Tecnol\u00f3gica<\/a><\/td>\n<\/tr>\n<tr>\n<td style=\"border: 1px solid #000000; text-align: center;\"><a title=\"https:\/\/ens7-caba.infd.edu.ar\/aula\/archivos\/repositorio\/\/2000\/2162\/2123y24plastica.pdf\" href=\"https:\/\/ens7-caba.infd.edu.ar\/aula\/archivos\/repositorio\/\/2000\/2162\/2123y24plastica.pdf\" target=\"_NEW\">Educ. Est. Pl\u00e1stica<\/a><\/td>\n<td style=\"border: 1px solid #000000; text-align: center;\"><a title=\"https:\/\/ens7-caba.infd.edu.ar\/aula\/archivos\/repositorio\/\/2000\/2154\/22plastica.pdf\" href=\"https:\/\/ens7-caba.infd.edu.ar\/aula\/archivos\/repositorio\/\/2000\/2154\/22plastica.pdf\" target=\"_NEW\">Educ. Est. Pl\u00e1stica<\/a><\/td>\n<td style=\"border: 1px solid #000000; text-align: center;\"><a title=\"https:\/\/ens7-caba.infd.edu.ar\/aula\/archivos\/repositorio\/\/2000\/2162\/2123y24plastica.pdf\" href=\"https:\/\/ens7-caba.infd.edu.ar\/aula\/archivos\/repositorio\/\/2000\/2162\/2123y24plastica.pdf\" target=\"_NEW\">Educ. Est. Pl\u00e1stica<\/a><\/td>\n<td style=\"border: 1px solid #000000; text-align: center;\"><a title=\"https:\/\/ens7-caba.infd.edu.ar\/aula\/archivos\/repositorio\/\/2000\/2162\/2123y24plastica.pdf\" href=\"https:\/\/ens7-caba.infd.edu.ar\/aula\/archivos\/repositorio\/\/2000\/2162\/2123y24plastica.pdf\" target=\"_NEW\">Educ. Est. Pl\u00e1stica<\/a><\/td>\n<\/tr>\n<tr>\n<td style=\"border: 1px solid #000000; text-align: center;\"><a title=\"https:\/\/ens7-caba.infd.edu.ar\/aula\/archivos\/repositorio\/\/2000\/2192\/1a5_Educaci_n_F_sica2015.pdf\" href=\"https:\/\/ens7-caba.infd.edu.ar\/aula\/archivos\/repositorio\/\/2000\/2192\/1a5_Educaci_n_F_sica2015.pdf\" target=\"_NEW\">Educ. Est. F\u00edsica<\/a><\/td>\n<td style=\"border: 1px solid #000000; text-align: center;\"><a title=\"https:\/\/ens7-caba.infd.edu.ar\/aula\/archivos\/repositorio\/\/2000\/2192\/1a5_Educaci_n_F_sica2015.pdf\" href=\"https:\/\/ens7-caba.infd.edu.ar\/aula\/archivos\/repositorio\/\/2000\/2192\/1a5_Educaci_n_F_sica2015.pdf\" target=\"_NEW\">Educ. Est. F\u00edsica<\/a><\/td>\n<td style=\"border: 1px solid #000000; text-align: center;\"><a title=\"https:\/\/ens7-caba.infd.edu.ar\/aula\/archivos\/repositorio\/\/2000\/2192\/1a5_Educaci_n_F_sica2015.pdf\" href=\"https:\/\/ens7-caba.infd.edu.ar\/aula\/archivos\/repositorio\/\/2000\/2192\/1a5_Educaci_n_F_sica2015.pdf\" target=\"_NEW\">Educ. Est. F\u00edsica<\/a><\/td>\n<td style=\"border: 1px solid #000000; text-align: center;\"><a title=\"https:\/\/ens7-caba.infd.edu.ar\/aula\/archivos\/repositorio\/\/2000\/2192\/1a5_Educaci_n_F_sica2015.pdf\" href=\"https:\/\/ens7-caba.infd.edu.ar\/aula\/archivos\/repositorio\/\/2000\/2192\/1a5_Educaci_n_F_sica2015.pdf\" target=\"_NEW\">Educ. Est. F\u00edsica<\/a><\/td>\n<\/tr>\n<tr>\n<td style=\"border: 1px solid #000000; text-align: center;\"><a title=\"https:\/\/ens7-caba.infd.edu.ar\/aula\/archivos\/repositorio\/\/2000\/2103\/2Inform_tica.pdf\" href=\"https:\/\/ens7-caba.infd.edu.ar\/aula\/archivos\/repositorio\/\/2000\/2103\/2Inform_tica.pdf\" target=\"_NEW\">Computaci\u00f3n<\/a><\/td>\n<td style=\"border: 1px solid #000000; text-align: center;\"><a title=\"https:\/\/ens7-caba.infd.edu.ar\/aula\/archivos\/repositorio\/\/2000\/2103\/2Inform_tica.pdf\" href=\"https:\/\/ens7-caba.infd.edu.ar\/aula\/archivos\/repositorio\/\/2000\/2103\/2Inform_tica.pdf\" target=\"_NEW\">Computaci\u00f3n<\/a><\/td>\n<td style=\"border: 1px solid #000000; text-align: center;\"><a title=\"https:\/\/ens7-caba.infd.edu.ar\/aula\/archivos\/repositorio\/\/2000\/2103\/2Inform_tica.pdf\" href=\"https:\/\/ens7-caba.infd.edu.ar\/aula\/archivos\/repositorio\/\/2000\/2103\/2Inform_tica.pdf\" target=\"_NEW\">Computaci\u00f3n<\/a><\/td>\n<td style=\"border: 1px solid #000000;\">\n<p style=\"text-align: center;\"><a title=\"https:\/\/ens7-caba.infd.edu.ar\/aula\/archivos\/repositorio\/\/2000\/2103\/2Inform_tica.pdf\" href=\"https:\/\/ens7-caba.infd.edu.ar\/aula\/archivos\/repositorio\/\/2000\/2103\/2Inform_tica.pdf\" target=\"_NEW\">Computaci\u00f3n<\/a><\/p>\n<\/td>\n<\/tr>\n<\/tbody>\n<\/table>\n","protected":false},"excerpt":{"rendered":"<p>Importante Para poder imprimir los programas tienen que utilizar el navegador Mozilla. Buscar el programa e imprimir directamente del boton de impresi\u00f3n que muestra la p\u00e1gina. No podr\u00e1n imprimir el archivo si lo descargan. 2\u00ba 1\u00ba 2\u00ba 2\u00ba 2\u00ba 3\u00ba 2\u00ba 4\u00ba Lengua y literatura Lengua y literatura Lengua y literatura Lengua y literatura Ingl\u00e9s &#8230; <a title=\"Programas 2\u00ba a\u00f1o 2015\" class=\"read-more\" href=\"https:\/\/ens7-caba.infd.edu.ar\/sitio\/programas-2o-ano-2015\/\" aria-label=\"More on Programas 2\u00ba a\u00f1o 2015\">[+]<\/a><\/p>\n","protected":false},"author":2274,"featured_media":0,"parent":0,"menu_order":0,"comment_status":"closed","ping_status":"closed","template":"","meta":[],"acf":[],"_links":{"self":[{"href":"https:\/\/ens7-caba.infd.edu.ar\/sitio\/wp-json\/wp\/v2\/pages\/1010"}],"collection":[{"href":"https:\/\/ens7-caba.infd.edu.ar\/sitio\/wp-json\/wp\/v2\/pages"}],"about":[{"href":"https:\/\/ens7-caba.infd.edu.ar\/sitio\/wp-json\/wp\/v2\/types\/page"}],"author":[{"embeddable":true,"href":"https:\/\/ens7-caba.infd.edu.ar\/sitio\/wp-json\/wp\/v2\/users\/2274"}],"replies":[{"embeddable":true,"href":"https:\/\/ens7-caba.infd.edu.ar\/sitio\/wp-json\/wp\/v2\/comments?post=1010"}],"version-history":[{"count":1,"href":"https:\/\/ens7-caba.infd.edu.ar\/sitio\/wp-json\/wp\/v2\/pages\/1010\/revisions"}],"predecessor-version":[{"id":1164,"href":"https:\/\/ens7-caba.infd.edu.ar\/sitio\/wp-json\/wp\/v2\/pages\/1010\/revisions\/1164"}],"wp:attachment":[{"href":"https:\/\/ens7-caba.infd.edu.ar\/sitio\/wp-json\/wp\/v2\/media?parent=1010"}],"curies":[{"name":"wp","href":"https:\/\/api.w.org\/{rel}","templated":true}]}}