{"id":1012,"date":"2018-07-01T22:43:25","date_gmt":"2018-07-02T01:43:25","guid":{"rendered":"https:\/\/ens7-caba.infd.edu.ar\/sitio\/?page_id=1012"},"modified":"2018-07-10T12:52:25","modified_gmt":"2018-07-10T15:52:25","slug":"programas-4o-ano-2015","status":"publish","type":"page","link":"https:\/\/ens7-caba.infd.edu.ar\/sitio\/programas-4o-ano-2015\/","title":{"rendered":"Programas 4\u00ba a\u00f1o 2015"},"content":{"rendered":"<p style=\"text-align: center;\"><span style=\"text-decoration: underline;\"><em><span style=\"font-family: arial, helvetica, sans-serif; font-size: 12pt;\">Importante<\/span><\/em><\/span><\/p>\n<p><em><span style=\"font-family: arial, helvetica, sans-serif; font-size: 12pt;\">Para poder imprimir los programas tienen que utilizar el navegador Mozilla. Buscar el programa e imprimir directamente del boton de impresi\u00f3n que muestra la p\u00e1gina.<\/span><\/em><\/p>\n<p><em><span style=\"font-family: arial, helvetica, sans-serif; font-size: 12pt;\">No podr\u00e1n imprimir el archivo si lo descargan.<\/span><\/em><\/p>\n<table id=\"table1\" border=\"0\">\n<tbody>\n<tr>\n<td style=\"border: 1px solid #000000; text-align: center;\"><strong>4\u00ba 1\u00ba<\/strong><\/td>\n<td style=\"border: 1px solid #000000; text-align: center;\"><strong>4\u00ba 2\u00ba<\/strong><\/td>\n<td style=\"border: 1px solid #000000; text-align: center;\"><strong>4\u00ba 3\u00ba<\/strong><\/td>\n<td style=\"border: 1px solid #000000; text-align: center;\"><strong>4\u00ba 4\u00ba<\/strong><\/td>\n<\/tr>\n<tr>\n<td style=\"border: 1px solid #000000; text-align: center;\"><a title=\"https:\/\/ens7-caba.infd.edu.ar\/aula\/archivos\/repositorio\/\/2000\/2079\/41_42_43_44__Lliteratura.pdf\" href=\"https:\/\/ens7-caba.infd.edu.ar\/aula\/archivos\/repositorio\/\/2000\/2079\/41_42_43_44__Lliteratura.pdf\" target=\"_NEW\">Literatura<\/a><\/td>\n<td style=\"border: 1px solid #000000; text-align: center;\"><a title=\"https:\/\/ens7-caba.infd.edu.ar\/aula\/archivos\/repositorio\/\/2000\/2079\/41_42_43_44__Lliteratura.pdf\" href=\"https:\/\/ens7-caba.infd.edu.ar\/aula\/archivos\/repositorio\/\/2000\/2079\/41_42_43_44__Lliteratura.pdf\" target=\"_NEW\">Literatura<\/a><\/td>\n<td style=\"border: 1px solid #000000; text-align: center;\"><a title=\"https:\/\/ens7-caba.infd.edu.ar\/aula\/archivos\/repositorio\/\/2000\/2079\/41_42_43_44__Lliteratura.pdf\" href=\"https:\/\/ens7-caba.infd.edu.ar\/aula\/archivos\/repositorio\/\/2000\/2079\/41_42_43_44__Lliteratura.pdf\" target=\"_NEW\">Lengua<\/a><\/td>\n<td style=\"border: 1px solid #000000; text-align: center;\"><a title=\"https:\/\/ens7-caba.infd.edu.ar\/aula\/archivos\/repositorio\/\/2000\/2079\/41_42_43_44__Lliteratura.pdf\" href=\"https:\/\/ens7-caba.infd.edu.ar\/aula\/archivos\/repositorio\/\/2000\/2079\/41_42_43_44__Lliteratura.pdf\" target=\"_NEW\">Lengua<\/a><\/td>\n<\/tr>\n<tr>\n<td style=\"border: 1px solid #000000; text-align: center;\"><a title=\"https:\/\/ens7-caba.infd.edu.ar\/aula\/archivos\/repositorio\/\/2000\/2133\/4franc_s.pdf\" href=\"https:\/\/ens7-caba.infd.edu.ar\/aula\/archivos\/repositorio\/\/2000\/2133\/4franc_s.pdf\" target=\"_NEW\">Franc\u00e9s<\/a>\/<a title=\"https:\/\/ens7-caba.infd.edu.ar\/aula\/archivos\/repositorio\/\/2000\/2080\/41_42_43_44_Ingl_s.pdf\" href=\"https:\/\/ens7-caba.infd.edu.ar\/aula\/archivos\/repositorio\/\/2000\/2080\/41_42_43_44_Ingl_s.pdf\" target=\"_NEW\">Ingl\u00e9s<\/a><\/td>\n<td style=\"border: 1px solid #000000; text-align: center;\"><a title=\"https:\/\/ens7-caba.infd.edu.ar\/aula\/archivos\/repositorio\/\/2000\/2067\/42Franc_s2015.pdf\" href=\"https:\/\/ens7-caba.infd.edu.ar\/aula\/archivos\/repositorio\/\/2000\/2067\/42Franc_s2015.pdf\" target=\"_NEW\">Franc\u00e9s<\/a>\/<a title=\"https:\/\/ens7-caba.infd.edu.ar\/aula\/archivos\/repositorio\/\/2000\/2062\/42ingl_s_2015.pdf\" href=\"https:\/\/ens7-caba.infd.edu.ar\/aula\/archivos\/repositorio\/\/2000\/2062\/42ingl_s_2015.pdf\" target=\"_NEW\">Ingl\u00e9s<\/a><\/td>\n<td style=\"border: 1px solid #000000; text-align: center;\"><a title=\"https:\/\/ens7-caba.infd.edu.ar\/aula\/archivos\/repositorio\/\/2000\/2133\/4franc_s.pdf\" href=\"https:\/\/ens7-caba.infd.edu.ar\/aula\/archivos\/repositorio\/\/2000\/2133\/4franc_s.pdf\" target=\"_NEW\">Franc\u00e9s<\/a>\/<a title=\"https:\/\/ens7-caba.infd.edu.ar\/aula\/archivos\/repositorio\/\/2000\/2080\/41_42_43_44_Ingl_s.pdf\" href=\"https:\/\/ens7-caba.infd.edu.ar\/aula\/archivos\/repositorio\/\/2000\/2080\/41_42_43_44_Ingl_s.pdf\" target=\"_NEW\">Ingl\u00e9s<\/a><\/td>\n<td style=\"border: 1px solid #000000; text-align: center;\">\u00a0<a title=\"https:\/\/ens7-caba.infd.edu.ar\/aula\/archivos\/repositorio\/\/2000\/2133\/4franc_s.pdf\" href=\"https:\/\/ens7-caba.infd.edu.ar\/aula\/archivos\/repositorio\/\/2000\/2133\/4franc_s.pdf\" target=\"_NEW\">Franc\u00e9s<\/a>\/<a title=\"https:\/\/ens7-caba.infd.edu.ar\/aula\/archivos\/repositorio\/\/2000\/2080\/41_42_43_44_Ingl_s.pdf\" href=\"https:\/\/ens7-caba.infd.edu.ar\/aula\/archivos\/repositorio\/\/2000\/2080\/41_42_43_44_Ingl_s.pdf\" target=\"_NEW\">Ingl\u00e9s<\/a><\/td>\n<\/tr>\n<tr>\n<td style=\"border: 1px solid #000000; text-align: center;\"><a title=\"https:\/\/ens7-caba.infd.edu.ar\/aula\/archivos\/repositorio\/\/2000\/2087\/41_42_43_44_Matem_tica.pdf\" href=\"https:\/\/ens7-caba.infd.edu.ar\/aula\/archivos\/repositorio\/\/2000\/2087\/41_42_43_44_Matem_tica.pdf\" target=\"_NEW\">Matem\u00e1tica<\/a><\/td>\n<td style=\"border: 1px solid #000000; text-align: center;\"><a title=\"https:\/\/ens7-caba.infd.edu.ar\/aula\/archivos\/repositorio\/\/2000\/2065\/42Biolog_a2015.pdf\" href=\"https:\/\/ens7-caba.infd.edu.ar\/aula\/archivos\/repositorio\/\/2000\/2065\/42Biolog_a2015.pdf\" target=\"_NEW\">Ciencias Biol\u00f3gicas<\/a><\/td>\n<td style=\"border: 1px solid #000000; text-align: center;\"><a title=\"https:\/\/ens7-caba.infd.edu.ar\/aula\/archivos\/repositorio\/\/2000\/2087\/41_42_43_44_Matem_tica.pdf\" href=\"https:\/\/ens7-caba.infd.edu.ar\/aula\/archivos\/repositorio\/\/2000\/2087\/41_42_43_44_Matem_tica.pdf\" target=\"_NEW\">Matem\u00e1tica<\/a><\/td>\n<td style=\"border: 1px solid #000000; text-align: center;\"><a title=\"https:\/\/ens7-caba.infd.edu.ar\/aula\/archivos\/repositorio\/\/2000\/2087\/41_42_43_44_Matem_tica.pdf\" href=\"https:\/\/ens7-caba.infd.edu.ar\/aula\/archivos\/repositorio\/\/2000\/2087\/41_42_43_44_Matem_tica.pdf\" target=\"_NEW\">Matem\u00e1tica<\/a><\/td>\n<\/tr>\n<tr>\n<td style=\"border: 1px solid #000000; text-align: center;\"><a title=\"https:\/\/ens7-caba.infd.edu.ar\/aula\/archivos\/repositorio\/\/2000\/2085\/41_42_F_sica.pdf\" href=\"https:\/\/ens7-caba.infd.edu.ar\/aula\/archivos\/repositorio\/\/2000\/2085\/41_42_F_sica.pdf\" target=\"_NEW\">F\u00edsica<\/a><\/td>\n<td style=\"border: 1px solid #000000; text-align: center;\"><a title=\"https:\/\/ens7-caba.infd.edu.ar\/aula\/archivos\/repositorio\/\/2000\/2087\/41_42_43_44_Matem_tica.pdf\" href=\"https:\/\/ens7-caba.infd.edu.ar\/aula\/archivos\/repositorio\/\/2000\/2087\/41_42_43_44_Matem_tica.pdf\" target=\"_NEW\">Matem\u00e1tica<\/a><\/td>\n<td style=\"border: 1px solid #000000; text-align: center;\"><a title=\"https:\/\/ens7-caba.infd.edu.ar\/aula\/archivos\/repositorio\/\/2000\/2134\/43f_sica.pdf\" href=\"https:\/\/ens7-caba.infd.edu.ar\/aula\/archivos\/repositorio\/\/2000\/2134\/43f_sica.pdf\" target=\"_NEW\">F\u00edsica<\/a><\/td>\n<td style=\"border: 1px solid #000000; text-align: center;\"><a title=\"https:\/\/ens7-caba.infd.edu.ar\/aula\/archivos\/repositorio\/\/2000\/2144\/44f_sica.pdf\" href=\"https:\/\/ens7-caba.infd.edu.ar\/aula\/archivos\/repositorio\/\/2000\/2144\/44f_sica.pdf\" target=\"_NEW\">F\u00edsica<\/a><\/td>\n<\/tr>\n<tr>\n<td style=\"border: 1px solid #000000; text-align: center;\"><a title=\"https:\/\/ens7-caba.infd.edu.ar\/aula\/archivos\/repositorio\/\/2000\/2083\/41_43_Qu_mica.pdf\" href=\"https:\/\/ens7-caba.infd.edu.ar\/aula\/archivos\/repositorio\/\/2000\/2083\/41_43_Qu_mica.pdf\" target=\"_NEW\">Qu\u00edmica<\/a><\/td>\n<td style=\"border: 1px solid #000000; text-align: center;\"><a title=\"https:\/\/ens7-caba.infd.edu.ar\/aula\/archivos\/repositorio\/\/2000\/2063\/42Geografia2015.pdf\" href=\"https:\/\/ens7-caba.infd.edu.ar\/aula\/archivos\/repositorio\/\/2000\/2063\/42Geografia2015.pdf\" target=\"_NEW\">Geograf\u00eda<\/a><\/td>\n<td style=\"border: 1px solid #000000; text-align: center;\"><a title=\"https:\/\/ens7-caba.infd.edu.ar\/aula\/archivos\/repositorio\/\/2000\/2136\/43historia.pdf\" href=\"https:\/\/ens7-caba.infd.edu.ar\/aula\/archivos\/repositorio\/\/2000\/2136\/43historia.pdf\" target=\"_NEW\">Historia<\/a><\/td>\n<td style=\"border: 1px solid #000000; text-align: center;\"><a title=\"https:\/\/ens7-caba.infd.edu.ar\/aula\/archivos\/repositorio\/\/2000\/2142\/44historia.pdf\" href=\"https:\/\/ens7-caba.infd.edu.ar\/aula\/archivos\/repositorio\/\/2000\/2142\/44historia.pdf\" target=\"_NEW\">Historia<\/a><\/td>\n<\/tr>\n<tr>\n<td style=\"border: 1px solid #000000; text-align: center;\"><a title=\"https:\/\/ens7-caba.infd.edu.ar\/aula\/archivos\/repositorio\/\/2000\/2082\/41_Ciencias_Biol_gicas.pdf\" href=\"https:\/\/ens7-caba.infd.edu.ar\/aula\/archivos\/repositorio\/\/2000\/2082\/41_Ciencias_Biol_gicas.pdf\" target=\"_NEW\">Ciencias Biol\u00f3gicas<\/a><\/td>\n<td style=\"border: 1px solid #000000; text-align: center;\"><a title=\"https:\/\/ens7-caba.infd.edu.ar\/aula\/archivos\/repositorio\/\/2000\/2060\/42_Historia_2015.pdf\" href=\"https:\/\/ens7-caba.infd.edu.ar\/aula\/archivos\/repositorio\/\/2000\/2060\/42_Historia_2015.pdf\" target=\"_NEW\">Historia<\/a><\/td>\n<td style=\"border: 1px solid #000000; text-align: center;\"><a title=\"https:\/\/ens7-caba.infd.edu.ar\/aula\/archivos\/repositorio\/\/2000\/2140\/43y44biolog_a.pdf\" href=\"https:\/\/ens7-caba.infd.edu.ar\/aula\/archivos\/repositorio\/\/2000\/2140\/43y44biolog_a.pdf\" target=\"_NEW\">Ciencias Biol\u00f3gicas<\/a><\/td>\n<td style=\"border: 1px solid #000000; text-align: center;\"><a title=\"https:\/\/ens7-caba.infd.edu.ar\/aula\/archivos\/repositorio\/\/2000\/2140\/43y44biolog_a.pdf\" href=\"https:\/\/ens7-caba.infd.edu.ar\/aula\/archivos\/repositorio\/\/2000\/2140\/43y44biolog_a.pdf\" target=\"_NEW\">Ciencias Biol\u00f3gicas<\/a><\/td>\n<\/tr>\n<tr>\n<td style=\"border: 1px solid #000000; text-align: center;\"><a title=\"https:\/\/ens7-caba.infd.edu.ar\/aula\/archivos\/repositorio\/\/2000\/2084\/41_Geograf_a.pdf\" href=\"https:\/\/ens7-caba.infd.edu.ar\/aula\/archivos\/repositorio\/\/2000\/2084\/41_Geograf_a.pdf\" target=\"_NEW\">Geograf\u00eda<\/a><\/td>\n<td style=\"border: 1px solid #000000; text-align: center;\"><a title=\"https:\/\/ens7-caba.infd.edu.ar\/aula\/archivos\/repositorio\/\/2000\/2066\/42ifisica.2015.pdf\" href=\"https:\/\/ens7-caba.infd.edu.ar\/aula\/archivos\/repositorio\/\/2000\/2066\/42ifisica.2015.pdf\" target=\"_NEW\">F\u00edsica<\/a><\/td>\n<td style=\"border: 1px solid #000000; text-align: center;\"><a title=\"https:\/\/ens7-caba.infd.edu.ar\/aula\/archivos\/repositorio\/\/2250\/2255\/4_3_4_4_psic_gral.pdf\" href=\"https:\/\/ens7-caba.infd.edu.ar\/aula\/archivos\/repositorio\/\/2250\/2255\/4_3_4_4_psic_gral.pdf\" target=\"_NEW\">Psicolog\u00eda General<\/a><\/td>\n<td style=\"border: 1px solid #000000; text-align: center;\"><a title=\"https:\/\/ens7-caba.infd.edu.ar\/aula\/archivos\/repositorio\/\/2250\/2255\/4_3_4_4_psic_gral.pdf\" href=\"https:\/\/ens7-caba.infd.edu.ar\/aula\/archivos\/repositorio\/\/2250\/2255\/4_3_4_4_psic_gral.pdf\" target=\"_NEW\">Psicolog\u00eda General<\/a><\/td>\n<\/tr>\n<tr>\n<td style=\"border: 1px solid #000000; text-align: center;\"><a title=\"https:\/\/ens7-caba.infd.edu.ar\/aula\/archivos\/repositorio\/\/2000\/2086\/41_Historia.pdf\" href=\"https:\/\/ens7-caba.infd.edu.ar\/aula\/archivos\/repositorio\/\/2000\/2086\/41_Historia.pdf\" target=\"_NEW\">Historia<\/a><\/td>\n<td style=\"border: 1px solid #000000; text-align: center;\"><a title=\"https:\/\/ens7-caba.infd.edu.ar\/aula\/archivos\/repositorio\/\/2000\/2083\/41_43_Qu_mica.pdf\" href=\"https:\/\/ens7-caba.infd.edu.ar\/aula\/archivos\/repositorio\/\/2000\/2083\/41_43_Qu_mica.pdf\" target=\"_NEW\">Qu\u00edmica<\/a><\/td>\n<td style=\"border: 1px solid #000000; text-align: center;\"><a title=\"https:\/\/ens7-caba.infd.edu.ar\/aula\/archivos\/repositorio\/\/2000\/2141\/43y44problem_tica_filos_fica.pdf\" href=\"https:\/\/ens7-caba.infd.edu.ar\/aula\/archivos\/repositorio\/\/2000\/2141\/43y44problem_tica_filos_fica.pdf\" target=\"_NEW\">Problem. Filos\u00f3fica<\/a><\/td>\n<td style=\"border: 1px solid #000000; text-align: center;\"><a title=\"https:\/\/ens7-caba.infd.edu.ar\/aula\/archivos\/repositorio\/\/2000\/2141\/43y44problem_tica_filos_fica.pdf\" href=\"https:\/\/ens7-caba.infd.edu.ar\/aula\/archivos\/repositorio\/\/2000\/2141\/43y44problem_tica_filos_fica.pdf\" target=\"_NEW\">Problem. Filos\u00f3fica<\/a><\/td>\n<\/tr>\n<tr>\n<td style=\"border: 1px solid #000000; text-align: center;\"><a title=\"https:\/\/ens7-caba.infd.edu.ar\/aula\/archivos\/repositorio\/\/2000\/2081\/41_42_M_sica.pdf\" href=\"https:\/\/ens7-caba.infd.edu.ar\/aula\/archivos\/repositorio\/\/2000\/2081\/41_42_M_sica.pdf\" target=\"_NEW\">M\u00fasica<\/a><\/td>\n<td style=\"border: 1px solid #000000; text-align: center;\"><a title=\"https:\/\/ens7-caba.infd.edu.ar\/aula\/archivos\/repositorio\/\/2000\/2068\/42_m_sica2015.pdf\" href=\"https:\/\/ens7-caba.infd.edu.ar\/aula\/archivos\/repositorio\/\/2000\/2068\/42_m_sica2015.pdf\" target=\"_NEW\">M\u00fasica<\/a><\/td>\n<td style=\"border: 1px solid #000000; text-align: center;\"><a title=\"https:\/\/ens7-caba.infd.edu.ar\/aula\/archivos\/repositorio\/\/2000\/2173\/43fundamentos_de_la_educaci_n.pdf\" href=\"https:\/\/ens7-caba.infd.edu.ar\/aula\/archivos\/repositorio\/\/2000\/2173\/43fundamentos_de_la_educaci_n.pdf\" target=\"_NEW\">Fundamentos de la Ed.<\/a><\/td>\n<td style=\"border: 1px solid #000000; text-align: center;\"><a title=\"https:\/\/ens7-caba.infd.edu.ar\/aula\/archivos\/repositorio\/\/2000\/2137\/44fundamentos_de_la_educaci_n.pdf\" href=\"https:\/\/ens7-caba.infd.edu.ar\/aula\/archivos\/repositorio\/\/2000\/2137\/44fundamentos_de_la_educaci_n.pdf\" target=\"_NEW\">Fundamentos de la Ed.<\/a><\/td>\n<\/tr>\n<tr>\n<td style=\"border: 1px solid #000000; text-align: center;\"><a title=\"https:\/\/ens7-caba.infd.edu.ar\/aula\/archivos\/repositorio\/\/2000\/2089\/41_Psicolog_a.pdf\" href=\"https:\/\/ens7-caba.infd.edu.ar\/aula\/archivos\/repositorio\/\/2000\/2089\/41_Psicolog_a.pdf\" target=\"_NEW\">Psicolog\u00eda General<\/a><\/td>\n<td style=\"border: 1px solid #000000; text-align: center;\"><a title=\"https:\/\/ens7-caba.infd.edu.ar\/aula\/archivos\/repositorio\/\/2000\/2064\/42_Instrucci_n_C_vica_2015.pdf\" href=\"https:\/\/ens7-caba.infd.edu.ar\/aula\/archivos\/repositorio\/\/2000\/2064\/42_Instrucci_n_C_vica_2015.pdf\" target=\"_NEW\">Instrucci\u00f3n C\u00edvica<\/a><\/td>\n<td style=\"border: 1px solid #000000; text-align: center;\"><a title=\"https:\/\/ens7-caba.infd.edu.ar\/aula\/archivos\/repositorio\/\/2000\/2190\/43y44educaci_n_pl_stica.pdf\" href=\"https:\/\/ens7-caba.infd.edu.ar\/aula\/archivos\/repositorio\/\/2000\/2190\/43y44educaci_n_pl_stica.pdf\" target=\"_NEW\">Educaci\u00f3n Pl\u00e1stica<\/a><\/td>\n<td style=\"border: 1px solid #000000; text-align: center;\"><a title=\"https:\/\/ens7-caba.infd.edu.ar\/aula\/archivos\/repositorio\/\/2000\/2135\/44educaci_n_p_stica.pdf\" href=\"https:\/\/ens7-caba.infd.edu.ar\/aula\/archivos\/repositorio\/\/2000\/2135\/44educaci_n_p_stica.pdf\" target=\"_NEW\">Educaci\u00f3n Pl\u00e1stica<\/a><\/td>\n<\/tr>\n<tr>\n<td style=\"border: 1px solid #000000; text-align: center;\"><a title=\"https:\/\/ens7-caba.infd.edu.ar\/aula\/archivos\/repositorio\/\/2000\/2192\/1a5_Educaci_n_F_sica2015.pdf\" href=\"https:\/\/ens7-caba.infd.edu.ar\/aula\/archivos\/repositorio\/\/2000\/2192\/1a5_Educaci_n_F_sica2015.pdf\" target=\"_NEW\">Educ. Est. F\u00edsica<\/a><\/td>\n<td style=\"border: 1px solid #000000; text-align: center;\"><a title=\"https:\/\/ens7-caba.infd.edu.ar\/aula\/archivos\/repositorio\/\/2000\/2061\/42psicologia2015.pdf\" href=\"https:\/\/ens7-caba.infd.edu.ar\/aula\/archivos\/repositorio\/\/2000\/2061\/42psicologia2015.pdf\" target=\"_NEW\">Psicolog\u00eda<\/a><\/td>\n<td style=\"border: 1px solid #000000; text-align: center;\"><a title=\"https:\/\/ens7-caba.infd.edu.ar\/aula\/archivos\/repositorio\/\/2000\/2192\/1a5_Educaci_n_F_sica2015.pdf\" href=\"https:\/\/ens7-caba.infd.edu.ar\/aula\/archivos\/repositorio\/\/2000\/2192\/1a5_Educaci_n_F_sica2015.pdf\" target=\"_NEW\">Educ. Est. F\u00edsica<\/a><\/td>\n<td style=\"border: 1px solid #000000; text-align: center;\"><a title=\"https:\/\/ens7-caba.infd.edu.ar\/aula\/archivos\/repositorio\/\/2000\/2192\/1a5_Educaci_n_F_sica2015.pdf\" href=\"https:\/\/ens7-caba.infd.edu.ar\/aula\/archivos\/repositorio\/\/2000\/2192\/1a5_Educaci_n_F_sica2015.pdf\" target=\"_NEW\">Educ. Est. F\u00edsica<\/a><\/td>\n<\/tr>\n<tr>\n<td style=\"border: 1px solid #000000; text-align: center;\"><a title=\"https:\/\/ens7-caba.infd.edu.ar\/aula\/archivos\/repositorio\/\/2000\/2088\/41_42_43_44__Inform_tica.pdf\" href=\"https:\/\/ens7-caba.infd.edu.ar\/aula\/archivos\/repositorio\/\/2000\/2088\/41_42_43_44__Inform_tica.pdf\" target=\"_NEW\">Inform\u00e1tica<\/a><\/td>\n<td style=\"border: 1px solid #000000; text-align: center;\"><a title=\"https:\/\/ens7-caba.infd.edu.ar\/aula\/archivos\/repositorio\/\/2000\/2192\/1a5_Educaci_n_F_sica2015.pdf\" href=\"https:\/\/ens7-caba.infd.edu.ar\/aula\/archivos\/repositorio\/\/2000\/2192\/1a5_Educaci_n_F_sica2015.pdf\" target=\"_NEW\">Educ. Est. F\u00edsica<\/a><\/td>\n<td style=\"border: 1px solid #000000; text-align: center;\"><a title=\"https:\/\/ens7-caba.infd.edu.ar\/aula\/archivos\/repositorio\/\/2000\/2088\/41_42_43_44__Inform_tica.pdf\" href=\"https:\/\/ens7-caba.infd.edu.ar\/aula\/archivos\/repositorio\/\/2000\/2088\/41_42_43_44__Inform_tica.pdf\" target=\"_NEW\">Inform\u00e1tica<\/a><\/td>\n<td style=\"border: 1px solid #000000; text-align: center;\"><a title=\"https:\/\/ens7-caba.infd.edu.ar\/aula\/archivos\/repositorio\/\/2000\/2088\/41_42_43_44__Inform_tica.pdf\" href=\"https:\/\/ens7-caba.infd.edu.ar\/aula\/archivos\/repositorio\/\/2000\/2088\/41_42_43_44__Inform_tica.pdf\" target=\"_NEW\">Inform\u00e1tica<\/a><\/td>\n<\/tr>\n<tr>\n<td width=\"26%\" height=\"18\"><\/td>\n<td style=\"border: 1px solid #050000; width: 22%; height: 18px;\">\n<p style=\"text-align: center;\"><a title=\"https:\/\/ens7-caba.infd.edu.ar\/aula\/archivos\/repositorio\/\/2000\/2088\/41_42_43_44__Inform_tica.pdf\" href=\"https:\/\/ens7-caba.infd.edu.ar\/aula\/archivos\/repositorio\/\/2000\/2088\/41_42_43_44__Inform_tica.pdf\" target=\"_NEW\">Inform\u00e1tica<\/a><\/p>\n<\/td>\n<td width=\"22%\" height=\"18\"><\/td>\n<\/tr>\n<\/tbody>\n<\/table>\n<p>&nbsp;<\/p>\n<p>&nbsp;<\/p>\n","protected":false},"excerpt":{"rendered":"<p>Importante Para poder imprimir los programas tienen que utilizar el navegador Mozilla. Buscar el programa e imprimir directamente del boton de impresi\u00f3n que muestra la p\u00e1gina. No podr\u00e1n imprimir el archivo si lo descargan. 4\u00ba 1\u00ba 4\u00ba 2\u00ba 4\u00ba 3\u00ba 4\u00ba 4\u00ba Literatura Literatura Lengua Lengua Franc\u00e9s\/Ingl\u00e9s Franc\u00e9s\/Ingl\u00e9s Franc\u00e9s\/Ingl\u00e9s \u00a0Franc\u00e9s\/Ingl\u00e9s Matem\u00e1tica Ciencias Biol\u00f3gicas Matem\u00e1tica Matem\u00e1tica &#8230; <a title=\"Programas 4\u00ba a\u00f1o 2015\" class=\"read-more\" href=\"https:\/\/ens7-caba.infd.edu.ar\/sitio\/programas-4o-ano-2015\/\" aria-label=\"More on Programas 4\u00ba a\u00f1o 2015\">[+]<\/a><\/p>\n","protected":false},"author":2274,"featured_media":0,"parent":0,"menu_order":0,"comment_status":"closed","ping_status":"closed","template":"","meta":[],"acf":[],"_links":{"self":[{"href":"https:\/\/ens7-caba.infd.edu.ar\/sitio\/wp-json\/wp\/v2\/pages\/1012"}],"collection":[{"href":"https:\/\/ens7-caba.infd.edu.ar\/sitio\/wp-json\/wp\/v2\/pages"}],"about":[{"href":"https:\/\/ens7-caba.infd.edu.ar\/sitio\/wp-json\/wp\/v2\/types\/page"}],"author":[{"embeddable":true,"href":"https:\/\/ens7-caba.infd.edu.ar\/sitio\/wp-json\/wp\/v2\/users\/2274"}],"replies":[{"embeddable":true,"href":"https:\/\/ens7-caba.infd.edu.ar\/sitio\/wp-json\/wp\/v2\/comments?post=1012"}],"version-history":[{"count":1,"href":"https:\/\/ens7-caba.infd.edu.ar\/sitio\/wp-json\/wp\/v2\/pages\/1012\/revisions"}],"predecessor-version":[{"id":1184,"href":"https:\/\/ens7-caba.infd.edu.ar\/sitio\/wp-json\/wp\/v2\/pages\/1012\/revisions\/1184"}],"wp:attachment":[{"href":"https:\/\/ens7-caba.infd.edu.ar\/sitio\/wp-json\/wp\/v2\/media?parent=1012"}],"curies":[{"name":"wp","href":"https:\/\/api.w.org\/{rel}","templated":true}]}}