{"id":1021,"date":"2018-07-01T22:12:10","date_gmt":"2018-07-02T01:12:10","guid":{"rendered":"https:\/\/ens7-caba.infd.edu.ar\/sitio\/?page_id=1021"},"modified":"2018-07-10T12:52:25","modified_gmt":"2018-07-10T15:52:25","slug":"programas-2o-ano-2016","status":"publish","type":"page","link":"https:\/\/ens7-caba.infd.edu.ar\/sitio\/programas-2o-ano-2016\/","title":{"rendered":"Programas 2\u00ba a\u00f1o 2016"},"content":{"rendered":"<table id=\"table1\" border=\"0\">\n<tbody>\n<tr>\n<td style=\"border: 1px solid #990000; text-align: center;\"><strong>2\u00ba 1\u00ba<\/strong><\/td>\n<td style=\"border: 1px solid #990000; text-align: center;\"><strong>2\u00ba 2\u00ba<\/strong><\/td>\n<td style=\"border: 1px solid #990000; text-align: center;\"><strong>2\u00ba 3\u00ba<\/strong><\/td>\n<td style=\"border: 1px solid #990000; text-align: center;\"><strong>2\u00ba 4\u00ba<\/strong><\/td>\n<\/tr>\n<tr>\n<td style=\"border: 1px solid #990000;\"><a title=\"https:\/\/ens7-caba.infd.edu.ar\/aula\/archivos\/repositorio\/\/2250\/2385\/2lengua.pdf\" href=\"https:\/\/ens7-caba.infd.edu.ar\/aula\/archivos\/repositorio\/\/2250\/2385\/2lengua.pdf\" target=\"_NEW\">Lengua y literatura<\/a><\/td>\n<td style=\"border: 1px solid #990000;\"><a title=\"https:\/\/ens7-caba.infd.edu.ar\/aula\/archivos\/repositorio\/\/2250\/2385\/2lengua.pdf\" href=\"https:\/\/ens7-caba.infd.edu.ar\/aula\/archivos\/repositorio\/\/2250\/2385\/2lengua.pdf\" target=\"_NEW\">Lengua y literatura<\/a><\/td>\n<td style=\"border: 1px solid #990000;\"><a title=\"https:\/\/ens7-caba.infd.edu.ar\/aula\/archivos\/repositorio\/\/2250\/2385\/2lengua.pdf\" href=\"https:\/\/ens7-caba.infd.edu.ar\/aula\/archivos\/repositorio\/\/2250\/2385\/2lengua.pdf\" target=\"_NEW\">Lengua y literatura<\/a><\/td>\n<td style=\"border: 1px solid #990000;\"><a title=\"https:\/\/ens7-caba.infd.edu.ar\/aula\/archivos\/repositorio\/\/2250\/2385\/2lengua.pdf\" href=\"https:\/\/ens7-caba.infd.edu.ar\/aula\/archivos\/repositorio\/\/2250\/2385\/2lengua.pdf\" target=\"_NEW\">Lengua y literatura<\/a><\/td>\n<\/tr>\n<tr>\n<td style=\"border: 1px solid #990000;\"><a title=\"https:\/\/ens7-caba.infd.edu.ar\/aula\/archivos\/repositorio\/\/2250\/2386\/2INGLES.pdf\" href=\"https:\/\/ens7-caba.infd.edu.ar\/aula\/archivos\/repositorio\/\/2250\/2386\/2INGLES.pdf\" target=\"_NEW\">Ingl\u00e9s<\/a><\/td>\n<td style=\"border: 1px solid #990000;\"><a title=\"https:\/\/ens7-caba.infd.edu.ar\/aula\/archivos\/repositorio\/\/2250\/2383\/2FRANCES.pdf\" href=\"https:\/\/ens7-caba.infd.edu.ar\/aula\/archivos\/repositorio\/\/2250\/2383\/2FRANCES.pdf\" target=\"_NEW\">Franc\u00e9s<\/a><\/td>\n<td style=\"border: 1px solid #990000;\"><a title=\"https:\/\/ens7-caba.infd.edu.ar\/aula\/archivos\/repositorio\/\/2250\/2386\/2INGLES.pdf\" href=\"https:\/\/ens7-caba.infd.edu.ar\/aula\/archivos\/repositorio\/\/2250\/2386\/2INGLES.pdf\" target=\"_NEW\">Ingl\u00e9s<\/a><\/td>\n<td style=\"border: 1px solid #990000;\"><a title=\"https:\/\/ens7-caba.infd.edu.ar\/aula\/archivos\/repositorio\/\/2250\/2383\/2FRANCES.pdf\" href=\"https:\/\/ens7-caba.infd.edu.ar\/aula\/archivos\/repositorio\/\/2250\/2383\/2FRANCES.pdf\" target=\"_NEW\">Franc\u00e9s<\/a><\/td>\n<\/tr>\n<tr>\n<td style=\"border: 1px solid #990000;\"><a title=\"https:\/\/ens7-caba.infd.edu.ar\/aula\/archivos\/repositorio\/\/2250\/2376\/2matematica.pdf\" href=\"https:\/\/ens7-caba.infd.edu.ar\/aula\/archivos\/repositorio\/\/2250\/2376\/2matematica.pdf\" target=\"_NEW\">Matem\u00e1tica<\/a><\/td>\n<td style=\"border: 1px solid #990000;\"><a title=\"https:\/\/ens7-caba.infd.edu.ar\/aula\/archivos\/repositorio\/\/2250\/2376\/2matematica.pdf\" href=\"https:\/\/ens7-caba.infd.edu.ar\/aula\/archivos\/repositorio\/\/2250\/2376\/2matematica.pdf\" target=\"_NEW\">Matem\u00e1tica<\/a><\/td>\n<td style=\"border: 1px solid #990000;\"><a title=\"https:\/\/ens7-caba.infd.edu.ar\/aula\/archivos\/repositorio\/\/2250\/2376\/2matematica.pdf\" href=\"https:\/\/ens7-caba.infd.edu.ar\/aula\/archivos\/repositorio\/\/2250\/2376\/2matematica.pdf\" target=\"_NEW\">Matem\u00e1tica<\/a><\/td>\n<td style=\"border: 1px solid #990000;\"><a title=\"https:\/\/ens7-caba.infd.edu.ar\/aula\/archivos\/repositorio\/\/2250\/2376\/2matematica.pdf\" href=\"https:\/\/ens7-caba.infd.edu.ar\/aula\/archivos\/repositorio\/\/2250\/2376\/2matematica.pdf\" target=\"_NEW\">Matem\u00e1tica<\/a><\/td>\n<\/tr>\n<tr>\n<td style=\"border: 1px solid #990000;\"><a title=\"https:\/\/ens7-caba.infd.edu.ar\/aula\/archivos\/repositorio\/\/2250\/2379\/2Biologia.pdf\" href=\"https:\/\/ens7-caba.infd.edu.ar\/aula\/archivos\/repositorio\/\/2250\/2379\/2Biologia.pdf\" target=\"_NEW\">Biolog\u00eda<\/a><\/td>\n<td style=\"border: 1px solid #990000;\"><a title=\"https:\/\/ens7-caba.infd.edu.ar\/aula\/archivos\/repositorio\/\/2250\/2379\/2Biologia.pdf\" href=\"https:\/\/ens7-caba.infd.edu.ar\/aula\/archivos\/repositorio\/\/2250\/2379\/2Biologia.pdf\" target=\"_NEW\">Biolog\u00eda<\/a><\/td>\n<td style=\"border: 1px solid #990000;\"><a title=\"https:\/\/ens7-caba.infd.edu.ar\/aula\/archivos\/repositorio\/\/2250\/2379\/2Biologia.pdf\" href=\"https:\/\/ens7-caba.infd.edu.ar\/aula\/archivos\/repositorio\/\/2250\/2379\/2Biologia.pdf\" target=\"_NEW\">Biolog\u00eda<\/a><\/td>\n<td style=\"border: 1px solid #990000;\"><a title=\"https:\/\/ens7-caba.infd.edu.ar\/aula\/archivos\/repositorio\/\/2250\/2379\/2Biologia.pdf\" href=\"https:\/\/ens7-caba.infd.edu.ar\/aula\/archivos\/repositorio\/\/2250\/2379\/2Biologia.pdf\" target=\"_NEW\">Biolog\u00eda<\/a><\/td>\n<\/tr>\n<tr>\n<td style=\"border: 1px solid #990000;\"><a title=\"https:\/\/ens7-caba.infd.edu.ar\/aula\/archivos\/repositorio\/\/2250\/2366\/21222324_Geografia.pdf\" href=\"https:\/\/ens7-caba.infd.edu.ar\/aula\/archivos\/repositorio\/\/2250\/2366\/21222324_Geografia.pdf\" target=\"_NEW\">Geograf\u00eda<\/a><\/td>\n<td style=\"border: 1px solid #990000;\"><a title=\"https:\/\/ens7-caba.infd.edu.ar\/aula\/archivos\/repositorio\/\/2250\/2366\/21222324_Geografia.pdf\" href=\"https:\/\/ens7-caba.infd.edu.ar\/aula\/archivos\/repositorio\/\/2250\/2366\/21222324_Geografia.pdf\" target=\"_NEW\">Geograf\u00eda<\/a><\/td>\n<td style=\"border: 1px solid #990000;\"><a title=\"https:\/\/ens7-caba.infd.edu.ar\/aula\/archivos\/repositorio\/\/2250\/2366\/21222324_Geografia.pdf\" href=\"https:\/\/ens7-caba.infd.edu.ar\/aula\/archivos\/repositorio\/\/2250\/2366\/21222324_Geografia.pdf\" target=\"_NEW\">Geograf\u00eda<\/a><\/td>\n<td style=\"border: 1px solid #990000;\"><a title=\"https:\/\/ens7-caba.infd.edu.ar\/aula\/archivos\/repositorio\/\/2250\/2366\/21222324_Geografia.pdf\" href=\"https:\/\/ens7-caba.infd.edu.ar\/aula\/archivos\/repositorio\/\/2250\/2366\/21222324_Geografia.pdf\" target=\"_NEW\">Geograf\u00eda<\/a><\/td>\n<\/tr>\n<tr>\n<td style=\"border: 1px solid #990000;\"><a title=\"https:\/\/ens7-caba.infd.edu.ar\/aula\/archivos\/repositorio\/\/2250\/2369\/21222324_Historia.pdf\" href=\"https:\/\/ens7-caba.infd.edu.ar\/aula\/archivos\/repositorio\/\/2250\/2369\/21222324_Historia.pdf\" target=\"_NEW\">Historia<\/a><\/td>\n<td style=\"border: 1px solid #990000;\"><a title=\"https:\/\/ens7-caba.infd.edu.ar\/aula\/archivos\/repositorio\/\/2250\/2369\/21222324_Historia.pdf\" href=\"https:\/\/ens7-caba.infd.edu.ar\/aula\/archivos\/repositorio\/\/2250\/2369\/21222324_Historia.pdf\" target=\"_NEW\">Historia<\/a><\/td>\n<td style=\"border: 1px solid #990000;\"><a title=\"https:\/\/ens7-caba.infd.edu.ar\/aula\/archivos\/repositorio\/\/2250\/2369\/21222324_Historia.pdf\" href=\"https:\/\/ens7-caba.infd.edu.ar\/aula\/archivos\/repositorio\/\/2250\/2369\/21222324_Historia.pdf\" target=\"_NEW\">Historia<\/a><\/td>\n<td style=\"border: 1px solid #990000;\"><a title=\"https:\/\/ens7-caba.infd.edu.ar\/aula\/archivos\/repositorio\/\/2250\/2369\/21222324_Historia.pdf\" href=\"https:\/\/ens7-caba.infd.edu.ar\/aula\/archivos\/repositorio\/\/2250\/2369\/21222324_Historia.pdf\" target=\"_NEW\">Historia<\/a><\/td>\n<\/tr>\n<tr>\n<td style=\"border: 1px solid #990000;\"><a title=\"https:\/\/ens7-caba.infd.edu.ar\/aula\/archivos\/repositorio\/\/2250\/2367\/21222324_Educacion_Ciudadana.pdf\" href=\"https:\/\/ens7-caba.infd.edu.ar\/aula\/archivos\/repositorio\/\/2250\/2367\/21222324_Educacion_Ciudadana.pdf\" target=\"_NEW\">Ed. C\u00edudadana<\/a><\/td>\n<td style=\"border: 1px solid #990000;\"><a title=\"https:\/\/ens7-caba.infd.edu.ar\/aula\/archivos\/repositorio\/\/2250\/2367\/21222324_Educacion_Ciudadana.pdf\" href=\"https:\/\/ens7-caba.infd.edu.ar\/aula\/archivos\/repositorio\/\/2250\/2367\/21222324_Educacion_Ciudadana.pdf\" target=\"_NEW\">Ed. C\u00edudadana<\/a><\/td>\n<td style=\"border: 1px solid #990000;\"><a title=\"https:\/\/ens7-caba.infd.edu.ar\/aula\/archivos\/repositorio\/\/2250\/2367\/21222324_Educacion_Ciudadana.pdf\" href=\"https:\/\/ens7-caba.infd.edu.ar\/aula\/archivos\/repositorio\/\/2250\/2367\/21222324_Educacion_Ciudadana.pdf\" target=\"_NEW\">Ed. C\u00edudadana<\/a><\/td>\n<td style=\"border: 1px solid #990000;\"><a title=\"https:\/\/ens7-caba.infd.edu.ar\/aula\/archivos\/repositorio\/\/2250\/2367\/21222324_Educacion_Ciudadana.pdf\" href=\"https:\/\/ens7-caba.infd.edu.ar\/aula\/archivos\/repositorio\/\/2250\/2367\/21222324_Educacion_Ciudadana.pdf\" target=\"_NEW\">Ed. C\u00edudadana<\/a><\/td>\n<\/tr>\n<tr>\n<td style=\"border: 1px solid #990000;\"><a title=\"https:\/\/ens7-caba.infd.edu.ar\/aula\/archivos\/repositorio\/\/2250\/2414\/2ARTES-MUSICA.pdf\" href=\"https:\/\/ens7-caba.infd.edu.ar\/aula\/archivos\/repositorio\/\/2250\/2414\/2ARTES-MUSICA.pdf\" target=\"_NEW\">Artes-M\u00fasica<\/a><\/td>\n<td style=\"border: 1px solid #990000;\"><a title=\"https:\/\/ens7-caba.infd.edu.ar\/aula\/archivos\/repositorio\/\/2250\/2414\/2ARTES-MUSICA.pdf\" href=\"https:\/\/ens7-caba.infd.edu.ar\/aula\/archivos\/repositorio\/\/2250\/2414\/2ARTES-MUSICA.pdf\" target=\"_NEW\">Artes-M\u00fasica<\/a><\/td>\n<td style=\"border: 1px solid #990000;\"><a title=\"https:\/\/ens7-caba.infd.edu.ar\/aula\/archivos\/repositorio\/\/2250\/2414\/2ARTES-MUSICA.pdf\" href=\"https:\/\/ens7-caba.infd.edu.ar\/aula\/archivos\/repositorio\/\/2250\/2414\/2ARTES-MUSICA.pdf\" target=\"_NEW\">Artes-M\u00fasica<\/a><\/td>\n<td style=\"border: 1px solid #990000;\"><a title=\"https:\/\/ens7-caba.infd.edu.ar\/aula\/archivos\/repositorio\/\/2250\/2414\/2ARTES-MUSICA.pdf\" href=\"https:\/\/ens7-caba.infd.edu.ar\/aula\/archivos\/repositorio\/\/2250\/2414\/2ARTES-MUSICA.pdf\" target=\"_NEW\">Artes-M\u00fasica<\/a><\/td>\n<\/tr>\n<tr>\n<td style=\"border: 1px solid #990000;\"><a title=\"https:\/\/ens7-caba.infd.edu.ar\/aula\/archivos\/repositorio\/\/2250\/2371\/212324_Educacion_Tecnologica.pdf\" href=\"https:\/\/ens7-caba.infd.edu.ar\/aula\/archivos\/repositorio\/\/2250\/2371\/212324_Educacion_Tecnologica.pdf\" target=\"_NEW\">Ed. Tecnol\u00f3gica<\/a><\/td>\n<td style=\"border: 1px solid #990000;\"><a title=\"https:\/\/ens7-caba.infd.edu.ar\/aula\/archivos\/repositorio\/\/2250\/2365\/22_educacion_tecnologica.pdf\" href=\"https:\/\/ens7-caba.infd.edu.ar\/aula\/archivos\/repositorio\/\/2250\/2365\/22_educacion_tecnologica.pdf\" target=\"_NEW\">Ed. Tecnol\u00f3gica<\/a><\/td>\n<td style=\"border: 1px solid #990000;\"><a title=\"https:\/\/ens7-caba.infd.edu.ar\/aula\/archivos\/repositorio\/\/2250\/2371\/212324_Educacion_Tecnologica.pdf\" href=\"https:\/\/ens7-caba.infd.edu.ar\/aula\/archivos\/repositorio\/\/2250\/2371\/212324_Educacion_Tecnologica.pdf\" target=\"_NEW\">Ed. Tecnol\u00f3gica<\/a><\/td>\n<td style=\"border: 1px solid #990000;\"><a title=\"https:\/\/ens7-caba.infd.edu.ar\/aula\/archivos\/repositorio\/\/2250\/2371\/212324_Educacion_Tecnologica.pdf\" href=\"https:\/\/ens7-caba.infd.edu.ar\/aula\/archivos\/repositorio\/\/2250\/2371\/212324_Educacion_Tecnologica.pdf\" target=\"_NEW\">Ed. Tecnol\u00f3gica<\/a><\/td>\n<\/tr>\n<tr>\n<td style=\"border: 1px solid #990000;\"><a title=\"https:\/\/ens7-caba.infd.edu.ar\/aula\/archivos\/repositorio\/\/2250\/2411\/212324ARTESVISUALES.pdf\" href=\"https:\/\/ens7-caba.infd.edu.ar\/aula\/archivos\/repositorio\/\/2250\/2411\/212324ARTESVISUALES.pdf\" target=\"_NEW\">Artes visuales<\/a><\/td>\n<td style=\"border: 1px solid #990000;\"><a title=\"https:\/\/ens7-caba.infd.edu.ar\/aula\/archivos\/repositorio\/\/2250\/2409\/22ARTESVISUALES.pdf\" href=\"https:\/\/ens7-caba.infd.edu.ar\/aula\/archivos\/repositorio\/\/2250\/2409\/22ARTESVISUALES.pdf\" target=\"_NEW\">Artes visuales<\/a><\/td>\n<td style=\"border: 1px solid #990000;\"><a title=\"https:\/\/ens7-caba.infd.edu.ar\/aula\/archivos\/repositorio\/\/2250\/2411\/212324ARTESVISUALES.pdf\" href=\"https:\/\/ens7-caba.infd.edu.ar\/aula\/archivos\/repositorio\/\/2250\/2411\/212324ARTESVISUALES.pdf\" target=\"_NEW\">Artes visuales<\/a><\/td>\n<td style=\"border: 1px solid #990000;\"><a title=\"https:\/\/ens7-caba.infd.edu.ar\/aula\/archivos\/repositorio\/\/2250\/2411\/212324ARTESVISUALES.pdf\" href=\"https:\/\/ens7-caba.infd.edu.ar\/aula\/archivos\/repositorio\/\/2250\/2411\/212324ARTESVISUALES.pdf\" target=\"_NEW\">Artes visuales<\/a><\/td>\n<\/tr>\n<tr>\n<td style=\"border: 1px solid #990000;\"><a title=\"https:\/\/ens7-caba.infd.edu.ar\/aula\/archivos\/repositorio\/\/2500\/2565\/1a5EdFisica.pdf\" href=\"https:\/\/ens7-caba.infd.edu.ar\/aula\/archivos\/repositorio\/\/2500\/2565\/1a5EdFisica.pdf\" target=\"_NEW\">Ed. F\u00edsica<\/a><\/td>\n<td style=\"border: 1px solid #990000;\"><a title=\"https:\/\/ens7-caba.infd.edu.ar\/aula\/archivos\/repositorio\/\/2500\/2565\/1a5EdFisica.pdf\" href=\"https:\/\/ens7-caba.infd.edu.ar\/aula\/archivos\/repositorio\/\/2500\/2565\/1a5EdFisica.pdf\" target=\"_NEW\">Ed. F\u00edsica<\/a><\/td>\n<td style=\"border: 1px solid #990000;\"><a title=\"https:\/\/ens7-caba.infd.edu.ar\/aula\/archivos\/repositorio\/\/2500\/2565\/1a5EdFisica.pdf\" href=\"https:\/\/ens7-caba.infd.edu.ar\/aula\/archivos\/repositorio\/\/2500\/2565\/1a5EdFisica.pdf\" target=\"_NEW\">Ed. F\u00edsica<\/a><\/td>\n<td style=\"border: 1px solid #990000;\"><a title=\"https:\/\/ens7-caba.infd.edu.ar\/aula\/archivos\/repositorio\/\/2500\/2565\/1a5EdFisica.pdf\" href=\"https:\/\/ens7-caba.infd.edu.ar\/aula\/archivos\/repositorio\/\/2500\/2565\/1a5EdFisica.pdf\" target=\"_NEW\">Ed. F\u00edsica<\/a><\/td>\n<\/tr>\n<\/tbody>\n<\/table>\n","protected":false},"excerpt":{"rendered":"<p>2\u00ba 1\u00ba 2\u00ba 2\u00ba 2\u00ba 3\u00ba 2\u00ba 4\u00ba Lengua y literatura Lengua y literatura Lengua y literatura Lengua y literatura Ingl\u00e9s Franc\u00e9s Ingl\u00e9s Franc\u00e9s Matem\u00e1tica Matem\u00e1tica Matem\u00e1tica Matem\u00e1tica Biolog\u00eda Biolog\u00eda Biolog\u00eda Biolog\u00eda Geograf\u00eda Geograf\u00eda Geograf\u00eda Geograf\u00eda Historia Historia Historia Historia Ed. C\u00edudadana Ed. C\u00edudadana Ed. C\u00edudadana Ed. C\u00edudadana Artes-M\u00fasica Artes-M\u00fasica Artes-M\u00fasica Artes-M\u00fasica Ed. Tecnol\u00f3gica Ed. &#8230; <a title=\"Programas 2\u00ba a\u00f1o 2016\" class=\"read-more\" href=\"https:\/\/ens7-caba.infd.edu.ar\/sitio\/programas-2o-ano-2016\/\" aria-label=\"More on Programas 2\u00ba a\u00f1o 2016\">[+]<\/a><\/p>\n","protected":false},"author":2274,"featured_media":0,"parent":0,"menu_order":0,"comment_status":"closed","ping_status":"closed","template":"","meta":[],"acf":[],"_links":{"self":[{"href":"https:\/\/ens7-caba.infd.edu.ar\/sitio\/wp-json\/wp\/v2\/pages\/1021"}],"collection":[{"href":"https:\/\/ens7-caba.infd.edu.ar\/sitio\/wp-json\/wp\/v2\/pages"}],"about":[{"href":"https:\/\/ens7-caba.infd.edu.ar\/sitio\/wp-json\/wp\/v2\/types\/page"}],"author":[{"embeddable":true,"href":"https:\/\/ens7-caba.infd.edu.ar\/sitio\/wp-json\/wp\/v2\/users\/2274"}],"replies":[{"embeddable":true,"href":"https:\/\/ens7-caba.infd.edu.ar\/sitio\/wp-json\/wp\/v2\/comments?post=1021"}],"version-history":[{"count":1,"href":"https:\/\/ens7-caba.infd.edu.ar\/sitio\/wp-json\/wp\/v2\/pages\/1021\/revisions"}],"predecessor-version":[{"id":1165,"href":"https:\/\/ens7-caba.infd.edu.ar\/sitio\/wp-json\/wp\/v2\/pages\/1021\/revisions\/1165"}],"wp:attachment":[{"href":"https:\/\/ens7-caba.infd.edu.ar\/sitio\/wp-json\/wp\/v2\/media?parent=1021"}],"curies":[{"name":"wp","href":"https:\/\/api.w.org\/{rel}","templated":true}]}}