{"id":1023,"date":"2018-07-01T22:44:34","date_gmt":"2018-07-02T01:44:34","guid":{"rendered":"https:\/\/ens7-caba.infd.edu.ar\/sitio\/?page_id=1023"},"modified":"2018-07-10T12:52:25","modified_gmt":"2018-07-10T15:52:25","slug":"programas-4o-ano-2016","status":"publish","type":"page","link":"https:\/\/ens7-caba.infd.edu.ar\/sitio\/programas-4o-ano-2016\/","title":{"rendered":"Programas 4\u00ba a\u00f1o 2016"},"content":{"rendered":"<table id=\"table1\" border=\"0\">\n<tbody>\n<tr>\n<td style=\"border: 1px solid #990000; text-align: center;\"><strong>4\u00ba 1\u00ba<\/strong><\/td>\n<td style=\"border: 1px solid #990000; text-align: center;\"><strong>4\u00ba 2\u00ba<\/strong><\/td>\n<td style=\"border: 1px solid #990000; text-align: center;\"><strong>4\u00ba 3\u00ba<\/strong><\/td>\n<td style=\"border: 1px solid #990000; text-align: center;\"><strong>4\u00ba 4\u00ba<\/strong><\/td>\n<\/tr>\n<tr>\n<td style=\"border: 1px solid #990000;\"><a title=\"https:\/\/ens7-caba.infd.edu.ar\/aula\/archivos\/repositorio\/\/2250\/2496\/4lenguayliteratura.pdf\" href=\"https:\/\/ens7-caba.infd.edu.ar\/aula\/archivos\/repositorio\/\/2250\/2496\/4lenguayliteratura.pdf\" target=\"_NEW\">Lengua y Literatura<\/a><\/td>\n<td style=\"border: 1px solid #990000;\"><a title=\"https:\/\/ens7-caba.infd.edu.ar\/aula\/archivos\/repositorio\/\/2250\/2496\/4lenguayliteratura.pdf\" href=\"https:\/\/ens7-caba.infd.edu.ar\/aula\/archivos\/repositorio\/\/2250\/2496\/4lenguayliteratura.pdf\" target=\"_NEW\">Lengua y Literatura<\/a><\/td>\n<td style=\"border: 1px solid #990000;\"><a title=\"https:\/\/ens7-caba.infd.edu.ar\/aula\/archivos\/repositorio\/\/2250\/2496\/4lenguayliteratura.pdf\" href=\"https:\/\/ens7-caba.infd.edu.ar\/aula\/archivos\/repositorio\/\/2250\/2496\/4lenguayliteratura.pdf\" target=\"_NEW\">Lengua\u00a0y Literatura<\/a><\/td>\n<td style=\"border: 1px solid #990000;\"><a title=\"https:\/\/ens7-caba.infd.edu.ar\/aula\/archivos\/repositorio\/\/2250\/2496\/4lenguayliteratura.pdf\" href=\"https:\/\/ens7-caba.infd.edu.ar\/aula\/archivos\/repositorio\/\/2250\/2496\/4lenguayliteratura.pdf\" target=\"_NEW\">Lengua\u00a0y Literatura<\/a><\/td>\n<\/tr>\n<tr>\n<td style=\"border: 1px solid #990000;\"><a title=\"https:\/\/ens7-caba.infd.edu.ar\/aula\/archivos\/repositorio\/\/2250\/2347\/4frances.pdf\" href=\"https:\/\/ens7-caba.infd.edu.ar\/aula\/archivos\/repositorio\/\/2250\/2347\/4frances.pdf\" target=\"_NEW\">Franc\u00e9s<\/a>\/<a title=\"https:\/\/ens7-caba.infd.edu.ar\/aula\/archivos\/repositorio\/\/2250\/2492\/4ingles.pdf\" href=\"https:\/\/ens7-caba.infd.edu.ar\/aula\/archivos\/repositorio\/\/2250\/2492\/4ingles.pdf\" target=\"_NEW\">Ingl\u00e9s<\/a><\/td>\n<td style=\"border: 1px solid #990000;\"><a title=\"https:\/\/ens7-caba.infd.edu.ar\/aula\/archivos\/repositorio\/\/2250\/2347\/4frances.pdf\" href=\"https:\/\/ens7-caba.infd.edu.ar\/aula\/archivos\/repositorio\/\/2250\/2347\/4frances.pdf\" target=\"_NEW\">Franc\u00e9s<\/a>\/<a title=\"https:\/\/ens7-caba.infd.edu.ar\/aula\/archivos\/repositorio\/\/2250\/2492\/4ingles.pdf\" href=\"https:\/\/ens7-caba.infd.edu.ar\/aula\/archivos\/repositorio\/\/2250\/2492\/4ingles.pdf\" target=\"_NEW\">Ingl\u00e9s<\/a><\/td>\n<td style=\"border: 1px solid #990000;\"><a title=\"https:\/\/ens7-caba.infd.edu.ar\/aula\/archivos\/repositorio\/\/2250\/2347\/4frances.pdf\" href=\"https:\/\/ens7-caba.infd.edu.ar\/aula\/archivos\/repositorio\/\/2250\/2347\/4frances.pdf\" target=\"_NEW\">Franc\u00e9s<\/a>\/<a title=\"https:\/\/ens7-caba.infd.edu.ar\/aula\/archivos\/repositorio\/\/2250\/2492\/4ingles.pdf\" href=\"https:\/\/ens7-caba.infd.edu.ar\/aula\/archivos\/repositorio\/\/2250\/2492\/4ingles.pdf\" target=\"_NEW\">Ingl\u00e9s<\/a><\/td>\n<td style=\"border: 1px solid #990000;\"><a title=\"https:\/\/ens7-caba.infd.edu.ar\/aula\/archivos\/repositorio\/\/2250\/2347\/4frances.pdf\" href=\"https:\/\/ens7-caba.infd.edu.ar\/aula\/archivos\/repositorio\/\/2250\/2347\/4frances.pdf\" target=\"_NEW\">Franc\u00e9s<\/a>\/<a title=\"https:\/\/ens7-caba.infd.edu.ar\/aula\/archivos\/repositorio\/\/2250\/2492\/4ingles.pdf\" href=\"https:\/\/ens7-caba.infd.edu.ar\/aula\/archivos\/repositorio\/\/2250\/2492\/4ingles.pdf\" target=\"_NEW\">Ingl\u00e9s<\/a><\/td>\n<\/tr>\n<tr>\n<td style=\"border: 1px solid #990000;\"><a title=\"https:\/\/ens7-caba.infd.edu.ar\/aula\/archivos\/repositorio\/\/2250\/2343\/4_Matematica.pdf\" href=\"https:\/\/ens7-caba.infd.edu.ar\/aula\/archivos\/repositorio\/\/2250\/2343\/4_Matematica.pdf\" target=\"_NEW\">Matem\u00e1tica<\/a><\/td>\n<td style=\"border: 1px solid #990000;\"><a title=\"https:\/\/ens7-caba.infd.edu.ar\/aula\/archivos\/repositorio\/\/2250\/2343\/4_Matematica.pdf\" href=\"https:\/\/ens7-caba.infd.edu.ar\/aula\/archivos\/repositorio\/\/2250\/2343\/4_Matematica.pdf\" target=\"_NEW\">Matem\u00e1tica<\/a><\/td>\n<td style=\"border: 1px solid #990000;\"><a title=\"https:\/\/ens7-caba.infd.edu.ar\/aula\/archivos\/repositorio\/\/2250\/2343\/4_Matematica.pdf\" href=\"https:\/\/ens7-caba.infd.edu.ar\/aula\/archivos\/repositorio\/\/2250\/2343\/4_Matematica.pdf\" target=\"_NEW\">Matem\u00e1tica<\/a><\/td>\n<td style=\"border: 1px solid #990000;\"><a title=\"https:\/\/ens7-caba.infd.edu.ar\/aula\/archivos\/repositorio\/\/2250\/2343\/4_Matematica.pdf\" href=\"https:\/\/ens7-caba.infd.edu.ar\/aula\/archivos\/repositorio\/\/2250\/2343\/4_Matematica.pdf\" target=\"_NEW\">Matem\u00e1tica<\/a><\/td>\n<\/tr>\n<tr>\n<td style=\"border: 1px solid #990000;\"><a title=\"https:\/\/ens7-caba.infd.edu.ar\/aula\/archivos\/repositorio\/\/2250\/2340\/41y42y44fisica.pdf\" href=\"https:\/\/ens7-caba.infd.edu.ar\/aula\/archivos\/repositorio\/\/2250\/2340\/41y42y44fisica.pdf\" target=\"_NEW\">F\u00edsica<\/a><\/td>\n<td style=\"border: 1px solid #990000;\"><a title=\"https:\/\/ens7-caba.infd.edu.ar\/aula\/archivos\/repositorio\/\/2250\/2340\/41y42y44fisica.pdf\" href=\"https:\/\/ens7-caba.infd.edu.ar\/aula\/archivos\/repositorio\/\/2250\/2340\/41y42y44fisica.pdf\" target=\"_NEW\">F\u00edsica<\/a><\/td>\n<td style=\"border: 1px solid #990000;\"><a title=\"https:\/\/ens7-caba.infd.edu.ar\/aula\/archivos\/repositorio\/\/2250\/2493\/43fisica.pdf\" href=\"https:\/\/ens7-caba.infd.edu.ar\/aula\/archivos\/repositorio\/\/2250\/2493\/43fisica.pdf\" target=\"_NEW\">F\u00edsica<\/a><\/td>\n<td style=\"border: 1px solid #990000;\"><a title=\"https:\/\/ens7-caba.infd.edu.ar\/aula\/archivos\/repositorio\/\/2250\/2340\/41y42y44fisica.pdf\" href=\"https:\/\/ens7-caba.infd.edu.ar\/aula\/archivos\/repositorio\/\/2250\/2340\/41y42y44fisica.pdf\" target=\"_NEW\">F\u00edsica<\/a><\/td>\n<\/tr>\n<tr>\n<td style=\"border: 1px solid #990000;\"><a title=\"https:\/\/ens7-caba.infd.edu.ar\/aula\/archivos\/repositorio\/\/2500\/2558\/4142Quimica.pdf\" href=\"https:\/\/ens7-caba.infd.edu.ar\/aula\/archivos\/repositorio\/\/2500\/2558\/4142Quimica.pdf\" target=\"_NEW\">Qu\u00edmica<\/a><\/td>\n<td style=\"border: 1px solid #990000;\"><a title=\"https:\/\/ens7-caba.infd.edu.ar\/aula\/archivos\/repositorio\/\/2500\/2558\/4142Quimica.pdf\" href=\"https:\/\/ens7-caba.infd.edu.ar\/aula\/archivos\/repositorio\/\/2500\/2558\/4142Quimica.pdf\" target=\"_NEW\">Qu\u00edmica<\/a><\/td>\n<td style=\"border: 1px solid #990000;\"><a title=\"https:\/\/ens7-caba.infd.edu.ar\/aula\/archivos\/repositorio\/\/2250\/2497\/43y44_Programa_Problematica_Filosofica.pdf\" href=\"https:\/\/ens7-caba.infd.edu.ar\/aula\/archivos\/repositorio\/\/2250\/2497\/43y44_Programa_Problematica_Filosofica.pdf\" target=\"_NEW\">Problem. Filos\u00f3fica<\/a><\/td>\n<td style=\"border: 1px solid #990000;\"><a title=\"https:\/\/ens7-caba.infd.edu.ar\/aula\/archivos\/repositorio\/\/2250\/2497\/43y44_Programa_Problematica_Filosofica.pdf\" href=\"https:\/\/ens7-caba.infd.edu.ar\/aula\/archivos\/repositorio\/\/2250\/2497\/43y44_Programa_Problematica_Filosofica.pdf\" target=\"_NEW\">Problem. Filos\u00f3fica<\/a><a title=\"https:\/\/ens7-caba.infd.edu.ar\/aula\/archivos\/repositorio\/\/2500\/2506\/44Historia.pdf\" href=\"https:\/\/ens7-caba.infd.edu.ar\/aula\/archivos\/repositorio\/\/2500\/2506\/44Historia.pdf\" target=\"_NEW\"><br \/>\n<\/a><\/td>\n<\/tr>\n<tr>\n<td style=\"border: 1px solid #990000;\"><a title=\"https:\/\/ens7-caba.infd.edu.ar\/aula\/archivos\/repositorio\/\/2250\/2392\/4_1_Ciencias_Biologicas.pdf\" href=\"https:\/\/ens7-caba.infd.edu.ar\/aula\/archivos\/repositorio\/\/2250\/2392\/4_1_Ciencias_Biologicas.pdf\" target=\"_NEW\">Biolog\u00eda<\/a><\/td>\n<td style=\"border: 1px solid #990000;\"><a title=\"https:\/\/ens7-caba.infd.edu.ar\/aula\/archivos\/repositorio\/\/2250\/2348\/42biologia.pdf\" href=\"https:\/\/ens7-caba.infd.edu.ar\/aula\/archivos\/repositorio\/\/2250\/2348\/42biologia.pdf\" target=\"_NEW\">Biolog\u00eda<\/a><\/td>\n<td style=\"border: 1px solid #990000;\"><a title=\"https:\/\/ens7-caba.infd.edu.ar\/aula\/archivos\/repositorio\/\/2500\/2500\/43y44cienciasbiologicas.pdf\" href=\"https:\/\/ens7-caba.infd.edu.ar\/aula\/archivos\/repositorio\/\/2500\/2500\/43y44cienciasbiologicas.pdf\" target=\"_NEW\">Biolog\u00eda<\/a><\/td>\n<td style=\"border: 1px solid #990000;\"><a title=\"https:\/\/ens7-caba.infd.edu.ar\/aula\/archivos\/repositorio\/\/2500\/2500\/43y44cienciasbiologicas.pdf\" href=\"https:\/\/ens7-caba.infd.edu.ar\/aula\/archivos\/repositorio\/\/2500\/2500\/43y44cienciasbiologicas.pdf\" target=\"_NEW\">Biolog\u00eda<\/a><\/td>\n<\/tr>\n<tr>\n<td style=\"border: 1px solid #990000;\"><a title=\"https:\/\/ens7-caba.infd.edu.ar\/aula\/archivos\/repositorio\/\/2250\/2395\/4_1_Psicologia.pdf\" href=\"https:\/\/ens7-caba.infd.edu.ar\/aula\/archivos\/repositorio\/\/2250\/2395\/4_1_Psicologia.pdf\" target=\"_NEW\">Psicolog\u00eda General<\/a><\/td>\n<td style=\"border: 1px solid #990000;\"><a title=\"https:\/\/ens7-caba.infd.edu.ar\/aula\/archivos\/repositorio\/\/2500\/2562\/42psicologia.pdf\" href=\"https:\/\/ens7-caba.infd.edu.ar\/aula\/archivos\/repositorio\/\/2500\/2562\/42psicologia.pdf\" target=\"_NEW\">Psicolog\u00eda general<\/a><\/td>\n<td style=\"border: 1px solid #990000;\"><a title=\"https:\/\/ens7-caba.infd.edu.ar\/aula\/archivos\/repositorio\/\/2250\/2491\/43_44_Psicologia_general.pdf\" href=\"https:\/\/ens7-caba.infd.edu.ar\/aula\/archivos\/repositorio\/\/2250\/2491\/43_44_Psicologia_general.pdf\" target=\"_NEW\">Psicolog\u00eda General<\/a><\/td>\n<td style=\"border: 1px solid #990000;\"><a title=\"https:\/\/ens7-caba.infd.edu.ar\/aula\/archivos\/repositorio\/\/2250\/2491\/43_44_Psicologia_general.pdf\" href=\"https:\/\/ens7-caba.infd.edu.ar\/aula\/archivos\/repositorio\/\/2250\/2491\/43_44_Psicologia_general.pdf\" target=\"_NEW\">Psicolog\u00eda General<\/a><\/td>\n<\/tr>\n<tr>\n<td style=\"border: 1px solid #990000;\"><a title=\"https:\/\/ens7-caba.infd.edu.ar\/aula\/archivos\/repositorio\/\/2250\/2394\/4_1_Historia.pdf\" href=\"https:\/\/ens7-caba.infd.edu.ar\/aula\/archivos\/repositorio\/\/2250\/2394\/4_1_Historia.pdf\" target=\"_NEW\">Historia<\/a><\/td>\n<td style=\"border: 1px solid #990000;\"><a title=\"https:\/\/ens7-caba.infd.edu.ar\/aula\/archivos\/repositorio\/\/2500\/2564\/42Historia.pdf\" href=\"https:\/\/ens7-caba.infd.edu.ar\/aula\/archivos\/repositorio\/\/2500\/2564\/42Historia.pdf\" target=\"_NEW\">Historia<\/a><\/td>\n<td style=\"border: 1px solid #990000;\"><a title=\"https:\/\/ens7-caba.infd.edu.ar\/aula\/archivos\/repositorio\/\/2500\/2553\/43Historia.pdf\" href=\"https:\/\/ens7-caba.infd.edu.ar\/aula\/archivos\/repositorio\/\/2500\/2553\/43Historia.pdf\" target=\"_NEW\">Historia<\/a><\/td>\n<td style=\"border: 1px solid #990000;\"><a title=\"https:\/\/ens7-caba.infd.edu.ar\/aula\/archivos\/repositorio\/\/2500\/2506\/44Historia.pdf\" href=\"https:\/\/ens7-caba.infd.edu.ar\/aula\/archivos\/repositorio\/\/2500\/2506\/44Historia.pdf\" target=\"_NEW\">Historia<\/a><\/td>\n<\/tr>\n<tr>\n<td style=\"border: 1px solid #990000;\"><a title=\"https:\/\/ens7-caba.infd.edu.ar\/aula\/archivos\/repositorio\/\/2250\/2341\/41y42musica.pdf\" href=\"https:\/\/ens7-caba.infd.edu.ar\/aula\/archivos\/repositorio\/\/2250\/2341\/41y42musica.pdf\" target=\"_NEW\">M\u00fasica<\/a><\/td>\n<td style=\"border: 1px solid #990000;\"><a title=\"https:\/\/ens7-caba.infd.edu.ar\/aula\/archivos\/repositorio\/\/2250\/2341\/41y42musica.pdf\" href=\"https:\/\/ens7-caba.infd.edu.ar\/aula\/archivos\/repositorio\/\/2250\/2341\/41y42musica.pdf\" target=\"_NEW\">M\u00fasica<\/a><\/td>\n<td style=\"border: 1px solid #990000;\"><a title=\"https:\/\/ens7-caba.infd.edu.ar\/aula\/archivos\/repositorio\/\/2500\/2501\/43y44Fundamentosdelaeducacion.pdf\" href=\"https:\/\/ens7-caba.infd.edu.ar\/aula\/archivos\/repositorio\/\/2500\/2501\/43y44Fundamentosdelaeducacion.pdf\" target=\"_NEW\">Fundamentos de la Ed<\/a>.<\/td>\n<td style=\"border: 1px solid #990000;\"><a title=\"https:\/\/ens7-caba.infd.edu.ar\/aula\/archivos\/repositorio\/\/2500\/2501\/43y44Fundamentosdelaeducacion.pdf\" href=\"https:\/\/ens7-caba.infd.edu.ar\/aula\/archivos\/repositorio\/\/2500\/2501\/43y44Fundamentosdelaeducacion.pdf\" target=\"_NEW\">Fundamentos de la Ed<\/a>.<\/td>\n<\/tr>\n<tr>\n<td style=\"border: 1px solid #990000;\"><a title=\"https:\/\/ens7-caba.infd.edu.ar\/aula\/archivos\/repositorio\/\/2500\/2567\/41Geografia.pdf\" href=\"https:\/\/ens7-caba.infd.edu.ar\/aula\/archivos\/repositorio\/\/2500\/2567\/41Geografia.pdf\" target=\"_NEW\">Geograf\u00eda<\/a><\/td>\n<td style=\"border: 1px solid #990000;\"><a title=\"https:\/\/ens7-caba.infd.edu.ar\/aula\/archivos\/repositorio\/\/2250\/2342\/42instruccioncivica.pdf\" href=\"https:\/\/ens7-caba.infd.edu.ar\/aula\/archivos\/repositorio\/\/2250\/2342\/42instruccioncivica.pdf\" target=\"_NEW\">Instrucci\u00f3n C\u00edvica<\/a><\/td>\n<td style=\"border: 1px solid #990000;\"><a title=\"https:\/\/ens7-caba.infd.edu.ar\/aula\/archivos\/repositorio\/\/2500\/2540\/4344EdPlastica.pdf\" href=\"https:\/\/ens7-caba.infd.edu.ar\/aula\/archivos\/repositorio\/\/2500\/2540\/4344EdPlastica.pdf\" target=\"_NEW\">Educaci\u00f3n Pl\u00e1stica<\/a><\/td>\n<td style=\"border: 1px solid #990000;\"><a title=\"https:\/\/ens7-caba.infd.edu.ar\/aula\/archivos\/repositorio\/\/2500\/2540\/4344EdPlastica.pdf\" href=\"https:\/\/ens7-caba.infd.edu.ar\/aula\/archivos\/repositorio\/\/2500\/2540\/4344EdPlastica.pdf\" target=\"_NEW\">Educaci\u00f3n Pl\u00e1stica<\/a><\/td>\n<\/tr>\n<tr>\n<td style=\"border: 1px solid #990000;\"><a title=\"https:\/\/ens7-caba.infd.edu.ar\/aula\/archivos\/repositorio\/\/2500\/2565\/1a5EdFisica.pdf\" href=\"https:\/\/ens7-caba.infd.edu.ar\/aula\/archivos\/repositorio\/\/2500\/2565\/1a5EdFisica.pdf\" target=\"_NEW\">Ed. F\u00edsica<\/a><\/td>\n<td style=\"border: 1px solid #990000;\"><a title=\"https:\/\/ens7-caba.infd.edu.ar\/aula\/archivos\/repositorio\/\/2500\/2565\/1a5EdFisica.pdf\" href=\"https:\/\/ens7-caba.infd.edu.ar\/aula\/archivos\/repositorio\/\/2500\/2565\/1a5EdFisica.pdf\" target=\"_NEW\">Ed. F\u00edsica<\/a><\/td>\n<td style=\"border: 1px solid #990000;\"><a title=\"https:\/\/ens7-caba.infd.edu.ar\/aula\/archivos\/repositorio\/\/2500\/2565\/1a5EdFisica.pdf\" href=\"https:\/\/ens7-caba.infd.edu.ar\/aula\/archivos\/repositorio\/\/2500\/2565\/1a5EdFisica.pdf\" target=\"_NEW\">Ed.F\u00edsica<\/a><\/td>\n<td style=\"border: 1px solid #990000;\"><a title=\"https:\/\/ens7-caba.infd.edu.ar\/aula\/archivos\/repositorio\/\/2500\/2565\/1a5EdFisica.pdf\" href=\"https:\/\/ens7-caba.infd.edu.ar\/aula\/archivos\/repositorio\/\/2500\/2565\/1a5EdFisica.pdf\" target=\"_NEW\">Ed. F\u00edsica<\/a><\/td>\n<\/tr>\n<tr>\n<td style=\"border: 1px solid #990000;\"><a title=\"https:\/\/ens7-caba.infd.edu.ar\/aula\/archivos\/repositorio\/\/2250\/2390\/4_1_y_4_4_Taller_de_informatica.pdf\" href=\"https:\/\/ens7-caba.infd.edu.ar\/aula\/archivos\/repositorio\/\/2250\/2390\/4_1_y_4_4_Taller_de_informatica.pdf\" target=\"_NEW\">Inform\u00e1tica<\/a><\/td>\n<td style=\"border: 1px solid #990000;\"><a title=\"https:\/\/ens7-caba.infd.edu.ar\/aula\/archivos\/repositorio\/\/2500\/2560\/42y43informatica.pdf\" href=\"https:\/\/ens7-caba.infd.edu.ar\/aula\/archivos\/repositorio\/\/2500\/2560\/42y43informatica.pdf\" target=\"_NEW\">Inform\u00e1tica<\/a><\/td>\n<td style=\"border: 1px solid #990000;\"><a title=\"https:\/\/ens7-caba.infd.edu.ar\/aula\/archivos\/repositorio\/\/2500\/2560\/42y43informatica.pdf\" href=\"https:\/\/ens7-caba.infd.edu.ar\/aula\/archivos\/repositorio\/\/2500\/2560\/42y43informatica.pdf\" target=\"_NEW\">Inform\u00e1tica<\/a><\/td>\n<td style=\"border: 1px solid #990000;\"><a title=\"https:\/\/ens7-caba.infd.edu.ar\/aula\/archivos\/repositorio\/\/2250\/2390\/4_1_y_4_4_Taller_de_informatica.pdf\" href=\"https:\/\/ens7-caba.infd.edu.ar\/aula\/archivos\/repositorio\/\/2250\/2390\/4_1_y_4_4_Taller_de_informatica.pdf\" target=\"_NEW\">Inform\u00e1tica<\/a><\/td>\n<\/tr>\n<tr>\n<td style=\"border: 1px solid #990000;\"><\/td>\n<td style=\"border: 1px solid #990000;\"><a title=\"https:\/\/ens7-caba.infd.edu.ar\/aula\/archivos\/repositorio\/\/2500\/2559\/42Geografia.pdf\" href=\"https:\/\/ens7-caba.infd.edu.ar\/aula\/archivos\/repositorio\/\/2500\/2559\/42Geografia.pdf\" target=\"_NEW\">Geograf\u00eda<\/a><\/td>\n<td style=\"border: 1px solid #990000;\"><\/td>\n<td style=\"border: 1px solid #990000;\"><\/td>\n<\/tr>\n<\/tbody>\n<\/table>\n","protected":false},"excerpt":{"rendered":"<p>4\u00ba 1\u00ba 4\u00ba 2\u00ba 4\u00ba 3\u00ba 4\u00ba 4\u00ba Lengua y Literatura Lengua y Literatura Lengua\u00a0y Literatura Lengua\u00a0y Literatura Franc\u00e9s\/Ingl\u00e9s Franc\u00e9s\/Ingl\u00e9s Franc\u00e9s\/Ingl\u00e9s Franc\u00e9s\/Ingl\u00e9s Matem\u00e1tica Matem\u00e1tica Matem\u00e1tica Matem\u00e1tica F\u00edsica F\u00edsica F\u00edsica F\u00edsica Qu\u00edmica Qu\u00edmica Problem. Filos\u00f3fica Problem. Filos\u00f3fica Biolog\u00eda Biolog\u00eda Biolog\u00eda Biolog\u00eda Psicolog\u00eda General Psicolog\u00eda general Psicolog\u00eda General Psicolog\u00eda General Historia Historia Historia Historia M\u00fasica M\u00fasica Fundamentos &#8230; <a title=\"Programas 4\u00ba a\u00f1o 2016\" class=\"read-more\" href=\"https:\/\/ens7-caba.infd.edu.ar\/sitio\/programas-4o-ano-2016\/\" aria-label=\"More on Programas 4\u00ba a\u00f1o 2016\">[+]<\/a><\/p>\n","protected":false},"author":2274,"featured_media":0,"parent":0,"menu_order":0,"comment_status":"closed","ping_status":"closed","template":"","meta":[],"acf":[],"_links":{"self":[{"href":"https:\/\/ens7-caba.infd.edu.ar\/sitio\/wp-json\/wp\/v2\/pages\/1023"}],"collection":[{"href":"https:\/\/ens7-caba.infd.edu.ar\/sitio\/wp-json\/wp\/v2\/pages"}],"about":[{"href":"https:\/\/ens7-caba.infd.edu.ar\/sitio\/wp-json\/wp\/v2\/types\/page"}],"author":[{"embeddable":true,"href":"https:\/\/ens7-caba.infd.edu.ar\/sitio\/wp-json\/wp\/v2\/users\/2274"}],"replies":[{"embeddable":true,"href":"https:\/\/ens7-caba.infd.edu.ar\/sitio\/wp-json\/wp\/v2\/comments?post=1023"}],"version-history":[{"count":2,"href":"https:\/\/ens7-caba.infd.edu.ar\/sitio\/wp-json\/wp\/v2\/pages\/1023\/revisions"}],"predecessor-version":[{"id":1186,"href":"https:\/\/ens7-caba.infd.edu.ar\/sitio\/wp-json\/wp\/v2\/pages\/1023\/revisions\/1186"}],"wp:attachment":[{"href":"https:\/\/ens7-caba.infd.edu.ar\/sitio\/wp-json\/wp\/v2\/media?parent=1023"}],"curies":[{"name":"wp","href":"https:\/\/api.w.org\/{rel}","templated":true}]}}