{"id":1025,"date":"2018-06-29T13:08:24","date_gmt":"2018-06-29T16:08:24","guid":{"rendered":"https:\/\/ens7-caba.infd.edu.ar\/sitio\/?page_id=1025"},"modified":"2018-07-10T12:52:25","modified_gmt":"2018-07-10T15:52:25","slug":"acto-de-colacion","status":"publish","type":"page","link":"https:\/\/ens7-caba.infd.edu.ar\/sitio\/acto-de-colacion\/","title":{"rendered":"Acto de colaci\u00f3n"},"content":{"rendered":"<p><span style=\"font-family: tahoma, arial, helvetica, sans-serif; font-size: 12pt; color: #800000;\">El 11 de diciembre se realiz\u00f3 el acto de graduaci\u00f3n 2015<\/span><\/p>\n<p><span style=\"font-family: tahoma, arial, helvetica, sans-serif; font-size: 12pt;\">\u00a0<video style=\"vertical-align: middle; display: block; margin-left: auto; margin-right: auto;\" controls=\"controls\" width=\"480\" height=\"250\"><source src=\"https:\/\/ens7-caba.infd.edu.ar\/aula\/archivos\/repositorio\/2250\/2435\/Video_20160501233751150_by_videoshow_s01.mp4\" type=\"video\/mp4\" \/><\/video><\/span><\/p>\n<p>&nbsp;<\/p>\n<p><span style=\"font-family: tahoma, arial, helvetica, sans-serif; font-size: 12pt; color: #800000;\">Compartimos algunas de las palabras de despedida de los profesores a los alumnos\u2026<\/span><\/p>\n<p><span style=\"font-family: tahoma, arial, helvetica, sans-serif; font-size: 12pt; color: #800000;\"><em>\u201cCon honda satisfacci\u00f3n despedimos hoy a este grupo de alumnos, deseando haber cumplido nuestros objetivos, y a trav\u00e9s de estos a\u00f1os de escolaridad, haber logrado seres pensantes, cr\u00edticos, honestos y generosos. <\/em><\/span><\/p>\n<p><span style=\"font-family: tahoma, arial, helvetica, sans-serif; font-size: 12pt; color: #800000;\"><em>\u00a0\u00a0\u00a0\u00a0\u00a0\u00a0\u00a0\u00a0 Egresados, nuevos caminos se abren ante ustedes. Si siembran cosechar\u00e1n, si escuchan con humildad aprender\u00e1n y, cuando lleguen los inconvenientes, los pelear\u00e1n y vencer\u00e1n.<\/em><\/span><\/p>\n<p><span style=\"font-family: tahoma, arial, helvetica, sans-serif; font-size: 12pt; color: #800000;\"><em>\u00a0\u00a0\u00a0\u00a0\u00a0\u00a0\u00a0\u00a0 Es nuestro deseo, augurarles lo mejor para la etapa que hoy inician. Apostamos a todos ustedes y deseamos verlos en los futuros a\u00f1os de visita por la escuela con sus nuevas historias de vida.\u201d<\/em><\/span><\/p>\n","protected":false},"excerpt":{"rendered":"<p>El 11 de diciembre se realiz\u00f3 el acto de graduaci\u00f3n 2015 \u00a0 &nbsp; Compartimos algunas de las palabras de despedida de los profesores a los alumnos\u2026 \u201cCon honda satisfacci\u00f3n despedimos hoy a este grupo de alumnos, deseando haber cumplido nuestros objetivos, y a trav\u00e9s de estos a\u00f1os de escolaridad, haber logrado seres pensantes, cr\u00edticos, honestos &#8230; <a title=\"Acto de colaci\u00f3n\" class=\"read-more\" href=\"https:\/\/ens7-caba.infd.edu.ar\/sitio\/acto-de-colacion\/\" aria-label=\"More on Acto de colaci\u00f3n\">[+]<\/a><\/p>\n","protected":false},"author":2274,"featured_media":0,"parent":0,"menu_order":0,"comment_status":"closed","ping_status":"closed","template":"","meta":[],"acf":[],"_links":{"self":[{"href":"https:\/\/ens7-caba.infd.edu.ar\/sitio\/wp-json\/wp\/v2\/pages\/1025"}],"collection":[{"href":"https:\/\/ens7-caba.infd.edu.ar\/sitio\/wp-json\/wp\/v2\/pages"}],"about":[{"href":"https:\/\/ens7-caba.infd.edu.ar\/sitio\/wp-json\/wp\/v2\/types\/page"}],"author":[{"embeddable":true,"href":"https:\/\/ens7-caba.infd.edu.ar\/sitio\/wp-json\/wp\/v2\/users\/2274"}],"replies":[{"embeddable":true,"href":"https:\/\/ens7-caba.infd.edu.ar\/sitio\/wp-json\/wp\/v2\/comments?post=1025"}],"version-history":[{"count":1,"href":"https:\/\/ens7-caba.infd.edu.ar\/sitio\/wp-json\/wp\/v2\/pages\/1025\/revisions"}],"predecessor-version":[{"id":1099,"href":"https:\/\/ens7-caba.infd.edu.ar\/sitio\/wp-json\/wp\/v2\/pages\/1025\/revisions\/1099"}],"wp:attachment":[{"href":"https:\/\/ens7-caba.infd.edu.ar\/sitio\/wp-json\/wp\/v2\/media?parent=1025"}],"curies":[{"name":"wp","href":"https:\/\/api.w.org\/{rel}","templated":true}]}}