{"id":1028,"date":"2018-07-01T22:04:05","date_gmt":"2018-07-02T01:04:05","guid":{"rendered":"https:\/\/ens7-caba.infd.edu.ar\/sitio\/?page_id=1028"},"modified":"2018-07-10T12:52:25","modified_gmt":"2018-07-10T15:52:25","slug":"programas-2do-ano-2010","status":"publish","type":"page","link":"https:\/\/ens7-caba.infd.edu.ar\/sitio\/programas-2do-ano-2010\/","title":{"rendered":"Programas 2do A\u00f1o 2010"},"content":{"rendered":"<p style=\"text-align: center;\"><strong> <span style=\"color: #800000; font-family: 'MS Sans Serif'; font-size: medium;\"><br \/>\n<\/span><\/strong><\/p>\n<div>\n<table id=\"table1\" style=\"width: 517px; height: 512px;\" border=\"0\">\n<tbody>\n<tr>\n<td style=\"border: 1px solid #990000; text-align: center;\"><span style=\"font-size: 10pt;\"><strong><span style=\"font-family: 'MS Sans Serif';\">2\u00ba 1\u00ba<\/span><\/strong><\/span><\/td>\n<td style=\"border: 1px solid #990000; text-align: center;\"><span style=\"font-size: 10pt;\"><strong><span style=\"font-family: 'MS Sans Serif';\">2\u00ba 2\u00ba<\/span><\/strong><\/span><\/td>\n<td style=\"border: 1px solid #990000; text-align: center;\"><span style=\"font-size: 10pt;\"><strong><span style=\"font-family: 'MS Sans Serif';\">2\u00ba 3\u00ba<\/span><\/strong><\/span><\/td>\n<td style=\"border: 1px solid #990000; text-align: center;\"><span style=\"font-size: 10pt;\"><strong><span style=\"font-family: 'MS Sans Serif';\">2\u00ba 4\u00ba<\/span><\/strong><\/span><\/td>\n<\/tr>\n<tr>\n<td style=\"border: 1px solid #990000;\"><span style=\"font-family: 'MS Sans Serif'; font-size: 10pt;\"><a href=\"https:\/\/drive.google.com\/open?id=0BxM0x8iu1auxaVVzNTdSaG1NUnM\"> Lengua y literatura<\/a><\/span><\/td>\n<td style=\"border: 1px solid #990000;\"><span style=\"font-family: 'MS Sans Serif'; font-size: 10pt;\"><a href=\"https:\/\/drive.google.com\/open?id=0BxM0x8iu1auxaVVzNTdSaG1NUnM\"> Lengua y literatura<\/a><\/span><\/td>\n<td style=\"border: 1px solid #990000;\"><span style=\"font-family: 'MS Sans Serif'; font-size: 10pt;\"><a href=\"https:\/\/drive.google.com\/open?id=0BxM0x8iu1auxaVVzNTdSaG1NUnM\"> Lengua y literatura<\/a><\/span><\/td>\n<td style=\"border: 1px solid #990000;\"><span style=\"font-family: 'MS Sans Serif'; font-size: 10pt;\"><a href=\"https:\/\/drive.google.com\/open?id=0BxM0x8iu1auxaVVzNTdSaG1NUnM\"> Lengua y literatura<\/a><\/span><\/td>\n<\/tr>\n<tr>\n<td style=\"border: 1px solid #990000;\"><span style=\"font-family: 'MS Sans Serif'; font-size: 10pt;\"><a href=\"https:\/\/drive.google.com\/open?id=0BxM0x8iu1auxaHlNdmg4UDRyYVU\"> Ingles<\/a><\/span><\/td>\n<td style=\"border: 1px solid #990000;\"><span style=\"font-family: 'MS Sans Serif'; font-size: 10pt;\"><a href=\"https:\/\/drive.google.com\/open?id=0BxM0x8iu1auxN3hjVDhxRjJNN0E\"> Franc\u00e9s<\/a><\/span><\/td>\n<td style=\"border: 1px solid #990000;\"><span style=\"font-family: 'MS Sans Serif'; font-size: 10pt;\"><a href=\"https:\/\/drive.google.com\/open?id=0BxM0x8iu1auxaHlNdmg4UDRyYVU\"> Ingles<\/a><\/span><\/td>\n<td style=\"border: 1px solid #990000;\"><span style=\"font-family: 'MS Sans Serif'; font-size: 10pt;\"><a href=\"https:\/\/drive.google.com\/open?id=0BxM0x8iu1auxN3hjVDhxRjJNN0E\"> Franc\u00e9s<\/a><\/span><\/td>\n<\/tr>\n<tr>\n<td style=\"border: 1px solid #990000;\"><span style=\"font-family: 'MS Sans Serif'; font-size: 10pt;\"><a href=\"https:\/\/drive.google.com\/open?id=0BxM0x8iu1auxTy12d050aTdfdHM\"> Matem\u00e1tica<\/a><\/span><\/td>\n<td style=\"border: 1px solid #990000;\"><span style=\"font-family: 'MS Sans Serif'; font-size: 10pt;\"><a href=\"https:\/\/drive.google.com\/open?id=0BxM0x8iu1auxTy12d050aTdfdHM\"> Matem\u00e1tica<\/a><\/span><\/td>\n<td style=\"border: 1px solid #990000;\"><span style=\"font-family: 'MS Sans Serif'; font-size: 10pt;\"><a href=\"https:\/\/drive.google.com\/open?id=0BxM0x8iu1auxTy12d050aTdfdHM\"> Matem\u00e1tica<\/a><\/span><\/td>\n<td style=\"border: 1px solid #990000;\"><span style=\"font-family: 'MS Sans Serif'; font-size: 10pt;\"><a href=\"https:\/\/drive.google.com\/open?id=0BxM0x8iu1auxTy12d050aTdfdHM\"> Matem\u00e1tica<\/a><\/span><\/td>\n<\/tr>\n<tr>\n<td style=\"border: 1px solid #990000;\"><span style=\"font-family: 'MS Sans Serif'; font-size: 10pt;\"><a href=\"https:\/\/drive.google.com\/open?id=0BxM0x8iu1auxemhtS0VXbXdvc2M\"> Cs. Biol\u00f3gicas<\/a><\/span><\/td>\n<td style=\"border: 1px solid #990000;\"><span style=\"font-family: 'MS Sans Serif'; font-size: 10pt;\"><a href=\"https:\/\/drive.google.com\/open?id=0BxM0x8iu1auxemhtS0VXbXdvc2M\"> Cs. Biol\u00f3gicas<\/a><\/span><\/td>\n<td style=\"border: 1px solid #990000;\"><span style=\"font-family: 'MS Sans Serif'; font-size: 10pt;\"><a href=\"https:\/\/drive.google.com\/open?id=0BxM0x8iu1auxemhtS0VXbXdvc2M\"> Cs. Biol\u00f3gicas<\/a><\/span><\/td>\n<td style=\"border: 1px solid #990000;\"><span style=\"font-family: 'MS Sans Serif'; font-size: 10pt;\"><a href=\"https:\/\/drive.google.com\/open?id=0BxM0x8iu1auxemhtS0VXbXdvc2M\"> Cs. Biol\u00f3gicas<\/a><\/span><\/td>\n<\/tr>\n<tr>\n<td style=\"border: 1px solid #990000;\"><span style=\"font-family: 'MS Sans Serif'; font-size: 10pt;\"><a href=\"https:\/\/drive.google.com\/open?id=0BxM0x8iu1auxMXI4dWtTNHMtRmM\"> Geograf\u00eda<\/a><\/span><\/td>\n<td style=\"border: 1px solid #990000;\"><span style=\"font-family: 'MS Sans Serif'; font-size: 10pt;\"><a href=\"https:\/\/drive.google.com\/open?id=0BxM0x8iu1auxMXI4dWtTNHMtRmM\"> Geograf\u00eda<\/a><\/span><\/td>\n<td style=\"border: 1px solid #990000;\"><span style=\"font-family: 'MS Sans Serif'; font-size: 10pt;\"><a href=\"https:\/\/drive.google.com\/open?id=0BxM0x8iu1auxMXI4dWtTNHMtRmM\"> Geograf\u00eda<\/a><\/span><\/td>\n<td style=\"border: 1px solid #990000;\"><span style=\"font-family: 'MS Sans Serif'; font-size: 10pt;\"><a href=\"https:\/\/drive.google.com\/open?id=0BxM0x8iu1auxMXI4dWtTNHMtRmM\"> Geograf\u00eda<\/a><\/span><\/td>\n<\/tr>\n<tr>\n<td style=\"border: 1px solid #990000;\"><span style=\"font-family: 'MS Sans Serif'; font-size: 10pt;\"><a href=\"https:\/\/drive.google.com\/open?id=0BxM0x8iu1auxSlVNRDlFX1pmeDg\"> Historia<\/a><\/span><\/td>\n<td style=\"border: 1px solid #990000;\"><span style=\"font-family: 'MS Sans Serif'; font-size: 10pt;\"><a href=\"https:\/\/drive.google.com\/open?id=0BxM0x8iu1auxSlVNRDlFX1pmeDg\"> Historia<\/a><\/span><\/td>\n<td style=\"border: 1px solid #990000;\"><span style=\"font-family: 'MS Sans Serif'; font-size: 10pt;\"><a href=\"https:\/\/drive.google.com\/open?id=0BxM0x8iu1auxSlVNRDlFX1pmeDg\"> Historia<\/a><\/span><\/td>\n<td style=\"border: 1px solid #990000;\"><span style=\"font-family: 'MS Sans Serif'; font-size: 10pt;\"><a href=\"https:\/\/drive.google.com\/open?id=0BxM0x8iu1auxSlVNRDlFX1pmeDg\"> Historia<\/a><\/span><\/td>\n<\/tr>\n<tr>\n<td style=\"border: 1px solid #990000;\"><span style=\"font-family: 'MS Sans Serif'; font-size: 10pt;\"><a href=\"https:\/\/drive.google.com\/open?id=0BxM0x8iu1auxeS1jY20tQ1E5dTA\"> Ed. C\u00edvica<\/a><\/span><\/td>\n<td style=\"border: 1px solid #990000;\"><span style=\"font-family: 'MS Sans Serif'; font-size: 10pt;\"><a href=\"https:\/\/drive.google.com\/open?id=0BxM0x8iu1auxeS1jY20tQ1E5dTA\"> Ed. C\u00edvica<\/a><\/span><\/td>\n<td style=\"border: 1px solid #990000;\"><span style=\"font-family: 'MS Sans Serif'; font-size: 10pt;\"><a href=\"https:\/\/drive.google.com\/open?id=0BxM0x8iu1auxeS1jY20tQ1E5dTA\"> Ed. C\u00edvica<\/a><\/span><\/td>\n<td style=\"border: 1px solid #990000;\"><span style=\"font-family: 'MS Sans Serif'; font-size: 10pt;\"><a href=\"https:\/\/drive.google.com\/open?id=0BxM0x8iu1auxeS1jY20tQ1E5dTA\"> Ed. C\u00edvica<\/a><\/span><\/td>\n<\/tr>\n<tr>\n<td style=\"border: 1px solid #990000;\"><span style=\"font-family: 'MS Sans Serif'; font-size: 10pt;\"><a href=\"https:\/\/drive.google.com\/open?id=0BxM0x8iu1auxRzBsV3c0WFFYNjg\">M\u00fasica<\/a><\/span><\/td>\n<td style=\"border: 1px solid #990000;\"><span style=\"font-family: 'MS Sans Serif'; font-size: 10pt;\"><a href=\"https:\/\/drive.google.com\/open?id=0BxM0x8iu1auxN0h2OTJFSEsxazA\">M\u00fasica<\/a><\/span><\/td>\n<td style=\"border: 1px solid #990000;\"><span style=\"font-family: 'MS Sans Serif'; font-size: 10pt;\"><a href=\"https:\/\/drive.google.com\/open?id=0BxM0x8iu1auxNmtoRF9aNlZfS00\">M\u00fasica<\/a><\/span><\/td>\n<td style=\"border: 1px solid #990000;\"><span style=\"font-family: 'MS Sans Serif'; font-size: 10pt;\"><a href=\"https:\/\/drive.google.com\/open?id=0BxM0x8iu1auxckNEWTB5MVJHMjA\">M\u00fasica<\/a><\/span><\/td>\n<\/tr>\n<tr>\n<td style=\"border: 1px solid #990000;\"><span style=\"font-family: 'MS Sans Serif'; font-size: 10pt;\"><a href=\"https:\/\/drive.google.com\/open?id=0BxM0x8iu1auxLTdmNEpLSWUwWG8\"> Ed. Practica<\/a><\/span><\/td>\n<td style=\"border: 1px solid #990000;\"><span style=\"font-family: 'MS Sans Serif'; font-size: 10pt;\"><a href=\"https:\/\/drive.google.com\/open?id=0BxM0x8iu1auxNU55T1NjVUZOS0U\"> Ed. Practica<\/a><\/span><\/td>\n<td style=\"border: 1px solid #990000;\"><span style=\"font-family: 'MS Sans Serif'; font-size: 10pt;\"><a href=\"https:\/\/drive.google.com\/open?id=0BxM0x8iu1auxMG1kSy02Z3BFeTQ\"> Ed. Practica<\/a><\/span><\/td>\n<td style=\"border: 1px solid #990000;\"><span style=\"font-family: 'MS Sans Serif'; font-size: 10pt;\"><a href=\"https:\/\/drive.google.com\/open?id=0BxM0x8iu1auxWmFXbHpGSi1QSVE\"> Ed. Practica<\/a><\/span><\/td>\n<\/tr>\n<tr>\n<td style=\"border: 1px solid #990000;\"><span style=\"font-family: 'MS Sans Serif'; font-size: 10pt;\"><a href=\"https:\/\/drive.google.com\/open?id=0BxM0x8iu1auxN1pJSXhmd2duZjQ\"> Ed. Pl\u00e1stica<\/a><\/span><\/td>\n<td style=\"border: 1px solid #990000;\"><span style=\"font-family: 'MS Sans Serif'; font-size: 10pt;\"><a href=\"https:\/\/drive.google.com\/open?id=0BxM0x8iu1auxNzAxdWwwci1FcUU\"> Ed. Pl\u00e1stica<\/a><\/span><\/td>\n<td style=\"border: 1px solid #990000;\"><span style=\"font-family: 'MS Sans Serif'; font-size: 10pt;\"><a href=\"https:\/\/drive.google.com\/open?id=0BxM0x8iu1auxUThfX3JyV3M5dzA\"> Ed. Pl\u00e1stica<\/a><\/span><\/td>\n<td style=\"border: 1px solid #990000;\"><span style=\"font-family: 'MS Sans Serif'; font-size: 10pt;\"><a href=\"https:\/\/drive.google.com\/open?id=0BxM0x8iu1auxSmN0dTVJbmN0RlU\"> Ed. Pl\u00e1stica<\/a><\/span><\/td>\n<\/tr>\n<tr>\n<td style=\"border: 1px solid #990000;\"><span style=\"font-family: 'MS Sans Serif'; font-size: 10pt;\"><a href=\"https:\/\/drive.google.com\/open?id=0BxM0x8iu1auxSGQ4MUl2SkpUVVk\"> Ed. F\u00edsica<\/a><\/span><\/td>\n<td style=\"border: 1px solid #990000;\"><span style=\"font-family: 'MS Sans Serif'; font-size: 10pt;\"><a href=\"https:\/\/drive.google.com\/open?id=0BxM0x8iu1auxSGQ4MUl2SkpUVVk\"> Ed. F\u00edsica<\/a><\/span><\/td>\n<td style=\"border: 1px solid #990000;\"><span style=\"font-family: 'MS Sans Serif'; font-size: 10pt;\"><a href=\"https:\/\/drive.google.com\/open?id=0BxM0x8iu1auxSGQ4MUl2SkpUVVk\"> Ed. F\u00edsica<\/a><\/span><\/td>\n<td style=\"border: 1px solid #990000;\"><span style=\"font-family: 'MS Sans Serif'; font-size: 10pt;\"><a href=\"https:\/\/drive.google.com\/open?id=0BxM0x8iu1auxSGQ4MUl2SkpUVVk\"> Ed. F\u00edsica<\/a><\/span><\/td>\n<\/tr>\n<tr>\n<td style=\"border: 1px solid #990000;\"><span style=\"font-family: 'MS Sans Serif'; font-size: 10pt;\"><a href=\"https:\/\/drive.google.com\/open?id=0BxM0x8iu1auxbWhpVVFKelJlOTg\"> Computaci\u00f3n<\/a><\/span><\/td>\n<td style=\"border: 1px solid #990000;\"><span style=\"font-family: 'MS Sans Serif'; font-size: 10pt;\"><a href=\"https:\/\/drive.google.com\/open?id=0BxM0x8iu1auxNVlCNE1BVjI5M2M\"> Computaci\u00f3n<\/a><\/span><\/td>\n<td style=\"border: 1px solid #990000;\"><span style=\"font-family: 'MS Sans Serif'; font-size: 10pt;\"><a href=\"https:\/\/drive.google.com\/open?id=0BxM0x8iu1auxUDJmQ3pRSHZJLTg\"> Computaci\u00f3n<\/a><\/span><\/td>\n<td style=\"border: 1px solid #990000;\"><span style=\"font-family: 'MS Sans Serif'; font-size: 10pt;\"><a href=\"https:\/\/drive.google.com\/open?id=0BxM0x8iu1auxbmFQYTR3N3Z6RE0\"> Computaci\u00f3n<\/a><\/span><\/td>\n<\/tr>\n<\/tbody>\n<\/table>\n<\/div>\n","protected":false},"excerpt":{"rendered":"<p>2\u00ba 1\u00ba 2\u00ba 2\u00ba 2\u00ba 3\u00ba 2\u00ba 4\u00ba Lengua y literatura Lengua y literatura Lengua y literatura Lengua y literatura Ingles Franc\u00e9s Ingles Franc\u00e9s Matem\u00e1tica Matem\u00e1tica Matem\u00e1tica Matem\u00e1tica Cs. Biol\u00f3gicas Cs. Biol\u00f3gicas Cs. Biol\u00f3gicas Cs. Biol\u00f3gicas Geograf\u00eda Geograf\u00eda Geograf\u00eda Geograf\u00eda Historia Historia Historia Historia Ed. C\u00edvica Ed. C\u00edvica Ed. C\u00edvica Ed. C\u00edvica M\u00fasica M\u00fasica M\u00fasica &#8230; <a title=\"Programas 2do A\u00f1o 2010\" class=\"read-more\" href=\"https:\/\/ens7-caba.infd.edu.ar\/sitio\/programas-2do-ano-2010\/\" aria-label=\"More on Programas 2do A\u00f1o 2010\">[+]<\/a><\/p>\n","protected":false},"author":2274,"featured_media":0,"parent":0,"menu_order":0,"comment_status":"closed","ping_status":"closed","template":"","meta":[],"acf":[],"_links":{"self":[{"href":"https:\/\/ens7-caba.infd.edu.ar\/sitio\/wp-json\/wp\/v2\/pages\/1028"}],"collection":[{"href":"https:\/\/ens7-caba.infd.edu.ar\/sitio\/wp-json\/wp\/v2\/pages"}],"about":[{"href":"https:\/\/ens7-caba.infd.edu.ar\/sitio\/wp-json\/wp\/v2\/types\/page"}],"author":[{"embeddable":true,"href":"https:\/\/ens7-caba.infd.edu.ar\/sitio\/wp-json\/wp\/v2\/users\/2274"}],"replies":[{"embeddable":true,"href":"https:\/\/ens7-caba.infd.edu.ar\/sitio\/wp-json\/wp\/v2\/comments?post=1028"}],"version-history":[{"count":1,"href":"https:\/\/ens7-caba.infd.edu.ar\/sitio\/wp-json\/wp\/v2\/pages\/1028\/revisions"}],"predecessor-version":[{"id":1156,"href":"https:\/\/ens7-caba.infd.edu.ar\/sitio\/wp-json\/wp\/v2\/pages\/1028\/revisions\/1156"}],"wp:attachment":[{"href":"https:\/\/ens7-caba.infd.edu.ar\/sitio\/wp-json\/wp\/v2\/media?parent=1028"}],"curies":[{"name":"wp","href":"https:\/\/api.w.org\/{rel}","templated":true}]}}