{"id":1030,"date":"2018-07-01T22:33:16","date_gmt":"2018-07-02T01:33:16","guid":{"rendered":"https:\/\/ens7-caba.infd.edu.ar\/sitio\/?page_id=1030"},"modified":"2018-07-10T12:52:25","modified_gmt":"2018-07-10T15:52:25","slug":"programas-4to-ano-2010","status":"publish","type":"page","link":"https:\/\/ens7-caba.infd.edu.ar\/sitio\/programas-4to-ano-2010\/","title":{"rendered":"Programas 4to A\u00f1o 2010"},"content":{"rendered":"<p style=\"text-align: center;\"><strong> <span style=\"color: #800000; font-family: 'MS Sans Serif'; font-size: medium;\"><br \/>\n<\/span><\/strong><\/p>\n<div>\n<table id=\"table1\" style=\"width: 637px; height: 646px;\" border=\"0\">\n<tbody>\n<tr>\n<td style=\"border: 1px solid #990000; text-align: center;\"><span style=\"font-size: 10pt; font-family: tahoma, arial, helvetica, sans-serif;\"><strong>4\u00ba 1\u00ba<\/strong><\/span><\/td>\n<td style=\"border: 1px solid #990000; text-align: center;\"><span style=\"font-size: 10pt; font-family: tahoma, arial, helvetica, sans-serif;\"><strong>4\u00ba 2\u00ba<\/strong><\/span><\/td>\n<td style=\"border: 1px solid #990000; text-align: center;\"><span style=\"font-size: 10pt; font-family: tahoma, arial, helvetica, sans-serif;\"><strong>4\u00ba 3\u00ba<\/strong><\/span><\/td>\n<td style=\"border: 1px solid #990000; text-align: center;\"><span style=\"font-size: 10pt; font-family: tahoma, arial, helvetica, sans-serif;\"><strong>4\u00ba 4\u00ba<\/strong><\/span><\/td>\n<\/tr>\n<tr>\n<td style=\"border: 1px solid #990000;\"><span style=\"font-family: tahoma, arial, helvetica, sans-serif; font-size: 10pt;\"><a href=\"https:\/\/drive.google.com\/open?id=0BxM0x8iu1auxaEt1REZKMUFMUkU\"> Literatura<\/a><\/span><\/td>\n<td style=\"border: 1px solid #990000;\"><span style=\"font-family: tahoma, arial, helvetica, sans-serif; font-size: 10pt;\"><a href=\"https:\/\/drive.google.com\/open?id=0BxM0x8iu1auxaEt1REZKMUFMUkU\"> Literatura<\/a><\/span><\/td>\n<td style=\"border: 1px solid #990000;\"><span style=\"font-family: tahoma, arial, helvetica, sans-serif; font-size: 10pt;\"><a href=\"https:\/\/drive.google.com\/open?id=0BxM0x8iu1auxaEt1REZKMUFMUkU\"> Literatura<\/a><\/span><\/td>\n<td style=\"border: 1px solid #990000;\"><span style=\"font-family: tahoma, arial, helvetica, sans-serif; font-size: 10pt;\"><a href=\"https:\/\/drive.google.com\/open?id=0BxM0x8iu1auxaEt1REZKMUFMUkU\"> Literatura<\/a><\/span><\/td>\n<\/tr>\n<tr>\n<td style=\"border: 1px solid #990000;\"><span style=\"font-family: tahoma, arial, helvetica, sans-serif; font-size: 10pt;\"><a href=\"https:\/\/drive.google.com\/open?id=0BxM0x8iu1auxT2JLUkdCQUlHMnM\"> Franc\u00e9s<\/a>\/<a href=\"https:\/\/drive.google.com\/open?id=0BxM0x8iu1auxSXJpMlBFVkliY2M\">Ingl\u00e9s<\/a><\/span><\/td>\n<td style=\"border: 1px solid #990000;\"><span style=\"font-family: tahoma, arial, helvetica, sans-serif; font-size: 10pt;\"><a href=\"https:\/\/drive.google.com\/open?id=0BxM0x8iu1auxT2JLUkdCQUlHMnM\"> Franc\u00e9s<\/a>\/<a href=\"https:\/\/drive.google.com\/open?id=0BxM0x8iu1auxSXJpMlBFVkliY2M\">Ingl\u00e9s<\/a><\/span><\/td>\n<td style=\"border: 1px solid #990000;\"><span style=\"font-family: tahoma, arial, helvetica, sans-serif; font-size: 10pt;\"><a href=\"https:\/\/drive.google.com\/open?id=0BxM0x8iu1auxT2JLUkdCQUlHMnM\"> Franc\u00e9s<\/a>\/<a href=\"https:\/\/drive.google.com\/open?id=0BxM0x8iu1auxSXJpMlBFVkliY2M\">Ingl\u00e9s<\/a><\/span><\/td>\n<td style=\"border: 1px solid #990000;\"><span style=\"font-family: tahoma, arial, helvetica, sans-serif; font-size: 10pt;\"><a href=\"https:\/\/drive.google.com\/open?id=0BxM0x8iu1auxT2JLUkdCQUlHMnM\"> Franc\u00e9s<\/a>\/<a href=\"https:\/\/drive.google.com\/open?id=0BxM0x8iu1auxSXJpMlBFVkliY2M\">Ingl\u00e9s<\/a><\/span><\/td>\n<\/tr>\n<tr>\n<td style=\"border: 1px solid #990000;\"><span style=\"font-family: tahoma, arial, helvetica, sans-serif; font-size: 10pt;\"><a href=\"https:\/\/drive.google.com\/open?id=0BxM0x8iu1auxVWVrNHFJUDFTS28\"> Matem\u00e1tica<\/a><\/span><\/td>\n<td style=\"border: 1px solid #990000;\"><span style=\"font-family: tahoma, arial, helvetica, sans-serif; font-size: 10pt;\"><a href=\"https:\/\/drive.google.com\/open?id=0BxM0x8iu1auxNzVtX2EzeGZmNWc\">Matem\u00e1tica<\/a><\/span><\/td>\n<td style=\"border: 1px solid #990000;\"><span style=\"font-family: tahoma, arial, helvetica, sans-serif; font-size: 10pt;\"><a href=\"https:\/\/drive.google.com\/open?id=0BxM0x8iu1auxbUl3R3I1MmdGM0U\"> Matem\u00e1tica<\/a><\/span><\/td>\n<td style=\"border: 1px solid #990000;\"><span style=\"font-family: tahoma, arial, helvetica, sans-serif; font-size: 10pt;\"><a href=\"https:\/\/drive.google.com\/open?id=0BxM0x8iu1auxcmZjR2hfM3V6TFk\"> Matem\u00e1tica<\/a><\/span><\/td>\n<\/tr>\n<tr>\n<td style=\"border: 1px solid #990000;\"><span style=\"font-family: tahoma, arial, helvetica, sans-serif; font-size: 10pt;\"><a href=\"https:\/\/drive.google.com\/open?id=0BxM0x8iu1auxaTE3aEs2Tm1ZbGs\"> F\u00edsica<\/a><\/span><\/td>\n<td style=\"border: 1px solid #990000;\"><span style=\"font-family: tahoma, arial, helvetica, sans-serif; font-size: 10pt;\"><a href=\"https:\/\/drive.google.com\/open?id=0BxM0x8iu1auxYlZGWU5FU3RxVDA\">F\u00edsica<\/a><\/span><\/td>\n<td style=\"border: 1px solid #990000;\"><span style=\"font-family: tahoma, arial, helvetica, sans-serif; font-size: 10pt;\"><a href=\"https:\/\/drive.google.com\/open?id=0BxM0x8iu1auxRTRDbDZCREItcWM\"> F\u00edsica<\/a><\/span><\/td>\n<td style=\"border: 1px solid #990000;\"><span style=\"font-family: tahoma, arial, helvetica, sans-serif; font-size: 10pt;\"><a href=\"https:\/\/drive.google.com\/open?id=0BxM0x8iu1auxRTRDbDZCREItcWM\"> F\u00edsica<\/a><\/span><\/td>\n<\/tr>\n<tr>\n<td style=\"border: 1px solid #990000;\"><span style=\"font-family: tahoma, arial, helvetica, sans-serif; font-size: 10pt;\"><a href=\"https:\/\/drive.google.com\/open?id=0BxM0x8iu1auxUG9WNVZsd0tteHM\"> Qu\u00edmica<\/a><\/span><\/td>\n<td style=\"border: 1px solid #990000;\"><span style=\"font-family: tahoma, arial, helvetica, sans-serif; font-size: 10pt;\"><a href=\"https:\/\/drive.google.com\/open?id=0BxM0x8iu1auxRExRRmluVW5EaWs\">Geograf\u00eda<\/a><\/span><\/td>\n<td style=\"border: 1px solid #990000;\"><span style=\"font-size: 10pt;\"><a href=\"https:\/\/drive.google.com\/open?id=0BxM0x8iu1auxRExRRmluVW5EaWs\">Geograf\u00eda<\/a><\/span><\/td>\n<td style=\"border: 1px solid #990000;\"><span style=\"font-family: tahoma, arial, helvetica, sans-serif;\"><span style=\"font-size: 13.3333px;\"><a href=\"https:\/\/drive.google.com\/open?id=0BxM0x8iu1auxRExRRmluVW5EaWs\">Geograf\u00eda<\/a><\/span><\/span><\/td>\n<\/tr>\n<tr>\n<td style=\"border: 1px solid #990000;\"><span style=\"font-family: tahoma, arial, helvetica, sans-serif; font-size: 10pt;\"><a href=\"https:\/\/drive.google.com\/open?id=0BxM0x8iu1auxSzVhb3hoT3VoOFU\"> Cs Biol\u00f3gicas<\/a><\/span><\/td>\n<td style=\"border: 1px solid #990000;\"><span style=\"font-family: tahoma, arial, helvetica, sans-serif; font-size: 10pt;\"><a href=\"https:\/\/drive.google.com\/open?id=0BxM0x8iu1auxTEwtYVBLTndVRmc\">Cs Biol\u00f3gicas<\/a><\/span><\/td>\n<td style=\"border: 1px solid #990000;\"><span style=\"font-family: tahoma, arial, helvetica, sans-serif; font-size: 10pt;\"><a href=\"https:\/\/drive.google.com\/open?id=0BxM0x8iu1auxR1ZWbUpRczFJSWs\"> Cs Biol\u00f3gicas<\/a><\/span><\/td>\n<td style=\"border: 1px solid #990000;\"><span style=\"font-family: tahoma, arial, helvetica, sans-serif; font-size: 10pt;\"><a href=\"https:\/\/drive.google.com\/open?id=0BxM0x8iu1auxR1ZWbUpRczFJSWs\"> Cs Biol\u00f3gicas<\/a><\/span><\/td>\n<\/tr>\n<tr>\n<td style=\"border: 1px solid #990000;\"><span style=\"font-family: tahoma, arial, helvetica, sans-serif; font-size: 10pt;\"><a href=\"https:\/\/drive.google.com\/open?id=0BxM0x8iu1auxRExRRmluVW5EaWs\"> Geograf\u00eda<\/a><\/span><\/td>\n<td style=\"border: 1px solid #990000;\"><span style=\"font-family: tahoma, arial, helvetica, sans-serif; font-size: 10pt;\"><a href=\"https:\/\/drive.google.com\/open?id=0BxM0x8iu1auxeFFfZWdHQUNtVk0\">Historia<\/a><\/span><\/td>\n<td style=\"border: 1px solid #990000;\"><span style=\"font-family: tahoma, arial, helvetica, sans-serif; font-size: 10pt;\"><a href=\"https:\/\/drive.google.com\/open?id=0BxM0x8iu1auxTVRkTGhYVHZkQ2c\"> Psicolog\u00eda Gral<\/a><\/span><\/td>\n<td style=\"border: 1px solid #990000;\"><span style=\"font-family: tahoma, arial, helvetica, sans-serif; font-size: 10pt;\"><a href=\"https:\/\/drive.google.com\/open?id=0BxM0x8iu1auxTVRkTGhYVHZkQ2c\"> Psicolog\u00eda Gral<\/a><\/span><\/td>\n<\/tr>\n<tr>\n<td style=\"border: 1px solid #990000;\"><span style=\"font-family: tahoma, arial, helvetica, sans-serif; font-size: 10pt;\"><a href=\"https:\/\/drive.google.com\/open?id=0BxM0x8iu1auxeFFfZWdHQUNtVk0\"> Historia<\/a><\/span><\/td>\n<td style=\"border: 1px solid #990000;\"><span style=\"font-family: tahoma, arial, helvetica, sans-serif; font-size: 10pt;\"><a href=\"https:\/\/drive.google.com\/open?id=0BxM0x8iu1auxUG9WNVZsd0tteHM\"> Qu\u00edmica<\/a><\/span><\/td>\n<td style=\"border: 1px solid #990000;\"><span style=\"font-size: 10pt;\"><a href=\"https:\/\/drive.google.com\/open?id=0BxM0x8iu1auxUS1ldVZxQk44TjA\">Historia<\/a><\/span><\/td>\n<td style=\"border: 1px solid #990000;\"><span style=\"font-size: 10pt;\"><a href=\"https:\/\/drive.google.com\/open?id=0BxM0x8iu1auxUS1ldVZxQk44TjA\">Historia<\/a><\/span><\/td>\n<\/tr>\n<tr>\n<td style=\"border: 1px solid #990000;\"><span style=\"font-size: 10pt; font-family: tahoma, arial, helvetica, sans-serif;\"><a href=\"https:\/\/drive.google.com\/open?id=0BxM0x8iu1auxUXU5MVlZRnA3Q2s\">M\u00fasica<\/a><\/span><\/td>\n<td style=\"border: 1px solid #990000;\"><span style=\"font-size: 10pt; font-family: tahoma, arial, helvetica, sans-serif;\"><a href=\"https:\/\/drive.google.com\/open?id=0BxM0x8iu1auxZWttNy0tQ3ZjUUk\">M\u00fasica<\/a><\/span><\/td>\n<td style=\"border: 1px solid #990000;\"><span style=\"font-family: tahoma, arial, helvetica, sans-serif; font-size: 10pt;\"><a href=\"https:\/\/drive.google.com\/open?id=0BxM0x8iu1auxQ3pvR1MxYmtzRGs\"> Fundamentos de la Ed.<\/a><\/span><\/td>\n<td style=\"border: 1px solid #990000;\"><span style=\"font-family: tahoma, arial, helvetica, sans-serif; font-size: 10pt;\"><a href=\"https:\/\/drive.google.com\/open?id=0BxM0x8iu1auxRmVFbE1McTRzYkk\"> Fundamentos de la Ed.<\/a><\/span><\/td>\n<\/tr>\n<tr>\n<td style=\"border: 1px solid #990000;\"><span style=\"font-family: tahoma, arial, helvetica, sans-serif; font-size: 10pt;\"><a href=\"https:\/\/drive.google.com\/open?id=0BxM0x8iu1auxTVRkTGhYVHZkQ2c\"> Psicolog\u00eda General<\/a><\/span><\/td>\n<td style=\"border: 1px solid #990000;\"><span style=\"font-family: tahoma, arial, helvetica, sans-serif; font-size: 10pt;\"><a href=\"https:\/\/drive.google.com\/open?id=0BxM0x8iu1auxc05lcnB6WWdqbmM\"> Instrucci\u00f3n C\u00edvica<\/a><\/span><\/td>\n<td style=\"border: 1px solid #990000;\"><span style=\"font-family: tahoma, arial, helvetica, sans-serif; font-size: 10pt;\"><a href=\"https:\/\/drive.google.com\/open?id=0BxM0x8iu1auxcTRBRXd5cFBfdkU\"> Ed.Pl\u00e1stica<\/a><\/span><\/td>\n<td style=\"border: 1px solid #990000;\"><span style=\"font-family: tahoma, arial, helvetica, sans-serif; font-size: 10pt;\"><a href=\"https:\/\/drive.google.com\/open?id=0BxM0x8iu1auxMWItdGZtT2NQTGM\"> Ed. Pl\u00e1stica<\/a><\/span><\/td>\n<\/tr>\n<tr>\n<td style=\"border: 1px solid #990000;\"><span style=\"font-family: tahoma, arial, helvetica, sans-serif; font-size: 10pt;\"><a href=\"https:\/\/drive.google.com\/open?id=0BxM0x8iu1auxNG9vVE5uU2x2V1k\"> Ed. F\u00edsica<\/a><\/span><\/td>\n<td style=\"border: 1px solid #990000;\"><span style=\"font-family: tahoma, arial, helvetica, sans-serif; font-size: 10pt;\"><a href=\"https:\/\/drive.google.com\/open?id=0BxM0x8iu1auxMnJ3VkJrTVNuNkU\"> Psicolog\u00eda<\/a><\/span><\/td>\n<td style=\"border: 1px solid #990000;\"><span style=\"font-family: tahoma, arial, helvetica, sans-serif; font-size: 10pt;\"><a href=\"https:\/\/drive.google.com\/open?id=0BxM0x8iu1auxR2ppMVAxb3hsUzg\">Prob. Filos\u00f3fica<\/a><\/span><\/td>\n<td style=\"border: 1px solid #990000;\"><span style=\"font-family: tahoma, arial, helvetica, sans-serif; font-size: 10pt;\"><a href=\"https:\/\/drive.google.com\/open?id=0BxM0x8iu1auxR2ppMVAxb3hsUzg\">Prob. Filos\u00f3fica<\/a><\/span><\/td>\n<\/tr>\n<tr>\n<td style=\"border: 1px solid #990000;\"><span style=\"font-family: tahoma, arial, helvetica, sans-serif; font-size: 10pt;\"><a href=\"https:\/\/drive.google.com\/open?id=0BxM0x8iu1auxU2NmVmd5dHBReDA\">Inform\u00e1tica<\/a><\/span><\/td>\n<td style=\"border: 1px solid #990000;\"><span style=\"font-family: tahoma, arial, helvetica, sans-serif; font-size: 10pt;\"><a href=\"https:\/\/drive.google.com\/open?id=0BxM0x8iu1auxNG9vVE5uU2x2V1k\">Ed. F\u00edsica<\/a><\/span><\/td>\n<td style=\"border: 1px solid #990000;\"><span style=\"font-family: tahoma, arial, helvetica, sans-serif; font-size: 10pt;\"><a href=\"https:\/\/drive.google.com\/open?id=0BxM0x8iu1auxNG9vVE5uU2x2V1k\">Ed. F\u00edsica<\/a><\/span><\/td>\n<td style=\"border: 1px solid #990000;\"><span style=\"font-family: tahoma, arial, helvetica, sans-serif; font-size: 10pt;\"><a href=\"https:\/\/drive.google.com\/open?id=0BxM0x8iu1auxNG9vVE5uU2x2V1k\">Ed. F\u00edsica<\/a><\/span><\/td>\n<\/tr>\n<tr>\n<td style=\"border: 1px solid #990000;\"><\/td>\n<td style=\"border: 1px solid #990000;\"><span style=\"font-family: tahoma, arial, helvetica, sans-serif; font-size: 10pt;\"><a href=\"https:\/\/drive.google.com\/open?id=0BxM0x8iu1auxeFdhSl9vUU45eTA\">Inform\u00e1tica<\/a><\/span><\/td>\n<td style=\"border: 1px solid #990000;\"><span style=\"font-family: tahoma, arial, helvetica, sans-serif; font-size: 10pt;\"><a href=\"https:\/\/drive.google.com\/open?id=0BxM0x8iu1auxLXV0Y3I2R0NBMzQ\"> Inform\u00e1tica<\/a><\/span><\/td>\n<td style=\"border: 1px solid #990000;\"><span style=\"font-family: tahoma, arial, helvetica, sans-serif; font-size: 10pt;\"><a href=\"https:\/\/drive.google.com\/open?id=0BxM0x8iu1auxbFR6YkVkOFBYRms\"> Inform\u00e1tica<\/a><\/span><\/td>\n<\/tr>\n<tr>\n<td width=\"26%\" height=\"18\"><span style=\"font-size: 10pt; font-family: tahoma, arial, helvetica, sans-serif;\">\u00a0<\/span><\/td>\n<td style=\"width: 22%; height: 18px; border: 1px solid #ffffff;\"><span style=\"font-family: tahoma, arial, helvetica, sans-serif; font-size: 10pt;\">\u00a0<\/span><\/td>\n<td width=\"22%\" height=\"18\"><span style=\"font-size: 10pt; font-family: tahoma, arial, helvetica, sans-serif;\">\u00a0<\/span><\/td>\n<\/tr>\n<\/tbody>\n<\/table>\n<\/div>\n","protected":false},"excerpt":{"rendered":"<p>4\u00ba 1\u00ba 4\u00ba 2\u00ba 4\u00ba 3\u00ba 4\u00ba 4\u00ba Literatura Literatura Literatura Literatura Franc\u00e9s\/Ingl\u00e9s Franc\u00e9s\/Ingl\u00e9s Franc\u00e9s\/Ingl\u00e9s Franc\u00e9s\/Ingl\u00e9s Matem\u00e1tica Matem\u00e1tica Matem\u00e1tica Matem\u00e1tica F\u00edsica F\u00edsica F\u00edsica F\u00edsica Qu\u00edmica Geograf\u00eda Geograf\u00eda Geograf\u00eda Cs Biol\u00f3gicas Cs Biol\u00f3gicas Cs Biol\u00f3gicas Cs Biol\u00f3gicas Geograf\u00eda Historia Psicolog\u00eda Gral Psicolog\u00eda Gral Historia Qu\u00edmica Historia Historia M\u00fasica M\u00fasica Fundamentos de la Ed. Fundamentos de la &#8230; <a title=\"Programas 4to A\u00f1o 2010\" class=\"read-more\" href=\"https:\/\/ens7-caba.infd.edu.ar\/sitio\/programas-4to-ano-2010\/\" aria-label=\"More on Programas 4to A\u00f1o 2010\">[+]<\/a><\/p>\n","protected":false},"author":2274,"featured_media":0,"parent":0,"menu_order":0,"comment_status":"closed","ping_status":"closed","template":"","meta":[],"acf":[],"_links":{"self":[{"href":"https:\/\/ens7-caba.infd.edu.ar\/sitio\/wp-json\/wp\/v2\/pages\/1030"}],"collection":[{"href":"https:\/\/ens7-caba.infd.edu.ar\/sitio\/wp-json\/wp\/v2\/pages"}],"about":[{"href":"https:\/\/ens7-caba.infd.edu.ar\/sitio\/wp-json\/wp\/v2\/types\/page"}],"author":[{"embeddable":true,"href":"https:\/\/ens7-caba.infd.edu.ar\/sitio\/wp-json\/wp\/v2\/users\/2274"}],"replies":[{"embeddable":true,"href":"https:\/\/ens7-caba.infd.edu.ar\/sitio\/wp-json\/wp\/v2\/comments?post=1030"}],"version-history":[{"count":2,"href":"https:\/\/ens7-caba.infd.edu.ar\/sitio\/wp-json\/wp\/v2\/pages\/1030\/revisions"}],"predecessor-version":[{"id":1177,"href":"https:\/\/ens7-caba.infd.edu.ar\/sitio\/wp-json\/wp\/v2\/pages\/1030\/revisions\/1177"}],"wp:attachment":[{"href":"https:\/\/ens7-caba.infd.edu.ar\/sitio\/wp-json\/wp\/v2\/media?parent=1030"}],"curies":[{"name":"wp","href":"https:\/\/api.w.org\/{rel}","templated":true}]}}