{"id":1031,"date":"2018-07-01T22:47:09","date_gmt":"2018-07-02T01:47:09","guid":{"rendered":"https:\/\/ens7-caba.infd.edu.ar\/sitio\/?page_id=1031"},"modified":"2018-07-10T12:52:26","modified_gmt":"2018-07-10T15:52:26","slug":"programas-5to-ano-2010","status":"publish","type":"page","link":"https:\/\/ens7-caba.infd.edu.ar\/sitio\/programas-5to-ano-2010\/","title":{"rendered":"Programas 5to A\u00f1o 2010"},"content":{"rendered":"<p style=\"text-align: center;\"><strong> <span style=\"color: #800000; font-family: 'MS Sans Serif'; font-size: medium;\"><br \/>\n<\/span><\/strong><\/p>\n<div>\n<table id=\"table1\" style=\"width: 514px; height: 495px;\" border=\"0\">\n<tbody>\n<tr>\n<td style=\"border: 1px solid #990000; text-align: center;\"><strong><span style=\"font-family: 'MS Sans Serif';\">5\u00ba 1\u00ba<\/span><\/strong><\/td>\n<td style=\"border: 1px solid #990000; text-align: center;\"><strong><span style=\"font-family: 'MS Sans Serif';\">5\u00ba 2\u00ba<\/span><\/strong><\/td>\n<td style=\"border: 1px solid #990000; text-align: center;\"><strong><span style=\"font-family: 'MS Sans Serif';\">5\u00ba 3\u00ba<\/span><\/strong><\/td>\n<td style=\"border: 1px solid #990000; text-align: center;\"><strong><span style=\"font-family: 'MS Sans Serif';\">5\u00ba 4\u00ba<\/span><\/strong><\/td>\n<\/tr>\n<tr>\n<td style=\"border: 1px solid #990000;\"><span style=\"font-family: 'MS Sans Serif'; font-size: small;\"><a href=\"https:\/\/drive.google.com\/open?id=0BxM0x8iu1auxTEFsaTNNN1Y2ZGs\">Literatura<\/a><\/span><\/td>\n<td style=\"border: 1px solid #990000;\"><span style=\"font-family: 'MS Sans Serif'; font-size: small;\"><a href=\"https:\/\/drive.google.com\/open?id=0BxM0x8iu1auxTEFsaTNNN1Y2ZGs\"> Literatura<\/a><\/span><\/td>\n<td style=\"border: 1px solid #990000;\"><span style=\"font-family: 'MS Sans Serif'; font-size: small;\"><a href=\"https:\/\/drive.google.com\/open?id=0BxM0x8iu1auxTEFsaTNNN1Y2ZGs\"> Literatura<\/a><\/span><\/td>\n<td style=\"border: 1px solid #990000;\"><span style=\"font-family: 'MS Sans Serif'; font-size: small;\"><a href=\"https:\/\/drive.google.com\/open?id=0BxM0x8iu1auxTEFsaTNNN1Y2ZGs\"> Literatura<\/a><\/span><\/td>\n<\/tr>\n<tr>\n<td style=\"border: 1px solid #990000;\"><span style=\"font-family: 'MS Sans Serif'; font-size: small;\"><a href=\"https:\/\/drive.google.com\/open?id=0BxM0x8iu1auxYnBVSUh3d1VzRXM\"> Matem\u00e1tica<\/a><\/span><\/td>\n<td style=\"border: 1px solid #990000;\"><span style=\"font-family: 'MS Sans Serif'; font-size: small;\"><a href=\"https:\/\/drive.google.com\/open?id=0BxM0x8iu1auxaGh1eDUyRzFPeTQ\"> Matem\u00e1tica<\/a><\/span><\/td>\n<td style=\"border: 1px solid #990000;\"><span style=\"font-family: 'MS Sans Serif'; font-size: small;\"><a href=\"https:\/\/drive.google.com\/open?id=0BxM0x8iu1auxYnBVSUh3d1VzRXM\"> Matem\u00e1tica<\/a><\/span><\/td>\n<td style=\"border: 1px solid #990000;\"><span style=\"font-family: 'MS Sans Serif'; font-size: small;\"><a href=\"https:\/\/drive.google.com\/open?id=0BxM0x8iu1auxaGh1eDUyRzFPeTQ\"> Matem\u00e1tica<\/a><\/span><\/td>\n<\/tr>\n<tr>\n<td style=\"border: 1px solid #990000;\"><span style=\"font-family: 'MS Sans Serif'; font-size: small;\"><a href=\"https:\/\/drive.google.com\/open?id=0BxM0x8iu1auxSHRQalpmREFEanc\"> Franc\u00e9s<\/a>\/<a href=\"https:\/\/drive.google.com\/open?id=0BxM0x8iu1auxd2s4WmcwemRIWUE\">Ingl\u00e9s<\/a><\/span><\/td>\n<td style=\"border: 1px solid #990000;\"><span style=\"font-family: 'MS Sans Serif'; font-size: small;\"><a href=\"https:\/\/drive.google.com\/open?id=0BxM0x8iu1auxSHRQalpmREFEanc\">Franc\u00e9s<\/a>\/<a href=\"https:\/\/drive.google.com\/open?id=0BxM0x8iu1auxd2s4WmcwemRIWUE\">Ingl\u00e9s<\/a><\/span><\/td>\n<td style=\"border: 1px solid #990000;\"><span style=\"font-family: 'MS Sans Serif'; font-size: small;\"><a href=\"https:\/\/drive.google.com\/open?id=0BxM0x8iu1auxSHRQalpmREFEanc\"> Franc\u00e9s<\/a>\/<a href=\"https:\/\/drive.google.com\/open?id=0BxM0x8iu1auxd2s4WmcwemRIWUE\">Ingl\u00e9s<\/a><\/span><\/td>\n<td style=\"border: 1px solid #990000;\"><span style=\"font-family: 'MS Sans Serif'; font-size: small;\"><a href=\"https:\/\/drive.google.com\/open?id=0BxM0x8iu1auxSHRQalpmREFEanc\"> Franc\u00e9s<\/a>\/<a href=\"https:\/\/drive.google.com\/open?id=0BxM0x8iu1auxd2s4WmcwemRIWUE\">Ingl\u00e9s<\/a><\/span><\/td>\n<\/tr>\n<tr>\n<td style=\"border: 1px solid #990000;\"><span style=\"font-family: 'MS Sans Serif'; font-size: small;\"><a href=\"https:\/\/drive.google.com\/open?id=0BxM0x8iu1auxa3F2dzBnRkgyelU\">F\u00edsica<\/a><\/span><\/td>\n<td style=\"border: 1px solid #990000;\"><span style=\"font-family: 'MS Sans Serif'; font-size: small;\"><a href=\"https:\/\/drive.google.com\/open?id=0BxM0x8iu1auxa3F2dzBnRkgyelU\"> F\u00edsica<\/a><\/span><\/td>\n<td style=\"border: 1px solid #990000;\"><span style=\"font-family: 'MS Sans Serif'; font-size: small;\"><a href=\"https:\/\/drive.google.com\/open?id=0BxM0x8iu1auxVWJQNENGUjZLNUE\"> Qu\u00edmica<\/a><\/span><\/td>\n<td style=\"border: 1px solid #990000;\"><span style=\"font-family: 'MS Sans Serif'; font-size: small;\"><a href=\"https:\/\/drive.google.com\/open?id=0BxM0x8iu1auxVWJQNENGUjZLNUE\"> Qu\u00edmica<\/a><\/span><\/td>\n<\/tr>\n<tr>\n<td style=\"border: 1px solid #990000;\"><span style=\"font-family: 'MS Sans Serif'; font-size: small;\"><a href=\"https:\/\/drive.google.com\/open?id=0BxM0x8iu1auxSTlrbWNTc29aVms\"> Qu\u00edmica<\/a><\/span><\/td>\n<td style=\"border: 1px solid #990000;\"><span style=\"font-family: 'MS Sans Serif'; font-size: small;\"><a href=\"https:\/\/drive.google.com\/open?id=0BxM0x8iu1auxSTlrbWNTc29aVms\"> Qu\u00edmica<\/a><\/span><\/td>\n<td style=\"border: 1px solid #990000;\"><span style=\"font-family: 'MS Sans Serif'; font-size: small;\"><a href=\"https:\/\/drive.google.com\/open?id=0BxM0x8iu1auxUFI0cFZRaS1VSUU\"> Geograf\u00eda<\/a><\/span><\/td>\n<td style=\"border: 1px solid #990000;\"><span style=\"font-family: 'MS Sans Serif'; font-size: small;\"><a href=\"https:\/\/drive.google.com\/open?id=0BxM0x8iu1auxUFI0cFZRaS1VSUU\"> Geograf\u00eda<\/a><\/span><\/td>\n<\/tr>\n<tr>\n<td style=\"border: 1px solid #990000;\"><span style=\"font-family: 'MS Sans Serif'; font-size: small;\"><a href=\"https:\/\/drive.google.com\/open?id=0BxM0x8iu1auxNHBwMEtJbE01Q0E\"> Cs. Biol\u00f3gicas<\/a><\/span><\/td>\n<td style=\"border: 1px solid #990000;\"><span style=\"font-family: 'MS Sans Serif'; font-size: small;\"><a href=\"https:\/\/drive.google.com\/open?id=0BxM0x8iu1auxOFh0MlNLYVd0blE\">Cs Biol\u00f3gicas<\/a><\/span><\/td>\n<td style=\"border: 1px solid #990000;\"><span style=\"font-family: 'MS Sans Serif'; font-size: small;\"><a href=\"https:\/\/drive.google.com\/open?id=0BxM0x8iu1auxOTU0WGVxYVc3cTg\"> Hist. Social de la Ed.<\/a><\/span><\/td>\n<td style=\"border: 1px solid #990000;\"><span style=\"font-family: 'MS Sans Serif'; font-size: small;\"><a href=\"https:\/\/drive.google.com\/open?id=0BxM0x8iu1auxOTU0WGVxYVc3cTg\"> Hist. Social de la Ed.<\/a><\/span><\/td>\n<\/tr>\n<tr>\n<td style=\"border: 1px solid #990000;\"><span style=\"font-family: 'MS Sans Serif'; font-size: small;\"><a href=\"https:\/\/drive.google.com\/open?id=0BxM0x8iu1auxUFI0cFZRaS1VSUU\"> Geograf\u00eda<\/a><\/span><\/td>\n<td style=\"border: 1px solid #990000;\"><span style=\"font-family: 'MS Sans Serif'; font-size: small;\"><a href=\"https:\/\/drive.google.com\/open?id=0BxM0x8iu1auxUFI0cFZRaS1VSUU\"> Geograf\u00eda<\/a><\/span><\/td>\n<td style=\"border: 1px solid #990000;\"><span style=\"font-family: 'MS Sans Serif'; font-size: small;\"><a href=\"https:\/\/drive.google.com\/open?id=0BxM0x8iu1auxOGpiZnFodk8xcHc\"> Psicolog\u00eda Educacional<\/a><\/span><\/td>\n<td style=\"border: 1px solid #990000;\"><span style=\"font-family: 'MS Sans Serif'; font-size: small;\"><a href=\"https:\/\/drive.google.com\/open?id=0BxM0x8iu1auxOGpiZnFodk8xcHc\"> Psicolog\u00eda Educacional<\/a><\/span><\/td>\n<\/tr>\n<tr>\n<td style=\"border: 1px solid #990000;\"><span style=\"font-family: 'MS Sans Serif'; font-size: small;\"><a href=\"https:\/\/drive.google.com\/open?id=0BxM0x8iu1auxdzZwNWwyMS1UdEU\"> Historia<\/a><\/span><\/td>\n<td style=\"border: 1px solid #990000;\"><span style=\"font-family: 'MS Sans Serif'; font-size: small;\"><a href=\"https:\/\/drive.google.com\/open?id=0BxM0x8iu1auxdzZwNWwyMS1UdEU\"> Historia<\/a><\/span><\/td>\n<td style=\"border: 1px solid #990000;\"><span style=\"font-family: 'MS Sans Serif'; font-size: small;\"><a href=\"https:\/\/drive.google.com\/open?id=0BxM0x8iu1auxSW5wMkhObUstck0\"> L\u00f3gica<\/a><\/span><\/td>\n<td style=\"border: 1px solid #990000;\"><span style=\"font-family: 'MS Sans Serif'; font-size: small;\"><a href=\"https:\/\/drive.google.com\/open?id=0BxM0x8iu1auxSW5wMkhObUstck0\"> L\u00f3gica<\/a><\/span><\/td>\n<\/tr>\n<tr>\n<td style=\"border: 1px solid #990000;\"><span style=\"font-family: 'MS Sans Serif'; font-size: small;\"><a href=\"https:\/\/drive.google.com\/open?id=0BxM0x8iu1auxRnlZWXpvM3YyNjQ\"> Filosof\u00eda<\/a><\/span><\/td>\n<td style=\"border: 1px solid #990000;\"><span style=\"font-family: 'MS Sans Serif'; font-size: small;\"><a href=\"https:\/\/drive.google.com\/open?id=0BxM0x8iu1auxUlNiQ1JqeE5CcWM\"> L\u00f3gica<\/a><\/span><\/td>\n<td style=\"border: 1px solid #990000;\"><span style=\"font-family: 'MS Sans Serif'; font-size: small;\"><a href=\"https:\/\/drive.google.com\/open?id=0BxM0x8iu1auxekFqOEVKU3U1b3M\"> Instrucci\u00f3n C\u00edvica<\/a><\/span><\/td>\n<td style=\"border: 1px solid #990000;\"><span style=\"font-family: 'MS Sans Serif'; font-size: small;\"><a href=\"https:\/\/drive.google.com\/open?id=0BxM0x8iu1auxekFqOEVKU3U1b3M\"> Instrucci\u00f3n C\u00edvica<\/a><\/span><\/td>\n<\/tr>\n<tr>\n<td style=\"border: 1px solid #990000;\"><span style=\"font-family: 'MS Sans Serif'; font-size: small;\"><a href=\"https:\/\/drive.google.com\/open?id=0BxM0x8iu1auxekFqOEVKU3U1b3M\"> Instrucci\u00f3n C\u00edvica<\/a><\/span><\/td>\n<td style=\"border: 1px solid #990000;\"><span style=\"font-family: 'MS Sans Serif'; font-size: small;\">\u00a0<a href=\"https:\/\/drive.google.com\/open?id=0BxM0x8iu1auxQ3RRWWVpTk5pWHc\">M\u00fasica<\/a><\/span><\/td>\n<td style=\"border: 1px solid #990000;\"><span style=\"font-family: 'MS Sans Serif'; font-size: small;\"><a href=\"https:\/\/drive.google.com\/open?id=0BxM0x8iu1auxM2pMQ1lPaGxOQUE\">M\u00fasica<\/a><\/span><\/td>\n<td style=\"border: 1px solid #990000;\"><span style=\"font-family: tahoma, arial, helvetica, sans-serif; font-size: 10pt;\"><a href=\"https:\/\/drive.google.com\/open?id=0BxM0x8iu1auxUEdIdm1ueDRYYTg\">M\u00fasica<\/a><\/span><\/td>\n<\/tr>\n<tr>\n<td style=\"border: 1px solid #990000;\"><span style=\"font-family: 'MS Sans Serif'; font-size: small;\"><a href=\"https:\/\/drive.google.com\/open?id=0BxM0x8iu1auxeWJLV2o5bnV5OVU\"> Ed. F\u00edsica<\/a><\/span><\/td>\n<td style=\"border: 1px solid #990000;\"><span style=\"font-family: 'MS Sans Serif'; font-size: small;\"><a href=\"https:\/\/drive.google.com\/open?id=0BxM0x8iu1auxeWJLV2o5bnV5OVU\">Ed. Fisica<\/a><\/span><\/td>\n<td style=\"border: 1px solid #990000;\"><span style=\"font-family: 'MS Sans Serif'; font-size: small;\"><a href=\"https:\/\/drive.google.com\/open?id=0BxM0x8iu1auxeWJLV2o5bnV5OVU\"> Ed. F\u00edsica<\/a><\/span><\/td>\n<td style=\"border: 1px solid #990000;\"><span style=\"font-family: 'MS Sans Serif'; font-size: small;\"><a href=\"https:\/\/drive.google.com\/open?id=0BxM0x8iu1auxeWJLV2o5bnV5OVU\"> Ed. F\u00edsica<\/a><\/span><\/td>\n<\/tr>\n<tr>\n<td style=\"border: 1px solid #990000;\"><\/td>\n<td style=\"border: 1px solid #990000;\"><span style=\"font-family: 'MS Sans Serif'; font-size: small;\"> ESEA<\/span><\/td>\n<td style=\"border: 1px solid #990000;\"><\/td>\n<td style=\"border: 1px solid #990000;\"><\/td>\n<\/tr>\n<\/tbody>\n<\/table>\n<\/div>\n","protected":false},"excerpt":{"rendered":"<p>5\u00ba 1\u00ba 5\u00ba 2\u00ba 5\u00ba 3\u00ba 5\u00ba 4\u00ba Literatura Literatura Literatura Literatura Matem\u00e1tica Matem\u00e1tica Matem\u00e1tica Matem\u00e1tica Franc\u00e9s\/Ingl\u00e9s Franc\u00e9s\/Ingl\u00e9s Franc\u00e9s\/Ingl\u00e9s Franc\u00e9s\/Ingl\u00e9s F\u00edsica F\u00edsica Qu\u00edmica Qu\u00edmica Qu\u00edmica Qu\u00edmica Geograf\u00eda Geograf\u00eda Cs. Biol\u00f3gicas Cs Biol\u00f3gicas Hist. Social de la Ed. Hist. Social de la Ed. Geograf\u00eda Geograf\u00eda Psicolog\u00eda Educacional Psicolog\u00eda Educacional Historia Historia L\u00f3gica L\u00f3gica Filosof\u00eda L\u00f3gica Instrucci\u00f3n &#8230; <a title=\"Programas 5to A\u00f1o 2010\" class=\"read-more\" href=\"https:\/\/ens7-caba.infd.edu.ar\/sitio\/programas-5to-ano-2010\/\" aria-label=\"More on Programas 5to A\u00f1o 2010\">[+]<\/a><\/p>\n","protected":false},"author":2274,"featured_media":0,"parent":0,"menu_order":0,"comment_status":"closed","ping_status":"closed","template":"","meta":[],"acf":[],"_links":{"self":[{"href":"https:\/\/ens7-caba.infd.edu.ar\/sitio\/wp-json\/wp\/v2\/pages\/1031"}],"collection":[{"href":"https:\/\/ens7-caba.infd.edu.ar\/sitio\/wp-json\/wp\/v2\/pages"}],"about":[{"href":"https:\/\/ens7-caba.infd.edu.ar\/sitio\/wp-json\/wp\/v2\/types\/page"}],"author":[{"embeddable":true,"href":"https:\/\/ens7-caba.infd.edu.ar\/sitio\/wp-json\/wp\/v2\/users\/2274"}],"replies":[{"embeddable":true,"href":"https:\/\/ens7-caba.infd.edu.ar\/sitio\/wp-json\/wp\/v2\/comments?post=1031"}],"version-history":[{"count":1,"href":"https:\/\/ens7-caba.infd.edu.ar\/sitio\/wp-json\/wp\/v2\/pages\/1031\/revisions"}],"predecessor-version":[{"id":1187,"href":"https:\/\/ens7-caba.infd.edu.ar\/sitio\/wp-json\/wp\/v2\/pages\/1031\/revisions\/1187"}],"wp:attachment":[{"href":"https:\/\/ens7-caba.infd.edu.ar\/sitio\/wp-json\/wp\/v2\/media?parent=1031"}],"curies":[{"name":"wp","href":"https:\/\/api.w.org\/{rel}","templated":true}]}}