{"id":1037,"date":"2018-07-01T22:05:27","date_gmt":"2018-07-02T01:05:27","guid":{"rendered":"https:\/\/ens7-caba.infd.edu.ar\/sitio\/?page_id=1037"},"modified":"2018-07-10T12:52:26","modified_gmt":"2018-07-10T15:52:26","slug":"programas-2do-ano-2011","status":"publish","type":"page","link":"https:\/\/ens7-caba.infd.edu.ar\/sitio\/programas-2do-ano-2011\/","title":{"rendered":"Programas 2do A\u00f1o 2011"},"content":{"rendered":"<p style=\"text-align: center;\"><strong>\u00a0<\/strong><\/p>\n<div>\n<table id=\"table1\" style=\"width: 618px; height: 990px;\" border=\"0\">\n<tbody>\n<tr>\n<td style=\"border: 1px solid #990000;\">\n<p style=\"text-align: center;\"><strong>2\u00ba 1\u00ba<\/strong><\/p>\n<\/td>\n<td style=\"border: 1px solid #990000; text-align: center;\"><strong>2\u00ba 2\u00ba<\/strong><\/td>\n<td style=\"border: 1px solid #990000; text-align: center;\"><strong>2\u00ba 3\u00ba<\/strong><\/td>\n<td style=\"border: 1px solid #990000;\">\n<p style=\"text-align: center;\"><strong>2\u00ba 4\u00ba<\/strong><\/p>\n<\/td>\n<\/tr>\n<tr>\n<td style=\"border: 1px solid #990000;\"><a href=\"https:\/\/drive.google.com\/open?id=0BxM0x8iu1auxeEFGS2V5SXh6a1U\">Lengua y literatura<\/a><\/td>\n<td style=\"border: 1px solid #990000;\"><a href=\"https:\/\/drive.google.com\/open?id=0BxM0x8iu1auxeEFGS2V5SXh6a1U\">Lengua y literatura<\/a><\/td>\n<td style=\"border: 1px solid #990000;\"><a href=\"https:\/\/drive.google.com\/open?id=0BxM0x8iu1auxeEFGS2V5SXh6a1U\">Lengua y literatura<\/a><\/td>\n<td style=\"border: 1px solid #990000;\"><a href=\"https:\/\/drive.google.com\/open?id=0BxM0x8iu1auxeEFGS2V5SXh6a1U\">Lengua y literatura<\/a><\/td>\n<\/tr>\n<tr>\n<td style=\"border: 1px solid #990000;\"><a href=\"https:\/\/drive.google.com\/open?id=0BxM0x8iu1auxUFpKelVuazQxVzg\">Ingles<\/a><\/td>\n<td style=\"border: 1px solid #990000;\"><a href=\"https:\/\/drive.google.com\/open?id=0BxM0x8iu1auxV21LcUc5cUcxYXM\">Franc\u00e9s<\/a><\/td>\n<td style=\"border: 1px solid #990000;\"><a href=\"https:\/\/drive.google.com\/open?id=0BxM0x8iu1auxUFpKelVuazQxVzg\">Ingles<\/a><\/td>\n<td style=\"border: 1px solid #990000;\"><a href=\"https:\/\/drive.google.com\/open?id=0BxM0x8iu1auxV21LcUc5cUcxYXM\">Franc\u00e9s<\/a><\/td>\n<\/tr>\n<tr>\n<td style=\"border: 1px solid #990000;\"><a href=\"https:\/\/drive.google.com\/open?id=0BxM0x8iu1auxMXAxZ1ZTM3VqTUE\">Matem\u00e1tica<\/a><\/td>\n<td style=\"border: 1px solid #990000;\"><a href=\"https:\/\/drive.google.com\/open?id=0BxM0x8iu1auxMXAxZ1ZTM3VqTUE\">Matem\u00e1tica<\/a><\/td>\n<td style=\"border: 1px solid #990000;\"><a href=\"https:\/\/drive.google.com\/open?id=0BxM0x8iu1auxMXAxZ1ZTM3VqTUE\">Matem\u00e1tica<\/a><\/td>\n<td style=\"border: 1px solid #990000;\"><a href=\"https:\/\/drive.google.com\/open?id=0BxM0x8iu1auxMXAxZ1ZTM3VqTUE\">Matem\u00e1tica<\/a><\/td>\n<\/tr>\n<tr>\n<td style=\"border: 1px solid #990000;\"><a href=\"https:\/\/drive.google.com\/open?id=0BxM0x8iu1auxLVk4ajZrNGlGemc\">Cs. Biol\u00f3gicas<\/a><\/td>\n<td style=\"border: 1px solid #990000;\"><a href=\"https:\/\/drive.google.com\/open?id=0BxM0x8iu1auxLVk4ajZrNGlGemc\">Cs. Biol\u00f3gicas<\/a><\/td>\n<td style=\"border: 1px solid #990000;\"><a href=\"https:\/\/drive.google.com\/open?id=0BxM0x8iu1auxMVJvVms2V1JFU3c\">Cs. Biol\u00f3gicas<\/a><\/td>\n<td style=\"border: 1px solid #990000;\"><a href=\"https:\/\/drive.google.com\/open?id=0BxM0x8iu1auxMVJvVms2V1JFU3c\">Cs. Biol\u00f3gicas<\/a><\/td>\n<\/tr>\n<tr>\n<td style=\"border: 1px solid #990000;\"><a href=\"https:\/\/drive.google.com\/open?id=0BxM0x8iu1auxWUJzLVJfZWpxODA\">Geograf\u00eda<\/a><\/td>\n<td style=\"border: 1px solid #990000;\"><a href=\"https:\/\/drive.google.com\/open?id=0BxM0x8iu1auxWUJzLVJfZWpxODA\">Geograf\u00eda<\/a><\/td>\n<td style=\"border: 1px solid #990000;\"><a href=\"https:\/\/drive.google.com\/open?id=0BxM0x8iu1auxc2hGTzk2bWFMdm8\">Geograf\u00eda<\/a><\/td>\n<td style=\"border: 1px solid #990000;\"><a href=\"https:\/\/drive.google.com\/open?id=0BxM0x8iu1auxWUJzLVJfZWpxODA\">Geograf\u00eda<\/a><\/td>\n<\/tr>\n<tr>\n<td style=\"border: 1px solid #990000;\"><a href=\"https:\/\/drive.google.com\/open?id=0BxM0x8iu1auxQU9vZ3pPRGN6U0k\">Historia<\/a><\/td>\n<td style=\"border: 1px solid #990000;\"><a href=\"https:\/\/drive.google.com\/open?id=0BxM0x8iu1auxWmExUy12cnZzODA\">Historia<\/a><\/td>\n<td style=\"border: 1px solid #990000;\"><a href=\"https:\/\/drive.google.com\/open?id=0BxM0x8iu1auxWmExUy12cnZzODA\">Historia<\/a><\/td>\n<td style=\"border: 1px solid #990000;\"><a href=\"https:\/\/drive.google.com\/open?id=0BxM0x8iu1auxWmExUy12cnZzODA\">Historia<\/a><\/td>\n<\/tr>\n<tr>\n<td style=\"border: 1px solid #990000;\"><a href=\"https:\/\/drive.google.com\/open?id=0BxM0x8iu1auxc3RuVk1oejh3MUk\">Educaci\u00f3n C\u00edvica<\/a><\/td>\n<td style=\"border: 1px solid #990000;\"><a href=\"https:\/\/drive.google.com\/open?id=0BxM0x8iu1auxc3RuVk1oejh3MUk\">Educaci\u00f3n C\u00edvica<\/a><\/td>\n<td style=\"border: 1px solid #990000;\"><a href=\"https:\/\/drive.google.com\/open?id=0BxM0x8iu1auxc3RuVk1oejh3MUk\">Educaci\u00f3n C\u00edvica<\/a><\/td>\n<td style=\"border: 1px solid #990000;\"><a href=\"https:\/\/drive.google.com\/open?id=0BxM0x8iu1auxc3RuVk1oejh3MUk\">Educaci\u00f3n C\u00edvica<\/a><\/td>\n<\/tr>\n<tr>\n<td style=\"border: 1px solid #990000;\"><a href=\"https:\/\/drive.google.com\/open?id=0BxM0x8iu1auxRXhJNTl1SDdxN1k\">M\u00fasica<\/a><\/td>\n<td style=\"border: 1px solid #990000;\"><a href=\"https:\/\/drive.google.com\/open?id=0BxM0x8iu1auxN05ObVd5UTNxTXc\">M\u00fasica<\/a><\/td>\n<td style=\"border: 1px solid #990000;\"><a href=\"https:\/\/drive.google.com\/open?id=0BxM0x8iu1auxRXhJNTl1SDdxN1k\">M\u00fasica<\/a><\/td>\n<td style=\"border: 1px solid #990000;\"><a href=\"https:\/\/drive.google.com\/open?id=0BxM0x8iu1auxN0RMT1NCanZORUU\">M\u00fasica<\/a><\/td>\n<\/tr>\n<tr>\n<td style=\"border: 1px solid #990000;\"><a href=\"https:\/\/drive.google.com\/open?id=0BxM0x8iu1auxdzRXcHhVS3NCTGM\">Ed. Practica<\/a><\/td>\n<td style=\"border: 1px solid #990000;\"><a href=\"https:\/\/drive.google.com\/open?id=0BxM0x8iu1auxTE5QUmU4c3V4S0U\">Ed. Practica<\/a><\/td>\n<td style=\"border: 1px solid #990000;\"><a href=\"https:\/\/drive.google.com\/open?id=0BxM0x8iu1auxRG04Um5ZMWo1clE\">Ed. Practica<\/a><\/td>\n<td style=\"border: 1px solid #990000;\"><a href=\"https:\/\/drive.google.com\/open?id=0BxM0x8iu1auxUGw4WHNudDBVbDg\">Ed. Practica<\/a><\/td>\n<\/tr>\n<tr>\n<td style=\"border: 1px solid #990000;\"><a href=\"https:\/\/drive.google.com\/open?id=0BxM0x8iu1auxUExtaDgyUno4ekE\">Ed. Pl\u00e1stica<\/a><\/td>\n<td style=\"border: 1px solid #990000;\"><a href=\"https:\/\/drive.google.com\/open?id=0BxM0x8iu1auxSUlRYzRneHhkYWc\">Ed. Pl\u00e1stica<\/a><\/td>\n<td style=\"border: 1px solid #990000;\"><a href=\"https:\/\/drive.google.com\/open?id=0BxM0x8iu1auxVUFuZFlBc096WVk\">Ed. Pl\u00e1stica<\/a><\/td>\n<td style=\"border: 1px solid #990000;\"><a href=\"https:\/\/drive.google.com\/open?id=0BxM0x8iu1auxLXJLRE9FNzFFclk\">Ed. Pl\u00e1stica<\/a><\/td>\n<\/tr>\n<tr>\n<td style=\"border: 1px solid #990000;\"><a href=\"https:\/\/drive.google.com\/open?id=0BxM0x8iu1auxamVPeHI4ZWJpd1E\">Ed. F\u00edsica<\/a><\/td>\n<td style=\"border: 1px solid #990000;\"><a href=\"https:\/\/drive.google.com\/open?id=0BxM0x8iu1auxamVPeHI4ZWJpd1E\">Ed. F\u00edsica<\/a><\/td>\n<td style=\"border: 1px solid #990000;\"><a href=\"https:\/\/drive.google.com\/open?id=0BxM0x8iu1auxamVPeHI4ZWJpd1E\">Ed. F\u00edsica<\/a><\/td>\n<td style=\"border: 1px solid #990000;\"><a href=\"https:\/\/drive.google.com\/open?id=0BxM0x8iu1auxamVPeHI4ZWJpd1E\">Ed. F\u00edsica<\/a><\/td>\n<\/tr>\n<tr>\n<td style=\"border: 1px solid #990000;\"><a href=\"https:\/\/drive.google.com\/open?id=0BxM0x8iu1auxdkR6Nm5RX0FnaTQ\">Computaci\u00f3n<\/a><\/td>\n<td style=\"border: 1px solid #990000;\"><a href=\"https:\/\/drive.google.com\/open?id=0BxM0x8iu1auxYlVDUVZpdXFPT0E\">Computaci\u00f3n<\/a><\/td>\n<td style=\"border: 1px solid #990000;\"><a href=\"https:\/\/drive.google.com\/open?id=0BxM0x8iu1auxeW9xN1ZxZjNlOGM\">Computaci\u00f3n<\/a><\/td>\n<td style=\"border: 1px solid #990000;\"><a href=\"https:\/\/drive.google.com\/open?id=0BxM0x8iu1auxNWxmRFBSYVoxb3M\">Computaci\u00f3n<\/a><\/td>\n<\/tr>\n<\/tbody>\n<\/table>\n<\/div>\n","protected":false},"excerpt":{"rendered":"<p>\u00a0 2\u00ba 1\u00ba 2\u00ba 2\u00ba 2\u00ba 3\u00ba 2\u00ba 4\u00ba Lengua y literatura Lengua y literatura Lengua y literatura Lengua y literatura Ingles Franc\u00e9s Ingles Franc\u00e9s Matem\u00e1tica Matem\u00e1tica Matem\u00e1tica Matem\u00e1tica Cs. Biol\u00f3gicas Cs. Biol\u00f3gicas Cs. Biol\u00f3gicas Cs. Biol\u00f3gicas Geograf\u00eda Geograf\u00eda Geograf\u00eda Geograf\u00eda Historia Historia Historia Historia Educaci\u00f3n C\u00edvica Educaci\u00f3n C\u00edvica Educaci\u00f3n C\u00edvica Educaci\u00f3n C\u00edvica M\u00fasica M\u00fasica &#8230; <a title=\"Programas 2do A\u00f1o 2011\" class=\"read-more\" href=\"https:\/\/ens7-caba.infd.edu.ar\/sitio\/programas-2do-ano-2011\/\" aria-label=\"More on Programas 2do A\u00f1o 2011\">[+]<\/a><\/p>\n","protected":false},"author":2274,"featured_media":0,"parent":0,"menu_order":0,"comment_status":"closed","ping_status":"closed","template":"","meta":[],"acf":[],"_links":{"self":[{"href":"https:\/\/ens7-caba.infd.edu.ar\/sitio\/wp-json\/wp\/v2\/pages\/1037"}],"collection":[{"href":"https:\/\/ens7-caba.infd.edu.ar\/sitio\/wp-json\/wp\/v2\/pages"}],"about":[{"href":"https:\/\/ens7-caba.infd.edu.ar\/sitio\/wp-json\/wp\/v2\/types\/page"}],"author":[{"embeddable":true,"href":"https:\/\/ens7-caba.infd.edu.ar\/sitio\/wp-json\/wp\/v2\/users\/2274"}],"replies":[{"embeddable":true,"href":"https:\/\/ens7-caba.infd.edu.ar\/sitio\/wp-json\/wp\/v2\/comments?post=1037"}],"version-history":[{"count":1,"href":"https:\/\/ens7-caba.infd.edu.ar\/sitio\/wp-json\/wp\/v2\/pages\/1037\/revisions"}],"predecessor-version":[{"id":1157,"href":"https:\/\/ens7-caba.infd.edu.ar\/sitio\/wp-json\/wp\/v2\/pages\/1037\/revisions\/1157"}],"wp:attachment":[{"href":"https:\/\/ens7-caba.infd.edu.ar\/sitio\/wp-json\/wp\/v2\/media?parent=1037"}],"curies":[{"name":"wp","href":"https:\/\/api.w.org\/{rel}","templated":true}]}}