{"id":1038,"date":"2018-07-01T22:06:06","date_gmt":"2018-07-02T01:06:06","guid":{"rendered":"https:\/\/ens7-caba.infd.edu.ar\/sitio\/?page_id=1038"},"modified":"2018-07-10T12:52:26","modified_gmt":"2018-07-10T15:52:26","slug":"programas-2do-ano-2012","status":"publish","type":"page","link":"https:\/\/ens7-caba.infd.edu.ar\/sitio\/programas-2do-ano-2012\/","title":{"rendered":"Programas 2do A\u00f1o 2012"},"content":{"rendered":"<p style=\"text-align: center;\"><span style=\"font-size: 12pt;\"><strong>\u00a0<\/strong><\/span><\/p>\n<div>\n<table id=\"table1\" style=\"width: 619px; height: 582px;\" border=\"0\">\n<tbody>\n<tr>\n<td style=\"border: 1px solid #990000; text-align: center;\"><strong>2\u00ba 1\u00ba<\/strong><\/td>\n<td style=\"border: 1px solid #990000; text-align: center;\"><strong>2\u00ba 2\u00ba<\/strong><\/td>\n<td style=\"border: 1px solid #990000; text-align: center;\"><strong>2\u00ba 3\u00ba<\/strong><\/td>\n<td style=\"border: 1px solid #990000; text-align: center;\"><strong>2\u00ba 4\u00ba<\/strong><\/td>\n<\/tr>\n<tr>\n<td style=\"border: 1px solid #990000;\"><a href=\"https:\/\/drive.google.com\/open?id=0BxM0x8iu1auxZXd0em9XS09MSHc\">Lengua y literatura<\/a><\/td>\n<td style=\"border: 1px solid #990000;\"><a href=\"https:\/\/drive.google.com\/open?id=0BxM0x8iu1auxZXd0em9XS09MSHc\">Lengua y literatura<\/a><\/td>\n<td style=\"border: 1px solid #990000;\"><a href=\"https:\/\/drive.google.com\/open?id=0BxM0x8iu1auxZXd0em9XS09MSHc\">Lengua y literatura<\/a><\/td>\n<td style=\"border: 1px solid #990000;\"><a href=\"https:\/\/drive.google.com\/open?id=0BxM0x8iu1auxZXd0em9XS09MSHc\">Lengua y literatura<\/a><\/td>\n<\/tr>\n<tr>\n<td style=\"border: 1px solid #990000;\"><a href=\"https:\/\/drive.google.com\/open?id=0BxM0x8iu1auxTlZtUVRaaTlIN0E\">Ingles<\/a><\/td>\n<td style=\"border: 1px solid #990000;\"><a href=\"https:\/\/drive.google.com\/open?id=0BxM0x8iu1auxQ21sa3NaT1JPaGM\">Franc\u00e9s<\/a><\/td>\n<td style=\"border: 1px solid #990000;\"><a href=\"https:\/\/drive.google.com\/open?id=0BxM0x8iu1auxTlZtUVRaaTlIN0E\">Ingles<\/a><\/td>\n<td style=\"border: 1px solid #990000;\"><a href=\"https:\/\/drive.google.com\/open?id=0BxM0x8iu1auxQ21sa3NaT1JPaGM\">Franc\u00e9s<\/a><\/td>\n<\/tr>\n<tr>\n<td style=\"border: 1px solid #990000;\"><a href=\"https:\/\/drive.google.com\/open?id=0BxM0x8iu1auxMjlIeGZnanpnOGs\">Matem\u00e1tica<\/a><\/td>\n<td style=\"border: 1px solid #990000;\"><a href=\"https:\/\/drive.google.com\/open?id=0BxM0x8iu1auxMjlIeGZnanpnOGs\">Matem\u00e1tica<\/a>.<\/td>\n<td style=\"border: 1px solid #990000;\"><a href=\"https:\/\/drive.google.com\/open?id=0BxM0x8iu1auxMjlIeGZnanpnOGs\">Matem\u00e1tica<\/a><\/td>\n<td style=\"border: 1px solid #990000;\"><a href=\"https:\/\/drive.google.com\/open?id=0BxM0x8iu1auxMjlIeGZnanpnOGs\">Matem\u00e1tica<\/a><\/td>\n<\/tr>\n<tr>\n<td style=\"border: 1px solid #990000;\"><a href=\"https:\/\/drive.google.com\/open?id=0BxM0x8iu1auxRFpoWm56YmthOW8\">Cs. Biol\u00f3gicas<\/a><\/td>\n<td style=\"border: 1px solid #990000;\"><a href=\"https:\/\/drive.google.com\/open?id=0BxM0x8iu1auxRFpoWm56YmthOW8\">Cs Biol\u00f3gicas<\/a><\/td>\n<td style=\"border: 1px solid #990000;\"><a href=\"https:\/\/drive.google.com\/open?id=0BxM0x8iu1auxYjdFUzk0cG9jNW8\">Cs. Biol\u00f3gicas<\/a><\/td>\n<td style=\"border: 1px solid #990000;\"><a href=\"https:\/\/drive.google.com\/open?id=0BxM0x8iu1auxYjdFUzk0cG9jNW8\">Cs. Biol\u00f3gicas<\/a><\/td>\n<\/tr>\n<tr>\n<td style=\"border: 1px solid #990000;\"><a href=\"https:\/\/drive.google.com\/open?id=0BxM0x8iu1auxN3VSOTdlVF9lMWM\">Geograf\u00eda<\/a><\/td>\n<td style=\"border: 1px solid #990000;\"><a href=\"https:\/\/drive.google.com\/open?id=0BxM0x8iu1auxZ0VsdTM2S19ha1k\">Geograf\u00eda<\/a><\/td>\n<td style=\"border: 1px solid #990000;\"><a href=\"https:\/\/drive.google.com\/open?id=0BxM0x8iu1auxUklkVGF4X0dvTjg\">Geograf\u00eda<\/a><\/td>\n<td style=\"border: 1px solid #990000;\"><a href=\"https:\/\/drive.google.com\/open?id=0BxM0x8iu1auxN3VSOTdlVF9lMWM\">Geograf\u00eda<\/a><\/td>\n<\/tr>\n<tr>\n<td style=\"border: 1px solid #990000;\"><a href=\"https:\/\/drive.google.com\/open?id=0BxM0x8iu1auxZUtwVHczTDBwNUE\">Historia<\/a><\/td>\n<td style=\"border: 1px solid #990000;\"><a href=\"https:\/\/drive.google.com\/open?id=0BxM0x8iu1auxUkxlLVlyUzVEX2M\">Historia<\/a><\/td>\n<td style=\"border: 1px solid #990000;\"><a href=\"https:\/\/drive.google.com\/open?id=0BxM0x8iu1auxRHRXNVhIb2c1aFE\">Historia<\/a><\/td>\n<td style=\"border: 1px solid #990000;\"><a href=\"https:\/\/drive.google.com\/open?id=0BxM0x8iu1auxUkxlLVlyUzVEX2M\">Historia<\/a><\/td>\n<\/tr>\n<tr>\n<td style=\"border: 1px solid #990000;\"><a href=\"https:\/\/drive.google.com\/open?id=0BxM0x8iu1auxQl9zaXRHMTM3VTQ\">Educaci\u00f3n C\u00edvica<\/a><\/td>\n<td style=\"border: 1px solid #990000;\"><a href=\"https:\/\/drive.google.com\/open?id=0BxM0x8iu1auxU1EwcURFVjFiXzQ\">Educaci\u00f3n C\u00edvica<\/a><\/td>\n<td style=\"border: 1px solid #990000;\"><a href=\"https:\/\/drive.google.com\/open?id=0BxM0x8iu1auxQl9zaXRHMTM3VTQ\">Educaci\u00f3n C\u00edvica<\/a><\/td>\n<td style=\"border: 1px solid #990000;\"><a href=\"https:\/\/drive.google.com\/open?id=0BxM0x8iu1auxQl9zaXRHMTM3VTQ\">Educaci\u00f3n C\u00edvica<\/a><\/td>\n<\/tr>\n<tr>\n<td style=\"border: 1px solid #990000;\"><a href=\"https:\/\/drive.google.com\/open?id=0BxM0x8iu1auxNWFQeWdDUTJCWjg\">M\u00fasica<\/a><\/td>\n<td style=\"border: 1px solid #990000;\"><a href=\"https:\/\/drive.google.com\/open?id=0BxM0x8iu1auxY3lSd0tGWGwwcDA\">M\u00fasica<\/a><\/td>\n<td style=\"border: 1px solid #990000;\"><a href=\"https:\/\/drive.google.com\/open?id=0BxM0x8iu1auxUzhfTWpXVEJsVHM\">M\u00fasica<\/a><\/td>\n<td style=\"border: 1px solid #990000;\"><a href=\"https:\/\/drive.google.com\/open?id=0BxM0x8iu1auxSHBtOFdhU1NpZGc\">M\u00fasica<\/a><\/td>\n<\/tr>\n<tr>\n<td style=\"border: 1px solid #990000;\"><a href=\"https:\/\/drive.google.com\/open?id=0BxM0x8iu1auxU3ZHZndaYU9tNDA\">Ed. Practica<\/a><\/td>\n<td style=\"border: 1px solid #990000;\"><a href=\"https:\/\/drive.google.com\/open?id=0BxM0x8iu1auxb1dkTmRtSlVRZWc\">Ed. Practica<\/a><\/td>\n<td style=\"border: 1px solid #990000;\"><a href=\"https:\/\/drive.google.com\/open?id=0BxM0x8iu1auxT2EtYU9OcUNlX1U\">Ed. Practica<\/a><\/td>\n<td style=\"border: 1px solid #990000;\"><a href=\"https:\/\/drive.google.com\/open?id=0BxM0x8iu1auxQ3ItcHY2elRCdzA\">Ed. Practica<\/a><\/td>\n<\/tr>\n<tr>\n<td style=\"border: 1px solid #990000;\"><a href=\"https:\/\/drive.google.com\/open?id=0BxM0x8iu1auxcmliaDNlVWpLcDQ\">Ed. Pl\u00e1stica<\/a><\/td>\n<td style=\"border: 1px solid #990000;\"><a href=\"https:\/\/drive.google.com\/open?id=0BxM0x8iu1auxT19yVEI1MHNXSXM\">Ed. Pl\u00e1stica<\/a><\/td>\n<td style=\"border: 1px solid #990000;\"><a href=\"https:\/\/drive.google.com\/open?id=0BxM0x8iu1auxd29wclAzOUJyblk\">Ed. Pl\u00e1stica<\/a><\/td>\n<td style=\"border: 1px solid #990000;\"><a href=\"https:\/\/drive.google.com\/open?id=0BxM0x8iu1auxT0ktSWNwaDJYUXc\">Ed. Pl\u00e1stica<\/a><\/td>\n<\/tr>\n<tr>\n<td style=\"border: 1px solid #990000;\"><a href=\"https:\/\/drive.google.com\/open?id=0BxM0x8iu1auxbGJnQ282bk5XOWM\">Ed. F\u00edsica<\/a><\/td>\n<td style=\"border: 1px solid #990000;\"><a href=\"https:\/\/drive.google.com\/open?id=0BxM0x8iu1auxbGJnQ282bk5XOWM\">Ed. F\u00edsica<\/a><\/td>\n<td style=\"border: 1px solid #990000;\"><a href=\"https:\/\/drive.google.com\/open?id=0BxM0x8iu1auxbGJnQ282bk5XOWM\">Ed. F\u00edsica<\/a><\/td>\n<td style=\"border: 1px solid #990000;\"><a href=\"https:\/\/drive.google.com\/open?id=0BxM0x8iu1auxbGJnQ282bk5XOWM\">Ed. F\u00edsica<\/a><\/td>\n<\/tr>\n<tr>\n<td style=\"border: 1px solid #990000;\"><a href=\"https:\/\/drive.google.com\/open?id=0BxM0x8iu1auxNUVwSC1CTTh4TDA\">Computaci\u00f3n<\/a><\/td>\n<td style=\"border: 1px solid #990000;\"><a href=\"https:\/\/drive.google.com\/open?id=0BxM0x8iu1auxNUVwSC1CTTh4TDA\">Computaci\u00f3n<\/a><\/td>\n<td style=\"border: 1px solid #990000;\"><a href=\"https:\/\/drive.google.com\/open?id=0BxM0x8iu1auxNUVwSC1CTTh4TDA\">Computaci\u00f3n<\/a><\/td>\n<td style=\"border: 1px solid #990000;\"><a href=\"https:\/\/drive.google.com\/open?id=0BxM0x8iu1auxNUVwSC1CTTh4TDA\">Computaci\u00f3n<\/a><\/td>\n<\/tr>\n<\/tbody>\n<\/table>\n<\/div>\n","protected":false},"excerpt":{"rendered":"<p>\u00a0 2\u00ba 1\u00ba 2\u00ba 2\u00ba 2\u00ba 3\u00ba 2\u00ba 4\u00ba Lengua y literatura Lengua y literatura Lengua y literatura Lengua y literatura Ingles Franc\u00e9s Ingles Franc\u00e9s Matem\u00e1tica Matem\u00e1tica. Matem\u00e1tica Matem\u00e1tica Cs. Biol\u00f3gicas Cs Biol\u00f3gicas Cs. Biol\u00f3gicas Cs. Biol\u00f3gicas Geograf\u00eda Geograf\u00eda Geograf\u00eda Geograf\u00eda Historia Historia Historia Historia Educaci\u00f3n C\u00edvica Educaci\u00f3n C\u00edvica Educaci\u00f3n C\u00edvica Educaci\u00f3n C\u00edvica M\u00fasica M\u00fasica &#8230; <a title=\"Programas 2do A\u00f1o 2012\" class=\"read-more\" href=\"https:\/\/ens7-caba.infd.edu.ar\/sitio\/programas-2do-ano-2012\/\" aria-label=\"More on Programas 2do A\u00f1o 2012\">[+]<\/a><\/p>\n","protected":false},"author":2274,"featured_media":0,"parent":0,"menu_order":0,"comment_status":"closed","ping_status":"closed","template":"","meta":[],"acf":[],"_links":{"self":[{"href":"https:\/\/ens7-caba.infd.edu.ar\/sitio\/wp-json\/wp\/v2\/pages\/1038"}],"collection":[{"href":"https:\/\/ens7-caba.infd.edu.ar\/sitio\/wp-json\/wp\/v2\/pages"}],"about":[{"href":"https:\/\/ens7-caba.infd.edu.ar\/sitio\/wp-json\/wp\/v2\/types\/page"}],"author":[{"embeddable":true,"href":"https:\/\/ens7-caba.infd.edu.ar\/sitio\/wp-json\/wp\/v2\/users\/2274"}],"replies":[{"embeddable":true,"href":"https:\/\/ens7-caba.infd.edu.ar\/sitio\/wp-json\/wp\/v2\/comments?post=1038"}],"version-history":[{"count":2,"href":"https:\/\/ens7-caba.infd.edu.ar\/sitio\/wp-json\/wp\/v2\/pages\/1038\/revisions"}],"predecessor-version":[{"id":1159,"href":"https:\/\/ens7-caba.infd.edu.ar\/sitio\/wp-json\/wp\/v2\/pages\/1038\/revisions\/1159"}],"wp:attachment":[{"href":"https:\/\/ens7-caba.infd.edu.ar\/sitio\/wp-json\/wp\/v2\/media?parent=1038"}],"curies":[{"name":"wp","href":"https:\/\/api.w.org\/{rel}","templated":true}]}}