{"id":1039,"date":"2018-07-01T22:07:01","date_gmt":"2018-07-02T01:07:01","guid":{"rendered":"https:\/\/ens7-caba.infd.edu.ar\/sitio\/?page_id=1039"},"modified":"2018-07-10T12:52:26","modified_gmt":"2018-07-10T15:52:26","slug":"programas-2do-ano-2013","status":"publish","type":"page","link":"https:\/\/ens7-caba.infd.edu.ar\/sitio\/programas-2do-ano-2013\/","title":{"rendered":"Programas 2do A\u00f1o 2013"},"content":{"rendered":"<p style=\"text-align: center;\"><strong>\u00a0<\/strong><\/p>\n<div>\n<table id=\"table1\" style=\"width: 648px; height: 991px;\" border=\"0\">\n<tbody>\n<tr>\n<td style=\"border: 1px solid #990000; text-align: center;\"><strong>2\u00ba 1\u00ba<\/strong><\/td>\n<td style=\"border: 1px solid #990000; text-align: center;\"><strong>2\u00ba 2\u00ba<\/strong><\/td>\n<td style=\"border: 1px solid #990000; text-align: center;\"><strong>2\u00ba 3\u00ba<\/strong><\/td>\n<td style=\"border: 1px solid #990000; text-align: center;\"><strong>2\u00ba 4\u00ba<\/strong><\/td>\n<\/tr>\n<tr>\n<td style=\"border: 1px solid #990000;\"><a href=\"https:\/\/drive.google.com\/open?id=0BxM0x8iu1auxb1RBRWR2Ty0xd00\">Lengua y literatura<\/a><\/td>\n<td style=\"border: 1px solid #990000;\"><a href=\"https:\/\/drive.google.com\/open?id=0BxM0x8iu1auxb1RBRWR2Ty0xd00\">Lengua y literatura<\/a><\/td>\n<td style=\"border: 1px solid #990000;\"><a href=\"https:\/\/drive.google.com\/open?id=0BxM0x8iu1auxb1RBRWR2Ty0xd00\">Lengua y literatura<\/a><\/td>\n<td style=\"border: 1px solid #990000;\"><a href=\"https:\/\/drive.google.com\/open?id=0BxM0x8iu1auxb1RBRWR2Ty0xd00\">Lengua y literatura<\/a><\/td>\n<\/tr>\n<tr>\n<td style=\"border: 1px solid #990000;\"><a href=\"https:\/\/drive.google.com\/open?id=0BxM0x8iu1auxMHFEblhyNVp6dlE\">Ingles<\/a><\/td>\n<td style=\"border: 1px solid #990000;\"><a href=\"https:\/\/drive.google.com\/open?id=0BxM0x8iu1auxU05XRi1QWWNmaEE\">Franc\u00e9s<\/a><\/td>\n<td style=\"border: 1px solid #990000;\"><a href=\"https:\/\/drive.google.com\/open?id=0BxM0x8iu1auxMHFEblhyNVp6dlE\">Ingles<\/a><\/td>\n<td style=\"border: 1px solid #990000;\"><a href=\"https:\/\/drive.google.com\/open?id=0BxM0x8iu1auxU05XRi1QWWNmaEE\">Franc\u00e9s<\/a><\/td>\n<\/tr>\n<tr>\n<td style=\"border: 1px solid #990000;\"><a href=\"https:\/\/drive.google.com\/open?id=0BxM0x8iu1auxTzc2RVRkS2FUblk\">Matem\u00e1tica<\/a><\/td>\n<td style=\"border: 1px solid #990000;\"><a href=\"https:\/\/drive.google.com\/open?id=0BxM0x8iu1auxTzc2RVRkS2FUblk\">Matem\u00e1tica<\/a><\/td>\n<td style=\"border: 1px solid #990000;\"><a href=\"https:\/\/drive.google.com\/open?id=0BxM0x8iu1auxTzc2RVRkS2FUblk\">Matem\u00e1tica<\/a><\/td>\n<td style=\"border: 1px solid #990000;\"><a href=\"https:\/\/drive.google.com\/open?id=0BxM0x8iu1auxTzc2RVRkS2FUblk\">Matem\u00e1tica<\/a><\/td>\n<\/tr>\n<tr>\n<td style=\"border: 1px solid #990000;\"><a href=\"https:\/\/drive.google.com\/open?id=0BxM0x8iu1auxTUVGY08tRFVFU28\">Ciencias Biol\u00f3gicas<\/a><\/td>\n<td style=\"border: 1px solid #990000;\"><a href=\"https:\/\/drive.google.com\/open?id=0BxM0x8iu1auxTUVGY08tRFVFU28\">Ciencias Biol\u00f3gicas<\/a><\/td>\n<td style=\"border: 1px solid #990000;\"><a href=\"https:\/\/drive.google.com\/open?id=0BxM0x8iu1auxTUVGY08tRFVFU28\">Ciencias Biol\u00f3gicas<\/a><\/td>\n<td style=\"border: 1px solid #990000;\"><a href=\"https:\/\/drive.google.com\/open?id=0BxM0x8iu1auxTUVGY08tRFVFU28\">Ciencias Biol\u00f3gicas<\/a><\/td>\n<\/tr>\n<tr>\n<td style=\"border: 1px solid #990000;\"><a href=\"https:\/\/drive.google.com\/open?id=0BxM0x8iu1auxVXZub3E4d3lrV1E\">Geograf\u00eda<\/a><\/td>\n<td style=\"border: 1px solid #990000;\"><a href=\"https:\/\/drive.google.com\/open?id=0BxM0x8iu1auxVXZub3E4d3lrV1E\">Geograf\u00eda<\/a><\/td>\n<td style=\"border: 1px solid #990000;\"><a href=\"https:\/\/drive.google.com\/open?id=0BxM0x8iu1auxVXZub3E4d3lrV1E\">Geograf\u00eda<\/a><\/td>\n<td style=\"border: 1px solid #990000;\"><a href=\"https:\/\/drive.google.com\/open?id=0BxM0x8iu1auxVXZub3E4d3lrV1E\">Geograf\u00eda<\/a><\/td>\n<\/tr>\n<tr>\n<td style=\"border: 1px solid #990000;\"><a href=\"https:\/\/drive.google.com\/open?id=0BxM0x8iu1auxWDFVdmFMN0RwWDg\">Historia<\/a><\/td>\n<td style=\"border: 1px solid #990000;\"><a href=\"https:\/\/drive.google.com\/open?id=0BxM0x8iu1auxUmdpQlJ1QmRROW8\">Historia<\/a><\/td>\n<td style=\"border: 1px solid #990000;\"><a href=\"https:\/\/drive.google.com\/open?id=0BxM0x8iu1auxaXptT29fWjRFVEU\">Historia<\/a><\/td>\n<td style=\"border: 1px solid #990000;\"><a href=\"https:\/\/drive.google.com\/open?id=0BxM0x8iu1auxUmdpQlJ1QmRROW8\">Historia<\/a><\/td>\n<\/tr>\n<tr>\n<td style=\"border: 1px solid #990000;\">Ed. C\u00edvica<\/td>\n<td style=\"border: 1px solid #990000;\"><a href=\"https:\/\/drive.google.com\/open?id=0BxM0x8iu1auxNC1iblFKNUQ5V2s\">Ed. C\u00edvica<\/a><\/td>\n<td style=\"border: 1px solid #990000;\"><a href=\"https:\/\/drive.google.com\/open?id=0BxM0x8iu1auxSnY3MjJfcy0zWWc\">Ed. C\u00edvica<\/a><\/td>\n<td style=\"border: 1px solid #990000;\"><a href=\"https:\/\/drive.google.com\/open?id=0BxM0x8iu1auxSnY3MjJfcy0zWWc\">Ed. C\u00edvica<\/a><\/td>\n<\/tr>\n<tr>\n<td style=\"border: 1px solid #990000;\"><a href=\"https:\/\/drive.google.com\/open?id=0BxM0x8iu1auxXzkzaHNZZ0RhYzA\">M\u00fasica<\/a><\/td>\n<td style=\"border: 1px solid #990000;\"><a href=\"https:\/\/drive.google.com\/open?id=0BxM0x8iu1auxMmFDUzlaeDI2SGs\">M\u00fasica<\/a><\/td>\n<td style=\"border: 1px solid #990000;\"><a href=\"https:\/\/drive.google.com\/open?id=0BxM0x8iu1auxM01nLVhDdDMzeVE\">M\u00fasica<\/a><\/td>\n<td style=\"border: 1px solid #990000;\"><a href=\"https:\/\/drive.google.com\/open?id=0BxM0x8iu1auxbnlzenlPa0V6cTA\">M\u00fasica<\/a><\/td>\n<\/tr>\n<tr>\n<td style=\"border: 1px solid #990000;\"><a href=\"https:\/\/drive.google.com\/open?id=0BxM0x8iu1auxcVNMX0hWRVBGeVU\">Ed. Practica<\/a><\/td>\n<td style=\"border: 1px solid #990000;\"><a href=\"https:\/\/drive.google.com\/open?id=0BxM0x8iu1auxRzVSbHdOejNDazA\">Ed. Practica<\/a><\/td>\n<td style=\"border: 1px solid #990000;\"><a href=\"https:\/\/drive.google.com\/open?id=0BxM0x8iu1auxQjAwcTctUVVOSWM\">Ed. Practica<\/a><\/td>\n<td style=\"border: 1px solid #990000;\"><a href=\"https:\/\/drive.google.com\/open?id=0BxM0x8iu1auxQjAwcTctUVVOSWM\">Ed. Practica<\/a><\/td>\n<\/tr>\n<tr>\n<td style=\"border: 1px solid #990000;\"><a href=\"https:\/\/drive.google.com\/open?id=0BxM0x8iu1auxR0Y2ck5KZGx2LWM\">Ed. Pl\u00e1stica<\/a><\/td>\n<td style=\"border: 1px solid #990000;\"><a href=\"https:\/\/drive.google.com\/open?id=0BxM0x8iu1auxcFlyV19fMU1IOTQ\">Ed. Pl\u00e1stica<\/a><\/td>\n<td style=\"border: 1px solid #990000;\"><a href=\"https:\/\/drive.google.com\/open?id=0BxM0x8iu1auxWUlHZHROTkxyVUE\">Ed. Pl\u00e1stica<\/a><\/td>\n<td style=\"border: 1px solid #990000;\"><a href=\"https:\/\/drive.google.com\/open?id=0BxM0x8iu1auxUlRzN2kzOGxWc3M\">Ed. Pl\u00e1stica<\/a><\/td>\n<\/tr>\n<tr>\n<td style=\"border: 1px solid #990000;\"><a href=\"https:\/\/drive.google.com\/open?id=0BxM0x8iu1auxUy1LOVgxR0pZQXM\">Ed. F\u00edsica<\/a><\/td>\n<td style=\"border: 1px solid #990000;\"><a href=\"https:\/\/drive.google.com\/open?id=0BxM0x8iu1auxUy1LOVgxR0pZQXM\">Ed. F\u00edsica<\/a><\/td>\n<td style=\"border: 1px solid #990000;\"><a href=\"https:\/\/drive.google.com\/open?id=0BxM0x8iu1auxUy1LOVgxR0pZQXM\">Ed. F\u00edsica<\/a><\/td>\n<td style=\"border: 1px solid #990000;\"><a href=\"https:\/\/drive.google.com\/open?id=0BxM0x8iu1auxUy1LOVgxR0pZQXM\">Ed. F\u00edsica<\/a><\/td>\n<\/tr>\n<tr>\n<td style=\"border: 1px solid #990000;\"><a href=\"https:\/\/drive.google.com\/open?id=0BxM0x8iu1auxZXZhS2JIV3RNWVU\">Computaci\u00f3n<\/a><\/td>\n<td style=\"border: 1px solid #990000;\"><a href=\"https:\/\/drive.google.com\/open?id=0BxM0x8iu1auxZXZhS2JIV3RNWVU\">Computaci\u00f3n<\/a><\/td>\n<td style=\"border: 1px solid #990000;\"><a href=\"https:\/\/drive.google.com\/open?id=0BxM0x8iu1auxZXZhS2JIV3RNWVU\">Computaci\u00f3n<\/a><\/td>\n<td style=\"border: 1px solid #990000;\"><a href=\"https:\/\/drive.google.com\/open?id=0BxM0x8iu1auxZXZhS2JIV3RNWVU\">Computaci\u00f3n<\/a><\/td>\n<\/tr>\n<\/tbody>\n<\/table>\n<\/div>\n","protected":false},"excerpt":{"rendered":"<p>\u00a0 2\u00ba 1\u00ba 2\u00ba 2\u00ba 2\u00ba 3\u00ba 2\u00ba 4\u00ba Lengua y literatura Lengua y literatura Lengua y literatura Lengua y literatura Ingles Franc\u00e9s Ingles Franc\u00e9s Matem\u00e1tica Matem\u00e1tica Matem\u00e1tica Matem\u00e1tica Ciencias Biol\u00f3gicas Ciencias Biol\u00f3gicas Ciencias Biol\u00f3gicas Ciencias Biol\u00f3gicas Geograf\u00eda Geograf\u00eda Geograf\u00eda Geograf\u00eda Historia Historia Historia Historia Ed. C\u00edvica Ed. C\u00edvica Ed. C\u00edvica Ed. C\u00edvica M\u00fasica M\u00fasica &#8230; <a title=\"Programas 2do A\u00f1o 2013\" class=\"read-more\" href=\"https:\/\/ens7-caba.infd.edu.ar\/sitio\/programas-2do-ano-2013\/\" aria-label=\"More on Programas 2do A\u00f1o 2013\">[+]<\/a><\/p>\n","protected":false},"author":2274,"featured_media":0,"parent":0,"menu_order":0,"comment_status":"closed","ping_status":"closed","template":"","meta":[],"acf":[],"_links":{"self":[{"href":"https:\/\/ens7-caba.infd.edu.ar\/sitio\/wp-json\/wp\/v2\/pages\/1039"}],"collection":[{"href":"https:\/\/ens7-caba.infd.edu.ar\/sitio\/wp-json\/wp\/v2\/pages"}],"about":[{"href":"https:\/\/ens7-caba.infd.edu.ar\/sitio\/wp-json\/wp\/v2\/types\/page"}],"author":[{"embeddable":true,"href":"https:\/\/ens7-caba.infd.edu.ar\/sitio\/wp-json\/wp\/v2\/users\/2274"}],"replies":[{"embeddable":true,"href":"https:\/\/ens7-caba.infd.edu.ar\/sitio\/wp-json\/wp\/v2\/comments?post=1039"}],"version-history":[{"count":1,"href":"https:\/\/ens7-caba.infd.edu.ar\/sitio\/wp-json\/wp\/v2\/pages\/1039\/revisions"}],"predecessor-version":[{"id":1160,"href":"https:\/\/ens7-caba.infd.edu.ar\/sitio\/wp-json\/wp\/v2\/pages\/1039\/revisions\/1160"}],"wp:attachment":[{"href":"https:\/\/ens7-caba.infd.edu.ar\/sitio\/wp-json\/wp\/v2\/media?parent=1039"}],"curies":[{"name":"wp","href":"https:\/\/api.w.org\/{rel}","templated":true}]}}