{"id":1043,"date":"2018-07-01T22:36:04","date_gmt":"2018-07-02T01:36:04","guid":{"rendered":"https:\/\/ens7-caba.infd.edu.ar\/sitio\/?page_id=1043"},"modified":"2018-07-10T12:52:26","modified_gmt":"2018-07-10T15:52:26","slug":"programas-4to-ano-2011","status":"publish","type":"page","link":"https:\/\/ens7-caba.infd.edu.ar\/sitio\/programas-4to-ano-2011\/","title":{"rendered":"Programas 4to A\u00f1o 2011"},"content":{"rendered":"<p style=\"text-align: center;\"><strong>\u00a0<\/strong><\/p>\n<div>\n<table id=\"table1\" border=\"0\">\n<tbody>\n<tr>\n<td style=\"border: 1px solid #990000; text-align: center;\"><strong>4\u00ba 1\u00ba<\/strong><\/td>\n<td style=\"border: 1px solid #990000; text-align: center;\"><strong>4\u00ba 2\u00ba<\/strong><\/td>\n<td style=\"border: 1px solid #990000; text-align: center;\"><strong>4\u00ba 3\u00ba<\/strong><\/td>\n<td style=\"border: 1px solid #990000; text-align: center;\"><strong>4\u00ba 4\u00ba<\/strong><\/td>\n<\/tr>\n<tr>\n<td style=\"border: 1px solid #990000;\"><a href=\"https:\/\/drive.google.com\/open?id=0BxM0x8iu1auxQ1BsbnhUQWJVcms\">Literatura<\/a><\/td>\n<td style=\"border: 1px solid #990000;\"><a href=\"https:\/\/drive.google.com\/open?id=0BxM0x8iu1auxQ1BsbnhUQWJVcms\">Literatura<\/a><\/td>\n<td style=\"border: 1px solid #990000;\"><a href=\"https:\/\/drive.google.com\/open?id=0BxM0x8iu1auxQ1BsbnhUQWJVcms\">Literatura<\/a><\/td>\n<td style=\"border: 1px solid #990000;\"><a href=\"https:\/\/drive.google.com\/open?id=0BxM0x8iu1auxQ1BsbnhUQWJVcms\">Literatura<\/a><\/td>\n<\/tr>\n<tr>\n<td style=\"border: 1px solid #990000;\"><a href=\"https:\/\/drive.google.com\/open?id=0BxM0x8iu1auxRmpZMm1Zc3pUY0E\">Franc\u00e9s<\/a>\/<a href=\"https:\/\/drive.google.com\/open?id=0BxM0x8iu1auxZ2IyZWxPdTJwdkk\">Ingl\u00e9s<\/a><\/td>\n<td style=\"border: 1px solid #990000;\"><a href=\"https:\/\/drive.google.com\/open?id=0BxM0x8iu1auxd040WFJVUjZsaHM\">Franc\u00e9s<\/a>\/<a href=\"https:\/\/drive.google.com\/open?id=0BxM0x8iu1auxZ2IyZWxPdTJwdkk\">Ingl\u00e9s<\/a><\/td>\n<td style=\"border: 1px solid #990000;\"><a href=\"https:\/\/drive.google.com\/open?id=0BxM0x8iu1auxd040WFJVUjZsaHM\">Franc\u00e9s<\/a>\/<a href=\"https:\/\/drive.google.com\/open?id=0BxM0x8iu1auxZ2IyZWxPdTJwdkk\">Ingl\u00e9s<\/a><\/td>\n<td style=\"border: 1px solid #990000;\"><a href=\"https:\/\/drive.google.com\/open?id=0BxM0x8iu1auxTjV1Z0hzT0pCb1k\">Franc\u00e9s<\/a>\/<a href=\"https:\/\/drive.google.com\/open?id=0BxM0x8iu1auxZ2IyZWxPdTJwdkk\">Ingl\u00e9s<\/a><\/td>\n<\/tr>\n<tr>\n<td style=\"border: 1px solid #990000;\"><a href=\"https:\/\/drive.google.com\/open?id=0BxM0x8iu1auxVVViNndKT0tTeFk\">Matem\u00e1tica<\/a><\/td>\n<td style=\"border: 1px solid #990000;\"><a href=\"https:\/\/drive.google.com\/open?id=0BxM0x8iu1auxRzJLOTlydnNQbzQ\">Matem\u00e1tica<\/a><\/td>\n<td style=\"border: 1px solid #990000;\"><a href=\"https:\/\/drive.google.com\/open?id=0BxM0x8iu1auxLXFUS2xIR1Q4S0U\">Matem\u00e1tica<\/a><\/td>\n<td style=\"border: 1px solid #990000;\"><a href=\"https:\/\/drive.google.com\/open?id=0BxM0x8iu1auxLXFUS2xIR1Q4S0U\">Matem\u00e1tica<\/a><\/td>\n<\/tr>\n<tr>\n<td style=\"border: 1px solid #990000;\"><a href=\"https:\/\/drive.google.com\/open?id=0BxM0x8iu1auxMHd4bnZWMkF0V0U\">F\u00edsica<\/a><\/td>\n<td style=\"border: 1px solid #990000;\"><a href=\"https:\/\/drive.google.com\/open?id=0BxM0x8iu1auxak1MLTAwSGN2aUU\">Cs. Biol\u00f3gicas<\/a><\/td>\n<td style=\"border: 1px solid #990000;\"><a href=\"https:\/\/drive.google.com\/open?id=0BxM0x8iu1auxajU3Y3R4UGV5REE\">F\u00edsica<\/a><\/td>\n<td style=\"border: 1px solid #990000;\"><a href=\"https:\/\/drive.google.com\/open?id=0BxM0x8iu1auxajU3Y3R4UGV5REE\">F\u00edsica<\/a><\/td>\n<\/tr>\n<tr>\n<td style=\"border: 1px solid #990000;\"><a href=\"https:\/\/drive.google.com\/open?id=0BxM0x8iu1auxVGxhcUtZcU9jdlk\">Qu\u00edmica<\/a><\/td>\n<td style=\"border: 1px solid #990000;\"><a href=\"https:\/\/drive.google.com\/open?id=0BxM0x8iu1auxYXA4YVNHeDItdlE\">Geograf\u00eda<\/a><\/td>\n<td style=\"border: 1px solid #990000;\"><a href=\"https:\/\/drive.google.com\/open?id=0BxM0x8iu1auxQ2dmbTcwazJvak0\">Historia<\/a><\/td>\n<td style=\"border: 1px solid #990000;\"><a href=\"https:\/\/drive.google.com\/open?id=0BxM0x8iu1auxQ1YyUkljdmtNcW8\">Historia<\/a><\/td>\n<\/tr>\n<tr>\n<td style=\"border: 1px solid #990000;\"><a href=\"https:\/\/drive.google.com\/open?id=0BxM0x8iu1auxYWtDSjJyU1FJdFU\">Cs Biol\u00f3gicas<\/a><\/td>\n<td style=\"border: 1px solid #990000;\"><a href=\"https:\/\/drive.google.com\/open?id=0BxM0x8iu1auxdi0tYnFscUxpajA\">Historia<\/a><\/td>\n<td style=\"border: 1px solid #990000;\"><a href=\"https:\/\/drive.google.com\/open?id=0BxM0x8iu1auxdTdFTkZKWldDSjA\">Cs Biol\u00f3gicas<\/a><\/td>\n<td style=\"border: 1px solid #990000;\"><a href=\"https:\/\/drive.google.com\/open?id=0BxM0x8iu1auxdTdFTkZKWldDSjA\">Cs Biol\u00f3gicas<\/a><\/td>\n<\/tr>\n<tr>\n<td style=\"border: 1px solid #990000;\"><a href=\"https:\/\/drive.google.com\/open?id=0BxM0x8iu1auxYUJoMm5CWmp1MlU\">Geograf\u00eda<\/a><\/td>\n<td style=\"border: 1px solid #990000;\"><a href=\"https:\/\/drive.google.com\/open?id=0BxM0x8iu1auxSzFzLWFrbXVjSG8\">F\u00edsica<\/a><\/td>\n<td style=\"border: 1px solid #990000;\"><a href=\"https:\/\/drive.google.com\/open?id=0BxM0x8iu1auxR2NqN1lqM1VfU2s\">Psicolog\u00eda Gral<\/a><\/td>\n<td style=\"border: 1px solid #990000;\"><a href=\"https:\/\/drive.google.com\/open?id=0BxM0x8iu1auxR2NqN1lqM1VfU2s\">Psicolog\u00eda Gral<\/a><\/td>\n<\/tr>\n<tr>\n<td style=\"border: 1px solid #990000;\"><a href=\"https:\/\/drive.google.com\/open?id=0BxM0x8iu1auxdXRXYWtJUUtTYlk\">Historia<\/a><\/td>\n<td style=\"border: 1px solid #990000;\"><a href=\"https:\/\/drive.google.com\/open?id=0BxM0x8iu1auxVGxhcUtZcU9jdlk\">Qu\u00edmica<\/a><\/td>\n<td style=\"border: 1px solid #990000;\"><a href=\"https:\/\/drive.google.com\/open?id=0BxM0x8iu1auxU0FNOFVNTF9EWG8\">Prob. Filos\u00f3fica<\/a><\/td>\n<td style=\"border: 1px solid #990000;\"><a href=\"https:\/\/drive.google.com\/open?id=0BxM0x8iu1auxU0FNOFVNTF9EWG8\">Prob. Filos\u00f3fica<\/a><\/td>\n<\/tr>\n<tr>\n<td style=\"border: 1px solid #990000;\"><a href=\"https:\/\/drive.google.com\/open?id=0BxM0x8iu1auxbzNhTm0wNC1rdW8\">M\u00fasica<\/a><\/td>\n<td style=\"border: 1px solid #990000;\"><a href=\"https:\/\/drive.google.com\/open?id=0BxM0x8iu1auxbXRkdXE5Z0NaNG8\">M\u00fasica<\/a><\/td>\n<td style=\"border: 1px solid #990000;\"><a href=\"https:\/\/drive.google.com\/open?id=0BxM0x8iu1auxY2tlcFJzXy1wVEU\">Fundamentos de la Ed.<\/a><\/td>\n<td style=\"border: 1px solid #990000;\"><a href=\"https:\/\/drive.google.com\/open?id=0BxM0x8iu1auxV0RyN09kT0JtWGc\">Fundamentos de la Ed.<\/a><\/td>\n<\/tr>\n<tr>\n<td style=\"border: 1px solid #990000;\"><a href=\"https:\/\/drive.google.com\/open?id=0BxM0x8iu1auxQmFDVHJXbVR2NTQ\">Psicolog\u00eda General<\/a><\/td>\n<td style=\"border: 1px solid #990000;\"><a href=\"https:\/\/drive.google.com\/open?id=0BxM0x8iu1auxSUhuYTRMTXo5Z1k\">Instrucci\u00f3n C\u00edvica<\/a><\/td>\n<td style=\"border: 1px solid #990000;\"><a href=\"https:\/\/drive.google.com\/open?id=0BxM0x8iu1auxdUtCR3Q0RkVxQ1U\">Ed.Pl\u00e1stica<\/a><\/td>\n<td style=\"border: 1px solid #990000;\"><a href=\"https:\/\/drive.google.com\/open?id=0BxM0x8iu1auxSnNtZml3SVg3QnM\">Ed. Pl\u00e1stica<\/a><\/td>\n<\/tr>\n<tr>\n<td style=\"border: 1px solid #990000;\"><a href=\"https:\/\/drive.google.com\/open?id=0BxM0x8iu1auxLVU1dzFQTHB1ZXc\">Ed. F\u00edsica<\/a><\/td>\n<td style=\"border: 1px solid #990000;\"><a href=\"https:\/\/drive.google.com\/open?id=0BxM0x8iu1auxV3QxcU1idFNLcFk\">Psicolog\u00eda<\/a><\/td>\n<td style=\"border: 1px solid #990000;\"><a href=\"https:\/\/drive.google.com\/open?id=0BxM0x8iu1auxLVU1dzFQTHB1ZXc\">Ed. F\u00edsica<\/a><\/td>\n<td style=\"border: 1px solid #990000;\"><a href=\"https:\/\/drive.google.com\/open?id=0BxM0x8iu1auxLVU1dzFQTHB1ZXc\">Ed. F\u00edsica<\/a><\/td>\n<\/tr>\n<tr>\n<td style=\"border: 1px solid #990000;\"><a href=\"https:\/\/drive.google.com\/open?id=0BxM0x8iu1auxR0xTenlRZ2U3cDQ\">Inform\u00e1tica<\/a><\/td>\n<td style=\"border: 1px solid #990000;\"><a href=\"https:\/\/drive.google.com\/open?id=0BxM0x8iu1auxLVU1dzFQTHB1ZXc\">Ed. F\u00edsica<\/a><\/td>\n<td style=\"border: 1px solid #990000;\"><a href=\"https:\/\/drive.google.com\/open?id=0BxM0x8iu1auxcE8zTjFtSTBONjg\">Inform\u00e1tica<\/a><\/td>\n<td style=\"border: 1px solid #990000;\"><a href=\"https:\/\/drive.google.com\/open?id=0BxM0x8iu1auxbnUxYm9iTVhBX0E\">Inform\u00e1tica<\/a><\/td>\n<\/tr>\n<tr>\n<td width=\"26%\" height=\"18\"><\/td>\n<td style=\"border: 1px solid #990000;\"><a href=\"https:\/\/drive.google.com\/open?id=0BxM0x8iu1auxVjh4T3hiRHVLaUk\">Inform\u00e1tica<\/a><\/td>\n<td width=\"22%\" height=\"18\"><\/td>\n<\/tr>\n<\/tbody>\n<\/table>\n<\/div>\n","protected":false},"excerpt":{"rendered":"<p>\u00a0 4\u00ba 1\u00ba 4\u00ba 2\u00ba 4\u00ba 3\u00ba 4\u00ba 4\u00ba Literatura Literatura Literatura Literatura Franc\u00e9s\/Ingl\u00e9s Franc\u00e9s\/Ingl\u00e9s Franc\u00e9s\/Ingl\u00e9s Franc\u00e9s\/Ingl\u00e9s Matem\u00e1tica Matem\u00e1tica Matem\u00e1tica Matem\u00e1tica F\u00edsica Cs. Biol\u00f3gicas F\u00edsica F\u00edsica Qu\u00edmica Geograf\u00eda Historia Historia Cs Biol\u00f3gicas Historia Cs Biol\u00f3gicas Cs Biol\u00f3gicas Geograf\u00eda F\u00edsica Psicolog\u00eda Gral Psicolog\u00eda Gral Historia Qu\u00edmica Prob. Filos\u00f3fica Prob. Filos\u00f3fica M\u00fasica M\u00fasica Fundamentos de la Ed. &#8230; <a title=\"Programas 4to A\u00f1o 2011\" class=\"read-more\" href=\"https:\/\/ens7-caba.infd.edu.ar\/sitio\/programas-4to-ano-2011\/\" aria-label=\"More on Programas 4to A\u00f1o 2011\">[+]<\/a><\/p>\n","protected":false},"author":2274,"featured_media":0,"parent":0,"menu_order":0,"comment_status":"closed","ping_status":"closed","template":"","meta":[],"acf":[],"_links":{"self":[{"href":"https:\/\/ens7-caba.infd.edu.ar\/sitio\/wp-json\/wp\/v2\/pages\/1043"}],"collection":[{"href":"https:\/\/ens7-caba.infd.edu.ar\/sitio\/wp-json\/wp\/v2\/pages"}],"about":[{"href":"https:\/\/ens7-caba.infd.edu.ar\/sitio\/wp-json\/wp\/v2\/types\/page"}],"author":[{"embeddable":true,"href":"https:\/\/ens7-caba.infd.edu.ar\/sitio\/wp-json\/wp\/v2\/users\/2274"}],"replies":[{"embeddable":true,"href":"https:\/\/ens7-caba.infd.edu.ar\/sitio\/wp-json\/wp\/v2\/comments?post=1043"}],"version-history":[{"count":1,"href":"https:\/\/ens7-caba.infd.edu.ar\/sitio\/wp-json\/wp\/v2\/pages\/1043\/revisions"}],"predecessor-version":[{"id":1178,"href":"https:\/\/ens7-caba.infd.edu.ar\/sitio\/wp-json\/wp\/v2\/pages\/1043\/revisions\/1178"}],"wp:attachment":[{"href":"https:\/\/ens7-caba.infd.edu.ar\/sitio\/wp-json\/wp\/v2\/media?parent=1043"}],"curies":[{"name":"wp","href":"https:\/\/api.w.org\/{rel}","templated":true}]}}