{"id":1047,"date":"2018-07-01T22:50:02","date_gmt":"2018-07-02T01:50:02","guid":{"rendered":"https:\/\/ens7-caba.infd.edu.ar\/sitio\/?page_id=1047"},"modified":"2018-07-10T12:52:26","modified_gmt":"2018-07-10T15:52:26","slug":"programas-5to-ano-2012","status":"publish","type":"page","link":"https:\/\/ens7-caba.infd.edu.ar\/sitio\/programas-5to-ano-2012\/","title":{"rendered":"Programas 5to A\u00f1o 2012"},"content":{"rendered":"<p style=\"text-align: center;\"><span style=\"font-size: 12pt;\"><strong>\u00a0<\/strong><\/span><\/p>\n<div>\n<table id=\"table1\" style=\"width: 508px; height: 468px;\" border=\"0\">\n<tbody>\n<tr>\n<td style=\"border: 1px solid #990000; text-align: center;\"><strong>5\u00ba 1\u00ba<\/strong><\/td>\n<td style=\"border: 1px solid #990000; text-align: center;\"><strong>5\u00ba 2\u00ba<\/strong><\/td>\n<td style=\"border: 1px solid #990000; text-align: center;\"><strong>5\u00ba 3\u00ba<\/strong><\/td>\n<td style=\"border: 1px solid #990000; text-align: center;\"><strong>5\u00ba 4\u00ba<\/strong><\/td>\n<\/tr>\n<tr>\n<td style=\"border: 1px solid #990000;\"><a href=\"https:\/\/drive.google.com\/open?id=0BxM0x8iu1auxaWdkNmdzRkNzd2s\">Literatura<\/a><\/td>\n<td style=\"border: 1px solid #990000;\"><a href=\"https:\/\/drive.google.com\/open?id=0BxM0x8iu1auxaWdkNmdzRkNzd2s\">Literatura<\/a><\/td>\n<td style=\"border: 1px solid #990000;\"><a href=\"https:\/\/drive.google.com\/open?id=0BxM0x8iu1auxaWdkNmdzRkNzd2s\">Literatura<\/a><\/td>\n<td style=\"border: 1px solid #990000;\"><a href=\"https:\/\/drive.google.com\/open?id=0BxM0x8iu1auxaWdkNmdzRkNzd2s\">Literatura<\/a><\/td>\n<\/tr>\n<tr>\n<td style=\"border: 1px solid #990000;\"><a href=\"https:\/\/drive.google.com\/open?id=0BxM0x8iu1auxTnZQS3dBRkxZTUU\">Matem\u00e1tica<\/a><\/td>\n<td style=\"border: 1px solid #990000;\"><a href=\"https:\/\/drive.google.com\/open?id=0BxM0x8iu1auxU0VzWkZqQUFvU0k\">Matem\u00e1tica\u00a0<\/a><\/td>\n<td style=\"border: 1px solid #990000;\"><a href=\"https:\/\/drive.google.com\/open?id=0BxM0x8iu1auxTnZQS3dBRkxZTUU\">Matem\u00e1tica<\/a><\/td>\n<td style=\"border: 1px solid #990000;\"><a href=\"https:\/\/drive.google.com\/open?id=0BxM0x8iu1auxeGZBcDdmSnFnOFU\">Matem\u00e1tica<\/a><\/td>\n<\/tr>\n<tr>\n<td style=\"border: 1px solid #990000;\"><a href=\"https:\/\/drive.google.com\/open?id=0BxM0x8iu1auxSTZnOVZtalN0Yk0\">Franc\u00e9s<\/a>\/<a href=\"https:\/\/drive.google.com\/open?id=0BxM0x8iu1auxYUhlVkI1UGRpUVU\">Ingl\u00e9s<\/a><\/td>\n<td style=\"border: 1px solid #990000;\"><a href=\"https:\/\/drive.google.com\/open?id=0BxM0x8iu1auxSTZnOVZtalN0Yk0\">Franc\u00e9s<\/a>\/<a href=\"https:\/\/drive.google.com\/open?id=0BxM0x8iu1auxYUhlVkI1UGRpUVU\">Ingl\u00e9s<\/a><\/td>\n<td style=\"border: 1px solid #990000;\"><a href=\"https:\/\/drive.google.com\/open?id=0BxM0x8iu1auxSTZnOVZtalN0Yk0\">Franc\u00e9s<\/a>\/<a href=\"https:\/\/drive.google.com\/open?id=0BxM0x8iu1auxYUhlVkI1UGRpUVU\">Ingl\u00e9s<\/a><\/td>\n<td style=\"border: 1px solid #990000;\"><a href=\"https:\/\/drive.google.com\/open?id=0BxM0x8iu1auxSTZnOVZtalN0Yk0\">Franc\u00e9s<\/a>\/<a href=\"https:\/\/drive.google.com\/open?id=0BxM0x8iu1auxYUhlVkI1UGRpUVU\">Ingl\u00e9s<\/a><\/td>\n<\/tr>\n<tr>\n<td style=\"border: 1px solid #990000;\"><a href=\"https:\/\/drive.google.com\/file\/d\/0BxM0x8iu1auxOERmLW9vYVYzdVE\/view?usp=sharing\">F\u00edsica<\/a><\/td>\n<td style=\"border: 1px solid #990000;\"><a href=\"https:\/\/drive.google.com\/open?id=0BxM0x8iu1auxSXhPM0RxTHZhbFU\">F\u00edsica<\/a><\/td>\n<td style=\"border: 1px solid #990000;\"><a href=\"https:\/\/drive.google.com\/open?id=0BxM0x8iu1auxcF9VSzVLR1Y1Z2c\">Qu\u00edmica<\/a><\/td>\n<td style=\"border: 1px solid #990000;\"><a href=\"https:\/\/drive.google.com\/open?id=0BxM0x8iu1auxcF9VSzVLR1Y1Z2c\">Qu\u00edmica<\/a><\/td>\n<\/tr>\n<tr>\n<td style=\"border: 1px solid #990000;\"><a href=\"https:\/\/drive.google.com\/open?id=0BxM0x8iu1auxS1Z6ejZrcWZmaGs\">Qu\u00edmica<\/a><\/td>\n<td style=\"border: 1px solid #990000;\">Qu\u00edmica<\/td>\n<td style=\"border: 1px solid #990000;\"><a href=\"https:\/\/drive.google.com\/open?id=0BxM0x8iu1auxZTNndXJuZTZVVVE\">Geograf\u00eda<\/a><\/td>\n<td style=\"border: 1px solid #990000;\"><a href=\"https:\/\/drive.google.com\/open?id=0BxM0x8iu1auxZTNndXJuZTZVVVE\">Geograf\u00eda<\/a><\/td>\n<\/tr>\n<tr>\n<td style=\"border: 1px solid #990000;\"><a href=\"https:\/\/drive.google.com\/open?id=0BxM0x8iu1auxelZYUGloNE44UVk\">Cs. Biol\u00f3gicas<\/a><\/td>\n<td style=\"border: 1px solid #990000;\"><a href=\"https:\/\/drive.google.com\/open?id=0BxM0x8iu1auxeXVmSXlmUzBUY28\">Cs Biol\u00f3gicas<\/a><\/td>\n<td style=\"border: 1px solid #990000;\"><a href=\"https:\/\/drive.google.com\/open?id=0BxM0x8iu1auxUFlqT2ZTY01jQmM\">Hist. Social de la Ed.<\/a><\/td>\n<td style=\"border: 1px solid #990000;\"><a href=\"https:\/\/drive.google.com\/open?id=0BxM0x8iu1auxUFlqT2ZTY01jQmM\">Hist. Social de la Ed.<\/a><\/td>\n<\/tr>\n<tr>\n<td style=\"border: 1px solid #990000;\"><a href=\"https:\/\/drive.google.com\/open?id=0BxM0x8iu1auxeWluZHIyOXRLRTg\">Geograf\u00eda<\/a><\/td>\n<td style=\"border: 1px solid #990000;\"><a href=\"https:\/\/drive.google.com\/open?id=0BxM0x8iu1auxUk9Dc0x4WlUwRWs\">Geograf\u00eda<\/a><\/td>\n<td style=\"border: 1px solid #990000;\"><a href=\"https:\/\/drive.google.com\/file\/d\/0BxM0x8iu1auxbTh5UVRyejc4NkE\/view?usp=sharing\">Psicolog\u00eda Educacional<\/a><\/td>\n<td style=\"border: 1px solid #990000;\"><a href=\"https:\/\/drive.google.com\/file\/d\/0BxM0x8iu1auxbTh5UVRyejc4NkE\/view?usp=sharing\">Psicolog\u00eda Educacional<\/a><\/td>\n<\/tr>\n<tr>\n<td style=\"border: 1px solid #990000;\"><a href=\"https:\/\/drive.google.com\/open?id=0BxM0x8iu1auxTU5CSXBWbjBfYWs\">Historia<\/a><\/td>\n<td style=\"border: 1px solid #990000;\"><a href=\"https:\/\/drive.google.com\/open?id=0BxM0x8iu1auxTmljdFJSUXc0eTQ\">Historia<\/a><\/td>\n<td style=\"border: 1px solid #990000;\"><a href=\"https:\/\/drive.google.com\/open?id=0BxM0x8iu1auxNVZMYTdrWmFmeFE\">L\u00f3gica<\/a><\/td>\n<td style=\"border: 1px solid #990000;\"><a href=\"https:\/\/drive.google.com\/open?id=0BxM0x8iu1auxNVZMYTdrWmFmeFE\">L\u00f3gica<\/a><\/td>\n<\/tr>\n<tr>\n<td style=\"border: 1px solid #990000;\"><a href=\"https:\/\/drive.google.com\/open?id=0BxM0x8iu1auxaHl5ajZPWU5CU3c\">Instrucci\u00f3n C\u00edvica<\/a><\/td>\n<td style=\"border: 1px solid #990000;\"><a href=\"https:\/\/drive.google.com\/open?id=0BxM0x8iu1auxT0VXNnhKbXlZZlU\">L\u00f3gica<\/a><\/td>\n<td style=\"border: 1px solid #990000;\"><a href=\"https:\/\/drive.google.com\/open?id=0BxM0x8iu1auxaTcxdzZydjdoelE\">Instrucci\u00f3n C\u00edvica<\/a><\/td>\n<td style=\"border: 1px solid #990000;\"><a href=\"https:\/\/drive.google.com\/open?id=0BxM0x8iu1auxNzhKcTRCbXc2b00\">Instrucci\u00f3n C\u00edvica<\/a><\/td>\n<\/tr>\n<tr>\n<td style=\"border: 1px solid #990000;\"><a href=\"https:\/\/drive.google.com\/open?id=0BxM0x8iu1auxWHliTmFUTjVQZ1E\">Filosof\u00eda<\/a><\/td>\n<td style=\"border: 1px solid #990000;\"><a href=\"https:\/\/drive.google.com\/open?id=0BxM0x8iu1auxYVVTQS1pRnJqTW8\">M\u00fasica<\/a><\/td>\n<td style=\"border: 1px solid #990000;\"><a href=\"https:\/\/drive.google.com\/open?id=0BxM0x8iu1auxQjJ6dFRGdDd4QW8\">M\u00fasica<\/a><\/td>\n<td style=\"border: 1px solid #990000;\"><a href=\"https:\/\/drive.google.com\/open?id=0BxM0x8iu1auxRHFJYnQ3MjcxeFE\">M\u00fasica<\/a><\/td>\n<\/tr>\n<tr>\n<td style=\"border: 1px solid #990000;\"><a href=\"https:\/\/drive.google.com\/open?id=0BxM0x8iu1auxTmo0VHNLamd6ZEk\">Ed. F\u00edsica<\/a><\/td>\n<td style=\"border: 1px solid #990000;\"><a href=\"https:\/\/drive.google.com\/open?id=0BxM0x8iu1auxTmo0VHNLamd6ZEk\">Ed. Fisica<\/a><\/td>\n<td style=\"border: 1px solid #990000;\"><a href=\"https:\/\/drive.google.com\/open?id=0BxM0x8iu1auxTmo0VHNLamd6ZEk\">Ed. F\u00edsica<\/a><\/td>\n<td style=\"border: 1px solid #990000;\"><a href=\"https:\/\/drive.google.com\/open?id=0BxM0x8iu1auxTmo0VHNLamd6ZEk\">Ed. F\u00edsica<\/a><\/td>\n<\/tr>\n<tr>\n<td style=\"border: 1px solid #990000;\"><\/td>\n<td style=\"border: 1px solid #990000;\"><a href=\"https:\/\/drive.google.com\/open?id=0BxM0x8iu1auxYk5ZZ3ROSmxwbjQ\">ESEA<\/a><\/td>\n<td style=\"border: 1px solid #990000;\"><\/td>\n<td style=\"border: 1px solid #990000;\"><\/td>\n<\/tr>\n<\/tbody>\n<\/table>\n<\/div>\n","protected":false},"excerpt":{"rendered":"<p>\u00a0 5\u00ba 1\u00ba 5\u00ba 2\u00ba 5\u00ba 3\u00ba 5\u00ba 4\u00ba Literatura Literatura Literatura Literatura Matem\u00e1tica Matem\u00e1tica\u00a0 Matem\u00e1tica Matem\u00e1tica Franc\u00e9s\/Ingl\u00e9s Franc\u00e9s\/Ingl\u00e9s Franc\u00e9s\/Ingl\u00e9s Franc\u00e9s\/Ingl\u00e9s F\u00edsica F\u00edsica Qu\u00edmica Qu\u00edmica Qu\u00edmica Qu\u00edmica Geograf\u00eda Geograf\u00eda Cs. Biol\u00f3gicas Cs Biol\u00f3gicas Hist. Social de la Ed. Hist. Social de la Ed. Geograf\u00eda Geograf\u00eda Psicolog\u00eda Educacional Psicolog\u00eda Educacional Historia Historia L\u00f3gica L\u00f3gica Instrucci\u00f3n C\u00edvica &#8230; <a title=\"Programas 5to A\u00f1o 2012\" class=\"read-more\" href=\"https:\/\/ens7-caba.infd.edu.ar\/sitio\/programas-5to-ano-2012\/\" aria-label=\"More on Programas 5to A\u00f1o 2012\">[+]<\/a><\/p>\n","protected":false},"author":2274,"featured_media":0,"parent":0,"menu_order":0,"comment_status":"closed","ping_status":"closed","template":"","meta":[],"acf":[],"_links":{"self":[{"href":"https:\/\/ens7-caba.infd.edu.ar\/sitio\/wp-json\/wp\/v2\/pages\/1047"}],"collection":[{"href":"https:\/\/ens7-caba.infd.edu.ar\/sitio\/wp-json\/wp\/v2\/pages"}],"about":[{"href":"https:\/\/ens7-caba.infd.edu.ar\/sitio\/wp-json\/wp\/v2\/types\/page"}],"author":[{"embeddable":true,"href":"https:\/\/ens7-caba.infd.edu.ar\/sitio\/wp-json\/wp\/v2\/users\/2274"}],"replies":[{"embeddable":true,"href":"https:\/\/ens7-caba.infd.edu.ar\/sitio\/wp-json\/wp\/v2\/comments?post=1047"}],"version-history":[{"count":1,"href":"https:\/\/ens7-caba.infd.edu.ar\/sitio\/wp-json\/wp\/v2\/pages\/1047\/revisions"}],"predecessor-version":[{"id":1189,"href":"https:\/\/ens7-caba.infd.edu.ar\/sitio\/wp-json\/wp\/v2\/pages\/1047\/revisions\/1189"}],"wp:attachment":[{"href":"https:\/\/ens7-caba.infd.edu.ar\/sitio\/wp-json\/wp\/v2\/media?parent=1047"}],"curies":[{"name":"wp","href":"https:\/\/api.w.org\/{rel}","templated":true}]}}