{"id":1055,"date":"2018-07-05T12:25:35","date_gmt":"2018-07-05T15:25:35","guid":{"rendered":"https:\/\/ens7-caba.infd.edu.ar\/sitio\/?page_id=1055"},"modified":"2018-07-10T12:52:26","modified_gmt":"2018-07-10T15:52:26","slug":"primer-encuentro-de-poesia-en-la-escuela","status":"publish","type":"page","link":"https:\/\/ens7-caba.infd.edu.ar\/sitio\/primer-encuentro-de-poesia-en-la-escuela\/","title":{"rendered":"Primer Encuentro de poes\u00eda en la escuela"},"content":{"rendered":"<p style=\"text-align: center;\"><span style=\"color: #800000; font-size: 12pt;\"><strong><em>\u00a0<\/em><\/strong><\/span><\/p>\n<p><span style=\"color: #800000;\">El 20 de octubre se llev\u00f3 a cabo en el SUM el primer encuentro de poes\u00eda en la escuela. Este evento pretende sumarse a los Festivales de poes\u00eda que se llevan a cabo desde el a\u00f1o 2010 en las diferentes escuelas de distintos puntos de Argentina; estos encuentros ya reunieron m\u00e1s de trescientos voluntarios (poetas, artistas pl\u00e1sticos y m\u00fasicos) que llegaron a las doscientas escuelas que llevaron adelante este acercamiento con la palabra po\u00e9tica a trav\u00e9s de diferentes talleres y mesas de lectura.<\/span><\/p>\n<p><span style=\"color: #800000;\">Este a\u00f1o nos sumamos tambi\u00e9n nosotros invitando\u00a0 al poeta Emilio Naon. Tuvimos el agrado de escuchar sus poemas y luego abrimos mesas de lectura donde participaron con la puesta en voz de sus poemas, alumnos de segundo y tercer a\u00f1o. Hacia el final cerr\u00f3 el encuentro Emilio cont\u00e1ndonos algunas cuestiones relacionadas con la poes\u00eda, sus experiencias personales de escritor y tambi\u00e9n nos cont\u00f3 sobre su actividad en el centro cultural barrial de Almagro \u201cTeresa Israel\u201d, por supuesto nos invit\u00f3 a participar de las actividades llevadas a cabo en ese centro.<\/span><\/p>\n<p><span style=\"color: #800000;\">Tambi\u00e9n tuvimos la oportunidad de presentar el libro \u201cEl tiempo\u201d, antolog\u00eda de poemas y dibujos de 2do. 1era., resultado de un taller que combin\u00f3 est\u00edmulos literarios y de artistas pl\u00e1sticos.<\/span><\/p>\n<p><span style=\"color: #800000;\">Los dejamos con un poema perteneciente a Alejandra Gonz\u00e1lez de 2do.1era. y los despedimos hasta el a\u00f1o que viene, \u00a1Hasta el pr\u00f3ximo encuentro de poes\u00eda en la escuela!<\/span><\/p>\n<p><span style=\"color: #800000;\"><em>\u00a0<\/em><\/span><\/p>\n<p><span style=\"color: #800000;\"><em>Ojos sumergidos en llantos de abandono<\/em><\/span><\/p>\n<p><span style=\"color: #800000;\"><em>mi soledad con destellos de tristeza<\/em><\/span><\/p>\n<p><span style=\"color: #800000;\"><em>sumergida en una ilusi\u00f3n de un amor prohibido cuyos ojos caen<\/em><\/span><\/p>\n<p><span style=\"color: #800000;\"><em>como en un d\u00eda de tormenta<\/em><\/span><\/p>\n<p><span style=\"color: #800000;\"><em>cada d\u00eda lament\u00e1ndose por sentir amor<\/em><\/span><\/p>\n<p><span style=\"color: #800000;\"><em>como p\u00e9talos ca\u00eddos en una noche de pasi\u00f3n.<\/em><\/span><\/p>\n<p><span style=\"color: #800000;\"><em>Descansar solo una noche bajo un desierto de corazones rotos.<\/em><\/span><\/p>\n<p>&nbsp;<\/p>\n<p><img decoding=\"async\" loading=\"lazy\" style=\"vertical-align: middle;\" src=\"https:\/\/ens7-caba.infd.edu.ar\/aula\/archivos\/repositorio\/2500\/2729\/Fotos_Jornadas_de_Poesia.gif\" alt=\"\" width=\"592\" height=\"332\" border=\"0\" \/><\/p>\n<p>&nbsp;<\/p>\n","protected":false},"excerpt":{"rendered":"<p>\u00a0 El 20 de octubre se llev\u00f3 a cabo en el SUM el primer encuentro de poes\u00eda en la escuela. Este evento pretende sumarse a los Festivales de poes\u00eda que se llevan a cabo desde el a\u00f1o 2010 en las diferentes escuelas de distintos puntos de Argentina; estos encuentros ya reunieron m\u00e1s de trescientos voluntarios &#8230; <a title=\"Primer Encuentro de poes\u00eda en la escuela\" class=\"read-more\" href=\"https:\/\/ens7-caba.infd.edu.ar\/sitio\/primer-encuentro-de-poesia-en-la-escuela\/\" aria-label=\"More on Primer Encuentro de poes\u00eda en la escuela\">[+]<\/a><\/p>\n","protected":false},"author":2274,"featured_media":0,"parent":0,"menu_order":0,"comment_status":"closed","ping_status":"closed","template":"","meta":[],"acf":[],"_links":{"self":[{"href":"https:\/\/ens7-caba.infd.edu.ar\/sitio\/wp-json\/wp\/v2\/pages\/1055"}],"collection":[{"href":"https:\/\/ens7-caba.infd.edu.ar\/sitio\/wp-json\/wp\/v2\/pages"}],"about":[{"href":"https:\/\/ens7-caba.infd.edu.ar\/sitio\/wp-json\/wp\/v2\/types\/page"}],"author":[{"embeddable":true,"href":"https:\/\/ens7-caba.infd.edu.ar\/sitio\/wp-json\/wp\/v2\/users\/2274"}],"replies":[{"embeddable":true,"href":"https:\/\/ens7-caba.infd.edu.ar\/sitio\/wp-json\/wp\/v2\/comments?post=1055"}],"version-history":[{"count":1,"href":"https:\/\/ens7-caba.infd.edu.ar\/sitio\/wp-json\/wp\/v2\/pages\/1055\/revisions"}],"predecessor-version":[{"id":1315,"href":"https:\/\/ens7-caba.infd.edu.ar\/sitio\/wp-json\/wp\/v2\/pages\/1055\/revisions\/1315"}],"wp:attachment":[{"href":"https:\/\/ens7-caba.infd.edu.ar\/sitio\/wp-json\/wp\/v2\/media?parent=1055"}],"curies":[{"name":"wp","href":"https:\/\/api.w.org\/{rel}","templated":true}]}}