{"id":1064,"date":"2018-07-01T12:14:57","date_gmt":"2018-07-01T15:14:57","guid":{"rendered":"https:\/\/ens7-caba.infd.edu.ar\/sitio\/?page_id=1064"},"modified":"2018-10-18T11:20:45","modified_gmt":"2018-10-18T14:20:45","slug":"programas-1-ano-2017","status":"publish","type":"page","link":"https:\/\/ens7-caba.infd.edu.ar\/sitio\/programas-1-ano-2017\/","title":{"rendered":"Programas 1\u00b0 A\u00f1o 2017"},"content":{"rendered":"<table id=\"table1\" border=\"0\">\n<tbody>\n<tr>\n<td style=\"border: 1px solid #990000;\">\n<p style=\"text-align: center;\"><span data-mce-mark=\"1\"><strong>1\u00ba 1\u00ba<\/strong><\/span><\/p>\n<\/td>\n<td style=\"border: 1px solid #990000;\">\n<p style=\"text-align: center;\"><span data-mce-mark=\"1\"><strong>1\u00ba 2\u00ba<\/strong><\/span><\/p>\n<\/td>\n<td style=\"border: 1px solid #990000;\">\n<p style=\"text-align: center;\"><span data-mce-mark=\"1\"><strong>1\u00ba 3\u00ba<\/strong><\/span><\/p>\n<\/td>\n<td style=\"border: 1px solid #990000;\">\n<p style=\"text-align: center;\"><span data-mce-mark=\"1\"><strong>1\u00ba 4\u00ba<\/strong><\/span><\/p>\n<\/td>\n<\/tr>\n<tr>\n<td style=\"border: 1px solid #990000;\"><span data-mce-mark=\"1\"><span data-mce-mark=\"1\"><a title=\"https:\/\/ens7-caba.infd.edu.ar\/aula\/archivos\/repositorio\/\/2750\/2820\/11_12_13_14_Lengua_y_literatura.pdf\" href=\"https:\/\/ens7-caba.infd.edu.ar\/aula\/archivos\/repositorio\/\/2750\/2820\/11_12_13_14_Lengua_y_literatura.pdf\" target=\"_NEW\">Lengua y literatura<\/a><\/span><\/span><\/td>\n<td style=\"border: 1px solid #990000;\"><span data-mce-mark=\"1\"><span data-mce-mark=\"1\"><a title=\"https:\/\/ens7-caba.infd.edu.ar\/aula\/archivos\/repositorio\/\/2750\/2820\/11_12_13_14_Lengua_y_literatura.pdf\" href=\"https:\/\/ens7-caba.infd.edu.ar\/aula\/archivos\/repositorio\/\/2750\/2820\/11_12_13_14_Lengua_y_literatura.pdf\" target=\"_NEW\">Lengua y literatura<\/a><\/span><\/span><\/td>\n<td style=\"border: 1px solid #990000;\"><span data-mce-mark=\"1\"><span data-mce-mark=\"1\"><a title=\"https:\/\/ens7-caba.infd.edu.ar\/aula\/archivos\/repositorio\/\/2750\/2820\/11_12_13_14_Lengua_y_literatura.pdf\" href=\"https:\/\/ens7-caba.infd.edu.ar\/aula\/archivos\/repositorio\/\/2750\/2820\/11_12_13_14_Lengua_y_literatura.pdf\" target=\"_NEW\">Lengua y literatura<\/a><\/span><\/span><\/td>\n<td style=\"border: 1px solid #990000;\"><span data-mce-mark=\"1\"><span data-mce-mark=\"1\"><span data-mce-mark=\"1\"><a title=\"https:\/\/ens7-caba.infd.edu.ar\/aula\/archivos\/repositorio\/\/2750\/2820\/11_12_13_14_Lengua_y_literatura.pdf\" href=\"https:\/\/ens7-caba.infd.edu.ar\/aula\/archivos\/repositorio\/\/2750\/2820\/11_12_13_14_Lengua_y_literatura.pdf\" target=\"_NEW\">Lengua y literatura<\/a><\/span><\/span><\/span><\/td>\n<\/tr>\n<tr>\n<td style=\"border: 1px solid #990000;\"><span data-mce-mark=\"1\"><span data-mce-mark=\"1\"><a title=\"https:\/\/ens7-caba.infd.edu.ar\/aula\/archivos\/repositorio\/\/2750\/2822\/11_13_Ingles.pdf\" href=\"https:\/\/ens7-caba.infd.edu.ar\/aula\/archivos\/repositorio\/\/2750\/2822\/11_13_Ingles.pdf\" target=\"_NEW\">Ingl\u00e9s<\/a><\/span><\/span><\/td>\n<td style=\"border: 1px solid #990000;\"><span data-mce-mark=\"1\"><span data-mce-mark=\"1\"><a title=\"https:\/\/ens7-caba.infd.edu.ar\/aula\/archivos\/repositorio\/\/2750\/2823\/11_12_13_14_Frances.pdf\" href=\"https:\/\/ens7-caba.infd.edu.ar\/aula\/archivos\/repositorio\/\/2750\/2823\/11_12_13_14_Frances.pdf\" target=\"_NEW\">Franc\u00e9s<\/a><\/span><\/span><\/td>\n<td style=\"border: 1px solid #990000;\"><a title=\"https:\/\/ens7-caba.infd.edu.ar\/aula\/archivos\/repositorio\/\/2750\/2822\/11_13_Ingles.pdf\" href=\"https:\/\/ens7-caba.infd.edu.ar\/aula\/archivos\/repositorio\/\/2750\/2822\/11_13_Ingles.pdf\" target=\"_NEW\">Ingl\u00e9s<\/a><\/td>\n<td style=\"border: 1px solid #990000;\">F<a title=\"https:\/\/ens7-caba.infd.edu.ar\/aula\/archivos\/repositorio\/\/2750\/2823\/11_12_13_14_Frances.pdf\" href=\"https:\/\/ens7-caba.infd.edu.ar\/aula\/archivos\/repositorio\/\/2750\/2823\/11_12_13_14_Frances.pdf\" target=\"_NEW\">ranc\u00e9s<\/a><\/td>\n<\/tr>\n<tr>\n<td style=\"border: 1px solid #990000;\"><span data-mce-mark=\"1\"><span data-mce-mark=\"1\"><a title=\"https:\/\/ens7-caba.infd.edu.ar\/aula\/archivos\/repositorio\/\/2750\/2830\/1ro_1-2-3y_4_Matematica.pdf\" href=\"https:\/\/ens7-caba.infd.edu.ar\/aula\/archivos\/repositorio\/\/2750\/2830\/1ro_1-2-3y_4_Matematica.pdf\" target=\"_NEW\">Matem\u00e1tica<\/a><\/span><\/span><\/td>\n<td style=\"border: 1px solid #990000;\"><span data-mce-mark=\"1\"><span data-mce-mark=\"1\"><a title=\"https:\/\/ens7-caba.infd.edu.ar\/aula\/archivos\/repositorio\/\/2750\/2830\/1ro_1-2-3y_4_Matematica.pdf\" href=\"https:\/\/ens7-caba.infd.edu.ar\/aula\/archivos\/repositorio\/\/2750\/2830\/1ro_1-2-3y_4_Matematica.pdf\" target=\"_NEW\">Matem\u00e1tica<\/a><\/span><\/span><\/td>\n<td style=\"border: 1px solid #990000;\"><span data-mce-mark=\"1\"><span data-mce-mark=\"1\"><a title=\"https:\/\/ens7-caba.infd.edu.ar\/aula\/archivos\/repositorio\/\/2750\/2830\/1ro_1-2-3y_4_Matematica.pdf\" href=\"https:\/\/ens7-caba.infd.edu.ar\/aula\/archivos\/repositorio\/\/2750\/2830\/1ro_1-2-3y_4_Matematica.pdf\" target=\"_NEW\">Matem\u00e1tica<\/a><\/span><\/span><\/td>\n<td style=\"border: 1px solid #990000;\"><span data-mce-mark=\"1\"><span data-mce-mark=\"1\"><a title=\"https:\/\/ens7-caba.infd.edu.ar\/aula\/archivos\/repositorio\/\/2750\/2830\/1ro_1-2-3y_4_Matematica.pdf\" href=\"https:\/\/ens7-caba.infd.edu.ar\/aula\/archivos\/repositorio\/\/2750\/2830\/1ro_1-2-3y_4_Matematica.pdf\" target=\"_NEW\">Matem\u00e1tica<\/a><\/span><\/span><\/td>\n<\/tr>\n<tr>\n<td style=\"border: 1px solid #990000;\"><span data-mce-mark=\"1\"><span data-mce-mark=\"1\"><a title=\"https:\/\/ens7-caba.infd.edu.ar\/aula\/archivos\/repositorio\/\/2750\/2831\/1ro_1-2-3y_4_Biologia.pdf\" href=\"https:\/\/ens7-caba.infd.edu.ar\/aula\/archivos\/repositorio\/\/2750\/2831\/1ro_1-2-3y_4_Biologia.pdf\" target=\"_NEW\">Biolog\u00eda<\/a><\/span><\/span><\/td>\n<td style=\"border: 1px solid #990000;\"><span data-mce-mark=\"1\"><span data-mce-mark=\"1\"><a title=\"https:\/\/ens7-caba.infd.edu.ar\/aula\/archivos\/repositorio\/\/2750\/2831\/1ro_1-2-3y_4_Biologia.pdf\" href=\"https:\/\/ens7-caba.infd.edu.ar\/aula\/archivos\/repositorio\/\/2750\/2831\/1ro_1-2-3y_4_Biologia.pdf\" target=\"_NEW\">Biolog\u00eda<\/a><\/span><\/span><\/td>\n<td style=\"border: 1px solid #990000;\"><span data-mce-mark=\"1\"><span data-mce-mark=\"1\"><a title=\"https:\/\/ens7-caba.infd.edu.ar\/aula\/archivos\/repositorio\/\/2750\/2831\/1ro_1-2-3y_4_Biologia.pdf\" href=\"https:\/\/ens7-caba.infd.edu.ar\/aula\/archivos\/repositorio\/\/2750\/2831\/1ro_1-2-3y_4_Biologia.pdf\" target=\"_NEW\">Biolog\u00eda<\/a><\/span><\/span><\/td>\n<td style=\"border: 1px solid #990000;\"><span data-mce-mark=\"1\"><span data-mce-mark=\"1\"><a title=\"https:\/\/ens7-caba.infd.edu.ar\/aula\/archivos\/repositorio\/\/2750\/2831\/1ro_1-2-3y_4_Biologia.pdf\" href=\"https:\/\/ens7-caba.infd.edu.ar\/aula\/archivos\/repositorio\/\/2750\/2831\/1ro_1-2-3y_4_Biologia.pdf\" target=\"_NEW\">Biolog\u00eda<\/a><\/span><\/span><\/td>\n<\/tr>\n<tr>\n<td style=\"border: 1px solid #990000;\"><span data-mce-mark=\"1\"><span data-mce-mark=\"1\"><a title=\"https:\/\/ens7-caba.infd.edu.ar\/aula\/archivos\/repositorio\/\/2750\/2869\/11-2-3_y_4_Geografia.pdf\" href=\"https:\/\/ens7-caba.infd.edu.ar\/aula\/archivos\/repositorio\/\/2750\/2869\/11-2-3_y_4_Geografia.pdf\" target=\"_NEW\">Geograf\u00eda<\/a><\/span><\/span><\/td>\n<td style=\"border: 1px solid #990000;\"><span data-mce-mark=\"1\"><span data-mce-mark=\"1\"><a title=\"https:\/\/ens7-caba.infd.edu.ar\/aula\/archivos\/repositorio\/\/2750\/2869\/11-2-3_y_4_Geografia.pdf\" href=\"https:\/\/ens7-caba.infd.edu.ar\/aula\/archivos\/repositorio\/\/2750\/2869\/11-2-3_y_4_Geografia.pdf\" target=\"_NEW\">Geograf\u00eda<\/a><\/span><\/span><\/td>\n<td style=\"border: 1px solid #990000;\"><span data-mce-mark=\"1\"><span data-mce-mark=\"1\"><a title=\"https:\/\/ens7-caba.infd.edu.ar\/aula\/archivos\/repositorio\/\/2750\/2869\/11-2-3_y_4_Geografia.pdf\" href=\"https:\/\/ens7-caba.infd.edu.ar\/aula\/archivos\/repositorio\/\/2750\/2869\/11-2-3_y_4_Geografia.pdf\" target=\"_NEW\">Geograf\u00eda<\/a><\/span><\/span><\/td>\n<td style=\"border: 1px solid #990000;\"><span data-mce-mark=\"1\"><span data-mce-mark=\"1\"><a title=\"https:\/\/ens7-caba.infd.edu.ar\/aula\/archivos\/repositorio\/\/2750\/2869\/11-2-3_y_4_Geografia.pdf\" href=\"https:\/\/ens7-caba.infd.edu.ar\/aula\/archivos\/repositorio\/\/2750\/2869\/11-2-3_y_4_Geografia.pdf\" target=\"_NEW\">Geograf\u00eda<\/a><\/span><\/span><\/td>\n<\/tr>\n<tr>\n<td style=\"border: 1px solid #990000;\"><span data-mce-mark=\"1\"><span data-mce-mark=\"1\"><a title=\"https:\/\/ens7-caba.infd.edu.ar\/aula\/archivos\/repositorio\/\/2750\/2873\/11-2-3_y_4_Historia.pdf\" href=\"https:\/\/ens7-caba.infd.edu.ar\/aula\/archivos\/repositorio\/\/2750\/2873\/11-2-3_y_4_Historia.pdf\" target=\"_NEW\">Historia<\/a><\/span><\/span><\/td>\n<td style=\"border: 1px solid #990000;\"><span data-mce-mark=\"1\"><span data-mce-mark=\"1\"><a title=\"https:\/\/ens7-caba.infd.edu.ar\/aula\/archivos\/repositorio\/\/2750\/2873\/11-2-3_y_4_Historia.pdf\" href=\"https:\/\/ens7-caba.infd.edu.ar\/aula\/archivos\/repositorio\/\/2750\/2873\/11-2-3_y_4_Historia.pdf\" target=\"_NEW\">Historia<\/a><\/span><\/span><\/td>\n<td style=\"border: 1px solid #990000;\"><span data-mce-mark=\"1\"><span data-mce-mark=\"1\"><a title=\"https:\/\/ens7-caba.infd.edu.ar\/aula\/archivos\/repositorio\/\/2750\/2873\/11-2-3_y_4_Historia.pdf\" href=\"https:\/\/ens7-caba.infd.edu.ar\/aula\/archivos\/repositorio\/\/2750\/2873\/11-2-3_y_4_Historia.pdf\" target=\"_NEW\">Historia<\/a><\/span><\/span><\/td>\n<td style=\"border: 1px solid #990000;\"><span data-mce-mark=\"1\"><span data-mce-mark=\"1\"><a title=\"https:\/\/ens7-caba.infd.edu.ar\/aula\/archivos\/repositorio\/\/2750\/2873\/11-2-3_y_4_Historia.pdf\" href=\"https:\/\/ens7-caba.infd.edu.ar\/aula\/archivos\/repositorio\/\/2750\/2873\/11-2-3_y_4_Historia.pdf\" target=\"_NEW\">Historia<\/a><\/span><\/span><\/td>\n<\/tr>\n<tr>\n<td style=\"border: 1px solid #990000;\"><span data-mce-mark=\"1\"><span data-mce-mark=\"1\"><a title=\"https:\/\/ens7-caba.infd.edu.ar\/aula\/archivos\/repositorio\/\/2750\/2868\/11-2-3_y_4_Educacion_Ciudadana.pdf\" href=\"https:\/\/ens7-caba.infd.edu.ar\/aula\/archivos\/repositorio\/\/2750\/2868\/11-2-3_y_4_Educacion_Ciudadana.pdf\" target=\"_NEW\">Educaci\u00f3n Ciudadana<\/a><\/span><\/span><\/td>\n<td style=\"border: 1px solid #990000;\"><span data-mce-mark=\"1\"><span data-mce-mark=\"1\"><a title=\"https:\/\/ens7-caba.infd.edu.ar\/aula\/archivos\/repositorio\/\/2750\/2868\/11-2-3_y_4_Educacion_Ciudadana.pdf\" href=\"https:\/\/ens7-caba.infd.edu.ar\/aula\/archivos\/repositorio\/\/2750\/2868\/11-2-3_y_4_Educacion_Ciudadana.pdf\" target=\"_NEW\">Educaci\u00f3n Ciudadana<\/a><\/span><\/span><\/td>\n<td style=\"border: 1px solid #990000;\"><span data-mce-mark=\"1\"><span data-mce-mark=\"1\"><a title=\"https:\/\/ens7-caba.infd.edu.ar\/aula\/archivos\/repositorio\/\/2750\/2868\/11-2-3_y_4_Educacion_Ciudadana.pdf\" href=\"https:\/\/ens7-caba.infd.edu.ar\/aula\/archivos\/repositorio\/\/2750\/2868\/11-2-3_y_4_Educacion_Ciudadana.pdf\" target=\"_NEW\">Educaci\u00f3n Ciudadana<\/a><\/span><\/span><\/td>\n<td style=\"border: 1px solid #990000;\"><span data-mce-mark=\"1\"><span data-mce-mark=\"1\"><a title=\"https:\/\/ens7-caba.infd.edu.ar\/aula\/archivos\/repositorio\/\/2750\/2868\/11-2-3_y_4_Educacion_Ciudadana.pdf\" href=\"https:\/\/ens7-caba.infd.edu.ar\/aula\/archivos\/repositorio\/\/2750\/2868\/11-2-3_y_4_Educacion_Ciudadana.pdf\" target=\"_NEW\">Educaci\u00f3n Ciudadana<\/a><\/span><\/span><\/td>\n<\/tr>\n<tr>\n<td style=\"border: 1px solid #990000;\"><span data-mce-mark=\"1\"><span data-mce-mark=\"1\"><a title=\"https:\/\/ens7-caba.infd.edu.ar\/aula\/archivos\/repositorio\/\/2750\/2990\/1_1ra_2da_3ra_y_4ta_musica_2017.pdf\" href=\"https:\/\/ens7-caba.infd.edu.ar\/aula\/archivos\/repositorio\/\/2750\/2990\/1_1ra_2da_3ra_y_4ta_musica_2017.pdf\" target=\"_NEW\">Artes-M\u00fasica<\/a><\/span><\/span><\/td>\n<td style=\"border: 1px solid #990000;\"><span data-mce-mark=\"1\"><span data-mce-mark=\"1\"><a title=\"https:\/\/ens7-caba.infd.edu.ar\/aula\/archivos\/repositorio\/\/2750\/2990\/1_1ra_2da_3ra_y_4ta_musica_2017.pdf\" href=\"https:\/\/ens7-caba.infd.edu.ar\/aula\/archivos\/repositorio\/\/2750\/2990\/1_1ra_2da_3ra_y_4ta_musica_2017.pdf\" target=\"_NEW\">Artes-M\u00fasica<\/a><\/span><\/span><\/td>\n<td style=\"border: 1px solid #990000;\"><span data-mce-mark=\"1\"><span data-mce-mark=\"1\"><a title=\"https:\/\/ens7-caba.infd.edu.ar\/aula\/archivos\/repositorio\/\/2750\/2990\/1_1ra_2da_3ra_y_4ta_musica_2017.pdf\" href=\"https:\/\/ens7-caba.infd.edu.ar\/aula\/archivos\/repositorio\/\/2750\/2990\/1_1ra_2da_3ra_y_4ta_musica_2017.pdf\" target=\"_NEW\">Artes-M\u00fasica<\/a><\/span><\/span><\/td>\n<td style=\"border: 1px solid #990000;\"><span data-mce-mark=\"1\"><span data-mce-mark=\"1\"><a title=\"https:\/\/ens7-caba.infd.edu.ar\/aula\/archivos\/repositorio\/\/2750\/2990\/1_1ra_2da_3ra_y_4ta_musica_2017.pdf\" href=\"https:\/\/ens7-caba.infd.edu.ar\/aula\/archivos\/repositorio\/\/2750\/2990\/1_1ra_2da_3ra_y_4ta_musica_2017.pdf\" target=\"_NEW\">Artes-M\u00fasica<\/a><\/span><\/span><\/td>\n<\/tr>\n<tr>\n<td style=\"border: 1px solid #990000;\"><span data-mce-mark=\"1\"><span data-mce-mark=\"1\"><a title=\"https:\/\/ens7-caba.infd.edu.ar\/aula\/archivos\/repositorio\/\/2750\/2991\/11y13_Plastica_2017.pdf\" href=\"https:\/\/ens7-caba.infd.edu.ar\/aula\/archivos\/repositorio\/\/2750\/2991\/11y13_Plastica_2017.pdf\" target=\"_NEW\">Artes Visuales<\/a><\/span><\/span><\/td>\n<td style=\"border: 1px solid #990000;\"><a title=\"https:\/\/ens7-caba.infd.edu.ar\/aula\/archivos\/repositorio\/\/2750\/2986\/1_2da_Plastica_2017.pdf\" href=\"https:\/\/ens7-caba.infd.edu.ar\/aula\/archivos\/repositorio\/\/2750\/2986\/1_2da_Plastica_2017.pdf\" target=\"_NEW\">Artes Visuales<\/a><\/td>\n<td style=\"border: 1px solid #990000;\"><a title=\"https:\/\/ens7-caba.infd.edu.ar\/aula\/archivos\/repositorio\/\/2750\/2991\/11y13_Plastica_2017.pdf\" href=\"https:\/\/ens7-caba.infd.edu.ar\/aula\/archivos\/repositorio\/\/2750\/2991\/11y13_Plastica_2017.pdf\" target=\"_NEW\">Artes Visuales<\/a><\/td>\n<td style=\"border: 1px solid #990000;\"><a title=\"https:\/\/ens7-caba.infd.edu.ar\/aula\/archivos\/repositorio\/\/2750\/2999\/1_4_ARTES_VISUALES_2017.pdf\" href=\"https:\/\/ens7-caba.infd.edu.ar\/aula\/archivos\/repositorio\/\/2750\/2999\/1_4_ARTES_VISUALES_2017.pdf\" target=\"_NEW\">Artes Visuales<\/a><\/td>\n<\/tr>\n<tr>\n<td style=\"border: 1px solid #990000;\"><span data-mce-mark=\"1\"><span data-mce-mark=\"1\"><span data-mce-mark=\"1\">Ed. Tecnol\u00f3gica<\/span><\/span><\/span><\/td>\n<td style=\"border: 1px solid #990000;\"><span data-mce-mark=\"1\"><span data-mce-mark=\"1\"><span data-mce-mark=\"1\">Ed. Tecnol\u00f3gica<\/span><\/span><\/span><\/td>\n<td style=\"border: 1px solid #990000;\"><span data-mce-mark=\"1\"><span data-mce-mark=\"1\"><span data-mce-mark=\"1\">Educ. Tecnol\u00f3gica<\/span><\/span><\/span><\/td>\n<td style=\"border: 1px solid #990000;\"><span data-mce-mark=\"1\"><span data-mce-mark=\"1\"><span data-mce-mark=\"1\">Educ. Tecnol\u00f3gica<\/span><\/span><\/span><\/td>\n<\/tr>\n<tr>\n<td style=\"border: 1px solid #990000;\"><a title=\"https:\/\/ens7-caba.infd.edu.ar\/aula\/archivos\/repositorio\/\/3000\/3006\/1a5_Ed_Fisica_2017.pdf\" href=\"https:\/\/ens7-caba.infd.edu.ar\/aula\/archivos\/repositorio\/\/3000\/3006\/1a5_Ed_Fisica_2017.pdf\" target=\"_NEW\">Ed. F\u00edsica<\/a><\/td>\n<td style=\"border: 1px solid #990000;\"><a title=\"https:\/\/ens7-caba.infd.edu.ar\/aula\/archivos\/repositorio\/\/3000\/3006\/1a5_Ed_Fisica_2017.pdf\" href=\"https:\/\/ens7-caba.infd.edu.ar\/aula\/archivos\/repositorio\/\/3000\/3006\/1a5_Ed_Fisica_2017.pdf\" target=\"_NEW\">Ed. F\u00edsica<\/a><\/td>\n<td style=\"border: 1px solid #990000;\"><a title=\"https:\/\/ens7-caba.infd.edu.ar\/aula\/archivos\/repositorio\/\/3000\/3006\/1a5_Ed_Fisica_2017.pdf\" href=\"https:\/\/ens7-caba.infd.edu.ar\/aula\/archivos\/repositorio\/\/3000\/3006\/1a5_Ed_Fisica_2017.pdf\" target=\"_NEW\">Ed. F\u00edsica<\/a><\/td>\n<td style=\"border: 1px solid #990000;\"><a title=\"https:\/\/ens7-caba.infd.edu.ar\/aula\/archivos\/repositorio\/\/3000\/3006\/1a5_Ed_Fisica_2017.pdf\" href=\"https:\/\/ens7-caba.infd.edu.ar\/aula\/archivos\/repositorio\/\/3000\/3006\/1a5_Ed_Fisica_2017.pdf\" target=\"_NEW\">Ed. F\u00edsica<\/a><\/td>\n<\/tr>\n<tr>\n<td style=\"border: 1px solid #990000;\"><a title=\"https:\/\/ens7-caba.infd.edu.ar\/aula\/archivos\/repositorio\/\/3000\/3003\/1ros_y_2dos_EDI_Juegos_logicos_2017.pdf\" href=\"https:\/\/ens7-caba.infd.edu.ar\/aula\/archivos\/repositorio\/\/3000\/3003\/1ros_y_2dos_EDI_Juegos_logicos_2017.pdf\" target=\"_NEW\">EDI<\/a><\/td>\n<td style=\"border: 1px solid #990000;\"><a title=\"https:\/\/ens7-caba.infd.edu.ar\/aula\/archivos\/repositorio\/\/3000\/3003\/1ros_y_2dos_EDI_Juegos_logicos_2017.pdf\" href=\"https:\/\/ens7-caba.infd.edu.ar\/aula\/archivos\/repositorio\/\/3000\/3003\/1ros_y_2dos_EDI_Juegos_logicos_2017.pdf\" target=\"_NEW\">EDI<\/a><\/td>\n<td style=\"border: 1px solid #990000;\"><a title=\"https:\/\/ens7-caba.infd.edu.ar\/aula\/archivos\/repositorio\/\/3000\/3003\/1ros_y_2dos_EDI_Juegos_logicos_2017.pdf\" href=\"https:\/\/ens7-caba.infd.edu.ar\/aula\/archivos\/repositorio\/\/3000\/3003\/1ros_y_2dos_EDI_Juegos_logicos_2017.pdf\" target=\"_NEW\">EDI<\/a><\/td>\n<td style=\"border: 1px solid #990000;\"><a title=\"https:\/\/ens7-caba.infd.edu.ar\/aula\/archivos\/repositorio\/\/3000\/3003\/1ros_y_2dos_EDI_Juegos_logicos_2017.pdf\" href=\"https:\/\/ens7-caba.infd.edu.ar\/aula\/archivos\/repositorio\/\/3000\/3003\/1ros_y_2dos_EDI_Juegos_logicos_2017.pdf\" target=\"_NEW\">EDI<\/a><\/td>\n<\/tr>\n<\/tbody>\n<\/table>\n","protected":false},"excerpt":{"rendered":"<p>1\u00ba 1\u00ba 1\u00ba 2\u00ba 1\u00ba 3\u00ba 1\u00ba 4\u00ba Lengua y literatura Lengua y literatura Lengua y literatura Lengua y literatura Ingl\u00e9s Franc\u00e9s Ingl\u00e9s Franc\u00e9s Matem\u00e1tica Matem\u00e1tica Matem\u00e1tica Matem\u00e1tica Biolog\u00eda Biolog\u00eda Biolog\u00eda Biolog\u00eda Geograf\u00eda Geograf\u00eda Geograf\u00eda Geograf\u00eda Historia Historia Historia Historia Educaci\u00f3n Ciudadana Educaci\u00f3n Ciudadana Educaci\u00f3n Ciudadana Educaci\u00f3n Ciudadana Artes-M\u00fasica Artes-M\u00fasica Artes-M\u00fasica Artes-M\u00fasica Artes Visuales Artes &#8230; <a title=\"Programas 1\u00b0 A\u00f1o 2017\" class=\"read-more\" href=\"https:\/\/ens7-caba.infd.edu.ar\/sitio\/programas-1-ano-2017\/\" aria-label=\"More on Programas 1\u00b0 A\u00f1o 2017\">[+]<\/a><\/p>\n","protected":false},"author":2274,"featured_media":0,"parent":0,"menu_order":0,"comment_status":"closed","ping_status":"closed","template":"","meta":[],"acf":[],"_links":{"self":[{"href":"https:\/\/ens7-caba.infd.edu.ar\/sitio\/wp-json\/wp\/v2\/pages\/1064"}],"collection":[{"href":"https:\/\/ens7-caba.infd.edu.ar\/sitio\/wp-json\/wp\/v2\/pages"}],"about":[{"href":"https:\/\/ens7-caba.infd.edu.ar\/sitio\/wp-json\/wp\/v2\/types\/page"}],"author":[{"embeddable":true,"href":"https:\/\/ens7-caba.infd.edu.ar\/sitio\/wp-json\/wp\/v2\/users\/2274"}],"replies":[{"embeddable":true,"href":"https:\/\/ens7-caba.infd.edu.ar\/sitio\/wp-json\/wp\/v2\/comments?post=1064"}],"version-history":[{"count":2,"href":"https:\/\/ens7-caba.infd.edu.ar\/sitio\/wp-json\/wp\/v2\/pages\/1064\/revisions"}],"predecessor-version":[{"id":1479,"href":"https:\/\/ens7-caba.infd.edu.ar\/sitio\/wp-json\/wp\/v2\/pages\/1064\/revisions\/1479"}],"wp:attachment":[{"href":"https:\/\/ens7-caba.infd.edu.ar\/sitio\/wp-json\/wp\/v2\/media?parent=1064"}],"curies":[{"name":"wp","href":"https:\/\/api.w.org\/{rel}","templated":true}]}}