{"id":1065,"date":"2018-07-01T22:07:51","date_gmt":"2018-07-02T01:07:51","guid":{"rendered":"https:\/\/ens7-caba.infd.edu.ar\/sitio\/?page_id=1065"},"modified":"2018-10-18T11:23:28","modified_gmt":"2018-10-18T14:23:28","slug":"programas-2-ano-2017","status":"publish","type":"page","link":"https:\/\/ens7-caba.infd.edu.ar\/sitio\/programas-2-ano-2017\/","title":{"rendered":"Programas 2\u00b0 A\u00f1o 2017"},"content":{"rendered":"<table id=\"table1\" border=\"0\">\n<tbody>\n<tr>\n<td style=\"border: 1px solid #990000;\">\n<p style=\"text-align: center;\"><strong>2\u00ba 1\u00ba<\/strong><\/p>\n<\/td>\n<td style=\"border: 1px solid #990000;\">\n<p style=\"text-align: center;\"><strong>2\u00ba 2\u00ba<\/strong><\/p>\n<\/td>\n<td style=\"border: 1px solid #990000;\">\n<p style=\"text-align: center;\"><strong>2\u00ba 3\u00ba<\/strong><\/p>\n<\/td>\n<td style=\"border: 1px solid #990000;\">\n<p style=\"text-align: center;\"><strong>2\u00ba 4\u00ba<\/strong><\/p>\n<\/td>\n<\/tr>\n<tr>\n<td style=\"border: 1px solid #990000;\"><a title=\"https:\/\/ens7-caba.infd.edu.ar\/aula\/archivos\/repositorio\/\/2750\/2821\/21_22_23_24_Lengua.pdf\" href=\"https:\/\/ens7-caba.infd.edu.ar\/aula\/archivos\/repositorio\/\/2750\/2821\/21_22_23_24_Lengua.pdf\" target=\"_NEW\">Lengua y literatura<\/a><\/td>\n<td style=\"border: 1px solid #990000;\"><a title=\"https:\/\/ens7-caba.infd.edu.ar\/aula\/archivos\/repositorio\/\/2750\/2821\/21_22_23_24_Lengua.pdf\" href=\"https:\/\/ens7-caba.infd.edu.ar\/aula\/archivos\/repositorio\/\/2750\/2821\/21_22_23_24_Lengua.pdf\" target=\"_NEW\">Lengua y literatura<\/a><\/td>\n<td style=\"border: 1px solid #990000;\"><a title=\"https:\/\/ens7-caba.infd.edu.ar\/aula\/archivos\/repositorio\/\/2750\/2821\/21_22_23_24_Lengua.pdf\" href=\"https:\/\/ens7-caba.infd.edu.ar\/aula\/archivos\/repositorio\/\/2750\/2821\/21_22_23_24_Lengua.pdf\" target=\"_NEW\">Lengua y literatura<\/a><\/td>\n<td style=\"border: 1px solid #990000;\"><a title=\"https:\/\/ens7-caba.infd.edu.ar\/aula\/archivos\/repositorio\/\/2750\/2821\/21_22_23_24_Lengua.pdf\" href=\"https:\/\/ens7-caba.infd.edu.ar\/aula\/archivos\/repositorio\/\/2750\/2821\/21_22_23_24_Lengua.pdf\" target=\"_NEW\">Lengua y literatura<\/a><\/td>\n<\/tr>\n<tr>\n<td style=\"border: 1px solid #990000;\"><a title=\"https:\/\/ens7-caba.infd.edu.ar\/aula\/archivos\/repositorio\/\/2750\/2819\/21_23_Ingles.pdf\" href=\"https:\/\/ens7-caba.infd.edu.ar\/aula\/archivos\/repositorio\/\/2750\/2819\/21_23_Ingles.pdf\" target=\"_NEW\">Ingl\u00e9s <\/a><\/td>\n<td style=\"border: 1px solid #990000;\"><a title=\"https:\/\/ens7-caba.infd.edu.ar\/aula\/archivos\/repositorio\/\/2750\/2824\/21_22_23_24_Frances.pdf\" href=\"https:\/\/ens7-caba.infd.edu.ar\/aula\/archivos\/repositorio\/\/2750\/2824\/21_22_23_24_Frances.pdf\" target=\"_NEW\">Franc\u00e9s<\/a><\/td>\n<td style=\"border: 1px solid #990000;\"><a title=\"https:\/\/ens7-caba.infd.edu.ar\/aula\/archivos\/repositorio\/\/2750\/2819\/21_23_Ingles.pdf\" href=\"https:\/\/ens7-caba.infd.edu.ar\/aula\/archivos\/repositorio\/\/2750\/2819\/21_23_Ingles.pdf\" target=\"_NEW\">Ingl\u00e9s \u00a0<\/a><\/td>\n<td style=\"border: 1px solid #990000;\"><a title=\"https:\/\/ens7-caba.infd.edu.ar\/aula\/archivos\/repositorio\/\/2750\/2824\/21_22_23_24_Frances.pdf\" href=\"https:\/\/ens7-caba.infd.edu.ar\/aula\/archivos\/repositorio\/\/2750\/2824\/21_22_23_24_Frances.pdf\" target=\"_NEW\">Franc\u00e9s<\/a><\/td>\n<\/tr>\n<tr>\n<td style=\"border: 1px solid #990000;\"><a title=\"https:\/\/ens7-caba.infd.edu.ar\/aula\/archivos\/repositorio\/\/2750\/2828\/2do_1-2-3_y_4_Matematica.pdf\" href=\"https:\/\/ens7-caba.infd.edu.ar\/aula\/archivos\/repositorio\/\/2750\/2828\/2do_1-2-3_y_4_Matematica.pdf\" target=\"_NEW\">Matem\u00e1tica<\/a><\/td>\n<td style=\"border: 1px solid #990000;\"><a title=\"https:\/\/ens7-caba.infd.edu.ar\/aula\/archivos\/repositorio\/\/2750\/2828\/2do_1-2-3_y_4_Matematica.pdf\" href=\"https:\/\/ens7-caba.infd.edu.ar\/aula\/archivos\/repositorio\/\/2750\/2828\/2do_1-2-3_y_4_Matematica.pdf\" target=\"_NEW\">Matem\u00e1tica<\/a><\/td>\n<td style=\"border: 1px solid #990000;\"><a title=\"https:\/\/ens7-caba.infd.edu.ar\/aula\/archivos\/repositorio\/\/2750\/2828\/2do_1-2-3_y_4_Matematica.pdf\" href=\"https:\/\/ens7-caba.infd.edu.ar\/aula\/archivos\/repositorio\/\/2750\/2828\/2do_1-2-3_y_4_Matematica.pdf\" target=\"_NEW\">Matem\u00e1tica<\/a><\/td>\n<td style=\"border: 1px solid #990000;\"><a title=\"https:\/\/ens7-caba.infd.edu.ar\/aula\/archivos\/repositorio\/\/2750\/2828\/2do_1-2-3_y_4_Matematica.pdf\" href=\"https:\/\/ens7-caba.infd.edu.ar\/aula\/archivos\/repositorio\/\/2750\/2828\/2do_1-2-3_y_4_Matematica.pdf\" target=\"_NEW\">Matem\u00e1tica<\/a><\/td>\n<\/tr>\n<tr>\n<td style=\"border: 1px solid #990000;\"><a title=\"https:\/\/ens7-caba.infd.edu.ar\/aula\/archivos\/repositorio\/\/2750\/2829\/2do._123_y_4_Biologia.pdf\" href=\"https:\/\/ens7-caba.infd.edu.ar\/aula\/archivos\/repositorio\/\/2750\/2829\/2do._123_y_4_Biologia.pdf\" target=\"_NEW\">Biolog\u00eda<\/a><\/td>\n<td style=\"border: 1px solid #990000;\"><a title=\"https:\/\/ens7-caba.infd.edu.ar\/aula\/archivos\/repositorio\/\/2750\/2829\/2do._123_y_4_Biologia.pdf\" href=\"https:\/\/ens7-caba.infd.edu.ar\/aula\/archivos\/repositorio\/\/2750\/2829\/2do._123_y_4_Biologia.pdf\" target=\"_NEW\">Biolog\u00eda<\/a><\/td>\n<td style=\"border: 1px solid #990000;\"><a title=\"https:\/\/ens7-caba.infd.edu.ar\/aula\/archivos\/repositorio\/\/2750\/2829\/2do._123_y_4_Biologia.pdf\" href=\"https:\/\/ens7-caba.infd.edu.ar\/aula\/archivos\/repositorio\/\/2750\/2829\/2do._123_y_4_Biologia.pdf\" target=\"_NEW\">Biolog\u00eda<\/a><\/td>\n<td style=\"border: 1px solid #990000;\"><a title=\"https:\/\/ens7-caba.infd.edu.ar\/aula\/archivos\/repositorio\/\/2750\/2829\/2do._123_y_4_Biologia.pdf\" href=\"https:\/\/ens7-caba.infd.edu.ar\/aula\/archivos\/repositorio\/\/2750\/2829\/2do._123_y_4_Biologia.pdf\" target=\"_NEW\">Biolog\u00eda<\/a><\/td>\n<\/tr>\n<tr>\n<td style=\"border: 1px solid #990000;\"><a title=\"https:\/\/ens7-caba.infd.edu.ar\/aula\/archivos\/repositorio\/\/2750\/2875\/21-2-3_y_4_Geografia.pdf\" href=\"https:\/\/ens7-caba.infd.edu.ar\/aula\/archivos\/repositorio\/\/2750\/2875\/21-2-3_y_4_Geografia.pdf\" target=\"_NEW\">Geograf\u00eda<\/a><\/td>\n<td style=\"border: 1px solid #990000;\"><a title=\"https:\/\/ens7-caba.infd.edu.ar\/aula\/archivos\/repositorio\/\/2750\/2875\/21-2-3_y_4_Geografia.pdf\" href=\"https:\/\/ens7-caba.infd.edu.ar\/aula\/archivos\/repositorio\/\/2750\/2875\/21-2-3_y_4_Geografia.pdf\" target=\"_NEW\">Geograf\u00eda<\/a><\/td>\n<td style=\"border: 1px solid #990000;\"><a title=\"https:\/\/ens7-caba.infd.edu.ar\/aula\/archivos\/repositorio\/\/2750\/2875\/21-2-3_y_4_Geografia.pdf\" href=\"https:\/\/ens7-caba.infd.edu.ar\/aula\/archivos\/repositorio\/\/2750\/2875\/21-2-3_y_4_Geografia.pdf\" target=\"_NEW\">Geograf\u00eda<\/a><\/td>\n<td style=\"border: 1px solid #990000;\"><a title=\"https:\/\/ens7-caba.infd.edu.ar\/aula\/archivos\/repositorio\/\/2750\/2875\/21-2-3_y_4_Geografia.pdf\" href=\"https:\/\/ens7-caba.infd.edu.ar\/aula\/archivos\/repositorio\/\/2750\/2875\/21-2-3_y_4_Geografia.pdf\" target=\"_NEW\">Geograf\u00eda<\/a><\/td>\n<\/tr>\n<tr>\n<td style=\"border: 1px solid #990000;\"><a title=\"https:\/\/ens7-caba.infd.edu.ar\/aula\/archivos\/repositorio\/\/2750\/2872\/21-2-3_y_4_Historia.pdf\" href=\"https:\/\/ens7-caba.infd.edu.ar\/aula\/archivos\/repositorio\/\/2750\/2872\/21-2-3_y_4_Historia.pdf\" target=\"_NEW\">Historia<\/a><\/td>\n<td style=\"border: 1px solid #990000;\"><a title=\"https:\/\/ens7-caba.infd.edu.ar\/aula\/archivos\/repositorio\/\/2750\/2872\/21-2-3_y_4_Historia.pdf\" href=\"https:\/\/ens7-caba.infd.edu.ar\/aula\/archivos\/repositorio\/\/2750\/2872\/21-2-3_y_4_Historia.pdf\" target=\"_NEW\">Historia<\/a><\/td>\n<td style=\"border: 1px solid #990000;\"><a title=\"https:\/\/ens7-caba.infd.edu.ar\/aula\/archivos\/repositorio\/\/2750\/2872\/21-2-3_y_4_Historia.pdf\" href=\"https:\/\/ens7-caba.infd.edu.ar\/aula\/archivos\/repositorio\/\/2750\/2872\/21-2-3_y_4_Historia.pdf\" target=\"_NEW\">Historia<\/a><\/td>\n<td style=\"border: 1px solid #990000;\"><a title=\"https:\/\/ens7-caba.infd.edu.ar\/aula\/archivos\/repositorio\/\/2750\/2872\/21-2-3_y_4_Historia.pdf\" href=\"https:\/\/ens7-caba.infd.edu.ar\/aula\/archivos\/repositorio\/\/2750\/2872\/21-2-3_y_4_Historia.pdf\" target=\"_NEW\">Historia<\/a><\/td>\n<\/tr>\n<tr>\n<td style=\"border: 1px solid #990000;\"><a title=\"https:\/\/ens7-caba.infd.edu.ar\/aula\/archivos\/repositorio\/\/2750\/2870\/21-2-3_y_4_Educacion_Ciudadana.pdf\" href=\"https:\/\/ens7-caba.infd.edu.ar\/aula\/archivos\/repositorio\/\/2750\/2870\/21-2-3_y_4_Educacion_Ciudadana.pdf\" target=\"_NEW\">Ed. C\u00edudadana<\/a><\/td>\n<td style=\"border: 1px solid #990000;\"><a title=\"https:\/\/ens7-caba.infd.edu.ar\/aula\/archivos\/repositorio\/\/2750\/2870\/21-2-3_y_4_Educacion_Ciudadana.pdf\" href=\"https:\/\/ens7-caba.infd.edu.ar\/aula\/archivos\/repositorio\/\/2750\/2870\/21-2-3_y_4_Educacion_Ciudadana.pdf\" target=\"_NEW\">Ed. C\u00edudadana<\/a><\/td>\n<td style=\"border: 1px solid #990000;\"><a title=\"https:\/\/ens7-caba.infd.edu.ar\/aula\/archivos\/repositorio\/\/2750\/2870\/21-2-3_y_4_Educacion_Ciudadana.pdf\" href=\"https:\/\/ens7-caba.infd.edu.ar\/aula\/archivos\/repositorio\/\/2750\/2870\/21-2-3_y_4_Educacion_Ciudadana.pdf\" target=\"_NEW\">Ed. C\u00edudadana<\/a><\/td>\n<td style=\"border: 1px solid #990000;\"><a title=\"https:\/\/ens7-caba.infd.edu.ar\/aula\/archivos\/repositorio\/\/2750\/2870\/21-2-3_y_4_Educacion_Ciudadana.pdf\" href=\"https:\/\/ens7-caba.infd.edu.ar\/aula\/archivos\/repositorio\/\/2750\/2870\/21-2-3_y_4_Educacion_Ciudadana.pdf\" target=\"_NEW\">Ed. C\u00edudadana<\/a><\/td>\n<\/tr>\n<tr>\n<td style=\"border: 1px solid #990000;\"><a title=\"https:\/\/ens7-caba.infd.edu.ar\/aula\/archivos\/repositorio\/\/2750\/2987\/2_1ra_2da_3ra_4ta_musica_2017.pdf\" href=\"https:\/\/ens7-caba.infd.edu.ar\/aula\/archivos\/repositorio\/\/2750\/2987\/2_1ra_2da_3ra_4ta_musica_2017.pdf\" target=\"_NEW\">Artes-M\u00fasica<\/a><\/td>\n<td style=\"border: 1px solid #990000;\"><a title=\"https:\/\/ens7-caba.infd.edu.ar\/aula\/archivos\/repositorio\/\/2750\/2987\/2_1ra_2da_3ra_4ta_musica_2017.pdf\" href=\"https:\/\/ens7-caba.infd.edu.ar\/aula\/archivos\/repositorio\/\/2750\/2987\/2_1ra_2da_3ra_4ta_musica_2017.pdf\" target=\"_NEW\">Artes-M\u00fasica<\/a><\/td>\n<td style=\"border: 1px solid #990000;\"><a title=\"https:\/\/ens7-caba.infd.edu.ar\/aula\/archivos\/repositorio\/\/2750\/2987\/2_1ra_2da_3ra_4ta_musica_2017.pdf\" href=\"https:\/\/ens7-caba.infd.edu.ar\/aula\/archivos\/repositorio\/\/2750\/2987\/2_1ra_2da_3ra_4ta_musica_2017.pdf\" target=\"_NEW\">Artes-M\u00fasica<\/a><\/td>\n<td style=\"border: 1px solid #990000;\"><a title=\"https:\/\/ens7-caba.infd.edu.ar\/aula\/archivos\/repositorio\/\/2750\/2987\/2_1ra_2da_3ra_4ta_musica_2017.pdf\" href=\"https:\/\/ens7-caba.infd.edu.ar\/aula\/archivos\/repositorio\/\/2750\/2987\/2_1ra_2da_3ra_4ta_musica_2017.pdf\" target=\"_NEW\">Artes-M\u00fasica<\/a><\/td>\n<\/tr>\n<tr>\n<td style=\"border: 1px solid #990000;\">Ed. Tecnol\u00f3gica<\/td>\n<td style=\"border: 1px solid #990000;\"><a title=\"https:\/\/ens7-caba.infd.edu.ar\/aula\/archivos\/repositorio\/\/2750\/2874\/2-2_Ed.Tecnologica..pdf\" href=\"https:\/\/ens7-caba.infd.edu.ar\/aula\/archivos\/repositorio\/\/2750\/2874\/2-2_Ed.Tecnologica..pdf\" target=\"_NEW\">Ed. Tecnol\u00f3gica<\/a><\/td>\n<td style=\"border: 1px solid #990000;\"><a title=\"https:\/\/ens7-caba.infd.edu.ar\/aula\/archivos\/repositorio\/\/2750\/2871\/23_Tecnologia.pdf\" href=\"https:\/\/ens7-caba.infd.edu.ar\/aula\/archivos\/repositorio\/\/2750\/2871\/23_Tecnologia.pdf\" target=\"_NEW\">Ed. Tecnol\u00f3gica<\/a><\/td>\n<td style=\"border: 1px solid #990000;\">Ed. Tecnol\u00f3gica<\/td>\n<\/tr>\n<tr>\n<td style=\"border: 1px solid #990000;\"><a title=\"https:\/\/ens7-caba.infd.edu.ar\/aula\/archivos\/repositorio\/\/3000\/3001\/2_1_ARTES_VISUALES_2017.pdf\" href=\"https:\/\/ens7-caba.infd.edu.ar\/aula\/archivos\/repositorio\/\/3000\/3001\/2_1_ARTES_VISUALES_2017.pdf\" target=\"_NEW\">Artes visuales<\/a><\/td>\n<td style=\"border: 1px solid #990000;\"><a title=\"https:\/\/ens7-caba.infd.edu.ar\/aula\/archivos\/repositorio\/\/2750\/2835\/22_Plastica_2017.pdf\" href=\"https:\/\/ens7-caba.infd.edu.ar\/aula\/archivos\/repositorio\/\/2750\/2835\/22_Plastica_2017.pdf\" target=\"_NEW\">Artes visuales<\/a><\/td>\n<td style=\"border: 1px solid #990000;\"><a title=\"https:\/\/ens7-caba.infd.edu.ar\/aula\/archivos\/repositorio\/\/2750\/2996\/2324_ARTES__VISUALES_2017.pdf\" href=\"https:\/\/ens7-caba.infd.edu.ar\/aula\/archivos\/repositorio\/\/2750\/2996\/2324_ARTES__VISUALES_2017.pdf\" target=\"_NEW\">Artes visuales<\/a><\/td>\n<td style=\"border: 1px solid #990000;\"><a title=\"https:\/\/ens7-caba.infd.edu.ar\/aula\/archivos\/repositorio\/\/2750\/2996\/2324_ARTES__VISUALES_2017.pdf\" href=\"https:\/\/ens7-caba.infd.edu.ar\/aula\/archivos\/repositorio\/\/2750\/2996\/2324_ARTES__VISUALES_2017.pdf\" target=\"_NEW\">Artes visuales<\/a><\/td>\n<\/tr>\n<tr>\n<td style=\"border: 1px solid #990000;\"><a title=\"https:\/\/ens7-caba.infd.edu.ar\/aula\/archivos\/repositorio\/\/3000\/3006\/1a5_Ed_Fisica_2017.pdf\" href=\"https:\/\/ens7-caba.infd.edu.ar\/aula\/archivos\/repositorio\/\/3000\/3006\/1a5_Ed_Fisica_2017.pdf\" target=\"_NEW\">Ed. F\u00edsica<\/a><\/td>\n<td style=\"border: 1px solid #990000;\"><a title=\"https:\/\/ens7-caba.infd.edu.ar\/aula\/archivos\/repositorio\/\/3000\/3006\/1a5_Ed_Fisica_2017.pdf\" href=\"https:\/\/ens7-caba.infd.edu.ar\/aula\/archivos\/repositorio\/\/3000\/3006\/1a5_Ed_Fisica_2017.pdf\" target=\"_NEW\">Ed. F\u00edsica<\/a><\/td>\n<td style=\"border: 1px solid #990000;\"><a title=\"https:\/\/ens7-caba.infd.edu.ar\/aula\/archivos\/repositorio\/\/3000\/3006\/1a5_Ed_Fisica_2017.pdf\" href=\"https:\/\/ens7-caba.infd.edu.ar\/aula\/archivos\/repositorio\/\/3000\/3006\/1a5_Ed_Fisica_2017.pdf\" target=\"_NEW\">Ed. F\u00edsica<\/a><\/td>\n<td style=\"border: 1px solid #990000;\"><a title=\"https:\/\/ens7-caba.infd.edu.ar\/aula\/archivos\/repositorio\/\/3000\/3006\/1a5_Ed_Fisica_2017.pdf\" href=\"https:\/\/ens7-caba.infd.edu.ar\/aula\/archivos\/repositorio\/\/3000\/3006\/1a5_Ed_Fisica_2017.pdf\" target=\"_NEW\">Ed. F\u00edsica<\/a><\/td>\n<\/tr>\n<tr>\n<td style=\"border: 1px solid #990000;\"><a title=\"https:\/\/ens7-caba.infd.edu.ar\/aula\/archivos\/repositorio\/\/3000\/3005\/2_1_2_3_4_EDI_ESTUDIO_CREATIVO_2017.pdf\" href=\"https:\/\/ens7-caba.infd.edu.ar\/aula\/archivos\/repositorio\/\/3000\/3005\/2_1_2_3_4_EDI_ESTUDIO_CREATIVO_2017.pdf\" target=\"_NEW\">EDI<\/a><\/td>\n<td style=\"border: 1px solid #990000;\"><a title=\"https:\/\/ens7-caba.infd.edu.ar\/aula\/archivos\/repositorio\/\/3000\/3005\/2_1_2_3_4_EDI_ESTUDIO_CREATIVO_2017.pdf\" href=\"https:\/\/ens7-caba.infd.edu.ar\/aula\/archivos\/repositorio\/\/3000\/3005\/2_1_2_3_4_EDI_ESTUDIO_CREATIVO_2017.pdf\" target=\"_NEW\">EDI<\/a><\/td>\n<td style=\"border: 1px solid #990000;\"><a title=\"https:\/\/ens7-caba.infd.edu.ar\/aula\/archivos\/repositorio\/\/3000\/3005\/2_1_2_3_4_EDI_ESTUDIO_CREATIVO_2017.pdf\" href=\"https:\/\/ens7-caba.infd.edu.ar\/aula\/archivos\/repositorio\/\/3000\/3005\/2_1_2_3_4_EDI_ESTUDIO_CREATIVO_2017.pdf\" target=\"_NEW\">EDI<\/a><\/td>\n<td style=\"border: 1px solid #990000;\"><a title=\"https:\/\/ens7-caba.infd.edu.ar\/aula\/archivos\/repositorio\/\/3000\/3005\/2_1_2_3_4_EDI_ESTUDIO_CREATIVO_2017.pdf\" href=\"https:\/\/ens7-caba.infd.edu.ar\/aula\/archivos\/repositorio\/\/3000\/3005\/2_1_2_3_4_EDI_ESTUDIO_CREATIVO_2017.pdf\" target=\"_NEW\">EDI<\/a><\/td>\n<\/tr>\n<\/tbody>\n<\/table>\n","protected":false},"excerpt":{"rendered":"<p>2\u00ba 1\u00ba 2\u00ba 2\u00ba 2\u00ba 3\u00ba 2\u00ba 4\u00ba Lengua y literatura Lengua y literatura Lengua y literatura Lengua y literatura Ingl\u00e9s Franc\u00e9s Ingl\u00e9s \u00a0 Franc\u00e9s Matem\u00e1tica Matem\u00e1tica Matem\u00e1tica Matem\u00e1tica Biolog\u00eda Biolog\u00eda Biolog\u00eda Biolog\u00eda Geograf\u00eda Geograf\u00eda Geograf\u00eda Geograf\u00eda Historia Historia Historia Historia Ed. C\u00edudadana Ed. C\u00edudadana Ed. C\u00edudadana Ed. C\u00edudadana Artes-M\u00fasica Artes-M\u00fasica Artes-M\u00fasica Artes-M\u00fasica Ed. Tecnol\u00f3gica &#8230; <a title=\"Programas 2\u00b0 A\u00f1o 2017\" class=\"read-more\" href=\"https:\/\/ens7-caba.infd.edu.ar\/sitio\/programas-2-ano-2017\/\" aria-label=\"More on Programas 2\u00b0 A\u00f1o 2017\">[+]<\/a><\/p>\n","protected":false},"author":2274,"featured_media":0,"parent":0,"menu_order":0,"comment_status":"closed","ping_status":"closed","template":"","meta":[],"acf":[],"_links":{"self":[{"href":"https:\/\/ens7-caba.infd.edu.ar\/sitio\/wp-json\/wp\/v2\/pages\/1065"}],"collection":[{"href":"https:\/\/ens7-caba.infd.edu.ar\/sitio\/wp-json\/wp\/v2\/pages"}],"about":[{"href":"https:\/\/ens7-caba.infd.edu.ar\/sitio\/wp-json\/wp\/v2\/types\/page"}],"author":[{"embeddable":true,"href":"https:\/\/ens7-caba.infd.edu.ar\/sitio\/wp-json\/wp\/v2\/users\/2274"}],"replies":[{"embeddable":true,"href":"https:\/\/ens7-caba.infd.edu.ar\/sitio\/wp-json\/wp\/v2\/comments?post=1065"}],"version-history":[{"count":3,"href":"https:\/\/ens7-caba.infd.edu.ar\/sitio\/wp-json\/wp\/v2\/pages\/1065\/revisions"}],"predecessor-version":[{"id":1481,"href":"https:\/\/ens7-caba.infd.edu.ar\/sitio\/wp-json\/wp\/v2\/pages\/1065\/revisions\/1481"}],"wp:attachment":[{"href":"https:\/\/ens7-caba.infd.edu.ar\/sitio\/wp-json\/wp\/v2\/media?parent=1065"}],"curies":[{"name":"wp","href":"https:\/\/api.w.org\/{rel}","templated":true}]}}