{"id":1066,"date":"2018-07-01T22:20:47","date_gmt":"2018-07-02T01:20:47","guid":{"rendered":"https:\/\/ens7-caba.infd.edu.ar\/sitio\/?page_id=1066"},"modified":"2018-07-10T12:52:26","modified_gmt":"2018-07-10T15:52:26","slug":"programas-3-ano-2017","status":"publish","type":"page","link":"https:\/\/ens7-caba.infd.edu.ar\/sitio\/programas-3-ano-2017\/","title":{"rendered":"Programas 3\u00b0 A\u00f1o 2017"},"content":{"rendered":"<table id=\"table1\" border=\"0\">\n<tbody>\n<tr>\n<td style=\"border: 1px solid #990000;\">\n<p style=\"text-align: center;\"><strong>3\u00ba 1\u00ba<\/strong><\/p>\n<\/td>\n<td style=\"border: 1px solid #990000;\">\n<p style=\"text-align: center;\"><strong>3\u00ba 2\u00ba<\/strong><\/p>\n<\/td>\n<td style=\"border: 1px solid #990000;\">\n<p style=\"text-align: center;\"><strong>3\u00ba 3\u00ba<\/strong><\/p>\n<\/td>\n<td style=\"border: 1px solid #990000;\">\n<p style=\"text-align: center;\"><strong>3\u00ba 4\u00ba<\/strong><\/p>\n<\/td>\n<\/tr>\n<tr>\n<td style=\"border: 1px solid #990000;\"><a title=\"https:\/\/ens7-caba.infd.edu.ar\/aula\/archivos\/repositorio\/\/2750\/2825\/31_32_33_34_Lengua.pdf\" href=\"https:\/\/ens7-caba.infd.edu.ar\/aula\/archivos\/repositorio\/\/2750\/2825\/31_32_33_34_Lengua.pdf\" target=\"_NEW\">Lengua y literatura<\/a><\/td>\n<td style=\"border: 1px solid #990000;\"><a title=\"https:\/\/ens7-caba.infd.edu.ar\/aula\/archivos\/repositorio\/\/2750\/2825\/31_32_33_34_Lengua.pdf\" href=\"https:\/\/ens7-caba.infd.edu.ar\/aula\/archivos\/repositorio\/\/2750\/2825\/31_32_33_34_Lengua.pdf\" target=\"_NEW\">Lengua y literatura<\/a><\/td>\n<td style=\"border: 1px solid #990000;\"><a title=\"https:\/\/ens7-caba.infd.edu.ar\/aula\/archivos\/repositorio\/\/2750\/2825\/31_32_33_34_Lengua.pdf\" href=\"https:\/\/ens7-caba.infd.edu.ar\/aula\/archivos\/repositorio\/\/2750\/2825\/31_32_33_34_Lengua.pdf\" target=\"_NEW\">Lengua y literatura<\/a><\/td>\n<td style=\"border: 1px solid #990000;\"><a title=\"https:\/\/ens7-caba.infd.edu.ar\/aula\/archivos\/repositorio\/\/2750\/2825\/31_32_33_34_Lengua.pdf\" href=\"https:\/\/ens7-caba.infd.edu.ar\/aula\/archivos\/repositorio\/\/2750\/2825\/31_32_33_34_Lengua.pdf\" target=\"_NEW\">Lengua y literatura<\/a><\/td>\n<\/tr>\n<tr>\n<td style=\"border: 1px solid #990000;\"><a title=\"https:\/\/ens7-caba.infd.edu.ar\/aula\/archivos\/repositorio\/\/2750\/2810\/31_32_33_34_Ingles.pdf\" href=\"https:\/\/ens7-caba.infd.edu.ar\/aula\/archivos\/repositorio\/\/2750\/2810\/31_32_33_34_Ingles.pdf\" target=\"_NEW\">Ingl\u00e9s<\/a> \/ <a title=\"https:\/\/ens7-caba.infd.edu.ar\/aula\/archivos\/repositorio\/\/2750\/2803\/31_32_33_34_Frances.pdf\" href=\"https:\/\/ens7-caba.infd.edu.ar\/aula\/archivos\/repositorio\/\/2750\/2803\/31_32_33_34_Frances.pdf\" target=\"_NEW\">Franc\u00e9s<\/a><\/td>\n<td style=\"border: 1px solid #990000;\"><a title=\"https:\/\/ens7-caba.infd.edu.ar\/aula\/archivos\/repositorio\/\/2750\/2810\/31_32_33_34_Ingles.pdf\" href=\"https:\/\/ens7-caba.infd.edu.ar\/aula\/archivos\/repositorio\/\/2750\/2810\/31_32_33_34_Ingles.pdf\" target=\"_NEW\">Ing\u00e9s<\/a> \/ <a title=\"https:\/\/ens7-caba.infd.edu.ar\/aula\/archivos\/repositorio\/\/2750\/2803\/31_32_33_34_Frances.pdf\" href=\"https:\/\/ens7-caba.infd.edu.ar\/aula\/archivos\/repositorio\/\/2750\/2803\/31_32_33_34_Frances.pdf\" target=\"_NEW\">Franc\u00e9s<\/a><\/td>\n<td style=\"border: 1px solid #990000;\"><a title=\"https:\/\/ens7-caba.infd.edu.ar\/aula\/archivos\/repositorio\/\/2750\/2810\/31_32_33_34_Ingles.pdf\" href=\"https:\/\/ens7-caba.infd.edu.ar\/aula\/archivos\/repositorio\/\/2750\/2810\/31_32_33_34_Ingles.pdf\" target=\"_NEW\">Ingl\u00e9s<\/a> \/ <a title=\"https:\/\/ens7-caba.infd.edu.ar\/aula\/archivos\/repositorio\/\/2750\/2803\/31_32_33_34_Frances.pdf\" href=\"https:\/\/ens7-caba.infd.edu.ar\/aula\/archivos\/repositorio\/\/2750\/2803\/31_32_33_34_Frances.pdf\" target=\"_NEW\">Franc\u00e9s<\/a><\/td>\n<td style=\"border: 1px solid #990000;\"><a title=\"https:\/\/ens7-caba.infd.edu.ar\/aula\/archivos\/repositorio\/\/2750\/2810\/31_32_33_34_Ingles.pdf\" href=\"https:\/\/ens7-caba.infd.edu.ar\/aula\/archivos\/repositorio\/\/2750\/2810\/31_32_33_34_Ingles.pdf\" target=\"_NEW\">Ingl\u00e9s<\/a> \/ <a title=\"https:\/\/ens7-caba.infd.edu.ar\/aula\/archivos\/repositorio\/\/2750\/2803\/31_32_33_34_Frances.pdf\" href=\"https:\/\/ens7-caba.infd.edu.ar\/aula\/archivos\/repositorio\/\/2750\/2803\/31_32_33_34_Frances.pdf\" target=\"_NEW\">Franc\u00e9s<\/a><\/td>\n<\/tr>\n<tr>\n<td style=\"border: 1px solid #990000;\"><a title=\"https:\/\/ens7-caba.infd.edu.ar\/aula\/archivos\/repositorio\/\/2750\/2848\/31_32_33_34_matematica_2017.pdf\" href=\"https:\/\/ens7-caba.infd.edu.ar\/aula\/archivos\/repositorio\/\/2750\/2848\/31_32_33_34_matematica_2017.pdf\" target=\"_NEW\">Matem\u00e1tica<\/a><\/td>\n<td style=\"border: 1px solid #990000;\"><a title=\"https:\/\/ens7-caba.infd.edu.ar\/aula\/archivos\/repositorio\/\/2750\/2848\/31_32_33_34_matematica_2017.pdf\" href=\"https:\/\/ens7-caba.infd.edu.ar\/aula\/archivos\/repositorio\/\/2750\/2848\/31_32_33_34_matematica_2017.pdf\" target=\"_NEW\">Matem\u00e1tica<\/a><\/td>\n<td style=\"border: 1px solid #990000;\"><a title=\"https:\/\/ens7-caba.infd.edu.ar\/aula\/archivos\/repositorio\/\/2750\/2848\/31_32_33_34_matematica_2017.pdf\" href=\"https:\/\/ens7-caba.infd.edu.ar\/aula\/archivos\/repositorio\/\/2750\/2848\/31_32_33_34_matematica_2017.pdf\" target=\"_NEW\">Matem\u00e1tica<\/a><\/td>\n<td style=\"border: 1px solid #990000;\"><a title=\"https:\/\/ens7-caba.infd.edu.ar\/aula\/archivos\/repositorio\/\/2750\/2848\/31_32_33_34_matematica_2017.pdf\" href=\"https:\/\/ens7-caba.infd.edu.ar\/aula\/archivos\/repositorio\/\/2750\/2848\/31_32_33_34_matematica_2017.pdf\" target=\"_NEW\">Matem\u00e1tica<\/a><\/td>\n<\/tr>\n<tr>\n<td style=\"border: 1px solid #990000;\"><a title=\"https:\/\/ens7-caba.infd.edu.ar\/aula\/archivos\/repositorio\/\/2750\/2801\/31_32_33_34_Biologia.pdf\" href=\"https:\/\/ens7-caba.infd.edu.ar\/aula\/archivos\/repositorio\/\/2750\/2801\/31_32_33_34_Biologia.pdf\" target=\"_NEW\">Biolog\u00eda<\/a><\/td>\n<td style=\"border: 1px solid #990000;\"><a title=\"https:\/\/ens7-caba.infd.edu.ar\/aula\/archivos\/repositorio\/\/2750\/2801\/31_32_33_34_Biologia.pdf\" href=\"https:\/\/ens7-caba.infd.edu.ar\/aula\/archivos\/repositorio\/\/2750\/2801\/31_32_33_34_Biologia.pdf\" target=\"_NEW\">Biolog\u00eda<\/a><\/td>\n<td style=\"border: 1px solid #990000;\"><a title=\"https:\/\/ens7-caba.infd.edu.ar\/aula\/archivos\/repositorio\/\/2750\/2801\/31_32_33_34_Biologia.pdf\" href=\"https:\/\/ens7-caba.infd.edu.ar\/aula\/archivos\/repositorio\/\/2750\/2801\/31_32_33_34_Biologia.pdf\" target=\"_NEW\">Biolog\u00eda<\/a><\/td>\n<td style=\"border: 1px solid #990000;\"><a title=\"https:\/\/ens7-caba.infd.edu.ar\/aula\/archivos\/repositorio\/\/2750\/2801\/31_32_33_34_Biologia.pdf\" href=\"https:\/\/ens7-caba.infd.edu.ar\/aula\/archivos\/repositorio\/\/2750\/2801\/31_32_33_34_Biologia.pdf\" target=\"_NEW\">Biolog\u00eda<\/a><\/td>\n<\/tr>\n<tr>\n<td style=\"border: 1px solid #990000;\"><a title=\"https:\/\/ens7-caba.infd.edu.ar\/aula\/archivos\/repositorio\/\/2750\/2883\/3_1__Geografia_2017.pdf\" href=\"https:\/\/ens7-caba.infd.edu.ar\/aula\/archivos\/repositorio\/\/2750\/2883\/3_1__Geografia_2017.pdf\" target=\"_NEW\">Geograf\u00eda<\/a><\/td>\n<td style=\"border: 1px solid #990000;\"><a title=\"https:\/\/ens7-caba.infd.edu.ar\/aula\/archivos\/repositorio\/\/2750\/2911\/32_33_34_Geografia_2017.pdf\" href=\"https:\/\/ens7-caba.infd.edu.ar\/aula\/archivos\/repositorio\/\/2750\/2911\/32_33_34_Geografia_2017.pdf\" target=\"_NEW\">Geograf\u00eda<\/a><\/td>\n<td style=\"border: 1px solid #990000;\"><a title=\"https:\/\/ens7-caba.infd.edu.ar\/aula\/archivos\/repositorio\/\/2750\/2911\/32_33_34_Geografia_2017.pdf\" href=\"https:\/\/ens7-caba.infd.edu.ar\/aula\/archivos\/repositorio\/\/2750\/2911\/32_33_34_Geografia_2017.pdf\" target=\"_NEW\">Geograf\u00eda<\/a><\/td>\n<td style=\"border: 1px solid #990000;\"><a title=\"https:\/\/ens7-caba.infd.edu.ar\/aula\/archivos\/repositorio\/\/2750\/2911\/32_33_34_Geografia_2017.pdf\" href=\"https:\/\/ens7-caba.infd.edu.ar\/aula\/archivos\/repositorio\/\/2750\/2911\/32_33_34_Geografia_2017.pdf\" target=\"_NEW\">Geograf\u00eda<\/a><\/td>\n<\/tr>\n<tr>\n<td style=\"border: 1px solid #990000;\"><a title=\"https:\/\/ens7-caba.infd.edu.ar\/aula\/archivos\/repositorio\/\/2750\/2799\/31_32_33_34___Historia.pdf\" href=\"https:\/\/ens7-caba.infd.edu.ar\/aula\/archivos\/repositorio\/\/2750\/2799\/31_32_33_34___Historia.pdf\" target=\"_NEW\">Historia<\/a><\/td>\n<td style=\"border: 1px solid #990000;\"><a title=\"https:\/\/ens7-caba.infd.edu.ar\/aula\/archivos\/repositorio\/\/2750\/2799\/31_32_33_34___Historia.pdf\" href=\"https:\/\/ens7-caba.infd.edu.ar\/aula\/archivos\/repositorio\/\/2750\/2799\/31_32_33_34___Historia.pdf\" target=\"_NEW\">Historia<\/a><\/td>\n<td style=\"border: 1px solid #990000;\"><a title=\"https:\/\/ens7-caba.infd.edu.ar\/aula\/archivos\/repositorio\/\/2750\/2799\/31_32_33_34___Historia.pdf\" href=\"https:\/\/ens7-caba.infd.edu.ar\/aula\/archivos\/repositorio\/\/2750\/2799\/31_32_33_34___Historia.pdf\" target=\"_NEW\">Historia<\/a><\/td>\n<td style=\"border: 1px solid #990000;\"><a title=\"https:\/\/ens7-caba.infd.edu.ar\/aula\/archivos\/repositorio\/\/2750\/2799\/31_32_33_34___Historia.pdf\" href=\"https:\/\/ens7-caba.infd.edu.ar\/aula\/archivos\/repositorio\/\/2750\/2799\/31_32_33_34___Historia.pdf\" target=\"_NEW\">Historia<\/a><\/td>\n<\/tr>\n<tr>\n<td style=\"border: 1px solid #990000;\"><a title=\"https:\/\/ens7-caba.infd.edu.ar\/aula\/archivos\/repositorio\/\/2750\/2798\/31_32_33_34_Formacion___Etica_y_Ciudadana.pdf\" href=\"https:\/\/ens7-caba.infd.edu.ar\/aula\/archivos\/repositorio\/\/2750\/2798\/31_32_33_34_Formacion___Etica_y_Ciudadana.pdf\" target=\"_NEW\">Formaci\u00f3n Etica y\u00a0Ciudadana<\/a><\/td>\n<td style=\"border: 1px solid #990000;\"><a title=\"https:\/\/ens7-caba.infd.edu.ar\/aula\/archivos\/repositorio\/\/2750\/2798\/31_32_33_34_Formacion___Etica_y_Ciudadana.pdf\" href=\"https:\/\/ens7-caba.infd.edu.ar\/aula\/archivos\/repositorio\/\/2750\/2798\/31_32_33_34_Formacion___Etica_y_Ciudadana.pdf\" target=\"_NEW\">Formaci\u00f3n Etica y Ciudadana<\/a><\/td>\n<td style=\"border: 1px solid #990000;\"><a title=\"https:\/\/ens7-caba.infd.edu.ar\/aula\/archivos\/repositorio\/\/2750\/2798\/31_32_33_34_Formacion___Etica_y_Ciudadana.pdf\" href=\"https:\/\/ens7-caba.infd.edu.ar\/aula\/archivos\/repositorio\/\/2750\/2798\/31_32_33_34_Formacion___Etica_y_Ciudadana.pdf\" target=\"_NEW\">Formaci\u00f3n Etica y Ciudadana<\/a><\/td>\n<td style=\"border: 1px solid #990000;\"><a title=\"https:\/\/ens7-caba.infd.edu.ar\/aula\/archivos\/repositorio\/\/2750\/2798\/31_32_33_34_Formacion___Etica_y_Ciudadana.pdf\" href=\"https:\/\/ens7-caba.infd.edu.ar\/aula\/archivos\/repositorio\/\/2750\/2798\/31_32_33_34_Formacion___Etica_y_Ciudadana.pdf\" target=\"_NEW\">Formaci\u00f3n Etica y Ciudadana<\/a><\/td>\n<\/tr>\n<tr>\n<td style=\"border: 1px solid #990000;\"><a title=\"https:\/\/ens7-caba.infd.edu.ar\/aula\/archivos\/repositorio\/\/2750\/2802\/31_32_33___34_Fisico_Quimica.pdf\" href=\"https:\/\/ens7-caba.infd.edu.ar\/aula\/archivos\/repositorio\/\/2750\/2802\/31_32_33___34_Fisico_Quimica.pdf\" target=\"_NEW\">F\u00edsico-Qu\u00edmica<\/a><\/td>\n<td style=\"border: 1px solid #990000;\"><a title=\"https:\/\/ens7-caba.infd.edu.ar\/aula\/archivos\/repositorio\/\/2750\/2802\/31_32_33___34_Fisico_Quimica.pdf\" href=\"https:\/\/ens7-caba.infd.edu.ar\/aula\/archivos\/repositorio\/\/2750\/2802\/31_32_33___34_Fisico_Quimica.pdf\" target=\"_NEW\">F\u00edsico-Qu\u00edmica<\/a><\/td>\n<td style=\"border: 1px solid #990000;\"><a title=\"https:\/\/ens7-caba.infd.edu.ar\/aula\/archivos\/repositorio\/\/2750\/2802\/31_32_33___34_Fisico_Quimica.pdf\" href=\"https:\/\/ens7-caba.infd.edu.ar\/aula\/archivos\/repositorio\/\/2750\/2802\/31_32_33___34_Fisico_Quimica.pdf\" target=\"_NEW\">F\u00edsico-Qu\u00edmica<\/a><\/td>\n<td style=\"border: 1px solid #990000;\"><a title=\"https:\/\/ens7-caba.infd.edu.ar\/aula\/archivos\/repositorio\/\/2750\/2802\/31_32_33___34_Fisico_Quimica.pdf\" href=\"https:\/\/ens7-caba.infd.edu.ar\/aula\/archivos\/repositorio\/\/2750\/2802\/31_32_33___34_Fisico_Quimica.pdf\" target=\"_NEW\">F\u00edsico-Qu\u00edmica<\/a><\/td>\n<\/tr>\n<tr>\n<td style=\"border: 1px solid #990000;\"><a title=\"https:\/\/ens7-caba.infd.edu.ar\/aula\/archivos\/repositorio\/\/2750\/2800\/3_1ra_ECONOMIA.pdf\" href=\"https:\/\/ens7-caba.infd.edu.ar\/aula\/archivos\/repositorio\/\/2750\/2800\/3_1ra_ECONOMIA.pdf\" target=\"_NEW\">Econom\u00eda<\/a><\/td>\n<td style=\"border: 1px solid #990000;\"><a title=\"https:\/\/ens7-caba.infd.edu.ar\/aula\/archivos\/repositorio\/\/2750\/2851\/32_ECONOMIA_2017.pdf\" href=\"https:\/\/ens7-caba.infd.edu.ar\/aula\/archivos\/repositorio\/\/2750\/2851\/32_ECONOMIA_2017.pdf\" target=\"_NEW\">Econom\u00eda<\/a><\/td>\n<td style=\"border: 1px solid #990000;\"><a title=\"https:\/\/ens7-caba.infd.edu.ar\/aula\/archivos\/repositorio\/\/2750\/2934\/3_3_Economia_2017.pdf\" href=\"https:\/\/ens7-caba.infd.edu.ar\/aula\/archivos\/repositorio\/\/2750\/2934\/3_3_Economia_2017.pdf\" target=\"_NEW\">Econom\u00eda<\/a><\/td>\n<td style=\"border: 1px solid #990000;\">Econom\u00eda<\/td>\n<\/tr>\n<tr>\n<td style=\"border: 1px solid #990000;\"><a title=\"https:\/\/ens7-caba.infd.edu.ar\/aula\/archivos\/repositorio\/\/3000\/3002\/3_1_EDI_2017.pdf\" href=\"https:\/\/ens7-caba.infd.edu.ar\/aula\/archivos\/repositorio\/\/3000\/3002\/3_1_EDI_2017.pdf\" target=\"_NEW\">EDI<\/a><\/td>\n<td style=\"border: 1px solid #990000;\">EDI<\/td>\n<td style=\"border: 1px solid #990000;\"><a title=\"https:\/\/ens7-caba.infd.edu.ar\/aula\/archivos\/repositorio\/\/3000\/3000\/3_3_y_4_EDI-ENSAYANDO_MONOGRAFI_AS_2017.pdf\" href=\"https:\/\/ens7-caba.infd.edu.ar\/aula\/archivos\/repositorio\/\/3000\/3000\/3_3_y_4_EDI-ENSAYANDO_MONOGRAFI_AS_2017.pdf\" target=\"_NEW\">EDI<\/a><\/td>\n<td style=\"border: 1px solid #990000;\"><a title=\"https:\/\/ens7-caba.infd.edu.ar\/aula\/archivos\/repositorio\/\/3000\/3000\/3_3_y_4_EDI-ENSAYANDO_MONOGRAFI_AS_2017.pdf\" href=\"https:\/\/ens7-caba.infd.edu.ar\/aula\/archivos\/repositorio\/\/3000\/3000\/3_3_y_4_EDI-ENSAYANDO_MONOGRAFI_AS_2017.pdf\" target=\"_NEW\">EDI\u00a0<\/a><\/td>\n<\/tr>\n<tr>\n<td style=\"border: 1px solid #990000;\"><a title=\"https:\/\/ens7-caba.infd.edu.ar\/aula\/archivos\/repositorio\/\/3000\/3006\/1a5_Ed_Fisica_2017.pdf\" href=\"https:\/\/ens7-caba.infd.edu.ar\/aula\/archivos\/repositorio\/\/3000\/3006\/1a5_Ed_Fisica_2017.pdf\" target=\"_NEW\">Ed.F\u00edsica<\/a><\/td>\n<td style=\"border: 1px solid #990000;\"><a title=\"https:\/\/ens7-caba.infd.edu.ar\/aula\/archivos\/repositorio\/\/3000\/3006\/1a5_Ed_Fisica_2017.pdf\" href=\"https:\/\/ens7-caba.infd.edu.ar\/aula\/archivos\/repositorio\/\/3000\/3006\/1a5_Ed_Fisica_2017.pdf\" target=\"_NEW\">Ed. F\u00edsica<\/a><\/td>\n<td style=\"border: 1px solid #990000;\"><a title=\"https:\/\/ens7-caba.infd.edu.ar\/aula\/archivos\/repositorio\/\/3000\/3006\/1a5_Ed_Fisica_2017.pdf\" href=\"https:\/\/ens7-caba.infd.edu.ar\/aula\/archivos\/repositorio\/\/3000\/3006\/1a5_Ed_Fisica_2017.pdf\" target=\"_NEW\">Ed.F\u00edsica<\/a><\/td>\n<td style=\"border: 1px solid #990000;\"><a title=\"https:\/\/ens7-caba.infd.edu.ar\/aula\/archivos\/repositorio\/\/3000\/3006\/1a5_Ed_Fisica_2017.pdf\" href=\"https:\/\/ens7-caba.infd.edu.ar\/aula\/archivos\/repositorio\/\/3000\/3006\/1a5_Ed_Fisica_2017.pdf\" target=\"_NEW\">Ed. F\u00edsica<\/a><\/td>\n<\/tr>\n<tr>\n<td style=\"border: 1px solid #990000;\"><a title=\"https:\/\/ens7-caba.infd.edu.ar\/aula\/archivos\/repositorio\/\/2750\/2845\/31_32_33_34_Tecnologia_de_la_informacion_2017.pdf\" href=\"https:\/\/ens7-caba.infd.edu.ar\/aula\/archivos\/repositorio\/\/2750\/2845\/31_32_33_34_Tecnologia_de_la_informacion_2017.pdf\" target=\"_NEW\">Tecnolog\u00edas de la \u00a0 \u00a0 \u00a0 \u00a0informaci\u00f3n<\/a><\/td>\n<td style=\"border: 1px solid #990000;\"><a title=\"https:\/\/ens7-caba.infd.edu.ar\/aula\/archivos\/repositorio\/\/2750\/2845\/31_32_33_34_Tecnologia_de_la_informacion_2017.pdf\" href=\"https:\/\/ens7-caba.infd.edu.ar\/aula\/archivos\/repositorio\/\/2750\/2845\/31_32_33_34_Tecnologia_de_la_informacion_2017.pdf\" target=\"_NEW\">Tecnolog\u00edas de la informaci\u00f3n<\/a><\/td>\n<td style=\"border: 1px solid #990000;\"><a title=\"https:\/\/ens7-caba.infd.edu.ar\/aula\/archivos\/repositorio\/\/2750\/2845\/31_32_33_34_Tecnologia_de_la_informacion_2017.pdf\" href=\"https:\/\/ens7-caba.infd.edu.ar\/aula\/archivos\/repositorio\/\/2750\/2845\/31_32_33_34_Tecnologia_de_la_informacion_2017.pdf\" target=\"_NEW\">Tecnolog\u00edas de la informaci\u00f3n<\/a><\/td>\n<td style=\"border: 1px solid #990000;\"><a title=\"https:\/\/ens7-caba.infd.edu.ar\/aula\/archivos\/repositorio\/\/2750\/2845\/31_32_33_34_Tecnologia_de_la_informacion_2017.pdf\" href=\"https:\/\/ens7-caba.infd.edu.ar\/aula\/archivos\/repositorio\/\/2750\/2845\/31_32_33_34_Tecnologia_de_la_informacion_2017.pdf\" target=\"_NEW\">Tecnolog\u00edas de la informaci\u00f3n<\/a><\/td>\n<\/tr>\n<tr>\n<td style=\"border: 1px solid #990000;\"><a title=\"https:\/\/ens7-caba.infd.edu.ar\/aula\/archivos\/repositorio\/\/2750\/2795\/3_1_Introd_a_las_cs_sociales.pdf\" href=\"https:\/\/ens7-caba.infd.edu.ar\/aula\/archivos\/repositorio\/\/2750\/2795\/3_1_Introd_a_las_cs_sociales.pdf\" target=\"_NEW\">Introducci\u00f3n a las Cs.Soc.y\u00a0Humanidades<\/a><\/td>\n<td style=\"border: 1px solid #990000;\"><a title=\"https:\/\/ens7-caba.infd.edu.ar\/aula\/archivos\/repositorio\/\/2750\/2852\/32_historiadelavidaydelatierra_2017.pdf\" href=\"https:\/\/ens7-caba.infd.edu.ar\/aula\/archivos\/repositorio\/\/2750\/2852\/32_historiadelavidaydelatierra_2017.pdf\" target=\"_NEW\">Historia de la vida y de la Tierra<\/a><\/td>\n<td style=\"border: 1px solid #990000;\"><a title=\"https:\/\/ens7-caba.infd.edu.ar\/aula\/archivos\/repositorio\/\/2750\/2908\/33_Educacion_y_Sociedad_2017.pdf\" href=\"https:\/\/ens7-caba.infd.edu.ar\/aula\/archivos\/repositorio\/\/2750\/2908\/33_Educacion_y_Sociedad_2017.pdf\" target=\"_NEW\">Educaci\u00f3n y Sociedad<\/a><\/td>\n<td style=\"border: 1px solid #990000;\">Educaci\u00f3n y Sociedad<\/td>\n<\/tr>\n<\/tbody>\n<\/table>\n","protected":false},"excerpt":{"rendered":"<p>3\u00ba 1\u00ba 3\u00ba 2\u00ba 3\u00ba 3\u00ba 3\u00ba 4\u00ba Lengua y literatura Lengua y literatura Lengua y literatura Lengua y literatura Ingl\u00e9s \/ Franc\u00e9s Ing\u00e9s \/ Franc\u00e9s Ingl\u00e9s \/ Franc\u00e9s Ingl\u00e9s \/ Franc\u00e9s Matem\u00e1tica Matem\u00e1tica Matem\u00e1tica Matem\u00e1tica Biolog\u00eda Biolog\u00eda Biolog\u00eda Biolog\u00eda Geograf\u00eda Geograf\u00eda Geograf\u00eda Geograf\u00eda Historia Historia Historia Historia Formaci\u00f3n Etica y\u00a0Ciudadana Formaci\u00f3n Etica y Ciudadana &#8230; <a title=\"Programas 3\u00b0 A\u00f1o 2017\" class=\"read-more\" href=\"https:\/\/ens7-caba.infd.edu.ar\/sitio\/programas-3-ano-2017\/\" aria-label=\"More on Programas 3\u00b0 A\u00f1o 2017\">[+]<\/a><\/p>\n","protected":false},"author":2274,"featured_media":0,"parent":0,"menu_order":0,"comment_status":"closed","ping_status":"closed","template":"","meta":[],"acf":[],"_links":{"self":[{"href":"https:\/\/ens7-caba.infd.edu.ar\/sitio\/wp-json\/wp\/v2\/pages\/1066"}],"collection":[{"href":"https:\/\/ens7-caba.infd.edu.ar\/sitio\/wp-json\/wp\/v2\/pages"}],"about":[{"href":"https:\/\/ens7-caba.infd.edu.ar\/sitio\/wp-json\/wp\/v2\/types\/page"}],"author":[{"embeddable":true,"href":"https:\/\/ens7-caba.infd.edu.ar\/sitio\/wp-json\/wp\/v2\/users\/2274"}],"replies":[{"embeddable":true,"href":"https:\/\/ens7-caba.infd.edu.ar\/sitio\/wp-json\/wp\/v2\/comments?post=1066"}],"version-history":[{"count":1,"href":"https:\/\/ens7-caba.infd.edu.ar\/sitio\/wp-json\/wp\/v2\/pages\/1066\/revisions"}],"predecessor-version":[{"id":1170,"href":"https:\/\/ens7-caba.infd.edu.ar\/sitio\/wp-json\/wp\/v2\/pages\/1066\/revisions\/1170"}],"wp:attachment":[{"href":"https:\/\/ens7-caba.infd.edu.ar\/sitio\/wp-json\/wp\/v2\/media?parent=1066"}],"curies":[{"name":"wp","href":"https:\/\/api.w.org\/{rel}","templated":true}]}}