{"id":1074,"date":"2018-07-01T22:24:49","date_gmt":"2018-07-02T01:24:49","guid":{"rendered":"https:\/\/ens7-caba.infd.edu.ar\/sitio\/?page_id=1074"},"modified":"2018-07-10T12:52:27","modified_gmt":"2018-07-10T15:52:27","slug":"programas-3-ano-2018","status":"publish","type":"page","link":"https:\/\/ens7-caba.infd.edu.ar\/sitio\/programas-3-ano-2018\/","title":{"rendered":"Programas 3\u00b0 A\u00f1o 2018"},"content":{"rendered":"<table id=\"table1\" style=\"width: 1037px; height: 1134px;\" border=\"0\">\n<tbody>\n<tr>\n<td style=\"border: 1px solid #990000; width: 151px;\">\n<p style=\"text-align: center;\"><strong>3\u00ba 1\u00ba<\/strong><\/p>\n<\/td>\n<td style=\"border: 1px solid #990000; width: 117px;\">\n<p style=\"text-align: center;\"><strong>3\u00ba 2\u00ba<\/strong><\/p>\n<\/td>\n<td style=\"border: 1px solid #990000; width: 106px;\">\n<p style=\"text-align: center;\"><strong>3\u00ba 3\u00ba<\/strong><\/p>\n<\/td>\n<td style=\"border: 1px solid #990000; width: 111px;\">\n<p style=\"text-align: center;\"><strong>3\u00ba 4\u00ba<\/strong><\/p>\n<\/td>\n<\/tr>\n<tr>\n<td style=\"border: 1px solid #990000; width: 151px;\">\n<p style=\"text-align: center;\"><a title=\"https:\/\/ens7-caba.infd.edu.ar\/aula\/archivos\/repositorio\/\/3000\/3230\/31_32_33_34_Lengua_y_Literatura_2018.pdf\" href=\"https:\/\/ens7-caba.infd.edu.ar\/aula\/archivos\/repositorio\/\/3000\/3230\/31_32_33_34_Lengua_y_Literatura_2018.pdf\" target=\"_NEW\">Lengua y literatura<\/a><\/p>\n<\/td>\n<td style=\"border: 1px solid #990000; width: 117px; text-align: center;\"><a title=\"https:\/\/ens7-caba.infd.edu.ar\/aula\/archivos\/repositorio\/\/3000\/3230\/31_32_33_34_Lengua_y_Literatura_2018.pdf\" href=\"https:\/\/ens7-caba.infd.edu.ar\/aula\/archivos\/repositorio\/\/3000\/3230\/31_32_33_34_Lengua_y_Literatura_2018.pdf\" target=\"_NEW\">Lengua y literatura<\/a><\/td>\n<td style=\"border: 1px solid #990000; width: 106px; text-align: center;\"><a title=\"https:\/\/ens7-caba.infd.edu.ar\/aula\/archivos\/repositorio\/\/3000\/3230\/31_32_33_34_Lengua_y_Literatura_2018.pdf\" href=\"https:\/\/ens7-caba.infd.edu.ar\/aula\/archivos\/repositorio\/\/3000\/3230\/31_32_33_34_Lengua_y_Literatura_2018.pdf\" target=\"_NEW\">Lengua y literatura<\/a><\/td>\n<td style=\"border: 1px solid #990000; width: 111px; text-align: center;\"><a title=\"https:\/\/ens7-caba.infd.edu.ar\/aula\/archivos\/repositorio\/\/3000\/3230\/31_32_33_34_Lengua_y_Literatura_2018.pdf\" href=\"https:\/\/ens7-caba.infd.edu.ar\/aula\/archivos\/repositorio\/\/3000\/3230\/31_32_33_34_Lengua_y_Literatura_2018.pdf\" target=\"_NEW\">Lengua y literatura<\/a><\/td>\n<\/tr>\n<tr>\n<td style=\"border: 1px solid #990000; width: 151px;\">\n<p style=\"text-align: center;\"><a title=\"https:\/\/ens7-caba.infd.edu.ar\/aula\/archivos\/repositorio\/\/3000\/3229\/31_32_33_34__Ingles_2018.pdf\" href=\"https:\/\/ens7-caba.infd.edu.ar\/aula\/archivos\/repositorio\/\/3000\/3229\/31_32_33_34__Ingles_2018.pdf\" target=\"_NEW\">Ingl\u00e9s<\/a>\u00a0\/\u00a0<a title=\"https:\/\/ens7-caba.infd.edu.ar\/aula\/archivos\/repositorio\/\/3000\/3241\/31-2-3-4_FRANCES_2018.pdf\" href=\"https:\/\/ens7-caba.infd.edu.ar\/aula\/archivos\/repositorio\/\/3000\/3241\/31-2-3-4_FRANCES_2018.pdf\" target=\"_NEW\">Franc\u00e9s<\/a><\/p>\n<\/td>\n<td style=\"border: 1px solid #990000; width: 117px; text-align: center;\"><a title=\"https:\/\/ens7-caba.infd.edu.ar\/aula\/archivos\/repositorio\/\/3000\/3229\/31_32_33_34__Ingles_2018.pdf\" href=\"https:\/\/ens7-caba.infd.edu.ar\/aula\/archivos\/repositorio\/\/3000\/3229\/31_32_33_34__Ingles_2018.pdf\" target=\"_NEW\">Ingl\u00e9s\u00a0<\/a>\/\u00a0<a title=\"https:\/\/ens7-caba.infd.edu.ar\/aula\/archivos\/repositorio\/\/3000\/3241\/31-2-3-4_FRANCES_2018.pdf\" href=\"https:\/\/ens7-caba.infd.edu.ar\/aula\/archivos\/repositorio\/\/3000\/3241\/31-2-3-4_FRANCES_2018.pdf\" target=\"_NEW\">Franc\u00e9s<\/a><\/td>\n<td style=\"border: 1px solid #990000; width: 106px; text-align: center;\"><a title=\"https:\/\/ens7-caba.infd.edu.ar\/aula\/archivos\/repositorio\/\/3000\/3229\/31_32_33_34__Ingles_2018.pdf\" href=\"https:\/\/ens7-caba.infd.edu.ar\/aula\/archivos\/repositorio\/\/3000\/3229\/31_32_33_34__Ingles_2018.pdf\" target=\"_NEW\">Ingl\u00e9s<\/a>\u00a0\/\u00a0<a title=\"https:\/\/ens7-caba.infd.edu.ar\/aula\/archivos\/repositorio\/\/3000\/3241\/31-2-3-4_FRANCES_2018.pdf\" href=\"https:\/\/ens7-caba.infd.edu.ar\/aula\/archivos\/repositorio\/\/3000\/3241\/31-2-3-4_FRANCES_2018.pdf\" target=\"_NEW\">Franc\u00e9s<\/a><\/td>\n<td style=\"border: 1px solid #990000; width: 111px;\">\n<p style=\"text-align: center;\"><a title=\"https:\/\/ens7-caba.infd.edu.ar\/aula\/archivos\/repositorio\/\/3000\/3229\/31_32_33_34__Ingles_2018.pdf\" href=\"https:\/\/ens7-caba.infd.edu.ar\/aula\/archivos\/repositorio\/\/3000\/3229\/31_32_33_34__Ingles_2018.pdf\" target=\"_NEW\">Ingl\u00e9s<\/a>\u00a0\/\u00a0<a title=\"https:\/\/ens7-caba.infd.edu.ar\/aula\/archivos\/repositorio\/\/3000\/3241\/31-2-3-4_FRANCES_2018.pdf\" href=\"https:\/\/ens7-caba.infd.edu.ar\/aula\/archivos\/repositorio\/\/3000\/3241\/31-2-3-4_FRANCES_2018.pdf\" target=\"_NEW\">Franc\u00e9s<\/a><\/p>\n<\/td>\n<\/tr>\n<tr>\n<td style=\"border: 1px solid #990000; width: 151px;\">\n<p style=\"text-align: center;\"><a title=\"https:\/\/ens7-caba.infd.edu.ar\/aula\/archivos\/repositorio\/\/3000\/3227\/31_32_33_34_Matematica_2018.pdf\" href=\"https:\/\/ens7-caba.infd.edu.ar\/aula\/archivos\/repositorio\/\/3000\/3227\/31_32_33_34_Matematica_2018.pdf\" target=\"_NEW\">Matem\u00e1tica<\/a><\/p>\n<\/td>\n<td style=\"border: 1px solid #990000; width: 117px; text-align: center;\"><a title=\"https:\/\/ens7-caba.infd.edu.ar\/aula\/archivos\/repositorio\/\/3000\/3227\/31_32_33_34_Matematica_2018.pdf\" href=\"https:\/\/ens7-caba.infd.edu.ar\/aula\/archivos\/repositorio\/\/3000\/3227\/31_32_33_34_Matematica_2018.pdf\" target=\"_NEW\">Matem\u00e1tica<\/a><\/td>\n<td style=\"border: 1px solid #990000; width: 106px; text-align: center;\"><a title=\"https:\/\/ens7-caba.infd.edu.ar\/aula\/archivos\/repositorio\/\/3000\/3227\/31_32_33_34_Matematica_2018.pdf\" href=\"https:\/\/ens7-caba.infd.edu.ar\/aula\/archivos\/repositorio\/\/3000\/3227\/31_32_33_34_Matematica_2018.pdf\" target=\"_NEW\">Matem\u00e1tica<\/a><\/td>\n<td style=\"border: 1px solid #990000; width: 111px;\">\n<p style=\"text-align: center;\"><a title=\"https:\/\/ens7-caba.infd.edu.ar\/aula\/archivos\/repositorio\/\/3000\/3227\/31_32_33_34_Matematica_2018.pdf\" href=\"https:\/\/ens7-caba.infd.edu.ar\/aula\/archivos\/repositorio\/\/3000\/3227\/31_32_33_34_Matematica_2018.pdf\" target=\"_NEW\">Matem\u00e1tica<\/a><\/p>\n<\/td>\n<\/tr>\n<tr>\n<td style=\"border: 1px solid #990000; width: 151px;\">\n<p style=\"text-align: center;\"><a title=\"https:\/\/ens7-caba.infd.edu.ar\/aula\/archivos\/repositorio\/\/3000\/3233\/31_32_33_34_Cs_Biologicas_2018.pdf\" href=\"https:\/\/ens7-caba.infd.edu.ar\/aula\/archivos\/repositorio\/\/3000\/3233\/31_32_33_34_Cs_Biologicas_2018.pdf\" target=\"_NEW\">Biolog\u00eda<\/a><\/p>\n<\/td>\n<td style=\"border: 1px solid #990000; width: 117px; text-align: center;\"><a title=\"https:\/\/ens7-caba.infd.edu.ar\/aula\/archivos\/repositorio\/\/3000\/3233\/31_32_33_34_Cs_Biologicas_2018.pdf\" href=\"https:\/\/ens7-caba.infd.edu.ar\/aula\/archivos\/repositorio\/\/3000\/3233\/31_32_33_34_Cs_Biologicas_2018.pdf\" target=\"_NEW\">Biolog\u00eda<\/a><\/td>\n<td style=\"border: 1px solid #990000; width: 106px; text-align: center;\"><a title=\"https:\/\/ens7-caba.infd.edu.ar\/aula\/archivos\/repositorio\/\/3000\/3233\/31_32_33_34_Cs_Biologicas_2018.pdf\" href=\"https:\/\/ens7-caba.infd.edu.ar\/aula\/archivos\/repositorio\/\/3000\/3233\/31_32_33_34_Cs_Biologicas_2018.pdf\" target=\"_NEW\">Biolog\u00eda<\/a><\/td>\n<td style=\"border: 1px solid #990000; width: 111px; text-align: center;\"><a title=\"https:\/\/ens7-caba.infd.edu.ar\/aula\/archivos\/repositorio\/\/3000\/3233\/31_32_33_34_Cs_Biologicas_2018.pdf\" href=\"https:\/\/ens7-caba.infd.edu.ar\/aula\/archivos\/repositorio\/\/3000\/3233\/31_32_33_34_Cs_Biologicas_2018.pdf\" target=\"_NEW\">Biolog\u00eda<\/a><\/td>\n<\/tr>\n<tr>\n<td style=\"border: 1px solid #990000; width: 151px;\">\n<p style=\"text-align: center;\"><a title=\"https:\/\/ens7-caba.infd.edu.ar\/aula\/archivos\/repositorio\/\/3250\/3333\/3_1_Geografia_2018.pdf\" href=\"https:\/\/ens7-caba.infd.edu.ar\/aula\/archivos\/repositorio\/\/3250\/3333\/3_1_Geografia_2018.pdf\" target=\"_NEW\">Geograf\u00eda<\/a><\/p>\n<\/td>\n<td style=\"border: 1px solid #990000; width: 117px; text-align: center;\"><a title=\"https:\/\/ens7-caba.infd.edu.ar\/aula\/archivos\/repositorio\/\/3000\/3237\/32_33_34_Geografia_2018.pdf\" href=\"https:\/\/ens7-caba.infd.edu.ar\/aula\/archivos\/repositorio\/\/3000\/3237\/32_33_34_Geografia_2018.pdf\" target=\"_NEW\">Geograf\u00eda<\/a><\/td>\n<td style=\"border: 1px solid #990000; width: 106px; text-align: center;\"><a title=\"https:\/\/ens7-caba.infd.edu.ar\/aula\/archivos\/repositorio\/\/3000\/3237\/32_33_34_Geografia_2018.pdf\" href=\"https:\/\/ens7-caba.infd.edu.ar\/aula\/archivos\/repositorio\/\/3000\/3237\/32_33_34_Geografia_2018.pdf\" target=\"_NEW\">Geograf\u00eda<\/a><\/td>\n<td style=\"border: 1px solid #990000; width: 111px;\">\n<p style=\"text-align: center;\"><a title=\"https:\/\/ens7-caba.infd.edu.ar\/aula\/archivos\/repositorio\/\/3000\/3237\/32_33_34_Geografia_2018.pdf\" href=\"https:\/\/ens7-caba.infd.edu.ar\/aula\/archivos\/repositorio\/\/3000\/3237\/32_33_34_Geografia_2018.pdf\" target=\"_NEW\">Geograf\u00eda<\/a><\/p>\n<\/td>\n<\/tr>\n<tr>\n<td style=\"border: 1px solid #990000; width: 151px; text-align: center;\"><a title=\"https:\/\/ens7-caba.infd.edu.ar\/aula\/archivos\/repositorio\/\/3000\/3200\/31-2-3-4_Historia__2018.pdf\" href=\"https:\/\/ens7-caba.infd.edu.ar\/aula\/archivos\/repositorio\/\/3000\/3200\/31-2-3-4_Historia__2018.pdf\" target=\"_NEW\">Historia<\/a><\/td>\n<td style=\"border: 1px solid #990000; width: 117px; text-align: center;\"><a title=\"https:\/\/ens7-caba.infd.edu.ar\/aula\/archivos\/repositorio\/\/3000\/3200\/31-2-3-4_Historia__2018.pdf\" href=\"https:\/\/ens7-caba.infd.edu.ar\/aula\/archivos\/repositorio\/\/3000\/3200\/31-2-3-4_Historia__2018.pdf\" target=\"_NEW\">Historia<\/a><\/td>\n<td style=\"border: 1px solid #990000; width: 106px; text-align: center;\"><a title=\"https:\/\/ens7-caba.infd.edu.ar\/aula\/archivos\/repositorio\/\/3000\/3200\/31-2-3-4_Historia__2018.pdf\" href=\"https:\/\/ens7-caba.infd.edu.ar\/aula\/archivos\/repositorio\/\/3000\/3200\/31-2-3-4_Historia__2018.pdf\" target=\"_NEW\">Historia<\/a><\/td>\n<td style=\"border: 1px solid #990000; width: 111px;\">\n<p style=\"text-align: center;\"><a title=\"https:\/\/ens7-caba.infd.edu.ar\/aula\/archivos\/repositorio\/\/3000\/3200\/31-2-3-4_Historia__2018.pdf\" href=\"https:\/\/ens7-caba.infd.edu.ar\/aula\/archivos\/repositorio\/\/3000\/3200\/31-2-3-4_Historia__2018.pdf\" target=\"_NEW\">Historia<\/a><\/p>\n<\/td>\n<\/tr>\n<tr>\n<td style=\"border: 1px solid #990000; width: 151px;\">\n<p style=\"text-align: center;\"><a title=\"https:\/\/ens7-caba.infd.edu.ar\/aula\/archivos\/repositorio\/\/3000\/3242\/31323334_Formacion_Etica_y_ciudadana_2018.pdf\" href=\"https:\/\/ens7-caba.infd.edu.ar\/aula\/archivos\/repositorio\/\/3000\/3242\/31323334_Formacion_Etica_y_ciudadana_2018.pdf\" target=\"_NEW\">Formaci\u00f3n Etica y\u00a0Ciudadana<\/a><\/p>\n<\/td>\n<td style=\"border: 1px solid #990000; width: 117px;\">\n<p style=\"text-align: center;\"><a title=\"https:\/\/ens7-caba.infd.edu.ar\/aula\/archivos\/repositorio\/\/3000\/3242\/31323334_Formacion_Etica_y_ciudadana_2018.pdf\" href=\"https:\/\/ens7-caba.infd.edu.ar\/aula\/archivos\/repositorio\/\/3000\/3242\/31323334_Formacion_Etica_y_ciudadana_2018.pdf\" target=\"_NEW\">Formaci\u00f3n Etica y Ciudadana<\/a><\/p>\n<\/td>\n<td style=\"border: 1px solid #990000; width: 106px;\"><a title=\"https:\/\/ens7-caba.infd.edu.ar\/aula\/archivos\/repositorio\/\/3000\/3242\/31323334_Formacion_Etica_y_ciudadana_2018.pdf\" href=\"https:\/\/ens7-caba.infd.edu.ar\/aula\/archivos\/repositorio\/\/3000\/3242\/31323334_Formacion_Etica_y_ciudadana_2018.pdf\" target=\"_NEW\">Formaci\u00f3n Etica y Ciudadana<\/a><\/td>\n<td style=\"border: 1px solid #990000; width: 111px;\"><a title=\"https:\/\/ens7-caba.infd.edu.ar\/aula\/archivos\/repositorio\/\/3000\/3242\/31323334_Formacion_Etica_y_ciudadana_2018.pdf\" href=\"https:\/\/ens7-caba.infd.edu.ar\/aula\/archivos\/repositorio\/\/3000\/3242\/31323334_Formacion_Etica_y_ciudadana_2018.pdf\" target=\"_NEW\">Formaci\u00f3n Etica y Ciudadana<\/a><\/td>\n<\/tr>\n<tr>\n<td style=\"border: 1px solid #990000; width: 151px;\">\n<p style=\"text-align: center;\"><a title=\"https:\/\/ens7-caba.infd.edu.ar\/aula\/archivos\/repositorio\/\/3000\/3228\/31_32_33_Fisicoquimica_2018.pdf\" href=\"https:\/\/ens7-caba.infd.edu.ar\/aula\/archivos\/repositorio\/\/3000\/3228\/31_32_33_Fisicoquimica_2018.pdf\" target=\"_NEW\">F\u00edsico-Qu\u00edmica<\/a><\/p>\n<\/td>\n<td style=\"border: 1px solid #990000; width: 117px; text-align: center;\"><a title=\"https:\/\/ens7-caba.infd.edu.ar\/aula\/archivos\/repositorio\/\/3000\/3228\/31_32_33_Fisicoquimica_2018.pdf\" href=\"https:\/\/ens7-caba.infd.edu.ar\/aula\/archivos\/repositorio\/\/3000\/3228\/31_32_33_Fisicoquimica_2018.pdf\" target=\"_NEW\">F\u00edsico-Qu\u00edmica<\/a><\/td>\n<td style=\"border: 1px solid #990000; width: 106px; text-align: center;\"><a title=\"https:\/\/ens7-caba.infd.edu.ar\/aula\/archivos\/repositorio\/\/3000\/3228\/31_32_33_Fisicoquimica_2018.pdf\" href=\"https:\/\/ens7-caba.infd.edu.ar\/aula\/archivos\/repositorio\/\/3000\/3228\/31_32_33_Fisicoquimica_2018.pdf\" target=\"_NEW\">F\u00edsico-Qu\u00edmica<\/a><\/td>\n<td style=\"border: 1px solid #990000; width: 111px; text-align: center;\"><a title=\"https:\/\/ens7-caba.infd.edu.ar\/aula\/archivos\/repositorio\/\/3000\/3244\/34-fisicoquimica-2018.pdf\" href=\"https:\/\/ens7-caba.infd.edu.ar\/aula\/archivos\/repositorio\/\/3000\/3244\/34-fisicoquimica-2018.pdf\" target=\"_NEW\">F\u00edsico-Qu\u00edmica<\/a><\/td>\n<\/tr>\n<tr>\n<td style=\"border: 1px solid #990000; width: 151px;\">\n<p style=\"text-align: center;\"><a title=\"https:\/\/ens7-caba.infd.edu.ar\/aula\/archivos\/repositorio\/\/3250\/3268\/31_Economia_2018.pdf\" href=\"https:\/\/ens7-caba.infd.edu.ar\/aula\/archivos\/repositorio\/\/3250\/3268\/31_Economia_2018.pdf\" target=\"_NEW\">Econom\u00eda<\/a><\/p>\n<\/td>\n<td style=\"border: 1px solid #990000; width: 117px; text-align: center;\"><a title=\"https:\/\/ens7-caba.infd.edu.ar\/aula\/archivos\/repositorio\/\/3000\/3240\/32_Economia_2018.pdf\" href=\"https:\/\/ens7-caba.infd.edu.ar\/aula\/archivos\/repositorio\/\/3000\/3240\/32_Economia_2018.pdf\" target=\"_NEW\">Econom\u00eda<\/a><\/td>\n<td style=\"border: 1px solid #990000; width: 106px; text-align: center;\"><a title=\"https:\/\/ens7-caba.infd.edu.ar\/aula\/archivos\/repositorio\/\/3000\/3226\/3_3_Economia_2018.pdf\" href=\"https:\/\/ens7-caba.infd.edu.ar\/aula\/archivos\/repositorio\/\/3000\/3226\/3_3_Economia_2018.pdf\" target=\"_NEW\">Econom\u00eda<\/a><\/td>\n<td style=\"border: 1px solid #990000; width: 111px; text-align: center;\"><a title=\"https:\/\/ens7-caba.infd.edu.ar\/aula\/archivos\/repositorio\/\/3000\/3238\/34-economia_2018.pdf\" href=\"https:\/\/ens7-caba.infd.edu.ar\/aula\/archivos\/repositorio\/\/3000\/3238\/34-economia_2018.pdf\" target=\"_NEW\">Econom\u00eda<\/a><\/td>\n<\/tr>\n<tr>\n<td style=\"border: 1px solid #990000; width: 151px; text-align: center;\"><a title=\"https:\/\/ens7-caba.infd.edu.ar\/aula\/archivos\/repositorio\/\/3250\/3283\/EDI_3_1ra_Sociales.pdf\" href=\"https:\/\/ens7-caba.infd.edu.ar\/aula\/archivos\/repositorio\/\/3250\/3283\/EDI_3_1ra_Sociales.pdf\" target=\"_NEW\">EDI<\/a><\/td>\n<td style=\"border: 1px solid #990000; width: 117px; text-align: center;\"><a title=\"https:\/\/ens7-caba.infd.edu.ar\/aula\/archivos\/repositorio\/\/3250\/3291\/EDI_32_33_34_educacion._naturales_2018.pdf\" href=\"https:\/\/ens7-caba.infd.edu.ar\/aula\/archivos\/repositorio\/\/3250\/3291\/EDI_32_33_34_educacion._naturales_2018.pdf\" target=\"_NEW\">EDI\u00a0<\/a><\/td>\n<td style=\"border: 1px solid #990000; width: 106px; text-align: center;\"><a title=\"https:\/\/ens7-caba.infd.edu.ar\/aula\/archivos\/repositorio\/\/3250\/3291\/EDI_32_33_34_educacion._naturales_2018.pdf\" href=\"https:\/\/ens7-caba.infd.edu.ar\/aula\/archivos\/repositorio\/\/3250\/3291\/EDI_32_33_34_educacion._naturales_2018.pdf\" target=\"_NEW\">EDI<\/a><\/td>\n<td style=\"border: 1px solid #990000; width: 111px;\">\n<p style=\"text-align: center;\"><a title=\"https:\/\/ens7-caba.infd.edu.ar\/aula\/archivos\/repositorio\/\/3250\/3291\/EDI_32_33_34_educacion._naturales_2018.pdf\" href=\"https:\/\/ens7-caba.infd.edu.ar\/aula\/archivos\/repositorio\/\/3250\/3291\/EDI_32_33_34_educacion._naturales_2018.pdf\" target=\"_NEW\">EDI\u00a0<\/a><\/p>\n<\/td>\n<\/tr>\n<tr>\n<td style=\"border: 1px solid #990000; width: 151px; text-align: center;\"><a title=\"https:\/\/ens7-caba.infd.edu.ar\/aula\/archivos\/repositorio\/\/3000\/3231\/3-Educacion_Fisica-2018.pdf\" href=\"https:\/\/ens7-caba.infd.edu.ar\/aula\/archivos\/repositorio\/\/3000\/3231\/3-Educacion_Fisica-2018.pdf\" target=\"_NEW\">Ed.F\u00edsica<\/a><\/td>\n<td style=\"border: 1px solid #990000; width: 117px; text-align: center;\"><a title=\"https:\/\/ens7-caba.infd.edu.ar\/aula\/archivos\/repositorio\/\/3000\/3231\/3-Educacion_Fisica-2018.pdf\" href=\"https:\/\/ens7-caba.infd.edu.ar\/aula\/archivos\/repositorio\/\/3000\/3231\/3-Educacion_Fisica-2018.pdf\" target=\"_NEW\">Ed. F\u00edsica<\/a><\/td>\n<td style=\"border: 1px solid #990000; width: 106px; text-align: center;\"><a title=\"https:\/\/ens7-caba.infd.edu.ar\/aula\/archivos\/repositorio\/\/3000\/3231\/3-Educacion_Fisica-2018.pdf\" href=\"https:\/\/ens7-caba.infd.edu.ar\/aula\/archivos\/repositorio\/\/3000\/3231\/3-Educacion_Fisica-2018.pdf\" target=\"_NEW\">Ed.F\u00edsica<\/a><\/td>\n<td style=\"border: 1px solid #990000; width: 111px;\">\n<p style=\"text-align: center;\"><a title=\"https:\/\/ens7-caba.infd.edu.ar\/aula\/archivos\/repositorio\/\/3000\/3231\/3-Educacion_Fisica-2018.pdf\" href=\"https:\/\/ens7-caba.infd.edu.ar\/aula\/archivos\/repositorio\/\/3000\/3231\/3-Educacion_Fisica-2018.pdf\" target=\"_NEW\">Ed. F\u00edsica<\/a><\/p>\n<\/td>\n<\/tr>\n<tr>\n<td style=\"border: 1px solid #990000; width: 151px; text-align: center;\"><a title=\"https:\/\/ens7-caba.infd.edu.ar\/aula\/archivos\/repositorio\/\/3000\/3199\/31_32_Tec_de_la_informacion_2018.pdf\" href=\"https:\/\/ens7-caba.infd.edu.ar\/aula\/archivos\/repositorio\/\/3000\/3199\/31_32_Tec_de_la_informacion_2018.pdf\" target=\"_NEW\">Tecnolog\u00edas de la\u00a0 informaci\u00f3n<\/a><\/td>\n<td style=\"border: 1px solid #990000; width: 117px;\"><a title=\"https:\/\/ens7-caba.infd.edu.ar\/aula\/archivos\/repositorio\/\/3000\/3199\/31_32_Tec_de_la_informacion_2018.pdf\" href=\"https:\/\/ens7-caba.infd.edu.ar\/aula\/archivos\/repositorio\/\/3000\/3199\/31_32_Tec_de_la_informacion_2018.pdf\" target=\"_NEW\">Tecnolog\u00edas de la informaci\u00f3n<\/a><\/td>\n<td style=\"border: 1px solid #990000; width: 106px;\"><a title=\"https:\/\/ens7-caba.infd.edu.ar\/aula\/archivos\/repositorio\/\/3000\/3239\/33_y_34-tecnologias_de_la_informacion-2018.pdf\" href=\"https:\/\/ens7-caba.infd.edu.ar\/aula\/archivos\/repositorio\/\/3000\/3239\/33_y_34-tecnologias_de_la_informacion-2018.pdf\" target=\"_NEW\">Tecnolog\u00edas de la informaci\u00f3n<\/a><\/td>\n<td style=\"border: 1px solid #990000; width: 111px;\"><a title=\"https:\/\/ens7-caba.infd.edu.ar\/aula\/archivos\/repositorio\/\/3000\/3239\/33_y_34-tecnologias_de_la_informacion-2018.pdf\" href=\"https:\/\/ens7-caba.infd.edu.ar\/aula\/archivos\/repositorio\/\/3000\/3239\/33_y_34-tecnologias_de_la_informacion-2018.pdf\" target=\"_NEW\">Tecnolog\u00edas de la informaci\u00f3n<\/a><\/td>\n<\/tr>\n<tr>\n<td style=\"border: 1px solid #990000; width: 151px; text-align: center;\"><a title=\"https:\/\/ens7-caba.infd.edu.ar\/aula\/archivos\/repositorio\/\/3000\/3235\/31_Introd_a_las_cs_sociales-2018.pdf\" href=\"https:\/\/ens7-caba.infd.edu.ar\/aula\/archivos\/repositorio\/\/3000\/3235\/31_Introd_a_las_cs_sociales-2018.pdf\" target=\"_NEW\">Introducci\u00f3n a las Cs.Soc.y\u00a0Humanidades<\/a><\/td>\n<td style=\"border: 1px solid #990000; width: 117px; text-align: center;\"><a title=\"https:\/\/ens7-caba.infd.edu.ar\/aula\/archivos\/repositorio\/\/3000\/3243\/32_Historia_de_la_vida_y_de_la_tierra_2018.pdf\" href=\"https:\/\/ens7-caba.infd.edu.ar\/aula\/archivos\/repositorio\/\/3000\/3243\/32_Historia_de_la_vida_y_de_la_tierra_2018.pdf\" target=\"_NEW\">Historia de la vida y de la Tierra<\/a><\/td>\n<td style=\"border: 1px solid #990000; width: 106px; text-align: center;\"><a title=\"https:\/\/ens7-caba.infd.edu.ar\/aula\/archivos\/repositorio\/\/3000\/3236\/33_y_34-Educacion-y-Sociedad-2018.pdf\" href=\"https:\/\/ens7-caba.infd.edu.ar\/aula\/archivos\/repositorio\/\/3000\/3236\/33_y_34-Educacion-y-Sociedad-2018.pdf\" target=\"_NEW\">Educaci\u00f3n y Sociedad<\/a><\/td>\n<td style=\"border: 1px solid #990000; width: 111px; text-align: center;\"><a title=\"https:\/\/ens7-caba.infd.edu.ar\/aula\/archivos\/repositorio\/\/3000\/3236\/33_y_34-Educacion-y-Sociedad-2018.pdf\" href=\"https:\/\/ens7-caba.infd.edu.ar\/aula\/archivos\/repositorio\/\/3000\/3236\/33_y_34-Educacion-y-Sociedad-2018.pdf\" target=\"_NEW\">Educaci\u00f3n y Sociedad<\/a><\/td>\n<\/tr>\n<\/tbody>\n<\/table>\n","protected":false},"excerpt":{"rendered":"<p>3\u00ba 1\u00ba 3\u00ba 2\u00ba 3\u00ba 3\u00ba 3\u00ba 4\u00ba Lengua y literatura Lengua y literatura Lengua y literatura Lengua y literatura Ingl\u00e9s\u00a0\/\u00a0Franc\u00e9s Ingl\u00e9s\u00a0\/\u00a0Franc\u00e9s Ingl\u00e9s\u00a0\/\u00a0Franc\u00e9s Ingl\u00e9s\u00a0\/\u00a0Franc\u00e9s Matem\u00e1tica Matem\u00e1tica Matem\u00e1tica Matem\u00e1tica Biolog\u00eda Biolog\u00eda Biolog\u00eda Biolog\u00eda Geograf\u00eda Geograf\u00eda Geograf\u00eda Geograf\u00eda Historia Historia Historia Historia Formaci\u00f3n Etica y\u00a0Ciudadana Formaci\u00f3n Etica y Ciudadana Formaci\u00f3n Etica y Ciudadana Formaci\u00f3n Etica y Ciudadana &#8230; <a title=\"Programas 3\u00b0 A\u00f1o 2018\" class=\"read-more\" href=\"https:\/\/ens7-caba.infd.edu.ar\/sitio\/programas-3-ano-2018\/\" aria-label=\"More on Programas 3\u00b0 A\u00f1o 2018\">[+]<\/a><\/p>\n","protected":false},"author":2274,"featured_media":0,"parent":0,"menu_order":0,"comment_status":"closed","ping_status":"closed","template":"","meta":[],"acf":[],"_links":{"self":[{"href":"https:\/\/ens7-caba.infd.edu.ar\/sitio\/wp-json\/wp\/v2\/pages\/1074"}],"collection":[{"href":"https:\/\/ens7-caba.infd.edu.ar\/sitio\/wp-json\/wp\/v2\/pages"}],"about":[{"href":"https:\/\/ens7-caba.infd.edu.ar\/sitio\/wp-json\/wp\/v2\/types\/page"}],"author":[{"embeddable":true,"href":"https:\/\/ens7-caba.infd.edu.ar\/sitio\/wp-json\/wp\/v2\/users\/2274"}],"replies":[{"embeddable":true,"href":"https:\/\/ens7-caba.infd.edu.ar\/sitio\/wp-json\/wp\/v2\/comments?post=1074"}],"version-history":[{"count":1,"href":"https:\/\/ens7-caba.infd.edu.ar\/sitio\/wp-json\/wp\/v2\/pages\/1074\/revisions"}],"predecessor-version":[{"id":1171,"href":"https:\/\/ens7-caba.infd.edu.ar\/sitio\/wp-json\/wp\/v2\/pages\/1074\/revisions\/1171"}],"wp:attachment":[{"href":"https:\/\/ens7-caba.infd.edu.ar\/sitio\/wp-json\/wp\/v2\/media?parent=1074"}],"curies":[{"name":"wp","href":"https:\/\/api.w.org\/{rel}","templated":true}]}}