{"id":1075,"date":"2018-07-01T22:41:21","date_gmt":"2018-07-02T01:41:21","guid":{"rendered":"https:\/\/ens7-caba.infd.edu.ar\/sitio\/?page_id=1075"},"modified":"2018-07-10T12:52:27","modified_gmt":"2018-07-10T15:52:27","slug":"programas-4-ano-2018","status":"publish","type":"page","link":"https:\/\/ens7-caba.infd.edu.ar\/sitio\/programas-4-ano-2018\/","title":{"rendered":"Programas 4\u00b0 A\u00f1o 2018"},"content":{"rendered":"<table id=\"table1\" style=\"width: 986px; height: 1434px;\" border=\"0\">\n<tbody>\n<tr>\n<td style=\"border: 1px solid #990000; width: 106.54px;\">\n<p style=\"text-align: center;\"><strong>4\u00ba 1\u00ba\u00a0<\/strong><\/p>\n<\/td>\n<td style=\"border: 1px solid #990000; width: 105.46px;\">\n<p style=\"text-align: center;\"><strong>4\u00ba 2\u00ba<\/strong><\/p>\n<\/td>\n<td style=\"border: 1px solid #990000; width: 102px;\">\n<p style=\"text-align: center;\"><strong>4\u00ba 3\u00ba<\/strong><\/p>\n<\/td>\n<td style=\"border: 1px solid #990000; width: 97px;\">\n<p style=\"text-align: center;\"><strong>4\u00ba 4\u00ba<\/strong><\/p>\n<\/td>\n<\/tr>\n<tr>\n<td style=\"border: 1px solid #990000; width: 106.54px;\"><a title=\"https:\/\/ens7-caba.infd.edu.ar\/aula\/archivos\/repositorio\/\/3000\/3205\/41-2-3-4_Matema769tica_-_2018.pdf\" href=\"https:\/\/ens7-caba.infd.edu.ar\/aula\/archivos\/repositorio\/\/3000\/3205\/41-2-3-4_Matema769tica_-_2018.pdf\" target=\"_NEW\">Matem\u00e1tica<\/a><\/td>\n<td style=\"border: 1px solid #990000; width: 105.46px;\"><a title=\"https:\/\/ens7-caba.infd.edu.ar\/aula\/archivos\/repositorio\/\/3000\/3205\/41-2-3-4_Matema769tica_-_2018.pdf\" href=\"https:\/\/ens7-caba.infd.edu.ar\/aula\/archivos\/repositorio\/\/3000\/3205\/41-2-3-4_Matema769tica_-_2018.pdf\" target=\"_NEW\">Matem\u00e1tica<\/a><\/td>\n<td style=\"border: 1px solid #990000; width: 102px;\"><a title=\"https:\/\/ens7-caba.infd.edu.ar\/aula\/archivos\/repositorio\/\/3000\/3205\/41-2-3-4_Matema769tica_-_2018.pdf\" href=\"https:\/\/ens7-caba.infd.edu.ar\/aula\/archivos\/repositorio\/\/3000\/3205\/41-2-3-4_Matema769tica_-_2018.pdf\" target=\"_NEW\">Matem\u00e1tica<\/a><\/td>\n<td style=\"border: 1px solid #990000; width: 97px;\"><a title=\"https:\/\/ens7-caba.infd.edu.ar\/aula\/archivos\/repositorio\/\/3000\/3205\/41-2-3-4_Matema769tica_-_2018.pdf\" href=\"https:\/\/ens7-caba.infd.edu.ar\/aula\/archivos\/repositorio\/\/3000\/3205\/41-2-3-4_Matema769tica_-_2018.pdf\" target=\"_NEW\">Matem\u00e1tica<\/a><\/td>\n<\/tr>\n<tr>\n<td style=\"border: 1px solid #990000; width: 106.54px;\"><a title=\"https:\/\/ens7-caba.infd.edu.ar\/aula\/archivos\/repositorio\/\/3250\/3253\/41_42_43_44_Lengua_y_Literatura_2018.pdf\" href=\"https:\/\/ens7-caba.infd.edu.ar\/aula\/archivos\/repositorio\/\/3250\/3253\/41_42_43_44_Lengua_y_Literatura_2018.pdf\" target=\"_NEW\">Lengua y Literatura<\/a><\/td>\n<td style=\"border: 1px solid #990000; width: 105.46px;\"><a title=\"https:\/\/ens7-caba.infd.edu.ar\/aula\/archivos\/repositorio\/\/3250\/3253\/41_42_43_44_Lengua_y_Literatura_2018.pdf\" href=\"https:\/\/ens7-caba.infd.edu.ar\/aula\/archivos\/repositorio\/\/3250\/3253\/41_42_43_44_Lengua_y_Literatura_2018.pdf\" target=\"_NEW\">Lengua y Literatura<\/a><\/td>\n<td style=\"border: 1px solid #990000; width: 102px;\"><a title=\"https:\/\/ens7-caba.infd.edu.ar\/aula\/archivos\/repositorio\/\/3250\/3253\/41_42_43_44_Lengua_y_Literatura_2018.pdf\" href=\"https:\/\/ens7-caba.infd.edu.ar\/aula\/archivos\/repositorio\/\/3250\/3253\/41_42_43_44_Lengua_y_Literatura_2018.pdf\" target=\"_NEW\">Lengua\u00a0y Literatura<\/a><\/td>\n<td style=\"border: 1px solid #990000; width: 97px;\"><a title=\"https:\/\/ens7-caba.infd.edu.ar\/aula\/archivos\/repositorio\/\/3250\/3253\/41_42_43_44_Lengua_y_Literatura_2018.pdf\" href=\"https:\/\/ens7-caba.infd.edu.ar\/aula\/archivos\/repositorio\/\/3250\/3253\/41_42_43_44_Lengua_y_Literatura_2018.pdf\" target=\"_NEW\">Lengua\u00a0y Literatura<\/a><\/td>\n<\/tr>\n<tr>\n<td style=\"border: 1px solid #990000; width: 106.54px;\"><a title=\"https:\/\/ens7-caba.infd.edu.ar\/aula\/archivos\/repositorio\/\/3000\/3249\/41_42_43_44_Frances_2018.pdf\" href=\"https:\/\/ens7-caba.infd.edu.ar\/aula\/archivos\/repositorio\/\/3000\/3249\/41_42_43_44_Frances_2018.pdf\" target=\"_NEW\">Franc\u00e9s<\/a>\/<a title=\"https:\/\/ens7-caba.infd.edu.ar\/aula\/archivos\/repositorio\/\/3000\/3248\/41_42_43_44_Ingles_2018.pdf\" href=\"https:\/\/ens7-caba.infd.edu.ar\/aula\/archivos\/repositorio\/\/3000\/3248\/41_42_43_44_Ingles_2018.pdf\" target=\"_NEW\">Ingl\u00e9s<\/a><\/td>\n<td style=\"border: 1px solid #990000; width: 105.46px;\"><a title=\"https:\/\/ens7-caba.infd.edu.ar\/aula\/archivos\/repositorio\/\/3000\/3249\/41_42_43_44_Frances_2018.pdf\" href=\"https:\/\/ens7-caba.infd.edu.ar\/aula\/archivos\/repositorio\/\/3000\/3249\/41_42_43_44_Frances_2018.pdf\" target=\"_NEW\">Franc\u00e9s<\/a>\/<a title=\"https:\/\/ens7-caba.infd.edu.ar\/aula\/archivos\/repositorio\/\/3000\/3248\/41_42_43_44_Ingles_2018.pdf\" href=\"https:\/\/ens7-caba.infd.edu.ar\/aula\/archivos\/repositorio\/\/3000\/3248\/41_42_43_44_Ingles_2018.pdf\" target=\"_NEW\">Ingl\u00e9s<\/a><\/td>\n<td style=\"border: 1px solid #990000; width: 102px;\"><a title=\"https:\/\/ens7-caba.infd.edu.ar\/aula\/archivos\/repositorio\/\/3000\/3249\/41_42_43_44_Frances_2018.pdf\" href=\"https:\/\/ens7-caba.infd.edu.ar\/aula\/archivos\/repositorio\/\/3000\/3249\/41_42_43_44_Frances_2018.pdf\" target=\"_NEW\">Franc\u00e9s<\/a>\/<a title=\"https:\/\/ens7-caba.infd.edu.ar\/aula\/archivos\/repositorio\/\/3000\/3248\/41_42_43_44_Ingles_2018.pdf\" href=\"https:\/\/ens7-caba.infd.edu.ar\/aula\/archivos\/repositorio\/\/3000\/3248\/41_42_43_44_Ingles_2018.pdf\" target=\"_NEW\">Ingl\u00e9s<\/a><\/td>\n<td style=\"border: 1px solid #990000; width: 97px;\"><a title=\"https:\/\/ens7-caba.infd.edu.ar\/aula\/archivos\/repositorio\/\/3000\/3249\/41_42_43_44_Frances_2018.pdf\" href=\"https:\/\/ens7-caba.infd.edu.ar\/aula\/archivos\/repositorio\/\/3000\/3249\/41_42_43_44_Frances_2018.pdf\" target=\"_NEW\">Franc\u00e9s<\/a>\/<a title=\"https:\/\/ens7-caba.infd.edu.ar\/aula\/archivos\/repositorio\/\/3000\/3248\/41_42_43_44_Ingles_2018.pdf\" href=\"https:\/\/ens7-caba.infd.edu.ar\/aula\/archivos\/repositorio\/\/3000\/3248\/41_42_43_44_Ingles_2018.pdf\" target=\"_NEW\">Ingl\u00e9s<\/a><\/td>\n<\/tr>\n<tr>\n<td style=\"border: 1px solid #990000; width: 106.54px;\"><a title=\"https:\/\/ens7-caba.infd.edu.ar\/aula\/archivos\/repositorio\/\/3250\/3284\/41_4243_44-_fisica-2018.pdf\" href=\"https:\/\/ens7-caba.infd.edu.ar\/aula\/archivos\/repositorio\/\/3250\/3284\/41_4243_44-_fisica-2018.pdf\" target=\"_NEW\">F\u00edsica<\/a><\/td>\n<td style=\"border: 1px solid #990000; width: 105.46px;\"><a title=\"https:\/\/ens7-caba.infd.edu.ar\/aula\/archivos\/repositorio\/\/3250\/3284\/41_4243_44-_fisica-2018.pdf\" href=\"https:\/\/ens7-caba.infd.edu.ar\/aula\/archivos\/repositorio\/\/3250\/3284\/41_4243_44-_fisica-2018.pdf\" target=\"_NEW\">F\u00edsica<\/a><\/td>\n<td style=\"border: 1px solid #990000; width: 102px;\"><a title=\"https:\/\/ens7-caba.infd.edu.ar\/aula\/archivos\/repositorio\/\/3250\/3284\/41_4243_44-_fisica-2018.pdf\" href=\"https:\/\/ens7-caba.infd.edu.ar\/aula\/archivos\/repositorio\/\/3250\/3284\/41_4243_44-_fisica-2018.pdf\" target=\"_NEW\">F\u00edsica<\/a><\/td>\n<td style=\"border: 1px solid #990000; width: 97px;\"><a title=\"https:\/\/ens7-caba.infd.edu.ar\/aula\/archivos\/repositorio\/\/3250\/3284\/41_4243_44-_fisica-2018.pdf\" href=\"https:\/\/ens7-caba.infd.edu.ar\/aula\/archivos\/repositorio\/\/3250\/3284\/41_4243_44-_fisica-2018.pdf\" target=\"_NEW\">F\u00edsica<\/a><\/td>\n<\/tr>\n<tr>\n<td style=\"border: 1px solid #990000; width: 106.54px;\"><a title=\"https:\/\/ens7-caba.infd.edu.ar\/aula\/archivos\/repositorio\/\/3000\/3204\/41-2-3-4_Historia_2018.pdf\" href=\"https:\/\/ens7-caba.infd.edu.ar\/aula\/archivos\/repositorio\/\/3000\/3204\/41-2-3-4_Historia_2018.pdf\" target=\"_NEW\">Historia<\/a><\/td>\n<td style=\"border: 1px solid #990000; width: 105.46px;\"><a title=\"https:\/\/ens7-caba.infd.edu.ar\/aula\/archivos\/repositorio\/\/3000\/3204\/41-2-3-4_Historia_2018.pdf\" href=\"https:\/\/ens7-caba.infd.edu.ar\/aula\/archivos\/repositorio\/\/3000\/3204\/41-2-3-4_Historia_2018.pdf\" target=\"_NEW\">Historia<\/a><\/td>\n<td style=\"border: 1px solid #990000; width: 102px;\"><a title=\"https:\/\/ens7-caba.infd.edu.ar\/aula\/archivos\/repositorio\/\/3000\/3204\/41-2-3-4_Historia_2018.pdf\" href=\"https:\/\/ens7-caba.infd.edu.ar\/aula\/archivos\/repositorio\/\/3000\/3204\/41-2-3-4_Historia_2018.pdf\" target=\"_NEW\">Historia<\/a><\/td>\n<td style=\"border: 1px solid #990000; width: 97px;\"><a title=\"https:\/\/ens7-caba.infd.edu.ar\/aula\/archivos\/repositorio\/\/3000\/3204\/41-2-3-4_Historia_2018.pdf\" href=\"https:\/\/ens7-caba.infd.edu.ar\/aula\/archivos\/repositorio\/\/3000\/3204\/41-2-3-4_Historia_2018.pdf\" target=\"_NEW\">Historia<\/a><\/td>\n<\/tr>\n<tr>\n<td style=\"border: 1px solid #990000; width: 106.54px;\">Geograf\u00eda<\/td>\n<td style=\"border: 1px solid #990000; width: 105.46px;\"><a title=\"https:\/\/ens7-caba.infd.edu.ar\/aula\/archivos\/repositorio\/\/3250\/3264\/42_Geografia_2018.pdf\" href=\"https:\/\/ens7-caba.infd.edu.ar\/aula\/archivos\/repositorio\/\/3250\/3264\/42_Geografia_2018.pdf\" target=\"_NEW\">Geograf\u00eda<\/a><\/td>\n<td style=\"border: 1px solid #990000; width: 102px;\">Geograf\u00eda<\/td>\n<td style=\"border: 1px solid #990000; width: 97px;\"><a title=\"https:\/\/ens7-caba.infd.edu.ar\/aula\/archivos\/repositorio\/\/3000\/3202\/4to_4ta_Geografi769a_2018.pdf\" href=\"https:\/\/ens7-caba.infd.edu.ar\/aula\/archivos\/repositorio\/\/3000\/3202\/4to_4ta_Geografi769a_2018.pdf\" target=\"_NEW\">Geograf\u00eda<\/a><\/td>\n<\/tr>\n<tr>\n<td style=\"border: 1px solid #990000; width: 106.54px;\"><a title=\"https:\/\/ens7-caba.infd.edu.ar\/aula\/archivos\/repositorio\/\/3000\/3247\/4to_1_Formacion_Et_y_Ciud-2018.pdf\" href=\"https:\/\/ens7-caba.infd.edu.ar\/aula\/archivos\/repositorio\/\/3000\/3247\/4to_1_Formacion_Et_y_Ciud-2018.pdf\" target=\"_NEW\">Formaci\u00f3n Etica y Ciudadana<\/a><\/td>\n<td style=\"border: 1px solid #990000; width: 105.46px;\"><a title=\"https:\/\/ens7-caba.infd.edu.ar\/aula\/archivos\/repositorio\/\/3250\/3259\/424344_Formacion_Etica_y_Ciudadana_2018.pdf\" href=\"https:\/\/ens7-caba.infd.edu.ar\/aula\/archivos\/repositorio\/\/3250\/3259\/424344_Formacion_Etica_y_Ciudadana_2018.pdf\" target=\"_NEW\">Formaci\u00f3n Etica y Ciudadana<\/a><\/td>\n<td style=\"border: 1px solid #990000; width: 102px;\"><a title=\"https:\/\/ens7-caba.infd.edu.ar\/aula\/archivos\/repositorio\/\/3250\/3259\/424344_Formacion_Etica_y_Ciudadana_2018.pdf\" href=\"https:\/\/ens7-caba.infd.edu.ar\/aula\/archivos\/repositorio\/\/3250\/3259\/424344_Formacion_Etica_y_Ciudadana_2018.pdf\" target=\"_NEW\">Formaci\u00f3n Etica y Ciudadana<\/a><\/td>\n<td style=\"border: 1px solid #990000; width: 97px;\"><a title=\"https:\/\/ens7-caba.infd.edu.ar\/aula\/archivos\/repositorio\/\/3250\/3259\/424344_Formacion_Etica_y_Ciudadana_2018.pdf\" href=\"https:\/\/ens7-caba.infd.edu.ar\/aula\/archivos\/repositorio\/\/3250\/3259\/424344_Formacion_Etica_y_Ciudadana_2018.pdf\" target=\"_NEW\">Formaci\u00f3n Etica y Ciudadana<\/a><\/td>\n<\/tr>\n<tr>\n<td style=\"border: 1px solid #990000; width: 106.54px;\"><a title=\"https:\/\/ens7-caba.infd.edu.ar\/aula\/archivos\/repositorio\/\/3000\/3203\/4_1_Tecnologias_de_la_Informacion_2018.pdf\" href=\"https:\/\/ens7-caba.infd.edu.ar\/aula\/archivos\/repositorio\/\/3000\/3203\/4_1_Tecnologias_de_la_Informacion_2018.pdf\" target=\"_NEW\">Tecnolog\u00edas de la Informaci\u00f3n<\/a><\/td>\n<td style=\"border: 1px solid #990000; width: 105.46px;\"><a title=\"https:\/\/ens7-caba.infd.edu.ar\/aula\/archivos\/repositorio\/\/3250\/3255\/42_Tecnologias_de_la_informacion_2018.pdf\" href=\"https:\/\/ens7-caba.infd.edu.ar\/aula\/archivos\/repositorio\/\/3250\/3255\/42_Tecnologias_de_la_informacion_2018.pdf\" target=\"_NEW\">Tecnolog\u00edas de la Informaci\u00f3n<\/a><\/td>\n<td style=\"border: 1px solid #990000; width: 102px;\"><a title=\"https:\/\/ens7-caba.infd.edu.ar\/aula\/archivos\/repositorio\/\/3250\/3263\/43_44_tec_de_la_informacion_2018.pdf\" href=\"https:\/\/ens7-caba.infd.edu.ar\/aula\/archivos\/repositorio\/\/3250\/3263\/43_44_tec_de_la_informacion_2018.pdf\" target=\"_NEW\">Tecnolog\u00edas de la informaci\u00f3n<\/a><\/td>\n<td style=\"border: 1px solid #990000; width: 97px;\"><a title=\"https:\/\/ens7-caba.infd.edu.ar\/aula\/archivos\/repositorio\/\/3250\/3263\/43_44_tec_de_la_informacion_2018.pdf\" href=\"https:\/\/ens7-caba.infd.edu.ar\/aula\/archivos\/repositorio\/\/3250\/3263\/43_44_tec_de_la_informacion_2018.pdf\" target=\"_NEW\">Tecnolog\u00edas de la Informaci\u00f3n\u00a0<\/a><\/td>\n<\/tr>\n<tr>\n<td style=\"border: 1px solid #990000; width: 106.54px;\"><a title=\"https:\/\/ens7-caba.infd.edu.ar\/aula\/archivos\/repositorio\/\/3250\/3250\/41_42_Musica_2018.pdf\" href=\"https:\/\/ens7-caba.infd.edu.ar\/aula\/archivos\/repositorio\/\/3250\/3250\/41_42_Musica_2018.pdf\" target=\"_NEW\">Artes M\u00fasica<\/a><\/td>\n<td style=\"border: 1px solid #990000; width: 105.46px;\"><a title=\"https:\/\/ens7-caba.infd.edu.ar\/aula\/archivos\/repositorio\/\/3250\/3250\/41_42_Musica_2018.pdf\" href=\"https:\/\/ens7-caba.infd.edu.ar\/aula\/archivos\/repositorio\/\/3250\/3250\/41_42_Musica_2018.pdf\" target=\"_NEW\">Artes M\u00fasica<\/a><\/td>\n<td style=\"border: 1px solid #990000; width: 102px;\"><a title=\"https:\/\/ens7-caba.infd.edu.ar\/aula\/archivos\/repositorio\/\/3250\/3256\/43_44-_musica_nes-2018.pdf\" href=\"https:\/\/ens7-caba.infd.edu.ar\/aula\/archivos\/repositorio\/\/3250\/3256\/43_44-_musica_nes-2018.pdf\" target=\"_NEW\">Artes M\u00fasica<\/a><\/td>\n<td style=\"border: 1px solid #990000; width: 97px;\"><a title=\"https:\/\/ens7-caba.infd.edu.ar\/aula\/archivos\/repositorio\/\/3250\/3256\/43_44-_musica_nes-2018.pdf\" href=\"https:\/\/ens7-caba.infd.edu.ar\/aula\/archivos\/repositorio\/\/3250\/3256\/43_44-_musica_nes-2018.pdf\" target=\"_NEW\">Artes M\u00fasica<\/a><\/td>\n<\/tr>\n<tr>\n<td style=\"border: 1px solid #990000; width: 106.54px;\"><a title=\"https:\/\/ens7-caba.infd.edu.ar\/aula\/archivos\/repositorio\/\/3250\/3252\/41-42-43-44-artes-_2018.pdf\" href=\"https:\/\/ens7-caba.infd.edu.ar\/aula\/archivos\/repositorio\/\/3250\/3252\/41-42-43-44-artes-_2018.pdf\" target=\"_NEW\">Artes Visuales<\/a><\/td>\n<td style=\"border: 1px solid #990000; width: 105.46px;\"><a title=\"https:\/\/ens7-caba.infd.edu.ar\/aula\/archivos\/repositorio\/\/3250\/3252\/41-42-43-44-artes-_2018.pdf\" href=\"https:\/\/ens7-caba.infd.edu.ar\/aula\/archivos\/repositorio\/\/3250\/3252\/41-42-43-44-artes-_2018.pdf\" target=\"_NEW\">Artes Visuales<\/a><\/td>\n<td style=\"border: 1px solid #990000; width: 102px;\"><a title=\"https:\/\/ens7-caba.infd.edu.ar\/aula\/archivos\/repositorio\/\/3250\/3252\/41-42-43-44-artes-_2018.pdf\" href=\"https:\/\/ens7-caba.infd.edu.ar\/aula\/archivos\/repositorio\/\/3250\/3252\/41-42-43-44-artes-_2018.pdf\" target=\"_NEW\">Artes Visuales<\/a><\/td>\n<td style=\"border: 1px solid #990000; width: 97px;\"><a title=\"https:\/\/ens7-caba.infd.edu.ar\/aula\/archivos\/repositorio\/\/3250\/3252\/41-42-43-44-artes-_2018.pdf\" href=\"https:\/\/ens7-caba.infd.edu.ar\/aula\/archivos\/repositorio\/\/3250\/3252\/41-42-43-44-artes-_2018.pdf\" target=\"_NEW\">Artes Visuales<\/a><\/td>\n<\/tr>\n<tr>\n<td style=\"border: 1px solid #990000; width: 106.54px;\"><a title=\"https:\/\/ens7-caba.infd.edu.ar\/aula\/archivos\/repositorio\/\/3250\/3282\/EDI_4to_1ra_sociales.pdf\" href=\"https:\/\/ens7-caba.infd.edu.ar\/aula\/archivos\/repositorio\/\/3250\/3282\/EDI_4to_1ra_sociales.pdf\" target=\"_NEW\">EDI<\/a><\/td>\n<td style=\"border: 1px solid #990000; width: 105.46px;\"><a title=\"https:\/\/ens7-caba.infd.edu.ar\/aula\/archivos\/repositorio\/\/3250\/3289\/EDI_4to_2da_naturales.pdf\" href=\"https:\/\/ens7-caba.infd.edu.ar\/aula\/archivos\/repositorio\/\/3250\/3289\/EDI_4to_2da_naturales.pdf\" target=\"_NEW\">EDI<\/a><\/td>\n<td style=\"border: 1px solid #990000; width: 102px;\"><a title=\"https:\/\/ens7-caba.infd.edu.ar\/aula\/archivos\/repositorio\/\/3250\/3285\/EDI_4to_3ra_4ta_educacion.pdf\" href=\"https:\/\/ens7-caba.infd.edu.ar\/aula\/archivos\/repositorio\/\/3250\/3285\/EDI_4to_3ra_4ta_educacion.pdf\" target=\"_NEW\">EDI<\/a><\/td>\n<td style=\"border: 1px solid #990000; width: 97px;\"><a title=\"https:\/\/ens7-caba.infd.edu.ar\/aula\/archivos\/repositorio\/\/3250\/3285\/EDI_4to_3ra_4ta_educacion.pdf\" href=\"https:\/\/ens7-caba.infd.edu.ar\/aula\/archivos\/repositorio\/\/3250\/3285\/EDI_4to_3ra_4ta_educacion.pdf\" target=\"_NEW\">EDI<\/a><\/td>\n<\/tr>\n<tr>\n<td style=\"border: 1px solid #990000; width: 106.54px;\"><a title=\"https:\/\/ens7-caba.infd.edu.ar\/aula\/archivos\/repositorio\/\/3250\/3254\/4-Educacin_on_Fisica-2018.pdf\" href=\"https:\/\/ens7-caba.infd.edu.ar\/aula\/archivos\/repositorio\/\/3250\/3254\/4-Educacin_on_Fisica-2018.pdf\" target=\"_NEW\">Ed. F\u00edsica<\/a><\/td>\n<td style=\"border: 1px solid #990000; width: 105.46px;\"><a title=\"https:\/\/ens7-caba.infd.edu.ar\/aula\/archivos\/repositorio\/\/3250\/3254\/4-Educacin_on_Fisica-2018.pdf\" href=\"https:\/\/ens7-caba.infd.edu.ar\/aula\/archivos\/repositorio\/\/3250\/3254\/4-Educacin_on_Fisica-2018.pdf\" target=\"_NEW\">Ed. F\u00edsica<\/a><\/td>\n<td style=\"border: 1px solid #990000; width: 102px;\"><a title=\"https:\/\/ens7-caba.infd.edu.ar\/aula\/archivos\/repositorio\/\/3250\/3254\/4-Educacin_on_Fisica-2018.pdf\" href=\"https:\/\/ens7-caba.infd.edu.ar\/aula\/archivos\/repositorio\/\/3250\/3254\/4-Educacin_on_Fisica-2018.pdf\" target=\"_NEW\">Ed.F\u00edsica<\/a><\/td>\n<td style=\"border: 1px solid #990000; width: 97px;\"><a title=\"https:\/\/ens7-caba.infd.edu.ar\/aula\/archivos\/repositorio\/\/3250\/3254\/4-Educacin_on_Fisica-2018.pdf\" href=\"https:\/\/ens7-caba.infd.edu.ar\/aula\/archivos\/repositorio\/\/3250\/3254\/4-Educacin_on_Fisica-2018.pdf\" target=\"_NEW\">Ed. F\u00edsica<\/a><\/td>\n<\/tr>\n<tr>\n<td style=\"border: 1px solid #990000; width: 106.54px;\"><a title=\"https:\/\/ens7-caba.infd.edu.ar\/aula\/archivos\/repositorio\/\/3250\/3331\/41_Psicologia_2018.pdf\" href=\"https:\/\/ens7-caba.infd.edu.ar\/aula\/archivos\/repositorio\/\/3250\/3331\/41_Psicologia_2018.pdf\" target=\"_NEW\">Psicolog\u00eda<\/a><\/td>\n<td style=\"border: 1px solid #990000; width: 105.46px;\"><a title=\"https:\/\/ens7-caba.infd.edu.ar\/aula\/archivos\/repositorio\/\/3250\/3257\/42-51-53-54_Quimica_2018.pdf\" href=\"https:\/\/ens7-caba.infd.edu.ar\/aula\/archivos\/repositorio\/\/3250\/3257\/42-51-53-54_Quimica_2018.pdf\" target=\"_NEW\">Qu\u00edmica<\/a><\/td>\n<td style=\"border: 1px solid #990000; width: 102px;\"><a title=\"https:\/\/ens7-caba.infd.edu.ar\/aula\/archivos\/repositorio\/\/3250\/3262\/43-44-_Educacion_y_Estado-_2018.pdf\" href=\"https:\/\/ens7-caba.infd.edu.ar\/aula\/archivos\/repositorio\/\/3250\/3262\/43-44-_Educacion_y_Estado-_2018.pdf\" target=\"_NEW\">Educaci\u00f3n y Estado<\/a><\/td>\n<td style=\"border: 1px solid #990000; width: 97px;\"><a title=\"https:\/\/ens7-caba.infd.edu.ar\/aula\/archivos\/repositorio\/\/3250\/3260\/43-44-sujetos_de_la_educacion-_2018.pdf\" href=\"https:\/\/ens7-caba.infd.edu.ar\/aula\/archivos\/repositorio\/\/3250\/3260\/43-44-sujetos_de_la_educacion-_2018.pdf\" target=\"_NEW\">Educaci\u00f3n y Estado<\/a><\/td>\n<\/tr>\n<tr>\n<td style=\"border: 1px solid #990000; width: 106.54px;\"><a title=\"https:\/\/ens7-caba.infd.edu.ar\/aula\/archivos\/repositorio\/\/3250\/3332\/41_Antropologia_2018.pdf\" href=\"https:\/\/ens7-caba.infd.edu.ar\/aula\/archivos\/repositorio\/\/3250\/3332\/41_Antropologia_2018.pdf\" target=\"_NEW\">Antropolog\u00eda Cultural<\/a><\/td>\n<td style=\"border: 1px solid #990000; width: 105.46px;\"><a title=\"https:\/\/ens7-caba.infd.edu.ar\/aula\/archivos\/repositorio\/\/3000\/3246\/42_Estructura_del_universo_2018.pdf\" href=\"https:\/\/ens7-caba.infd.edu.ar\/aula\/archivos\/repositorio\/\/3000\/3246\/42_Estructura_del_universo_2018.pdf\" target=\"_NEW\">Estructura del Universo<\/a><\/td>\n<td style=\"border: 1px solid #990000; width: 102px;\"><a title=\"https:\/\/ens7-caba.infd.edu.ar\/aula\/archivos\/repositorio\/\/3250\/3260\/43-44-sujetos_de_la_educacion-_2018.pdf\" href=\"https:\/\/ens7-caba.infd.edu.ar\/aula\/archivos\/repositorio\/\/3250\/3260\/43-44-sujetos_de_la_educacion-_2018.pdf\" target=\"_NEW\">Sujeto de la Educaci\u00f3n<\/a><\/td>\n<td style=\"border: 1px solid #990000; width: 97px;\"><a title=\"https:\/\/ens7-caba.infd.edu.ar\/aula\/archivos\/repositorio\/\/3250\/3260\/43-44-sujetos_de_la_educacion-_2018.pdf\" href=\"https:\/\/ens7-caba.infd.edu.ar\/aula\/archivos\/repositorio\/\/3250\/3260\/43-44-sujetos_de_la_educacion-_2018.pdf\" target=\"_NEW\">Sujeto de la Educaci\u00f3n<\/a><\/td>\n<\/tr>\n<tr>\n<td style=\"border: 1px solid #990000; width: 106.54px;\"><a title=\"https:\/\/ens7-caba.infd.edu.ar\/aula\/archivos\/repositorio\/\/3250\/3330\/4_1_Sociologia_2018.pdf\" href=\"https:\/\/ens7-caba.infd.edu.ar\/aula\/archivos\/repositorio\/\/3250\/3330\/4_1_Sociologia_2018.pdf\" target=\"_NEW\">Sociolog\u00eda<\/a><\/td>\n<td style=\"border: 1px solid #990000; width: 105.46px;\"><a title=\"https:\/\/ens7-caba.infd.edu.ar\/aula\/archivos\/repositorio\/\/3250\/3261\/42_filosofia_de_las_ciencias_y_la_tecnologia.pdf\" href=\"https:\/\/ens7-caba.infd.edu.ar\/aula\/archivos\/repositorio\/\/3250\/3261\/42_filosofia_de_las_ciencias_y_la_tecnologia.pdf\" target=\"_NEW\">Filosof\u00eda de la Ciencia y\u00a0la Tecnolog\u00eda<\/a><\/td>\n<td style=\"border: 1px solid #990000; width: 102px;\"><a title=\"https:\/\/ens7-caba.infd.edu.ar\/aula\/archivos\/repositorio\/\/3250\/3258\/43-44-perspectivas_-_2018.pdf\" href=\"https:\/\/ens7-caba.infd.edu.ar\/aula\/archivos\/repositorio\/\/3250\/3258\/43-44-perspectivas_-_2018.pdf\" target=\"_NEW\">Perspectivas Pedag\u00f3gicas<\/a><\/td>\n<td style=\"border: 1px solid #990000; width: 97px;\"><a title=\"https:\/\/ens7-caba.infd.edu.ar\/aula\/archivos\/repositorio\/\/3250\/3258\/43-44-perspectivas_-_2018.pdf\" href=\"https:\/\/ens7-caba.infd.edu.ar\/aula\/archivos\/repositorio\/\/3250\/3258\/43-44-perspectivas_-_2018.pdf\" target=\"_NEW\">Perspectivas Pedag\u00f3gicas<\/a><\/td>\n<\/tr>\n<\/tbody>\n<\/table>\n","protected":false},"excerpt":{"rendered":"<p>4\u00ba 1\u00ba\u00a0 4\u00ba 2\u00ba 4\u00ba 3\u00ba 4\u00ba 4\u00ba Matem\u00e1tica Matem\u00e1tica Matem\u00e1tica Matem\u00e1tica Lengua y Literatura Lengua y Literatura Lengua\u00a0y Literatura Lengua\u00a0y Literatura Franc\u00e9s\/Ingl\u00e9s Franc\u00e9s\/Ingl\u00e9s Franc\u00e9s\/Ingl\u00e9s Franc\u00e9s\/Ingl\u00e9s F\u00edsica F\u00edsica F\u00edsica F\u00edsica Historia Historia Historia Historia Geograf\u00eda Geograf\u00eda Geograf\u00eda Geograf\u00eda Formaci\u00f3n Etica y Ciudadana Formaci\u00f3n Etica y Ciudadana Formaci\u00f3n Etica y Ciudadana Formaci\u00f3n Etica y Ciudadana Tecnolog\u00edas &#8230; <a title=\"Programas 4\u00b0 A\u00f1o 2018\" class=\"read-more\" href=\"https:\/\/ens7-caba.infd.edu.ar\/sitio\/programas-4-ano-2018\/\" aria-label=\"More on Programas 4\u00b0 A\u00f1o 2018\">[+]<\/a><\/p>\n","protected":false},"author":2274,"featured_media":0,"parent":0,"menu_order":0,"comment_status":"closed","ping_status":"closed","template":"","meta":[],"acf":[],"_links":{"self":[{"href":"https:\/\/ens7-caba.infd.edu.ar\/sitio\/wp-json\/wp\/v2\/pages\/1075"}],"collection":[{"href":"https:\/\/ens7-caba.infd.edu.ar\/sitio\/wp-json\/wp\/v2\/pages"}],"about":[{"href":"https:\/\/ens7-caba.infd.edu.ar\/sitio\/wp-json\/wp\/v2\/types\/page"}],"author":[{"embeddable":true,"href":"https:\/\/ens7-caba.infd.edu.ar\/sitio\/wp-json\/wp\/v2\/users\/2274"}],"replies":[{"embeddable":true,"href":"https:\/\/ens7-caba.infd.edu.ar\/sitio\/wp-json\/wp\/v2\/comments?post=1075"}],"version-history":[{"count":1,"href":"https:\/\/ens7-caba.infd.edu.ar\/sitio\/wp-json\/wp\/v2\/pages\/1075\/revisions"}],"predecessor-version":[{"id":1182,"href":"https:\/\/ens7-caba.infd.edu.ar\/sitio\/wp-json\/wp\/v2\/pages\/1075\/revisions\/1182"}],"wp:attachment":[{"href":"https:\/\/ens7-caba.infd.edu.ar\/sitio\/wp-json\/wp\/v2\/media?parent=1075"}],"curies":[{"name":"wp","href":"https:\/\/api.w.org\/{rel}","templated":true}]}}