{"id":1076,"date":"2018-07-01T22:53:26","date_gmt":"2018-07-02T01:53:26","guid":{"rendered":"https:\/\/ens7-caba.infd.edu.ar\/sitio\/?page_id=1076"},"modified":"2019-04-04T18:39:20","modified_gmt":"2019-04-04T21:39:20","slug":"programas-5-ano-2018","status":"publish","type":"page","link":"https:\/\/ens7-caba.infd.edu.ar\/sitio\/programas-5-ano-2018\/","title":{"rendered":"Programas 5\u00b0 A\u00f1o 2018"},"content":{"rendered":"<p>&nbsp;<\/p>\n<table width=\"895\">\n<tbody>\n<tr>\n<td width=\"223\">\n<p style=\"text-align: center;\"><strong>5\u00ba 1\u00ba\u00a0<\/strong><\/p>\n<\/td>\n<td style=\"text-align: center;\" width=\"223\"><strong>5\u00ba 2\u00ba<\/strong><\/td>\n<td style=\"text-align: center;\" width=\"222\"><strong>5\u00ba 3\u00ba<\/strong><\/td>\n<td width=\"217\">\n<p style=\"text-align: center;\"><strong>5\u00ba 4\u00ba<\/strong><\/p>\n<\/td>\n<\/tr>\n<tr>\n<td width=\"223\"><a href=\"https:\/\/ens7-caba.infd.edu.ar\/aula\/archivos\/repositorio\/3000\/3210\/51-2-3-4__Matema769tica_-_2018.pdf\">Matem\u00e1tica<\/a><\/td>\n<td width=\"223\"><a href=\"https:\/\/ens7-caba.infd.edu.ar\/aula\/archivos\/repositorio\/3000\/3210\/51-2-3-4__Matema769tica_-_2018.pdf\">Matem\u00e1tica<\/a><\/td>\n<td width=\"222\"><a href=\"https:\/\/ens7-caba.infd.edu.ar\/aula\/archivos\/repositorio\/3000\/3210\/51-2-3-4__Matema769tica_-_2018.pdf\">Matem\u00e1tica<\/a><\/td>\n<td width=\"217\"><a href=\"https:\/\/ens7-caba.infd.edu.ar\/aula\/archivos\/repositorio\/3000\/3210\/51-2-3-4__Matema769tica_-_2018.pdf\">Matem\u00e1tica<\/a><\/td>\n<\/tr>\n<tr>\n<td width=\"223\"><a href=\"https:\/\/ens7-caba.infd.edu.ar\/aula\/archivos\/repositorio\/3250\/3267\/51_52_53_54_Lengua_y_Literatura_2018.pdf\">Lengua y Literatura<\/a><\/td>\n<td width=\"223\"><a href=\"https:\/\/ens7-caba.infd.edu.ar\/aula\/archivos\/repositorio\/3250\/3267\/51_52_53_54_Lengua_y_Literatura_2018.pdf\">Lengua y Literatura<\/a><\/td>\n<td width=\"222\"><a href=\"https:\/\/ens7-caba.infd.edu.ar\/aula\/archivos\/repositorio\/3250\/3267\/51_52_53_54_Lengua_y_Literatura_2018.pdf\">Lengua\u00a0y Literatura<\/a><\/td>\n<td width=\"217\"><a href=\"https:\/\/ens7-caba.infd.edu.ar\/aula\/archivos\/repositorio\/3250\/3267\/51_52_53_54_Lengua_y_Literatura_2018.pdf\">Lengua\u00a0y Literatura<\/a><\/td>\n<\/tr>\n<tr>\n<td width=\"223\"><a href=\"https:\/\/ens7-caba.infd.edu.ar\/aula\/archivos\/repositorio\/3250\/3272\/51_52_53_54_Frances_2018.pdf\">Franc\u00e9s<\/a>\/<a href=\"https:\/\/ens7-caba.infd.edu.ar\/aula\/archivos\/repositorio\/3250\/3269\/51525354-_ingles_-_2018.pdf\">Ingl\u00e9s<\/a><\/td>\n<td width=\"223\"><a href=\"https:\/\/ens7-caba.infd.edu.ar\/aula\/archivos\/repositorio\/3250\/3272\/51_52_53_54_Frances_2018.pdf\">Franc\u00e9s<\/a>\/<a href=\"https:\/\/ens7-caba.infd.edu.ar\/aula\/archivos\/repositorio\/3250\/3269\/51525354-_ingles_-_2018.pdf\">Ingl\u00e9s<\/a><\/td>\n<td width=\"222\"><a href=\"https:\/\/ens7-caba.infd.edu.ar\/aula\/archivos\/repositorio\/3250\/3272\/51_52_53_54_Frances_2018.pdf\">Franc\u00e9s<\/a>\/<a href=\"https:\/\/ens7-caba.infd.edu.ar\/aula\/archivos\/repositorio\/3250\/3269\/51525354-_ingles_-_2018.pdf\">Ingl\u00e9s<\/a><\/td>\n<td width=\"217\"><a href=\"https:\/\/ens7-caba.infd.edu.ar\/aula\/archivos\/repositorio\/3250\/3272\/51_52_53_54_Frances_2018.pdf\">Franc\u00e9s<\/a>\/<a href=\"https:\/\/ens7-caba.infd.edu.ar\/aula\/archivos\/repositorio\/3250\/3269\/51525354-_ingles_-_2018.pdf\">Ingl\u00e9s<\/a><\/td>\n<\/tr>\n<tr>\n<td width=\"223\">\u00a0<a href=\"https:\/\/ens7-caba.infd.edu.ar\/aula\/archivos\/repositorio\/3000\/3207\/5to_1ra_Geografia_Ambiental_y_Poli769tica__2018.pdf\">Geograf\u00eda ambienteal y pol\u00edtica<\/a><\/td>\n<td width=\"223\"><a href=\"https:\/\/ens7-caba.infd.edu.ar\/aula\/archivos\/repositorio\/3250\/3274\/52_Ecologia_2018.pdf\">Ecolog\u00eda<\/a><\/td>\n<td width=\"222\">\u00a0<a href=\"https:\/\/ens7-caba.infd.edu.ar\/aula\/archivos\/repositorio\/3250\/3279\/53-54_educacion_y_globalizacion_-_2018.pdf\">Educaci\u00f3n y Globalizaci\u00f3n<\/a><\/td>\n<td width=\"217\">\u00a0<a href=\"https:\/\/ens7-caba.infd.edu.ar\/aula\/archivos\/repositorio\/3250\/3279\/53-54_educacion_y_globalizacion_-_2018.pdf\">Educaci\u00f3n y Globalizaci\u00f3n<\/a><\/td>\n<\/tr>\n<tr>\n<td width=\"223\">\u00a0<a href=\"https:\/\/ens7-caba.infd.edu.ar\/aula\/archivos\/repositorio\/3000\/3211\/5to_1ra-_Proyecto_en_Cs_Sociales_y_Humanidades_2018.pdf\">Proyecto de Investigaci\u00f3n en Cs. Sociales<\/a><\/td>\n<td width=\"223\"><a href=\"https:\/\/ens7-caba.infd.edu.ar\/aula\/archivos\/repositorio\/3250\/3276\/52_Energia_radiacion_y_vida_2018.pdf\">Energ\u00eda, radiaci\u00f3n y Vida<\/a><\/td>\n<td width=\"222\"><a href=\"https:\/\/ens7-caba.infd.edu.ar\/aula\/archivos\/repositorio\/3250\/3286\/53-54_Educacion_y_cultura_-2018.pdf\">Educaci\u00f3n y cultura<\/a><\/td>\n<td width=\"217\"><a href=\"https:\/\/ens7-caba.infd.edu.ar\/aula\/archivos\/repositorio\/3250\/3292\/EDI_5to_3ra_4ta_educacion.pdf\">Educaci\u00f3n y cultura<\/a><\/td>\n<\/tr>\n<tr>\n<td width=\"223\">\u00a0<a href=\"https:\/\/ens7-caba.infd.edu.ar\/aula\/archivos\/repositorio\/3250\/3334\/5_1_Tec_de_la_Inf_2018.pdf\">Tecnolog\u00edas de la Informaci\u00f3n\u00a0<\/a><\/td>\n<td width=\"223\"><a href=\"https:\/\/ens7-caba.infd.edu.ar\/aula\/archivos\/repositorio\/3250\/3273\/52_Quimica_alimentacion_y_salud_2018.pdf\">Qu\u00edmica, Alimentaci\u00f3n\u00a0 y salud<\/a><\/td>\n<td width=\"222\"><a href=\"https:\/\/ens7-caba.infd.edu.ar\/aula\/archivos\/repositorio\/3250\/3341\/53_54_Proyecto__2018.pdf\">Proyecto final de inv. inicial e intervenci\u00f3n educativa<\/a><\/td>\n<td width=\"217\"><a href=\"https:\/\/ens7-caba.infd.edu.ar\/aula\/archivos\/repositorio\/3250\/3341\/53_54_Proyecto__2018.pdf\">Proyecto\u00a0final de inv. inicial e intervenci\u00f3n educativa<\/a><\/td>\n<\/tr>\n<tr>\n<td width=\"223\"><a href=\"https:\/\/ens7-caba.infd.edu.ar\/aula\/archivos\/repositorio\/3250\/3329\/51_Historia_Cultural_Lat_2018.pdf\">Historia<\/a><\/td>\n<td width=\"223\"><a href=\"https:\/\/ens7-caba.infd.edu.ar\/aula\/archivos\/repositorio\/3250\/3270\/52_Problematicas_cientificas_de_impacto_social_2018.pdf\">Problem\u00e1ticas Cient\u00edficas con Impacto Social<\/a><\/td>\n<td width=\"222\"><a href=\"https:\/\/ens7-caba.infd.edu.ar\/aula\/archivos\/repositorio\/3250\/3275\/52_53_54-Tec_de_la_informacion_2018.pdf\">Tecnolog\u00edas de la Informaci\u00f3n\u00a0<\/a><\/td>\n<td width=\"217\"><a href=\"https:\/\/ens7-caba.infd.edu.ar\/aula\/archivos\/repositorio\/3250\/3275\/52_53_54-Tec_de_la_informacion_2018.pdf\">Tecnolog\u00edas de la Informaci\u00f3n\u00a0<\/a><\/td>\n<\/tr>\n<tr>\n<td width=\"223\"><a href=\"https:\/\/ens7-caba.infd.edu.ar\/aula\/archivos\/repositorio\/3250\/3281\/EDI_5to_1ra_sociales.pdf\">EDI<\/a><\/td>\n<td width=\"223\"><a href=\"https:\/\/ens7-caba.infd.edu.ar\/aula\/archivos\/repositorio\/3250\/3275\/52_53_54-Tec_de_la_informacion_2018.pdf\">Tecnolog\u00edas de la Informaci\u00f3n\u00a0<\/a><\/td>\n<td width=\"222\">\u00a0<a href=\"https:\/\/ens7-caba.infd.edu.ar\/aula\/archivos\/repositorio\/3000\/3212\/5to_3ra-4ta_Historia_Orientada__2018.pdf\">Historia<\/a><\/td>\n<td width=\"217\"><a href=\"https:\/\/ens7-caba.infd.edu.ar\/aula\/archivos\/repositorio\/3000\/3212\/5to_3ra-4ta_Historia_Orientada__2018.pdf\">Historia<\/a><\/td>\n<\/tr>\n<tr>\n<td width=\"223\"><a href=\"https:\/\/ens7-caba.infd.edu.ar\/aula\/archivos\/repositorio\/3250\/3328\/51-52_Filosofia_2018.pdf\">Filosof\u00eda<\/a><\/td>\n<td width=\"223\"><a href=\"https:\/\/ens7-caba.infd.edu.ar\/aula\/archivos\/repositorio\/3000\/3213\/5to_2da_Historia_Orientada_2018.pdf\">Historia<\/a><\/td>\n<td width=\"222\"><a href=\"https:\/\/ens7-caba.infd.edu.ar\/aula\/archivos\/repositorio\/3250\/3292\/EDI_5to_3ra_4ta_educacion.pdf\">EDI<\/a><\/td>\n<td width=\"217\"><a href=\"https:\/\/ens7-caba.infd.edu.ar\/aula\/archivos\/repositorio\/3250\/3292\/EDI_5to_3ra_4ta_educacion.pdf\">EDI<\/a><\/td>\n<\/tr>\n<tr>\n<td width=\"223\"><a href=\"https:\/\/ens7-caba.infd.edu.ar\/aula\/archivos\/repositorio\/3250\/3271\/5-Educacion_fisica-2018.pdf\">Ed. F\u00edsica<\/a><\/td>\n<td width=\"223\"><a href=\"https:\/\/ens7-caba.infd.edu.ar\/aula\/archivos\/repositorio\/3250\/3290\/EDI_5to_2da_naturales.pdf\">EDI<\/a><\/td>\n<td width=\"222\"><a href=\"https:\/\/ens7-caba.infd.edu.ar\/aula\/archivos\/repositorio\/3250\/3277\/53-54_filosofia-2018.pdf\">Filosof\u00eda<\/a><\/td>\n<td width=\"217\"><a href=\"https:\/\/ens7-caba.infd.edu.ar\/aula\/archivos\/repositorio\/3250\/3277\/53-54_filosofia-2018.pdf\">Filosof\u00eda<\/a><\/td>\n<\/tr>\n<tr>\n<td width=\"223\"><a href=\"https:\/\/ens7-caba.infd.edu.ar\/sitio\/wp-content\/uploads\/2019\/04\/51-53-54-Quimica.pdf\">Qu\u00edmica<\/a><\/td>\n<td width=\"223\"><a href=\"https:\/\/ens7-caba.infd.edu.ar\/aula\/archivos\/repositorio\/3250\/3328\/51-52_Filosofia_2018.pdf\">Filosof\u00eda<\/a><\/td>\n<td width=\"222\"><a href=\"https:\/\/ens7-caba.infd.edu.ar\/aula\/archivos\/repositorio\/3250\/3271\/5-Educacion_fisica-2018.pdf\">Ed. F\u00edsica<\/a><\/td>\n<td width=\"217\"><a href=\"https:\/\/ens7-caba.infd.edu.ar\/aula\/archivos\/repositorio\/3250\/3271\/5-Educacion_fisica-2018.pdf\">Ed. F\u00edsica<\/a><\/td>\n<\/tr>\n<tr>\n<td width=\"223\"><\/td>\n<td width=\"223\"><a href=\"https:\/\/ens7-caba.infd.edu.ar\/aula\/archivos\/repositorio\/3250\/3271\/5-Educacion_fisica-2018.pdf\">Ed. F\u00edsica<\/a><\/td>\n<td width=\"222\"><a href=\"https:\/\/ens7-caba.infd.edu.ar\/aula\/archivos\/repositorio\/3250\/3278\/53-54-educacion_y_psicologia-2018.pdf\">Educaci\u00f3n y Psicolog\u00eda<\/a><\/td>\n<td width=\"217\"><a href=\"https:\/\/ens7-caba.infd.edu.ar\/aula\/archivos\/repositorio\/3250\/3278\/53-54-educacion_y_psicologia-2018.pdf\">Educaci\u00f3n y Psicolog\u00eda<\/a><\/td>\n<\/tr>\n<tr>\n<td width=\"223\"><\/td>\n<td width=\"223\"><a href=\"https:\/\/ens7-caba.infd.edu.ar\/aula\/archivos\/repositorio\/3250\/3273\/52_Quimica_alimentacion_y_salud_2018.pdf\">Qu\u00edmica, alimentaci\u00f3n y salud<\/a><\/td>\n<td width=\"222\"><a href=\"https:\/\/ens7-caba.infd.edu.ar\/sitio\/wp-content\/uploads\/2019\/04\/51-53-54-Quimica.pdf\">Qu\u00edmica<\/a><\/td>\n<td width=\"217\"><a href=\"https:\/\/ens7-caba.infd.edu.ar\/sitio\/wp-content\/uploads\/2019\/04\/51-53-54-Quimica.pdf\">Qu\u00edmica<\/a><\/td>\n<\/tr>\n<tr>\n<td width=\"223\"><\/td>\n<td width=\"223\"><a href=\"https:\/\/ens7-caba.infd.edu.ar\/sitio\/wp-content\/uploads\/2018\/07\/52-Arte-y-Ciencia-2018.pdf\">Arte y Ciencia<\/a><\/td>\n<td width=\"222\"><\/td>\n<td width=\"217\"><\/td>\n<\/tr>\n<\/tbody>\n<\/table>\n","protected":false},"excerpt":{"rendered":"<p>&nbsp; 5\u00ba 1\u00ba\u00a0 5\u00ba 2\u00ba 5\u00ba 3\u00ba 5\u00ba 4\u00ba Matem\u00e1tica Matem\u00e1tica Matem\u00e1tica Matem\u00e1tica Lengua y Literatura Lengua y Literatura Lengua\u00a0y Literatura Lengua\u00a0y Literatura Franc\u00e9s\/Ingl\u00e9s Franc\u00e9s\/Ingl\u00e9s Franc\u00e9s\/Ingl\u00e9s Franc\u00e9s\/Ingl\u00e9s \u00a0Geograf\u00eda ambienteal y pol\u00edtica Ecolog\u00eda \u00a0Educaci\u00f3n y Globalizaci\u00f3n \u00a0Educaci\u00f3n y Globalizaci\u00f3n \u00a0Proyecto de Investigaci\u00f3n en Cs. Sociales Energ\u00eda, radiaci\u00f3n y Vida Educaci\u00f3n y cultura Educaci\u00f3n y cultura \u00a0Tecnolog\u00edas &#8230; <a title=\"Programas 5\u00b0 A\u00f1o 2018\" class=\"read-more\" href=\"https:\/\/ens7-caba.infd.edu.ar\/sitio\/programas-5-ano-2018\/\" aria-label=\"More on Programas 5\u00b0 A\u00f1o 2018\">[+]<\/a><\/p>\n","protected":false},"author":2274,"featured_media":0,"parent":0,"menu_order":0,"comment_status":"closed","ping_status":"closed","template":"","meta":[],"acf":[],"_links":{"self":[{"href":"https:\/\/ens7-caba.infd.edu.ar\/sitio\/wp-json\/wp\/v2\/pages\/1076"}],"collection":[{"href":"https:\/\/ens7-caba.infd.edu.ar\/sitio\/wp-json\/wp\/v2\/pages"}],"about":[{"href":"https:\/\/ens7-caba.infd.edu.ar\/sitio\/wp-json\/wp\/v2\/types\/page"}],"author":[{"embeddable":true,"href":"https:\/\/ens7-caba.infd.edu.ar\/sitio\/wp-json\/wp\/v2\/users\/2274"}],"replies":[{"embeddable":true,"href":"https:\/\/ens7-caba.infd.edu.ar\/sitio\/wp-json\/wp\/v2\/comments?post=1076"}],"version-history":[{"count":4,"href":"https:\/\/ens7-caba.infd.edu.ar\/sitio\/wp-json\/wp\/v2\/pages\/1076\/revisions"}],"predecessor-version":[{"id":1714,"href":"https:\/\/ens7-caba.infd.edu.ar\/sitio\/wp-json\/wp\/v2\/pages\/1076\/revisions\/1714"}],"wp:attachment":[{"href":"https:\/\/ens7-caba.infd.edu.ar\/sitio\/wp-json\/wp\/v2\/media?parent=1076"}],"curies":[{"name":"wp","href":"https:\/\/api.w.org\/{rel}","templated":true}]}}