{"id":1725,"date":"2019-04-16T10:47:25","date_gmt":"2019-04-16T13:47:25","guid":{"rendered":"https:\/\/ens7-caba.infd.edu.ar\/sitio\/?page_id=1725"},"modified":"2019-05-20T14:39:24","modified_gmt":"2019-05-20T17:39:24","slug":"programas-1-2019","status":"publish","type":"page","link":"https:\/\/ens7-caba.infd.edu.ar\/sitio\/programas-1-2019\/","title":{"rendered":"Programas 1\u00b0 A\u00f1o 2019"},"content":{"rendered":"<table id=\"table1\" style=\"width: 663px; height: 969px;\" border=\"0\">\n<tbody>\n<tr style=\"height: 20px;\">\n<td style=\"border: 1px solid #990000; width: 116px; height: 10px;\">\n<p style=\"text-align: center;\"><span data-mce-mark=\"1\"><strong>1\u00ba 1\u00ba<\/strong><\/span><\/p>\n<\/td>\n<td style=\"border: 1px solid #990000; width: 116px; height: 10px;\">\n<p style=\"text-align: center;\"><span data-mce-mark=\"1\"><strong>1\u00ba 2\u00ba<\/strong><\/span><\/p>\n<\/td>\n<td style=\"border: 1px solid #990000; width: 115px; height: 10px;\">\n<p style=\"text-align: center;\"><span data-mce-mark=\"1\"><strong>1\u00ba 3\u00ba<\/strong><\/span><\/p>\n<\/td>\n<td style=\"border: 1px solid #990000; width: 116px; height: 10px;\">\n<p style=\"text-align: center;\"><span data-mce-mark=\"1\"><strong>1\u00ba 4\u00ba<\/strong><\/span><\/p>\n<\/td>\n<\/tr>\n<tr style=\"height: 33px;\">\n<td style=\"border: 1px solid #990000; width: 116px; height: 33px;\"><a href=\"https:\/\/ens7-caba.infd.edu.ar\/aula\/archivos\/repositorio\/\/3250\/3405\/Lengua_1_1_2_3_y_4_2019.pdf\"><span data-mce-mark=\"1\">Lengua y literatura<\/span><\/a><\/td>\n<td style=\"border: 1px solid #990000; width: 116px; height: 33px;\"><a href=\"https:\/\/ens7-caba.infd.edu.ar\/aula\/archivos\/repositorio\/\/3250\/3405\/Lengua_1_1_2_3_y_4_2019.pdf\"><span data-mce-mark=\"1\">Lengua y literatura<\/span><\/a><\/td>\n<td style=\"border: 1px solid #990000; width: 115px; height: 33px;\"><a href=\"https:\/\/ens7-caba.infd.edu.ar\/aula\/archivos\/repositorio\/\/3250\/3405\/Lengua_1_1_2_3_y_4_2019.pdf\"><span data-mce-mark=\"1\">Lengua y literatura<\/span><\/a><\/td>\n<td style=\"border: 1px solid #990000; width: 116px; height: 33px;\"><a href=\"https:\/\/ens7-caba.infd.edu.ar\/aula\/archivos\/repositorio\/\/3250\/3405\/Lengua_1_1_2_3_y_4_2019.pdf\"><span data-mce-mark=\"1\">Lengua y literatura<\/span><\/a><\/td>\n<\/tr>\n<tr style=\"height: 33px;\">\n<td style=\"border: 1px solid #990000; width: 116px; height: 33px;\"><a href=\"https:\/\/ens7-caba.infd.edu.ar\/aula\/archivos\/repositorio\/\/3250\/3479\/Ingles_1ro_1ra_2019.pdf\"><span data-mce-mark=\"1\">Ingl\u00e9s<\/span><\/a><\/td>\n<td style=\"border: 1px solid #990000; width: 116px; height: 33px;\"><a href=\"https:\/\/ens7-caba.infd.edu.ar\/aula\/archivos\/repositorio\/\/3250\/3404\/Frances_12_2019.pdf\"><span data-mce-mark=\"1\">Franc\u00e9s<\/span><\/a><\/td>\n<td style=\"border: 1px solid #990000; width: 115px; height: 33px;\"><a href=\"https:\/\/ens7-caba.infd.edu.ar\/aula\/archivos\/repositorio\/\/3500\/3536\/13_Ingles-2019.pdf\">Ingl\u00e9s<\/a><\/td>\n<td style=\"border: 1px solid #990000; width: 116px; height: 33px;\"><a href=\"https:\/\/ens7-caba.infd.edu.ar\/aula\/archivos\/repositorio\/\/3250\/3411\/Frances_14_2019.pdf\">Franc\u00e9s<\/a><\/td>\n<\/tr>\n<tr style=\"height: 33.6389px;\">\n<td style=\"border: 1px solid #990000; width: 116px; height: 33.6389px;\"><a href=\"https:\/\/ens7-caba.infd.edu.ar\/aula\/archivos\/repositorio\/\/3500\/3533\/11_12_13_14_Matemarica_-2019_.pdf\"><span data-mce-mark=\"1\">Matem\u00e1tica<\/span><\/a><\/td>\n<td style=\"border: 1px solid #990000; width: 116px; height: 33.6389px;\"><a href=\"https:\/\/ens7-caba.infd.edu.ar\/aula\/archivos\/repositorio\/\/3500\/3533\/11_12_13_14_Matemarica_-2019_.pdf\"><span data-mce-mark=\"1\">Matem\u00e1tica<\/span><\/a><\/td>\n<td style=\"border: 1px solid #990000; width: 115px; height: 33.6389px;\"><a href=\"https:\/\/ens7-caba.infd.edu.ar\/aula\/archivos\/repositorio\/\/3500\/3533\/11_12_13_14_Matemarica_-2019_.pdf\"><span data-mce-mark=\"1\">Matem\u00e1tica<\/span><\/a><\/td>\n<td style=\"border: 1px solid #990000; width: 116px; height: 33.6389px;\"><a href=\"https:\/\/ens7-caba.infd.edu.ar\/aula\/archivos\/repositorio\/\/3500\/3533\/11_12_13_14_Matemarica_-2019_.pdf\"><span data-mce-mark=\"1\">Matem\u00e1tica<\/span><\/a><\/td>\n<\/tr>\n<tr style=\"height: 33px;\">\n<td style=\"border: 1px solid #990000; width: 116px; height: 33px;\"><a href=\"https:\/\/ens7-caba.infd.edu.ar\/aula\/archivos\/repositorio\/\/3500\/3535\/1ro_1-2-3y_4_Biologia-2019.pdf\"><span data-mce-mark=\"1\">Biolog\u00eda<\/span><\/a><\/td>\n<td style=\"border: 1px solid #990000; width: 116px; height: 33px;\"><a href=\"https:\/\/ens7-caba.infd.edu.ar\/aula\/archivos\/repositorio\/\/3500\/3535\/1ro_1-2-3y_4_Biologia-2019.pdf\"><span data-mce-mark=\"1\">Biolog\u00eda<\/span><\/a><\/td>\n<td style=\"border: 1px solid #990000; width: 115px; height: 33px;\"><a href=\"https:\/\/ens7-caba.infd.edu.ar\/aula\/archivos\/repositorio\/\/3500\/3535\/1ro_1-2-3y_4_Biologia-2019.pdf\"><span data-mce-mark=\"1\">Biolog\u00eda<\/span><\/a><\/td>\n<td style=\"border: 1px solid #990000; width: 116px; height: 33px;\"><a href=\"https:\/\/ens7-caba.infd.edu.ar\/aula\/archivos\/repositorio\/\/3500\/3535\/1ro_1-2-3y_4_Biologia-2019.pdf\"><span data-mce-mark=\"1\">Biolog\u00eda<\/span><\/a><\/td>\n<\/tr>\n<tr style=\"height: 33px;\">\n<td style=\"border: 1px solid #990000; width: 116px; height: 33px;\"><a href=\"https:\/\/ens7-caba.infd.edu.ar\/aula\/archivos\/repositorio\/\/3250\/3410\/Geografia_11_12_13_14_2019.pdf\"><span data-mce-mark=\"1\">Geograf\u00eda<\/span><\/a><\/td>\n<td style=\"border: 1px solid #990000; width: 116px; height: 33px;\"><a href=\"https:\/\/ens7-caba.infd.edu.ar\/aula\/archivos\/repositorio\/\/3250\/3410\/Geografia_11_12_13_14_2019.pdf\"><span data-mce-mark=\"1\">Geograf\u00eda<\/span><\/a><\/td>\n<td style=\"border: 1px solid #990000; width: 115px; height: 33px;\"><a href=\"https:\/\/ens7-caba.infd.edu.ar\/aula\/archivos\/repositorio\/\/3250\/3410\/Geografia_11_12_13_14_2019.pdf\"><span data-mce-mark=\"1\">Geograf\u00eda<\/span><\/a><\/td>\n<td style=\"border: 1px solid #990000; width: 116px; height: 33px;\"><a href=\"https:\/\/ens7-caba.infd.edu.ar\/aula\/archivos\/repositorio\/\/3250\/3410\/Geografia_11_12_13_14_2019.pdf\"><span data-mce-mark=\"1\">Geograf\u00eda<\/span><\/a><\/td>\n<\/tr>\n<tr style=\"height: 33px;\">\n<td style=\"border: 1px solid #990000; width: 116px; height: 33px;\"><a href=\"https:\/\/ens7-caba.infd.edu.ar\/aula\/archivos\/repositorio\/\/3250\/3407\/Historia__11_12_13_y_14_2019.pdf\"><span data-mce-mark=\"1\">Historia<\/span><\/a><\/td>\n<td style=\"border: 1px solid #990000; width: 116px; height: 33px;\"><a href=\"https:\/\/ens7-caba.infd.edu.ar\/aula\/archivos\/repositorio\/\/3250\/3407\/Historia__11_12_13_y_14_2019.pdf\"><span data-mce-mark=\"1\">Historia<\/span><\/a><\/td>\n<td style=\"border: 1px solid #990000; width: 115px; height: 33px;\"><a href=\"https:\/\/ens7-caba.infd.edu.ar\/aula\/archivos\/repositorio\/\/3250\/3407\/Historia__11_12_13_y_14_2019.pdf\"><span data-mce-mark=\"1\">Historia<\/span><\/a><\/td>\n<td style=\"border: 1px solid #990000; width: 116px; height: 33px;\"><a href=\"https:\/\/ens7-caba.infd.edu.ar\/aula\/archivos\/repositorio\/\/3250\/3407\/Historia__11_12_13_y_14_2019.pdf\"><span data-mce-mark=\"1\">Historia<\/span><\/a><\/td>\n<\/tr>\n<tr style=\"height: 46px;\">\n<td style=\"border: 1px solid #990000; width: 116px; height: 46px;\"><a href=\"https:\/\/ens7-caba.infd.edu.ar\/aula\/archivos\/repositorio\/\/3250\/3412\/Educacion_Ciudadana_11_12_13_y_14_2019.pdf\"><span data-mce-mark=\"1\">Educaci\u00f3n Ciudadana<\/span><\/a><\/td>\n<td style=\"border: 1px solid #990000; width: 116px; height: 46px;\"><a href=\"https:\/\/ens7-caba.infd.edu.ar\/aula\/archivos\/repositorio\/\/3250\/3412\/Educacion_Ciudadana_11_12_13_y_14_2019.pdf\"><span data-mce-mark=\"1\">Educaci\u00f3n Ciudadana<\/span><\/a><\/td>\n<td style=\"border: 1px solid #990000; width: 115px; height: 46px;\"><a href=\"https:\/\/ens7-caba.infd.edu.ar\/aula\/archivos\/repositorio\/\/3250\/3412\/Educacion_Ciudadana_11_12_13_y_14_2019.pdf\"><span data-mce-mark=\"1\">Educaci\u00f3n Ciudadana<\/span><\/a><\/td>\n<td style=\"border: 1px solid #990000; width: 116px; height: 46px;\"><a href=\"https:\/\/ens7-caba.infd.edu.ar\/aula\/archivos\/repositorio\/\/3250\/3412\/Educacion_Ciudadana_11_12_13_y_14_2019.pdf\"><span data-mce-mark=\"1\">Educaci\u00f3n Ciudadana<\/span><\/a><\/td>\n<\/tr>\n<tr style=\"height: 33px;\">\n<td style=\"border: 1px solid #990000; width: 116px; height: 33px;\"><a href=\"https:\/\/ens7-caba.infd.edu.ar\/aula\/archivos\/repositorio\/\/3250\/3408\/Musica_1ros_2019.pdf\"><span data-mce-mark=\"1\">Artes-M\u00fasica<\/span><\/a><\/td>\n<td style=\"border: 1px solid #990000; width: 116px; height: 33px;\"><a href=\"https:\/\/ens7-caba.infd.edu.ar\/aula\/archivos\/repositorio\/\/3250\/3408\/Musica_1ros_2019.pdf\"><span data-mce-mark=\"1\">Artes-M\u00fasica<\/span><\/a><\/td>\n<td style=\"border: 1px solid #990000; width: 115px; height: 33px;\"><a href=\"https:\/\/ens7-caba.infd.edu.ar\/aula\/archivos\/repositorio\/\/3250\/3408\/Musica_1ros_2019.pdf\"><span data-mce-mark=\"1\">Artes-M\u00fasica<\/span><\/a><\/td>\n<td style=\"border: 1px solid #990000; width: 116px; height: 33px;\"><a href=\"https:\/\/ens7-caba.infd.edu.ar\/aula\/archivos\/repositorio\/\/3250\/3408\/Musica_1ros_2019.pdf\"><span data-mce-mark=\"1\">Artes-M\u00fasica<\/span><\/a><\/td>\n<\/tr>\n<tr style=\"height: 33px;\">\n<td style=\"border: 1px solid #990000; width: 116px; height: 33px;\"><a href=\"https:\/\/ens7-caba.infd.edu.ar\/aula\/archivos\/repositorio\/\/3250\/3406\/Artes_Visuales_1ro_2019.pdf\"><span data-mce-mark=\"1\">Artes Visuales<\/span><\/a><\/td>\n<td style=\"border: 1px solid #990000; width: 116px; height: 33px;\"><a href=\"https:\/\/ens7-caba.infd.edu.ar\/aula\/archivos\/repositorio\/\/3250\/3406\/Artes_Visuales_1ro_2019.pdf\">Artes Visuales<\/a><\/td>\n<td style=\"border: 1px solid #990000; width: 115px; height: 33px;\"><a href=\"https:\/\/ens7-caba.infd.edu.ar\/aula\/archivos\/repositorio\/\/3250\/3406\/Artes_Visuales_1ro_2019.pdf\">Artes Visuales<\/a><\/td>\n<td style=\"border: 1px solid #990000; width: 116px; height: 33px;\"><a href=\"https:\/\/ens7-caba.infd.edu.ar\/aula\/archivos\/repositorio\/\/3250\/3406\/Artes_Visuales_1ro_2019.pdf\">Artes Visuales<\/a><\/td>\n<\/tr>\n<tr style=\"height: 33px;\">\n<td style=\"border: 1px solid #990000; width: 116px; height: 33px;\"><a href=\"https:\/\/ens7-caba.infd.edu.ar\/aula\/archivos\/repositorio\/\/3250\/3403\/Educacion_Tecnologica_11_12_13_14_2019.pdf\"><span data-mce-mark=\"1\">Ed. Tecnol\u00f3gica<\/span><\/a><\/td>\n<td style=\"border: 1px solid #990000; width: 116px; height: 33px;\"><a href=\"https:\/\/ens7-caba.infd.edu.ar\/aula\/archivos\/repositorio\/\/3250\/3403\/Educacion_Tecnologica_11_12_13_14_2019.pdf\"><span data-mce-mark=\"1\">Ed. Tecnol\u00f3gica<\/span><\/a><\/td>\n<td style=\"border: 1px solid #990000; width: 115px; height: 33px;\"><a href=\"https:\/\/ens7-caba.infd.edu.ar\/aula\/archivos\/repositorio\/\/3250\/3403\/Educacion_Tecnologica_11_12_13_14_2019.pdf\"><span data-mce-mark=\"1\">Educ. Tecnol\u00f3gica<\/span><\/a><\/td>\n<td style=\"border: 1px solid #990000; width: 116px; height: 33px;\"><a href=\"https:\/\/ens7-caba.infd.edu.ar\/aula\/archivos\/repositorio\/\/3250\/3403\/Educacion_Tecnologica_11_12_13_14_2019.pdf\"><span data-mce-mark=\"1\">Educ. Tecnol\u00f3gica<\/span><\/a><\/td>\n<\/tr>\n<tr style=\"height: 33px;\">\n<td style=\"border: 1px solid #990000; width: 116px; height: 33px;\"><a href=\"https:\/\/ens7-caba.infd.edu.ar\/aula\/archivos\/repositorio\/\/3250\/3409\/Ed_Fisica_1ro_2019.pdf\">Ed. F\u00edsica<\/a><\/td>\n<td style=\"border: 1px solid #990000; width: 116px; height: 33px;\"><a href=\"https:\/\/ens7-caba.infd.edu.ar\/aula\/archivos\/repositorio\/\/3250\/3409\/Ed_Fisica_1ro_2019.pdf\">Ed. F\u00edsica<\/a><\/td>\n<td style=\"border: 1px solid #990000; width: 115px; height: 33px;\"><a href=\"https:\/\/ens7-caba.infd.edu.ar\/aula\/archivos\/repositorio\/\/3250\/3409\/Ed_Fisica_1ro_2019.pdf\">Ed. F\u00edsica<\/a><\/td>\n<td style=\"border: 1px solid #990000; width: 116px; height: 33px;\"><a href=\"https:\/\/ens7-caba.infd.edu.ar\/aula\/archivos\/repositorio\/\/3250\/3409\/Ed_Fisica_1ro_2019.pdf\">Ed. F\u00edsica<\/a><\/td>\n<\/tr>\n<tr style=\"height: 33px;\">\n<td style=\"border: 1px solid #990000; width: 116px; height: 33px;\"><a href=\"https:\/\/ens7-caba.infd.edu.ar\/aula\/archivos\/repositorio\/\/3500\/3537\/EDI_1_an_o.docx.pdf\">EDI<\/a><\/td>\n<td style=\"border: 1px solid #990000; width: 116px; height: 33px;\"><a href=\"https:\/\/ens7-caba.infd.edu.ar\/aula\/archivos\/repositorio\/\/3500\/3537\/EDI_1_an_o.docx.pdf\">EDI<\/a><\/td>\n<td style=\"border: 1px solid #990000; width: 115px; height: 33px;\"><a href=\"https:\/\/ens7-caba.infd.edu.ar\/aula\/archivos\/repositorio\/\/3500\/3537\/EDI_1_an_o.docx.pdf\">EDI<\/a><\/td>\n<td style=\"border: 1px solid #990000; width: 116px; height: 33px;\"><a href=\"https:\/\/ens7-caba.infd.edu.ar\/aula\/archivos\/repositorio\/\/3500\/3537\/EDI_1_an_o.docx.pdf\">EDI<\/a><\/td>\n<\/tr>\n<\/tbody>\n<\/table>\n","protected":false},"excerpt":{"rendered":"<p>1\u00ba 1\u00ba 1\u00ba 2\u00ba 1\u00ba 3\u00ba 1\u00ba 4\u00ba Lengua y literatura Lengua y literatura Lengua y literatura Lengua y literatura Ingl\u00e9s Franc\u00e9s Ingl\u00e9s Franc\u00e9s Matem\u00e1tica Matem\u00e1tica Matem\u00e1tica Matem\u00e1tica Biolog\u00eda Biolog\u00eda Biolog\u00eda Biolog\u00eda Geograf\u00eda Geograf\u00eda Geograf\u00eda Geograf\u00eda Historia Historia Historia Historia Educaci\u00f3n Ciudadana Educaci\u00f3n Ciudadana Educaci\u00f3n Ciudadana Educaci\u00f3n Ciudadana Artes-M\u00fasica Artes-M\u00fasica Artes-M\u00fasica Artes-M\u00fasica Artes Visuales Artes &#8230; <a title=\"Programas 1\u00b0 A\u00f1o 2019\" class=\"read-more\" href=\"https:\/\/ens7-caba.infd.edu.ar\/sitio\/programas-1-2019\/\" aria-label=\"More on Programas 1\u00b0 A\u00f1o 2019\">[+]<\/a><\/p>\n","protected":false},"author":2274,"featured_media":0,"parent":0,"menu_order":0,"comment_status":"closed","ping_status":"closed","template":"","meta":[],"acf":[],"_links":{"self":[{"href":"https:\/\/ens7-caba.infd.edu.ar\/sitio\/wp-json\/wp\/v2\/pages\/1725"}],"collection":[{"href":"https:\/\/ens7-caba.infd.edu.ar\/sitio\/wp-json\/wp\/v2\/pages"}],"about":[{"href":"https:\/\/ens7-caba.infd.edu.ar\/sitio\/wp-json\/wp\/v2\/types\/page"}],"author":[{"embeddable":true,"href":"https:\/\/ens7-caba.infd.edu.ar\/sitio\/wp-json\/wp\/v2\/users\/2274"}],"replies":[{"embeddable":true,"href":"https:\/\/ens7-caba.infd.edu.ar\/sitio\/wp-json\/wp\/v2\/comments?post=1725"}],"version-history":[{"count":12,"href":"https:\/\/ens7-caba.infd.edu.ar\/sitio\/wp-json\/wp\/v2\/pages\/1725\/revisions"}],"predecessor-version":[{"id":1821,"href":"https:\/\/ens7-caba.infd.edu.ar\/sitio\/wp-json\/wp\/v2\/pages\/1725\/revisions\/1821"}],"wp:attachment":[{"href":"https:\/\/ens7-caba.infd.edu.ar\/sitio\/wp-json\/wp\/v2\/media?parent=1725"}],"curies":[{"name":"wp","href":"https:\/\/api.w.org\/{rel}","templated":true}]}}