{"id":1730,"date":"2019-04-16T11:13:29","date_gmt":"2019-04-16T14:13:29","guid":{"rendered":"https:\/\/ens7-caba.infd.edu.ar\/sitio\/?page_id=1730"},"modified":"2019-05-26T22:58:21","modified_gmt":"2019-05-27T01:58:21","slug":"programas-3-ano-2019","status":"publish","type":"page","link":"https:\/\/ens7-caba.infd.edu.ar\/sitio\/programas-3-ano-2019\/","title":{"rendered":"Programas 3\u00b0 A\u00f1o 2019"},"content":{"rendered":"<table id=\"table1\" style=\"width: 650px; height: 700px;\" border=\"0\">\n<tbody>\n<tr>\n<td style=\"border: 1px solid #990000; width: 106px;\">\n<p style=\"text-align: center;\"><strong>3\u00ba 1\u00ba<\/strong><\/p>\n<\/td>\n<td style=\"border: 1px solid #990000; width: 117px;\">\n<p style=\"text-align: center;\"><strong>3\u00ba 2\u00ba<\/strong><\/p>\n<\/td>\n<td style=\"border: 1px solid #990000; width: 106px;\">\n<p style=\"text-align: center;\"><strong>3\u00ba 3\u00ba<\/strong><\/p>\n<\/td>\n<td style=\"border: 1px solid #990000; width: 111px;\">\n<p style=\"text-align: center;\"><strong>3\u00ba 4\u00ba<\/strong><\/p>\n<\/td>\n<\/tr>\n<tr>\n<td style=\"border: 1px solid #990000; width: 151px;\">\n<p style=\"text-align: center;\"><a href=\"https:\/\/ens7-caba.infd.edu.ar\/aula\/archivos\/repositorio\/\/3250\/3432\/31323334-Lengua-2019.pdf\">Lengua y literatura<\/a><\/p>\n<\/td>\n<td style=\"border: 1px solid #990000; width: 117px; text-align: center;\"><a href=\"https:\/\/ens7-caba.infd.edu.ar\/aula\/archivos\/repositorio\/\/3250\/3432\/31323334-Lengua-2019.pdf\">Lengua y literatura<\/a><\/td>\n<td style=\"border: 1px solid #990000; width: 106px; text-align: center;\"><a href=\"https:\/\/ens7-caba.infd.edu.ar\/aula\/archivos\/repositorio\/\/3250\/3432\/31323334-Lengua-2019.pdf\">Lengua y literatura<\/a><\/td>\n<td style=\"border: 1px solid #990000; width: 111px; text-align: center;\"><a href=\"https:\/\/ens7-caba.infd.edu.ar\/aula\/archivos\/repositorio\/\/3250\/3432\/31323334-Lengua-2019.pdf\">Lengua y literatura<\/a><\/td>\n<\/tr>\n<tr>\n<td style=\"border: 1px solid #990000; width: 151px;\">\n<p style=\"text-align: center;\"><a href=\"https:\/\/ens7-caba.infd.edu.ar\/aula\/archivos\/repositorio\/\/3250\/3433\/31-32-33-34-Ingles-2019.pdf\">Ingl\u00e9s<\/a>\u00a0\/\u00a0<a href=\"https:\/\/ens7-caba.infd.edu.ar\/aula\/archivos\/repositorio\/\/3250\/3429\/313334_FRANCES-2019.pdf\">Franc\u00e9s<\/a><\/p>\n<\/td>\n<td style=\"border: 1px solid #990000; width: 117px; text-align: center;\"><a href=\"https:\/\/ens7-caba.infd.edu.ar\/aula\/archivos\/repositorio\/\/3250\/3433\/31-32-33-34-Ingles-2019.pdf\">Ingl\u00e9s<\/a>\u00a0\/\u00a0<a href=\"https:\/\/ens7-caba.infd.edu.ar\/aula\/archivos\/repositorio\/\/3500\/3548\/32_frances_2019.pdf\">Franc\u00e9s<\/a><\/td>\n<td style=\"border: 1px solid #990000; width: 106px; text-align: center;\"><a href=\"https:\/\/ens7-caba.infd.edu.ar\/aula\/archivos\/repositorio\/\/3250\/3433\/31-32-33-34-Ingles-2019.pdf\">Ingl\u00e9s<\/a>\u00a0\/\u00a0<a href=\"https:\/\/ens7-caba.infd.edu.ar\/aula\/archivos\/repositorio\/\/3250\/3429\/313334_FRANCES-2019.pdf\">Franc\u00e9s<\/a><\/td>\n<td style=\"border: 1px solid #990000; width: 111px;\">\n<p style=\"text-align: center;\"><a href=\"https:\/\/ens7-caba.infd.edu.ar\/aula\/archivos\/repositorio\/\/3250\/3433\/31-32-33-34-Ingles-2019.pdf\">Ingl\u00e9s<\/a>\u00a0\/\u00a0<a href=\"https:\/\/ens7-caba.infd.edu.ar\/aula\/archivos\/repositorio\/\/3250\/3429\/313334_FRANCES-2019.pdf\">Franc\u00e9s<\/a><\/p>\n<\/td>\n<\/tr>\n<tr>\n<td style=\"border: 1px solid #990000; width: 151px;\">\n<p style=\"text-align: center;\"><a href=\"https:\/\/ens7-caba.infd.edu.ar\/aula\/archivos\/repositorio\/\/3250\/3491\/31323334_Matematica-2019.pdf\">Matem\u00e1tica<\/a><\/p>\n<\/td>\n<td style=\"border: 1px solid #990000; width: 117px; text-align: center;\"><a href=\"https:\/\/ens7-caba.infd.edu.ar\/aula\/archivos\/repositorio\/\/3250\/3491\/31323334_Matematica-2019.pdf\">Matem\u00e1tica<\/a><\/td>\n<td style=\"border: 1px solid #990000; width: 106px; text-align: center;\"><a href=\"https:\/\/ens7-caba.infd.edu.ar\/aula\/archivos\/repositorio\/\/3250\/3491\/31323334_Matematica-2019.pdf\">Matem\u00e1tica<\/a><\/td>\n<td style=\"border: 1px solid #990000; width: 111px;\">\n<p style=\"text-align: center;\"><a href=\"https:\/\/ens7-caba.infd.edu.ar\/aula\/archivos\/repositorio\/\/3250\/3491\/31323334_Matematica-2019.pdf\">Matem\u00e1tica<\/a><\/p>\n<\/td>\n<\/tr>\n<tr>\n<td style=\"border: 1px solid #990000; width: 151px;\">\n<p style=\"text-align: center;\"><a href=\"https:\/\/ens7-caba.infd.edu.ar\/aula\/archivos\/repositorio\/\/3250\/3484\/31323334_biologia-2019.pdf\">Biolog\u00eda<\/a><\/p>\n<\/td>\n<td style=\"border: 1px solid #990000; width: 117px; text-align: center;\"><a href=\"https:\/\/ens7-caba.infd.edu.ar\/aula\/archivos\/repositorio\/\/3250\/3484\/31323334_biologia-2019.pdf\">Biolog\u00eda<\/a><\/td>\n<td style=\"border: 1px solid #990000; width: 106px; text-align: center;\"><a href=\"https:\/\/ens7-caba.infd.edu.ar\/aula\/archivos\/repositorio\/\/3250\/3484\/31323334_biologia-2019.pdf\">Biolog\u00eda<\/a><\/td>\n<td style=\"border: 1px solid #990000; width: 111px; text-align: center;\"><a href=\"https:\/\/ens7-caba.infd.edu.ar\/aula\/archivos\/repositorio\/\/3250\/3484\/31323334_biologia-2019.pdf\">Biolog\u00eda<\/a><\/td>\n<\/tr>\n<tr>\n<td style=\"border: 1px solid #990000; width: 151px;\">\n<p style=\"text-align: center;\">Geograf\u00eda<\/p>\n<\/td>\n<td style=\"border: 1px solid #990000; width: 117px; text-align: center;\"><a href=\"https:\/\/ens7-caba.infd.edu.ar\/aula\/archivos\/repositorio\/\/3250\/3490\/32-33-34_Geografia_2019.pdf\">Geograf\u00eda<\/a><\/td>\n<td style=\"border: 1px solid #990000; width: 106px; text-align: center;\"><a href=\"https:\/\/ens7-caba.infd.edu.ar\/aula\/archivos\/repositorio\/\/3250\/3490\/32-33-34_Geografia_2019.pdf\">Geograf\u00eda<\/a><\/td>\n<td style=\"border: 1px solid #990000; width: 111px;\">\n<p style=\"text-align: center;\"><a href=\"https:\/\/ens7-caba.infd.edu.ar\/aula\/archivos\/repositorio\/\/3250\/3490\/32-33-34_Geografia_2019.pdf\">Geograf\u00eda<\/a><\/p>\n<\/td>\n<\/tr>\n<tr>\n<td style=\"border: 1px solid #990000; width: 151px; text-align: center;\"><a href=\"https:\/\/ens7-caba.infd.edu.ar\/aula\/archivos\/repositorio\/\/3250\/3434\/31-32-33-34_Historia-2019.pdf\">Historia<\/a><\/td>\n<td style=\"border: 1px solid #990000; width: 117px; text-align: center;\"><a href=\"https:\/\/ens7-caba.infd.edu.ar\/aula\/archivos\/repositorio\/\/3250\/3434\/31-32-33-34_Historia-2019.pdf\">Historia<\/a><\/td>\n<td style=\"border: 1px solid #990000; width: 106px; text-align: center;\"><a href=\"https:\/\/ens7-caba.infd.edu.ar\/aula\/archivos\/repositorio\/\/3250\/3434\/31-32-33-34_Historia-2019.pdf\">Historia<\/a><\/td>\n<td style=\"border: 1px solid #990000; width: 111px;\">\n<p style=\"text-align: center;\"><a href=\"https:\/\/ens7-caba.infd.edu.ar\/aula\/archivos\/repositorio\/\/3250\/3434\/31-32-33-34_Historia-2019.pdf\">Historia<\/a><\/p>\n<\/td>\n<\/tr>\n<tr>\n<td style=\"border: 1px solid #990000; width: 151px;\">\n<p style=\"text-align: center;\"><a href=\"https:\/\/ens7-caba.infd.edu.ar\/aula\/archivos\/repositorio\/\/3250\/3431\/31323334-FORM-ETICA-CIUDADANA-2019.pdf\">Formaci\u00f3n \u00c9tica y\u00a0Ciudadana<\/a><\/p>\n<\/td>\n<td style=\"border: 1px solid #990000; width: 117px;\">\n<p style=\"text-align: center;\"><a href=\"https:\/\/ens7-caba.infd.edu.ar\/aula\/archivos\/repositorio\/\/3250\/3431\/31323334-FORM-ETICA-CIUDADANA-2019.pdf\">Formaci\u00f3n \u00c9tica y Ciudadana<\/a><\/p>\n<\/td>\n<td style=\"border: 1px solid #990000; width: 106px;\"><a href=\"https:\/\/ens7-caba.infd.edu.ar\/aula\/archivos\/repositorio\/\/3250\/3431\/31323334-FORM-ETICA-CIUDADANA-2019.pdf\">Formaci\u00f3n \u00c9tica y Ciudadana<\/a><\/td>\n<td style=\"border: 1px solid #990000; width: 111px;\"><a href=\"https:\/\/ens7-caba.infd.edu.ar\/aula\/archivos\/repositorio\/\/3250\/3431\/31323334-FORM-ETICA-CIUDADANA-2019.pdf\">Formaci\u00f3n \u00c9tica y Ciudadana<\/a><\/td>\n<\/tr>\n<tr>\n<td style=\"border: 1px solid #990000; width: 151px;\">\n<p style=\"text-align: center;\"><a href=\"https:\/\/ens7-caba.infd.edu.ar\/aula\/archivos\/repositorio\/\/3250\/3426\/31_32_33_34_Fisicoquimica-2019_.pdf\">F\u00edsico-Qu\u00edmica<\/a><\/p>\n<\/td>\n<td style=\"border: 1px solid #990000; width: 117px; text-align: center;\"><a href=\"https:\/\/ens7-caba.infd.edu.ar\/aula\/archivos\/repositorio\/\/3250\/3426\/31_32_33_34_Fisicoquimica-2019_.pdf\">F\u00edsico-Qu\u00edmica<\/a><\/td>\n<td style=\"border: 1px solid #990000; width: 106px; text-align: center;\"><a href=\"https:\/\/ens7-caba.infd.edu.ar\/aula\/archivos\/repositorio\/\/3250\/3426\/31_32_33_34_Fisicoquimica-2019_.pdf\">F\u00edsico-Qu\u00edmica<\/a><\/td>\n<td style=\"border: 1px solid #990000; width: 111px; text-align: center;\"><a href=\"https:\/\/ens7-caba.infd.edu.ar\/aula\/archivos\/repositorio\/\/3250\/3426\/31_32_33_34_Fisicoquimica-2019_.pdf\">F\u00edsico-Qu\u00edmica<\/a><\/td>\n<\/tr>\n<tr>\n<td style=\"border: 1px solid #990000; width: 151px;\">\n<p style=\"text-align: center;\"><a href=\"https:\/\/ens7-caba.infd.edu.ar\/aula\/archivos\/repositorio\/\/3250\/3428\/31-ECONOMIA-2019.pdf\">Econom\u00eda<\/a><\/p>\n<\/td>\n<td style=\"border: 1px solid #990000; width: 117px; text-align: center;\"><a href=\"https:\/\/ens7-caba.infd.edu.ar\/aula\/archivos\/repositorio\/\/3250\/3481\/32_Economia-2019.pdf\">Econom\u00eda<\/a><\/td>\n<td style=\"border: 1px solid #990000; width: 106px; text-align: center;\">Econom\u00eda<\/td>\n<td style=\"border: 1px solid #990000; width: 111px; text-align: center;\"><a href=\"https:\/\/ens7-caba.infd.edu.ar\/aula\/archivos\/repositorio\/\/3250\/3494\/34_economia-2019.pdf\">Econom\u00eda<\/a><\/td>\n<\/tr>\n<tr>\n<td style=\"border: 1px solid #990000; width: 151px; text-align: center;\"><a href=\"https:\/\/ens7-caba.infd.edu.ar\/aula\/archivos\/repositorio\/\/3500\/3543\/EDI_3_an_o_Sociales.pdf\">EDI<\/a><\/td>\n<td style=\"border: 1px solid #990000; width: 117px; text-align: center;\"><a href=\"https:\/\/ens7-caba.infd.edu.ar\/aula\/archivos\/repositorio\/\/3500\/3544\/EDI_3_2da_3ra_4ta-2019.pdf\">EDI<\/a><\/td>\n<td style=\"border: 1px solid #990000; width: 106px; text-align: center;\"><a href=\"https:\/\/ens7-caba.infd.edu.ar\/aula\/archivos\/repositorio\/\/3500\/3544\/EDI_3_2da_3ra_4ta-2019.pdf\">EDI<\/a><\/td>\n<td style=\"border: 1px solid #990000; width: 111px;\">\n<p style=\"text-align: center;\"><a href=\"https:\/\/ens7-caba.infd.edu.ar\/aula\/archivos\/repositorio\/\/3500\/3544\/EDI_3_2da_3ra_4ta-2019.pdf\">EDI<\/a><\/p>\n<\/td>\n<\/tr>\n<tr>\n<td style=\"border: 1px solid #990000; width: 151px; text-align: center;\"><a href=\"https:\/\/ens7-caba.infd.edu.ar\/aula\/archivos\/repositorio\/\/3250\/3435\/Ed_Fisica_3ro_2019.pdf\">Ed. F\u00edsica<\/a><\/td>\n<td style=\"border: 1px solid #990000; width: 117px; text-align: center;\"><a href=\"https:\/\/ens7-caba.infd.edu.ar\/aula\/archivos\/repositorio\/\/3250\/3435\/Ed_Fisica_3ro_2019.pdf\">Ed. F\u00edsica<\/a><\/td>\n<td style=\"border: 1px solid #990000; width: 106px; text-align: center;\"><a href=\"https:\/\/ens7-caba.infd.edu.ar\/aula\/archivos\/repositorio\/\/3250\/3435\/Ed_Fisica_3ro_2019.pdf\">Ed. F\u00edsica<\/a><\/td>\n<td style=\"border: 1px solid #990000; width: 111px;\">\n<p style=\"text-align: center;\"><a href=\"https:\/\/ens7-caba.infd.edu.ar\/aula\/archivos\/repositorio\/\/3250\/3435\/Ed_Fisica_3ro_2019.pdf\">Ed. F\u00edsica<\/a><\/p>\n<\/td>\n<\/tr>\n<tr>\n<td style=\"border: 1px solid #990000; width: 151px; text-align: center;\"><a href=\"https:\/\/ens7-caba.infd.edu.ar\/aula\/archivos\/repositorio\/\/3250\/3427\/31_32_Tec_de_la_informacion_2019.pdf\">Tecnolog\u00edas de la\u00a0 informaci\u00f3n<\/a><\/td>\n<td style=\"border: 1px solid #990000; width: 117px; text-align: center;\"><a href=\"https:\/\/ens7-caba.infd.edu.ar\/aula\/archivos\/repositorio\/\/3250\/3427\/31_32_Tec_de_la_informacion_2019.pdf\">Tecnolog\u00edas de la informaci\u00f3n<\/a><\/td>\n<td style=\"border: 1px solid #990000; width: 106px; text-align: center;\"><a href=\"https:\/\/ens7-caba.infd.edu.ar\/aula\/archivos\/repositorio\/\/3250\/3486\/33.34_tec_dela_info-2019.pdf\">Tecnolog\u00edas de la informaci\u00f3n<\/a><\/td>\n<td style=\"border: 1px solid #990000; width: 111px; text-align: center;\"><a href=\"https:\/\/ens7-caba.infd.edu.ar\/aula\/archivos\/repositorio\/\/3250\/3486\/33.34_tec_dela_info-2019.pdf\">Tecnolog\u00edas de la informaci\u00f3n<\/a><\/td>\n<\/tr>\n<tr>\n<td style=\"border: 1px solid #990000; width: 151px; text-align: center;\"><a href=\"https:\/\/ens7-caba.infd.edu.ar\/aula\/archivos\/repositorio\/\/3250\/3430\/31_Introduccion_a_las_ciencias_sociales-2019.pdf\">Introducci\u00f3n a las Cs. Sociales y\u00a0Humanidades<\/a><\/td>\n<td style=\"border: 1px solid #990000; width: 117px; text-align: center;\"><a href=\"https:\/\/ens7-caba.infd.edu.ar\/aula\/archivos\/repositorio\/\/3250\/3482\/3-2da-HIstoria_de_la_vida_y_de_la_Tierra-2019.pdf\">Historia de la vida y de la Tierra<\/a><\/td>\n<td style=\"border: 1px solid #990000; width: 106px; text-align: center;\"><a href=\"https:\/\/ens7-caba.infd.edu.ar\/aula\/archivos\/repositorio\/\/3250\/3493\/3334-Educacion-y-Sociedad-2019.pdf\">Educaci\u00f3n y Sociedad<\/a><\/td>\n<td style=\"border: 1px solid #990000; width: 111px; text-align: center;\"><a href=\"https:\/\/ens7-caba.infd.edu.ar\/aula\/archivos\/repositorio\/\/3250\/3493\/3334-Educacion-y-Sociedad-2019.pdf\">Educaci\u00f3n y Sociedad<\/a><\/td>\n<\/tr>\n<\/tbody>\n<\/table>\n","protected":false},"excerpt":{"rendered":"<p>3\u00ba 1\u00ba 3\u00ba 2\u00ba 3\u00ba 3\u00ba 3\u00ba 4\u00ba Lengua y literatura Lengua y literatura Lengua y literatura Lengua y literatura Ingl\u00e9s\u00a0\/\u00a0Franc\u00e9s Ingl\u00e9s\u00a0\/\u00a0Franc\u00e9s Ingl\u00e9s\u00a0\/\u00a0Franc\u00e9s Ingl\u00e9s\u00a0\/\u00a0Franc\u00e9s Matem\u00e1tica Matem\u00e1tica Matem\u00e1tica Matem\u00e1tica Biolog\u00eda Biolog\u00eda Biolog\u00eda Biolog\u00eda Geograf\u00eda Geograf\u00eda Geograf\u00eda Geograf\u00eda Historia Historia Historia Historia Formaci\u00f3n \u00c9tica y\u00a0Ciudadana Formaci\u00f3n \u00c9tica y Ciudadana Formaci\u00f3n \u00c9tica y Ciudadana Formaci\u00f3n \u00c9tica y Ciudadana &#8230; <a title=\"Programas 3\u00b0 A\u00f1o 2019\" class=\"read-more\" href=\"https:\/\/ens7-caba.infd.edu.ar\/sitio\/programas-3-ano-2019\/\" aria-label=\"More on Programas 3\u00b0 A\u00f1o 2019\">[+]<\/a><\/p>\n","protected":false},"author":2274,"featured_media":0,"parent":0,"menu_order":0,"comment_status":"closed","ping_status":"closed","template":"","meta":[],"acf":[],"_links":{"self":[{"href":"https:\/\/ens7-caba.infd.edu.ar\/sitio\/wp-json\/wp\/v2\/pages\/1730"}],"collection":[{"href":"https:\/\/ens7-caba.infd.edu.ar\/sitio\/wp-json\/wp\/v2\/pages"}],"about":[{"href":"https:\/\/ens7-caba.infd.edu.ar\/sitio\/wp-json\/wp\/v2\/types\/page"}],"author":[{"embeddable":true,"href":"https:\/\/ens7-caba.infd.edu.ar\/sitio\/wp-json\/wp\/v2\/users\/2274"}],"replies":[{"embeddable":true,"href":"https:\/\/ens7-caba.infd.edu.ar\/sitio\/wp-json\/wp\/v2\/comments?post=1730"}],"version-history":[{"count":11,"href":"https:\/\/ens7-caba.infd.edu.ar\/sitio\/wp-json\/wp\/v2\/pages\/1730\/revisions"}],"predecessor-version":[{"id":1829,"href":"https:\/\/ens7-caba.infd.edu.ar\/sitio\/wp-json\/wp\/v2\/pages\/1730\/revisions\/1829"}],"wp:attachment":[{"href":"https:\/\/ens7-caba.infd.edu.ar\/sitio\/wp-json\/wp\/v2\/media?parent=1730"}],"curies":[{"name":"wp","href":"https:\/\/api.w.org\/{rel}","templated":true}]}}