{"id":1734,"date":"2019-04-21T22:51:23","date_gmt":"2019-04-22T01:51:23","guid":{"rendered":"https:\/\/ens7-caba.infd.edu.ar\/sitio\/?page_id=1734"},"modified":"2019-08-04T19:17:08","modified_gmt":"2019-08-04T22:17:08","slug":"programas-5to-ano-2019","status":"publish","type":"page","link":"https:\/\/ens7-caba.infd.edu.ar\/sitio\/programas-5to-ano-2019\/","title":{"rendered":"Programas 5to A\u00f1o 2019"},"content":{"rendered":"<p>&nbsp;<\/p>\n<table width=\"600\">\n<tbody>\n<tr>\n<td width=\"155\">\n<p style=\"text-align: center;\"><strong>5\u00ba 1\u00ba\u00a0<\/strong><\/p>\n<\/td>\n<td style=\"text-align: center;\" width=\"155\"><strong>5\u00ba 2\u00ba<\/strong><\/td>\n<td style=\"text-align: center;\" width=\"155\"><strong>5\u00ba 3\u00ba<\/strong><\/td>\n<td width=\"155\">\n<p style=\"text-align: center;\"><strong>5\u00ba 4\u00ba<\/strong><\/p>\n<\/td>\n<\/tr>\n<tr>\n<td style=\"text-align: center;\" width=\"223\"><a href=\"https:\/\/ens7-caba.infd.edu.ar\/aula\/archivos\/repositorio\/\/3500\/3521\/51525354_Matematica-2019.pdf\">Matem\u00e1tica<\/a><\/td>\n<td style=\"text-align: center;\" width=\"223\"><a href=\"https:\/\/ens7-caba.infd.edu.ar\/aula\/archivos\/repositorio\/\/3500\/3521\/51525354_Matematica-2019.pdf\">Matem\u00e1tica<\/a><\/td>\n<td style=\"text-align: center;\" width=\"222\"><a href=\"https:\/\/ens7-caba.infd.edu.ar\/aula\/archivos\/repositorio\/\/3500\/3521\/51525354_Matematica-2019.pdf\">Matem\u00e1tica<\/a><\/td>\n<td style=\"text-align: center;\" width=\"217\"><a href=\"https:\/\/ens7-caba.infd.edu.ar\/aula\/archivos\/repositorio\/\/3500\/3521\/51525354_Matematica-2019.pdf\">Matem\u00e1tica<\/a><\/td>\n<\/tr>\n<tr>\n<td style=\"text-align: center;\" width=\"223\"><a href=\"https:\/\/ens7-caba.infd.edu.ar\/aula\/archivos\/repositorio\/\/3250\/3453\/51525354_LITERATURA-2019.pdf\">Lengua y Literatura<\/a><\/td>\n<td style=\"text-align: center;\" width=\"223\"><a href=\"https:\/\/ens7-caba.infd.edu.ar\/aula\/archivos\/repositorio\/\/3250\/3453\/51525354_LITERATURA-2019.pdf\">Lengua y Literatura<\/a><\/td>\n<td style=\"text-align: center;\" width=\"222\"><a href=\"https:\/\/ens7-caba.infd.edu.ar\/aula\/archivos\/repositorio\/\/3250\/3453\/51525354_LITERATURA-2019.pdf\">Lengua\u00a0y Literatura<\/a><\/td>\n<td style=\"text-align: center;\" width=\"217\"><a href=\"https:\/\/ens7-caba.infd.edu.ar\/aula\/archivos\/repositorio\/\/3250\/3453\/51525354_LITERATURA-2019.pdf\">Lengua\u00a0y Literatura<\/a><\/td>\n<\/tr>\n<tr>\n<td style=\"text-align: center;\" width=\"223\"><a href=\"https:\/\/ens7-caba.infd.edu.ar\/aula\/archivos\/repositorio\/\/3250\/3451\/51525354_FRANCES-2019.pdf\">Franc\u00e9s<\/a>\/<a href=\"https:\/\/ens7-caba.infd.edu.ar\/aula\/archivos\/repositorio\/\/3250\/3456\/51-52-53-54_-_Ingles_2019.pdf\">Ingl\u00e9s<\/a><\/td>\n<td style=\"text-align: center;\" width=\"223\"><a href=\"https:\/\/ens7-caba.infd.edu.ar\/aula\/archivos\/repositorio\/\/3250\/3451\/51525354_FRANCES-2019.pdf\">Franc\u00e9s<\/a>\/<a href=\"https:\/\/ens7-caba.infd.edu.ar\/aula\/archivos\/repositorio\/\/3250\/3456\/51-52-53-54_-_Ingles_2019.pdf\">Ingl\u00e9s<\/a><\/td>\n<td style=\"text-align: center;\" width=\"222\"><a href=\"https:\/\/ens7-caba.infd.edu.ar\/aula\/archivos\/repositorio\/\/3250\/3451\/51525354_FRANCES-2019.pdf\">Franc\u00e9s<\/a>\/<a href=\"https:\/\/ens7-caba.infd.edu.ar\/aula\/archivos\/repositorio\/\/3250\/3456\/51-52-53-54_-_Ingles_2019.pdf\">Ingl\u00e9s<\/a><\/td>\n<td style=\"text-align: center;\" width=\"217\"><a href=\"https:\/\/ens7-caba.infd.edu.ar\/aula\/archivos\/repositorio\/\/3250\/3451\/51525354_FRANCES-2019.pdf\">Franc\u00e9s<\/a>\/<a href=\"https:\/\/ens7-caba.infd.edu.ar\/aula\/archivos\/repositorio\/\/3250\/3456\/51-52-53-54_-_Ingles_2019.pdf\">Ingl\u00e9s<\/a><\/td>\n<\/tr>\n<tr>\n<td style=\"text-align: center;\" width=\"223\"><a href=\"https:\/\/ens7-caba.infd.edu.ar\/aula\/archivos\/repositorio\/\/3250\/3452\/51-GEO-AMB-Y-POL-2019.pdf\">Geograf\u00eda ambiental y pol\u00edtica<\/a><\/td>\n<td style=\"text-align: center;\" width=\"223\"><a href=\"https:\/\/ens7-caba.infd.edu.ar\/aula\/archivos\/repositorio\/\/3500\/3514\/52_Ecologia-2019.pdf\">Ecolog\u00eda<\/a><\/td>\n<td style=\"text-align: center;\" width=\"222\">\u00a0<a href=\"https:\/\/ens7-caba.infd.edu.ar\/aula\/archivos\/repositorio\/\/3500\/3523\/53-54_educacion_y_globalizacion-2019.pdf\">Educaci\u00f3n y Globalizaci\u00f3n<\/a><\/td>\n<td style=\"text-align: center;\" width=\"217\"><a href=\"https:\/\/ens7-caba.infd.edu.ar\/aula\/archivos\/repositorio\/\/3500\/3523\/53-54_educacion_y_globalizacion-2019.pdf\">\u00a0Educaci\u00f3n y Globalizaci\u00f3n<\/a><\/td>\n<\/tr>\n<tr>\n<td style=\"text-align: center;\" width=\"223\"><a href=\"https:\/\/ens7-caba.infd.edu.ar\/aula\/archivos\/repositorio\/\/3250\/3450\/51-PROYECTO-2019.pdf\">Proyecto de Investigaci\u00f3n en Cs. Sociales<\/a><\/td>\n<td style=\"text-align: center;\" width=\"223\"><a href=\"https:\/\/ens7-caba.infd.edu.ar\/aula\/archivos\/repositorio\/\/3500\/3516\/52_Energia_radiacion_y_vida-2019.pdf\">Energ\u00eda, radiaci\u00f3n y Vida<\/a><\/td>\n<td style=\"text-align: center;\" width=\"222\"><a href=\"https:\/\/ens7-caba.infd.edu.ar\/aula\/archivos\/repositorio\/\/3500\/3613\/53_54_educacion_y_cultura-2019.pdf\">Educaci\u00f3n y cultura<\/a><\/td>\n<td style=\"text-align: center;\" width=\"217\"><a href=\"https:\/\/ens7-caba.infd.edu.ar\/aula\/archivos\/repositorio\/\/3500\/3613\/53_54_educacion_y_cultura-2019.pdf\">Educaci\u00f3n y cultura<\/a><\/td>\n<\/tr>\n<tr>\n<td width=\"223\"><a href=\"https:\/\/ens7-caba.infd.edu.ar\/aula\/archivos\/repositorio\/\/3250\/3448\/51_SOCIEDAD_Y_ESTADO-2019.pdf\">Sociedad y Estado<\/a><\/td>\n<td width=\"223\"><a href=\"https:\/\/ens7-caba.infd.edu.ar\/aula\/archivos\/repositorio\/\/3500\/3518\/5to2da_Problematicas_cientificas-2019.pdf\">Problem\u00e1ticas Cient\u00edficas con Impacto Social<\/a><\/td>\n<td width=\"222\"><a href=\"https:\/\/ens7-caba.infd.edu.ar\/aula\/archivos\/repositorio\/\/3500\/3522\/5-3_5-4__Proyecto_2019.pdf\">Proyecto final de inv. inicial e intervenci\u00f3n educativa<\/a><\/td>\n<td width=\"217\"><a href=\"https:\/\/ens7-caba.infd.edu.ar\/aula\/archivos\/repositorio\/\/3500\/3522\/5-3_5-4__Proyecto_2019.pdf\">Proyecto\u00a0final de inv. inicial e intervenci\u00f3n educativa<\/a><\/td>\n<\/tr>\n<tr>\n<td width=\"223\"><a href=\"https:\/\/ens7-caba.infd.edu.ar\/aula\/archivos\/repositorio\/\/3250\/3449\/51-TEC-DE-LA-INFO-2019.pdf\">Tecnolog\u00edas de la Informaci\u00f3n<\/a><\/td>\n<td width=\"223\"><a href=\"https:\/\/ens7-caba.infd.edu.ar\/aula\/archivos\/repositorio\/\/3250\/3459\/52_53_54-Tec_de_la_informacion_2019.pdf\">Tecnolog\u00edas de la Informaci\u00f3n<\/a><\/td>\n<td width=\"222\"><a href=\"https:\/\/ens7-caba.infd.edu.ar\/aula\/archivos\/repositorio\/\/3250\/3459\/52_53_54-Tec_de_la_informacion_2019.pdf\">Tecnolog\u00edas de la Informaci\u00f3n<\/a><\/td>\n<td width=\"217\"><a href=\"https:\/\/ens7-caba.infd.edu.ar\/aula\/archivos\/repositorio\/\/3250\/3459\/52_53_54-Tec_de_la_informacion_2019.pdf\">Tecnolog\u00edas de la Informaci\u00f3n<\/a><\/td>\n<\/tr>\n<tr>\n<td width=\"223\"><a href=\"https:\/\/ens7-caba.infd.edu.ar\/aula\/archivos\/repositorio\/\/3250\/3454\/51HIST-ORIENTADA-2019.pdf\">Historia<\/a><\/td>\n<td width=\"223\"><a href=\"https:\/\/ens7-caba.infd.edu.ar\/aula\/archivos\/repositorio\/\/3500\/3517\/52_Historia_Orientada-2019_.pdf\">Historia<\/a><\/td>\n<td width=\"222\">\u00a0<a href=\"https:\/\/ens7-caba.infd.edu.ar\/aula\/archivos\/repositorio\/\/3500\/3524\/5354__Historia_Orientada-2019.pdf\">Historia<\/a><\/td>\n<td width=\"217\"><a href=\"https:\/\/ens7-caba.infd.edu.ar\/aula\/archivos\/repositorio\/\/3500\/3524\/5354__Historia_Orientada-2019.pdf\">Historia<\/a><\/td>\n<\/tr>\n<tr>\n<td width=\"223\"><a href=\"https:\/\/ens7-caba.infd.edu.ar\/aula\/archivos\/repositorio\/\/3500\/3547\/EDI_5_Sociales.pdf\">EDI<\/a><\/td>\n<td width=\"223\"><a href=\"https:\/\/ens7-caba.infd.edu.ar\/aula\/archivos\/repositorio\/\/3500\/3541\/EDI_5to_naturales.pdf\">EDI<\/a><\/td>\n<td width=\"222\"><a href=\"https:\/\/ens7-caba.infd.edu.ar\/aula\/archivos\/repositorio\/\/3500\/3542\/EDI_5to_3ra_Educacion.pdf\">EDI<\/a><\/td>\n<td width=\"217\">EDI<\/td>\n<\/tr>\n<tr>\n<td width=\"223\"><a href=\"https:\/\/ens7-caba.infd.edu.ar\/aula\/archivos\/repositorio\/\/3500\/3513\/51-52_Filosofia-2019_.pdf\">Filosof\u00eda<\/a><\/td>\n<td width=\"223\"><a href=\"https:\/\/ens7-caba.infd.edu.ar\/aula\/archivos\/repositorio\/\/3500\/3513\/51-52_Filosofia-2019_.pdf\">Filosof\u00eda<\/a><\/td>\n<td width=\"222\"><a href=\"https:\/\/ens7-caba.infd.edu.ar\/aula\/archivos\/repositorio\/\/3500\/3525\/5_3_y_5_4_filosofia-2019.pdf\">Filosof\u00eda<\/a><\/td>\n<td width=\"217\"><a href=\"https:\/\/ens7-caba.infd.edu.ar\/aula\/archivos\/repositorio\/\/3500\/3525\/5_3_y_5_4_filosofia-2019.pdf\">Filosof\u00eda<\/a><\/td>\n<\/tr>\n<tr>\n<td width=\"223\"><a href=\"https:\/\/ens7-caba.infd.edu.ar\/aula\/archivos\/repositorio\/\/3250\/3447\/42-51-53-54_Quimica_2019.pdf\">Qu\u00edmica<\/a><\/td>\n<td width=\"223\"><a href=\"https:\/\/ens7-caba.infd.edu.ar\/aula\/archivos\/repositorio\/\/3500\/3515\/52_QUI-ALIM-SALUD-2019.pdf\">Qu\u00edmica, Alimentaci\u00f3n\u00a0 y salud<\/a><\/td>\n<td width=\"222\"><a href=\"https:\/\/ens7-caba.infd.edu.ar\/aula\/archivos\/repositorio\/\/3250\/3447\/42-51-53-54_Quimica_2019.pdf\">Qu\u00edmica<\/a><\/td>\n<td width=\"217\"><a href=\"https:\/\/ens7-caba.infd.edu.ar\/aula\/archivos\/repositorio\/\/3250\/3447\/42-51-53-54_Quimica_2019.pdf\">Qu\u00edmica<\/a><\/td>\n<\/tr>\n<tr>\n<td width=\"223\"><a href=\"https:\/\/ens7-caba.infd.edu.ar\/aula\/archivos\/repositorio\/\/3250\/3455\/51_HIST-CULT-LATINOAMERICANA-2019.pdf\">Historia Cultural Latinoamericana<\/a><\/td>\n<td width=\"223\"><a href=\"https:\/\/ens7-caba.infd.edu.ar\/aula\/archivos\/repositorio\/\/3500\/3512\/52_arte_y_ciencia-2019.pdf\">Arte y Ciencia<\/a><\/td>\n<td width=\"222\"><a href=\"https:\/\/ens7-caba.infd.edu.ar\/aula\/archivos\/repositorio\/\/3500\/3526\/53_54_Educ_y_Psic.-2019_.pdf\">Educaci\u00f3n y Psicolog\u00eda<\/a><\/td>\n<td width=\"217\"><a href=\"https:\/\/ens7-caba.infd.edu.ar\/aula\/archivos\/repositorio\/\/3500\/3526\/53_54_Educ_y_Psic.-2019_.pdf\">Educaci\u00f3n y Psicolog\u00eda<\/a><\/td>\n<\/tr>\n<tr>\n<td width=\"223\"><a href=\"https:\/\/ens7-caba.infd.edu.ar\/aula\/archivos\/repositorio\/\/3250\/3457\/Ed_Fisica_5to_2019.pdf\">Ed. F\u00edsica<\/a><\/td>\n<td width=\"223\"><a href=\"https:\/\/ens7-caba.infd.edu.ar\/aula\/archivos\/repositorio\/\/3250\/3457\/Ed_Fisica_5to_2019.pdf\">Ed. F\u00edsica<\/a><\/td>\n<td width=\"222\"><a href=\"https:\/\/ens7-caba.infd.edu.ar\/aula\/archivos\/repositorio\/\/3250\/3457\/Ed_Fisica_5to_2019.pdf\">Ed. F\u00edsica<\/a><\/td>\n<td width=\"217\"><a href=\"https:\/\/ens7-caba.infd.edu.ar\/aula\/archivos\/repositorio\/\/3250\/3457\/Ed_Fisica_5to_2019.pdf\">Ed. F\u00edsica<\/a><\/td>\n<\/tr>\n<tr>\n<td width=\"223\"><\/td>\n<td width=\"223\"><\/td>\n<td width=\"222\"><\/td>\n<\/tr>\n<\/tbody>\n<\/table>\n","protected":false},"excerpt":{"rendered":"<p>&nbsp; 5\u00ba 1\u00ba\u00a0 5\u00ba 2\u00ba 5\u00ba 3\u00ba 5\u00ba 4\u00ba Matem\u00e1tica Matem\u00e1tica Matem\u00e1tica Matem\u00e1tica Lengua y Literatura Lengua y Literatura Lengua\u00a0y Literatura Lengua\u00a0y Literatura Franc\u00e9s\/Ingl\u00e9s Franc\u00e9s\/Ingl\u00e9s Franc\u00e9s\/Ingl\u00e9s Franc\u00e9s\/Ingl\u00e9s Geograf\u00eda ambiental y pol\u00edtica Ecolog\u00eda \u00a0Educaci\u00f3n y Globalizaci\u00f3n \u00a0Educaci\u00f3n y Globalizaci\u00f3n Proyecto de Investigaci\u00f3n en Cs. Sociales Energ\u00eda, radiaci\u00f3n y Vida Educaci\u00f3n y cultura Educaci\u00f3n y cultura Sociedad &#8230; <a title=\"Programas 5to A\u00f1o 2019\" class=\"read-more\" href=\"https:\/\/ens7-caba.infd.edu.ar\/sitio\/programas-5to-ano-2019\/\" aria-label=\"More on Programas 5to A\u00f1o 2019\">[+]<\/a><\/p>\n","protected":false},"author":2274,"featured_media":0,"parent":0,"menu_order":0,"comment_status":"closed","ping_status":"closed","template":"","meta":[],"acf":[],"_links":{"self":[{"href":"https:\/\/ens7-caba.infd.edu.ar\/sitio\/wp-json\/wp\/v2\/pages\/1734"}],"collection":[{"href":"https:\/\/ens7-caba.infd.edu.ar\/sitio\/wp-json\/wp\/v2\/pages"}],"about":[{"href":"https:\/\/ens7-caba.infd.edu.ar\/sitio\/wp-json\/wp\/v2\/types\/page"}],"author":[{"embeddable":true,"href":"https:\/\/ens7-caba.infd.edu.ar\/sitio\/wp-json\/wp\/v2\/users\/2274"}],"replies":[{"embeddable":true,"href":"https:\/\/ens7-caba.infd.edu.ar\/sitio\/wp-json\/wp\/v2\/comments?post=1734"}],"version-history":[{"count":15,"href":"https:\/\/ens7-caba.infd.edu.ar\/sitio\/wp-json\/wp\/v2\/pages\/1734\/revisions"}],"predecessor-version":[{"id":1915,"href":"https:\/\/ens7-caba.infd.edu.ar\/sitio\/wp-json\/wp\/v2\/pages\/1734\/revisions\/1915"}],"wp:attachment":[{"href":"https:\/\/ens7-caba.infd.edu.ar\/sitio\/wp-json\/wp\/v2\/media?parent=1734"}],"curies":[{"name":"wp","href":"https:\/\/api.w.org\/{rel}","templated":true}]}}