{"id":1854,"date":"2019-06-10T14:42:55","date_gmt":"2019-06-10T17:42:55","guid":{"rendered":"https:\/\/ens7-caba.infd.edu.ar\/sitio\/?page_id=1854"},"modified":"2024-02-28T01:01:19","modified_gmt":"2024-02-28T04:01:19","slug":"jornadas-esi","status":"publish","type":"page","link":"https:\/\/ens7-caba.infd.edu.ar\/sitio\/jornadas-esi\/","title":{"rendered":"Jornadas ESI"},"content":{"rendered":"<p><a href=\"https:\/\/ens7-caba.infd.edu.ar\/sitio\/jornada-esi-26-de-junio\/\">Ingresa al link para informarte sobre lo trabajado en la Jornada Institucional de Educaci\u00f3n Sexual Integral (ESI) del d\u00eda mi\u00e9rcoles 24\/06\/20<\/a><\/p>\n<hr style=\"background-color: gray; opacity: 25%; height: 0.5px; margin-left: 0%; width: 100%;\">\n<p>Compartimos una serie de materiales trabajados en las jornadas institucionales ESI y algunas de las leyes mencionadas en estas jornadas. La idea es continuar profundizando la problem\u00e1tica de la violencia de g\u00e9nero desde una perspectiva institucional y comprometernos en su prevenci\u00f3n y erradicaci\u00f3n.<\/p>\n<p style=\"padding: 0; margin: 0;\"><strong>\u00bb<\/strong> Estos son los links de los tres videos que vimos en la jornada:<\/p>\n<ul>\n<li><a href=\"https:\/\/www.youtube.com\/watch?v=Co_z_GbjbHY\">Micromachismos<\/a><\/li>\n<li><a href=\"https:\/\/www.youtube.com\/watch?v=oQLygzcx2ok\">Violencias<\/a><\/li>\n<li><a href=\"https:\/\/www.youtube.com\/watch?v=BuuyajcjFC4\">Consentimientos<\/a><\/li>\n<\/ul>\n<p style=\"padding: 0; margin: 0;\"><strong>\u00bb<\/strong> Pueden descargarse 3 leyes&nbsp; y una s\u00edntesis de algunos art\u00edculos centrales de una de ellas, la 26485.<\/p>\n<ul>\n<li><a href=\"https:\/\/ens7-caba.infd.edu.ar\/aula\/archivos\/repositorio\/\/3500\/3606\/Ley_26485-Proteccion_Integral_a_las_mujeres.pdf\">Ley 26485<\/a><\/li>\n<li><a href=\"https:\/\/ens7-caba.infd.edu.ar\/aula\/archivos\/repositorio\/\/3500\/3605\/Ley_26485_art_3_al_6.pdf\">Ley 26485 Art. 3 y 6<\/a><\/li>\n<li><a href=\"https:\/\/ens7-caba.infd.edu.ar\/aula\/archivos\/repositorio\/\/3500\/3603\/Ley_26743_Identidad_de_genero.pdf\">Ley 26743-Identidad de g\u00e9nero<\/a><\/li>\n<li><a href=\"https:\/\/ens7-caba.infd.edu.ar\/aula\/archivos\/repositorio\/\/3500\/3607\/ley_violencia_de_genero_27234.pdf\">Ley 27234-Violencia de g\u00e9nero<\/a><\/li>\n<\/ul>\n<p><strong>\u00bb<\/strong> Tambi\u00e9n el documento elaborado por el Gobierno de la Ciudad de Buenos Aires: <a href=\"https:\/\/ens7-caba.infd.edu.ar\/aula\/archivos\/repositorio\/\/3500\/3604\/PROTOCOLO-1_violencia_de__genero.pdf\">\u00abProtocolo de acci\u00f3n institucional en escuelas secundarias y establecimientos terciarios para la prevenci\u00f3n e intervenci\u00f3n ante situaciones de violencia de g\u00e9nero y discriminaci\u00f3n basada en la orientaci\u00f3n sexual e identidad de g\u00e9nero o su expresi\u00f3n\u00bb<\/a><\/p>\n<div>\n<hr style=\"background-color: gray; opacity: 25%; height: 0.5px; margin-left: 0%; width: 100%;\">\n<p style=\"font-size: 15pt;\"><b>ALGUNAS DIRECCIONES Y TEL\u00c9FONOS \u00daTILES<\/b><\/p>\n<div>\n<div><b>&#8211;&nbsp;<\/b>&nbsp;<b>L\u00ednea telef\u00f3nica 144<\/b>. Consejo Nacional de las Mujeres. Brinda informaci\u00f3n, orientaci\u00f3n, asesoramiento y contenci\u00f3n para las mujeres en situaci\u00f3n de violencia de todo el pa\u00eds, los 365 d\u00edas del a\u00f1o, las 24 horas, de manera gratuita.<\/div>\n<\/div>\n<\/div>\n<div><\/div>\n<div>\n<div>\n<div><strong>&#8211;<\/strong>&nbsp;<b>CIM (Centros Integrales de la Mujer)<\/b>. Brindan&nbsp;informaci\u00f3n y asesoramiento sobre derechos de las mujeres, como as\u00ed tambi\u00e9n herramientas necesarias para hacer frente a situaciones de violencia.<\/div>\n<div>&nbsp; &nbsp; CIM \u00abIsabel Calvo\u00bb &#8211; Comuna 1 (Humberto I\u00b0 250)<\/div>\n<div>&nbsp; &nbsp; CIM \u00abAlicia Moreau\u00bb &#8211; Comuna 2 (Pres. Jos\u00e9 Evaristo Uriburu 1022)<\/div>\n<div>&nbsp; &nbsp; CIM \u00abMargarita Malharro\u00bb &#8211; Comuna 3 (24 de Noviembre 113)<\/div>\n<div>&nbsp; &nbsp; CIM \u00abPepa Gait\u00e1n\u00bb &#8211; Comuna 4&nbsp;(Pichincha 1765).<\/div>\n<div>&nbsp; &nbsp; CIM \u00abElvira Rawson\u00bb &#8211; Comuna 5 (Salguero 765)<\/div>\n<div>&nbsp; &nbsp; CIM \u00abLugar de Mujer\u00bb -Comuna 6&nbsp;(Fragata Presidente Sarmiento 889).<\/div>\n<div>&nbsp; &nbsp;&nbsp;CIM \u00abDignxs de Ser\u00bb &#8211; Comuna 7&nbsp;(Lautaro 188).<\/div>\n<div>&nbsp; &nbsp; CIM \u00abMinerva Mirabal\u00bb &#8211; Comuna 8 (Av. Francisco Fern\u00e1ndez de la Cruz 4208)<\/div>\n<div>&nbsp; &nbsp; CIM \u00abAlfonsina Storni\u00bb -Comuna 9&nbsp;(Avenida Directorio 4468).<\/div>\n<div>&nbsp; &nbsp; CIM \u00abCarolina Muzzilli\u00bb &#8211; Comuna 10&nbsp;(Venancio Flores 3929).<\/div>\n<div>&nbsp; &nbsp; CIM \u00abMar\u00eda Gallego &#8211; Comuna 11 &#8211; (Francisco Beir\u00f3 5229)<\/div>\n<div>&nbsp; &nbsp; CIM \u00abTrayectoria por una Vida sin Violencia\u00bb &#8211; Comuna 12&nbsp;(Zapiola 4583).<br \/>\nCIM \u00abMacacha G\u00fcemes\u00bb &#8211; Comuna 13&nbsp;(Vuelta de Obligado 1524).<\/div>\n<div>&nbsp; &nbsp; CIM \u00abMar\u00eda Elena Walsh\u00bb &#8211; Comuna 14&nbsp;(Malabia 2139).<br \/>\nCIM \u00abFenia Chertkoff\u00bb &#8211; Comuna 15&nbsp;(Bonpland 723).<\/p>\n<p>&#8211;&nbsp;<b>Oficina de Violencia Dom\u00e9stica de la Corte Suprema de Justicia<\/b>. Atenci\u00f3n las 24 horas los 365 d\u00edas del a\u00f1o. Dependiente de la Corte Suprema de Justicia de la Naci\u00f3n. Recibe denuncias judiciales de violencia familiar. Lavalle 1250, Ciudad de Buenos Aires. Tel.: (011) 4370-4600 (int. 4510 al 4514).<\/p>\n<\/div>\n<hr style=\"background-color: gray; opacity: 25%; height: 0.5px; margin-left: 0%; width: 100%;\">\n<p style=\"font-size: 15pt;\"><b>SITIOS DE INTERNET<\/b><\/p>\n<div>\u2022 Programa Nacional de Educaci\u00f3n Sexual Integral:&nbsp;<a href=\"http:\/\/esi.educ.ar\/\" target=\"_blank\" rel=\"nofollow noopener\">esi.educ.ar<\/a><\/div>\n<div>\u2022 Consejo Nacional de las Mujeres. Recursos para la atenci\u00f3n integral de las mujeres en situaci\u00f3n de violencia:&nbsp;<a href=\"http:\/\/www.cnm.gov.ar\/GNR\/GuiaNacionalDeRecursosArgentina.html\" target=\"_blank\" rel=\"nofollow noopener\">www.cnm.gov.ar\/GNR\/GuiaNacionalDeRecursosArgentina.html<\/a><\/div>\n<div>\u2022 Corte Suprema de Justicia de la Naci\u00f3n. Oficina de la Mujer:&nbsp;<a href=\"http:\/\/www.csjn.gov.ar\/om\/index.jsp\" target=\"_blank\" rel=\"nofollow noopener\">www.csjn.gov.ar\/om\/index.jsp<\/a><\/div>\n<div>\u2022 Ministerio de Justicia y Derechos Humanos. Atenci\u00f3n a las v\u00edctimas de Violencia Familiar: <a href=\"http:\/\/jus.gov.ar\/atencion-al-ciudadano\/atencion-a-las-victimas\/violencia-familiar.aspx\">www.&nbsp;<\/a><a href=\"http:\/\/jus.gov.ar\/atencion-al-ciudadano\/atencion-a-las-victimas\/violencia-familiar.aspx\" target=\"_blank\" rel=\"nofollow noopener\">jus.gov.ar\/atencion-al-ciudadano\/atencion-a-las-victimas\/violencia-familiar.aspx<\/a><\/div>\n<div>\n<p>\u2022 Corte Suprema de Justicia de la Naci\u00f3n. Oficina de Violencia Dom\u00e9stica:&nbsp;<a href=\"http:\/\/www.ovd.gov.ar\/ovd\" target=\"_blank\" rel=\"nofollow noopener\">www.ovd.gov.ar\/ovd<\/a>&nbsp;&nbsp;<b><br clear=\"all\"><\/b><\/p>\n<\/div>\n<div style=\"width: 640px;\" class=\"wp-video\"><!--[if lt IE 9]><script>document.createElement('video');<\/script><![endif]-->\n<video class=\"wp-video-shortcode\" id=\"video-1854-1\" width=\"640\" height=\"360\" preload=\"metadata\" controls=\"controls\"><source type=\"video\/mp4\" src=\"https:\/\/ens7-caba.infd.edu.ar\/aula\/archivos\/repositorio\/\/3750\/3759\/esi_noviembre_2019.mp4?_=1\" \/><a href=\"https:\/\/ens7-caba.infd.edu.ar\/aula\/archivos\/repositorio\/\/3750\/3759\/esi_noviembre_2019.mp4\">https:\/\/ens7-caba.infd.edu.ar\/aula\/archivos\/repositorio\/\/3750\/3759\/esi_noviembre_2019.mp4<\/a><\/video><\/div>\n<div>\n<div>\n<div class=\"yiv0820004663gmail_signature\" dir=\"ltr\">\n<div dir=\"ltr\">\n<div dir=\"ltr\"><\/div>\n<\/div>\n<\/div>\n<\/div>\n<\/div>\n<\/div>\n<\/div>\n<div><\/div>\n","protected":false},"excerpt":{"rendered":"<p>Ingresa al link para informarte sobre lo trabajado en la Jornada Institucional de Educaci\u00f3n Sexual Integral (ESI) del d\u00eda mi\u00e9rcoles 24\/06\/20 Compartimos una serie de materiales trabajados en las jornadas institucionales ESI y algunas de las leyes mencionadas en estas jornadas. La idea es continuar profundizando la problem\u00e1tica de la violencia de g\u00e9nero desde una &#8230; <a title=\"Jornadas ESI\" class=\"read-more\" href=\"https:\/\/ens7-caba.infd.edu.ar\/sitio\/jornadas-esi\/\" aria-label=\"More on Jornadas ESI\">[+]<\/a><\/p>\n","protected":false},"author":2274,"featured_media":0,"parent":0,"menu_order":0,"comment_status":"closed","ping_status":"closed","template":"","meta":[],"acf":[],"_links":{"self":[{"href":"https:\/\/ens7-caba.infd.edu.ar\/sitio\/wp-json\/wp\/v2\/pages\/1854"}],"collection":[{"href":"https:\/\/ens7-caba.infd.edu.ar\/sitio\/wp-json\/wp\/v2\/pages"}],"about":[{"href":"https:\/\/ens7-caba.infd.edu.ar\/sitio\/wp-json\/wp\/v2\/types\/page"}],"author":[{"embeddable":true,"href":"https:\/\/ens7-caba.infd.edu.ar\/sitio\/wp-json\/wp\/v2\/users\/2274"}],"replies":[{"embeddable":true,"href":"https:\/\/ens7-caba.infd.edu.ar\/sitio\/wp-json\/wp\/v2\/comments?post=1854"}],"version-history":[{"count":28,"href":"https:\/\/ens7-caba.infd.edu.ar\/sitio\/wp-json\/wp\/v2\/pages\/1854\/revisions"}],"predecessor-version":[{"id":4121,"href":"https:\/\/ens7-caba.infd.edu.ar\/sitio\/wp-json\/wp\/v2\/pages\/1854\/revisions\/4121"}],"wp:attachment":[{"href":"https:\/\/ens7-caba.infd.edu.ar\/sitio\/wp-json\/wp\/v2\/media?parent=1854"}],"curies":[{"name":"wp","href":"https:\/\/api.w.org\/{rel}","templated":true}]}}