{"id":2463,"date":"2021-02-23T22:27:17","date_gmt":"2021-02-24T01:27:17","guid":{"rendered":"https:\/\/ens7-caba.infd.edu.ar\/sitio\/?page_id=2463"},"modified":"2026-02-18T12:30:04","modified_gmt":"2026-02-18T15:30:04","slug":"cuota-cooperadora","status":"publish","type":"page","link":"https:\/\/ens7-caba.infd.edu.ar\/sitio\/cuota-cooperadora\/","title":{"rendered":"Cuota Cooperadora"},"content":{"rendered":"<p><span style=\"color: #003366;\"><u>Cuota Social A\u00f1o Lectivo 2026<\/u><\/span><\/p>\n<p><span style=\"color: #003366;\">Los valores mensuales son:\u00a0<\/span><\/p>\n<ul>\n<li>Hasta el 30\/3 cuota mensual: $6000<\/li>\n<li>Hasta el 30\/3 cuota anual: $60.000<\/li>\n<\/ul>\n<p><span style=\"color: #003366;\"><u>Formas de pago<\/u>:<\/span><\/p>\n<ul>\n<li><span style=\"color: #003366;\">En efectivo, por cuaderno de comunicaciones o en la oficina<\/span><\/li>\n<li><span style=\"color: #003366;\">Por transferencia bancaria<\/span><\/li>\n<\/ul>\n<p><span style=\"color: #003366;\"><em>Nuestros datos<\/em><\/span><\/p>\n<p><span style=\"color: #003366;\">Raz\u00f3n Social: Asociaci\u00f3n Civil Belgrano Cooperadora ENS 7<\/span><\/p>\n<p><span style=\"color: #003366;\">C.U.I.T.: 30-67912582-2<\/span><\/p>\n<p><span style=\"color: #003366;\">Tipo de cuenta: Corriente<\/span><\/p>\n<p><span style=\"color: #003366;\">N\u00famero de cuenta: 000000630000000567<\/span><\/p>\n<p><span style=\"color: #003366;\">CBU: 0290063600000000005678<\/span><\/p>\n<p><span style=\"color: #003366;\">Alias: <strong>coope.del.7<\/strong><\/span><\/p>\n<p><span style=\"color: #003366;\">Luego de realizar la transferencia les pedimos que nos informen el pago completando el formulario, haciendo clic <strong><a style=\"color: #003366;\" href=\"https:\/\/form.jotform.com\/210527991501049\">ac\u00e1<\/a><\/strong>.<\/span><\/p>\n<p><span style=\"color: #003366;\"><strong>\u00a1Muchas gracias por el aporte!<\/strong><\/span><\/p>\n<p><span style=\"color: #003366;\"><strong>Contacto<\/strong>: <a style=\"color: #003366;\" href=\"mailto:cooperadora.ens7de2@bue.edu.ar\">cooperadora.ens7de2@bue.edu.ar<\/a><\/span><\/p>\n<p><span style=\"color: #003366;\"><strong>M\u00e1s informaci\u00f3n en<\/strong> <a style=\"color: #003366;\" href=\"https:\/\/linktr.ee\/CooperadoraENS7\">https:\/\/linktr.ee\/CooperadoraENS7<\/a><\/span><\/p>\n","protected":false},"excerpt":{"rendered":"<p>Cuota Social A\u00f1o Lectivo 2026 Los valores mensuales son:\u00a0 Hasta el 30\/3 cuota mensual: $6000 Hasta el 30\/3 cuota anual: $60.000 Formas de pago: En efectivo, por cuaderno de comunicaciones o en la oficina Por transferencia bancaria Nuestros datos Raz\u00f3n Social: Asociaci\u00f3n Civil Belgrano Cooperadora ENS 7 C.U.I.T.: 30-67912582-2 Tipo de cuenta: Corriente N\u00famero de &#8230; <a title=\"Cuota Cooperadora\" class=\"read-more\" href=\"https:\/\/ens7-caba.infd.edu.ar\/sitio\/cuota-cooperadora\/\" aria-label=\"More on Cuota Cooperadora\">[+]<\/a><\/p>\n","protected":false},"author":2274,"featured_media":0,"parent":0,"menu_order":0,"comment_status":"closed","ping_status":"closed","template":"","meta":[],"acf":[],"_links":{"self":[{"href":"https:\/\/ens7-caba.infd.edu.ar\/sitio\/wp-json\/wp\/v2\/pages\/2463"}],"collection":[{"href":"https:\/\/ens7-caba.infd.edu.ar\/sitio\/wp-json\/wp\/v2\/pages"}],"about":[{"href":"https:\/\/ens7-caba.infd.edu.ar\/sitio\/wp-json\/wp\/v2\/types\/page"}],"author":[{"embeddable":true,"href":"https:\/\/ens7-caba.infd.edu.ar\/sitio\/wp-json\/wp\/v2\/users\/2274"}],"replies":[{"embeddable":true,"href":"https:\/\/ens7-caba.infd.edu.ar\/sitio\/wp-json\/wp\/v2\/comments?post=2463"}],"version-history":[{"count":8,"href":"https:\/\/ens7-caba.infd.edu.ar\/sitio\/wp-json\/wp\/v2\/pages\/2463\/revisions"}],"predecessor-version":[{"id":4844,"href":"https:\/\/ens7-caba.infd.edu.ar\/sitio\/wp-json\/wp\/v2\/pages\/2463\/revisions\/4844"}],"wp:attachment":[{"href":"https:\/\/ens7-caba.infd.edu.ar\/sitio\/wp-json\/wp\/v2\/media?parent=2463"}],"curies":[{"name":"wp","href":"https:\/\/api.w.org\/{rel}","templated":true}]}}