{"id":2479,"date":"2021-03-10T10:16:29","date_gmt":"2021-03-10T13:16:29","guid":{"rendered":"https:\/\/ens7-caba.infd.edu.ar\/sitio\/?page_id=2479"},"modified":"2025-05-08T08:30:12","modified_gmt":"2025-05-08T11:30:12","slug":"normativa","status":"publish","type":"page","link":"https:\/\/ens7-caba.infd.edu.ar\/sitio\/normativa\/","title":{"rendered":"Normativa"},"content":{"rendered":"<p><a href=\"https:\/\/ens7-caba.infd.edu.ar\/sitio\/wp-content\/uploads\/2021\/03\/2012-anexo-Regimen_Academico_Marco.pdf\">R\u00e9gimen Acad\u00e9mico Marco<\/a><\/p>\n<p><a href=\"https:\/\/ens7-caba.infd.edu.ar\/sitio\/wp-content\/uploads\/2021\/03\/2013-03-13-RM_1316_ROM.pdf\">Reglamento Org\u00e1nico Marco de las Escuelas Normales<\/a><\/p>\n<p><a href=\"https:\/\/ens7-caba.infd.edu.ar\/sitio\/wp-content\/uploads\/2021\/03\/2015-10-28-ROI.pdf\">Reglamento Org\u00e1nico Institucional<\/a><\/p>\n<p><a href=\"https:\/\/ens7-caba.infd.edu.ar\/sitio\/wp-content\/uploads\/2021\/03\/RAI_APROBADO_IF-2020-17295365-GCABA-DGENSYA.pdf\">Reglamento Acad\u00e9mico Institucional<\/a><\/p>\n<p><a href=\"https:\/\/ens7-caba.infd.edu.ar\/aula\/archivos\/repositorio\/\/5750\/5795\/estatuto_docente_2022.pdf\">Estatuto docente (2022)<\/a><\/p>\n","protected":false},"excerpt":{"rendered":"<p>R\u00e9gimen Acad\u00e9mico Marco Reglamento Org\u00e1nico Marco de las Escuelas Normales Reglamento Org\u00e1nico Institucional Reglamento Acad\u00e9mico Institucional Estatuto docente (2022)<\/p>\n","protected":false},"author":2274,"featured_media":0,"parent":0,"menu_order":0,"comment_status":"closed","ping_status":"closed","template":"","meta":[],"acf":[],"_links":{"self":[{"href":"https:\/\/ens7-caba.infd.edu.ar\/sitio\/wp-json\/wp\/v2\/pages\/2479"}],"collection":[{"href":"https:\/\/ens7-caba.infd.edu.ar\/sitio\/wp-json\/wp\/v2\/pages"}],"about":[{"href":"https:\/\/ens7-caba.infd.edu.ar\/sitio\/wp-json\/wp\/v2\/types\/page"}],"author":[{"embeddable":true,"href":"https:\/\/ens7-caba.infd.edu.ar\/sitio\/wp-json\/wp\/v2\/users\/2274"}],"replies":[{"embeddable":true,"href":"https:\/\/ens7-caba.infd.edu.ar\/sitio\/wp-json\/wp\/v2\/comments?post=2479"}],"version-history":[{"count":4,"href":"https:\/\/ens7-caba.infd.edu.ar\/sitio\/wp-json\/wp\/v2\/pages\/2479\/revisions"}],"predecessor-version":[{"id":4632,"href":"https:\/\/ens7-caba.infd.edu.ar\/sitio\/wp-json\/wp\/v2\/pages\/2479\/revisions\/4632"}],"wp:attachment":[{"href":"https:\/\/ens7-caba.infd.edu.ar\/sitio\/wp-json\/wp\/v2\/media?parent=2479"}],"curies":[{"name":"wp","href":"https:\/\/api.w.org\/{rel}","templated":true}]}}