{"id":2513,"date":"2021-05-05T09:09:45","date_gmt":"2021-05-05T12:09:45","guid":{"rendered":"https:\/\/ens7-caba.infd.edu.ar\/sitio\/?page_id=2513"},"modified":"2021-10-19T22:09:48","modified_gmt":"2021-10-20T01:09:48","slug":"programas-4o-ano-2021","status":"publish","type":"page","link":"https:\/\/ens7-caba.infd.edu.ar\/sitio\/programas-4o-ano-2021\/","title":{"rendered":"Programas 4\u00ba A\u00f1o 2021"},"content":{"rendered":"<table id=\"table1\" style=\"width: 680px; height: 700px;\" border=\"0\">\n<tbody>\n<tr>\n<td style=\"border: 1px solid #990000; width: 106.54px;\">\n<p style=\"text-align: center;\"><strong>4\u00ba 1\u00ba\u00a0<\/strong><\/p>\n<\/td>\n<td style=\"border: 1px solid #990000; width: 105.46px;\">\n<p style=\"text-align: center;\"><strong>4\u00ba 2\u00ba<\/strong><\/p>\n<\/td>\n<td style=\"border: 1px solid #990000; width: 102px;\">\n<p style=\"text-align: center;\"><strong>4\u00ba 3\u00ba<\/strong><\/p>\n<\/td>\n<td style=\"border: 1px solid #990000; width: 97px;\">\n<p style=\"text-align: center;\"><strong>4\u00ba 4\u00ba<\/strong><\/p>\n<\/td>\n<\/tr>\n<tr>\n<td style=\"border: 1px solid #990000; width: 106.54px; text-align: center;\"><a href=\"https:\/\/ens7-caba.infd.edu.ar\/aula\/archivos\/repositorio\/\/4500\/4646\/41424344-AYALA_BITAR_REICHEL_-_MATEMATICA.pdf\">Matem\u00e1tica<\/a><\/td>\n<td style=\"border: 1px solid #990000; width: 105.46px; text-align: center;\"><a href=\"https:\/\/ens7-caba.infd.edu.ar\/aula\/archivos\/repositorio\/\/4500\/4646\/41424344-AYALA_BITAR_REICHEL_-_MATEMATICA.pdf\">Matem\u00e1tica<\/a><\/td>\n<td style=\"border: 1px solid #990000; width: 102px; text-align: center;\"><a href=\"https:\/\/ens7-caba.infd.edu.ar\/aula\/archivos\/repositorio\/\/4500\/4646\/41424344-AYALA_BITAR_REICHEL_-_MATEMATICA.pdf\">Matem\u00e1tica<\/a><\/td>\n<td style=\"border: 1px solid #990000; width: 97px; text-align: center;\"><a href=\"https:\/\/ens7-caba.infd.edu.ar\/aula\/archivos\/repositorio\/\/4500\/4646\/41424344-AYALA_BITAR_REICHEL_-_MATEMATICA.pdf\">Matem\u00e1tica<\/a><\/td>\n<\/tr>\n<tr>\n<td style=\"border: 1px solid #990000; width: 106.54px; text-align: center;\"><a href=\"https:\/\/ens7-caba.infd.edu.ar\/aula\/archivos\/repositorio\/\/4500\/4636\/41_42_43_44_-Anselmo-Rey_Neme-Romero_Lamas-_Lengua_y_Literatura.pdf\">Lengua y Literatura<\/a><\/td>\n<td style=\"border: 1px solid #990000; width: 105.46px; text-align: center;\"><a href=\"https:\/\/ens7-caba.infd.edu.ar\/aula\/archivos\/repositorio\/\/4500\/4636\/41_42_43_44_-Anselmo-Rey_Neme-Romero_Lamas-_Lengua_y_Literatura.pdf\">Lengua y Literatura<\/a><\/td>\n<td style=\"border: 1px solid #990000; width: 102px; text-align: center;\"><a href=\"https:\/\/ens7-caba.infd.edu.ar\/aula\/archivos\/repositorio\/\/4500\/4636\/41_42_43_44_-Anselmo-Rey_Neme-Romero_Lamas-_Lengua_y_Literatura.pdf\">Lengua\u00a0y Literatura<\/a><\/td>\n<td style=\"border: 1px solid #990000; width: 97px; text-align: center;\"><a href=\"https:\/\/ens7-caba.infd.edu.ar\/aula\/archivos\/repositorio\/\/4500\/4636\/41_42_43_44_-Anselmo-Rey_Neme-Romero_Lamas-_Lengua_y_Literatura.pdf\">Lengua\u00a0y Literatura<\/a><\/td>\n<\/tr>\n<tr>\n<td style=\"border: 1px solid #990000; width: 106.54px; text-align: center;\"><a href=\"https:\/\/ens7-caba.infd.edu.ar\/aula\/archivos\/repositorio\/\/4500\/4630\/41-DI_VENOSA-FRANCES.pdf\">Franc\u00e9s<\/a>\/<a href=\"https:\/\/ens7-caba.infd.edu.ar\/aula\/archivos\/repositorio\/\/4500\/4670\/41-42-43-44-INGLES.pdf\">Ingl\u00e9s<\/a><\/td>\n<td style=\"border: 1px solid #990000; width: 105.46px; text-align: center;\"><a href=\"https:\/\/ens7-caba.infd.edu.ar\/aula\/archivos\/repositorio\/\/4500\/4630\/41-DI_VENOSA-FRANCES.pdf\">Franc\u00e9s<\/a>\/<a href=\"https:\/\/ens7-caba.infd.edu.ar\/aula\/archivos\/repositorio\/\/4500\/4670\/41-42-43-44-INGLES.pdf\">Ingl\u00e9s<\/a><\/td>\n<td style=\"border: 1px solid #990000; width: 102px; text-align: center;\"><a href=\"https:\/\/ens7-caba.infd.edu.ar\/aula\/archivos\/repositorio\/\/4500\/4630\/41-DI_VENOSA-FRANCES.pdf\">Franc\u00e9s<\/a>\/<a href=\"https:\/\/ens7-caba.infd.edu.ar\/aula\/archivos\/repositorio\/\/4500\/4670\/41-42-43-44-INGLES.pdf\">Ingl\u00e9s<\/a><\/td>\n<td style=\"border: 1px solid #990000; width: 97px; text-align: center;\"><a href=\"https:\/\/ens7-caba.infd.edu.ar\/aula\/archivos\/repositorio\/\/4500\/4630\/41-DI_VENOSA-FRANCES.pdf\">Franc\u00e9s<\/a>\/<a href=\"https:\/\/ens7-caba.infd.edu.ar\/aula\/archivos\/repositorio\/\/4500\/4670\/41-42-43-44-INGLES.pdf\">Ingl\u00e9s<\/a><\/td>\n<\/tr>\n<tr>\n<td style=\"border: 1px solid #990000; width: 106.54px; text-align: center;\"><a href=\"https:\/\/ens7-caba.infd.edu.ar\/aula\/archivos\/repositorio\/\/4500\/4668\/41424344-cen_al-fisica.pdf\">F\u00edsica<\/a><\/td>\n<td style=\"border: 1px solid #990000; width: 105.46px; text-align: center;\"><a href=\"https:\/\/ens7-caba.infd.edu.ar\/aula\/archivos\/repositorio\/\/4500\/4668\/41424344-cen_al-fisica.pdf\">F\u00edsica<\/a><\/td>\n<td style=\"border: 1px solid #990000; width: 102px; text-align: center;\"><a href=\"https:\/\/ens7-caba.infd.edu.ar\/aula\/archivos\/repositorio\/\/4500\/4668\/41424344-cen_al-fisica.pdf\">F\u00edsica<\/a><\/td>\n<td style=\"border: 1px solid #990000; width: 97px; text-align: center;\"><a href=\"https:\/\/ens7-caba.infd.edu.ar\/aula\/archivos\/repositorio\/\/4500\/4668\/41424344-cen_al-fisica.pdf\">F\u00edsica<\/a><\/td>\n<\/tr>\n<tr>\n<td style=\"border: 1px solid #990000; width: 106.54px; text-align: center;\"><a href=\"https:\/\/ens7-caba.infd.edu.ar\/aula\/archivos\/repositorio\/\/4750\/4837\/41424344_Historia_2020-2021.pdf\">Historia<\/a><\/td>\n<td style=\"border: 1px solid #990000; width: 105.46px; text-align: center;\"><a href=\"https:\/\/ens7-caba.infd.edu.ar\/aula\/archivos\/repositorio\/\/4750\/4837\/41424344_Historia_2020-2021.pdf\">Historia<\/a><\/td>\n<td style=\"border: 1px solid #990000; width: 102px; text-align: center;\"><a href=\"https:\/\/ens7-caba.infd.edu.ar\/aula\/archivos\/repositorio\/\/4750\/4837\/41424344_Historia_2020-2021.pdf\">Historia<\/a><\/td>\n<td style=\"border: 1px solid #990000; width: 97px; text-align: center;\"><a href=\"https:\/\/ens7-caba.infd.edu.ar\/aula\/archivos\/repositorio\/\/4750\/4837\/41424344_Historia_2020-2021.pdf\">Historia<\/a><\/td>\n<\/tr>\n<tr>\n<td style=\"border: 1px solid #990000; width: 106.54px; text-align: center;\"><a href=\"https:\/\/ens7-caba.infd.edu.ar\/aula\/archivos\/repositorio\/\/4500\/4639\/41_42_43_44-GEOGRAFIA.pdf\">Geograf\u00eda<\/a><\/td>\n<td style=\"border: 1px solid #990000; width: 105.46px; text-align: center;\"><a href=\"https:\/\/ens7-caba.infd.edu.ar\/aula\/archivos\/repositorio\/\/4500\/4639\/41_42_43_44-GEOGRAFIA.pdf\">Geograf\u00eda<\/a><\/td>\n<td style=\"border: 1px solid #990000; width: 102px; text-align: center;\"><a href=\"https:\/\/ens7-caba.infd.edu.ar\/aula\/archivos\/repositorio\/\/4500\/4639\/41_42_43_44-GEOGRAFIA.pdf\">Geograf\u00eda<\/a><\/td>\n<td style=\"border: 1px solid #990000; width: 97px; text-align: center;\"><a href=\"https:\/\/ens7-caba.infd.edu.ar\/aula\/archivos\/repositorio\/\/4500\/4639\/41_42_43_44-GEOGRAFIA.pdf\">Geograf\u00eda<\/a><\/td>\n<\/tr>\n<tr>\n<td style=\"border: 1px solid #990000; width: 106.54px; text-align: center;\"><a href=\"https:\/\/ens7-caba.infd.edu.ar\/aula\/archivos\/repositorio\/\/4500\/4644\/41BEIZA-FEyC.pdf\">Formaci\u00f3n \u00c9tica y Ciudadana<\/a><\/td>\n<td style=\"border: 1px solid #990000; width: 105.46px; text-align: center;\"><a href=\"https:\/\/ens7-caba.infd.edu.ar\/aula\/archivos\/repositorio\/\/4500\/4667\/424344_Formacion_Etica_y_Ciudadana.pdf\">Formaci\u00f3n \u00c9tica y Ciudadana<\/a><\/td>\n<td style=\"border: 1px solid #990000; width: 102px; text-align: center;\"><a href=\"https:\/\/ens7-caba.infd.edu.ar\/aula\/archivos\/repositorio\/\/4500\/4667\/424344_Formacion_Etica_y_Ciudadana.pdf\">Formaci\u00f3n \u00c9tica y Ciudadana<\/a><\/td>\n<td style=\"border: 1px solid #990000; width: 97px; text-align: center;\"><a href=\"https:\/\/ens7-caba.infd.edu.ar\/aula\/archivos\/repositorio\/\/4500\/4719\/44__Formacion_etica_y_ciudadana_IARIA_2021.pdf\">Formaci\u00f3n \u00c9tica y Ciudadana<\/a><\/td>\n<\/tr>\n<tr>\n<td style=\"border: 1px solid #990000; width: 106.54px; text-align: center;\"><a href=\"https:\/\/ens7-caba.infd.edu.ar\/aula\/archivos\/repositorio\/\/4500\/4633\/41_42_43_44_tec_de_la_informacion_2021.pdf\">Tecnolog\u00edas de la Informaci\u00f3n<\/a><\/td>\n<td style=\"border: 1px solid #990000; width: 105.46px; text-align: center;\"><a href=\"https:\/\/ens7-caba.infd.edu.ar\/aula\/archivos\/repositorio\/\/4500\/4633\/41_42_43_44_tec_de_la_informacion_2021.pdf\">Tecnolog\u00edas de la Informaci\u00f3n<\/a><\/td>\n<td style=\"border: 1px solid #990000; width: 102px; text-align: center;\"><a href=\"https:\/\/ens7-caba.infd.edu.ar\/aula\/archivos\/repositorio\/\/4500\/4633\/41_42_43_44_tec_de_la_informacion_2021.pdf\">Tecnolog\u00edas de la informaci\u00f3n<\/a><\/td>\n<td style=\"border: 1px solid #990000; width: 97px; text-align: center;\"><a href=\"https:\/\/ens7-caba.infd.edu.ar\/aula\/archivos\/repositorio\/\/4500\/4633\/41_42_43_44_tec_de_la_informacion_2021.pdf\">Tecnolog\u00edas de la Informaci\u00f3n<\/a><\/td>\n<\/tr>\n<tr>\n<td style=\"border: 1px solid #990000; width: 106.54px; text-align: center;\"><a href=\"https:\/\/ens7-caba.infd.edu.ar\/aula\/archivos\/repositorio\/\/4500\/4624\/Msica_4_an_o.pdf\">Artes M\u00fasica<\/a><\/td>\n<td style=\"border: 1px solid #990000; width: 105.46px; text-align: center;\"><a href=\"https:\/\/ens7-caba.infd.edu.ar\/aula\/archivos\/repositorio\/\/4500\/4624\/Msica_4_an_o.pdf\">Artes M\u00fasica<\/a><\/td>\n<td style=\"border: 1px solid #990000; width: 102px; text-align: center;\"><a href=\"https:\/\/ens7-caba.infd.edu.ar\/aula\/archivos\/repositorio\/\/4500\/4624\/Msica_4_an_o.pdf\">Artes M\u00fasica<\/a><\/td>\n<td style=\"border: 1px solid #990000; width: 97px; text-align: center;\"><a href=\"https:\/\/ens7-caba.infd.edu.ar\/aula\/archivos\/repositorio\/\/4500\/4624\/Msica_4_an_o.pdf\">Artes M\u00fasica<\/a><\/td>\n<\/tr>\n<tr>\n<td style=\"border: 1px solid #990000; width: 106.54px; text-align: center;\"><a href=\"https:\/\/ens7-caba.infd.edu.ar\/aula\/archivos\/repositorio\/\/4500\/4619\/Artes_Visuales_4to_2021_Normal_7.pdf\">Artes Visuales<\/a><\/td>\n<td style=\"border: 1px solid #990000; width: 105.46px; text-align: center;\"><a href=\"https:\/\/ens7-caba.infd.edu.ar\/aula\/archivos\/repositorio\/\/4500\/4619\/Artes_Visuales_4to_2021_Normal_7.pdf\">Artes Visuales<\/a><\/td>\n<td style=\"border: 1px solid #990000; width: 102px; text-align: center;\"><a href=\"https:\/\/ens7-caba.infd.edu.ar\/aula\/archivos\/repositorio\/\/4500\/4619\/Artes_Visuales_4to_2021_Normal_7.pdf\">Artes Visuales<\/a><\/td>\n<td style=\"border: 1px solid #990000; width: 97px; text-align: center;\"><a href=\"https:\/\/ens7-caba.infd.edu.ar\/aula\/archivos\/repositorio\/\/4500\/4619\/Artes_Visuales_4to_2021_Normal_7.pdf\">Artes Visuales<\/a><\/td>\n<\/tr>\n<tr>\n<td style=\"border: 1px solid #990000; width: 106.54px; text-align: center;\">EDI<\/td>\n<td style=\"border: 1px solid #990000; width: 105.46px; text-align: center;\">EDI<\/td>\n<td style=\"border: 1px solid #990000; width: 102px; text-align: center;\">EDI<\/td>\n<td style=\"border: 1px solid #990000; width: 97px; text-align: center;\">EDI<\/td>\n<\/tr>\n<tr>\n<td style=\"border: 1px solid #990000; width: 106.54px; text-align: center;\"><a href=\"https:\/\/ens7-caba.infd.edu.ar\/aula\/archivos\/repositorio\/\/4500\/4622\/Ed._Fsica_4_an_o.pdf\">Ed. F\u00edsica<\/a><\/td>\n<td style=\"border: 1px solid #990000; width: 105.46px; text-align: center;\"><a href=\"https:\/\/ens7-caba.infd.edu.ar\/aula\/archivos\/repositorio\/\/4500\/4622\/Ed._Fsica_4_an_o.pdf\">Ed. F\u00edsica<\/a><\/td>\n<td style=\"border: 1px solid #990000; width: 102px; text-align: center;\"><a href=\"https:\/\/ens7-caba.infd.edu.ar\/aula\/archivos\/repositorio\/\/4500\/4622\/Ed._Fsica_4_an_o.pdf\">Ed.F\u00edsica<\/a><\/td>\n<td style=\"border: 1px solid #990000; width: 97px; text-align: center;\"><a href=\"https:\/\/ens7-caba.infd.edu.ar\/aula\/archivos\/repositorio\/\/4500\/4622\/Ed._Fsica_4_an_o.pdf\">Ed. F\u00edsica<\/a><\/td>\n<\/tr>\n<tr>\n<td style=\"border: 1px solid #990000; width: 106.54px; text-align: center;\"><a href=\"https:\/\/ens7-caba.infd.edu.ar\/aula\/archivos\/repositorio\/\/4500\/4625\/41_Arabia_Psicologia.pdf\">Psicolog\u00eda<\/a><\/td>\n<td style=\"border: 1px solid #990000; width: 105.46px; text-align: center;\"><a href=\"https:\/\/ens7-caba.infd.edu.ar\/aula\/archivos\/repositorio\/\/4500\/4669\/42_51_53-GUTIERREZ-QUIMICA.pdf\">Qu\u00edmica<\/a><\/td>\n<td style=\"border: 1px solid #990000; width: 102px;\"><a href=\"https:\/\/ens7-caba.infd.edu.ar\/aula\/archivos\/repositorio\/\/4500\/4740\/4344_Murua_Educacion_y_Estado_2021.pdf\">Educaci\u00f3n y Estado<\/a><\/td>\n<td style=\"border: 1px solid #990000; width: 97px; text-align: center;\"><a href=\"https:\/\/ens7-caba.infd.edu.ar\/aula\/archivos\/repositorio\/\/4500\/4740\/4344_Murua_Educacion_y_Estado_2021.pdf\">Educaci\u00f3n y Estado<\/a><\/td>\n<\/tr>\n<tr>\n<td style=\"border: 1px solid #990000; width: 106.54px; text-align: center;\"><a href=\"https:\/\/ens7-caba.infd.edu.ar\/aula\/archivos\/repositorio\/\/4750\/4836\/41_Antropologia_cultural.pdf\">Antropolog\u00eda Cultural<\/a><\/td>\n<td style=\"border: 1px solid #990000; width: 105.46px; text-align: center;\"><a href=\"https:\/\/ens7-caba.infd.edu.ar\/aula\/archivos\/repositorio\/\/4500\/4666\/42-Dibarbora-Estructura_del_Universo.pdf\">Estructura del Universo<\/a><\/td>\n<td style=\"border: 1px solid #990000; width: 102px; text-align: center;\"><a href=\"https:\/\/ens7-caba.infd.edu.ar\/aula\/archivos\/repositorio\/\/4500\/4727\/43_44_sujetos_de_la_ed_2021_ULLOA.pdf\">Sujetos de la Educaci\u00f3n<\/a><\/td>\n<td style=\"border: 1px solid #990000; width: 97px; text-align: center;\"><a href=\"https:\/\/ens7-caba.infd.edu.ar\/aula\/archivos\/repositorio\/\/4500\/4727\/43_44_sujetos_de_la_ed_2021_ULLOA.pdf\">Sujetos de la Educaci\u00f3n<\/a><\/td>\n<\/tr>\n<tr>\n<td style=\"border: 1px solid #990000; width: 106.54px; text-align: center;\"><a href=\"https:\/\/ens7-caba.infd.edu.ar\/aula\/archivos\/repositorio\/\/4500\/4631\/4_1-Rodriguez_Lupo.pdf\">Sociolog\u00eda<\/a><\/td>\n<td style=\"border: 1px solid #990000; width: 105.46px; text-align: center;\"><a href=\"https:\/\/ens7-caba.infd.edu.ar\/aula\/archivos\/repositorio\/\/4750\/4831\/42_frunzi-_filosofia_de_las_ciencias_.pdf\">Filosof\u00eda de la Ciencia y\u00a0la Tecnolog\u00eda<\/a><\/td>\n<td style=\"border: 1px solid #990000; width: 102px; text-align: center;\"><a href=\"https:\/\/ens7-caba.infd.edu.ar\/aula\/archivos\/repositorio\/\/4500\/4721\/43_44_PERSPECTIVAS_PEDAGOGICAS_-_Programa_2021.pdf\">Perspectivas Pedag\u00f3gicas<\/a><\/td>\n<td style=\"border: 1px solid #990000; width: 97px; text-align: center;\"><a href=\"https:\/\/ens7-caba.infd.edu.ar\/aula\/archivos\/repositorio\/\/4500\/4721\/43_44_PERSPECTIVAS_PEDAGOGICAS_-_Programa_2021.pdf\">Perspectivas Pedag\u00f3gicas<\/a><\/td>\n<\/tr>\n<\/tbody>\n<\/table>\n","protected":false},"excerpt":{"rendered":"<p>4\u00ba 1\u00ba\u00a0 4\u00ba 2\u00ba 4\u00ba 3\u00ba 4\u00ba 4\u00ba Matem\u00e1tica Matem\u00e1tica Matem\u00e1tica Matem\u00e1tica Lengua y Literatura Lengua y Literatura Lengua\u00a0y Literatura Lengua\u00a0y Literatura Franc\u00e9s\/Ingl\u00e9s Franc\u00e9s\/Ingl\u00e9s Franc\u00e9s\/Ingl\u00e9s Franc\u00e9s\/Ingl\u00e9s F\u00edsica F\u00edsica F\u00edsica F\u00edsica Historia Historia Historia Historia Geograf\u00eda Geograf\u00eda Geograf\u00eda Geograf\u00eda Formaci\u00f3n \u00c9tica y Ciudadana Formaci\u00f3n \u00c9tica y Ciudadana Formaci\u00f3n \u00c9tica y Ciudadana Formaci\u00f3n \u00c9tica y Ciudadana Tecnolog\u00edas &#8230; <a title=\"Programas 4\u00ba A\u00f1o 2021\" class=\"read-more\" href=\"https:\/\/ens7-caba.infd.edu.ar\/sitio\/programas-4o-ano-2021\/\" aria-label=\"More on Programas 4\u00ba A\u00f1o 2021\">[+]<\/a><\/p>\n","protected":false},"author":2274,"featured_media":0,"parent":0,"menu_order":0,"comment_status":"closed","ping_status":"closed","template":"","meta":[],"acf":[],"_links":{"self":[{"href":"https:\/\/ens7-caba.infd.edu.ar\/sitio\/wp-json\/wp\/v2\/pages\/2513"}],"collection":[{"href":"https:\/\/ens7-caba.infd.edu.ar\/sitio\/wp-json\/wp\/v2\/pages"}],"about":[{"href":"https:\/\/ens7-caba.infd.edu.ar\/sitio\/wp-json\/wp\/v2\/types\/page"}],"author":[{"embeddable":true,"href":"https:\/\/ens7-caba.infd.edu.ar\/sitio\/wp-json\/wp\/v2\/users\/2274"}],"replies":[{"embeddable":true,"href":"https:\/\/ens7-caba.infd.edu.ar\/sitio\/wp-json\/wp\/v2\/comments?post=2513"}],"version-history":[{"count":10,"href":"https:\/\/ens7-caba.infd.edu.ar\/sitio\/wp-json\/wp\/v2\/pages\/2513\/revisions"}],"predecessor-version":[{"id":2809,"href":"https:\/\/ens7-caba.infd.edu.ar\/sitio\/wp-json\/wp\/v2\/pages\/2513\/revisions\/2809"}],"wp:attachment":[{"href":"https:\/\/ens7-caba.infd.edu.ar\/sitio\/wp-json\/wp\/v2\/media?parent=2513"}],"curies":[{"name":"wp","href":"https:\/\/api.w.org\/{rel}","templated":true}]}}