{"id":2515,"date":"2021-05-05T09:10:00","date_gmt":"2021-05-05T12:10:00","guid":{"rendered":"https:\/\/ens7-caba.infd.edu.ar\/sitio\/?page_id=2515"},"modified":"2021-10-20T22:39:28","modified_gmt":"2021-10-21T01:39:28","slug":"programas-5o-ano-2021","status":"publish","type":"page","link":"https:\/\/ens7-caba.infd.edu.ar\/sitio\/programas-5o-ano-2021\/","title":{"rendered":"Programas 5\u00ba A\u00f1o 2021"},"content":{"rendered":"<table width=\"600\">\n<tbody>\n<tr>\n<td width=\"155\">\n<p style=\"text-align: center;\"><strong>5\u00ba 1\u00ba\u00a0<\/strong><\/p>\n<\/td>\n<td style=\"text-align: center;\" width=\"155\"><strong>5\u00ba 2\u00ba<\/strong><\/td>\n<td style=\"text-align: center;\" width=\"155\"><strong>5\u00ba 3\u00ba<\/strong><\/td>\n<td width=\"155\">\n<p style=\"text-align: center;\"><strong>5\u00ba 4\u00ba<\/strong><\/p>\n<\/td>\n<\/tr>\n<tr>\n<td style=\"text-align: center;\" width=\"223\"><a href=\"https:\/\/ens7-caba.infd.edu.ar\/aula\/archivos\/repositorio\/\/4500\/4645\/51525354_-BITAR_-_MATEMATICA.pdf\">Matem\u00e1tica<\/a><\/td>\n<td style=\"text-align: center;\" width=\"223\"><a href=\"https:\/\/ens7-caba.infd.edu.ar\/aula\/archivos\/repositorio\/\/4500\/4645\/51525354_-BITAR_-_MATEMATICA.pdf\">Matem\u00e1tica<\/a><\/td>\n<td style=\"text-align: center;\" width=\"222\"><a href=\"https:\/\/ens7-caba.infd.edu.ar\/aula\/archivos\/repositorio\/\/4500\/4645\/51525354_-BITAR_-_MATEMATICA.pdf\">Matem\u00e1tica<\/a><\/td>\n<td style=\"text-align: center;\" width=\"217\"><a href=\"https:\/\/ens7-caba.infd.edu.ar\/aula\/archivos\/repositorio\/\/4500\/4645\/51525354_-BITAR_-_MATEMATICA.pdf\">Matem\u00e1tica<\/a><\/td>\n<\/tr>\n<tr>\n<td style=\"text-align: center;\" width=\"223\"><a href=\"https:\/\/ens7-caba.infd.edu.ar\/aula\/archivos\/repositorio\/\/4500\/4640\/51_52_53_54_-Anselmo-Romero_Lamas-Lengua_y_Literatura.pdf\">Lengua y Literatura<\/a><\/td>\n<td style=\"text-align: center;\" width=\"223\"><a href=\"https:\/\/ens7-caba.infd.edu.ar\/aula\/archivos\/repositorio\/\/4500\/4640\/51_52_53_54_-Anselmo-Romero_Lamas-Lengua_y_Literatura.pdf\">Lengua y Literatura<\/a><\/td>\n<td style=\"text-align: center;\" width=\"222\"><a href=\"https:\/\/ens7-caba.infd.edu.ar\/aula\/archivos\/repositorio\/\/4500\/4640\/51_52_53_54_-Anselmo-Romero_Lamas-Lengua_y_Literatura.pdf\">Lengua\u00a0y Literatura<\/a><\/td>\n<td style=\"text-align: center;\" width=\"217\"><a href=\"https:\/\/ens7-caba.infd.edu.ar\/aula\/archivos\/repositorio\/\/4500\/4640\/51_52_53_54_-Anselmo-Romero_Lamas-Lengua_y_Literatura.pdf\">Lengua\u00a0y Literatura<\/a><\/td>\n<\/tr>\n<tr>\n<td style=\"text-align: center;\" width=\"223\"><a href=\"https:\/\/ens7-caba.infd.edu.ar\/aula\/archivos\/repositorio\/\/4500\/4635\/51_54_FERRON_FRANCES.pdf\">Franc\u00e9s<\/a>\/<a href=\"https:\/\/ens7-caba.infd.edu.ar\/aula\/archivos\/repositorio\/\/4500\/4637\/51-52-53-54_-GUILLEN-SEBASTIANO-CANEPA-GIUSTI_Ingles_2021.pdf\">Ingl\u00e9s<\/a><\/td>\n<td style=\"text-align: center;\" width=\"223\"><a href=\"https:\/\/ens7-caba.infd.edu.ar\/aula\/archivos\/repositorio\/\/4500\/4635\/51_54_FERRON_FRANCES.pdf\">Franc\u00e9s<\/a>\/<a href=\"https:\/\/ens7-caba.infd.edu.ar\/aula\/archivos\/repositorio\/\/4500\/4637\/51-52-53-54_-GUILLEN-SEBASTIANO-CANEPA-GIUSTI_Ingles_2021.pdf\">Ingl\u00e9s<\/a><\/td>\n<td style=\"text-align: center;\" width=\"222\"><a href=\"https:\/\/ens7-caba.infd.edu.ar\/aula\/archivos\/repositorio\/\/4500\/4635\/51_54_FERRON_FRANCES.pdf\">Franc\u00e9s<\/a>\/<a href=\"https:\/\/ens7-caba.infd.edu.ar\/aula\/archivos\/repositorio\/\/4500\/4637\/51-52-53-54_-GUILLEN-SEBASTIANO-CANEPA-GIUSTI_Ingles_2021.pdf\">Ingl\u00e9s<\/a><\/td>\n<td style=\"text-align: center;\" width=\"217\"><a href=\"https:\/\/ens7-caba.infd.edu.ar\/aula\/archivos\/repositorio\/\/4500\/4635\/51_54_FERRON_FRANCES.pdf\">Franc\u00e9s<\/a>\/<a href=\"https:\/\/ens7-caba.infd.edu.ar\/aula\/archivos\/repositorio\/\/4500\/4637\/51-52-53-54_-GUILLEN-SEBASTIANO-CANEPA-GIUSTI_Ingles_2021.pdf\">Ingl\u00e9s<\/a><\/td>\n<\/tr>\n<tr>\n<td style=\"text-align: center;\" width=\"223\"><a href=\"https:\/\/ens7-caba.infd.edu.ar\/aula\/archivos\/repositorio\/\/4750\/4833\/Geografia_Ambiental_y_Politica_51.pdf\">Geograf\u00eda ambiental y pol\u00edtica<\/a><\/td>\n<td style=\"text-align: center;\" width=\"223\"><a href=\"https:\/\/ens7-caba.infd.edu.ar\/aula\/archivos\/repositorio\/\/4500\/4672\/52-SANTILLAN-ECOLOGIA.pdf\">Ecolog\u00eda<\/a><\/td>\n<td style=\"text-align: center;\" width=\"222\"><a href=\"https:\/\/ens7-caba.infd.edu.ar\/aula\/archivos\/repositorio\/\/4500\/4735\/53-Ed_y_Globalizacion_Vear.pdf\">\u00a0Educaci\u00f3n y Globalizaci\u00f3n<\/a><\/td>\n<td style=\"text-align: center;\" width=\"217\">\u00a0Educaci\u00f3n y Globalizaci\u00f3n<\/td>\n<\/tr>\n<tr>\n<td style=\"text-align: center;\" width=\"223\"><a href=\"https:\/\/ens7-caba.infd.edu.ar\/aula\/archivos\/repositorio\/\/4750\/4835\/Proyecto_en_Ciencias_Sociales_y_Humanidades__51.pdf\">Proyecto de Investigaci\u00f3n en Cs. Sociales<\/a><\/td>\n<td style=\"text-align: center;\" width=\"223\"><a href=\"https:\/\/ens7-caba.infd.edu.ar\/aula\/archivos\/repositorio\/\/4750\/4830\/52_Frunzi-ERV_.pdf\">Energ\u00eda, radiaci\u00f3n y Vida<\/a><\/td>\n<td style=\"text-align: center;\" width=\"222\"><a href=\"https:\/\/ens7-caba.infd.edu.ar\/aula\/archivos\/repositorio\/\/4500\/4736\/53_54_Quastler_Maltagliati_educacion_y_cultura_2021.pdf\">Educaci\u00f3n y cultura<\/a><\/td>\n<td style=\"text-align: center;\" width=\"217\"><a href=\"https:\/\/ens7-caba.infd.edu.ar\/aula\/archivos\/repositorio\/\/4500\/4736\/53_54_Quastler_Maltagliati_educacion_y_cultura_2021.pdf\">Educaci\u00f3n y cultura<\/a><\/td>\n<\/tr>\n<tr>\n<td width=\"223\"><a href=\"https:\/\/ens7-caba.infd.edu.ar\/aula\/archivos\/repositorio\/\/4500\/4642\/51-HOLTZ-SOCIEDADyESTADO.pdf\">Sociedad y Estado<\/a><\/td>\n<td width=\"223\"><a href=\"https:\/\/ens7-caba.infd.edu.ar\/aula\/archivos\/repositorio\/\/4500\/4675\/52-SANTILLAN-PROBLEMATICAS_CIENTIFICAS.pdf\">Problem\u00e1ticas Cient\u00edficas con Impacto Social<\/a><\/td>\n<td width=\"222\"><a href=\"https:\/\/ens7-caba.infd.edu.ar\/aula\/archivos\/repositorio\/\/4750\/4839\/53_54_MURUA_Proyecto_2021.pdf\">Proyecto final de inv. inicial e intervenci\u00f3n educativa<\/a><\/td>\n<td width=\"217\"><a href=\"https:\/\/ens7-caba.infd.edu.ar\/aula\/archivos\/repositorio\/\/4750\/4839\/53_54_MURUA_Proyecto_2021.pdf\">Proyecto\u00a0final de inv. inicial e intervenci\u00f3n educativa<\/a><\/td>\n<\/tr>\n<tr>\n<td width=\"223\"><a href=\"https:\/\/ens7-caba.infd.edu.ar\/aula\/archivos\/repositorio\/\/4500\/4643\/51_52_53_54-Pupillo-Trillo-Tec_de__la_informacion.pdf\">Tecnolog\u00edas de la Informaci\u00f3n<\/a><\/td>\n<td width=\"223\"><a href=\"https:\/\/ens7-caba.infd.edu.ar\/aula\/archivos\/repositorio\/\/4500\/4643\/51_52_53_54-Pupillo-Trillo-Tec_de__la_informacion.pdf\">Tecnolog\u00edas de la Informaci\u00f3n<\/a><\/td>\n<td width=\"222\"><a href=\"https:\/\/ens7-caba.infd.edu.ar\/aula\/archivos\/repositorio\/\/4500\/4643\/51_52_53_54-Pupillo-Trillo-Tec_de__la_informacion.pdf\">Tecnolog\u00edas de la Informaci\u00f3n<\/a><\/td>\n<td width=\"217\"><a href=\"https:\/\/ens7-caba.infd.edu.ar\/aula\/archivos\/repositorio\/\/4500\/4643\/51_52_53_54-Pupillo-Trillo-Tec_de__la_informacion.pdf\">Tecnolog\u00edas de la Informaci\u00f3n<\/a><\/td>\n<\/tr>\n<tr>\n<td width=\"223\"><a href=\"https:\/\/ens7-caba.infd.edu.ar\/aula\/archivos\/repositorio\/\/4500\/4676\/Historia_Orientada_51_2_3_y_4.pdf\">Historia<\/a><\/td>\n<td width=\"223\"><a href=\"https:\/\/ens7-caba.infd.edu.ar\/aula\/archivos\/repositorio\/\/4500\/4676\/Historia_Orientada_51_2_3_y_4.pdf\">Historia<\/a><\/td>\n<td width=\"222\"><a href=\"https:\/\/ens7-caba.infd.edu.ar\/aula\/archivos\/repositorio\/\/4500\/4676\/Historia_Orientada_51_2_3_y_4.pdf\">\u00a0Historia<\/a><\/td>\n<td width=\"217\"><a href=\"https:\/\/ens7-caba.infd.edu.ar\/aula\/archivos\/repositorio\/\/4500\/4676\/Historia_Orientada_51_2_3_y_4.pdf\">Historia<\/a><\/td>\n<\/tr>\n<tr>\n<td width=\"223\">EDI<\/td>\n<td width=\"223\">EDI<\/td>\n<td width=\"222\">EDI<\/td>\n<td width=\"217\">EDI<\/td>\n<\/tr>\n<tr>\n<td width=\"223\"><a href=\"https:\/\/ens7-caba.infd.edu.ar\/aula\/archivos\/repositorio\/\/4500\/4641\/51-52-CUBERLI-FILOSOFIA.docx.pdf\">Filosof\u00eda<\/a><\/td>\n<td width=\"223\"><a href=\"https:\/\/ens7-caba.infd.edu.ar\/aula\/archivos\/repositorio\/\/4500\/4641\/51-52-CUBERLI-FILOSOFIA.docx.pdf\">Filosof\u00eda<\/a><\/td>\n<td width=\"222\"><a href=\"https:\/\/ens7-caba.infd.edu.ar\/aula\/archivos\/repositorio\/\/4500\/4739\/5354-FERNANDEZ-FILOSOFIA.pdf\">Filosof\u00eda<\/a><\/td>\n<td width=\"217\"><a href=\"https:\/\/ens7-caba.infd.edu.ar\/aula\/archivos\/repositorio\/\/4500\/4739\/5354-FERNANDEZ-FILOSOFIA.pdf\">Filosof\u00eda<\/a><\/td>\n<\/tr>\n<tr>\n<td width=\"223\"><a href=\"https:\/\/ens7-caba.infd.edu.ar\/aula\/archivos\/repositorio\/\/4500\/4669\/42_51_53-GUTIERREZ-QUIMICA.pdf\">Qu\u00edmica<\/a><\/td>\n<td width=\"223\"><a href=\"https:\/\/ens7-caba.infd.edu.ar\/aula\/archivos\/repositorio\/\/4500\/4673\/52-Alcalde-_QUIMICA_ALIM._Y_SALUD.pdf\">Qu\u00edmica, Alimentaci\u00f3n\u00a0 y salud<\/a><\/td>\n<td width=\"222\"><a href=\"https:\/\/ens7-caba.infd.edu.ar\/aula\/archivos\/repositorio\/\/4500\/4669\/42_51_53-GUTIERREZ-QUIMICA.pdf\">Qu\u00edmica<\/a><\/td>\n<td width=\"217\"><a href=\"https:\/\/ens7-caba.infd.edu.ar\/aula\/archivos\/repositorio\/\/4500\/4730\/54MondaniQuimica.pdf\">Qu\u00edmica<\/a><\/td>\n<\/tr>\n<tr>\n<td width=\"223\"><a href=\"https:\/\/ens7-caba.infd.edu.ar\/aula\/archivos\/repositorio\/\/4500\/4626\/5_1-Rodriguez_Lupo-Historia_Cultural_Latinoamericana.pdf\">Historia Cultural Latinoamericana<\/a><\/td>\n<td width=\"223\"><a href=\"https:\/\/ens7-caba.infd.edu.ar\/aula\/archivos\/repositorio\/\/4500\/4674\/52-arte_y_ciencia-Aluau.pdf\">Arte y Ciencia<\/a><\/td>\n<td width=\"222\"><a href=\"https:\/\/ens7-caba.infd.edu.ar\/aula\/archivos\/repositorio\/\/4750\/4826\/53_54_NIETO_ZUCCONI__Educ_y_Psi_2021.pdf\">Educaci\u00f3n y Psicolog\u00eda<\/a><\/td>\n<td width=\"217\"><a href=\"https:\/\/ens7-caba.infd.edu.ar\/aula\/archivos\/repositorio\/\/4750\/4826\/53_54_NIETO_ZUCCONI__Educ_y_Psi_2021.pdf\">Educaci\u00f3n y Psicolog\u00eda<\/a><\/td>\n<\/tr>\n<tr>\n<td width=\"223\"><a href=\"https:\/\/ens7-caba.infd.edu.ar\/aula\/archivos\/repositorio\/\/4500\/4620\/Ed._Fisica_5to_2021_-_ENS_7.pdf\">Ed. F\u00edsica<\/a><\/td>\n<td width=\"223\"><a href=\"https:\/\/ens7-caba.infd.edu.ar\/aula\/archivos\/repositorio\/\/4500\/4620\/Ed._Fisica_5to_2021_-_ENS_7.pdf\">Ed. F\u00edsica<\/a><\/td>\n<td width=\"222\"><a href=\"https:\/\/ens7-caba.infd.edu.ar\/aula\/archivos\/repositorio\/\/4500\/4620\/Ed._Fisica_5to_2021_-_ENS_7.pdf\">Ed. F\u00edsica<\/a><\/td>\n<td width=\"217\"><a href=\"https:\/\/ens7-caba.infd.edu.ar\/aula\/archivos\/repositorio\/\/4500\/4620\/Ed._Fisica_5to_2021_-_ENS_7.pdf\">Ed. F\u00edsica<\/a><\/td>\n<\/tr>\n<tr>\n<td width=\"223\">\u00a0<\/td>\n<\/tr>\n<\/tbody>\n<\/table>\n\n\n<p><\/p>\n","protected":false},"excerpt":{"rendered":"<p>5\u00ba 1\u00ba\u00a0 5\u00ba 2\u00ba 5\u00ba 3\u00ba 5\u00ba 4\u00ba Matem\u00e1tica Matem\u00e1tica Matem\u00e1tica Matem\u00e1tica Lengua y Literatura Lengua y Literatura Lengua\u00a0y Literatura Lengua\u00a0y Literatura Franc\u00e9s\/Ingl\u00e9s Franc\u00e9s\/Ingl\u00e9s Franc\u00e9s\/Ingl\u00e9s Franc\u00e9s\/Ingl\u00e9s Geograf\u00eda ambiental y pol\u00edtica Ecolog\u00eda \u00a0Educaci\u00f3n y Globalizaci\u00f3n \u00a0Educaci\u00f3n y Globalizaci\u00f3n Proyecto de Investigaci\u00f3n en Cs. Sociales Energ\u00eda, radiaci\u00f3n y Vida Educaci\u00f3n y cultura Educaci\u00f3n y cultura Sociedad y &#8230; <a title=\"Programas 5\u00ba A\u00f1o 2021\" class=\"read-more\" href=\"https:\/\/ens7-caba.infd.edu.ar\/sitio\/programas-5o-ano-2021\/\" aria-label=\"More on Programas 5\u00ba A\u00f1o 2021\">[+]<\/a><\/p>\n","protected":false},"author":2274,"featured_media":0,"parent":0,"menu_order":0,"comment_status":"closed","ping_status":"closed","template":"","meta":[],"acf":[],"_links":{"self":[{"href":"https:\/\/ens7-caba.infd.edu.ar\/sitio\/wp-json\/wp\/v2\/pages\/2515"}],"collection":[{"href":"https:\/\/ens7-caba.infd.edu.ar\/sitio\/wp-json\/wp\/v2\/pages"}],"about":[{"href":"https:\/\/ens7-caba.infd.edu.ar\/sitio\/wp-json\/wp\/v2\/types\/page"}],"author":[{"embeddable":true,"href":"https:\/\/ens7-caba.infd.edu.ar\/sitio\/wp-json\/wp\/v2\/users\/2274"}],"replies":[{"embeddable":true,"href":"https:\/\/ens7-caba.infd.edu.ar\/sitio\/wp-json\/wp\/v2\/comments?post=2515"}],"version-history":[{"count":11,"href":"https:\/\/ens7-caba.infd.edu.ar\/sitio\/wp-json\/wp\/v2\/pages\/2515\/revisions"}],"predecessor-version":[{"id":3125,"href":"https:\/\/ens7-caba.infd.edu.ar\/sitio\/wp-json\/wp\/v2\/pages\/2515\/revisions\/3125"}],"wp:attachment":[{"href":"https:\/\/ens7-caba.infd.edu.ar\/sitio\/wp-json\/wp\/v2\/media?parent=2515"}],"curies":[{"name":"wp","href":"https:\/\/api.w.org\/{rel}","templated":true}]}}