{"id":2704,"date":"2021-09-03T23:23:28","date_gmt":"2021-09-04T02:23:28","guid":{"rendered":"https:\/\/ens7-caba.infd.edu.ar\/sitio\/?page_id=2704"},"modified":"2021-09-03T23:26:04","modified_gmt":"2021-09-04T02:26:04","slug":"alta-en-horas-y-o-cargos","status":"publish","type":"page","link":"https:\/\/ens7-caba.infd.edu.ar\/sitio\/alta-en-horas-y-o-cargos\/","title":{"rendered":"Alta en horas y\/o cargos"},"content":{"rendered":"\n<p class=\"has-black-color has-text-color has-normal-font-size\"><strong>Documentaci\u00f3n a presentar para apertura de Legajos Personales<\/strong><\/p>\n\n\n\n<p class=\"has-black-color has-text-color\">-Carpeta de tres solapas<\/p>\n\n\n\n<p class=\"has-black-color has-text-color\">-Fotocopia o constancia de cuil (hoja A4)<\/p>\n\n\n\n<p class=\"has-black-color has-text-color\">-Fotocopia color DNI frente y dorso (hoja A4)<\/p>\n\n\n\n<p class=\"has-black-color has-text-color\">-Fotocopia color frente y dorso t\u00edtulo secundario, t\u00edtulo terciario y t\u00edtulo universitario seg\u00fan corresponda.<\/p>\n\n\n\n<p class=\"has-black-color has-text-color\">-Fotocopia apto f\u00edsico<\/p>\n\n\n\n<p class=\"has-black-color has-text-color\">-Fotocopia del \u00faltimo recibo de haberes si se desempe\u00f1a en el \u00e1mbito educativo de la ciudad aut\u00f3noma de buenos aires<\/p>\n\n\n\n<p class=\"has-black-color has-text-color\">-Declaraci\u00f3n jurada de covid<\/p>\n\n\n\n<p class=\"has-black-color has-text-color\">-QR acto p\u00fablico<\/p>\n\n\n\n<p class=\"has-black-color has-text-color\">-Fotocopia de la ficha censal<\/p>\n\n\n\n<p class=\"has-black-color has-text-color\">&#8211;<a href=\"https:\/\/www.buenosaires.gob.ar\/sites\/gcaba\/files\/ficha_censal_2021_0.pdf\" data-type=\"URL\" data-id=\"https:\/\/www.buenosaires.gob.ar\/sites\/gcaba\/files\/ficha_censal_2021_0.pdf\">Instructivo Tr\u00e1mite ficha censal <\/a><\/p>\n\n\n\n<p class=\"has-black-color has-text-color\">-Declaraci\u00f3n jurada on line por duplicado<\/p>\n","protected":false},"excerpt":{"rendered":"<p>Documentaci\u00f3n a presentar para apertura de Legajos Personales -Carpeta de tres solapas -Fotocopia o constancia de cuil (hoja A4) -Fotocopia color DNI frente y dorso (hoja A4) -Fotocopia color frente y dorso t\u00edtulo secundario, t\u00edtulo terciario y t\u00edtulo universitario seg\u00fan corresponda. -Fotocopia apto f\u00edsico -Fotocopia del \u00faltimo recibo de haberes si se desempe\u00f1a en el &#8230; <a title=\"Alta en horas y\/o cargos\" class=\"read-more\" href=\"https:\/\/ens7-caba.infd.edu.ar\/sitio\/alta-en-horas-y-o-cargos\/\" aria-label=\"More on Alta en horas y\/o cargos\">[+]<\/a><\/p>\n","protected":false},"author":2274,"featured_media":0,"parent":0,"menu_order":0,"comment_status":"closed","ping_status":"closed","template":"","meta":[],"acf":[],"_links":{"self":[{"href":"https:\/\/ens7-caba.infd.edu.ar\/sitio\/wp-json\/wp\/v2\/pages\/2704"}],"collection":[{"href":"https:\/\/ens7-caba.infd.edu.ar\/sitio\/wp-json\/wp\/v2\/pages"}],"about":[{"href":"https:\/\/ens7-caba.infd.edu.ar\/sitio\/wp-json\/wp\/v2\/types\/page"}],"author":[{"embeddable":true,"href":"https:\/\/ens7-caba.infd.edu.ar\/sitio\/wp-json\/wp\/v2\/users\/2274"}],"replies":[{"embeddable":true,"href":"https:\/\/ens7-caba.infd.edu.ar\/sitio\/wp-json\/wp\/v2\/comments?post=2704"}],"version-history":[{"count":1,"href":"https:\/\/ens7-caba.infd.edu.ar\/sitio\/wp-json\/wp\/v2\/pages\/2704\/revisions"}],"predecessor-version":[{"id":2705,"href":"https:\/\/ens7-caba.infd.edu.ar\/sitio\/wp-json\/wp\/v2\/pages\/2704\/revisions\/2705"}],"wp:attachment":[{"href":"https:\/\/ens7-caba.infd.edu.ar\/sitio\/wp-json\/wp\/v2\/media?parent=2704"}],"curies":[{"name":"wp","href":"https:\/\/api.w.org\/{rel}","templated":true}]}}