{"id":2706,"date":"2021-09-03T23:24:10","date_gmt":"2021-09-04T02:24:10","guid":{"rendered":"https:\/\/ens7-caba.infd.edu.ar\/sitio\/?page_id=2706"},"modified":"2022-02-17T17:00:20","modified_gmt":"2022-02-17T20:00:20","slug":"licencia-docente","status":"publish","type":"page","link":"https:\/\/ens7-caba.infd.edu.ar\/sitio\/licencia-docente\/","title":{"rendered":"Licencia m\u00e9dica"},"content":{"rendered":"\n<p class=\"has-black-color has-text-color\">MIA (autogesti\u00f3n de licencias)<br><a href=\"https:\/\/drive.google.com\/file\/d\/136S1aWpUySxZ9xQMgtLkxQCLO4svnWQ0\/view\" data-type=\"URL\" data-id=\"https:\/\/drive.google.com\/file\/d\/136S1aWpUySxZ9xQMgtLkxQCLO4svnWQ0\/view\">Instructivo MIA<\/a><\/p>\n\n\n\n<p class=\"has-black-color has-text-color\">Realizar la solicitud en MIA en la primera hora de la jornada laboral. Si por alg\u00fan motivo no pod\u00e9s utilizar MIA y no ten\u00e9s la posibilidad de comunicarte con el\/la RAP, \u00e1rea de RH o Equipo de Conducci\u00f3n tramit\u00e1 la solicitud ante el servicio de mesa de la DGAMT (4323-9397).<\/p>\n\n\n\n<p class=\"has-black-color has-text-color\">Usuario: Tu n\u00famero de CUIL (sin espacios ni guiones)<\/p>\n\n\n\n<p class=\"has-black-color has-text-color\">Contrase\u00f1a: La misma que utilizas para los servicios de Gobierno (Correo, SADE, BuenosAiresDesdeAdentro).<\/p>\n\n\n\n<p>Video tutorial<\/p>\n\n\n\n<figure class=\"wp-block-embed is-type-video is-provider-youtube wp-block-embed-youtube wp-embed-aspect-16-9 wp-has-aspect-ratio\"><div class=\"wp-block-embed__wrapper\">\n<iframe loading=\"lazy\" title=\"Ingreso a MIA\" width=\"1200\" height=\"675\" src=\"https:\/\/www.youtube.com\/embed\/FzSaCLsKL2E?feature=oembed\" frameborder=\"0\" allow=\"accelerometer; autoplay; clipboard-write; encrypted-media; gyroscope; picture-in-picture\" allowfullscreen><\/iframe>\n<\/div><\/figure>\n","protected":false},"excerpt":{"rendered":"<p>MIA (autogesti\u00f3n de licencias)Instructivo MIA Realizar la solicitud en MIA en la primera hora de la jornada laboral. Si por alg\u00fan motivo no pod\u00e9s utilizar MIA y no ten\u00e9s la posibilidad de comunicarte con el\/la RAP, \u00e1rea de RH o Equipo de Conducci\u00f3n tramit\u00e1 la solicitud ante el servicio de mesa de la DGAMT (4323-9397). &#8230; <a title=\"Licencia m\u00e9dica\" class=\"read-more\" href=\"https:\/\/ens7-caba.infd.edu.ar\/sitio\/licencia-docente\/\" aria-label=\"More on Licencia m\u00e9dica\">[+]<\/a><\/p>\n","protected":false},"author":2274,"featured_media":0,"parent":0,"menu_order":0,"comment_status":"closed","ping_status":"closed","template":"","meta":[],"acf":[],"_links":{"self":[{"href":"https:\/\/ens7-caba.infd.edu.ar\/sitio\/wp-json\/wp\/v2\/pages\/2706"}],"collection":[{"href":"https:\/\/ens7-caba.infd.edu.ar\/sitio\/wp-json\/wp\/v2\/pages"}],"about":[{"href":"https:\/\/ens7-caba.infd.edu.ar\/sitio\/wp-json\/wp\/v2\/types\/page"}],"author":[{"embeddable":true,"href":"https:\/\/ens7-caba.infd.edu.ar\/sitio\/wp-json\/wp\/v2\/users\/2274"}],"replies":[{"embeddable":true,"href":"https:\/\/ens7-caba.infd.edu.ar\/sitio\/wp-json\/wp\/v2\/comments?post=2706"}],"version-history":[{"count":3,"href":"https:\/\/ens7-caba.infd.edu.ar\/sitio\/wp-json\/wp\/v2\/pages\/2706\/revisions"}],"predecessor-version":[{"id":3003,"href":"https:\/\/ens7-caba.infd.edu.ar\/sitio\/wp-json\/wp\/v2\/pages\/2706\/revisions\/3003"}],"wp:attachment":[{"href":"https:\/\/ens7-caba.infd.edu.ar\/sitio\/wp-json\/wp\/v2\/media?parent=2706"}],"curies":[{"name":"wp","href":"https:\/\/api.w.org\/{rel}","templated":true}]}}