{"id":2708,"date":"2021-09-03T23:26:39","date_gmt":"2021-09-04T02:26:39","guid":{"rendered":"https:\/\/ens7-caba.infd.edu.ar\/sitio\/?page_id=2708"},"modified":"2021-09-03T23:26:40","modified_gmt":"2021-09-04T02:26:40","slug":"jubilacion","status":"publish","type":"page","link":"https:\/\/ens7-caba.infd.edu.ar\/sitio\/jubilacion\/","title":{"rendered":"Jubilaci\u00f3n"},"content":{"rendered":"\n<p><strong>Presentar<\/strong><\/p>\n\n\n\n<p>-Nota dirigida a la Rector\u00eda solicitando la certificaci\u00f3n de servicios<\/p>\n\n\n\n<p>-Mail a secretaria solicitando la certificaci\u00f3n de servicios adjuntando nota enviada a Rector\u00eda<\/p>\n","protected":false},"excerpt":{"rendered":"<p>Presentar -Nota dirigida a la Rector\u00eda solicitando la certificaci\u00f3n de servicios -Mail a secretaria solicitando la certificaci\u00f3n de servicios adjuntando nota enviada a Rector\u00eda<\/p>\n","protected":false},"author":2274,"featured_media":0,"parent":0,"menu_order":0,"comment_status":"closed","ping_status":"closed","template":"","meta":[],"acf":[],"_links":{"self":[{"href":"https:\/\/ens7-caba.infd.edu.ar\/sitio\/wp-json\/wp\/v2\/pages\/2708"}],"collection":[{"href":"https:\/\/ens7-caba.infd.edu.ar\/sitio\/wp-json\/wp\/v2\/pages"}],"about":[{"href":"https:\/\/ens7-caba.infd.edu.ar\/sitio\/wp-json\/wp\/v2\/types\/page"}],"author":[{"embeddable":true,"href":"https:\/\/ens7-caba.infd.edu.ar\/sitio\/wp-json\/wp\/v2\/users\/2274"}],"replies":[{"embeddable":true,"href":"https:\/\/ens7-caba.infd.edu.ar\/sitio\/wp-json\/wp\/v2\/comments?post=2708"}],"version-history":[{"count":1,"href":"https:\/\/ens7-caba.infd.edu.ar\/sitio\/wp-json\/wp\/v2\/pages\/2708\/revisions"}],"predecessor-version":[{"id":2709,"href":"https:\/\/ens7-caba.infd.edu.ar\/sitio\/wp-json\/wp\/v2\/pages\/2708\/revisions\/2709"}],"wp:attachment":[{"href":"https:\/\/ens7-caba.infd.edu.ar\/sitio\/wp-json\/wp\/v2\/media?parent=2708"}],"curies":[{"name":"wp","href":"https:\/\/api.w.org\/{rel}","templated":true}]}}