{"id":2712,"date":"2021-09-03T23:28:57","date_gmt":"2021-09-04T02:28:57","guid":{"rendered":"https:\/\/ens7-caba.infd.edu.ar\/sitio\/?page_id=2712"},"modified":"2022-02-12T19:21:27","modified_gmt":"2022-02-12T22:21:27","slug":"declaracion-jurada-en-linea","status":"publish","type":"page","link":"https:\/\/ens7-caba.infd.edu.ar\/sitio\/declaracion-jurada-en-linea\/","title":{"rendered":"Declaraci\u00f3n Jurada en l\u00ednea"},"content":{"rendered":"\n<p>Los  enlaces para ingresar a las aplicaciones a trav\u00e9s del <strong>Sistema de Gesti\u00f3n Educativa <\/strong>y registrar los movimientos correspondientes son:<\/p>\n\n\n\n<p><img decoding=\"async\" loading=\"lazy\" width=\"5\" height=\"5\" src=\"\"><strong>Acceso a Declaraci\u00f3n Jurada en L\u00ednea: <\/strong><a href=\"http:\/\/sistemas1.buenosaires.edu.ar\/wsad\/declaracion_jurada.php\">http:\/\/sistemas1.buenosaires.edu.ar\/wsad\/declaracion_jurada.php<\/a><\/p>\n\n\n\n<p><img decoding=\"async\" loading=\"lazy\" width=\"5\" height=\"5\" src=\"\"><strong>Acceso a Formulario T Web: <\/strong><a href=\"http:\/\/sistemas1.buenosaires.edu.ar\/wsad\/\">http:\/\/sistemas1.buenosaires.edu.ar\/wsad\/<\/a><\/p>\n\n\n\n<p><strong>SALA DE CONSULTA VIRTUAL (SACOVI)<\/strong>, <strong>para realizar la declaraci\u00f3n jurada en l\u00ednea y el formulario T Web<\/strong>:<\/p>\n\n\n\n<p>Del <strong>09\/02\/22 al 28\/02\/22<\/strong> disponible en los siguientes horarios: <\/p>\n\n\n\n<p>De 9 a 12 horas \/ 13 a 16 horas \/ 17 a 20 horas<\/p>\n\n\n\n<p>Enlace: meet.google.com\/sac-vjsz-kxm<\/p>\n\n\n\n<p><\/p>\n\n\n\n<p><strong>MESAS DE AYUDA<\/strong><\/p>\n\n\n\n<p><img decoding=\"async\" loading=\"lazy\" width=\"5\" height=\"5\" src=\"\"><strong>DECLARACI\u00d3N JURADA EN L\u00cdNEA (DJL)<\/strong><\/p>\n\n\n\n<p>Correo electr\u00f3nico: <a href=\"mailto:consultas.djl@bue.edu.ar\">consultas.djl@bue.edu.ar<\/a> Tel\u00e9fonos: 6076 6000 internos 4017\/4023\/4029\/4034<\/p>\n\n\n\n<p>D\u00edas y horarios de atenci\u00f3n: lunes a viernes de 08:00 a 20:00<\/p>\n\n\n\n<p><strong><a href=\"https:\/\/drive.google.com\/file\/d\/1fkvJSOM0z--a27RrhVLyy5Q64G_EN1ke\/view?usp=sharing\">Instructivo DJL<\/a><\/strong><\/p>\n\n\n\n<p><img decoding=\"async\" loading=\"lazy\" width=\"5\" height=\"5\" src=\"\"><strong>FORMULARIO T WEB (FTW)<\/strong><\/p>\n\n\n\n<p>Correo electr\u00f3nico: <a href=\"mailto:consultatweb@bue.edu.ar\">consultatweb@bue.edu.ar<\/a><\/p>\n\n\n\n<p>Tel\u00e9fonos: 6076 6000 internos 4035 \/ 4040 \/ 4041 \/ 4046 <\/p>\n\n\n\n<p>D\u00edas y horarios de atenci\u00f3n: lunes a viernes de 08:00 a 20:00<\/p>\n\n\n\n<p><\/p>\n","protected":false},"excerpt":{"rendered":"<p>Los enlaces para ingresar a las aplicaciones a trav\u00e9s del Sistema de Gesti\u00f3n Educativa y registrar los movimientos correspondientes son: Acceso a Declaraci\u00f3n Jurada en L\u00ednea: http:\/\/sistemas1.buenosaires.edu.ar\/wsad\/declaracion_jurada.php Acceso a Formulario T Web: http:\/\/sistemas1.buenosaires.edu.ar\/wsad\/ SALA DE CONSULTA VIRTUAL (SACOVI), para realizar la declaraci\u00f3n jurada en l\u00ednea y el formulario T Web: Del 09\/02\/22 al 28\/02\/22 disponible &#8230; <a title=\"Declaraci\u00f3n Jurada en l\u00ednea\" class=\"read-more\" href=\"https:\/\/ens7-caba.infd.edu.ar\/sitio\/declaracion-jurada-en-linea\/\" aria-label=\"More on Declaraci\u00f3n Jurada en l\u00ednea\">[+]<\/a><\/p>\n","protected":false},"author":2274,"featured_media":0,"parent":0,"menu_order":0,"comment_status":"closed","ping_status":"closed","template":"","meta":[],"acf":[],"_links":{"self":[{"href":"https:\/\/ens7-caba.infd.edu.ar\/sitio\/wp-json\/wp\/v2\/pages\/2712"}],"collection":[{"href":"https:\/\/ens7-caba.infd.edu.ar\/sitio\/wp-json\/wp\/v2\/pages"}],"about":[{"href":"https:\/\/ens7-caba.infd.edu.ar\/sitio\/wp-json\/wp\/v2\/types\/page"}],"author":[{"embeddable":true,"href":"https:\/\/ens7-caba.infd.edu.ar\/sitio\/wp-json\/wp\/v2\/users\/2274"}],"replies":[{"embeddable":true,"href":"https:\/\/ens7-caba.infd.edu.ar\/sitio\/wp-json\/wp\/v2\/comments?post=2712"}],"version-history":[{"count":3,"href":"https:\/\/ens7-caba.infd.edu.ar\/sitio\/wp-json\/wp\/v2\/pages\/2712\/revisions"}],"predecessor-version":[{"id":2968,"href":"https:\/\/ens7-caba.infd.edu.ar\/sitio\/wp-json\/wp\/v2\/pages\/2712\/revisions\/2968"}],"wp:attachment":[{"href":"https:\/\/ens7-caba.infd.edu.ar\/sitio\/wp-json\/wp\/v2\/media?parent=2712"}],"curies":[{"name":"wp","href":"https:\/\/api.w.org\/{rel}","templated":true}]}}