{"id":2714,"date":"2021-09-03T23:29:15","date_gmt":"2021-09-04T02:29:15","guid":{"rendered":"https:\/\/ens7-caba.infd.edu.ar\/sitio\/?page_id=2714"},"modified":"2022-12-24T10:34:56","modified_gmt":"2022-12-24T13:34:56","slug":"tramites-administrativos","status":"publish","type":"page","link":"https:\/\/ens7-caba.infd.edu.ar\/sitio\/tramites-administrativos\/","title":{"rendered":"DOCENTES"},"content":{"rendered":"\n<p><\/p>\n\n\n\n<p><\/p>\n\n\n\n<figure class=\"wp-block-table alignfull is-style-stripes\"><table class=\"has-subtle-pale-blue-background-color has-fixed-layout has-background\"><tbody><tr><td class=\"has-text-align-center\" data-align=\"center\"><strong>Secretar\u00eda: Tel:&nbsp;4863-3839 &nbsp;e-mail:&nbsp;&nbsp;ens7@bue.edu.ar<\/strong><br><strong>Prosecretar\u00eda nivel medio:  ens7_nmprosecretaria@bue.edu.ar<br>Prosecretar\u00eda nivel terciario: ens7_ntprosecretaria@bue.edu.ar<\/strong><\/td><\/tr><tr><td class=\"has-text-align-center\" data-align=\"center\"><strong><span style=\"color:#0271a1\" class=\"has-inline-color\"><a rel=\"noreferrer noopener\" href=\"https:\/\/ens7-caba.infd.edu.ar\/sitio\/alta-en-horas-y-o-cargos\/\" data-type=\"URL\" data-id=\"https:\/\/ens7-caba.infd.edu.ar\/sitio\/alta-en-horas-y-o-cargos\/\" target=\"_blank\">Alta en horas y\/o cargos<\/a><\/span><\/strong><\/td><\/tr><tr><td class=\"has-text-align-center\" data-align=\"center\"><strong><a href=\"https:\/\/ens7-caba.infd.edu.ar\/aula\/archivos\/repositorio\/\/5000\/5093\/Nota_MODELO_de_RENUNCIA.doc\" target=\"_blank\" rel=\"noreferrer noopener\">Nota modelo de renuncia a horas c\u00e1tedra<\/a><\/strong><\/td><\/tr><tr><td class=\"has-text-align-center\" data-align=\"center\"><strong><span style=\"color:#0271a1\" class=\"has-inline-color\"><a rel=\"noreferrer noopener\" href=\"https:\/\/ens7-caba.infd.edu.ar\/sitio\/licencia-docente\/\" data-type=\"URL\" data-id=\"https:\/\/ens7-caba.infd.edu.ar\/sitio\/licencia-docente\/\" target=\"_blank\">Licencia m\u00e9dica<\/a><\/span><\/strong><\/td><\/tr><tr><td class=\"has-text-align-center\" data-align=\"center\"><strong><span style=\"color:#0271a1\" class=\"has-inline-color\"><a href=\"https:\/\/ens7-caba.infd.edu.ar\/sitio\/jubilacion\/\" data-type=\"URL\" data-id=\"https:\/\/ens7-caba.infd.edu.ar\/sitio\/jubilacion\/\" target=\"_blank\" rel=\"noreferrer noopener\">Jubilaci\u00f3n<\/a><\/span><\/strong><\/td><\/tr><tr><td class=\"has-text-align-center\" data-align=\"center\"><strong><span style=\"color:#0271a1\" class=\"has-inline-color\"><a href=\"https:\/\/ens7-caba.infd.edu.ar\/sitio\/asignaciones-familiares\/\" data-type=\"URL\" data-id=\"https:\/\/ens7-caba.infd.edu.ar\/sitio\/asignaciones-familiares\/\" target=\"_blank\" rel=\"noreferrer noopener\">Asignaciones familiares<\/a><\/span><\/strong><\/td><\/tr><tr><td class=\"has-text-align-center\" data-align=\"center\"><strong><a href=\"https:\/\/ens7-caba.infd.edu.ar\/sitio\/declaracion-jurada-en-linea\/\"><span style=\"color:#0271a1\" class=\"has-inline-color\">Declaraci\u00f3n Jurada en l\u00ednea<\/span> y Formulario T Web<\/a><\/strong><\/td><\/tr><tr><td class=\"has-text-align-center\" data-align=\"center\"><strong><span style=\"color:#2a89b2\" class=\"has-inline-color\"><a href=\"https:\/\/ens7-caba.infd.edu.ar\/sitio\/llamados-a-seleccion-de-antecedentes-del-normal\/\" data-type=\"URL\" data-id=\"https:\/\/ens7-caba.infd.edu.ar\/sitio\/llamados-a-seleccion-de-antecedentes-del-normal\/\">Llamados a selecci\u00f3n de antecedentes del Normal<\/a><\/span><\/strong><\/td><\/tr><tr><td class=\"has-text-align-center\" data-align=\"center\"><strong><a href=\"https:\/\/ens7-caba.infd.edu.ar\/sitio\/recibos-de-sueldo\/\" data-type=\"URL\" data-id=\"https:\/\/ens7-caba.infd.edu.ar\/sitio\/recibos-de-sueldo\/\">Ver recibos de sueldo<\/a><\/strong><\/td><\/tr><\/tbody><\/table><\/figure>\n","protected":false},"excerpt":{"rendered":"<p>Secretar\u00eda: Tel:&nbsp;4863-3839 &nbsp;e-mail:&nbsp;&nbsp;ens7@bue.edu.arProsecretar\u00eda nivel medio: ens7_nmprosecretaria@bue.edu.arProsecretar\u00eda nivel terciario: ens7_ntprosecretaria@bue.edu.ar Alta en horas y\/o cargos Nota modelo de renuncia a horas c\u00e1tedra Licencia m\u00e9dica Jubilaci\u00f3n Asignaciones familiares Declaraci\u00f3n Jurada en l\u00ednea y Formulario T Web Llamados a selecci\u00f3n de antecedentes del Normal Ver recibos de sueldo<\/p>\n","protected":false},"author":2274,"featured_media":0,"parent":0,"menu_order":0,"comment_status":"closed","ping_status":"closed","template":"","meta":[],"acf":[],"_links":{"self":[{"href":"https:\/\/ens7-caba.infd.edu.ar\/sitio\/wp-json\/wp\/v2\/pages\/2714"}],"collection":[{"href":"https:\/\/ens7-caba.infd.edu.ar\/sitio\/wp-json\/wp\/v2\/pages"}],"about":[{"href":"https:\/\/ens7-caba.infd.edu.ar\/sitio\/wp-json\/wp\/v2\/types\/page"}],"author":[{"embeddable":true,"href":"https:\/\/ens7-caba.infd.edu.ar\/sitio\/wp-json\/wp\/v2\/users\/2274"}],"replies":[{"embeddable":true,"href":"https:\/\/ens7-caba.infd.edu.ar\/sitio\/wp-json\/wp\/v2\/comments?post=2714"}],"version-history":[{"count":11,"href":"https:\/\/ens7-caba.infd.edu.ar\/sitio\/wp-json\/wp\/v2\/pages\/2714\/revisions"}],"predecessor-version":[{"id":3510,"href":"https:\/\/ens7-caba.infd.edu.ar\/sitio\/wp-json\/wp\/v2\/pages\/2714\/revisions\/3510"}],"wp:attachment":[{"href":"https:\/\/ens7-caba.infd.edu.ar\/sitio\/wp-json\/wp\/v2\/media?parent=2714"}],"curies":[{"name":"wp","href":"https:\/\/api.w.org\/{rel}","templated":true}]}}