{"id":2728,"date":"2021-09-26T19:01:07","date_gmt":"2021-09-26T22:01:07","guid":{"rendered":"https:\/\/ens7-caba.infd.edu.ar\/sitio\/?page_id=2728"},"modified":"2025-09-23T17:09:28","modified_gmt":"2025-09-23T20:09:28","slug":"inscripcion-nivel-medio","status":"publish","type":"page","link":"https:\/\/ens7-caba.infd.edu.ar\/sitio\/inscripcion-nivel-medio\/","title":{"rendered":"Inscripci\u00f3n Nivel Medio"},"content":{"rendered":"\n<h2 class=\"wp-block-heading\"><strong>Ciclo Lectivo 202<\/strong>6<\/h2>\n\n\n\n<pre class=\"wp-block-preformatted\">Inscripci\u00f3n al ciclo lectivo 2026\nPer\u00edodo ordinario\nPara aspirantes a 1. \u00b0 a\u00f1o de Nivel Secundario. \nPreinscripci\u00f3n\ndel 29 de septiembre al 7 de noviembre de 2025\n________________________________________\nControl documental\nPresentaci\u00f3n de la documentaci\u00f3n que respalda la informaci\u00f3n suministrada en el sistema. Si realiz\u00e1s el control documental no podr\u00e1s modificar los datos de la preinscripci\u00f3n.\ndel 29 de septiembre al 14 de noviembre de 2025\n________________________________________\nSorteo p\u00fablico anual\n22 de octubre de 2025\nSe tomar\u00e1 en cuenta en la asignaci\u00f3n de vacantes, en todos aquellos casos de igualdad de condiciones entre aspirantes. Para m\u00e1s informaci\u00f3n visit\u00e1 las bases del <a href=\"https:\/\/buenosaires.gob.ar\/asignacion-de-vacantes\/sorteo-publico-anual\">sorteo p\u00fablico anual<\/a>.\n________________________________________\nConsulta del estado de asignaci\u00f3n de vacantes\n5 de diciembre de 2025\n\n\nM\u00e1s informaci\u00f3n\n\u00bfQui\u00e9nes deben preinscribirse a trav\u00e9s del Sistema de Inscripci\u00f3n en L\u00ednea?\nEl sistema de Inscripci\u00f3n En L\u00ednea est\u00e1 dirigido a todos\/as los\/as aspirantes que ingresan por primera vez a un establecimiento educativo de gesti\u00f3n estatal de la Ciudad o que cambien de nivel educativo.\nDeben preinscribirse a trav\u00e9s del Sistema:\n\u2022\tAlumnos\/as que comienzan su escolaridad.\n\u2022\tAlumnos\/as matriculados\/as en un establecimiento educativo de gesti\u00f3n estatal de la Ciudad que cambian de nivel (de Inicial a Primario o de Primario a Secundario).\n\u2022\tAlumnos\/as provenientes de escuelas privadas de la Ciudad o de cualquier otra jurisdicci\u00f3n (sean privadas o estatales).\n\nPasos para realizar el tr\u00e1mite de forma PRESENCIAL.\nSacar turno al 147.\n\n<a href=\"https:\/\/buenosaires.gob.ar\/educacion\/escuelas\/sedes-puntos-presenciales\">Sedes -Puntos Presenciales<\/a>\n<\/pre>\n","protected":false},"excerpt":{"rendered":"<p>Ciclo Lectivo 2026 Inscripci\u00f3n al ciclo lectivo 2026 Per\u00edodo ordinario Para aspirantes a 1. \u00b0 a\u00f1o de Nivel Secundario. Preinscripci\u00f3n del 29 de septiembre al 7 de noviembre de 2025 ________________________________________ Control documental Presentaci\u00f3n de la documentaci\u00f3n que respalda la informaci\u00f3n suministrada en el sistema. Si realiz\u00e1s el control documental no podr\u00e1s modificar los datos &#8230; <a title=\"Inscripci\u00f3n Nivel Medio\" class=\"read-more\" href=\"https:\/\/ens7-caba.infd.edu.ar\/sitio\/inscripcion-nivel-medio\/\" aria-label=\"More on Inscripci\u00f3n Nivel Medio\">[+]<\/a><\/p>\n","protected":false},"author":2274,"featured_media":0,"parent":0,"menu_order":0,"comment_status":"closed","ping_status":"closed","template":"","meta":[],"acf":[],"_links":{"self":[{"href":"https:\/\/ens7-caba.infd.edu.ar\/sitio\/wp-json\/wp\/v2\/pages\/2728"}],"collection":[{"href":"https:\/\/ens7-caba.infd.edu.ar\/sitio\/wp-json\/wp\/v2\/pages"}],"about":[{"href":"https:\/\/ens7-caba.infd.edu.ar\/sitio\/wp-json\/wp\/v2\/types\/page"}],"author":[{"embeddable":true,"href":"https:\/\/ens7-caba.infd.edu.ar\/sitio\/wp-json\/wp\/v2\/users\/2274"}],"replies":[{"embeddable":true,"href":"https:\/\/ens7-caba.infd.edu.ar\/sitio\/wp-json\/wp\/v2\/comments?post=2728"}],"version-history":[{"count":19,"href":"https:\/\/ens7-caba.infd.edu.ar\/sitio\/wp-json\/wp\/v2\/pages\/2728\/revisions"}],"predecessor-version":[{"id":4735,"href":"https:\/\/ens7-caba.infd.edu.ar\/sitio\/wp-json\/wp\/v2\/pages\/2728\/revisions\/4735"}],"wp:attachment":[{"href":"https:\/\/ens7-caba.infd.edu.ar\/sitio\/wp-json\/wp\/v2\/media?parent=2728"}],"curies":[{"name":"wp","href":"https:\/\/api.w.org\/{rel}","templated":true}]}}