{"id":286,"date":"2016-10-31T13:17:59","date_gmt":"2016-10-31T16:17:59","guid":{"rendered":"https:\/\/ens7-caba.infd.edu.ar\/sitio\/?page_id=286"},"modified":"2025-11-28T09:56:05","modified_gmt":"2025-11-28T12:56:05","slug":"inicio","status":"publish","type":"page","link":"https:\/\/ens7-caba.infd.edu.ar\/sitio\/","title":{"rendered":""},"content":{"rendered":"\n<div class=\"alignfull\"><div id=\"metaslider-id-4757\" style=\"width: 100%;\" class=\"ml-slider-3-33-0 metaslider metaslider-flex metaslider-4757 ml-slider ms-theme-default\" role=\"region\" aria-roledescription=\"Slideshow\" aria-label=\"Presentaci\u00f3n\">\n    <div id=\"metaslider_container_4757\">\n        <div id=\"metaslider_4757\" class=\"flexslider\">\n            <ul aria-live=\"polite\" class=\"slides\">\n                <li style=\"display: block; width: 100%;\" class=\"slide-4760 ms-image\" aria-roledescription=\"slide\" aria-label=\"slide-4760\"><img width=\"1500\" height=\"300\" src=\"https:\/\/ens7-caba.infd.edu.ar\/sitio\/wp-content\/uploads\/2026\/02\/Banner-sitio-normal-sin-inscripcion-1.png\" class=\"slider-4757 slide-4760\" alt=\"\" decoding=\"async\" loading=\"lazy\" rel=\"\" title=\"Banner sitio normal sin inscripcion (1)\" srcset=\"https:\/\/ens7-caba.infd.edu.ar\/sitio\/wp-content\/uploads\/2026\/02\/Banner-sitio-normal-sin-inscripcion-1.png 1500w, https:\/\/ens7-caba.infd.edu.ar\/sitio\/wp-content\/uploads\/2026\/02\/Banner-sitio-normal-sin-inscripcion-1-1000x200.png 1000w, https:\/\/ens7-caba.infd.edu.ar\/sitio\/wp-content\/uploads\/2026\/02\/Banner-sitio-normal-sin-inscripcion-1-768x154.png 768w\" sizes=\"(max-width: 1500px) 100vw, 1500px\" \/><\/li>\n                <li style=\"display: none; width: 100%;\" class=\"slide-4761 ms-image\" aria-roledescription=\"slide\" aria-label=\"slide-4761\"><a href=\"https:\/\/ens7-caba.infd.edu.ar\/sitio\/ingresantes\/\" target=\"_blank\"><img width=\"1500\" height=\"300\" src=\"https:\/\/ens7-caba.infd.edu.ar\/sitio\/wp-content\/uploads\/2026\/02\/Banner-sitio-normal-sin-inscripcion.png\" class=\"slider-4757 slide-4761\" alt=\"\" decoding=\"async\" loading=\"lazy\" rel=\"\" title=\"Banner sitio normal sin inscripcion\" srcset=\"https:\/\/ens7-caba.infd.edu.ar\/sitio\/wp-content\/uploads\/2026\/02\/Banner-sitio-normal-sin-inscripcion.png 1500w, https:\/\/ens7-caba.infd.edu.ar\/sitio\/wp-content\/uploads\/2026\/02\/Banner-sitio-normal-sin-inscripcion-1000x200.png 1000w, https:\/\/ens7-caba.infd.edu.ar\/sitio\/wp-content\/uploads\/2026\/02\/Banner-sitio-normal-sin-inscripcion-768x154.png 768w\" sizes=\"(max-width: 1500px) 100vw, 1500px\" \/><\/a><\/li>\n            <\/ul>\n        <\/div>\n        \n    <\/div>\n<\/div><\/div>\n\n\n\n<figure class=\"wp-block-embed aligncenter is-type-video is-provider-youtube wp-block-embed-youtube wp-embed-aspect-16-9 wp-has-aspect-ratio\"><div class=\"wp-block-embed__wrapper\">\n<iframe loading=\"lazy\" title=\"Te invitamos a conocer el Normal 7\" width=\"1200\" height=\"675\" src=\"https:\/\/www.youtube.com\/embed\/XY39r0ibv-Q?feature=oembed\" frameborder=\"0\" allow=\"accelerometer; autoplay; clipboard-write; encrypted-media; gyroscope; picture-in-picture; web-share\" referrerpolicy=\"strict-origin-when-cross-origin\" allowfullscreen><\/iframe>\n<\/div><figcaption class=\"wp-element-caption\"><a href=\"https:\/\/www.instagram.com\/normal_7_jmt\">Seguinos en Instagram! <\/a> <a href=\"https:\/\/www.instagram.com\/normal_7_jmt\"><img decoding=\"async\" loading=\"lazy\" width=\"512\" height=\"512\" class=\"wp-image-4450\" style=\"width: 50px;\" src=\"https:\/\/ens7-caba.infd.edu.ar\/sitio\/wp-content\/uploads\/2024\/11\/instagram.webp\" alt=\"\" srcset=\"https:\/\/ens7-caba.infd.edu.ar\/sitio\/wp-content\/uploads\/2024\/11\/instagram.webp 512w, https:\/\/ens7-caba.infd.edu.ar\/sitio\/wp-content\/uploads\/2024\/11\/instagram-500x500.webp 500w\" sizes=\"(max-width: 512px) 100vw, 512px\" \/><\/a><\/figcaption><\/figure>\n\n\n\n<h6 class=\"wp-block-heading has-text-align-center\">Los invitamos a leer el octavo n\u00famero de la revista digital producida por el nivel terciario<\/h6>\n\n\n<div class=\"wp-block-image\">\n<figure class=\"aligncenter size-full\"><a href=\"https:\/\/viewer.joomag.com\/la-gran-siete-a%C3%B1o-7-n-8-noviembre-2025\/0488141001763662462?short&amp;\"><img decoding=\"async\" loading=\"lazy\" width=\"306\" height=\"423\" src=\"https:\/\/ens7-caba.infd.edu.ar\/sitio\/wp-content\/uploads\/2025\/11\/lagransiete2025.png.png\" alt=\"\" class=\"wp-image-4806\"\/><\/a><\/figure><\/div>\n\n\n<p><a href=\"https:\/\/viewer.joomag.com\/la-gran-siete-a%C3%B1o-6-n-7-noviembre-2024\/0616334001733338921?short&amp;\"><\/a><\/p>\n\n\n\n<p class=\"has-text-align-center\"><strong>Para consultas por inscripci\u00f3n a Nivel Terciario:&nbsp;<\/strong><\/p>\n\n\n\n<p class=\"has-text-align-center\"><a href=\"mailto:ens7.inscripcion@bue.edu.ar\"><strong>ens7.inscripcion@bue.edu.ar&nbsp;<\/strong><\/a><\/p>\n\n\n\n<p class=\"has-text-align-center\"><strong>Bedel\u00eda Nivel Terciario: &nbsp;Tel:&nbsp;4863-3808 e-mail: <a href=\"mailto:ens7_bedelia@bue.edu.ar\">ens7_bedelia@bue.edu.ar<\/a><\/strong><\/p>\n\n\n\n<hr class=\"wp-block-separator has-alpha-channel-opacity\"\/>\n\n\n\n<p class=\"has-text-align-center\"><strong>Av. Corrientes 4261 (C1195AAB).&nbsp;C.A.B.A.<\/strong><\/p>\n\n\n\n<p class=\"has-text-align-center\"><strong>Secretar\u00eda: Tel:&nbsp;4863-3839 &nbsp;e-mail:&nbsp;&nbsp;&nbsp;ens7@bue.edu.ar<\/strong><\/p>\n\n\n\n<p class=\"has-text-align-center\"><strong>Humahuaca 4260 (C1192ACH)&nbsp;&nbsp;C.A.B.A.<\/strong><\/p>\n\n\n\n<p class=\"has-text-align-center\"><strong>Polideportivo: Sarmiento 4041 (C1197AAG)&nbsp;C.A.B.A.<\/strong><\/p>\n\n\n\n<p><\/p>\n","protected":false},"excerpt":{"rendered":"<p>Los invitamos a leer el octavo n\u00famero de la revista digital producida por el nivel terciario Para consultas por inscripci\u00f3n a Nivel Terciario:&nbsp; ens7.inscripcion@bue.edu.ar&nbsp; Bedel\u00eda Nivel Terciario: &nbsp;Tel:&nbsp;4863-3808 e-mail: ens7_bedelia@bue.edu.ar Av. Corrientes 4261 (C1195AAB).&nbsp;C.A.B.A. Secretar\u00eda: Tel:&nbsp;4863-3839 &nbsp;e-mail:&nbsp;&nbsp;&nbsp;ens7@bue.edu.ar Humahuaca 4260 (C1192ACH)&nbsp;&nbsp;C.A.B.A. Polideportivo: Sarmiento 4041 (C1197AAG)&nbsp;C.A.B.A.<\/p>\n","protected":false},"author":1,"featured_media":0,"parent":0,"menu_order":0,"comment_status":"closed","ping_status":"closed","template":"","meta":[],"acf":[],"_links":{"self":[{"href":"https:\/\/ens7-caba.infd.edu.ar\/sitio\/wp-json\/wp\/v2\/pages\/286"}],"collection":[{"href":"https:\/\/ens7-caba.infd.edu.ar\/sitio\/wp-json\/wp\/v2\/pages"}],"about":[{"href":"https:\/\/ens7-caba.infd.edu.ar\/sitio\/wp-json\/wp\/v2\/types\/page"}],"author":[{"embeddable":true,"href":"https:\/\/ens7-caba.infd.edu.ar\/sitio\/wp-json\/wp\/v2\/users\/1"}],"replies":[{"embeddable":true,"href":"https:\/\/ens7-caba.infd.edu.ar\/sitio\/wp-json\/wp\/v2\/comments?post=286"}],"version-history":[{"count":478,"href":"https:\/\/ens7-caba.infd.edu.ar\/sitio\/wp-json\/wp\/v2\/pages\/286\/revisions"}],"predecessor-version":[{"id":4807,"href":"https:\/\/ens7-caba.infd.edu.ar\/sitio\/wp-json\/wp\/v2\/pages\/286\/revisions\/4807"}],"wp:attachment":[{"href":"https:\/\/ens7-caba.infd.edu.ar\/sitio\/wp-json\/wp\/v2\/media?parent=286"}],"curies":[{"name":"wp","href":"https:\/\/api.w.org\/{rel}","templated":true}]}}