{"id":2885,"date":"2021-12-16T23:08:49","date_gmt":"2021-12-17T02:08:49","guid":{"rendered":"https:\/\/ens7-caba.infd.edu.ar\/sitio\/?page_id=2885"},"modified":"2023-11-02T10:41:56","modified_gmt":"2023-11-02T13:41:56","slug":"llamados-a-seleccion-de-antecedentes-del-normal","status":"publish","type":"page","link":"https:\/\/ens7-caba.infd.edu.ar\/sitio\/llamados-a-seleccion-de-antecedentes-del-normal\/","title":{"rendered":"Llamados a selecci\u00f3n de antecedentes del Normal"},"content":{"rendered":"\n<p><a href=\"https:\/\/ens7-caba.infd.edu.ar\/aula\/archivos\/repositorio\/\/5250\/5342\/ENS7_Ens_Matematica_I_CFEPEP_2023.pdf\">Llamado PEP Ense\u00f1anza de Matem\u00e1tica I<\/a><\/p>\n\n\n\n<p><a href=\"https:\/\/ens7-caba.infd.edu.ar\/aula\/archivos\/repositorio\/\/5250\/5341\/ENS7_Filosofia_y_Educacion_CFG_2023.pdf\">Llamado CFG Filosof\u00eda y educaci\u00f3n<\/a><\/p>\n\n\n\n<p><a href=\"https:\/\/ens7-caba.infd.edu.ar\/aula\/archivos\/repositorio\/\/5250\/5340\/ENS7-Llamado_CFPD_PEP_2023.pdf\">Llamado PEP Tramo  2 y 3- Talleres 3-4-5 y 6<\/a><\/p>\n\n\n\n<p><\/p>\n","protected":false},"excerpt":{"rendered":"<p>Llamado PEP Ense\u00f1anza de Matem\u00e1tica I Llamado CFG Filosof\u00eda y educaci\u00f3n Llamado PEP Tramo 2 y 3- Talleres 3-4-5 y 6<\/p>\n","protected":false},"author":2274,"featured_media":0,"parent":0,"menu_order":0,"comment_status":"closed","ping_status":"closed","template":"","meta":[],"acf":[],"_links":{"self":[{"href":"https:\/\/ens7-caba.infd.edu.ar\/sitio\/wp-json\/wp\/v2\/pages\/2885"}],"collection":[{"href":"https:\/\/ens7-caba.infd.edu.ar\/sitio\/wp-json\/wp\/v2\/pages"}],"about":[{"href":"https:\/\/ens7-caba.infd.edu.ar\/sitio\/wp-json\/wp\/v2\/types\/page"}],"author":[{"embeddable":true,"href":"https:\/\/ens7-caba.infd.edu.ar\/sitio\/wp-json\/wp\/v2\/users\/2274"}],"replies":[{"embeddable":true,"href":"https:\/\/ens7-caba.infd.edu.ar\/sitio\/wp-json\/wp\/v2\/comments?post=2885"}],"version-history":[{"count":5,"href":"https:\/\/ens7-caba.infd.edu.ar\/sitio\/wp-json\/wp\/v2\/pages\/2885\/revisions"}],"predecessor-version":[{"id":3923,"href":"https:\/\/ens7-caba.infd.edu.ar\/sitio\/wp-json\/wp\/v2\/pages\/2885\/revisions\/3923"}],"wp:attachment":[{"href":"https:\/\/ens7-caba.infd.edu.ar\/sitio\/wp-json\/wp\/v2\/media?parent=2885"}],"curies":[{"name":"wp","href":"https:\/\/api.w.org\/{rel}","templated":true}]}}