{"id":3113,"date":"2022-04-23T15:39:06","date_gmt":"2022-04-23T18:39:06","guid":{"rendered":"https:\/\/ens7-caba.infd.edu.ar\/sitio\/?page_id=3113"},"modified":"2022-04-25T18:23:58","modified_gmt":"2022-04-25T21:23:58","slug":"primer-ano-2022","status":"publish","type":"page","link":"https:\/\/ens7-caba.infd.edu.ar\/sitio\/primer-ano-2022\/","title":{"rendered":"Programas 1\u00ba A\u00f1o 2022"},"content":{"rendered":"\n<figure id=\"table1\" class=\"wp-block-table\"><table><tbody><tr><td><strong>1\u00ba 1\u00ba<\/strong><\/td><td><strong>1\u00ba 2\u00ba<\/strong><\/td><td><strong>1\u00ba 3\u00ba<\/strong><\/td><td><strong>1\u00ba 4\u00ba<\/strong><\/td><\/tr><tr><td><a href=\"https:\/\/ens7-caba.infd.edu.ar\/aula\/archivos\/repositorio\/\/4750\/4912\/1_an_o_-Lengua_-_Programa_-_2022.pdf\">Lengua y <\/a><a href=\"https:\/\/ens7-caba.infd.edu.ar\/aula\/archivos\/repositorio\/\/4750\/4912\/1_an_o_-Lengua_-_Programa_-_2022.pdf\" target=\"_blank\" rel=\"noreferrer noopener\">literatura<\/a><\/td><td><a href=\"https:\/\/ens7-caba.infd.edu.ar\/aula\/archivos\/repositorio\/\/4750\/4912\/1_an_o_-Lengua_-_Programa_-_2022.pdf\" target=\"_blank\" rel=\"noreferrer noopener\">Lengua y literatura<\/a><\/td><td><a href=\"https:\/\/ens7-caba.infd.edu.ar\/aula\/archivos\/repositorio\/\/4750\/4912\/1_an_o_-Lengua_-_Programa_-_2022.pdf\" target=\"_blank\" rel=\"noreferrer noopener\">Lengua y literatura<\/a><\/td><td><a href=\"https:\/\/ens7-caba.infd.edu.ar\/aula\/archivos\/repositorio\/\/4750\/4912\/1_an_o_-Lengua_-_Programa_-_2022.pdf\" target=\"_blank\" rel=\"noreferrer noopener\">Lengua y literatura<\/a><\/td><\/tr><tr><td><a href=\"https:\/\/ens7-caba.infd.edu.ar\/aula\/archivos\/repositorio\/\/4750\/4984\/11_12_13_14__Ingles_2022.pdf\" target=\"_blank\" rel=\"noreferrer noopener\">Ingl\u00e9s<\/a><\/td><td><a href=\"https:\/\/ens7-caba.infd.edu.ar\/aula\/archivos\/repositorio\/\/4750\/4911\/1an_o_-_Frances_-_Programa_-_2022.pdf\" target=\"_blank\" rel=\"noreferrer noopener\">Franc\u00e9s<\/a><\/td><td><a href=\"https:\/\/ens7-caba.infd.edu.ar\/aula\/archivos\/repositorio\/\/4750\/4984\/11_12_13_14__Ingles_2022.pdf\" target=\"_blank\" rel=\"noreferrer noopener\">Ingl\u00e9s<\/a><\/td><td><a href=\"https:\/\/ens7-caba.infd.edu.ar\/aula\/archivos\/repositorio\/\/4750\/4911\/1an_o_-_Frances_-_Programa_-_2022.pdf\" target=\"_blank\" rel=\"noreferrer noopener\">Franc\u00e9s<\/a><\/td><\/tr><tr><td><a href=\"https:\/\/ens7-caba.infd.edu.ar\/aula\/archivos\/repositorio\/\/4750\/4914\/11121314-Cen_al-Ketzky-MATEMATICA.pdf\" target=\"_blank\" rel=\"noreferrer noopener\">Matem\u00e1tica<\/a><\/td><td><a href=\"https:\/\/ens7-caba.infd.edu.ar\/aula\/archivos\/repositorio\/\/4750\/4914\/11121314-Cen_al-Ketzky-MATEMATICA.pdf\" target=\"_blank\" rel=\"noreferrer noopener\">Matem\u00e1tica<\/a><\/td><td><a href=\"https:\/\/ens7-caba.infd.edu.ar\/aula\/archivos\/repositorio\/\/4750\/4914\/11121314-Cen_al-Ketzky-MATEMATICA.pdf\" target=\"_blank\" rel=\"noreferrer noopener\">Matem\u00e1tica<\/a><\/td><td><a href=\"https:\/\/ens7-caba.infd.edu.ar\/aula\/archivos\/repositorio\/\/4750\/4914\/11121314-Cen_al-Ketzky-MATEMATICA.pdf\" target=\"_blank\" rel=\"noreferrer noopener\">Matem\u00e1tica<\/a><\/td><\/tr><tr><td><a href=\"https:\/\/ens7-caba.infd.edu.ar\/aula\/archivos\/repositorio\/\/4750\/4915\/11121314-Benitez-Frunzi-BIOLOGIA.pdf\" target=\"_blank\" rel=\"noreferrer noopener\">Biolog\u00eda<\/a><\/td><td><a href=\"https:\/\/ens7-caba.infd.edu.ar\/aula\/archivos\/repositorio\/\/4750\/4915\/11121314-Benitez-Frunzi-BIOLOGIA.pdf\" target=\"_blank\" rel=\"noreferrer noopener\">Biolog\u00eda<\/a><\/td><td><a href=\"https:\/\/ens7-caba.infd.edu.ar\/aula\/archivos\/repositorio\/\/4750\/4915\/11121314-Benitez-Frunzi-BIOLOGIA.pdf\" target=\"_blank\" rel=\"noreferrer noopener\">Biolog\u00eda<\/a><\/td><td><a href=\"https:\/\/ens7-caba.infd.edu.ar\/aula\/archivos\/repositorio\/\/4750\/4915\/11121314-Benitez-Frunzi-BIOLOGIA.pdf\" target=\"_blank\" rel=\"noreferrer noopener\">Biolog\u00eda<\/a><\/td><\/tr><tr><td><a href=\"https:\/\/ens7-caba.infd.edu.ar\/aula\/archivos\/repositorio\/\/4750\/4917\/1_1_12_1_3_y_1_4_GEOGRAFIA.pdf\" target=\"_blank\" rel=\"noreferrer noopener\">Geograf\u00eda<\/a><\/td><td><a href=\"https:\/\/ens7-caba.infd.edu.ar\/aula\/archivos\/repositorio\/\/4750\/4917\/1_1_12_1_3_y_1_4_GEOGRAFIA.pdf\" target=\"_blank\" rel=\"noreferrer noopener\">Geograf\u00eda<\/a><\/td><td><a href=\"https:\/\/ens7-caba.infd.edu.ar\/aula\/archivos\/repositorio\/\/4750\/4917\/1_1_12_1_3_y_1_4_GEOGRAFIA.pdf\" target=\"_blank\" rel=\"noreferrer noopener\">Geograf\u00eda<\/a><\/td><td><a href=\"https:\/\/ens7-caba.infd.edu.ar\/aula\/archivos\/repositorio\/\/4750\/4917\/1_1_12_1_3_y_1_4_GEOGRAFIA.pdf\" target=\"_blank\" rel=\"noreferrer noopener\">Geograf\u00eda<\/a><\/td><\/tr><tr><td><a href=\"https:\/\/ens7-caba.infd.edu.ar\/aula\/archivos\/repositorio\/\/4750\/4919\/11_12_13_y_14__HISTORIA_.pdf\" target=\"_blank\" rel=\"noreferrer noopener\">Historia<\/a><\/td><td><a href=\"https:\/\/ens7-caba.infd.edu.ar\/aula\/archivos\/repositorio\/\/4750\/4919\/11_12_13_y_14__HISTORIA_.pdf\" target=\"_blank\" rel=\"noreferrer noopener\">Historia<\/a><\/td><td><a href=\"https:\/\/ens7-caba.infd.edu.ar\/aula\/archivos\/repositorio\/\/4750\/4919\/11_12_13_y_14__HISTORIA_.pdf\" target=\"_blank\" rel=\"noreferrer noopener\">Historia<\/a><\/td><td><a href=\"https:\/\/ens7-caba.infd.edu.ar\/aula\/archivos\/repositorio\/\/4750\/4919\/11_12_13_y_14__HISTORIA_.pdf\" target=\"_blank\" rel=\"noreferrer noopener\">Historia<\/a><\/td><\/tr><tr><td><a href=\"https:\/\/ens7-caba.infd.edu.ar\/aula\/archivos\/repositorio\/\/4750\/4918\/11_12_13_y_14.__FORMACION_ETICA_Y_CIUDADANA.pdf\" target=\"_blank\" rel=\"noreferrer noopener\">Formaci\u00f3n \u00c9tica y Ciudadana<\/a><\/td><td><a href=\"https:\/\/ens7-caba.infd.edu.ar\/aula\/archivos\/repositorio\/\/4750\/4918\/11_12_13_y_14.__FORMACION_ETICA_Y_CIUDADANA.pdf\" target=\"_blank\" rel=\"noreferrer noopener\">Formaci\u00f3n \u00c9tica y Ciudadana<\/a><\/td><td><a href=\"https:\/\/ens7-caba.infd.edu.ar\/aula\/archivos\/repositorio\/\/4750\/4918\/11_12_13_y_14.__FORMACION_ETICA_Y_CIUDADANA.pdf\" target=\"_blank\" rel=\"noreferrer noopener\">Formaci\u00f3n \u00c9tica y Ciudadana<\/a><\/td><td><a href=\"https:\/\/ens7-caba.infd.edu.ar\/aula\/archivos\/repositorio\/\/4750\/4918\/11_12_13_y_14.__FORMACION_ETICA_Y_CIUDADANA.pdf\" target=\"_blank\" rel=\"noreferrer noopener\">Formaci\u00f3n \u00c9tica y Ciudadana<\/a><\/td><\/tr><tr><td><a href=\"https:\/\/ens7-caba.infd.edu.ar\/aula\/archivos\/repositorio\/\/4750\/4928\/1oAlvarez-Ferri.Musica.pdf\" target=\"_blank\" rel=\"noreferrer noopener\">Artes-M\u00fasica<\/a><\/td><td><a href=\"https:\/\/ens7-caba.infd.edu.ar\/aula\/archivos\/repositorio\/\/4750\/4928\/1oAlvarez-Ferri.Musica.pdf\" target=\"_blank\" rel=\"noreferrer noopener\">Artes-M\u00fasica<\/a><\/td><td><a href=\"https:\/\/ens7-caba.infd.edu.ar\/aula\/archivos\/repositorio\/\/4750\/4928\/1oAlvarez-Ferri.Musica.pdf\" target=\"_blank\" rel=\"noreferrer noopener\">Artes-M\u00fasica<\/a><\/td><td><a href=\"https:\/\/ens7-caba.infd.edu.ar\/aula\/archivos\/repositorio\/\/4750\/4928\/1oAlvarez-Ferri.Musica.pdf\" target=\"_blank\" rel=\"noreferrer noopener\">Artes-M\u00fasica<\/a><\/td><\/tr><tr><td><a href=\"https:\/\/ens7-caba.infd.edu.ar\/aula\/archivos\/repositorio\/\/4750\/4935\/1oBenzecry-Reyes-Gallardo.ArtesVisuales.pdf\" target=\"_blank\" rel=\"noreferrer noopener\">Artes Visuales<\/a><\/td><td><a href=\"https:\/\/ens7-caba.infd.edu.ar\/aula\/archivos\/repositorio\/\/4750\/4935\/1oBenzecry-Reyes-Gallardo.ArtesVisuales.pdf\" target=\"_blank\" rel=\"noreferrer noopener\">Artes Visuales<\/a><\/td><td><a href=\"https:\/\/ens7-caba.infd.edu.ar\/aula\/archivos\/repositorio\/\/4750\/4935\/1oBenzecry-Reyes-Gallardo.ArtesVisuales.pdf\" target=\"_blank\" rel=\"noreferrer noopener\">Artes Visuales<\/a><\/td><td><a href=\"https:\/\/ens7-caba.infd.edu.ar\/aula\/archivos\/repositorio\/\/4750\/4935\/1oBenzecry-Reyes-Gallardo.ArtesVisuales.pdf\" target=\"_blank\" rel=\"noreferrer noopener\">Artes Visuales<\/a><\/td><\/tr><tr><td><a href=\"https:\/\/ens7-caba.infd.edu.ar\/aula\/archivos\/repositorio\/\/4750\/4920\/1112.1314__EDUCACION_TECNOLOGICA_.pdf\" target=\"_blank\" rel=\"noreferrer noopener\">Ed. Tecnol\u00f3gica<\/a><\/td><td><a href=\"https:\/\/ens7-caba.infd.edu.ar\/aula\/archivos\/repositorio\/\/4750\/4920\/1112.1314__EDUCACION_TECNOLOGICA_.pdf\" target=\"_blank\" rel=\"noreferrer noopener\">Ed. Tecnol\u00f3gica<\/a><\/td><td><a href=\"https:\/\/ens7-caba.infd.edu.ar\/aula\/archivos\/repositorio\/\/4750\/4920\/1112.1314__EDUCACION_TECNOLOGICA_.pdf\" target=\"_blank\" rel=\"noreferrer noopener\">Educ. Tecnol\u00f3gica<\/a><\/td><td><a href=\"https:\/\/ens7-caba.infd.edu.ar\/aula\/archivos\/repositorio\/\/4750\/4920\/1112.1314__EDUCACION_TECNOLOGICA_.pdf\" target=\"_blank\" rel=\"noreferrer noopener\">Educ. Tecnol\u00f3gica<\/a><\/td><\/tr><tr><td><a href=\"https:\/\/ens7-caba.infd.edu.ar\/aula\/archivos\/repositorio\/\/4750\/4929\/1oGalsman-Parisi-Fernandez.EdFisica.pdf\" target=\"_blank\" rel=\"noreferrer noopener\">Ed. F\u00edsica<\/a><\/td><td><a href=\"https:\/\/ens7-caba.infd.edu.ar\/aula\/archivos\/repositorio\/\/4750\/4929\/1oGalsman-Parisi-Fernandez.EdFisica.pdf\" target=\"_blank\" rel=\"noreferrer noopener\">Ed. F\u00edsica<\/a><\/td><td><a href=\"https:\/\/ens7-caba.infd.edu.ar\/aula\/archivos\/repositorio\/\/4750\/4929\/1oGalsman-Parisi-Fernandez.EdFisica.pdf\" target=\"_blank\" rel=\"noreferrer noopener\">Ed. F\u00edsica<\/a><\/td><td><a href=\"https:\/\/ens7-caba.infd.edu.ar\/aula\/archivos\/repositorio\/\/4750\/4929\/1oGalsman-Parisi-Fernandez.EdFisica.pdf\" target=\"_blank\" rel=\"noreferrer noopener\">Ed. F\u00edsica<\/a><\/td><\/tr><tr><td>EDI<\/td><td>EDI<\/td><td>EDI<\/td><td>EDI<\/td><\/tr><\/tbody><\/table><\/figure>\n\n\n\n<p><\/p>\n","protected":false},"excerpt":{"rendered":"<p>1\u00ba 1\u00ba 1\u00ba 2\u00ba 1\u00ba 3\u00ba 1\u00ba 4\u00ba Lengua y literatura Lengua y literatura Lengua y literatura Lengua y literatura Ingl\u00e9s Franc\u00e9s Ingl\u00e9s Franc\u00e9s Matem\u00e1tica Matem\u00e1tica Matem\u00e1tica Matem\u00e1tica Biolog\u00eda Biolog\u00eda Biolog\u00eda Biolog\u00eda Geograf\u00eda Geograf\u00eda Geograf\u00eda Geograf\u00eda Historia Historia Historia Historia Formaci\u00f3n \u00c9tica y Ciudadana Formaci\u00f3n \u00c9tica y Ciudadana Formaci\u00f3n \u00c9tica y Ciudadana Formaci\u00f3n \u00c9tica y &#8230; <a title=\"Programas 1\u00ba A\u00f1o 2022\" class=\"read-more\" href=\"https:\/\/ens7-caba.infd.edu.ar\/sitio\/primer-ano-2022\/\" aria-label=\"More on Programas 1\u00ba A\u00f1o 2022\">[+]<\/a><\/p>\n","protected":false},"author":2274,"featured_media":0,"parent":0,"menu_order":0,"comment_status":"closed","ping_status":"closed","template":"","meta":[],"acf":[],"_links":{"self":[{"href":"https:\/\/ens7-caba.infd.edu.ar\/sitio\/wp-json\/wp\/v2\/pages\/3113"}],"collection":[{"href":"https:\/\/ens7-caba.infd.edu.ar\/sitio\/wp-json\/wp\/v2\/pages"}],"about":[{"href":"https:\/\/ens7-caba.infd.edu.ar\/sitio\/wp-json\/wp\/v2\/types\/page"}],"author":[{"embeddable":true,"href":"https:\/\/ens7-caba.infd.edu.ar\/sitio\/wp-json\/wp\/v2\/users\/2274"}],"replies":[{"embeddable":true,"href":"https:\/\/ens7-caba.infd.edu.ar\/sitio\/wp-json\/wp\/v2\/comments?post=3113"}],"version-history":[{"count":4,"href":"https:\/\/ens7-caba.infd.edu.ar\/sitio\/wp-json\/wp\/v2\/pages\/3113\/revisions"}],"predecessor-version":[{"id":3151,"href":"https:\/\/ens7-caba.infd.edu.ar\/sitio\/wp-json\/wp\/v2\/pages\/3113\/revisions\/3151"}],"wp:attachment":[{"href":"https:\/\/ens7-caba.infd.edu.ar\/sitio\/wp-json\/wp\/v2\/media?parent=3113"}],"curies":[{"name":"wp","href":"https:\/\/api.w.org\/{rel}","templated":true}]}}