{"id":3117,"date":"2022-04-23T15:49:12","date_gmt":"2022-04-23T18:49:12","guid":{"rendered":"https:\/\/ens7-caba.infd.edu.ar\/sitio\/?page_id=3117"},"modified":"2022-04-23T19:48:52","modified_gmt":"2022-04-23T22:48:52","slug":"programas-2o-ano-2022","status":"publish","type":"page","link":"https:\/\/ens7-caba.infd.edu.ar\/sitio\/programas-2o-ano-2022\/","title":{"rendered":"Programas 2\u00ba A\u00f1o 2022"},"content":{"rendered":"\n<figure id=\"table1\" class=\"wp-block-table\"><table><tbody><tr><td><strong>2\u00ba 1\u00ba<\/strong><\/td><td><strong>2\u00ba 2\u00ba<\/strong><\/td><td><strong>2\u00ba 3\u00ba<\/strong><\/td><td><strong>2\u00ba 4\u00ba<\/strong><\/td><\/tr><tr><td><a href=\"https:\/\/ens7-caba.infd.edu.ar\/aula\/archivos\/repositorio\/\/4750\/4909\/2_an_o_-Lengua_-_Programa_-_2022.pdf\" target=\"_blank\" rel=\"noreferrer noopener\">Lengua y literatura<\/a><\/td><td><a href=\"https:\/\/ens7-caba.infd.edu.ar\/aula\/archivos\/repositorio\/\/4750\/4909\/2_an_o_-Lengua_-_Programa_-_2022.pdf\" target=\"_blank\" rel=\"noreferrer noopener\">Lengua y literatura<\/a><\/td><td><a href=\"https:\/\/ens7-caba.infd.edu.ar\/aula\/archivos\/repositorio\/\/4750\/4909\/2_an_o_-Lengua_-_Programa_-_2022.pdf\" target=\"_blank\" rel=\"noreferrer noopener\">Lengua y literatura<\/a><\/td><td><a href=\"https:\/\/ens7-caba.infd.edu.ar\/aula\/archivos\/repositorio\/\/4750\/4909\/2_an_o_-Lengua_-_Programa_-_2022.pdf\" target=\"_blank\" rel=\"noreferrer noopener\">Lengua y literatura<\/a><\/td><\/tr><tr><td><a href=\"https:\/\/ens7-caba.infd.edu.ar\/aula\/archivos\/repositorio\/\/4750\/4910\/2_an_o_-Ingles-_Programa_-_2022.pdf\" target=\"_blank\" rel=\"noreferrer noopener\">Ingl\u00e9s\u00a0<\/a><\/td><td><a href=\"https:\/\/ens7-caba.infd.edu.ar\/aula\/archivos\/repositorio\/\/4750\/4908\/2an_o_-_Frances_-_Programa_-_2022.pdf\" target=\"_blank\" rel=\"noreferrer noopener\">Franc\u00e9s<\/a><\/td><td><a href=\"https:\/\/ens7-caba.infd.edu.ar\/aula\/archivos\/repositorio\/\/4750\/4910\/2_an_o_-Ingles-_Programa_-_2022.pdf\" target=\"_blank\" rel=\"noreferrer noopener\">Ingl\u00e9s<\/a><\/td><td><a href=\"https:\/\/ens7-caba.infd.edu.ar\/aula\/archivos\/repositorio\/\/4750\/4908\/2an_o_-_Frances_-_Programa_-_2022.pdf\" target=\"_blank\" rel=\"noreferrer noopener\">Franc\u00e9s<\/a><\/td><\/tr><tr><td><a href=\"https:\/\/ens7-caba.infd.edu.ar\/aula\/archivos\/repositorio\/\/4750\/4916\/21222324KlettzkyColuccio-MATEMATICA.pdf\" target=\"_blank\" rel=\"noreferrer noopener\">Matem\u00e1tica<\/a><\/td><td><a href=\"https:\/\/ens7-caba.infd.edu.ar\/aula\/archivos\/repositorio\/\/4750\/4916\/21222324KlettzkyColuccio-MATEMATICA.pdf\" target=\"_blank\" rel=\"noreferrer noopener\">Matem\u00e1tica<\/a><\/td><td><a href=\"https:\/\/ens7-caba.infd.edu.ar\/aula\/archivos\/repositorio\/\/4750\/4916\/21222324KlettzkyColuccio-MATEMATICA.pdf\" target=\"_blank\" rel=\"noreferrer noopener\">Matem\u00e1tica<\/a><\/td><td><a href=\"https:\/\/ens7-caba.infd.edu.ar\/aula\/archivos\/repositorio\/\/4750\/4916\/21222324KlettzkyColuccio-MATEMATICA.pdf\" target=\"_blank\" rel=\"noreferrer noopener\">Matem\u00e1tica<\/a><\/td><\/tr><tr><td><a href=\"https:\/\/ens7-caba.infd.edu.ar\/aula\/archivos\/repositorio\/\/4750\/4913\/21222324-Alcalde-Benitez-Frunzi-BIOLOGIA.pdf\" target=\"_blank\" rel=\"noreferrer noopener\">Biolog\u00eda<\/a><\/td><td><a href=\"https:\/\/ens7-caba.infd.edu.ar\/aula\/archivos\/repositorio\/\/4750\/4913\/21222324-Alcalde-Benitez-Frunzi-BIOLOGIA.pdf\" target=\"_blank\" rel=\"noreferrer noopener\">Biolog\u00eda<\/a><\/td><td><a href=\"https:\/\/ens7-caba.infd.edu.ar\/aula\/archivos\/repositorio\/\/4750\/4913\/21222324-Alcalde-Benitez-Frunzi-BIOLOGIA.pdf\" target=\"_blank\" rel=\"noreferrer noopener\">Biolog\u00eda<\/a><\/td><td><a href=\"https:\/\/ens7-caba.infd.edu.ar\/aula\/archivos\/repositorio\/\/4750\/4913\/21222324-Alcalde-Benitez-Frunzi-BIOLOGIA.pdf\" target=\"_blank\" rel=\"noreferrer noopener\">Biolog\u00eda<\/a><\/td><\/tr><tr><td><a href=\"https:\/\/ens7-caba.infd.edu.ar\/aula\/archivos\/repositorio\/\/4750\/4922\/21_22._23_y_24_Geografia_.pdf\" target=\"_blank\" rel=\"noreferrer noopener\">Geograf\u00eda<\/a><\/td><td><a href=\"https:\/\/ens7-caba.infd.edu.ar\/aula\/archivos\/repositorio\/\/4750\/4922\/21_22._23_y_24_Geografia_.pdf\" target=\"_blank\" rel=\"noreferrer noopener\">Geograf\u00eda<\/a><\/td><td><a href=\"https:\/\/ens7-caba.infd.edu.ar\/aula\/archivos\/repositorio\/\/4750\/4922\/21_22._23_y_24_Geografia_.pdf\" target=\"_blank\" rel=\"noreferrer noopener\">Geograf\u00eda<\/a><\/td><td><a href=\"https:\/\/ens7-caba.infd.edu.ar\/aula\/archivos\/repositorio\/\/4750\/4922\/21_22._23_y_24_Geografia_.pdf\" target=\"_blank\" rel=\"noreferrer noopener\">Geograf\u00eda<\/a><\/td><\/tr><tr><td><a href=\"https:\/\/ens7-caba.infd.edu.ar\/aula\/archivos\/repositorio\/\/4750\/4925\/21_2223_y_24__HISTORIA.pdf\" target=\"_blank\" rel=\"noreferrer noopener\">Historia<\/a><\/td><td><a href=\"https:\/\/ens7-caba.infd.edu.ar\/aula\/archivos\/repositorio\/\/4750\/4925\/21_2223_y_24__HISTORIA.pdf\" target=\"_blank\" rel=\"noreferrer noopener\">Historia<\/a><\/td><td><a href=\"https:\/\/ens7-caba.infd.edu.ar\/aula\/archivos\/repositorio\/\/4750\/4925\/21_2223_y_24__HISTORIA.pdf\" target=\"_blank\" rel=\"noreferrer noopener\">Historia<\/a><\/td><td><a href=\"https:\/\/ens7-caba.infd.edu.ar\/aula\/archivos\/repositorio\/\/4750\/4925\/21_2223_y_24__HISTORIA.pdf\" target=\"_blank\" rel=\"noreferrer noopener\">Historia<\/a><\/td><\/tr><tr><td><a href=\"https:\/\/ens7-caba.infd.edu.ar\/aula\/archivos\/repositorio\/\/4750\/4921\/21_22_23_y_24__FORMACION_ETICA_Y_CIUDADANA.pdf\" target=\"_blank\" rel=\"noreferrer noopener\">Ed. Ciudadana<\/a><\/td><td><a href=\"https:\/\/ens7-caba.infd.edu.ar\/aula\/archivos\/repositorio\/\/4750\/4921\/21_22_23_y_24__FORMACION_ETICA_Y_CIUDADANA.pdf\" target=\"_blank\" rel=\"noreferrer noopener\">Ed. Ciudadana<\/a><\/td><td><a href=\"https:\/\/ens7-caba.infd.edu.ar\/aula\/archivos\/repositorio\/\/4750\/4921\/21_22_23_y_24__FORMACION_ETICA_Y_CIUDADANA.pdf\" target=\"_blank\" rel=\"noreferrer noopener\">Ed. Ciudadana<\/a><\/td><td><a href=\"https:\/\/ens7-caba.infd.edu.ar\/aula\/archivos\/repositorio\/\/4750\/4921\/21_22_23_y_24__FORMACION_ETICA_Y_CIUDADANA.pdf\" target=\"_blank\" rel=\"noreferrer noopener\">Ed. Ciudadana<\/a><\/td><\/tr><tr><td><a href=\"https:\/\/ens7-caba.infd.edu.ar\/aula\/archivos\/repositorio\/\/4750\/4931\/2oAlvarez-Ferri.Musica.pdf\" target=\"_blank\" rel=\"noreferrer noopener\">Artes-M\u00fasica<\/a><\/td><td><a href=\"https:\/\/ens7-caba.infd.edu.ar\/aula\/archivos\/repositorio\/\/4750\/4931\/2oAlvarez-Ferri.Musica.pdf\" target=\"_blank\" rel=\"noreferrer noopener\">Artes-M\u00fasica<\/a><\/td><td><a href=\"https:\/\/ens7-caba.infd.edu.ar\/aula\/archivos\/repositorio\/\/4750\/4931\/2oAlvarez-Ferri.Musica.pdf\" target=\"_blank\" rel=\"noreferrer noopener\">Artes-M\u00fasica<\/a><\/td><td><a href=\"https:\/\/ens7-caba.infd.edu.ar\/aula\/archivos\/repositorio\/\/4750\/4931\/2oAlvarez-Ferri.Musica.pdf\" target=\"_blank\" rel=\"noreferrer noopener\">Artes-M\u00fasica<\/a><\/td><\/tr><tr><td><a href=\"https:\/\/ens7-caba.infd.edu.ar\/aula\/archivos\/repositorio\/\/4750\/4923\/21_22_23_24_ed_tecnologica_2022.pdf\" target=\"_blank\" rel=\"noreferrer noopener\">Ed. Tecnol\u00f3gica<\/a><\/td><td><a href=\"https:\/\/ens7-caba.infd.edu.ar\/aula\/archivos\/repositorio\/\/4750\/4923\/21_22_23_24_ed_tecnologica_2022.pdf\" target=\"_blank\" rel=\"noreferrer noopener\">Ed. Tecnol\u00f3gica<\/a><\/td><td><a href=\"https:\/\/ens7-caba.infd.edu.ar\/aula\/archivos\/repositorio\/\/4750\/4923\/21_22_23_24_ed_tecnologica_2022.pdf\" target=\"_blank\" rel=\"noreferrer noopener\">Ed. Tecnol\u00f3gica<\/a><\/td><td><a href=\"https:\/\/ens7-caba.infd.edu.ar\/aula\/archivos\/repositorio\/\/4750\/4923\/21_22_23_24_ed_tecnologica_2022.pdf\" target=\"_blank\" rel=\"noreferrer noopener\">Ed. Tecnol\u00f3gica<\/a><\/td><\/tr><tr><td><a href=\"https:\/\/ens7-caba.infd.edu.ar\/aula\/archivos\/repositorio\/\/4750\/4930\/2oMalamud-Reyes.ArtesVisuales.pdf\" target=\"_blank\" rel=\"noreferrer noopener\">Artes visuales<\/a><\/td><td><a href=\"https:\/\/ens7-caba.infd.edu.ar\/aula\/archivos\/repositorio\/\/4750\/4930\/2oMalamud-Reyes.ArtesVisuales.pdf\" target=\"_blank\" rel=\"noreferrer noopener\">Artes visuales<\/a><\/td><td><a href=\"https:\/\/ens7-caba.infd.edu.ar\/aula\/archivos\/repositorio\/\/4750\/4930\/2oMalamud-Reyes.ArtesVisuales.pdf\" target=\"_blank\" rel=\"noreferrer noopener\">Artes visuales<\/a><\/td><td><a href=\"https:\/\/ens7-caba.infd.edu.ar\/aula\/archivos\/repositorio\/\/4750\/4930\/2oMalamud-Reyes.ArtesVisuales.pdf\" target=\"_blank\" rel=\"noreferrer noopener\">Artes visuales<\/a><\/td><\/tr><tr><td><a href=\"https:\/\/ens7-caba.infd.edu.ar\/aula\/archivos\/repositorio\/\/4750\/4932\/2oParisi-Aguero.EdFisica.pdf\" target=\"_blank\" rel=\"noreferrer noopener\">Ed. F\u00edsica<\/a><\/td><td><a href=\"https:\/\/ens7-caba.infd.edu.ar\/aula\/archivos\/repositorio\/\/4750\/4932\/2oParisi-Aguero.EdFisica.pdf\" target=\"_blank\" rel=\"noreferrer noopener\">Ed. F\u00edsica<\/a><\/td><td><a href=\"https:\/\/ens7-caba.infd.edu.ar\/aula\/archivos\/repositorio\/\/4750\/4932\/2oParisi-Aguero.EdFisica.pdf\" target=\"_blank\" rel=\"noreferrer noopener\">Ed. F\u00edsica<\/a><\/td><td><a href=\"https:\/\/ens7-caba.infd.edu.ar\/aula\/archivos\/repositorio\/\/4750\/4932\/2oParisi-Aguero.EdFisica.pdf\" target=\"_blank\" rel=\"noreferrer noopener\">Ed. F\u00edsica<\/a><\/td><\/tr><tr><td>EDI<\/td><td>EDI<\/td><td>EDI<\/td><td>EDI<\/td><\/tr><\/tbody><\/table><figcaption><a href=\"https:\/\/ens7-caba.infd.edu.ar\/aula\/archivos\/repositorio\/\/4750\/4924\/Programa_Unificado_de_Ciencias_Sociales_2_an_o._2022.pdf\" target=\"_blank\" rel=\"noreferrer noopener\">Programa unificado de Ciencias Sociales<\/a><\/figcaption><\/figure>\n\n\n\n<p><\/p>\n","protected":false},"excerpt":{"rendered":"<p>2\u00ba 1\u00ba 2\u00ba 2\u00ba 2\u00ba 3\u00ba 2\u00ba 4\u00ba Lengua y literatura Lengua y literatura Lengua y literatura Lengua y literatura Ingl\u00e9s\u00a0 Franc\u00e9s Ingl\u00e9s Franc\u00e9s Matem\u00e1tica Matem\u00e1tica Matem\u00e1tica Matem\u00e1tica Biolog\u00eda Biolog\u00eda Biolog\u00eda Biolog\u00eda Geograf\u00eda Geograf\u00eda Geograf\u00eda Geograf\u00eda Historia Historia Historia Historia Ed. Ciudadana Ed. Ciudadana Ed. Ciudadana Ed. Ciudadana Artes-M\u00fasica Artes-M\u00fasica Artes-M\u00fasica Artes-M\u00fasica Ed. Tecnol\u00f3gica Ed. &#8230; <a title=\"Programas 2\u00ba A\u00f1o 2022\" class=\"read-more\" href=\"https:\/\/ens7-caba.infd.edu.ar\/sitio\/programas-2o-ano-2022\/\" aria-label=\"More on Programas 2\u00ba A\u00f1o 2022\">[+]<\/a><\/p>\n","protected":false},"author":2274,"featured_media":0,"parent":0,"menu_order":0,"comment_status":"closed","ping_status":"closed","template":"","meta":[],"acf":[],"_links":{"self":[{"href":"https:\/\/ens7-caba.infd.edu.ar\/sitio\/wp-json\/wp\/v2\/pages\/3117"}],"collection":[{"href":"https:\/\/ens7-caba.infd.edu.ar\/sitio\/wp-json\/wp\/v2\/pages"}],"about":[{"href":"https:\/\/ens7-caba.infd.edu.ar\/sitio\/wp-json\/wp\/v2\/types\/page"}],"author":[{"embeddable":true,"href":"https:\/\/ens7-caba.infd.edu.ar\/sitio\/wp-json\/wp\/v2\/users\/2274"}],"replies":[{"embeddable":true,"href":"https:\/\/ens7-caba.infd.edu.ar\/sitio\/wp-json\/wp\/v2\/comments?post=3117"}],"version-history":[{"count":2,"href":"https:\/\/ens7-caba.infd.edu.ar\/sitio\/wp-json\/wp\/v2\/pages\/3117\/revisions"}],"predecessor-version":[{"id":3136,"href":"https:\/\/ens7-caba.infd.edu.ar\/sitio\/wp-json\/wp\/v2\/pages\/3117\/revisions\/3136"}],"wp:attachment":[{"href":"https:\/\/ens7-caba.infd.edu.ar\/sitio\/wp-json\/wp\/v2\/media?parent=3117"}],"curies":[{"name":"wp","href":"https:\/\/api.w.org\/{rel}","templated":true}]}}