{"id":3119,"date":"2022-04-23T16:06:28","date_gmt":"2022-04-23T19:06:28","guid":{"rendered":"https:\/\/ens7-caba.infd.edu.ar\/sitio\/?page_id=3119"},"modified":"2022-05-03T21:36:25","modified_gmt":"2022-05-04T00:36:25","slug":"programas-3o-ano-2022","status":"publish","type":"page","link":"https:\/\/ens7-caba.infd.edu.ar\/sitio\/programas-3o-ano-2022\/","title":{"rendered":"Programas 3\u00ba A\u00f1o 2022"},"content":{"rendered":"\n<figure id=\"table1\" class=\"wp-block-table\"><table><tbody><tr><td class=\"has-text-align-center\" data-align=\"center\"><strong>3\u00ba 1\u00ba<\/strong><\/td><td class=\"has-text-align-center\" data-align=\"center\"><strong>3\u00ba 2\u00ba<\/strong><\/td><td class=\"has-text-align-center\" data-align=\"center\"><strong>3\u00ba 3\u00ba<\/strong><\/td><td class=\"has-text-align-center\" data-align=\"center\"><strong>3\u00ba 4\u00ba<\/strong><\/td><\/tr><tr><td class=\"has-text-align-center\" data-align=\"center\"><a href=\"https:\/\/ens7-caba.infd.edu.ar\/aula\/archivos\/repositorio\/\/4750\/4943\/2022_31_32_33_34_-Anselmo-Romero_Lamas_-_Valenti_Altrudi_-_Lengua_y_Literatura.pdf\" target=\"_blank\" rel=\"noreferrer noopener\">Lengua y literatura<\/a><\/td><td class=\"has-text-align-center\" data-align=\"center\"><a href=\"https:\/\/ens7-caba.infd.edu.ar\/aula\/archivos\/repositorio\/\/4750\/4943\/2022_31_32_33_34_-Anselmo-Romero_Lamas_-_Valenti_Altrudi_-_Lengua_y_Literatura.pdf\" target=\"_blank\" rel=\"noreferrer noopener\">Lengua y literatura<\/a><\/td><td class=\"has-text-align-center\" data-align=\"center\"><a href=\"https:\/\/ens7-caba.infd.edu.ar\/aula\/archivos\/repositorio\/\/4750\/4943\/2022_31_32_33_34_-Anselmo-Romero_Lamas_-_Valenti_Altrudi_-_Lengua_y_Literatura.pdf\" target=\"_blank\" rel=\"noreferrer noopener\">Lengua y literatura<\/a><\/td><td class=\"has-text-align-center\" data-align=\"center\"><a href=\"https:\/\/ens7-caba.infd.edu.ar\/aula\/archivos\/repositorio\/\/4750\/4943\/2022_31_32_33_34_-Anselmo-Romero_Lamas_-_Valenti_Altrudi_-_Lengua_y_Literatura.pdf\" target=\"_blank\" rel=\"noreferrer noopener\">Lengua y literatura<\/a><\/td><\/tr><tr><td class=\"has-text-align-center\" data-align=\"center\"><a href=\"https:\/\/ens7-caba.infd.edu.ar\/aula\/archivos\/repositorio\/\/4750\/4945\/31-32-33-34-Ingles2022.pdf\" target=\"_blank\" rel=\"noreferrer noopener\">Ingl\u00e9s<\/a>&nbsp;\/&nbsp;<a href=\"https:\/\/ens7-caba.infd.edu.ar\/aula\/archivos\/repositorio\/\/4750\/4938\/31_FERRON_FRANCES_.pdf\" target=\"_blank\" rel=\"noreferrer noopener\">Franc\u00e9s<\/a><\/td><td class=\"has-text-align-center\" data-align=\"center\"><a href=\"https:\/\/ens7-caba.infd.edu.ar\/aula\/archivos\/repositorio\/\/4750\/4945\/31-32-33-34-Ingles2022.pdf\" target=\"_blank\" rel=\"noreferrer noopener\">Ingl\u00e9s<\/a>&nbsp;\/&nbsp;Franc\u00e9s<\/td><td class=\"has-text-align-center\" data-align=\"center\"><a rel=\"noreferrer noopener\" href=\"https:\/\/ens7-caba.infd.edu.ar\/aula\/archivos\/repositorio\/\/4750\/4945\/31-32-33-34-Ingles2022.pdf\" target=\"_blank\">Ingl\u00e9s<\/a>\u00a0\/\u00a0<a href=\"https:\/\/ens7-caba.infd.edu.ar\/aula\/archivos\/repositorio\/\/4750\/4997\/33_FERRON_FRANCES__.pdf\">Franc\u00e9s<\/a><\/td><td class=\"has-text-align-center\" data-align=\"center\"><a href=\"https:\/\/ens7-caba.infd.edu.ar\/aula\/archivos\/repositorio\/\/4750\/4945\/31-32-33-34-Ingles2022.pdf\" target=\"_blank\" rel=\"noreferrer noopener\">Ingl\u00e9s<\/a>&nbsp;\/&nbsp;Franc\u00e9s<\/td><\/tr><tr><td class=\"has-text-align-center\" data-align=\"center\"><a href=\"https:\/\/ens7-caba.infd.edu.ar\/aula\/archivos\/repositorio\/\/4750\/4939\/31_32_33_34__Ayala_Reichel_Matematica.pdf\" target=\"_blank\" rel=\"noreferrer noopener\">Matem\u00e1tica<\/a><\/td><td class=\"has-text-align-center\" data-align=\"center\"><a href=\"https:\/\/ens7-caba.infd.edu.ar\/aula\/archivos\/repositorio\/\/4750\/4939\/31_32_33_34__Ayala_Reichel_Matematica.pdf\" target=\"_blank\" rel=\"noreferrer noopener\">Matem\u00e1tica<\/a><\/td><td class=\"has-text-align-center\" data-align=\"center\"><a href=\"https:\/\/ens7-caba.infd.edu.ar\/aula\/archivos\/repositorio\/\/4750\/4939\/31_32_33_34__Ayala_Reichel_Matematica.pdf\" target=\"_blank\" rel=\"noreferrer noopener\">Matem\u00e1tica<\/a><\/td><td class=\"has-text-align-center\" data-align=\"center\"><a href=\"https:\/\/ens7-caba.infd.edu.ar\/aula\/archivos\/repositorio\/\/4750\/4939\/31_32_33_34__Ayala_Reichel_Matematica.pdf\" target=\"_blank\" rel=\"noreferrer noopener\">Matem\u00e1tica<\/a><\/td><\/tr><tr><td class=\"has-text-align-center\" data-align=\"center\"><a href=\"https:\/\/ens7-caba.infd.edu.ar\/aula\/archivos\/repositorio\/\/4750\/4942\/31323334-ALCALDE-BIOLOGIA.pdf\" target=\"_blank\" rel=\"noreferrer noopener\">Biolog\u00eda<\/a><\/td><td class=\"has-text-align-center\" data-align=\"center\"><a href=\"https:\/\/ens7-caba.infd.edu.ar\/aula\/archivos\/repositorio\/\/4750\/4942\/31323334-ALCALDE-BIOLOGIA.pdf\" target=\"_blank\" rel=\"noreferrer noopener\">Biolog\u00eda<\/a><\/td><td class=\"has-text-align-center\" data-align=\"center\"><a href=\"https:\/\/ens7-caba.infd.edu.ar\/aula\/archivos\/repositorio\/\/4750\/4942\/31323334-ALCALDE-BIOLOGIA.pdf\" target=\"_blank\" rel=\"noreferrer noopener\">Biolog\u00eda<\/a><\/td><td class=\"has-text-align-center\" data-align=\"center\"><a href=\"https:\/\/ens7-caba.infd.edu.ar\/aula\/archivos\/repositorio\/\/4750\/4942\/31323334-ALCALDE-BIOLOGIA.pdf\" target=\"_blank\" rel=\"noreferrer noopener\">Biolog\u00eda<\/a><\/td><\/tr><tr><td class=\"has-text-align-center\" data-align=\"center\">Geograf\u00eda<\/td><td class=\"has-text-align-center\" data-align=\"center\"><a href=\"https:\/\/ens7-caba.infd.edu.ar\/aula\/archivos\/repositorio\/\/4750\/4948\/2022_-_32_33_34_-_Salvatierra_-_Geografia.pdf\" target=\"_blank\" rel=\"noreferrer noopener\">Geograf\u00eda<\/a><\/td><td class=\"has-text-align-center\" data-align=\"center\"><a href=\"https:\/\/ens7-caba.infd.edu.ar\/aula\/archivos\/repositorio\/\/4750\/4948\/2022_-_32_33_34_-_Salvatierra_-_Geografia.pdf\" target=\"_blank\" rel=\"noreferrer noopener\">Geograf\u00eda<\/a><\/td><td class=\"has-text-align-center\" data-align=\"center\"><a href=\"https:\/\/ens7-caba.infd.edu.ar\/aula\/archivos\/repositorio\/\/4750\/4948\/2022_-_32_33_34_-_Salvatierra_-_Geografia.pdf\" target=\"_blank\" rel=\"noreferrer noopener\">Geograf\u00eda<\/a><\/td><\/tr><tr><td class=\"has-text-align-center\" data-align=\"center\"><a href=\"https:\/\/ens7-caba.infd.edu.ar\/aula\/archivos\/repositorio\/\/4750\/4946\/3EROS_AN_OS-CANEPA-CID-MARIO-HISTORIA.pdf\" target=\"_blank\" rel=\"noreferrer noopener\">Historia<\/a><\/td><td class=\"has-text-align-center\" data-align=\"center\"><a href=\"https:\/\/ens7-caba.infd.edu.ar\/aula\/archivos\/repositorio\/\/4750\/4946\/3EROS_AN_OS-CANEPA-CID-MARIO-HISTORIA.pdf\" target=\"_blank\" rel=\"noreferrer noopener\">Historia<\/a><\/td><td class=\"has-text-align-center\" data-align=\"center\"><a href=\"https:\/\/ens7-caba.infd.edu.ar\/aula\/archivos\/repositorio\/\/4750\/4946\/3EROS_AN_OS-CANEPA-CID-MARIO-HISTORIA.pdf\" target=\"_blank\" rel=\"noreferrer noopener\">Historia<\/a><\/td><td class=\"has-text-align-center\" data-align=\"center\"><a href=\"https:\/\/ens7-caba.infd.edu.ar\/aula\/archivos\/repositorio\/\/4750\/4946\/3EROS_AN_OS-CANEPA-CID-MARIO-HISTORIA.pdf\" target=\"_blank\" rel=\"noreferrer noopener\">Historia<\/a><\/td><\/tr><tr><td class=\"has-text-align-center\" data-align=\"center\"><a href=\"https:\/\/ens7-caba.infd.edu.ar\/aula\/archivos\/repositorio\/\/4750\/4937\/3ROS_AN_OS-ABRAMOVICH-CID-Formacion_etica_y_ciudadana.pdf\" target=\"_blank\" rel=\"noreferrer noopener\">Formaci\u00f3n \u00c9tica y&nbsp;Ciudadana<\/a><\/td><td class=\"has-text-align-center\" data-align=\"center\"><a href=\"https:\/\/ens7-caba.infd.edu.ar\/aula\/archivos\/repositorio\/\/4750\/4937\/3ROS_AN_OS-ABRAMOVICH-CID-Formacion_etica_y_ciudadana.pdf\" target=\"_blank\" rel=\"noreferrer noopener\">Formaci\u00f3n \u00c9tica y Ciudadana<\/a><\/td><td class=\"has-text-align-center\" data-align=\"center\"><a href=\"https:\/\/ens7-caba.infd.edu.ar\/aula\/archivos\/repositorio\/\/4750\/4937\/3ROS_AN_OS-ABRAMOVICH-CID-Formacion_etica_y_ciudadana.pdf\" target=\"_blank\" rel=\"noreferrer noopener\">Formaci\u00f3n \u00c9tica y Ciudadana<\/a><\/td><td class=\"has-text-align-center\" data-align=\"center\"><a href=\"https:\/\/ens7-caba.infd.edu.ar\/aula\/archivos\/repositorio\/\/4750\/4937\/3ROS_AN_OS-ABRAMOVICH-CID-Formacion_etica_y_ciudadana.pdf\" target=\"_blank\" rel=\"noreferrer noopener\">Formaci\u00f3n \u00c9tica y Ciudadana<\/a><\/td><\/tr><tr><td class=\"has-text-align-center\" data-align=\"center\"><a href=\"https:\/\/ens7-caba.infd.edu.ar\/aula\/archivos\/repositorio\/\/4750\/4940\/31_y_34-MONDANI-fisico_quimica_.pdf\" target=\"_blank\" rel=\"noreferrer noopener\">F\u00edsico-Qu\u00edmica<\/a><\/td><td class=\"has-text-align-center\" data-align=\"center\">F\u00edsico-Qu\u00edmica<\/td><td class=\"has-text-align-center\" data-align=\"center\">F\u00edsico-Qu\u00edmica<\/td><td class=\"has-text-align-center\" data-align=\"center\"><a href=\"https:\/\/ens7-caba.infd.edu.ar\/aula\/archivos\/repositorio\/\/4750\/4940\/31_y_34-MONDANI-fisico_quimica_.pdf\" target=\"_blank\" rel=\"noreferrer noopener\">F\u00edsico-Qu\u00edmica<\/a><\/td><\/tr><tr><td class=\"has-text-align-center\" data-align=\"center\">Econom\u00eda<\/td><td class=\"has-text-align-center\" data-align=\"center\"><a href=\"https:\/\/ens7-caba.infd.edu.ar\/aula\/archivos\/repositorio\/\/4750\/4941\/3_2_y_3_3-Cartochio-Economia.pdf\" target=\"_blank\" rel=\"noreferrer noopener\">Econom\u00eda<\/a><\/td><td class=\"has-text-align-center\" data-align=\"center\"><a href=\"https:\/\/ens7-caba.infd.edu.ar\/aula\/archivos\/repositorio\/\/4750\/4941\/3_2_y_3_3-Cartochio-Economia.pdf\" target=\"_blank\" rel=\"noreferrer noopener\">Econom\u00eda<\/a><\/td><td class=\"has-text-align-center\" data-align=\"center\">Econom\u00eda<\/td><\/tr><tr><td class=\"has-text-align-center\" data-align=\"center\"><a href=\"https:\/\/ens7-caba.infd.edu.ar\/aula\/archivos\/repositorio\/\/4750\/4947\/2022_-_31_32_33_34_-_Cuberli_-_Romero_Lamas_-_EDI.pdf\" target=\"_blank\" rel=\"noreferrer noopener\">EDI<\/a><\/td><td class=\"has-text-align-center\" data-align=\"center\"><a href=\"https:\/\/ens7-caba.infd.edu.ar\/aula\/archivos\/repositorio\/\/4750\/4947\/2022_-_31_32_33_34_-_Cuberli_-_Romero_Lamas_-_EDI.pdf\" target=\"_blank\" rel=\"noreferrer noopener\">EDI<\/a><\/td><td class=\"has-text-align-center\" data-align=\"center\"><a href=\"https:\/\/ens7-caba.infd.edu.ar\/aula\/archivos\/repositorio\/\/4750\/4947\/2022_-_31_32_33_34_-_Cuberli_-_Romero_Lamas_-_EDI.pdf\" target=\"_blank\" rel=\"noreferrer noopener\">EDI<\/a><\/td><td class=\"has-text-align-center\" data-align=\"center\"><a href=\"https:\/\/ens7-caba.infd.edu.ar\/aula\/archivos\/repositorio\/\/4750\/4947\/2022_-_31_32_33_34_-_Cuberli_-_Romero_Lamas_-_EDI.pdf\" target=\"_blank\" rel=\"noreferrer noopener\">EDI<\/a><\/td><\/tr><tr><td class=\"has-text-align-center\" data-align=\"center\"><a href=\"https:\/\/ens7-caba.infd.edu.ar\/aula\/archivos\/repositorio\/\/4750\/4926\/3oFernandez.EdFisica.pdf\" target=\"_blank\" rel=\"noreferrer noopener\">Ed. F\u00edsica<\/a><\/td><td class=\"has-text-align-center\" data-align=\"center\"><a href=\"https:\/\/ens7-caba.infd.edu.ar\/aula\/archivos\/repositorio\/\/4750\/4926\/3oFernandez.EdFisica.pdf\" target=\"_blank\" rel=\"noreferrer noopener\">Ed. F\u00edsica<\/a><\/td><td class=\"has-text-align-center\" data-align=\"center\"><a href=\"https:\/\/ens7-caba.infd.edu.ar\/aula\/archivos\/repositorio\/\/4750\/4926\/3oFernandez.EdFisica.pdf\" target=\"_blank\" rel=\"noreferrer noopener\">Ed. F\u00edsica<\/a><\/td><td class=\"has-text-align-center\" data-align=\"center\"><a href=\"https:\/\/ens7-caba.infd.edu.ar\/aula\/archivos\/repositorio\/\/4750\/4926\/3oFernandez.EdFisica.pdf\" target=\"_blank\" rel=\"noreferrer noopener\">Ed. F\u00edsica<\/a><\/td><\/tr><tr><td class=\"has-text-align-center\" data-align=\"center\"><a href=\"https:\/\/ens7-caba.infd.edu.ar\/aula\/archivos\/repositorio\/\/4750\/4950\/2022_-_31_32_33_34_-_Golato_-_Toscano_-_Tecnologias_de_la_Informacion.pdf\" target=\"_blank\" rel=\"noreferrer noopener\">Tecnolog\u00edas de la&nbsp; informaci\u00f3n<\/a><\/td><td class=\"has-text-align-center\" data-align=\"center\"><a href=\"https:\/\/ens7-caba.infd.edu.ar\/aula\/archivos\/repositorio\/\/4750\/4950\/2022_-_31_32_33_34_-_Golato_-_Toscano_-_Tecnologias_de_la_Informacion.pdf\" target=\"_blank\" rel=\"noreferrer noopener\">Tecnolog\u00edas de la informaci\u00f3n<\/a><\/td><td class=\"has-text-align-center\" data-align=\"center\"><a href=\"https:\/\/ens7-caba.infd.edu.ar\/aula\/archivos\/repositorio\/\/4750\/4950\/2022_-_31_32_33_34_-_Golato_-_Toscano_-_Tecnologias_de_la_Informacion.pdf\" target=\"_blank\" rel=\"noreferrer noopener\">Tecnolog\u00edas de la informaci\u00f3n<\/a><\/td><td class=\"has-text-align-center\" data-align=\"center\"><a href=\"https:\/\/ens7-caba.infd.edu.ar\/aula\/archivos\/repositorio\/\/4750\/4950\/2022_-_31_32_33_34_-_Golato_-_Toscano_-_Tecnologias_de_la_Informacion.pdf\" target=\"_blank\" rel=\"noreferrer noopener\">Tecnolog\u00edas de la informaci\u00f3n<\/a><\/td><\/tr><tr><td class=\"has-text-align-center\" data-align=\"center\"><a href=\"https:\/\/ens7-caba.infd.edu.ar\/aula\/archivos\/repositorio\/\/4750\/4944\/31-MARIO-INTRODUCCION_A_LAS_CIENCIAS_SOCIALES_Y_A_LAS_HUMANIDADES.pdf\" target=\"_blank\" rel=\"noreferrer noopener\">Introducci\u00f3n a las Cs. Sociales y&nbsp;Humanidades<\/a><\/td><td class=\"has-text-align-center\" data-align=\"center\"><a href=\"https:\/\/ens7-caba.infd.edu.ar\/aula\/archivos\/repositorio\/\/4750\/4949\/2022_-_32_-_Zarate_-_Historia_Vida_y_Tierra.pdf\" target=\"_blank\" rel=\"noreferrer noopener\">Historia de la vida y de la Tierra<\/a><\/td><td class=\"has-text-align-center\" data-align=\"center\"><a href=\"https:\/\/ens7-caba.infd.edu.ar\/aula\/archivos\/repositorio\/\/4750\/4994\/33_y_34_EDUCACION_Y_SOCIEDAD.pdf\">Educaci\u00f3n y Sociedad<\/a><\/td><td class=\"has-text-align-center\" data-align=\"center\"><a href=\"https:\/\/ens7-caba.infd.edu.ar\/aula\/archivos\/repositorio\/\/4750\/4994\/33_y_34_EDUCACION_Y_SOCIEDAD.pdf\">Educaci\u00f3n y Sociedad<\/a><\/td><\/tr><\/tbody><\/table><\/figure>\n\n\n\n<p><\/p>\n","protected":false},"excerpt":{"rendered":"<p>3\u00ba 1\u00ba 3\u00ba 2\u00ba 3\u00ba 3\u00ba 3\u00ba 4\u00ba Lengua y literatura Lengua y literatura Lengua y literatura Lengua y literatura Ingl\u00e9s&nbsp;\/&nbsp;Franc\u00e9s Ingl\u00e9s&nbsp;\/&nbsp;Franc\u00e9s Ingl\u00e9s\u00a0\/\u00a0Franc\u00e9s Ingl\u00e9s&nbsp;\/&nbsp;Franc\u00e9s Matem\u00e1tica Matem\u00e1tica Matem\u00e1tica Matem\u00e1tica Biolog\u00eda Biolog\u00eda Biolog\u00eda Biolog\u00eda Geograf\u00eda Geograf\u00eda Geograf\u00eda Geograf\u00eda Historia Historia Historia Historia Formaci\u00f3n \u00c9tica y&nbsp;Ciudadana Formaci\u00f3n \u00c9tica y Ciudadana Formaci\u00f3n \u00c9tica y Ciudadana Formaci\u00f3n \u00c9tica y Ciudadana &#8230; <a title=\"Programas 3\u00ba A\u00f1o 2022\" class=\"read-more\" href=\"https:\/\/ens7-caba.infd.edu.ar\/sitio\/programas-3o-ano-2022\/\" aria-label=\"More on Programas 3\u00ba A\u00f1o 2022\">[+]<\/a><\/p>\n","protected":false},"author":2274,"featured_media":0,"parent":0,"menu_order":0,"comment_status":"closed","ping_status":"closed","template":"","meta":[],"acf":[],"_links":{"self":[{"href":"https:\/\/ens7-caba.infd.edu.ar\/sitio\/wp-json\/wp\/v2\/pages\/3119"}],"collection":[{"href":"https:\/\/ens7-caba.infd.edu.ar\/sitio\/wp-json\/wp\/v2\/pages"}],"about":[{"href":"https:\/\/ens7-caba.infd.edu.ar\/sitio\/wp-json\/wp\/v2\/types\/page"}],"author":[{"embeddable":true,"href":"https:\/\/ens7-caba.infd.edu.ar\/sitio\/wp-json\/wp\/v2\/users\/2274"}],"replies":[{"embeddable":true,"href":"https:\/\/ens7-caba.infd.edu.ar\/sitio\/wp-json\/wp\/v2\/comments?post=3119"}],"version-history":[{"count":3,"href":"https:\/\/ens7-caba.infd.edu.ar\/sitio\/wp-json\/wp\/v2\/pages\/3119\/revisions"}],"predecessor-version":[{"id":3178,"href":"https:\/\/ens7-caba.infd.edu.ar\/sitio\/wp-json\/wp\/v2\/pages\/3119\/revisions\/3178"}],"wp:attachment":[{"href":"https:\/\/ens7-caba.infd.edu.ar\/sitio\/wp-json\/wp\/v2\/media?parent=3119"}],"curies":[{"name":"wp","href":"https:\/\/api.w.org\/{rel}","templated":true}]}}