{"id":3585,"date":"2023-03-31T20:19:10","date_gmt":"2023-03-31T23:19:10","guid":{"rendered":"https:\/\/ens7-caba.infd.edu.ar\/sitio\/?page_id=3585"},"modified":"2023-06-04T21:08:26","modified_gmt":"2023-06-05T00:08:26","slug":"programas-3o-ano-2023","status":"publish","type":"page","link":"https:\/\/ens7-caba.infd.edu.ar\/sitio\/programas-3o-ano-2023\/","title":{"rendered":"Programas 3\u00ba A\u00f1o 2023"},"content":{"rendered":"\n<figure class=\"wp-block-table\"><table><tbody><tr><td class=\"has-text-align-center\" data-align=\"center\"><strong>3\u00ba 1\u00ba<\/strong><\/td><td class=\"has-text-align-center\" data-align=\"center\"><strong>3\u00ba 2\u00ba<\/strong><\/td><td class=\"has-text-align-center\" data-align=\"center\"><strong>3\u00ba 3\u00ba<\/strong><\/td><td class=\"has-text-align-center\" data-align=\"center\"><strong>3\u00ba 4\u00ba<\/strong><\/td><\/tr><tr><td class=\"has-text-align-center\" data-align=\"center\"><a href=\"https:\/\/ens7-caba.infd.edu.ar\/aula\/archivos\/repositorio\/\/5000\/5183\/31_32_33_34_-Anselmo-Perotti-_Valenti_Altrudi_-_Lengua_y_Literatura_2023.pdf\" target=\"_blank\" rel=\"noreferrer noopener\">Lengua y literatura<\/a><\/td><td class=\"has-text-align-center\" data-align=\"center\"><a href=\"https:\/\/ens7-caba.infd.edu.ar\/aula\/archivos\/repositorio\/\/5000\/5183\/31_32_33_34_-Anselmo-Perotti-_Valenti_Altrudi_-_Lengua_y_Literatura_2023.pdf\" target=\"_blank\" rel=\"noreferrer noopener\">Lengua y literatura<\/a><\/td><td class=\"has-text-align-center\" data-align=\"center\"><a href=\"https:\/\/ens7-caba.infd.edu.ar\/aula\/archivos\/repositorio\/\/5000\/5183\/31_32_33_34_-Anselmo-Perotti-_Valenti_Altrudi_-_Lengua_y_Literatura_2023.pdf\" target=\"_blank\" rel=\"noreferrer noopener\">Lengua y literatura<\/a><\/td><td class=\"has-text-align-center\" data-align=\"center\"><a href=\"https:\/\/ens7-caba.infd.edu.ar\/aula\/archivos\/repositorio\/\/5000\/5183\/31_32_33_34_-Anselmo-Perotti-_Valenti_Altrudi_-_Lengua_y_Literatura_2023.pdf\" target=\"_blank\" rel=\"noreferrer noopener\">Lengua y literatura<\/a><\/td><\/tr><tr><td class=\"has-text-align-center\" data-align=\"center\"><a rel=\"noreferrer noopener\" href=\"https:\/\/ens7-caba.infd.edu.ar\/aula\/archivos\/repositorio\/\/5000\/5182\/31-32-33-34-FERNANDEZ-GIUSTI-GUILLEN-POTENZA.pdf\" target=\"_blank\">Ingl\u00e9s<\/a>&nbsp;\/&nbsp;<a href=\"https:\/\/ens7-caba.infd.edu.ar\/aula\/archivos\/repositorio\/\/5000\/5176\/31_FERRON_FRANCES_.pdf\" target=\"_blank\" rel=\"noreferrer noopener\">Franc\u00e9s<\/a><\/td><td class=\"has-text-align-center\" data-align=\"center\"><a href=\"https:\/\/ens7-caba.infd.edu.ar\/aula\/archivos\/repositorio\/\/5000\/5182\/31-32-33-34-FERNANDEZ-GIUSTI-GUILLEN-POTENZA.pdf\" target=\"_blank\" rel=\"noreferrer noopener\">Ingl\u00e9s<\/a>&nbsp;\/&nbsp;Franc\u00e9s<\/td><td class=\"has-text-align-center\" data-align=\"center\"><a href=\"https:\/\/ens7-caba.infd.edu.ar\/aula\/archivos\/repositorio\/\/5000\/5182\/31-32-33-34-FERNANDEZ-GIUSTI-GUILLEN-POTENZA.pdf\" target=\"_blank\" rel=\"noreferrer noopener\">Ingl\u00e9s<\/a>&nbsp;\/&nbsp;Franc\u00e9s<\/td><td class=\"has-text-align-center\" data-align=\"center\"><a href=\"https:\/\/ens7-caba.infd.edu.ar\/aula\/archivos\/repositorio\/\/5000\/5182\/31-32-33-34-FERNANDEZ-GIUSTI-GUILLEN-POTENZA.pdf\" target=\"_blank\" rel=\"noreferrer noopener\">Ingl\u00e9s<\/a>&nbsp;\/&nbsp;Franc\u00e9s<\/td><\/tr><tr><td class=\"has-text-align-center\" data-align=\"center\"><a href=\"https:\/\/ens7-caba.infd.edu.ar\/aula\/archivos\/repositorio\/\/5000\/5177\/31_32_33_34__Ayala_Reichel_Matematica.pdf\" target=\"_blank\" rel=\"noreferrer noopener\">Matem\u00e1tica<\/a><\/td><td class=\"has-text-align-center\" data-align=\"center\"><a href=\"https:\/\/ens7-caba.infd.edu.ar\/aula\/archivos\/repositorio\/\/5000\/5177\/31_32_33_34__Ayala_Reichel_Matematica.pdf\" target=\"_blank\" rel=\"noreferrer noopener\">Matem\u00e1tica<\/a><\/td><td class=\"has-text-align-center\" data-align=\"center\"><a href=\"https:\/\/ens7-caba.infd.edu.ar\/aula\/archivos\/repositorio\/\/5000\/5177\/31_32_33_34__Ayala_Reichel_Matematica.pdf\" target=\"_blank\" rel=\"noreferrer noopener\">Matem\u00e1tica<\/a><\/td><td class=\"has-text-align-center\" data-align=\"center\"><a href=\"https:\/\/ens7-caba.infd.edu.ar\/aula\/archivos\/repositorio\/\/5000\/5177\/31_32_33_34__Ayala_Reichel_Matematica.pdf\" target=\"_blank\" rel=\"noreferrer noopener\">Matem\u00e1tica<\/a><\/td><\/tr><tr><td class=\"has-text-align-center\" data-align=\"center\"><a href=\"https:\/\/ens7-caba.infd.edu.ar\/aula\/archivos\/repositorio\/\/5000\/5180\/31323334-ALCALDE-BIOLOGIA.pdf\" target=\"_blank\" rel=\"noreferrer noopener\">Biolog\u00eda<\/a><\/td><td class=\"has-text-align-center\" data-align=\"center\"><a href=\"https:\/\/ens7-caba.infd.edu.ar\/aula\/archivos\/repositorio\/\/5000\/5180\/31323334-ALCALDE-BIOLOGIA.pdf\" target=\"_blank\" rel=\"noreferrer noopener\">Biolog\u00eda<\/a><\/td><td class=\"has-text-align-center\" data-align=\"center\"><a href=\"https:\/\/ens7-caba.infd.edu.ar\/aula\/archivos\/repositorio\/\/5000\/5180\/31323334-ALCALDE-BIOLOGIA.pdf\" target=\"_blank\" rel=\"noreferrer noopener\">Biolog\u00eda<\/a><\/td><td class=\"has-text-align-center\" data-align=\"center\"><a href=\"https:\/\/ens7-caba.infd.edu.ar\/aula\/archivos\/repositorio\/\/5000\/5180\/31323334-ALCALDE-BIOLOGIA.pdf\" target=\"_blank\" rel=\"noreferrer noopener\">Biolog\u00eda<\/a><\/td><\/tr><tr><td class=\"has-text-align-center\" data-align=\"center\"><a href=\"https:\/\/ens7-caba.infd.edu.ar\/aula\/archivos\/repositorio\/\/5250\/5280\/31_Geografia_2023.pdf\" target=\"_blank\" rel=\"noreferrer noopener\">Geograf\u00eda<\/a><\/td><td class=\"has-text-align-center\" data-align=\"center\"><a href=\"https:\/\/ens7-caba.infd.edu.ar\/aula\/archivos\/repositorio\/\/5000\/5185\/32_33_34__GEOGRAFIA.2023.pdf\" target=\"_blank\" rel=\"noreferrer noopener\">Geograf\u00eda<\/a><\/td><td class=\"has-text-align-center\" data-align=\"center\"><a href=\"https:\/\/ens7-caba.infd.edu.ar\/aula\/archivos\/repositorio\/\/5000\/5185\/32_33_34__GEOGRAFIA.2023.pdf\" target=\"_blank\" rel=\"noreferrer noopener\">Geograf\u00eda<\/a><\/td><td class=\"has-text-align-center\" data-align=\"center\"><a href=\"https:\/\/ens7-caba.infd.edu.ar\/aula\/archivos\/repositorio\/\/5000\/5185\/32_33_34__GEOGRAFIA.2023.pdf\" target=\"_blank\" rel=\"noreferrer noopener\">Geograf\u00eda<\/a><\/td><\/tr><tr><td class=\"has-text-align-center\" data-align=\"center\"><a href=\"https:\/\/ens7-caba.infd.edu.ar\/aula\/archivos\/repositorio\/\/5000\/5181\/3_1_y_3_4-LANATI-HISTORIA.pdf\" target=\"_blank\" rel=\"noreferrer noopener\">Historia<\/a><\/td><td class=\"has-text-align-center\" data-align=\"center\"><a href=\"https:\/\/ens7-caba.infd.edu.ar\/aula\/archivos\/repositorio\/\/5000\/5190\/3_2_Historia_Canepa.2023.pdf\" target=\"_blank\" rel=\"noreferrer noopener\">Historia<\/a><\/td><td class=\"has-text-align-center\" data-align=\"center\"><a href=\"https:\/\/ens7-caba.infd.edu.ar\/aula\/archivos\/repositorio\/\/5000\/5188\/33_Historia_Cid_2023.pdf\" target=\"_blank\" rel=\"noreferrer noopener\">Historia<\/a><\/td><td class=\"has-text-align-center\" data-align=\"center\"><a href=\"https:\/\/ens7-caba.infd.edu.ar\/aula\/archivos\/repositorio\/\/5000\/5181\/3_1_y_3_4-LANATI-HISTORIA.pdf\" target=\"_blank\" rel=\"noreferrer noopener\">Historia<\/a><\/td><\/tr><tr><td class=\"has-text-align-center\" data-align=\"center\"><a href=\"https:\/\/ens7-caba.infd.edu.ar\/aula\/archivos\/repositorio\/\/5000\/5175\/3ROS_AN_OS-ABRAMOVICH-CID-Formacion_etica_y_ciudadana.pdf\" target=\"_blank\" rel=\"noreferrer noopener\">Formaci\u00f3n \u00c9tica y&nbsp;Ciudadana<\/a><\/td><td class=\"has-text-align-center\" data-align=\"center\"><a href=\"https:\/\/ens7-caba.infd.edu.ar\/aula\/archivos\/repositorio\/\/5250\/5253\/FEC_-_32_-_2023.pdf\" data-type=\"URL\" data-id=\"https:\/\/ens7-caba.infd.edu.ar\/aula\/archivos\/repositorio\/\/5250\/5253\/FEC_-_32_-_2023.pdf\" target=\"_blank\" rel=\"noreferrer noopener\">Formaci\u00f3n \u00c9tica y Ciudadana<\/a><\/td><td class=\"has-text-align-center\" data-align=\"center\"><a href=\"https:\/\/ens7-caba.infd.edu.ar\/aula\/archivos\/repositorio\/\/5000\/5175\/3ROS_AN_OS-ABRAMOVICH-CID-Formacion_etica_y_ciudadana.pdf\" target=\"_blank\" rel=\"noreferrer noopener\">Formaci\u00f3n \u00c9tica y Ciudadana<\/a><\/td><td class=\"has-text-align-center\" data-align=\"center\"><a href=\"https:\/\/ens7-caba.infd.edu.ar\/aula\/archivos\/repositorio\/\/5000\/5175\/3ROS_AN_OS-ABRAMOVICH-CID-Formacion_etica_y_ciudadana.pdf\" target=\"_blank\" rel=\"noreferrer noopener\">Formaci\u00f3n \u00c9tica y Ciudadana<\/a><\/td><\/tr><tr><td class=\"has-text-align-center\" data-align=\"center\"><a href=\"https:\/\/ens7-caba.infd.edu.ar\/aula\/archivos\/repositorio\/\/5000\/5178\/31_y_34-MONDANI-fisico_quimica_.pdf\" target=\"_blank\" rel=\"noreferrer noopener\">F\u00edsico-Qu\u00edmica<\/a><\/td><td class=\"has-text-align-center\" data-align=\"center\"><a href=\"https:\/\/ens7-caba.infd.edu.ar\/aula\/archivos\/repositorio\/\/5250\/5317\/FQ_32_2023.pdf\" data-type=\"URL\" data-id=\"https:\/\/ens7-caba.infd.edu.ar\/aula\/archivos\/repositorio\/\/5250\/5317\/FQ_32_2023.pdf\" target=\"_blank\" rel=\"noreferrer noopener\">F\u00edsico-Qu\u00edmica<\/a><\/td><td class=\"has-text-align-center\" data-align=\"center\"><a href=\"https:\/\/ens7-caba.infd.edu.ar\/aula\/archivos\/repositorio\/\/5250\/5274\/33_fisicoquimica_2023.pdf\" target=\"_blank\" rel=\"noreferrer noopener\">F\u00edsico-Qu\u00edmica<\/a><\/td><td class=\"has-text-align-center\" data-align=\"center\"><a href=\"https:\/\/ens7-caba.infd.edu.ar\/aula\/archivos\/repositorio\/\/5000\/5178\/31_y_34-MONDANI-fisico_quimica_.pdf\" target=\"_blank\" rel=\"noreferrer noopener\">F\u00edsico-Qu\u00edmica<\/a><\/td><\/tr><tr><td class=\"has-text-align-center\" data-align=\"center\"><a href=\"https:\/\/ens7-caba.infd.edu.ar\/aula\/archivos\/repositorio\/\/5250\/5266\/31-ECONOMIA-PETRILLO.pdf\" target=\"_blank\" rel=\"noreferrer noopener\">Econom\u00eda<\/a><\/td><td class=\"has-text-align-center\" data-align=\"center\">Econom\u00eda<\/td><td class=\"has-text-align-center\" data-align=\"center\">Econom\u00eda<\/td><td class=\"has-text-align-center\" data-align=\"center\"><a href=\"https:\/\/ens7-caba.infd.edu.ar\/aula\/archivos\/repositorio\/\/5250\/5275\/34_economia_2023.pdf\" target=\"_blank\" rel=\"noreferrer noopener\">Econom\u00eda<\/a><\/td><\/tr><tr><td class=\"has-text-align-center\" data-align=\"center\">EDI<\/td><td class=\"has-text-align-center\" data-align=\"center\">EDI<\/td><td class=\"has-text-align-center\" data-align=\"center\">EDI<\/td><td class=\"has-text-align-center\" data-align=\"center\">EDI<\/td><\/tr><tr><td class=\"has-text-align-center\" data-align=\"center\"><a href=\"https:\/\/ens7-caba.infd.edu.ar\/aula\/archivos\/repositorio\/\/5000\/5239\/Ed_Fisica_3er_an771o_2023.pdf\" target=\"_blank\" rel=\"noreferrer noopener\">Ed. F\u00edsica<\/a><\/td><td class=\"has-text-align-center\" data-align=\"center\"><a href=\"https:\/\/ens7-caba.infd.edu.ar\/aula\/archivos\/repositorio\/\/5000\/5239\/Ed_Fisica_3er_an771o_2023.pdf\" target=\"_blank\" rel=\"noreferrer noopener\">Ed. F\u00edsica<\/a><\/td><td class=\"has-text-align-center\" data-align=\"center\"><a href=\"https:\/\/ens7-caba.infd.edu.ar\/aula\/archivos\/repositorio\/\/5000\/5239\/Ed_Fisica_3er_an771o_2023.pdf\" target=\"_blank\" rel=\"noreferrer noopener\">Ed. F\u00edsica<\/a><\/td><td class=\"has-text-align-center\" data-align=\"center\"><a href=\"https:\/\/ens7-caba.infd.edu.ar\/aula\/archivos\/repositorio\/\/5000\/5239\/Ed_Fisica_3er_an771o_2023.pdf\" target=\"_blank\" rel=\"noreferrer noopener\">Ed. F\u00edsica<\/a><\/td><\/tr><tr><td class=\"has-text-align-center\" data-align=\"center\"><a href=\"https:\/\/ens7-caba.infd.edu.ar\/aula\/archivos\/repositorio\/\/5000\/5184\/31_32_33_34_tec_de_la_informacion_2023.pdf\" target=\"_blank\" rel=\"noreferrer noopener\">Tecnolog\u00edas de la&nbsp; informaci\u00f3n<\/a><\/td><td class=\"has-text-align-center\" data-align=\"center\"><a href=\"https:\/\/ens7-caba.infd.edu.ar\/aula\/archivos\/repositorio\/\/5000\/5184\/31_32_33_34_tec_de_la_informacion_2023.pdf\" target=\"_blank\" rel=\"noreferrer noopener\">Tecnolog\u00edas de la informaci\u00f3n<\/a><\/td><td class=\"has-text-align-center\" data-align=\"center\"><a href=\"https:\/\/ens7-caba.infd.edu.ar\/aula\/archivos\/repositorio\/\/5000\/5184\/31_32_33_34_tec_de_la_informacion_2023.pdf\" target=\"_blank\" rel=\"noreferrer noopener\">Tecnolog\u00edas de la informaci\u00f3n<\/a><\/td><td class=\"has-text-align-center\" data-align=\"center\"><a href=\"https:\/\/ens7-caba.infd.edu.ar\/aula\/archivos\/repositorio\/\/5000\/5184\/31_32_33_34_tec_de_la_informacion_2023.pdf\" target=\"_blank\" rel=\"noreferrer noopener\">Tecnolog\u00edas de la informaci\u00f3n<\/a><\/td><\/tr><tr><td class=\"has-text-align-center\" data-align=\"center\"><a href=\"https:\/\/ens7-caba.infd.edu.ar\/aula\/archivos\/repositorio\/\/5000\/5179\/31-LANATI-INTRODUCCION_A_LAS_CIENCIAS_SOCIALES_Y_A_LAS_HUMANIDADES.pdf\" target=\"_blank\" rel=\"noreferrer noopener\">Introducci\u00f3n a las Cs. Sociales y&nbsp;Humanidades<\/a><\/td><td class=\"has-text-align-center\" data-align=\"center\"><a href=\"https:\/\/ens7-caba.infd.edu.ar\/aula\/archivos\/repositorio\/\/5250\/5318\/32_Historia_de_la_vida_y_de_la_Tierra_2023.pdf\" data-type=\"URL\" data-id=\"https:\/\/ens7-caba.infd.edu.ar\/aula\/archivos\/repositorio\/\/5250\/5318\/32_Historia_de_la_vida_y_de_la_Tierra_2023.pdf\" target=\"_blank\" rel=\"noreferrer noopener\">Historia de la vida y de la Tierra<\/a><\/td><td class=\"has-text-align-center\" data-align=\"center\"><a href=\"https:\/\/ens7-caba.infd.edu.ar\/aula\/archivos\/repositorio\/\/5000\/5187\/33-34_Educacion_y_sociedad_2023.pdf\" target=\"_blank\" rel=\"noreferrer noopener\">Educaci\u00f3n y Sociedad<\/a><\/td><td class=\"has-text-align-center\" data-align=\"center\"><a href=\"https:\/\/ens7-caba.infd.edu.ar\/aula\/archivos\/repositorio\/\/5000\/5187\/33-34_Educacion_y_sociedad_2023.pdf\" target=\"_blank\" rel=\"noreferrer noopener\">Educaci\u00f3n y Sociedad<\/a><\/td><\/tr><\/tbody><\/table><\/figure>\n\n\n\n<p>\ufeff<\/p>\n","protected":false},"excerpt":{"rendered":"<p>3\u00ba 1\u00ba 3\u00ba 2\u00ba 3\u00ba 3\u00ba 3\u00ba 4\u00ba Lengua y literatura Lengua y literatura Lengua y literatura Lengua y literatura Ingl\u00e9s&nbsp;\/&nbsp;Franc\u00e9s Ingl\u00e9s&nbsp;\/&nbsp;Franc\u00e9s Ingl\u00e9s&nbsp;\/&nbsp;Franc\u00e9s Ingl\u00e9s&nbsp;\/&nbsp;Franc\u00e9s Matem\u00e1tica Matem\u00e1tica Matem\u00e1tica Matem\u00e1tica Biolog\u00eda Biolog\u00eda Biolog\u00eda Biolog\u00eda Geograf\u00eda Geograf\u00eda Geograf\u00eda Geograf\u00eda Historia Historia Historia Historia Formaci\u00f3n \u00c9tica y&nbsp;Ciudadana Formaci\u00f3n \u00c9tica y Ciudadana Formaci\u00f3n \u00c9tica y Ciudadana Formaci\u00f3n \u00c9tica y Ciudadana &#8230; <a title=\"Programas 3\u00ba A\u00f1o 2023\" class=\"read-more\" href=\"https:\/\/ens7-caba.infd.edu.ar\/sitio\/programas-3o-ano-2023\/\" aria-label=\"More on Programas 3\u00ba A\u00f1o 2023\">[+]<\/a><\/p>\n","protected":false},"author":2274,"featured_media":0,"parent":0,"menu_order":0,"comment_status":"closed","ping_status":"closed","template":"","meta":[],"acf":[],"_links":{"self":[{"href":"https:\/\/ens7-caba.infd.edu.ar\/sitio\/wp-json\/wp\/v2\/pages\/3585"}],"collection":[{"href":"https:\/\/ens7-caba.infd.edu.ar\/sitio\/wp-json\/wp\/v2\/pages"}],"about":[{"href":"https:\/\/ens7-caba.infd.edu.ar\/sitio\/wp-json\/wp\/v2\/types\/page"}],"author":[{"embeddable":true,"href":"https:\/\/ens7-caba.infd.edu.ar\/sitio\/wp-json\/wp\/v2\/users\/2274"}],"replies":[{"embeddable":true,"href":"https:\/\/ens7-caba.infd.edu.ar\/sitio\/wp-json\/wp\/v2\/comments?post=3585"}],"version-history":[{"count":13,"href":"https:\/\/ens7-caba.infd.edu.ar\/sitio\/wp-json\/wp\/v2\/pages\/3585\/revisions"}],"predecessor-version":[{"id":3680,"href":"https:\/\/ens7-caba.infd.edu.ar\/sitio\/wp-json\/wp\/v2\/pages\/3585\/revisions\/3680"}],"wp:attachment":[{"href":"https:\/\/ens7-caba.infd.edu.ar\/sitio\/wp-json\/wp\/v2\/media?parent=3585"}],"curies":[{"name":"wp","href":"https:\/\/api.w.org\/{rel}","templated":true}]}}