{"id":4139,"date":"2024-04-10T16:28:32","date_gmt":"2024-04-10T19:28:32","guid":{"rendered":"https:\/\/ens7-caba.infd.edu.ar\/sitio\/?page_id=4139"},"modified":"2024-11-21T23:19:46","modified_gmt":"2024-11-22T02:19:46","slug":"programas-1o-ano-2024","status":"publish","type":"page","link":"https:\/\/ens7-caba.infd.edu.ar\/sitio\/programas-1o-ano-2024\/","title":{"rendered":"Programas 1\u00ba A\u00f1o 2024"},"content":{"rendered":"\n<figure class=\"wp-block-table\"><table><tbody><tr><td><strong>1\u00ba 1\u00ba<\/strong><\/td><td><strong>1\u00ba 2\u00ba<\/strong><\/td><td><strong>1\u00ba 3\u00ba<\/strong><\/td><td><strong>1\u00ba 4\u00ba<\/strong><\/td><\/tr><tr><td><a href=\"https:\/\/ens7-caba.infd.edu.ar\/aula\/archivos\/repositorio\/\/5500\/5697\/Planificacion_ciclada_Lengua_y_Literatura_Ciclo_Basico.pdf\" target=\"_blank\" rel=\"noreferrer noopener\">Lengua y\u00a0literatura<\/a><\/td><td><a href=\"https:\/\/ens7-caba.infd.edu.ar\/aula\/archivos\/repositorio\/\/5500\/5697\/Planificacion_ciclada_Lengua_y_Literatura_Ciclo_Basico.pdf\" target=\"_blank\" rel=\"noreferrer noopener\">Lengua y literatura<\/a><\/td><td><a href=\"https:\/\/ens7-caba.infd.edu.ar\/aula\/archivos\/repositorio\/\/5500\/5697\/Planificacion_ciclada_Lengua_y_Literatura_Ciclo_Basico.pdf\" target=\"_blank\" rel=\"noreferrer noopener\">Lengua y literatura<\/a><\/td><td><a href=\"https:\/\/ens7-caba.infd.edu.ar\/aula\/archivos\/repositorio\/\/5500\/5697\/Planificacion_ciclada_Lengua_y_Literatura_Ciclo_Basico.pdf\" target=\"_blank\" rel=\"noreferrer noopener\">Lengua y literatura<\/a><\/td><\/tr><tr><td><a href=\"https:\/\/ens7-caba.infd.edu.ar\/aula\/archivos\/repositorio\/\/5500\/5692\/Planificacion_ciclada_-_Ingles_ciclo_basico.pdf\" target=\"_blank\" rel=\"noreferrer noopener\">Ingl\u00e9s<\/a><\/td><td><a href=\"https:\/\/ens7-caba.infd.edu.ar\/aula\/archivos\/repositorio\/\/5500\/5688\/ENS7_planificacio769n_Ciclada_FRANCES.1er_an771o_2do_an_o.pdf\" target=\"_blank\" rel=\"noreferrer noopener\">Franc\u00e9s<\/a><\/td><td><a href=\"https:\/\/ens7-caba.infd.edu.ar\/aula\/archivos\/repositorio\/\/5500\/5692\/Planificacion_ciclada_-_Ingles_ciclo_basico.pdf\" target=\"_blank\" rel=\"noreferrer noopener\">Ingl\u00e9s<\/a><\/td><td><a href=\"https:\/\/ens7-caba.infd.edu.ar\/aula\/archivos\/repositorio\/\/5500\/5688\/ENS7_planificacio769n_Ciclada_FRANCES.1er_an771o_2do_an_o.pdf\" target=\"_blank\" rel=\"noreferrer noopener\">Franc\u00e9s<\/a><\/td><\/tr><tr><td><a href=\"https:\/\/ens7-caba.infd.edu.ar\/aula\/archivos\/repositorio\/\/5500\/5693\/Planificacion_2024_ENS7_MATEMATICA.pdf\" target=\"_blank\" rel=\"noreferrer noopener\">Matem\u00e1tica<\/a><\/td><td><a href=\"https:\/\/ens7-caba.infd.edu.ar\/aula\/archivos\/repositorio\/\/5500\/5693\/Planificacion_2024_ENS7_MATEMATICA.pdf\" target=\"_blank\" rel=\"noreferrer noopener\">Matem\u00e1tica<\/a><\/td><td><a href=\"https:\/\/ens7-caba.infd.edu.ar\/aula\/archivos\/repositorio\/\/5500\/5693\/Planificacion_2024_ENS7_MATEMATICA.pdf\" target=\"_blank\" rel=\"noreferrer noopener\">Matem\u00e1tica<\/a><\/td><td><a href=\"https:\/\/ens7-caba.infd.edu.ar\/aula\/archivos\/repositorio\/\/5500\/5693\/Planificacion_2024_ENS7_MATEMATICA.pdf\" target=\"_blank\" rel=\"noreferrer noopener\">Matem\u00e1tica<\/a><\/td><\/tr><tr><td><a href=\"https:\/\/ens7-caba.infd.edu.ar\/aula\/archivos\/repositorio\/\/5500\/5689\/Planificacion_ciclada_Biologia_ciclo_basico.pdf\" target=\"_blank\" rel=\"noreferrer noopener\">Biolog\u00eda<\/a><\/td><td><a href=\"https:\/\/ens7-caba.infd.edu.ar\/aula\/archivos\/repositorio\/\/5500\/5689\/Planificacion_ciclada_Biologia_ciclo_basico.pdf\" target=\"_blank\" rel=\"noreferrer noopener\">Biolog\u00eda<\/a><\/td><td><a href=\"https:\/\/ens7-caba.infd.edu.ar\/aula\/archivos\/repositorio\/\/5500\/5689\/Planificacion_ciclada_Biologia_ciclo_basico.pdf\" target=\"_blank\" rel=\"noreferrer noopener\">Biolog\u00eda<\/a><\/td><td><a href=\"https:\/\/ens7-caba.infd.edu.ar\/aula\/archivos\/repositorio\/\/5500\/5689\/Planificacion_ciclada_Biologia_ciclo_basico.pdf\" target=\"_blank\" rel=\"noreferrer noopener\">Biolog\u00eda<\/a><\/td><\/tr><tr><td><a href=\"https:\/\/ens7-caba.infd.edu.ar\/aula\/archivos\/repositorio\/\/5500\/5695\/Plan_ciclada_Geo_CBasico_1ro2do_2024.pdf\" target=\"_blank\" rel=\"noreferrer noopener\">Geograf\u00eda<\/a><\/td><td><a href=\"https:\/\/ens7-caba.infd.edu.ar\/aula\/archivos\/repositorio\/\/5500\/5695\/Plan_ciclada_Geo_CBasico_1ro2do_2024.pdf\" target=\"_blank\" rel=\"noreferrer noopener\">Geograf\u00eda<\/a><\/td><td><a href=\"https:\/\/ens7-caba.infd.edu.ar\/aula\/archivos\/repositorio\/\/5500\/5695\/Plan_ciclada_Geo_CBasico_1ro2do_2024.pdf\" target=\"_blank\" rel=\"noreferrer noopener\">Geograf\u00eda<\/a><\/td><td><a href=\"https:\/\/ens7-caba.infd.edu.ar\/aula\/archivos\/repositorio\/\/5500\/5695\/Plan_ciclada_Geo_CBasico_1ro2do_2024.pdf\" target=\"_blank\" rel=\"noreferrer noopener\">Geograf\u00eda<\/a><\/td><\/tr><tr><td><a href=\"https:\/\/ens7-caba.infd.edu.ar\/aula\/archivos\/repositorio\/\/5500\/5690\/HISTORIA_PLANIFICACION_CICLADA_2024.docx.pdf\" target=\"_blank\" rel=\"noreferrer noopener\">Historia<\/a><\/td><td><a href=\"https:\/\/ens7-caba.infd.edu.ar\/aula\/archivos\/repositorio\/\/5500\/5690\/HISTORIA_PLANIFICACION_CICLADA_2024.docx.pdf\" target=\"_blank\" rel=\"noreferrer noopener\">Historia<\/a><\/td><td><a href=\"https:\/\/ens7-caba.infd.edu.ar\/aula\/archivos\/repositorio\/\/5500\/5690\/HISTORIA_PLANIFICACION_CICLADA_2024.docx.pdf\" target=\"_blank\" rel=\"noreferrer noopener\">Historia<\/a><\/td><td><a href=\"https:\/\/ens7-caba.infd.edu.ar\/aula\/archivos\/repositorio\/\/5500\/5690\/HISTORIA_PLANIFICACION_CICLADA_2024.docx.pdf\" target=\"_blank\" rel=\"noreferrer noopener\">Historia<\/a><\/td><\/tr><tr><td><a href=\"https:\/\/ens7-caba.infd.edu.ar\/aula\/archivos\/repositorio\/\/5500\/5694\/FEC_PLANIFICACION_CICLADA_2024.pdf\" target=\"_blank\" rel=\"noreferrer noopener\">Formaci\u00f3n \u00c9tica y Ciudadana<\/a><\/td><td><a href=\"https:\/\/ens7-caba.infd.edu.ar\/aula\/archivos\/repositorio\/\/5500\/5694\/FEC_PLANIFICACION_CICLADA_2024.pdf\" target=\"_blank\" rel=\"noreferrer noopener\">Formaci\u00f3n \u00c9tica y Ciudadana<\/a><\/td><td><a href=\"https:\/\/ens7-caba.infd.edu.ar\/aula\/archivos\/repositorio\/\/5500\/5694\/FEC_PLANIFICACION_CICLADA_2024.pdf\" target=\"_blank\" rel=\"noreferrer noopener\">Formaci\u00f3n \u00c9tica y Ciudadana<\/a><\/td><td><a href=\"https:\/\/ens7-caba.infd.edu.ar\/aula\/archivos\/repositorio\/\/5500\/5694\/FEC_PLANIFICACION_CICLADA_2024.pdf\" target=\"_blank\" rel=\"noreferrer noopener\">Formaci\u00f3n \u00c9tica y Ciudadana<\/a><\/td><\/tr><tr><td><a href=\"https:\/\/ens7-caba.infd.edu.ar\/aula\/archivos\/repositorio\/\/5500\/5696\/Ciclada_expresion_1ro_y_2do_2024.pdf\" target=\"_blank\" rel=\"noreferrer noopener\">Artes-M\u00fasica<\/a><\/td><td><a href=\"https:\/\/ens7-caba.infd.edu.ar\/aula\/archivos\/repositorio\/\/5500\/5696\/Ciclada_expresion_1ro_y_2do_2024.pdf\" target=\"_blank\" rel=\"noreferrer noopener\">Artes-M\u00fasica<\/a><\/td><td><a href=\"https:\/\/ens7-caba.infd.edu.ar\/aula\/archivos\/repositorio\/\/5500\/5696\/Ciclada_expresion_1ro_y_2do_2024.pdf\" target=\"_blank\" rel=\"noreferrer noopener\">Artes-M\u00fasica<\/a><\/td><td><a href=\"https:\/\/ens7-caba.infd.edu.ar\/aula\/archivos\/repositorio\/\/5500\/5696\/Ciclada_expresion_1ro_y_2do_2024.pdf\" target=\"_blank\" rel=\"noreferrer noopener\">Artes-M\u00fasica<\/a><\/td><\/tr><tr><td>Artes Visuales<\/td><td>Artes Visuales<\/td><td>Artes Visuales<\/td><td>Artes Visuales<\/td><\/tr><tr><td><a href=\"https:\/\/ens7-caba.infd.edu.ar\/aula\/archivos\/repositorio\/\/5500\/5691\/Ed_Tecnologica_PCiclada.pdf\" target=\"_blank\" rel=\"noreferrer noopener\">Ed. Tecnol\u00f3gica<\/a><\/td><td><a href=\"https:\/\/ens7-caba.infd.edu.ar\/aula\/archivos\/repositorio\/\/5500\/5691\/Ed_Tecnologica_PCiclada.pdf\" target=\"_blank\" rel=\"noreferrer noopener\">Ed. Tecnol\u00f3gica<\/a><\/td><td><a href=\"https:\/\/ens7-caba.infd.edu.ar\/aula\/archivos\/repositorio\/\/5500\/5691\/Ed_Tecnologica_PCiclada.pdf\" target=\"_blank\" rel=\"noreferrer noopener\">Ed. Tecnol\u00f3gica<\/a><\/td><td><a href=\"https:\/\/ens7-caba.infd.edu.ar\/aula\/archivos\/repositorio\/\/5500\/5691\/Ed_Tecnologica_PCiclada.pdf\" target=\"_blank\" rel=\"noreferrer noopener\">Ed. Tecnol\u00f3gica<\/a><\/td><\/tr><tr><td>Ed. F\u00edsica<\/td><td>Ed. F\u00edsica<\/td><td>Ed. F\u00edsica<\/td><td>Ed. F\u00edsica<\/td><\/tr><tr><td>EDI<\/td><td>EDI<\/td><td>EDI<\/td><td>EDI<\/td><\/tr><\/tbody><\/table><\/figure>\n","protected":false},"excerpt":{"rendered":"<p>1\u00ba 1\u00ba 1\u00ba 2\u00ba 1\u00ba 3\u00ba 1\u00ba 4\u00ba Lengua y\u00a0literatura Lengua y literatura Lengua y literatura Lengua y literatura Ingl\u00e9s Franc\u00e9s Ingl\u00e9s Franc\u00e9s Matem\u00e1tica Matem\u00e1tica Matem\u00e1tica Matem\u00e1tica Biolog\u00eda Biolog\u00eda Biolog\u00eda Biolog\u00eda Geograf\u00eda Geograf\u00eda Geograf\u00eda Geograf\u00eda Historia Historia Historia Historia Formaci\u00f3n \u00c9tica y Ciudadana Formaci\u00f3n \u00c9tica y Ciudadana Formaci\u00f3n \u00c9tica y Ciudadana Formaci\u00f3n \u00c9tica y Ciudadana &#8230; <a title=\"Programas 1\u00ba A\u00f1o 2024\" class=\"read-more\" href=\"https:\/\/ens7-caba.infd.edu.ar\/sitio\/programas-1o-ano-2024\/\" aria-label=\"More on Programas 1\u00ba A\u00f1o 2024\">[+]<\/a><\/p>\n","protected":false},"author":2274,"featured_media":0,"parent":0,"menu_order":0,"comment_status":"closed","ping_status":"closed","template":"","meta":[],"acf":[],"_links":{"self":[{"href":"https:\/\/ens7-caba.infd.edu.ar\/sitio\/wp-json\/wp\/v2\/pages\/4139"}],"collection":[{"href":"https:\/\/ens7-caba.infd.edu.ar\/sitio\/wp-json\/wp\/v2\/pages"}],"about":[{"href":"https:\/\/ens7-caba.infd.edu.ar\/sitio\/wp-json\/wp\/v2\/types\/page"}],"author":[{"embeddable":true,"href":"https:\/\/ens7-caba.infd.edu.ar\/sitio\/wp-json\/wp\/v2\/users\/2274"}],"replies":[{"embeddable":true,"href":"https:\/\/ens7-caba.infd.edu.ar\/sitio\/wp-json\/wp\/v2\/comments?post=4139"}],"version-history":[{"count":5,"href":"https:\/\/ens7-caba.infd.edu.ar\/sitio\/wp-json\/wp\/v2\/pages\/4139\/revisions"}],"predecessor-version":[{"id":4543,"href":"https:\/\/ens7-caba.infd.edu.ar\/sitio\/wp-json\/wp\/v2\/pages\/4139\/revisions\/4543"}],"wp:attachment":[{"href":"https:\/\/ens7-caba.infd.edu.ar\/sitio\/wp-json\/wp\/v2\/media?parent=4139"}],"curies":[{"name":"wp","href":"https:\/\/api.w.org\/{rel}","templated":true}]}}