{"id":4165,"date":"2024-04-10T17:06:24","date_gmt":"2024-04-10T20:06:24","guid":{"rendered":"https:\/\/ens7-caba.infd.edu.ar\/sitio\/?page_id=4165"},"modified":"2024-04-15T15:42:21","modified_gmt":"2024-04-15T18:42:21","slug":"programas-5o-ano-2024","status":"publish","type":"page","link":"https:\/\/ens7-caba.infd.edu.ar\/sitio\/programas-5o-ano-2024\/","title":{"rendered":"Programas 5\u00ba A\u00f1o 2024"},"content":{"rendered":"\n<figure class=\"wp-block-table\"><table><tbody><tr><td class=\"has-text-align-center\" data-align=\"center\"><strong>5\u00ba 1\u00ba&nbsp;<\/strong><\/td><td class=\"has-text-align-center\" data-align=\"center\"><strong>5\u00ba 2\u00ba<\/strong><\/td><td class=\"has-text-align-center\" data-align=\"center\"><strong>5\u00ba 3\u00ba<\/strong><\/td><td class=\"has-text-align-center\" data-align=\"center\"><strong>5\u00ba 4\u00ba<\/strong><\/td><\/tr><tr><td class=\"has-text-align-center\" data-align=\"center\"><a href=\"https:\/\/ens7-caba.infd.edu.ar\/aula\/archivos\/repositorio\/\/5500\/5500\/53_54_Matematica_2024.pdf\">Matem\u00e1tica<\/a><\/td><td class=\"has-text-align-center\" data-align=\"center\"><a href=\"https:\/\/ens7-caba.infd.edu.ar\/aula\/archivos\/repositorio\/\/5500\/5500\/53_54_Matematica_2024.pdf\">Matem\u00e1tica<\/a><\/td><td class=\"has-text-align-center\" data-align=\"center\"><a href=\"https:\/\/ens7-caba.infd.edu.ar\/aula\/archivos\/repositorio\/\/5500\/5500\/53_54_Matematica_2024.pdf\">Matem\u00e1tica<\/a><\/td><td class=\"has-text-align-center\" data-align=\"center\"><a href=\"https:\/\/ens7-caba.infd.edu.ar\/aula\/archivos\/repositorio\/\/5500\/5500\/53_54_Matematica_2024.pdf\">Matem\u00e1tica<\/a><\/td><\/tr><tr><td class=\"has-text-align-center\" data-align=\"center\"><a href=\"https:\/\/ens7-caba.infd.edu.ar\/aula\/archivos\/repositorio\/\/5500\/5535\/51_52_53_54_-Anselmo-Perotti-Lengua_y_Literatura.pdf\">Lengua y Literatura<\/a><\/td><td class=\"has-text-align-center\" data-align=\"center\"><a href=\"https:\/\/ens7-caba.infd.edu.ar\/aula\/archivos\/repositorio\/\/5500\/5535\/51_52_53_54_-Anselmo-Perotti-Lengua_y_Literatura.pdf\">Lengua y Literatura<\/a><\/td><td class=\"has-text-align-center\" data-align=\"center\"><a href=\"https:\/\/ens7-caba.infd.edu.ar\/aula\/archivos\/repositorio\/\/5500\/5535\/51_52_53_54_-Anselmo-Perotti-Lengua_y_Literatura.pdf\">Lengua&nbsp;y Literatura<\/a><\/td><td class=\"has-text-align-center\" data-align=\"center\"><a href=\"https:\/\/ens7-caba.infd.edu.ar\/aula\/archivos\/repositorio\/\/5500\/5535\/51_52_53_54_-Anselmo-Perotti-Lengua_y_Literatura.pdf\">Lengua&nbsp;y Literatura<\/a><\/td><\/tr><tr><td class=\"has-text-align-center\" data-align=\"center\"><a href=\"https:\/\/ens7-caba.infd.edu.ar\/aula\/archivos\/repositorio\/\/5500\/5534\/51_FERRON_FRANCES.pdf\">Franc\u00e9s<\/a>\/<a href=\"https:\/\/ens7-caba.infd.edu.ar\/aula\/archivos\/repositorio\/\/5250\/5486\/51-52-53-54_2024_Ingles.pdf\">Ingl\u00e9s<\/a><\/td><td class=\"has-text-align-center\" data-align=\"center\"><a href=\"https:\/\/ens7-caba.infd.edu.ar\/aula\/archivos\/repositorio\/\/5500\/5534\/51_FERRON_FRANCES.pdf\">Franc\u00e9s<\/a>\/<a href=\"https:\/\/ens7-caba.infd.edu.ar\/aula\/archivos\/repositorio\/\/5250\/5486\/51-52-53-54_2024_Ingles.pdf\">Ingl\u00e9s<\/a><\/td><td class=\"has-text-align-center\" data-align=\"center\"><a href=\"https:\/\/ens7-caba.infd.edu.ar\/aula\/archivos\/repositorio\/\/5500\/5534\/51_FERRON_FRANCES.pdf\">Franc\u00e9s<\/a>\/<a href=\"https:\/\/ens7-caba.infd.edu.ar\/aula\/archivos\/repositorio\/\/5250\/5486\/51-52-53-54_2024_Ingles.pdf\">Ingl\u00e9s<\/a><\/td><td class=\"has-text-align-center\" data-align=\"center\"><a href=\"https:\/\/ens7-caba.infd.edu.ar\/aula\/archivos\/repositorio\/\/5500\/5534\/51_FERRON_FRANCES.pdf\">Franc\u00e9s<\/a>\/<a href=\"https:\/\/ens7-caba.infd.edu.ar\/aula\/archivos\/repositorio\/\/5250\/5486\/51-52-53-54_2024_Ingles.pdf\">Ingl\u00e9s<\/a><\/td><\/tr><tr><td class=\"has-text-align-center\" data-align=\"center\"><a href=\"https:\/\/ens7-caba.infd.edu.ar\/aula\/archivos\/repositorio\/\/5500\/5536\/51_DI_BENEDETTO-Geografia_Ambiental_y_Politica.pdf\">Geograf\u00eda ambiental y pol\u00edtica<\/a><\/td><td class=\"has-text-align-center\" data-align=\"center\"><a href=\"https:\/\/ens7-caba.infd.edu.ar\/aula\/archivos\/repositorio\/\/5500\/5554\/52_Ecologia-SANTILLAN.pdf\">Ecolog\u00eda<\/a><\/td><td class=\"has-text-align-center\" data-align=\"center\">&nbsp;<a href=\"https:\/\/ens7-caba.infd.edu.ar\/aula\/archivos\/repositorio\/\/5250\/5499\/53_54_Ed_y_Globalizacion.pdf\">Educaci\u00f3n y Globalizaci\u00f3n<\/a><\/td><td class=\"has-text-align-center\" data-align=\"center\">&nbsp;<a href=\"https:\/\/ens7-caba.infd.edu.ar\/aula\/archivos\/repositorio\/\/5250\/5499\/53_54_Ed_y_Globalizacion.pdf\">Educaci\u00f3n y Globalizaci\u00f3n<\/a><\/td><\/tr><tr><td class=\"has-text-align-center\" data-align=\"center\"><a href=\"https:\/\/ens7-caba.infd.edu.ar\/aula\/archivos\/repositorio\/\/5500\/5537\/51_DI_BENEDETTO-Proyecto_en_Ciencias_Sociales_y_Humanidades.pdf\">Proyecto de Investigaci\u00f3n en Cs. Sociales<\/a><\/td><td class=\"has-text-align-center\" data-align=\"center\"><a href=\"https:\/\/ens7-caba.infd.edu.ar\/aula\/archivos\/repositorio\/\/5500\/5548\/52-Alcalde-_ENERGIA_RADIACION_Y_VIDA.pdf\">Energ\u00eda, radiaci\u00f3n y Vida<\/a><\/td><td class=\"has-text-align-center\" data-align=\"center\"><a href=\"https:\/\/ens7-caba.infd.edu.ar\/aula\/archivos\/repositorio\/\/5250\/5497\/53_54_Ed_y_Cultura.pdf\">Educaci\u00f3n y cultura<\/a><\/td><td class=\"has-text-align-center\" data-align=\"center\"><a href=\"https:\/\/ens7-caba.infd.edu.ar\/aula\/archivos\/repositorio\/\/5250\/5497\/53_54_Ed_y_Cultura.pdf\">Educaci\u00f3n y cultura<\/a><\/td><\/tr><tr><td class=\"has-text-align-center\" data-align=\"center\"><a href=\"https:\/\/ens7-caba.infd.edu.ar\/aula\/archivos\/repositorio\/\/5500\/5538\/51-HOLTZ-SOCIEDADyESTADO.pdf\">Sociedad y Estado<\/a><\/td><td class=\"has-text-align-center\" data-align=\"center\"><a href=\"https:\/\/ens7-caba.infd.edu.ar\/aula\/archivos\/repositorio\/\/5500\/5555\/52_Prob_Cientificas-SANTILLAN.pdf\">Problem\u00e1ticas Cient\u00edficas con Impacto Social<\/a><\/td><td class=\"has-text-align-center\" data-align=\"center\"><a href=\"https:\/\/ens7-caba.infd.edu.ar\/aula\/archivos\/repositorio\/\/5250\/5493\/53_54_MURUA_Proyecto_2024.pdf\">Proyecto final de inv. inicial e intervenci\u00f3n educativa<\/a><\/td><td class=\"has-text-align-center\" data-align=\"center\"><a href=\"https:\/\/ens7-caba.infd.edu.ar\/aula\/archivos\/repositorio\/\/5250\/5493\/53_54_MURUA_Proyecto_2024.pdf\">Proyecto&nbsp;final de inv. inicial e intervenci\u00f3n educativa<\/a><\/td><\/tr><tr><td class=\"has-text-align-center\" data-align=\"center\">Tecnolog\u00edas de la Informaci\u00f3n<\/td><td class=\"has-text-align-center\" data-align=\"center\"><a href=\"https:\/\/ens7-caba.infd.edu.ar\/aula\/archivos\/repositorio\/\/5250\/5495\/52_53_54_Trillo-Tec_de_la_informacion.pdf\">Tecnolog\u00edas de la Informaci\u00f3n<\/a><\/td><td class=\"has-text-align-center\" data-align=\"center\"><a href=\"https:\/\/ens7-caba.infd.edu.ar\/aula\/archivos\/repositorio\/\/5250\/5495\/52_53_54_Trillo-Tec_de_la_informacion.pdf\">Tecnolog\u00edas de la Informaci\u00f3n<\/a><\/td><td class=\"has-text-align-center\" data-align=\"center\"><a href=\"https:\/\/ens7-caba.infd.edu.ar\/aula\/archivos\/repositorio\/\/5250\/5495\/52_53_54_Trillo-Tec_de_la_informacion.pdf\">Tecnolog\u00edas de la Informaci\u00f3n<\/a><\/td><\/tr><tr><td class=\"has-text-align-center\" data-align=\"center\"><a href=\"https:\/\/ens7-caba.infd.edu.ar\/aula\/archivos\/repositorio\/\/5500\/5564\/51_Historia_Orientada.pdf\">Historia<\/a><\/td><td class=\"has-text-align-center\" data-align=\"center\"><a href=\"https:\/\/ens7-caba.infd.edu.ar\/aula\/archivos\/repositorio\/\/5500\/5517\/5123_y_54_-_Di_Benedetto-Holtz-Silva-HISTORIA_ORIENTADA.pdf\">Historia<\/a><\/td><td class=\"has-text-align-center\" data-align=\"center\"><a href=\"https:\/\/ens7-caba.infd.edu.ar\/aula\/archivos\/repositorio\/\/5500\/5517\/5123_y_54_-_Di_Benedetto-Holtz-Silva-HISTORIA_ORIENTADA.pdf\">&nbsp;Historia<\/a><\/td><td class=\"has-text-align-center\" data-align=\"center\"><a href=\"https:\/\/ens7-caba.infd.edu.ar\/aula\/archivos\/repositorio\/\/5500\/5517\/5123_y_54_-_Di_Benedetto-Holtz-Silva-HISTORIA_ORIENTADA.pdf\">Historia<\/a><\/td><\/tr><tr><td class=\"has-text-align-center\" data-align=\"center\"><a href=\"https:\/\/ens7-caba.infd.edu.ar\/aula\/archivos\/repositorio\/\/5500\/5532\/51-52-CUBERLI-FILOSOFIA.pdf\">Filosof\u00eda<\/a><\/td><td class=\"has-text-align-center\" data-align=\"center\"><a href=\"https:\/\/ens7-caba.infd.edu.ar\/aula\/archivos\/repositorio\/\/5500\/5532\/51-52-CUBERLI-FILOSOFIA.pdf\">Filosof\u00eda<\/a><\/td><td class=\"has-text-align-center\" data-align=\"center\">Filosof\u00eda<\/td><td class=\"has-text-align-center\" data-align=\"center\">Filosof\u00eda<\/td><\/tr><tr><td class=\"has-text-align-center\" data-align=\"center\"><a href=\"https:\/\/ens7-caba.infd.edu.ar\/aula\/archivos\/repositorio\/\/5500\/5539\/42_51_53_GUTIERREZ_QUIMICA.pdf\">Qu\u00edmica<\/a><\/td><td class=\"has-text-align-center\" data-align=\"center\"><a href=\"https:\/\/ens7-caba.infd.edu.ar\/aula\/archivos\/repositorio\/\/5500\/5544\/52-Alcalde-_QUIMICA_ALIM._Y_SALUD.pdf\">Qu\u00edmica, Alimentaci\u00f3n&nbsp; y salud<\/a><\/td><td class=\"has-text-align-center\" data-align=\"center\"><a href=\"https:\/\/ens7-caba.infd.edu.ar\/aula\/archivos\/repositorio\/\/5500\/5539\/42_51_53_GUTIERREZ_QUIMICA.pdf\">Qu\u00edmica<\/a><\/td><td class=\"has-text-align-center\" data-align=\"center\"><a href=\"https:\/\/ens7-caba.infd.edu.ar\/aula\/archivos\/repositorio\/\/5500\/5539\/42_51_53_GUTIERREZ_QUIMICA.pdf\">Qu\u00edmica<\/a><\/td><\/tr><tr><td class=\"has-text-align-center\" data-align=\"center\"><a href=\"https:\/\/ens7-caba.infd.edu.ar\/aula\/archivos\/repositorio\/\/5500\/5521\/51-RODRIGUEZ_LUPO-Historia_Cultural_Latinoamericana.pdf\">Historia Cultural Latinoamericana<\/a><\/td><td class=\"has-text-align-center\" data-align=\"center\"><a href=\"https:\/\/ens7-caba.infd.edu.ar\/aula\/archivos\/repositorio\/\/5500\/5561\/52_Arte_y_Ciencia.pdf\">Arte y Ciencia<\/a><\/td><td class=\"has-text-align-center\" data-align=\"center\"><a href=\"https:\/\/ens7-caba.infd.edu.ar\/aula\/archivos\/repositorio\/\/5250\/5494\/53_54_Educacion_y_Psicologia.pdf\">Educaci\u00f3n y Psicolog\u00eda<\/a><\/td><td class=\"has-text-align-center\" data-align=\"center\"><a href=\"https:\/\/ens7-caba.infd.edu.ar\/aula\/archivos\/repositorio\/\/5250\/5494\/53_54_Educacion_y_Psicologia.pdf\">Educaci\u00f3n y Psicolog\u00eda<\/a><\/td><\/tr><tr><td class=\"has-text-align-center\" data-align=\"center\"><a href=\"https:\/\/ens7-caba.infd.edu.ar\/aula\/archivos\/repositorio\/\/5500\/5562\/5to__ed_fisica.pdf\">Ed. F\u00edsica<\/a><\/td><td class=\"has-text-align-center\" data-align=\"center\"><a href=\"https:\/\/ens7-caba.infd.edu.ar\/aula\/archivos\/repositorio\/\/5500\/5562\/5to__ed_fisica.pdf\">Ed. F\u00edsica<\/a><\/td><td class=\"has-text-align-center\" data-align=\"center\"><a href=\"https:\/\/ens7-caba.infd.edu.ar\/aula\/archivos\/repositorio\/\/5500\/5562\/5to__ed_fisica.pdf\">Ed. F\u00edsica<\/a><\/td><td class=\"has-text-align-center\" data-align=\"center\"><a href=\"https:\/\/ens7-caba.infd.edu.ar\/aula\/archivos\/repositorio\/\/5500\/5562\/5to__ed_fisica.pdf\">Ed. F\u00edsica<\/a><\/td><\/tr><\/tbody><\/table><\/figure>\n","protected":false},"excerpt":{"rendered":"<p>5\u00ba 1\u00ba&nbsp; 5\u00ba 2\u00ba 5\u00ba 3\u00ba 5\u00ba 4\u00ba Matem\u00e1tica Matem\u00e1tica Matem\u00e1tica Matem\u00e1tica Lengua y Literatura Lengua y Literatura Lengua&nbsp;y Literatura Lengua&nbsp;y Literatura Franc\u00e9s\/Ingl\u00e9s Franc\u00e9s\/Ingl\u00e9s Franc\u00e9s\/Ingl\u00e9s Franc\u00e9s\/Ingl\u00e9s Geograf\u00eda ambiental y pol\u00edtica Ecolog\u00eda &nbsp;Educaci\u00f3n y Globalizaci\u00f3n &nbsp;Educaci\u00f3n y Globalizaci\u00f3n Proyecto de Investigaci\u00f3n en Cs. Sociales Energ\u00eda, radiaci\u00f3n y Vida Educaci\u00f3n y cultura Educaci\u00f3n y cultura Sociedad y &#8230; <a title=\"Programas 5\u00ba A\u00f1o 2024\" class=\"read-more\" href=\"https:\/\/ens7-caba.infd.edu.ar\/sitio\/programas-5o-ano-2024\/\" aria-label=\"More on Programas 5\u00ba A\u00f1o 2024\">[+]<\/a><\/p>\n","protected":false},"author":2274,"featured_media":0,"parent":0,"menu_order":0,"comment_status":"closed","ping_status":"closed","template":"","meta":[],"acf":[],"_links":{"self":[{"href":"https:\/\/ens7-caba.infd.edu.ar\/sitio\/wp-json\/wp\/v2\/pages\/4165"}],"collection":[{"href":"https:\/\/ens7-caba.infd.edu.ar\/sitio\/wp-json\/wp\/v2\/pages"}],"about":[{"href":"https:\/\/ens7-caba.infd.edu.ar\/sitio\/wp-json\/wp\/v2\/types\/page"}],"author":[{"embeddable":true,"href":"https:\/\/ens7-caba.infd.edu.ar\/sitio\/wp-json\/wp\/v2\/users\/2274"}],"replies":[{"embeddable":true,"href":"https:\/\/ens7-caba.infd.edu.ar\/sitio\/wp-json\/wp\/v2\/comments?post=4165"}],"version-history":[{"count":12,"href":"https:\/\/ens7-caba.infd.edu.ar\/sitio\/wp-json\/wp\/v2\/pages\/4165\/revisions"}],"predecessor-version":[{"id":4238,"href":"https:\/\/ens7-caba.infd.edu.ar\/sitio\/wp-json\/wp\/v2\/pages\/4165\/revisions\/4238"}],"wp:attachment":[{"href":"https:\/\/ens7-caba.infd.edu.ar\/sitio\/wp-json\/wp\/v2\/media?parent=4165"}],"curies":[{"name":"wp","href":"https:\/\/api.w.org\/{rel}","templated":true}]}}