{"id":4531,"date":"2025-03-20T07:07:18","date_gmt":"2025-03-20T10:07:18","guid":{"rendered":"https:\/\/ens7-caba.infd.edu.ar\/sitio\/?page_id=4531"},"modified":"2025-07-18T21:36:48","modified_gmt":"2025-07-19T00:36:48","slug":"adscripciones-2025","status":"publish","type":"page","link":"https:\/\/ens7-caba.infd.edu.ar\/sitio\/adscripciones-2025\/","title":{"rendered":"Adscripciones 2025"},"content":{"rendered":"\n<iframe loading=\"lazy\" src=\"https:\/\/drive.google.com\/file\/d\/1actjC88jHxYZ9RK2_tGLM_15XCxB8ZFv\/preview\" width=\"640\" height=\"480\" allow=\"autoplay\"><\/iframe>\n\n\n\n<p>17 de julio de 2025<\/p>\n\n\n\n<h2 class=\"wp-block-heading\">Proyecto Adscripciones Profesorados del Normal 7<\/h2>\n\n\n\n<p>Felicitaciones a las\/los estudiantes avanzadas\/os de nuestras carreras y graduadas\/os que rindieron coloquio e ingresaron al \u201cProyecto de Adscripciones de los Profesorados del Normal 7\u201d.<\/p>\n\n\n\n<p><strong>Ezequiel Libfrand:<\/strong> Ense\u00f1anza de las Ciencias Sociales II, C\u00e1tedra Prof. Alejandro Landoni<\/p>\n\n\n\n<p><strong>Candela Catania:<\/strong> Ense\u00f1anza de la Matem\u00e1tica III, C\u00e1tedra Prof. Joan Wolf.<\/p>\n\n\n\n<p><strong>Agustina Ripa:<\/strong> Taller 3, Jard\u00edn Maternal PEI, C\u00e1tedra Prof. Claudia Charnik.<\/p>\n\n\n\n<p><strong>Malena Reina:<\/strong> Taller de Pr\u00e1cticas y Residencia PEP, C\u00e1tedra Prof. Gladys Tedesco.<\/p>\n\n\n\n<p><strong>Sof\u00eda Romero:<\/strong> &nbsp;Taller 4 PEI, C\u00e1tedra Prof. Josefina Ramos Gonzalez.<\/p>\n\n\n\n<p><strong>Lien Naom:<\/strong> Sujetos de la Educaci\u00f3n Inicial, Prof. Malena Beilin.<\/p>\n\n\n\n<p>Este a\u00f1o han renovado su adscripci\u00f3n por un nuevo per\u00edodo las Profesoras:<\/p>\n\n\n\n<p><strong>Alhue Alfonso:<\/strong> EDI 3: Educaci\u00f3n Permanente de J\u00f3venes y Adultos, C\u00e1tedra Prof. Agustina de la Pe\u00f1a.<\/p>\n\n\n\n<p><strong>Marcela Cremona:<\/strong> Artes Visuales II, C\u00e1tedra Prof. Mariela Serulnicoff.<\/p>\n\n\n\n<p><em>Deseamos que esta sea una etapa de construcci\u00f3n de saberes, tanto a nivel individual como colectivo, enriqueciendo las comunidades de aprendizaje de nuestro querido Normal 7.<\/em><\/p>\n\n\n\n<p>\u00a1Felicitaciones!<\/p>\n\n\n\n<p>Prof. Violeta Wolinsky<\/p>\n\n\n\n<p>Regencia Nivel Terciario<\/p>\n\n\n\n<h2 class=\"wp-block-heading\">Extensi\u00f3n Convocatoria 2025<\/h2>\n\n\n\n<p>Estimadas\/os estudiantes y graduadas\/os<\/p>\n\n\n\n<p>Tenemos el agrado de comunicar que&nbsp;el Consejo Directivo aprob\u00f3 las solicitudes de dos profesoras para abrir una nueva convocatoria a adscripciones durante el corriente a\u00f1o.<\/p>\n\n\n\n<p>\u00b7&nbsp;&nbsp;&nbsp;&nbsp;&nbsp;&nbsp;&nbsp;&nbsp;&nbsp;Gladys Tedesco (Taller de Pr\u00e1cticas Tramo 2 \u2013 CFPP- PEP)<\/p>\n\n\n\n<p>\u00b7&nbsp;&nbsp;&nbsp;&nbsp;&nbsp;&nbsp;&nbsp;&nbsp;&nbsp;Malena Beilin (Sujetos de la Educaci\u00f3n Inicial 2, CFE- PEI)<\/p>\n\n\n\n<p>\u00b7&nbsp;&nbsp;&nbsp;&nbsp;&nbsp;&nbsp;&nbsp;&nbsp;&nbsp;Josefina Ramos Gonzales (Taller 4 &#8211; CFPP- PEI)<\/p>\n\n\n\n<p>Tal como se explica en el Reglamento del R\u00e9gimen de&nbsp;Adscripciones&nbsp;en adjunto en este correo, las&nbsp;adscripciones&nbsp;<em>\u201cconstituyen dispositivos de formaci\u00f3n pedag\u00f3gico-profesionales que involucran la participaci\u00f3n activa, de estudiantes y graduados\/as, en el acompa\u00f1amiento, dise\u00f1o y puesta en pr\u00e1ctica de los proyectos de ense\u00f1anza que llevan adelante los profesores en las&nbsp;c\u00e1tedras&nbsp;e instancias curriculares en general. Estas experiencias contribuyen a potenciar la formaci\u00f3n acad\u00e9mica de los\/las&nbsp;adscriptos\/as en temas de inter\u00e9s, al tiempo de multiplicar las posibilidades de acompa\u00f1ar las diversas trayectorias reales de los\/las &nbsp;cursantes\u201d.<\/em><\/p>\n\n\n\n<figure class=\"wp-block-table\"><table><tbody><tr><td>&nbsp;&nbsp;&nbsp;<strong><u>Cronograma organizativo de las&nbsp;adscripciones<\/u><\/strong><\/td><td><strong>Fechas<\/strong><\/td><\/tr><tr><td>Se publicar\u00e1n&nbsp;todos&nbsp;los llamados.<\/td><td>24\/6<\/td><\/tr><tr><td>Estar\u00e1 abierta la Convocatoria para estudiantes y graduados\/as. Los aspirantes deber\u00e1n acercar, por mail a Regencia y a la Coordinaci\u00f3n del Campo correspondiente:<br>a) Una carta que detalle el inter\u00e9s a formar parte de la c\u00e1tedra.<br>b) Un Curr\u00edculum Vitae.<br>c) Certificado anal\u00edtico que refleje porcentaje de materias aprobadas (para el caso de los estudiantes).<\/td><td>30\/6 al 11\/7<\/td><\/tr><tr><td>Los aspirantes que hayan presentado la documentaci\u00f3n respaldatoria ser\u00e1n convocados a una fecha para asistir al coloquio. Esta instancia podr\u00e1 ser presencial, o virtual.<\/td><td>Del 14 al 18\/7<\/td><\/tr><\/tbody><\/table><\/figure>\n\n\n\n<p>Adjuntamos los proyectos de las profesoras&nbsp; para su difusi\u00f3n.<\/p>\n\n\n\n<p>Por cualquier inquietud pueden escribir o acercarse a Regencia.&nbsp;Saludos cordiales.<\/p>\n\n\n\n<p>Consejo Directivo Nivel terciario<\/p>\n\n\n\n<p><a href=\"https:\/\/ens7-caba.infd.edu.ar\/aula\/archivos\/repositorio\/\/5750\/5806\/CFPP_PEP__Proyecto_adscripcion_1.pdf\">Proyecto Gladys Tedesco (Taller de Pr\u00e1cticas Tramo 2 \u2013 CFPP- PEP)<\/a><\/p>\n\n\n\n<p><a href=\"https:\/\/ens7-caba.infd.edu.ar\/aula\/archivos\/repositorio\/\/5750\/5808\/Proyecto_de_adscripcion__Catedra_Sujetos_de_la_Educacion_Inicial_II.pdf\">Proyecto Malena Beilin (Sujetos de la Educaci\u00f3n Inicial 2, CFE- PEI)<\/a><\/p>\n\n\n\n<p><a href=\"https:\/\/ens7-caba.infd.edu.ar\/aula\/archivos\/repositorio\/\/5750\/5810\/Poyecto_Adscripcion___Taller_IV-PEI.pdf\">Proyecto Josefina Ramos Gonzales (Taller 4 &#8211; CFPP-PEI)<\/a><\/p>\n\n\n\n<p><a href=\"https:\/\/ens7-caba.infd.edu.ar\/aula\/archivos\/repositorio\/\/5750\/5809\/Adscripciones__Instrumento_Normativo-con_modificacion_del_periodo_2024_1_1_2.pdf\">Instrumento Normativo Adscripciones<\/a><\/p>\n\n\n\n<hr class=\"wp-block-separator has-alpha-channel-opacity\"\/>\n\n\n\n<p>11 de abril <\/p>\n\n\n\n<p>Queremos informarles que, en el marco de la convocatoria a Adscripciones 2025,&nbsp; las\/los docentes de las siguientes c\u00e1tedras presentan sus proyectos convocando a estudiantes y graduadas\/os.&nbsp;&nbsp;<\/p>\n\n\n\n<figure class=\"wp-block-table\"><table><tbody><tr><td><strong>Espacio curricular<\/strong><\/td><td><strong>Docente&nbsp;<\/strong><\/td><\/tr><tr><td>EDI III: Educaci\u00f3n Permanente de J\u00f3venes y Adultos&nbsp;<\/td><td>Agustina de la Pe\u00f1a&nbsp;jueves TV&nbsp; 18:20 a 22:05<\/td><\/tr><tr><td>Ense\u00f1anza de las Ciencias Sociales II<\/td><td>Alejandro Landoni&nbsp;Viernes TV 18:20 a 22:05<\/td><\/tr><tr><td>Ense\u00f1anza de la Matem\u00e1tica I&nbsp;<\/td><td>Gisela Serrano&nbsp;TV mi\u00e9rcoles de 18:20 a 22:05<\/td><\/tr><tr><td>Ense\u00f1anza de la Matem\u00e1tica II&nbsp;<\/td><td>Gisela Serrano&nbsp;T. M. mi\u00e9rcoles de 7:45 a 12:00<\/td><\/tr><tr><td>Psicolog\u00eda Educacional&nbsp;<\/td><td>Cecilia Travnik&nbsp;<br>Vacante 1 Martes 1\u00b0 a 6\u00b0 hora TM&nbsp;<br>Vacante 2 Jueves de 18:20 a 22 hs.&nbsp;<\/td><\/tr><tr><td>Ense\u00f1anza de la Matem\u00e1tica III<\/td><td>Joan Wolf&nbsp;Martes tv 18:20 a 22:05<\/td><\/tr><tr><td>Taller 3 Pr\u00e1cticas en el Jard\u00edn Maternal PEI<\/td><td>Claudia Charnik&nbsp;Mi\u00e9rcoles 18:20 a 20:05<\/td><\/tr><\/tbody><\/table><figcaption class=\"wp-element-caption\">Solicitudes  de Adscripci\u00f3n<\/figcaption><\/figure>\n\n\n\n<p><a href=\"https:\/\/ens7-caba.infd.edu.ar\/aula\/archivos\/repositorio\/\/5750\/5781\/PROYECTO_EDI_3_PEP_2025.pdf\">EDI III: Educaci\u00f3n Permanente de J\u00f3venes y Adultos&nbsp;<\/a><\/p>\n\n\n\n<p><a href=\"https:\/\/ens7-caba.infd.edu.ar\/aula\/archivos\/repositorio\/\/5750\/5778\/CS_SOC_II_LANDONI.pdf\">Ense\u00f1anza de las Ciencias Sociales II<\/a><\/p>\n\n\n\n<p><a href=\"https:\/\/ens7-caba.infd.edu.ar\/aula\/archivos\/repositorio\/\/5750\/5777\/MATE_1_Y_2_CARTA_Y_PROPUESTA_.pdf\">Ense\u00f1anza de la Matem\u00e1tica I&nbsp;y II<\/a><\/p>\n\n\n\n<p><a href=\"https:\/\/ens7-caba.infd.edu.ar\/aula\/archivos\/repositorio\/\/5750\/5779\/ADSC._ENS_MATE_III.pdf\">Ense\u00f1anza de la Matem\u00e1tica III<\/a><\/p>\n\n\n\n<p><a href=\"https:\/\/ens7-caba.infd.edu.ar\/aula\/archivos\/repositorio\/\/5750\/5783\/Psicologia_Educacional_.pdf\">Psicolog\u00eda Educacional&nbsp;<\/a><\/p>\n\n\n\n<p><a href=\"https:\/\/ens7-caba.infd.edu.ar\/aula\/archivos\/repositorio\/\/5750\/5782\/ADS._PRACTICAS_JARDIN_MATERNAL.pdf\">Taller 3 Pr\u00e1cticas en el Jard\u00edn Maternal PEI<\/a><\/p>\n\n\n\n<p><strong>Desde el 14\/4 al 25\/4 los\/las&nbsp;aspirantes deber\u00e1n presentar por mail a Regencia y a la Coordinaci\u00f3n del Campo correspondiente la siguiente documentaci\u00f3n<\/strong>:<\/p>\n\n\n\n<p>a) Una carta que detalle el inter\u00e9s a formar parte de la c\u00e1tedra.<br>b) Un Curr\u00edculum Vitae.<br>c) Certificado anal\u00edtico que refleje porcentaje de materias aprobadas (para el caso de los estudiantes).&nbsp;<\/p>\n\n\n\n<p>Les recordamos que:<\/p>\n\n\n\n<p>&nbsp;-El proceso de evaluaci\u00f3n de las postulaciones estar\u00e1 a cargo de una comisi\u00f3n conformada por 3 miembros: el\/la docente de la c\u00e1tedra, un representante de la coordinaci\u00f3n del campo correspondiente y un representante del Claustro Graduados o del Claustro Estudiantil designados por Consejo Directivo.&nbsp;<\/p>\n\n\n\n<p>-Una vez realizados todos los coloquios, la comisi\u00f3n evaluadora deber\u00e1 emitir un dictamen.<\/p>\n\n\n\n<p>-Los aspirantes que hayan presentado la documentaci\u00f3n respaldatoria ser\u00e1n avisados de una fecha para asistir al coloquio. Esta instancia podr\u00e1 ser presencial, o virtual.&nbsp;<\/p>\n\n\n\n<div class=\"wp-block-file\"><object class=\"wp-block-file__embed\" data=\"https:\/\/ens7-caba.infd.edu.ar\/sitio\/wp-content\/uploads\/2025\/03\/Adscripciones__Instrumento_Normativo-con_modificacion_del_periodo_2024_1-1.pdf\" type=\"application\/pdf\" style=\"width:100%;height:600px\" aria-label=\"Incrustado de Adscripciones__Instrumento_Normativo-con_modificacion_del_periodo_2024_1-1.\"><\/object><a id=\"wp-block-file--media-536477e0-9306-402f-8e88-af2461c6ca57\" href=\"https:\/\/ens7-caba.infd.edu.ar\/sitio\/wp-content\/uploads\/2025\/03\/Adscripciones__Instrumento_Normativo-con_modificacion_del_periodo_2024_1-1.pdf\">Adscripciones__Instrumento_Normativo-con_modificacion_del_periodo_2024_1-1<\/a><a href=\"https:\/\/ens7-caba.infd.edu.ar\/sitio\/wp-content\/uploads\/2025\/03\/Adscripciones__Instrumento_Normativo-con_modificacion_del_periodo_2024_1-1.pdf\" class=\"wp-block-file__button wp-element-button\" download aria-describedby=\"wp-block-file--media-536477e0-9306-402f-8e88-af2461c6ca57\">Descarga<\/a><\/div>\n\n\n\n<p><strong>Adjuntamos los proyectos presentados y el reglamento de adscripciones, para que puedan consultar.&nbsp;<\/strong><\/p>\n\n\n\n<p>En caso de ser necesario pueden enviar consultas a&nbsp;<a href=\"mailto:ens7_ntregencia@bue.edu.ar\" target=\"_blank\" rel=\"noreferrer noopener\">ens7_ntregencia@bue.edu.ar<\/a><\/p>\n\n\n\n<p>Saludos cordiales.<\/p>\n\n\n\n<p>Consejo Directivo y Regencia del Nivel Terciario<\/p>\n\n\n\n<p>&#8212;&#8212;&#8212;&#8212;&#8212;&#8212;&#8212;&#8212;&#8212;&#8212;&#8212;&#8212;&#8212;&#8212;&#8212;&#8212;&#8212;&#8212;&#8212;&#8212;&#8212;&#8212;&#8212;&#8212;&#8212;&#8212;&#8212;&#8212;&#8212;&#8212;&#8212;&#8212;&#8212;&#8212;&#8212;&#8212;&#8212;&#8212;&#8212;&#8212;&#8212;&#8212;&#8212;&#8212;&#8212;&#8212;&#8212;&#8212;&#8212;&#8212;&#8212;&#8212;&#8212;&#8212;&#8212;&#8212;&#8212;&#8212;&#8212;&#8212;&#8212;&#8212;&#8212;&#8212;&#8212;&#8212;&#8212;&#8212;&#8212;&#8212;&#8212;&#8211;<\/p>\n\n\n\n<p>A la comunidad educativa del Terciario del Normal 7:<\/p>\n\n\n\n<p>El Consejo Directivo y la Regencia del Nivel Terciario tienen el agrado de comunicar a docentes, estudiantes y graduadas\/os la apertura de los llamados a adscripciones 2025.<\/p>\n\n\n\n<p>Tal como se explica en el Reglamento del R\u00e9gimen de&nbsp;Adscripciones, adjunto en este correo, las adscripciones&nbsp;<em>\u201cconstituyen dispositivos de formaci\u00f3n pedag\u00f3gico-profesionales que involucran la participaci\u00f3n activa, de estudiantes y graduados\/as, en el acompa\u00f1amiento, dise\u00f1o y puesta en pr\u00e1ctica de los proyectos de ense\u00f1anza que llevan adelante los profesores en las&nbsp;c\u00e1tedras&nbsp;e instancias curriculares en general. Estas experiencias contribuyen a potenciar la formaci\u00f3n acad\u00e9mica de los\/las&nbsp;adscriptos\/as en temas de inter\u00e9s, al tiempo de multiplicar las posibilidades de acompa\u00f1ar las diversas trayectorias reales de los\/las &nbsp;cursantes\u201d.<\/em><\/p>\n\n\n\n<p>Se agrega a continuaci\u00f3n<em>: \u201cEl dispositivo de las&nbsp;adscripciones&nbsp;se inscribe en una l\u00f3gica de fortalecimiento de la vida institucional del terciario. Brinda la posibilidad a estudiantes avanzados\/as y a graduados\/as de la carrera de tomar protagonismo en las actividades de la instituci\u00f3n y formarse profesionalmente en ese proceso. Las experiencias de adscripci\u00f3n que ya han funcionado en el seno del terciario han sido valoradas positivamente por la comunidad de estudiantes, destacando las nuevas caracter\u00edsticas del entorno de aprendizajes que promueven, fomentando la inclusi\u00f3n y la participaci\u00f3n en clase.\u201d<\/em><\/p>\n\n\n\n<p><\/p>\n\n\n\n<p>En este marco, presentamos el cronograma de la convocatoria:<\/p>\n\n\n\n<figure class=\"wp-block-table aligncenter\"><table><tbody><tr><td class=\"has-text-align-left\" data-align=\"left\">&nbsp;&nbsp;&nbsp;<strong>Acciones<\/strong><\/td><td><strong>Fechas<\/strong><\/td><\/tr><tr><td class=\"has-text-align-left\" data-align=\"left\">Las\/los docentes interesadas\/os presentan la&nbsp;solicitud de llamar adscriptos&nbsp;al <br>Consejo Directivo y Regencia como lo explicita el Reglamento.<\/td><td>25\/3 al 8\/4<\/td><\/tr><tr><td class=\"has-text-align-left\" data-align=\"left\">Se publicar\u00e1n&nbsp;todos&nbsp;los llamados.<\/td><td>11\/4&nbsp;<\/td><\/tr><tr><td class=\"has-text-align-left\" data-align=\"left\">Estar\u00e1 abierta la Convocatoria para estudiantes y graduados\/as. <br>Los aspirantes deber\u00e1n acercar, por mail a Regencia y a la Coordinaci\u00f3n del Campo correspondiente:<br>a) Una carta que detalle el inter\u00e9s a formar parte de la c\u00e1tedra.<br>b) Un Curr\u00edculum Vitae.<br>c) Certificado anal\u00edtico que refleje porcentaje de materias aprobadas (para el caso de los estudiantes).<\/td><td>14\/4&nbsp;al&nbsp; &nbsp; 25\/4<\/td><\/tr><tr><td class=\"has-text-align-left\" data-align=\"left\">Los aspirantes que hayan presentado la documentaci\u00f3n respaldatoria ser\u00e1n convocados <br>a una fecha para asistir al coloquio. Esta instancia podr\u00e1 ser presencial, o virtual.<\/td><td>28\/4 al 2\/5&nbsp;<\/td><\/tr><\/tbody><\/table><\/figure>\n\n\n\n<p><\/p>\n\n\n\n<p>Por cualquier inquietud, docentes, estudiantes y graduados pueden acercarse a Regencia.&nbsp;<\/p>\n\n\n\n<p>Consejo Directivo y Regencia del&nbsp;Nivel Terciario&nbsp;<\/p>\n","protected":false},"excerpt":{"rendered":"<p>17 de julio de 2025 Proyecto Adscripciones Profesorados del Normal 7 Felicitaciones a las\/los estudiantes avanzadas\/os de nuestras carreras y graduadas\/os que rindieron coloquio e ingresaron al \u201cProyecto de Adscripciones de los Profesorados del Normal 7\u201d. Ezequiel Libfrand: Ense\u00f1anza de las Ciencias Sociales II, C\u00e1tedra Prof. Alejandro Landoni Candela Catania: Ense\u00f1anza de la Matem\u00e1tica III, &#8230; <a title=\"Adscripciones 2025\" class=\"read-more\" href=\"https:\/\/ens7-caba.infd.edu.ar\/sitio\/adscripciones-2025\/\" aria-label=\"More on Adscripciones 2025\">[+]<\/a><\/p>\n","protected":false},"author":2274,"featured_media":0,"parent":0,"menu_order":0,"comment_status":"closed","ping_status":"closed","template":"","meta":[],"acf":[],"_links":{"self":[{"href":"https:\/\/ens7-caba.infd.edu.ar\/sitio\/wp-json\/wp\/v2\/pages\/4531"}],"collection":[{"href":"https:\/\/ens7-caba.infd.edu.ar\/sitio\/wp-json\/wp\/v2\/pages"}],"about":[{"href":"https:\/\/ens7-caba.infd.edu.ar\/sitio\/wp-json\/wp\/v2\/types\/page"}],"author":[{"embeddable":true,"href":"https:\/\/ens7-caba.infd.edu.ar\/sitio\/wp-json\/wp\/v2\/users\/2274"}],"replies":[{"embeddable":true,"href":"https:\/\/ens7-caba.infd.edu.ar\/sitio\/wp-json\/wp\/v2\/comments?post=4531"}],"version-history":[{"count":13,"href":"https:\/\/ens7-caba.infd.edu.ar\/sitio\/wp-json\/wp\/v2\/pages\/4531\/revisions"}],"predecessor-version":[{"id":4704,"href":"https:\/\/ens7-caba.infd.edu.ar\/sitio\/wp-json\/wp\/v2\/pages\/4531\/revisions\/4704"}],"wp:attachment":[{"href":"https:\/\/ens7-caba.infd.edu.ar\/sitio\/wp-json\/wp\/v2\/media?parent=4531"}],"curies":[{"name":"wp","href":"https:\/\/api.w.org\/{rel}","templated":true}]}}