{"id":4544,"date":"2025-04-06T23:09:43","date_gmt":"2025-04-07T02:09:43","guid":{"rendered":"https:\/\/ens7-caba.infd.edu.ar\/sitio\/?page_id=4544"},"modified":"2025-04-07T19:39:50","modified_gmt":"2025-04-07T22:39:50","slug":"programas-1o-ano-2025","status":"publish","type":"page","link":"https:\/\/ens7-caba.infd.edu.ar\/sitio\/programas-1o-ano-2025\/","title":{"rendered":"Programas 1\u00ba A\u00f1o 2025"},"content":{"rendered":"\n<figure class=\"wp-block-table\"><table><tbody><tr><td><strong>1\u00ba 1\u00ba<\/strong><\/td><td><strong>1\u00ba 2\u00ba<\/strong><\/td><td><strong>1\u00ba 3\u00ba<\/strong><\/td><td><strong>1\u00ba 4\u00ba<\/strong><\/td><\/tr><tr><td><a href=\"https:\/\/ens7-caba.infd.edu.ar\/aula\/archivos\/repositorio\/\/5500\/5723\/Lengua_y_Literatura_-_Planificacion_ciclada_-_Ciclo_Basico_2025.pdf\">Lengua y&nbsp;literatura<\/a><\/td><td><a href=\"https:\/\/ens7-caba.infd.edu.ar\/aula\/archivos\/repositorio\/\/5500\/5723\/Lengua_y_Literatura_-_Planificacion_ciclada_-_Ciclo_Basico_2025.pdf\">Lengua y literatura<\/a><\/td><td><a href=\"https:\/\/ens7-caba.infd.edu.ar\/aula\/archivos\/repositorio\/\/5500\/5723\/Lengua_y_Literatura_-_Planificacion_ciclada_-_Ciclo_Basico_2025.pdf\">Lengua y literatura<\/a><\/td><td><a href=\"https:\/\/ens7-caba.infd.edu.ar\/aula\/archivos\/repositorio\/\/5500\/5723\/Lengua_y_Literatura_-_Planificacion_ciclada_-_Ciclo_Basico_2025.pdf\">Lengua y literatura<\/a><\/td><\/tr><tr><td><a href=\"https:\/\/ens7-caba.infd.edu.ar\/aula\/archivos\/repositorio\/\/5500\/5720\/Ingles_-_Planificacion_ciclada_-_Ciclo_Basico_2025.pdf\">Ingl\u00e9s<\/a><\/td><td><a href=\"https:\/\/ens7-caba.infd.edu.ar\/aula\/archivos\/repositorio\/\/5500\/5724\/Frances_-_Planificacio769n_ciclada_-_Ciclo_Basico_2025.pdf\">Franc\u00e9s<\/a><\/td><td><a href=\"https:\/\/ens7-caba.infd.edu.ar\/aula\/archivos\/repositorio\/\/5500\/5720\/Ingles_-_Planificacion_ciclada_-_Ciclo_Basico_2025.pdf\">Ingl\u00e9s<\/a><\/td><td><a href=\"https:\/\/ens7-caba.infd.edu.ar\/aula\/archivos\/repositorio\/\/5500\/5724\/Frances_-_Planificacio769n_ciclada_-_Ciclo_Basico_2025.pdf\">Franc\u00e9s<\/a><\/td><\/tr><tr><td><a href=\"https:\/\/ens7-caba.infd.edu.ar\/aula\/archivos\/repositorio\/\/5500\/5722\/Planificacio769n_ciclada_Matematica_2025.pdf\">Matem\u00e1tica<\/a><\/td><td><a href=\"https:\/\/ens7-caba.infd.edu.ar\/aula\/archivos\/repositorio\/\/5500\/5722\/Planificacio769n_ciclada_Matematica_2025.pdf\">Matem\u00e1tica<\/a><\/td><td><a href=\"https:\/\/ens7-caba.infd.edu.ar\/aula\/archivos\/repositorio\/\/5500\/5722\/Planificacio769n_ciclada_Matematica_2025.pdf\">Matem\u00e1tica<\/a><\/td><td><a href=\"https:\/\/ens7-caba.infd.edu.ar\/aula\/archivos\/repositorio\/\/5500\/5722\/Planificacio769n_ciclada_Matematica_2025.pdf\">Matem\u00e1tica<\/a><\/td><\/tr><tr><td><a href=\"https:\/\/ens7-caba.infd.edu.ar\/aula\/archivos\/repositorio\/\/5500\/5721\/Planificacion_ciclada_Biologia_ciclo_basico_2025.pdf\">Biolog\u00eda<\/a><\/td><td><a href=\"https:\/\/ens7-caba.infd.edu.ar\/aula\/archivos\/repositorio\/\/5500\/5721\/Planificacion_ciclada_Biologia_ciclo_basico_2025.pdf\">Biolog\u00eda<\/a><\/td><td><a href=\"https:\/\/ens7-caba.infd.edu.ar\/aula\/archivos\/repositorio\/\/5500\/5721\/Planificacion_ciclada_Biologia_ciclo_basico_2025.pdf\">Biolog\u00eda<\/a><\/td><td><a href=\"https:\/\/ens7-caba.infd.edu.ar\/aula\/archivos\/repositorio\/\/5500\/5721\/Planificacion_ciclada_Biologia_ciclo_basico_2025.pdf\">Biolog\u00eda<\/a><\/td><\/tr><tr><td>Geograf\u00eda<\/td><td>Geograf\u00eda<\/td><td>Geograf\u00eda<\/td><td>Geograf\u00eda<\/td><\/tr><tr><td>Historia<\/td><td>Historia<\/td><td>Historia<\/td><td>Historia<\/td><\/tr><tr><td>Formaci\u00f3n \u00c9tica y Ciudadana<\/td><td>Formaci\u00f3n \u00c9tica y Ciudadana<\/td><td>Formaci\u00f3n \u00c9tica y Ciudadana<\/td><td>Formaci\u00f3n \u00c9tica y Ciudadana<\/td><\/tr><tr><td>Artes-M\u00fasica<\/td><td>Artes-M\u00fasica<\/td><td>Artes-M\u00fasica<\/td><td>Artes-M\u00fasica<\/td><\/tr><tr><td>Artes Visuales<\/td><td>Artes Visuales<\/td><td>Artes Visuales<\/td><td>Artes Visuales<\/td><\/tr><tr><td>Ed. Tecnol\u00f3gica<\/td><td>Ed. Tecnol\u00f3gica<\/td><td>Educ. Tecnol\u00f3gica<\/td><td>Educ. Tecnol\u00f3gica<\/td><\/tr><tr><td>Ed. F\u00edsica<\/td><td>Ed. F\u00edsica<\/td><td>Ed. F\u00edsica<\/td><td>Ed. F\u00edsica<\/td><\/tr><tr><td>EDI<\/td><td>EDI<\/td><td>EDI<\/td><td>EDI<\/td><\/tr><\/tbody><\/table><\/figure>\n\n\n\n<p>\ufeff<\/p>\n","protected":false},"excerpt":{"rendered":"<p>1\u00ba 1\u00ba 1\u00ba 2\u00ba 1\u00ba 3\u00ba 1\u00ba 4\u00ba Lengua y&nbsp;literatura Lengua y literatura Lengua y literatura Lengua y literatura Ingl\u00e9s Franc\u00e9s Ingl\u00e9s Franc\u00e9s Matem\u00e1tica Matem\u00e1tica Matem\u00e1tica Matem\u00e1tica Biolog\u00eda Biolog\u00eda Biolog\u00eda Biolog\u00eda Geograf\u00eda Geograf\u00eda Geograf\u00eda Geograf\u00eda Historia Historia Historia Historia Formaci\u00f3n \u00c9tica y Ciudadana Formaci\u00f3n \u00c9tica y Ciudadana Formaci\u00f3n \u00c9tica y Ciudadana Formaci\u00f3n \u00c9tica y Ciudadana &#8230; <a title=\"Programas 1\u00ba A\u00f1o 2025\" class=\"read-more\" href=\"https:\/\/ens7-caba.infd.edu.ar\/sitio\/programas-1o-ano-2025\/\" aria-label=\"More on Programas 1\u00ba A\u00f1o 2025\">[+]<\/a><\/p>\n","protected":false},"author":2274,"featured_media":0,"parent":0,"menu_order":0,"comment_status":"closed","ping_status":"closed","template":"","meta":[],"acf":[],"_links":{"self":[{"href":"https:\/\/ens7-caba.infd.edu.ar\/sitio\/wp-json\/wp\/v2\/pages\/4544"}],"collection":[{"href":"https:\/\/ens7-caba.infd.edu.ar\/sitio\/wp-json\/wp\/v2\/pages"}],"about":[{"href":"https:\/\/ens7-caba.infd.edu.ar\/sitio\/wp-json\/wp\/v2\/types\/page"}],"author":[{"embeddable":true,"href":"https:\/\/ens7-caba.infd.edu.ar\/sitio\/wp-json\/wp\/v2\/users\/2274"}],"replies":[{"embeddable":true,"href":"https:\/\/ens7-caba.infd.edu.ar\/sitio\/wp-json\/wp\/v2\/comments?post=4544"}],"version-history":[{"count":4,"href":"https:\/\/ens7-caba.infd.edu.ar\/sitio\/wp-json\/wp\/v2\/pages\/4544\/revisions"}],"predecessor-version":[{"id":4592,"href":"https:\/\/ens7-caba.infd.edu.ar\/sitio\/wp-json\/wp\/v2\/pages\/4544\/revisions\/4592"}],"wp:attachment":[{"href":"https:\/\/ens7-caba.infd.edu.ar\/sitio\/wp-json\/wp\/v2\/media?parent=4544"}],"curies":[{"name":"wp","href":"https:\/\/api.w.org\/{rel}","templated":true}]}}