{"id":4547,"date":"2025-04-07T19:29:19","date_gmt":"2025-04-07T22:29:19","guid":{"rendered":"https:\/\/ens7-caba.infd.edu.ar\/sitio\/?page_id=4547"},"modified":"2025-04-07T19:56:20","modified_gmt":"2025-04-07T22:56:20","slug":"programas-2o-ano-2025","status":"publish","type":"page","link":"https:\/\/ens7-caba.infd.edu.ar\/sitio\/programas-2o-ano-2025\/","title":{"rendered":"Programas 2\u00ba A\u00f1o 2025"},"content":{"rendered":"\n<figure class=\"wp-block-table\"><table><tbody><tr><td class=\"has-text-align-center\" data-align=\"center\"><strong>2\u00ba 1\u00ba<\/strong><\/td><td class=\"has-text-align-center\" data-align=\"center\"><strong>2\u00ba 2\u00ba<\/strong><\/td><td class=\"has-text-align-center\" data-align=\"center\"><strong>2\u00ba 3\u00ba<\/strong><\/td><td class=\"has-text-align-center\" data-align=\"center\"><strong>2\u00ba 4\u00ba<\/strong><\/td><\/tr><tr><td class=\"has-text-align-center\" data-align=\"center\"><a href=\"https:\/\/ens7-caba.infd.edu.ar\/aula\/archivos\/repositorio\/\/5500\/5723\/Lengua_y_Literatura_-_Planificacion_ciclada_-_Ciclo_Basico_2025.pdf\">Lengua y literatura<\/a><\/td><td class=\"has-text-align-center\" data-align=\"center\"><a href=\"https:\/\/ens7-caba.infd.edu.ar\/aula\/archivos\/repositorio\/\/5500\/5723\/Lengua_y_Literatura_-_Planificacion_ciclada_-_Ciclo_Basico_2025.pdf\">Lengua y literatura<\/a><\/td><td class=\"has-text-align-center\" data-align=\"center\"><a href=\"https:\/\/ens7-caba.infd.edu.ar\/aula\/archivos\/repositorio\/\/5500\/5723\/Lengua_y_Literatura_-_Planificacion_ciclada_-_Ciclo_Basico_2025.pdf\">Lengua y literatura<\/a><\/td><td class=\"has-text-align-center\" data-align=\"center\"><a href=\"https:\/\/ens7-caba.infd.edu.ar\/aula\/archivos\/repositorio\/\/5500\/5723\/Lengua_y_Literatura_-_Planificacion_ciclada_-_Ciclo_Basico_2025.pdf\">Lengua y literatura<\/a><\/td><\/tr><tr><td class=\"has-text-align-center\" data-align=\"center\"><a href=\"https:\/\/ens7-caba.infd.edu.ar\/aula\/archivos\/repositorio\/\/5500\/5720\/Ingles_-_Planificacion_ciclada_-_Ciclo_Basico_2025.pdf\">Ingl\u00e9s\u00a0<\/a><\/td><td class=\"has-text-align-center\" data-align=\"center\"><a href=\"https:\/\/ens7-caba.infd.edu.ar\/aula\/archivos\/repositorio\/\/5500\/5724\/Frances_-_Planificacio769n_ciclada_-_Ciclo_Basico_2025.pdf\">Franc\u00e9s<\/a><\/td><td class=\"has-text-align-center\" data-align=\"center\"><a href=\"https:\/\/ens7-caba.infd.edu.ar\/aula\/archivos\/repositorio\/\/5500\/5720\/Ingles_-_Planificacion_ciclada_-_Ciclo_Basico_2025.pdf\">Ingl\u00e9s<\/a><\/td><td class=\"has-text-align-center\" data-align=\"center\"><a href=\"https:\/\/ens7-caba.infd.edu.ar\/aula\/archivos\/repositorio\/\/5500\/5724\/Frances_-_Planificacio769n_ciclada_-_Ciclo_Basico_2025.pdf\">Franc\u00e9s<\/a><\/td><\/tr><tr><td class=\"has-text-align-center\" data-align=\"center\"><a href=\"https:\/\/ens7-caba.infd.edu.ar\/aula\/archivos\/repositorio\/\/5500\/5722\/Planificacio769n_ciclada_Matematica_2025.pdf\">Matem\u00e1tica<\/a><\/td><td class=\"has-text-align-center\" data-align=\"center\"><a href=\"https:\/\/ens7-caba.infd.edu.ar\/aula\/archivos\/repositorio\/\/5500\/5722\/Planificacio769n_ciclada_Matematica_2025.pdf\">Matem\u00e1tica<\/a><\/td><td class=\"has-text-align-center\" data-align=\"center\"><a href=\"https:\/\/ens7-caba.infd.edu.ar\/aula\/archivos\/repositorio\/\/5500\/5722\/Planificacio769n_ciclada_Matematica_2025.pdf\">Matem\u00e1tica<\/a><\/td><td class=\"has-text-align-center\" data-align=\"center\"><a href=\"https:\/\/ens7-caba.infd.edu.ar\/aula\/archivos\/repositorio\/\/5500\/5722\/Planificacio769n_ciclada_Matematica_2025.pdf\">Matem\u00e1tica<\/a><\/td><\/tr><tr><td class=\"has-text-align-center\" data-align=\"center\"><a href=\"https:\/\/ens7-caba.infd.edu.ar\/aula\/archivos\/repositorio\/\/5500\/5721\/Planificacion_ciclada_Biologia_ciclo_basico_2025.pdf\">Biolog\u00eda<\/a><\/td><td class=\"has-text-align-center\" data-align=\"center\"><a href=\"https:\/\/ens7-caba.infd.edu.ar\/aula\/archivos\/repositorio\/\/5500\/5721\/Planificacion_ciclada_Biologia_ciclo_basico_2025.pdf\">Biolog\u00eda<\/a><\/td><td class=\"has-text-align-center\" data-align=\"center\"><a href=\"https:\/\/ens7-caba.infd.edu.ar\/aula\/archivos\/repositorio\/\/5500\/5721\/Planificacion_ciclada_Biologia_ciclo_basico_2025.pdf\">Biolog\u00eda<\/a><\/td><td class=\"has-text-align-center\" data-align=\"center\"><a href=\"https:\/\/ens7-caba.infd.edu.ar\/aula\/archivos\/repositorio\/\/5500\/5721\/Planificacion_ciclada_Biologia_ciclo_basico_2025.pdf\">Biolog\u00eda<\/a><\/td><\/tr><tr><td class=\"has-text-align-center\" data-align=\"center\">Geograf\u00eda<\/td><td class=\"has-text-align-center\" data-align=\"center\">Geograf\u00eda<\/td><td class=\"has-text-align-center\" data-align=\"center\">Geograf\u00eda<\/td><td class=\"has-text-align-center\" data-align=\"center\">Geograf\u00eda<\/td><\/tr><tr><td class=\"has-text-align-center\" data-align=\"center\">Historia<\/td><td class=\"has-text-align-center\" data-align=\"center\">Historia<\/td><td class=\"has-text-align-center\" data-align=\"center\">Historia<\/td><td class=\"has-text-align-center\" data-align=\"center\">Historia<\/td><\/tr><tr><td class=\"has-text-align-center\" data-align=\"center\">Ed. Ciudadana<\/td><td class=\"has-text-align-center\" data-align=\"center\">Ed. Ciudadana<\/td><td class=\"has-text-align-center\" data-align=\"center\">Ed. Ciudadana<\/td><td class=\"has-text-align-center\" data-align=\"center\">Ed. Ciudadana<\/td><\/tr><tr><td class=\"has-text-align-center\" data-align=\"center\">Artes-M\u00fasica<\/td><td class=\"has-text-align-center\" data-align=\"center\">Artes-M\u00fasica<\/td><td class=\"has-text-align-center\" data-align=\"center\">Artes-M\u00fasica<\/td><td class=\"has-text-align-center\" data-align=\"center\">Artes-M\u00fasica<\/td><\/tr><tr><td class=\"has-text-align-center\" data-align=\"center\">Ed. Tecnol\u00f3gica<\/td><td class=\"has-text-align-center\" data-align=\"center\">Ed. Tecnol\u00f3gica<\/td><td class=\"has-text-align-center\" data-align=\"center\">Ed. Tecnol\u00f3gica<\/td><td class=\"has-text-align-center\" data-align=\"center\">Ed. Tecnol\u00f3gica<\/td><\/tr><tr><td class=\"has-text-align-center\" data-align=\"center\">Artes visuales<\/td><td class=\"has-text-align-center\" data-align=\"center\">Artes visuales<\/td><td class=\"has-text-align-center\" data-align=\"center\">Artes visuales<\/td><td class=\"has-text-align-center\" data-align=\"center\">Artes visuales<\/td><\/tr><tr><td class=\"has-text-align-center\" data-align=\"center\">Ed. F\u00edsica<\/td><td class=\"has-text-align-center\" data-align=\"center\">Ed. F\u00edsica<\/td><td class=\"has-text-align-center\" data-align=\"center\">Ed. F\u00edsica<\/td><td class=\"has-text-align-center\" data-align=\"center\">Ed. F\u00edsica<\/td><\/tr><tr><td class=\"has-text-align-center\" data-align=\"center\">EDI<\/td><td class=\"has-text-align-center\" data-align=\"center\">EDI<\/td><td class=\"has-text-align-center\" data-align=\"center\">EDI<\/td><td class=\"has-text-align-center\" data-align=\"center\">EDI<\/td><\/tr><\/tbody><\/table><\/figure>\n","protected":false},"excerpt":{"rendered":"<p>2\u00ba 1\u00ba 2\u00ba 2\u00ba 2\u00ba 3\u00ba 2\u00ba 4\u00ba Lengua y literatura Lengua y literatura Lengua y literatura Lengua y literatura Ingl\u00e9s\u00a0 Franc\u00e9s Ingl\u00e9s Franc\u00e9s Matem\u00e1tica Matem\u00e1tica Matem\u00e1tica Matem\u00e1tica Biolog\u00eda Biolog\u00eda Biolog\u00eda Biolog\u00eda Geograf\u00eda Geograf\u00eda Geograf\u00eda Geograf\u00eda Historia Historia Historia Historia Ed. Ciudadana Ed. Ciudadana Ed. Ciudadana Ed. Ciudadana Artes-M\u00fasica Artes-M\u00fasica Artes-M\u00fasica Artes-M\u00fasica Ed. Tecnol\u00f3gica Ed. &#8230; <a title=\"Programas 2\u00ba A\u00f1o 2025\" class=\"read-more\" href=\"https:\/\/ens7-caba.infd.edu.ar\/sitio\/programas-2o-ano-2025\/\" aria-label=\"More on Programas 2\u00ba A\u00f1o 2025\">[+]<\/a><\/p>\n","protected":false},"author":2274,"featured_media":0,"parent":0,"menu_order":0,"comment_status":"closed","ping_status":"closed","template":"","meta":[],"acf":[],"_links":{"self":[{"href":"https:\/\/ens7-caba.infd.edu.ar\/sitio\/wp-json\/wp\/v2\/pages\/4547"}],"collection":[{"href":"https:\/\/ens7-caba.infd.edu.ar\/sitio\/wp-json\/wp\/v2\/pages"}],"about":[{"href":"https:\/\/ens7-caba.infd.edu.ar\/sitio\/wp-json\/wp\/v2\/types\/page"}],"author":[{"embeddable":true,"href":"https:\/\/ens7-caba.infd.edu.ar\/sitio\/wp-json\/wp\/v2\/users\/2274"}],"replies":[{"embeddable":true,"href":"https:\/\/ens7-caba.infd.edu.ar\/sitio\/wp-json\/wp\/v2\/comments?post=4547"}],"version-history":[{"count":2,"href":"https:\/\/ens7-caba.infd.edu.ar\/sitio\/wp-json\/wp\/v2\/pages\/4547\/revisions"}],"predecessor-version":[{"id":4595,"href":"https:\/\/ens7-caba.infd.edu.ar\/sitio\/wp-json\/wp\/v2\/pages\/4547\/revisions\/4595"}],"wp:attachment":[{"href":"https:\/\/ens7-caba.infd.edu.ar\/sitio\/wp-json\/wp\/v2\/media?parent=4547"}],"curies":[{"name":"wp","href":"https:\/\/api.w.org\/{rel}","templated":true}]}}