{"id":4549,"date":"2025-04-07T16:19:01","date_gmt":"2025-04-07T19:19:01","guid":{"rendered":"https:\/\/ens7-caba.infd.edu.ar\/sitio\/?page_id=4549"},"modified":"2025-04-13T20:02:52","modified_gmt":"2025-04-13T23:02:52","slug":"programas-3o-ano-2025","status":"publish","type":"page","link":"https:\/\/ens7-caba.infd.edu.ar\/sitio\/programas-3o-ano-2025\/","title":{"rendered":"Programas 3\u00ba A\u00f1o 2025"},"content":{"rendered":"\n<figure class=\"wp-block-table\"><table><tbody><tr><td class=\"has-text-align-center\" data-align=\"center\"><strong>3\u00ba 1\u00ba<\/strong><\/td><td class=\"has-text-align-center\" data-align=\"center\"><strong>3\u00ba 2\u00ba<\/strong><\/td><td class=\"has-text-align-center\" data-align=\"center\"><strong>3\u00ba 3\u00ba<\/strong><\/td><td class=\"has-text-align-center\" data-align=\"center\"><strong>3\u00ba 4\u00ba<\/strong><\/td><\/tr><tr><td class=\"has-text-align-center\" data-align=\"center\"><a href=\"https:\/\/ens7-caba.infd.edu.ar\/aula\/archivos\/repositorio\/\/5500\/5730\/3_3-3_4_Lengua_y_Literatura_.pdf\">Lengua y literatura<\/a><\/td><td class=\"has-text-align-center\" data-align=\"center\"><a href=\"https:\/\/ens7-caba.infd.edu.ar\/aula\/archivos\/repositorio\/\/5500\/5730\/3_3-3_4_Lengua_y_Literatura_.pdf\">Lengua y literatura<\/a><\/td><td class=\"has-text-align-center\" data-align=\"center\"><a href=\"https:\/\/ens7-caba.infd.edu.ar\/aula\/archivos\/repositorio\/\/5500\/5730\/3_3-3_4_Lengua_y_Literatura_.pdf\">Lengua y literatura<\/a><\/td><td class=\"has-text-align-center\" data-align=\"center\"><a href=\"https:\/\/ens7-caba.infd.edu.ar\/aula\/archivos\/repositorio\/\/5500\/5730\/3_3-3_4_Lengua_y_Literatura_.pdf\">Lengua y literatura<\/a><\/td><\/tr><tr><td class=\"has-text-align-center\" data-align=\"center\"><a href=\"https:\/\/ens7-caba.infd.edu.ar\/aula\/archivos\/repositorio\/\/5500\/5733\/31-32-33-34-Ingles2025.pdf\">Ingl\u00e9s<\/a>&nbsp;\/<a href=\"https:\/\/ens7-caba.infd.edu.ar\/aula\/archivos\/repositorio\/\/5500\/5731\/3_an_o_FRANCES_2025_.pdf\">&nbsp;Franc\u00e9s<\/a><\/td><td class=\"has-text-align-center\" data-align=\"center\"><a href=\"https:\/\/ens7-caba.infd.edu.ar\/aula\/archivos\/repositorio\/\/5500\/5733\/31-32-33-34-Ingles2025.pdf\">Ingl\u00e9s&nbsp;<\/a>\/&nbsp;<a href=\"https:\/\/ens7-caba.infd.edu.ar\/aula\/archivos\/repositorio\/\/5500\/5731\/3_an_o_FRANCES_2025_.pdf\">Franc\u00e9s<\/a><\/td><td class=\"has-text-align-center\" data-align=\"center\"><a href=\"https:\/\/ens7-caba.infd.edu.ar\/aula\/archivos\/repositorio\/\/5500\/5733\/31-32-33-34-Ingles2025.pdf\">Ingl\u00e9s&nbsp;<\/a>\/&nbsp;<a href=\"https:\/\/ens7-caba.infd.edu.ar\/aula\/archivos\/repositorio\/\/5500\/5731\/3_an_o_FRANCES_2025_.pdf\">Franc\u00e9s<\/a><\/td><td class=\"has-text-align-center\" data-align=\"center\"><a href=\"https:\/\/ens7-caba.infd.edu.ar\/aula\/archivos\/repositorio\/\/5500\/5733\/31-32-33-34-Ingles2025.pdf\">Ingl\u00e9s<\/a>&nbsp;\/&nbsp;Franc\u00e9s<\/td><\/tr><tr><td class=\"has-text-align-center\" data-align=\"center\"><a href=\"https:\/\/ens7-caba.infd.edu.ar\/aula\/archivos\/repositorio\/\/5500\/5729\/3_3-3_4_Matematica_pdf.pdf\">Matem\u00e1tica<\/a><\/td><td class=\"has-text-align-center\" data-align=\"center\"><a href=\"https:\/\/ens7-caba.infd.edu.ar\/aula\/archivos\/repositorio\/\/5500\/5729\/3_3-3_4_Matematica_pdf.pdf\">Matem\u00e1tica<\/a><\/td><td class=\"has-text-align-center\" data-align=\"center\"><a href=\"https:\/\/ens7-caba.infd.edu.ar\/aula\/archivos\/repositorio\/\/5500\/5729\/3_3-3_4_Matematica_pdf.pdf\">Matem\u00e1tica<\/a><\/td><td class=\"has-text-align-center\" data-align=\"center\"><a href=\"https:\/\/ens7-caba.infd.edu.ar\/aula\/archivos\/repositorio\/\/5500\/5729\/3_3-3_4_Matematica_pdf.pdf\">Matem\u00e1tica<\/a><\/td><\/tr><tr><td class=\"has-text-align-center\" data-align=\"center\"><a href=\"https:\/\/ens7-caba.infd.edu.ar\/aula\/archivos\/repositorio\/\/5500\/5732\/3_3-3_4_BIOLOGIA.pdf\">Biolog\u00eda<\/a><\/td><td class=\"has-text-align-center\" data-align=\"center\"><a href=\"https:\/\/ens7-caba.infd.edu.ar\/aula\/archivos\/repositorio\/\/5500\/5732\/3_3-3_4_BIOLOGIA.pdf\">Biolog\u00eda<\/a><\/td><td class=\"has-text-align-center\" data-align=\"center\"><a href=\"https:\/\/ens7-caba.infd.edu.ar\/aula\/archivos\/repositorio\/\/5500\/5732\/3_3-3_4_BIOLOGIA.pdf\">Biolog\u00eda<\/a><\/td><td class=\"has-text-align-center\" data-align=\"center\"><a href=\"https:\/\/ens7-caba.infd.edu.ar\/aula\/archivos\/repositorio\/\/5500\/5732\/3_3-3_4_BIOLOGIA.pdf\">Biolog\u00eda<\/a><\/td><\/tr><tr><td class=\"has-text-align-center\" data-align=\"center\"><a href=\"https:\/\/ens7-caba.infd.edu.ar\/aula\/archivos\/repositorio\/\/5500\/5734\/3_3-3_4_Geografia.pdf\">Geograf\u00eda<\/a><\/td><td class=\"has-text-align-center\" data-align=\"center\"><a href=\"https:\/\/ens7-caba.infd.edu.ar\/aula\/archivos\/repositorio\/\/5500\/5734\/3_3-3_4_Geografia.pdf\">Geograf\u00eda<\/a><\/td><td class=\"has-text-align-center\" data-align=\"center\"><a href=\"https:\/\/ens7-caba.infd.edu.ar\/aula\/archivos\/repositorio\/\/5500\/5734\/3_3-3_4_Geografia.pdf\">Geograf\u00eda<\/a><\/td><td class=\"has-text-align-center\" data-align=\"center\"><a href=\"https:\/\/ens7-caba.infd.edu.ar\/aula\/archivos\/repositorio\/\/5500\/5734\/3_3-3_4_Geografia.pdf\">Geograf\u00eda<\/a><\/td><\/tr><tr><td class=\"has-text-align-center\" data-align=\"center\"><a href=\"https:\/\/ens7-caba.infd.edu.ar\/aula\/archivos\/repositorio\/\/5500\/5728\/31_32_33_34_historia_2025.pdf\">Historia<\/a><\/td><td class=\"has-text-align-center\" data-align=\"center\"><a href=\"https:\/\/ens7-caba.infd.edu.ar\/aula\/archivos\/repositorio\/\/5500\/5728\/31_32_33_34_historia_2025.pdf\">Historia<\/a><\/td><td class=\"has-text-align-center\" data-align=\"center\"><a href=\"https:\/\/ens7-caba.infd.edu.ar\/aula\/archivos\/repositorio\/\/5500\/5728\/31_32_33_34_historia_2025.pdf\">Historia<\/a><\/td><td class=\"has-text-align-center\" data-align=\"center\"><a href=\"https:\/\/ens7-caba.infd.edu.ar\/aula\/archivos\/repositorio\/\/5500\/5728\/31_32_33_34_historia_2025.pdf\">Historia<\/a><\/td><\/tr><tr><td class=\"has-text-align-center\" data-align=\"center\"><a href=\"https:\/\/ens7-caba.infd.edu.ar\/aula\/archivos\/repositorio\/\/5500\/5726\/31_32_33_34_FEyC_2025.pdf\">Formaci\u00f3n \u00c9tica y&nbsp;Ciudadana<\/a><\/td><td class=\"has-text-align-center\" data-align=\"center\"><a href=\"https:\/\/ens7-caba.infd.edu.ar\/aula\/archivos\/repositorio\/\/5500\/5726\/31_32_33_34_FEyC_2025.pdf\">Formaci\u00f3n \u00c9tica y Ciudadana<\/a><\/td><td class=\"has-text-align-center\" data-align=\"center\"><a href=\"https:\/\/ens7-caba.infd.edu.ar\/aula\/archivos\/repositorio\/\/5500\/5726\/31_32_33_34_FEyC_2025.pdf\">Formaci\u00f3n \u00c9tica y Ciudadana<\/a><\/td><td class=\"has-text-align-center\" data-align=\"center\"><a href=\"https:\/\/ens7-caba.infd.edu.ar\/aula\/archivos\/repositorio\/\/5500\/5726\/31_32_33_34_FEyC_2025.pdf\">Formaci\u00f3n \u00c9tica y Ciudadana<\/a><\/td><\/tr><tr><td class=\"has-text-align-center\" data-align=\"center\"><a href=\"https:\/\/ens7-caba.infd.edu.ar\/aula\/archivos\/repositorio\/\/5500\/5725\/3_3-_3_4_fisico_quimica.pdf\">F\u00edsico-Qu\u00edmica<\/a><\/td><td class=\"has-text-align-center\" data-align=\"center\"><a href=\"https:\/\/ens7-caba.infd.edu.ar\/aula\/archivos\/repositorio\/\/5500\/5725\/3_3-_3_4_fisico_quimica.pdf\">F\u00edsico-Qu\u00edmica<\/a><\/td><td class=\"has-text-align-center\" data-align=\"center\"><a href=\"https:\/\/ens7-caba.infd.edu.ar\/aula\/archivos\/repositorio\/\/5500\/5725\/3_3-_3_4_fisico_quimica.pdf\">F\u00edsico-Qu\u00edmica<\/a><\/td><td class=\"has-text-align-center\" data-align=\"center\"><a href=\"https:\/\/ens7-caba.infd.edu.ar\/aula\/archivos\/repositorio\/\/5500\/5725\/3_3-_3_4_fisico_quimica.pdf\">F\u00edsico-Qu\u00edmica<\/a><\/td><\/tr><tr><td class=\"has-text-align-center\" data-align=\"center\"><a href=\"https:\/\/ens7-caba.infd.edu.ar\/aula\/archivos\/repositorio\/\/5750\/5787\/3ro_1ra.-ECONOMIA-2025.pdf\">Econom\u00eda<\/a><\/td><td class=\"has-text-align-center\" data-align=\"center\">Econom\u00eda<\/td><td class=\"has-text-align-center\" data-align=\"center\">Econom\u00eda<\/td><td class=\"has-text-align-center\" data-align=\"center\">Econom\u00eda<\/td><\/tr><tr><td class=\"has-text-align-center\" data-align=\"center\">Ed. F\u00edsica<\/td><td class=\"has-text-align-center\" data-align=\"center\">Ed. F\u00edsica<\/td><td class=\"has-text-align-center\" data-align=\"center\">Ed. F\u00edsica<\/td><td class=\"has-text-align-center\" data-align=\"center\">Ed. F\u00edsica<\/td><\/tr><tr><td class=\"has-text-align-center\" data-align=\"center\"><a href=\"https:\/\/ens7-caba.infd.edu.ar\/aula\/archivos\/repositorio\/\/5500\/5735\/33_34_tec_de_la_informacion_2025.pdf\">Tecnolog\u00edas de la&nbsp; informaci\u00f3n<\/a><\/td><td class=\"has-text-align-center\" data-align=\"center\"><a href=\"https:\/\/ens7-caba.infd.edu.ar\/aula\/archivos\/repositorio\/\/5500\/5735\/33_34_tec_de_la_informacion_2025.pdf\">Tecnolog\u00edas de la informaci\u00f3n<\/a><\/td><td class=\"has-text-align-center\" data-align=\"center\"><a href=\"https:\/\/ens7-caba.infd.edu.ar\/aula\/archivos\/repositorio\/\/5500\/5735\/33_34_tec_de_la_informacion_2025.pdf\">Tecnolog\u00edas de la informaci\u00f3n<\/a><\/td><td class=\"has-text-align-center\" data-align=\"center\"><a href=\"https:\/\/ens7-caba.infd.edu.ar\/aula\/archivos\/repositorio\/\/5500\/5735\/33_34_tec_de_la_informacion_2025.pdf\">Tecnolog\u00edas de la informaci\u00f3n<\/a><\/td><\/tr><tr><td class=\"has-text-align-center\" data-align=\"center\"><a href=\"https:\/\/ens7-caba.infd.edu.ar\/aula\/archivos\/repositorio\/\/5750\/5760\/31_Int_a_las_Cs_Sociales_y_Humanidades.pdf\">Introducci\u00f3n a las Cs. Sociales y&nbsp;Humanidades<\/a><\/td><td class=\"has-text-align-center\" data-align=\"center\"><a href=\"https:\/\/ens7-caba.infd.edu.ar\/aula\/archivos\/repositorio\/\/5750\/5759\/_HISTORIA_DE_LA_VIDA_Y_DE_LA_TIERRA._3_2_da._SALVATIERRA.2025.pdf\">Historia de la vida y de la Tierra<\/a><\/td><td class=\"has-text-align-center\" data-align=\"center\"><a href=\"https:\/\/ens7-caba.infd.edu.ar\/aula\/archivos\/repositorio\/\/5500\/5727\/3_3-3_4_Educacion_y_sociedad_.pdf\">Educaci\u00f3n y Sociedad<\/a><\/td><td class=\"has-text-align-center\" data-align=\"center\"><a href=\"https:\/\/ens7-caba.infd.edu.ar\/aula\/archivos\/repositorio\/\/5500\/5727\/3_3-3_4_Educacion_y_sociedad_.pdf\">Educaci\u00f3n y Sociedad<\/a><\/td><\/tr><\/tbody><\/table><\/figure>\n","protected":false},"excerpt":{"rendered":"<p>3\u00ba 1\u00ba 3\u00ba 2\u00ba 3\u00ba 3\u00ba 3\u00ba 4\u00ba Lengua y literatura Lengua y literatura Lengua y literatura Lengua y literatura Ingl\u00e9s&nbsp;\/&nbsp;Franc\u00e9s Ingl\u00e9s&nbsp;\/&nbsp;Franc\u00e9s Ingl\u00e9s&nbsp;\/&nbsp;Franc\u00e9s Ingl\u00e9s&nbsp;\/&nbsp;Franc\u00e9s Matem\u00e1tica Matem\u00e1tica Matem\u00e1tica Matem\u00e1tica Biolog\u00eda Biolog\u00eda Biolog\u00eda Biolog\u00eda Geograf\u00eda Geograf\u00eda Geograf\u00eda Geograf\u00eda Historia Historia Historia Historia Formaci\u00f3n \u00c9tica y&nbsp;Ciudadana Formaci\u00f3n \u00c9tica y Ciudadana Formaci\u00f3n \u00c9tica y Ciudadana Formaci\u00f3n \u00c9tica y Ciudadana &#8230; <a title=\"Programas 3\u00ba A\u00f1o 2025\" class=\"read-more\" href=\"https:\/\/ens7-caba.infd.edu.ar\/sitio\/programas-3o-ano-2025\/\" aria-label=\"More on Programas 3\u00ba A\u00f1o 2025\">[+]<\/a><\/p>\n","protected":false},"author":2274,"featured_media":0,"parent":0,"menu_order":0,"comment_status":"closed","ping_status":"closed","template":"","meta":[],"acf":[],"_links":{"self":[{"href":"https:\/\/ens7-caba.infd.edu.ar\/sitio\/wp-json\/wp\/v2\/pages\/4549"}],"collection":[{"href":"https:\/\/ens7-caba.infd.edu.ar\/sitio\/wp-json\/wp\/v2\/pages"}],"about":[{"href":"https:\/\/ens7-caba.infd.edu.ar\/sitio\/wp-json\/wp\/v2\/types\/page"}],"author":[{"embeddable":true,"href":"https:\/\/ens7-caba.infd.edu.ar\/sitio\/wp-json\/wp\/v2\/users\/2274"}],"replies":[{"embeddable":true,"href":"https:\/\/ens7-caba.infd.edu.ar\/sitio\/wp-json\/wp\/v2\/comments?post=4549"}],"version-history":[{"count":7,"href":"https:\/\/ens7-caba.infd.edu.ar\/sitio\/wp-json\/wp\/v2\/pages\/4549\/revisions"}],"predecessor-version":[{"id":4600,"href":"https:\/\/ens7-caba.infd.edu.ar\/sitio\/wp-json\/wp\/v2\/pages\/4549\/revisions\/4600"}],"wp:attachment":[{"href":"https:\/\/ens7-caba.infd.edu.ar\/sitio\/wp-json\/wp\/v2\/media?parent=4549"}],"curies":[{"name":"wp","href":"https:\/\/api.w.org\/{rel}","templated":true}]}}