{"id":4551,"date":"2025-04-07T16:44:50","date_gmt":"2025-04-07T19:44:50","guid":{"rendered":"https:\/\/ens7-caba.infd.edu.ar\/sitio\/?page_id=4551"},"modified":"2025-04-13T20:04:18","modified_gmt":"2025-04-13T23:04:18","slug":"programas-4o-ano-2025","status":"publish","type":"page","link":"https:\/\/ens7-caba.infd.edu.ar\/sitio\/programas-4o-ano-2025\/","title":{"rendered":"Programas 4\u00ba A\u00f1o 2025"},"content":{"rendered":"\n<figure class=\"wp-block-table\"><table><tbody><tr><td class=\"has-text-align-center\" data-align=\"center\"><strong>4\u00ba 1\u00ba&nbsp;<\/strong><\/td><td class=\"has-text-align-center\" data-align=\"center\"><strong>4\u00ba 2\u00ba<\/strong><\/td><td class=\"has-text-align-center\" data-align=\"center\"><strong>4\u00ba 3\u00ba<\/strong><\/td><td class=\"has-text-align-center\" data-align=\"center\"><strong>4\u00ba 4\u00ba<\/strong><\/td><\/tr><tr><td class=\"has-text-align-center\" data-align=\"center\"><a href=\"https:\/\/ens7-caba.infd.edu.ar\/aula\/archivos\/repositorio\/\/5500\/5740\/4_3-4_4_MATEMATICA_.pdf\">Matem\u00e1tica<\/a><\/td><td class=\"has-text-align-center\" data-align=\"center\"><a href=\"https:\/\/ens7-caba.infd.edu.ar\/aula\/archivos\/repositorio\/\/5500\/5740\/4_3-4_4_MATEMATICA_.pdf\">Matem\u00e1tica<\/a><\/td><td class=\"has-text-align-center\" data-align=\"center\"><a href=\"https:\/\/ens7-caba.infd.edu.ar\/aula\/archivos\/repositorio\/\/5500\/5740\/4_3-4_4_MATEMATICA_.pdf\">Matem\u00e1tica<\/a><\/td><td class=\"has-text-align-center\" data-align=\"center\"><a href=\"https:\/\/ens7-caba.infd.edu.ar\/aula\/archivos\/repositorio\/\/5500\/5740\/4_3-4_4_MATEMATICA_.pdf\">Matem\u00e1tica<\/a><\/td><\/tr><tr><td class=\"has-text-align-center\" data-align=\"center\"><a href=\"https:\/\/ens7-caba.infd.edu.ar\/aula\/archivos\/repositorio\/\/5500\/5744\/4_3-4_4_Lengua_y_Literatura.pdf\">Lengua y Literatura<\/a><\/td><td class=\"has-text-align-center\" data-align=\"center\"><a href=\"https:\/\/ens7-caba.infd.edu.ar\/aula\/archivos\/repositorio\/\/5500\/5744\/4_3-4_4_Lengua_y_Literatura.pdf\">Lengua y Literatura<\/a><\/td><td class=\"has-text-align-center\" data-align=\"center\"><a href=\"https:\/\/ens7-caba.infd.edu.ar\/aula\/archivos\/repositorio\/\/5500\/5744\/4_3-4_4_Lengua_y_Literatura.pdf\">Lengua&nbsp;y Literatura<\/a><\/td><td class=\"has-text-align-center\" data-align=\"center\"><a href=\"https:\/\/ens7-caba.infd.edu.ar\/aula\/archivos\/repositorio\/\/5500\/5744\/4_3-4_4_Lengua_y_Literatura.pdf\">Lengua&nbsp;y Literatura<\/a><\/td><\/tr><tr><td class=\"has-text-align-center\" data-align=\"center\"><a href=\"https:\/\/ens7-caba.infd.edu.ar\/aula\/archivos\/repositorio\/\/5500\/5743\/4_an_o_FRANCES_2025_.pdf\">Franc\u00e9s<\/a>\/<a href=\"https:\/\/ens7-caba.infd.edu.ar\/aula\/archivos\/repositorio\/\/5500\/5746\/43-44-Ingles-2025_.pdf\">Ingl\u00e9s<\/a><\/td><td class=\"has-text-align-center\" data-align=\"center\"><a href=\"https:\/\/ens7-caba.infd.edu.ar\/aula\/archivos\/repositorio\/\/5500\/5743\/4_an_o_FRANCES_2025_.pdf\">Franc\u00e9s<\/a>\/<a href=\"https:\/\/ens7-caba.infd.edu.ar\/aula\/archivos\/repositorio\/\/5500\/5746\/43-44-Ingles-2025_.pdf\">Ingl\u00e9s<\/a><\/td><td class=\"has-text-align-center\" data-align=\"center\"><a href=\"https:\/\/ens7-caba.infd.edu.ar\/aula\/archivos\/repositorio\/\/5500\/5743\/4_an_o_FRANCES_2025_.pdf\">Franc\u00e9s<\/a>\/<a href=\"https:\/\/ens7-caba.infd.edu.ar\/aula\/archivos\/repositorio\/\/5500\/5746\/43-44-Ingles-2025_.pdf\">Ingl\u00e9s<\/a><\/td><td class=\"has-text-align-center\" data-align=\"center\"><a href=\"https:\/\/ens7-caba.infd.edu.ar\/aula\/archivos\/repositorio\/\/5500\/5743\/4_an_o_FRANCES_2025_.pdf\">Franc\u00e9s<\/a>\/<a href=\"https:\/\/ens7-caba.infd.edu.ar\/aula\/archivos\/repositorio\/\/5500\/5746\/43-44-Ingles-2025_.pdf\">Ingl\u00e9s<\/a><\/td><\/tr><tr><td class=\"has-text-align-center\" data-align=\"center\"><a href=\"https:\/\/ens7-caba.infd.edu.ar\/aula\/archivos\/repositorio\/\/5500\/5737\/4_3-4_4_Fisica.pdf\">F\u00edsica<\/a><\/td><td class=\"has-text-align-center\" data-align=\"center\"><a href=\"https:\/\/ens7-caba.infd.edu.ar\/aula\/archivos\/repositorio\/\/5500\/5737\/4_3-4_4_Fisica.pdf\">F\u00edsica<\/a><\/td><td class=\"has-text-align-center\" data-align=\"center\"><a href=\"https:\/\/ens7-caba.infd.edu.ar\/aula\/archivos\/repositorio\/\/5500\/5737\/4_3-4_4_Fisica.pdf\">F\u00edsica<\/a><\/td><td class=\"has-text-align-center\" data-align=\"center\"><a href=\"https:\/\/ens7-caba.infd.edu.ar\/aula\/archivos\/repositorio\/\/5500\/5737\/4_3-4_4_Fisica.pdf\">F\u00edsica<\/a><\/td><\/tr><tr><td class=\"has-text-align-center\" data-align=\"center\"><a href=\"https:\/\/ens7-caba.infd.edu.ar\/aula\/archivos\/repositorio\/\/5500\/5739\/4_3-4_4_HISTORIA_.pdf\">Historia<\/a><\/td><td class=\"has-text-align-center\" data-align=\"center\"><a href=\"https:\/\/ens7-caba.infd.edu.ar\/aula\/archivos\/repositorio\/\/5750\/5776\/42_Historia_2025.pdf\">Historia<\/a><\/td><td class=\"has-text-align-center\" data-align=\"center\"><a href=\"https:\/\/ens7-caba.infd.edu.ar\/aula\/archivos\/repositorio\/\/5500\/5739\/4_3-4_4_HISTORIA_.pdf\">Historia<\/a><\/td><td class=\"has-text-align-center\" data-align=\"center\"><a href=\"https:\/\/ens7-caba.infd.edu.ar\/aula\/archivos\/repositorio\/\/5500\/5739\/4_3-4_4_HISTORIA_.pdf\">Historia<\/a><\/td><\/tr><tr><td class=\"has-text-align-center\" data-align=\"center\"><a href=\"https:\/\/ens7-caba.infd.edu.ar\/aula\/archivos\/repositorio\/\/5500\/5741\/5_3-5_4__GEOGRAFIA_.pdf\">Geograf\u00eda<\/a><\/td><td class=\"has-text-align-center\" data-align=\"center\"><a href=\"https:\/\/ens7-caba.infd.edu.ar\/aula\/archivos\/repositorio\/\/5500\/5741\/5_3-5_4__GEOGRAFIA_.pdf\">Geograf\u00eda<\/a><\/td><td class=\"has-text-align-center\" data-align=\"center\"><a href=\"https:\/\/ens7-caba.infd.edu.ar\/aula\/archivos\/repositorio\/\/5500\/5741\/5_3-5_4__GEOGRAFIA_.pdf\">Geograf\u00eda<\/a><\/td><td class=\"has-text-align-center\" data-align=\"center\"><a href=\"https:\/\/ens7-caba.infd.edu.ar\/aula\/archivos\/repositorio\/\/5500\/5741\/5_3-5_4__GEOGRAFIA_.pdf\">Geograf\u00eda<\/a><\/td><\/tr><tr><td class=\"has-text-align-center\" data-align=\"center\"><a href=\"https:\/\/ens7-caba.infd.edu.ar\/aula\/archivos\/repositorio\/\/5750\/5764\/41234_FEC_.pdf\">Formaci\u00f3n \u00c9tica y Ciudadana<\/a><\/td><td class=\"has-text-align-center\" data-align=\"center\"><a href=\"https:\/\/ens7-caba.infd.edu.ar\/aula\/archivos\/repositorio\/\/5750\/5764\/41234_FEC_.pdf\">Formaci\u00f3n \u00c9tica y Ciudadana<\/a><\/td><td class=\"has-text-align-center\" data-align=\"center\"><a href=\"https:\/\/ens7-caba.infd.edu.ar\/aula\/archivos\/repositorio\/\/5750\/5764\/41234_FEC_.pdf\">Formaci\u00f3n \u00c9tica y Ciudadana<\/a><\/td><td class=\"has-text-align-center\" data-align=\"center\"><a href=\"https:\/\/ens7-caba.infd.edu.ar\/aula\/archivos\/repositorio\/\/5750\/5764\/41234_FEC_.pdf\">Formaci\u00f3n \u00c9tica y Ciudadana<\/a><\/td><\/tr><tr><td class=\"has-text-align-center\" data-align=\"center\"><a href=\"https:\/\/ens7-caba.infd.edu.ar\/aula\/archivos\/repositorio\/\/5500\/5745\/43_44_tec_de_la_informacion_2025.pdf\">Tecnolog\u00edas de la Informaci\u00f3n<\/a><\/td><td class=\"has-text-align-center\" data-align=\"center\"><a href=\"https:\/\/ens7-caba.infd.edu.ar\/aula\/archivos\/repositorio\/\/5500\/5745\/43_44_tec_de_la_informacion_2025.pdf\">Tecnolog\u00edas de la Informaci\u00f3n<\/a><\/td><td class=\"has-text-align-center\" data-align=\"center\"><a href=\"https:\/\/ens7-caba.infd.edu.ar\/aula\/archivos\/repositorio\/\/5500\/5745\/43_44_tec_de_la_informacion_2025.pdf\">Tecnolog\u00edas de la informaci\u00f3n<\/a><\/td><td class=\"has-text-align-center\" data-align=\"center\"><a href=\"https:\/\/ens7-caba.infd.edu.ar\/aula\/archivos\/repositorio\/\/5500\/5745\/43_44_tec_de_la_informacion_2025.pdf\">Tecnolog\u00edas de la Informaci\u00f3n<\/a><\/td><\/tr><tr><td class=\"has-text-align-center\" data-align=\"center\"><a href=\"https:\/\/ens7-caba.infd.edu.ar\/aula\/archivos\/repositorio\/\/5750\/5763\/Planificacion_Msica_4_an_o_-_2025.pdf\">Artes M\u00fasica<\/a><\/td><td class=\"has-text-align-center\" data-align=\"center\"><a href=\"https:\/\/ens7-caba.infd.edu.ar\/aula\/archivos\/repositorio\/\/5750\/5763\/Planificacion_Msica_4_an_o_-_2025.pdf\">Artes M\u00fasica<\/a><\/td><td class=\"has-text-align-center\" data-align=\"center\"><a href=\"https:\/\/ens7-caba.infd.edu.ar\/aula\/archivos\/repositorio\/\/5750\/5763\/Planificacion_Msica_4_an_o_-_2025.pdf\">Artes M\u00fasica<\/a><\/td><td class=\"has-text-align-center\" data-align=\"center\"><a href=\"https:\/\/ens7-caba.infd.edu.ar\/aula\/archivos\/repositorio\/\/5750\/5763\/Planificacion_Msica_4_an_o_-_2025.pdf\">Artes M\u00fasica<\/a><\/td><\/tr><tr><td class=\"has-text-align-center\" data-align=\"center\">Artes Visuales<\/td><td class=\"has-text-align-center\" data-align=\"center\">Artes Visuales<\/td><td class=\"has-text-align-center\" data-align=\"center\">Artes Visuales<\/td><td class=\"has-text-align-center\" data-align=\"center\">Artes Visuales<\/td><\/tr><tr><td class=\"has-text-align-center\" data-align=\"center\">Ed. F\u00edsica<\/td><td class=\"has-text-align-center\" data-align=\"center\">Ed. F\u00edsica<\/td><td class=\"has-text-align-center\" data-align=\"center\">Ed. F\u00edsica<\/td><td class=\"has-text-align-center\" data-align=\"center\">Ed. F\u00edsica<\/td><\/tr><tr><td class=\"has-text-align-center\" data-align=\"center\"><a href=\"https:\/\/ens7-caba.infd.edu.ar\/aula\/archivos\/repositorio\/\/5750\/5765\/41_Psicologia_2025.pdf\">Psicolog\u00eda<\/a><\/td><td class=\"has-text-align-center\" data-align=\"center\"><a href=\"https:\/\/ens7-caba.infd.edu.ar\/aula\/archivos\/repositorio\/\/5500\/5749\/5_3-5_4_QUIMICA.pdf\">Qu\u00edmica<\/a><\/td><td class=\"has-text-align-center\" data-align=\"center\"><a href=\"https:\/\/ens7-caba.infd.edu.ar\/aula\/archivos\/repositorio\/\/5500\/5738\/4_3-4_4_Educacion_y_Estado_.pdf\">Educaci\u00f3n y Estado<\/a><\/td><td class=\"has-text-align-center\" data-align=\"center\"><a href=\"https:\/\/ens7-caba.infd.edu.ar\/aula\/archivos\/repositorio\/\/5500\/5738\/4_3-4_4_Educacion_y_Estado_.pdf\">Educaci\u00f3n y Estado<\/a><\/td><\/tr><tr><td class=\"has-text-align-center\" data-align=\"center\"><a href=\"https:\/\/ens7-caba.infd.edu.ar\/aula\/archivos\/repositorio\/\/5750\/5766\/Antropologia_cultural_2025_4_1ra.pdf\">Antropolog\u00eda Cultural<\/a><\/td><td class=\"has-text-align-center\" data-align=\"center\"><a href=\"https:\/\/ens7-caba.infd.edu.ar\/aula\/archivos\/repositorio\/\/5750\/5762\/42-cen_al-Estructura_del_Universo_2025.pdf\">Estructura del Universo<\/a><\/td><td class=\"has-text-align-center\" data-align=\"center\"><a href=\"https:\/\/ens7-caba.infd.edu.ar\/aula\/archivos\/repositorio\/\/5500\/5736\/4_3-4_4_Sujeto_de_la_Educacion.pdf\">Sujetos de la Educaci\u00f3n<\/a><\/td><td class=\"has-text-align-center\" data-align=\"center\"><a href=\"https:\/\/ens7-caba.infd.edu.ar\/aula\/archivos\/repositorio\/\/5500\/5736\/4_3-4_4_Sujeto_de_la_Educacion.pdf\">Sujetos de la Educaci\u00f3n<\/a><\/td><\/tr><tr><td class=\"has-text-align-center\" data-align=\"center\"><a href=\"https:\/\/ens7-caba.infd.edu.ar\/aula\/archivos\/repositorio\/\/5750\/5786\/41_Sociologia_2025.pdf\">Sociolog\u00eda<\/a><\/td><td class=\"has-text-align-center\" data-align=\"center\"><a href=\"https:\/\/ens7-caba.infd.edu.ar\/aula\/archivos\/repositorio\/\/5750\/5775\/42-Alcalde-_FILOSOFIA_DE_LA_CYT_2025pdf.pdf\">Filosof\u00eda de la Ciencia y&nbsp;la Tecnolog\u00eda<\/a><\/td><td class=\"has-text-align-center\" data-align=\"center\"><a href=\"https:\/\/ens7-caba.infd.edu.ar\/aula\/archivos\/repositorio\/\/5500\/5742\/4_3-4_4_Perspectivas_Pedagogicas.pdf\">Perspectivas Pedag\u00f3gicas<\/a><\/td><td class=\"has-text-align-center\" data-align=\"center\"><a href=\"https:\/\/ens7-caba.infd.edu.ar\/aula\/archivos\/repositorio\/\/5500\/5742\/4_3-4_4_Perspectivas_Pedagogicas.pdf\">Perspectivas Pedag\u00f3gicas<\/a><\/td><\/tr><\/tbody><\/table><\/figure>\n","protected":false},"excerpt":{"rendered":"<p>4\u00ba 1\u00ba&nbsp; 4\u00ba 2\u00ba 4\u00ba 3\u00ba 4\u00ba 4\u00ba Matem\u00e1tica Matem\u00e1tica Matem\u00e1tica Matem\u00e1tica Lengua y Literatura Lengua y Literatura Lengua&nbsp;y Literatura Lengua&nbsp;y Literatura Franc\u00e9s\/Ingl\u00e9s Franc\u00e9s\/Ingl\u00e9s Franc\u00e9s\/Ingl\u00e9s Franc\u00e9s\/Ingl\u00e9s F\u00edsica F\u00edsica F\u00edsica F\u00edsica Historia Historia Historia Historia Geograf\u00eda Geograf\u00eda Geograf\u00eda Geograf\u00eda Formaci\u00f3n \u00c9tica y Ciudadana Formaci\u00f3n \u00c9tica y Ciudadana Formaci\u00f3n \u00c9tica y Ciudadana Formaci\u00f3n \u00c9tica y Ciudadana Tecnolog\u00edas &#8230; <a title=\"Programas 4\u00ba A\u00f1o 2025\" class=\"read-more\" href=\"https:\/\/ens7-caba.infd.edu.ar\/sitio\/programas-4o-ano-2025\/\" aria-label=\"More on Programas 4\u00ba A\u00f1o 2025\">[+]<\/a><\/p>\n","protected":false},"author":2274,"featured_media":0,"parent":0,"menu_order":0,"comment_status":"closed","ping_status":"closed","template":"","meta":[],"acf":[],"_links":{"self":[{"href":"https:\/\/ens7-caba.infd.edu.ar\/sitio\/wp-json\/wp\/v2\/pages\/4551"}],"collection":[{"href":"https:\/\/ens7-caba.infd.edu.ar\/sitio\/wp-json\/wp\/v2\/pages"}],"about":[{"href":"https:\/\/ens7-caba.infd.edu.ar\/sitio\/wp-json\/wp\/v2\/types\/page"}],"author":[{"embeddable":true,"href":"https:\/\/ens7-caba.infd.edu.ar\/sitio\/wp-json\/wp\/v2\/users\/2274"}],"replies":[{"embeddable":true,"href":"https:\/\/ens7-caba.infd.edu.ar\/sitio\/wp-json\/wp\/v2\/comments?post=4551"}],"version-history":[{"count":9,"href":"https:\/\/ens7-caba.infd.edu.ar\/sitio\/wp-json\/wp\/v2\/pages\/4551\/revisions"}],"predecessor-version":[{"id":4601,"href":"https:\/\/ens7-caba.infd.edu.ar\/sitio\/wp-json\/wp\/v2\/pages\/4551\/revisions\/4601"}],"wp:attachment":[{"href":"https:\/\/ens7-caba.infd.edu.ar\/sitio\/wp-json\/wp\/v2\/media?parent=4551"}],"curies":[{"name":"wp","href":"https:\/\/api.w.org\/{rel}","templated":true}]}}