{"id":4883,"date":"2026-04-01T07:33:16","date_gmt":"2026-04-01T10:33:16","guid":{"rendered":"https:\/\/ens7-caba.infd.edu.ar\/sitio\/?page_id=4883"},"modified":"2026-04-05T18:38:47","modified_gmt":"2026-04-05T21:38:47","slug":"programas-2o-ano-2026","status":"publish","type":"page","link":"https:\/\/ens7-caba.infd.edu.ar\/sitio\/programas-2o-ano-2026\/","title":{"rendered":"Programas 2\u00ba A\u00f1o 2026"},"content":{"rendered":"\n<figure class=\"wp-block-table\"><table><tbody><tr><td><strong>2\u00ba 1\u00ba<\/strong><\/td><td><strong>2\u00ba 2\u00ba<\/strong><\/td><td><strong>2\u00ba 3\u00ba<\/strong><\/td><td><strong>2\u00ba 4\u00ba<\/strong><\/td><\/tr><tr><td>Lengua y literatura<\/td><td>Lengua y literatura<\/td><td>Lengua y literatura<\/td><td>Lengua y literatura<\/td><\/tr><tr><td>Ingl\u00e9s&nbsp;<\/td><td>Franc\u00e9s<\/td><td>Ingl\u00e9s<\/td><td>Franc\u00e9s<\/td><\/tr><tr><td><a href=\"https:\/\/ens7-caba.infd.edu.ar\/aula\/archivos\/repositorio\/\/5750\/5869\/Ciclada_Matematica_2026.pdf\" target=\"_blank\" rel=\"noreferrer noopener\">Matem\u00e1tica<\/a><\/td><td><a href=\"https:\/\/ens7-caba.infd.edu.ar\/aula\/archivos\/repositorio\/\/5750\/5869\/Ciclada_Matematica_2026.pdf\" target=\"_blank\" rel=\"noreferrer noopener\">Matem\u00e1tica<\/a><\/td><td><a href=\"https:\/\/ens7-caba.infd.edu.ar\/aula\/archivos\/repositorio\/\/5750\/5869\/Ciclada_Matematica_2026.pdf\" target=\"_blank\" rel=\"noreferrer noopener\">Matem\u00e1tica<\/a><\/td><td><a href=\"https:\/\/ens7-caba.infd.edu.ar\/aula\/archivos\/repositorio\/\/5750\/5869\/Ciclada_Matematica_2026.pdf\" target=\"_blank\" rel=\"noreferrer noopener\">Matem\u00e1tica<\/a><\/td><\/tr><tr><td><a href=\"https:\/\/ens7-caba.infd.edu.ar\/aula\/archivos\/repositorio\/\/5750\/5870\/Ciclada_Biologia_ciclo_basico_2026.pdf\" target=\"_blank\" rel=\"noreferrer noopener\">Biolog\u00eda<\/a><\/td><td><a href=\"https:\/\/ens7-caba.infd.edu.ar\/aula\/archivos\/repositorio\/\/5750\/5870\/Ciclada_Biologia_ciclo_basico_2026.pdf\" target=\"_blank\" rel=\"noreferrer noopener\">Biolog\u00eda<\/a><\/td><td><a href=\"https:\/\/ens7-caba.infd.edu.ar\/aula\/archivos\/repositorio\/\/5750\/5870\/Ciclada_Biologia_ciclo_basico_2026.pdf\" target=\"_blank\" rel=\"noreferrer noopener\">Biolog\u00eda<\/a><\/td><td><a href=\"https:\/\/ens7-caba.infd.edu.ar\/aula\/archivos\/repositorio\/\/5750\/5870\/Ciclada_Biologia_ciclo_basico_2026.pdf\" target=\"_blank\" rel=\"noreferrer noopener\">Biolog\u00eda<\/a><\/td><\/tr><tr><td><a href=\"https:\/\/ens7-caba.infd.edu.ar\/aula\/archivos\/repositorio\/\/5750\/5871\/Ciclada_Geografia_2026.pdf\" target=\"_blank\" rel=\"noreferrer noopener\">Geograf\u00eda<\/a><\/td><td><a href=\"https:\/\/ens7-caba.infd.edu.ar\/aula\/archivos\/repositorio\/\/5750\/5871\/Ciclada_Geografia_2026.pdf\" target=\"_blank\" rel=\"noreferrer noopener\">Geograf\u00eda<\/a><\/td><td><a href=\"https:\/\/ens7-caba.infd.edu.ar\/aula\/archivos\/repositorio\/\/5750\/5871\/Ciclada_Geografia_2026.pdf\" target=\"_blank\" rel=\"noreferrer noopener\">Geograf\u00eda<\/a><\/td><td><a href=\"https:\/\/ens7-caba.infd.edu.ar\/aula\/archivos\/repositorio\/\/5750\/5871\/Ciclada_Geografia_2026.pdf\" target=\"_blank\" rel=\"noreferrer noopener\">Geograf\u00eda<\/a><\/td><\/tr><tr><td><a href=\"https:\/\/ens7-caba.infd.edu.ar\/aula\/archivos\/repositorio\/\/5750\/5868\/Ciclada_Historia_2026.pdf\" target=\"_blank\" rel=\"noreferrer noopener\">Historia<\/a><\/td><td><a href=\"https:\/\/ens7-caba.infd.edu.ar\/aula\/archivos\/repositorio\/\/5750\/5868\/Ciclada_Historia_2026.pdf\" target=\"_blank\" rel=\"noreferrer noopener\">Historia<\/a><\/td><td><a href=\"https:\/\/ens7-caba.infd.edu.ar\/aula\/archivos\/repositorio\/\/5750\/5868\/Ciclada_Historia_2026.pdf\" target=\"_blank\" rel=\"noreferrer noopener\">Historia<\/a><\/td><td><a href=\"https:\/\/ens7-caba.infd.edu.ar\/aula\/archivos\/repositorio\/\/5750\/5868\/Ciclada_Historia_2026.pdf\" target=\"_blank\" rel=\"noreferrer noopener\">Historia<\/a><\/td><\/tr><tr><td><a href=\"https:\/\/ens7-caba.infd.edu.ar\/aula\/archivos\/repositorio\/\/5750\/5865\/Ciclada_Formacion_Etica_y_Ciudadana_2026.pdf\" target=\"_blank\" rel=\"noreferrer noopener\">Formaci\u00f3n \u00c9tica y Ciudadana<\/a><\/td><td><a href=\"https:\/\/ens7-caba.infd.edu.ar\/aula\/archivos\/repositorio\/\/5750\/5865\/Ciclada_Formacion_Etica_y_Ciudadana_2026.pdf\" target=\"_blank\" rel=\"noreferrer noopener\">Formaci\u00f3n \u00c9tica y Ciudadana<\/a><\/td><td><a href=\"https:\/\/ens7-caba.infd.edu.ar\/aula\/archivos\/repositorio\/\/5750\/5865\/Ciclada_Formacion_Etica_y_Ciudadana_2026.pdf\" target=\"_blank\" rel=\"noreferrer noopener\">Formaci\u00f3n \u00c9tica y Ciudadana<\/a><\/td><td><a href=\"https:\/\/ens7-caba.infd.edu.ar\/aula\/archivos\/repositorio\/\/5750\/5865\/Ciclada_Formacion_Etica_y_Ciudadana_2026.pdf\" target=\"_blank\" rel=\"noreferrer noopener\">Formaci\u00f3n \u00c9tica y Ciudadana<\/a><\/td><\/tr><tr><td><a href=\"https:\/\/ens7-caba.infd.edu.ar\/aula\/archivos\/repositorio\/\/5750\/5867\/Ciclada_expresion_1ro_y_2do.pdf\" target=\"_blank\" rel=\"noreferrer noopener\">Artes-M\u00fasica<\/a><\/td><td><a href=\"https:\/\/ens7-caba.infd.edu.ar\/aula\/archivos\/repositorio\/\/5750\/5867\/Ciclada_expresion_1ro_y_2do.pdf\" target=\"_blank\" rel=\"noreferrer noopener\">Artes-M\u00fasica<\/a><\/td><td><a href=\"https:\/\/ens7-caba.infd.edu.ar\/aula\/archivos\/repositorio\/\/5750\/5867\/Ciclada_expresion_1ro_y_2do.pdf\" target=\"_blank\" rel=\"noreferrer noopener\">Artes-M\u00fasica<\/a><\/td><td><a href=\"https:\/\/ens7-caba.infd.edu.ar\/aula\/archivos\/repositorio\/\/5750\/5867\/Ciclada_expresion_1ro_y_2do.pdf\" target=\"_blank\" rel=\"noreferrer noopener\">Artes-M\u00fasica<\/a><\/td><\/tr><tr><td><a href=\"https:\/\/ens7-caba.infd.edu.ar\/aula\/archivos\/repositorio\/\/5750\/5866\/Ciclada_Educacion_Tenologica_2026.pdf\" target=\"_blank\" rel=\"noreferrer noopener\">Ed. Tecnol\u00f3gica<\/a><\/td><td><a href=\"https:\/\/ens7-caba.infd.edu.ar\/aula\/archivos\/repositorio\/\/5750\/5866\/Ciclada_Educacion_Tenologica_2026.pdf\" target=\"_blank\" rel=\"noreferrer noopener\">Ed. Tecnol\u00f3gica<\/a><\/td><td><a href=\"https:\/\/ens7-caba.infd.edu.ar\/aula\/archivos\/repositorio\/\/5750\/5866\/Ciclada_Educacion_Tenologica_2026.pdf\" target=\"_blank\" rel=\"noreferrer noopener\">Ed. Tecnol\u00f3gica<\/a><\/td><td><a href=\"https:\/\/ens7-caba.infd.edu.ar\/aula\/archivos\/repositorio\/\/5750\/5866\/Ciclada_Educacion_Tenologica_2026.pdf\" target=\"_blank\" rel=\"noreferrer noopener\">Ed. Tecnol\u00f3gica<\/a><\/td><\/tr><tr><td><a href=\"https:\/\/ens7-caba.infd.edu.ar\/aula\/archivos\/repositorio\/\/5750\/5867\/Ciclada_expresion_1ro_y_2do.pdf\" target=\"_blank\" rel=\"noreferrer noopener\">Artes visuales<\/a><\/td><td><a href=\"https:\/\/ens7-caba.infd.edu.ar\/aula\/archivos\/repositorio\/\/5750\/5867\/Ciclada_expresion_1ro_y_2do.pdf\" target=\"_blank\" rel=\"noreferrer noopener\">Artes visuales<\/a><\/td><td><a href=\"https:\/\/ens7-caba.infd.edu.ar\/aula\/archivos\/repositorio\/\/5750\/5867\/Ciclada_expresion_1ro_y_2do.pdf\" target=\"_blank\" rel=\"noreferrer noopener\">Artes visuales<\/a><\/td><td><a href=\"https:\/\/ens7-caba.infd.edu.ar\/aula\/archivos\/repositorio\/\/5750\/5867\/Ciclada_expresion_1ro_y_2do.pdf\" target=\"_blank\" rel=\"noreferrer noopener\">Artes visuales<\/a><\/td><\/tr><tr><td><a href=\"https:\/\/ens7-caba.infd.edu.ar\/aula\/archivos\/repositorio\/\/5750\/5872\/2dos_Ed._Fisica.pdf\" target=\"_blank\" rel=\"noreferrer noopener\">Ed. F\u00edsica<\/a><\/td><td><a href=\"https:\/\/ens7-caba.infd.edu.ar\/aula\/archivos\/repositorio\/\/5750\/5872\/2dos_Ed._Fisica.pdf\" target=\"_blank\" rel=\"noreferrer noopener\">Ed. F\u00edsica<\/a><\/td><td><a href=\"https:\/\/ens7-caba.infd.edu.ar\/aula\/archivos\/repositorio\/\/5750\/5872\/2dos_Ed._Fisica.pdf\" target=\"_blank\" rel=\"noreferrer noopener\">Ed. F\u00edsica<\/a><\/td><td><a href=\"https:\/\/ens7-caba.infd.edu.ar\/aula\/archivos\/repositorio\/\/5750\/5872\/2dos_Ed._Fisica.pdf\" target=\"_blank\" rel=\"noreferrer noopener\">Ed. F\u00edsica<\/a><\/td><\/tr><tr><td><\/td><td><\/td><td><\/td><td><\/td><\/tr><\/tbody><\/table><\/figure>\n","protected":false},"excerpt":{"rendered":"<p>2\u00ba 1\u00ba 2\u00ba 2\u00ba 2\u00ba 3\u00ba 2\u00ba 4\u00ba Lengua y literatura Lengua y literatura Lengua y literatura Lengua y literatura Ingl\u00e9s&nbsp; Franc\u00e9s Ingl\u00e9s Franc\u00e9s Matem\u00e1tica Matem\u00e1tica Matem\u00e1tica Matem\u00e1tica Biolog\u00eda Biolog\u00eda Biolog\u00eda Biolog\u00eda Geograf\u00eda Geograf\u00eda Geograf\u00eda Geograf\u00eda Historia Historia Historia Historia Formaci\u00f3n \u00c9tica y Ciudadana Formaci\u00f3n \u00c9tica y Ciudadana Formaci\u00f3n \u00c9tica y Ciudadana Formaci\u00f3n \u00c9tica y &#8230; <a title=\"Programas 2\u00ba A\u00f1o 2026\" class=\"read-more\" href=\"https:\/\/ens7-caba.infd.edu.ar\/sitio\/programas-2o-ano-2026\/\" aria-label=\"More on Programas 2\u00ba A\u00f1o 2026\">[+]<\/a><\/p>\n","protected":false},"author":2274,"featured_media":0,"parent":0,"menu_order":0,"comment_status":"closed","ping_status":"closed","template":"","meta":[],"acf":[],"_links":{"self":[{"href":"https:\/\/ens7-caba.infd.edu.ar\/sitio\/wp-json\/wp\/v2\/pages\/4883"}],"collection":[{"href":"https:\/\/ens7-caba.infd.edu.ar\/sitio\/wp-json\/wp\/v2\/pages"}],"about":[{"href":"https:\/\/ens7-caba.infd.edu.ar\/sitio\/wp-json\/wp\/v2\/types\/page"}],"author":[{"embeddable":true,"href":"https:\/\/ens7-caba.infd.edu.ar\/sitio\/wp-json\/wp\/v2\/users\/2274"}],"replies":[{"embeddable":true,"href":"https:\/\/ens7-caba.infd.edu.ar\/sitio\/wp-json\/wp\/v2\/comments?post=4883"}],"version-history":[{"count":7,"href":"https:\/\/ens7-caba.infd.edu.ar\/sitio\/wp-json\/wp\/v2\/pages\/4883\/revisions"}],"predecessor-version":[{"id":4926,"href":"https:\/\/ens7-caba.infd.edu.ar\/sitio\/wp-json\/wp\/v2\/pages\/4883\/revisions\/4926"}],"wp:attachment":[{"href":"https:\/\/ens7-caba.infd.edu.ar\/sitio\/wp-json\/wp\/v2\/media?parent=4883"}],"curies":[{"name":"wp","href":"https:\/\/api.w.org\/{rel}","templated":true}]}}