{"id":4885,"date":"2026-04-01T07:34:30","date_gmt":"2026-04-01T10:34:30","guid":{"rendered":"https:\/\/ens7-caba.infd.edu.ar\/sitio\/?page_id=4885"},"modified":"2026-04-02T23:41:57","modified_gmt":"2026-04-03T02:41:57","slug":"programas-3o-ano-2026","status":"publish","type":"page","link":"https:\/\/ens7-caba.infd.edu.ar\/sitio\/programas-3o-ano-2026\/","title":{"rendered":"Programas 3\u00ba A\u00f1o 2026"},"content":{"rendered":"\n<figure class=\"wp-block-table\"><table><tbody><tr><td><strong>3\u00ba 1\u00ba<\/strong><\/td><td><strong>3\u00ba 2\u00ba<\/strong><\/td><td><strong>3\u00ba 3\u00ba<\/strong><\/td><td><strong>3\u00ba 4\u00ba<\/strong><\/td><\/tr><tr><td><a href=\"https:\/\/ens7-caba.infd.edu.ar\/aula\/archivos\/repositorio\/\/5750\/5947\/Lengua_y_Literatura_3.pdf\" target=\"_blank\" rel=\"noreferrer noopener\">Lengua y literatura<\/a><\/td><td><a href=\"https:\/\/ens7-caba.infd.edu.ar\/aula\/archivos\/repositorio\/\/5750\/5947\/Lengua_y_Literatura_3.pdf\" target=\"_blank\" rel=\"noreferrer noopener\">Lengua y literatura<\/a><\/td><td><a href=\"https:\/\/ens7-caba.infd.edu.ar\/aula\/archivos\/repositorio\/\/5750\/5947\/Lengua_y_Literatura_3.pdf\" target=\"_blank\" rel=\"noreferrer noopener\">Lengua y literatura<\/a><\/td><td><a href=\"https:\/\/ens7-caba.infd.edu.ar\/aula\/archivos\/repositorio\/\/5750\/5947\/Lengua_y_Literatura_3.pdf\" target=\"_blank\" rel=\"noreferrer noopener\">Lengua y literatura<\/a><\/td><\/tr><tr><td><a href=\"https:\/\/ens7-caba.infd.edu.ar\/aula\/archivos\/repositorio\/\/5750\/5949\/Ingles_3.pdf\" target=\"_blank\" rel=\"noreferrer noopener\">Ingl\u00e9s<\/a>\u00a0\/<a href=\"https:\/\/ens7-caba.infd.edu.ar\/aula\/archivos\/repositorio\/\/5750\/5948\/FRANCES_3_.docx.pdf\" target=\"_blank\" rel=\"noreferrer noopener\">\u00a0Franc\u00e9s<\/a><\/td><td><a href=\"https:\/\/ens7-caba.infd.edu.ar\/aula\/archivos\/repositorio\/\/5750\/5949\/Ingles_3.pdf\" target=\"_blank\" rel=\"noreferrer noopener\">Ingl\u00e9s<\/a>\u00a0\/\u00a0<a href=\"https:\/\/ens7-caba.infd.edu.ar\/aula\/archivos\/repositorio\/\/5750\/5948\/FRANCES_3_.docx.pdf\" target=\"_blank\" rel=\"noreferrer noopener\">Franc\u00e9s<\/a><\/td><td><a href=\"https:\/\/ens7-caba.infd.edu.ar\/aula\/archivos\/repositorio\/\/5750\/5949\/Ingles_3.pdf\" target=\"_blank\" rel=\"noreferrer noopener\">Ingl\u00e9s\u00a0<\/a>\/\u00a0<a href=\"https:\/\/ens7-caba.infd.edu.ar\/aula\/archivos\/repositorio\/\/5750\/5948\/FRANCES_3_.docx.pdf\" target=\"_blank\" rel=\"noreferrer noopener\">Franc\u00e9s<\/a><\/td><td><a rel=\"noreferrer noopener\" href=\"https:\/\/ens7-caba.infd.edu.ar\/aula\/archivos\/repositorio\/\/5750\/5949\/Ingles_3.pdf\" target=\"_blank\">Ingl\u00e9s<\/a><\/td><\/tr><tr><td><a href=\"https:\/\/ens7-caba.infd.edu.ar\/aula\/archivos\/repositorio\/\/5750\/5909\/31323334_Matematica_ENS7__.docx_2.pdf\" target=\"_blank\" rel=\"noreferrer noopener\">Matem\u00e1tica<\/a><\/td><td><a href=\"https:\/\/ens7-caba.infd.edu.ar\/aula\/archivos\/repositorio\/\/5750\/5909\/31323334_Matematica_ENS7__.docx_2.pdf\" target=\"_blank\" rel=\"noreferrer noopener\">Matem\u00e1tica<\/a><\/td><td><a href=\"https:\/\/ens7-caba.infd.edu.ar\/aula\/archivos\/repositorio\/\/5750\/5909\/31323334_Matematica_ENS7__.docx_2.pdf\" target=\"_blank\" rel=\"noreferrer noopener\">Matem\u00e1tica<\/a><\/td><td><a href=\"https:\/\/ens7-caba.infd.edu.ar\/aula\/archivos\/repositorio\/\/5750\/5909\/31323334_Matematica_ENS7__.docx_2.pdf\" target=\"_blank\" rel=\"noreferrer noopener\">Matem\u00e1tica<\/a><\/td><\/tr><tr><td><a href=\"https:\/\/ens7-caba.infd.edu.ar\/aula\/archivos\/repositorio\/\/5750\/5946\/BIOLOGIA_3.pdf\" target=\"_blank\" rel=\"noreferrer noopener\">Biolog\u00eda<\/a><\/td><td><a href=\"https:\/\/ens7-caba.infd.edu.ar\/aula\/archivos\/repositorio\/\/5750\/5946\/BIOLOGIA_3.pdf\" target=\"_blank\" rel=\"noreferrer noopener\">Biolog\u00eda<\/a><\/td><td><a href=\"https:\/\/ens7-caba.infd.edu.ar\/aula\/archivos\/repositorio\/\/5750\/5946\/BIOLOGIA_3.pdf\" target=\"_blank\" rel=\"noreferrer noopener\">Biolog\u00eda<\/a><\/td><td><a href=\"https:\/\/ens7-caba.infd.edu.ar\/aula\/archivos\/repositorio\/\/5750\/5946\/BIOLOGIA_3.pdf\" target=\"_blank\" rel=\"noreferrer noopener\">Biolog\u00eda<\/a><\/td><\/tr><tr><td><a href=\"https:\/\/ens7-caba.infd.edu.ar\/aula\/archivos\/repositorio\/\/5750\/5951\/Geografia_de_3_an_o.pdf\" target=\"_blank\" rel=\"noreferrer noopener\">Geograf\u00eda<\/a><\/td><td><a href=\"https:\/\/ens7-caba.infd.edu.ar\/aula\/archivos\/repositorio\/\/5750\/5951\/Geografia_de_3_an_o.pdf\" target=\"_blank\" rel=\"noreferrer noopener\">Geograf\u00eda<\/a><\/td><td><a href=\"https:\/\/ens7-caba.infd.edu.ar\/aula\/archivos\/repositorio\/\/5750\/5951\/Geografia_de_3_an_o.pdf\" target=\"_blank\" rel=\"noreferrer noopener\">Geograf\u00eda<\/a><\/td><td><a href=\"https:\/\/ens7-caba.infd.edu.ar\/aula\/archivos\/repositorio\/\/5750\/5951\/Geografia_de_3_an_o.pdf\" target=\"_blank\" rel=\"noreferrer noopener\">Geograf\u00eda<\/a><\/td><\/tr><tr><td><a href=\"https:\/\/ens7-caba.infd.edu.ar\/aula\/archivos\/repositorio\/\/5750\/5945\/Historia_3.pdf\" target=\"_blank\" rel=\"noreferrer noopener\">Historia<\/a><\/td><td><a href=\"https:\/\/ens7-caba.infd.edu.ar\/aula\/archivos\/repositorio\/\/5750\/5945\/Historia_3.pdf\" target=\"_blank\" rel=\"noreferrer noopener\">Historia<\/a><\/td><td><a href=\"https:\/\/ens7-caba.infd.edu.ar\/aula\/archivos\/repositorio\/\/5750\/5945\/Historia_3.pdf\" target=\"_blank\" rel=\"noreferrer noopener\">Historia<\/a><\/td><td><a href=\"https:\/\/ens7-caba.infd.edu.ar\/aula\/archivos\/repositorio\/\/5750\/5945\/Historia_3.pdf\" target=\"_blank\" rel=\"noreferrer noopener\">Historia<\/a><\/td><\/tr><tr><td><a href=\"https:\/\/ens7-caba.infd.edu.ar\/aula\/archivos\/repositorio\/\/5750\/5913\/3_FEyC_2026.pdf\" target=\"_blank\" rel=\"noreferrer noopener\">Formaci\u00f3n \u00c9tica y\u00a0Ciudadana<\/a><\/td><td><a href=\"https:\/\/ens7-caba.infd.edu.ar\/aula\/archivos\/repositorio\/\/5750\/5911\/3_2_FEC_-_2026.pdf\" target=\"_blank\" rel=\"noreferrer noopener\">Formaci\u00f3n \u00c9tica y Ciudadana<\/a><\/td><td><a href=\"https:\/\/ens7-caba.infd.edu.ar\/aula\/archivos\/repositorio\/\/5750\/5913\/3_FEyC_2026.pdf\" target=\"_blank\" rel=\"noreferrer noopener\">Formaci\u00f3n \u00c9tica y Ciudadana<\/a><\/td><td><a href=\"https:\/\/ens7-caba.infd.edu.ar\/aula\/archivos\/repositorio\/\/5750\/5913\/3_FEyC_2026.pdf\" target=\"_blank\" rel=\"noreferrer noopener\">Formaci\u00f3n \u00c9tica y Ciudadana<\/a><\/td><\/tr><tr><td><a href=\"https:\/\/ens7-caba.infd.edu.ar\/aula\/archivos\/repositorio\/\/5750\/5905\/3_3-_3_4_fisico_quimica.pdf\" target=\"_blank\" rel=\"noreferrer noopener\">F\u00edsico-Qu\u00edmica<\/a><\/td><td><a href=\"https:\/\/ens7-caba.infd.edu.ar\/aula\/archivos\/repositorio\/\/5750\/5905\/3_3-_3_4_fisico_quimica.pdf\" target=\"_blank\" rel=\"noreferrer noopener\">F\u00edsico-Qu\u00edmica<\/a><\/td><td><a href=\"https:\/\/ens7-caba.infd.edu.ar\/aula\/archivos\/repositorio\/\/5750\/5905\/3_3-_3_4_fisico_quimica.pdf\" target=\"_blank\" rel=\"noreferrer noopener\">F\u00edsico-Qu\u00edmica<\/a><\/td><td><a href=\"https:\/\/ens7-caba.infd.edu.ar\/aula\/archivos\/repositorio\/\/5750\/5905\/3_3-_3_4_fisico_quimica.pdf\" target=\"_blank\" rel=\"noreferrer noopener\">F\u00edsico-Qu\u00edmica<\/a><\/td><\/tr><tr><td><a href=\"https:\/\/ens7-caba.infd.edu.ar\/aula\/archivos\/repositorio\/\/5750\/5876\/ECONOMIA_3ro._1ra_TM.pdf\" target=\"_blank\" rel=\"noreferrer noopener\">Econom\u00eda<\/a><\/td><td>Econom\u00eda<\/td><td>Econom\u00eda<\/td><td>Econom\u00eda<\/td><\/tr><tr><td>EDI<\/td><td>EDI<\/td><td>EDI<\/td><td>EDI<\/td><\/tr><tr><td><a href=\"https:\/\/ens7-caba.infd.edu.ar\/aula\/archivos\/repositorio\/\/5750\/5970\/3ros_Ed._Fisica.pdf\" target=\"_blank\" rel=\"noreferrer noopener\">Ed. F\u00edsica<\/a><\/td><td><a href=\"https:\/\/ens7-caba.infd.edu.ar\/aula\/archivos\/repositorio\/\/5750\/5970\/3ros_Ed._Fisica.pdf\" target=\"_blank\" rel=\"noreferrer noopener\">Ed. F\u00edsica<\/a><\/td><td><a href=\"https:\/\/ens7-caba.infd.edu.ar\/aula\/archivos\/repositorio\/\/5750\/5970\/3ros_Ed._Fisica.pdf\" target=\"_blank\" rel=\"noreferrer noopener\">Ed. F\u00edsica<\/a><\/td><td><a href=\"https:\/\/ens7-caba.infd.edu.ar\/aula\/archivos\/repositorio\/\/5750\/5970\/3ros_Ed._Fisica.pdf\" target=\"_blank\" rel=\"noreferrer noopener\">Ed. F\u00edsica<\/a><\/td><\/tr><tr><td><a href=\"https:\/\/ens7-caba.infd.edu.ar\/aula\/archivos\/repositorio\/\/5750\/5914\/31_32_33_34_tec_de_la_informacion_2026.pdf\" target=\"_blank\" rel=\"noreferrer noopener\">Tecnolog\u00edas de la\u00a0 informaci\u00f3n<\/a><\/td><td><a href=\"https:\/\/ens7-caba.infd.edu.ar\/aula\/archivos\/repositorio\/\/5750\/5914\/31_32_33_34_tec_de_la_informacion_2026.pdf\" target=\"_blank\" rel=\"noreferrer noopener\">Tecnolog\u00edas de la informaci\u00f3n<\/a><\/td><td><a href=\"https:\/\/ens7-caba.infd.edu.ar\/aula\/archivos\/repositorio\/\/5750\/5914\/31_32_33_34_tec_de_la_informacion_2026.pdf\" target=\"_blank\" rel=\"noreferrer noopener\">Tecnolog\u00edas de la informaci\u00f3n<\/a><\/td><td><a href=\"https:\/\/ens7-caba.infd.edu.ar\/aula\/archivos\/repositorio\/\/5750\/5914\/31_32_33_34_tec_de_la_informacion_2026.pdf\" target=\"_blank\" rel=\"noreferrer noopener\">Tecnolog\u00edas de la informaci\u00f3n<\/a><\/td><\/tr><tr><td><a href=\"https:\/\/ens7-caba.infd.edu.ar\/aula\/archivos\/repositorio\/\/5750\/5919\/Introduccion_a_las_Cs_Soc_y_Humanidades_31_2026.pdf\" target=\"_blank\" rel=\"noreferrer noopener\">Introducci\u00f3n a las Cs. Sociales y\u00a0Humanidades<\/a><\/td><td><a href=\"https:\/\/ens7-caba.infd.edu.ar\/aula\/archivos\/repositorio\/\/5750\/5916\/HISTORIA_DE_LA_VIDA_Y_DE_LA_TIERRA-_3_2_da._SALVATIERRA.2026_1.pdf\" target=\"_blank\" rel=\"noreferrer noopener\">Historia de la vida y de la Tierra<\/a><\/td><td><a href=\"https:\/\/ens7-caba.infd.edu.ar\/aula\/archivos\/repositorio\/\/5750\/5950\/Educacion_y_Sociedad_3.pdf\" target=\"_blank\" rel=\"noreferrer noopener\">Educaci\u00f3n y Sociedad<\/a><\/td><td><a href=\"https:\/\/ens7-caba.infd.edu.ar\/aula\/archivos\/repositorio\/\/5750\/5950\/Educacion_y_Sociedad_3.pdf\" target=\"_blank\" rel=\"noreferrer noopener\">Educaci\u00f3n y Sociedad<\/a><\/td><\/tr><\/tbody><\/table><\/figure>\n","protected":false},"excerpt":{"rendered":"<p>3\u00ba 1\u00ba 3\u00ba 2\u00ba 3\u00ba 3\u00ba 3\u00ba 4\u00ba Lengua y literatura Lengua y literatura Lengua y literatura Lengua y literatura Ingl\u00e9s\u00a0\/\u00a0Franc\u00e9s Ingl\u00e9s\u00a0\/\u00a0Franc\u00e9s Ingl\u00e9s\u00a0\/\u00a0Franc\u00e9s Ingl\u00e9s Matem\u00e1tica Matem\u00e1tica Matem\u00e1tica Matem\u00e1tica Biolog\u00eda Biolog\u00eda Biolog\u00eda Biolog\u00eda Geograf\u00eda Geograf\u00eda Geograf\u00eda Geograf\u00eda Historia Historia Historia Historia Formaci\u00f3n \u00c9tica y\u00a0Ciudadana Formaci\u00f3n \u00c9tica y Ciudadana Formaci\u00f3n \u00c9tica y Ciudadana Formaci\u00f3n \u00c9tica y Ciudadana &#8230; <a title=\"Programas 3\u00ba A\u00f1o 2026\" class=\"read-more\" href=\"https:\/\/ens7-caba.infd.edu.ar\/sitio\/programas-3o-ano-2026\/\" aria-label=\"More on Programas 3\u00ba A\u00f1o 2026\">[+]<\/a><\/p>\n","protected":false},"author":2274,"featured_media":0,"parent":0,"menu_order":0,"comment_status":"closed","ping_status":"closed","template":"","meta":[],"acf":[],"_links":{"self":[{"href":"https:\/\/ens7-caba.infd.edu.ar\/sitio\/wp-json\/wp\/v2\/pages\/4885"}],"collection":[{"href":"https:\/\/ens7-caba.infd.edu.ar\/sitio\/wp-json\/wp\/v2\/pages"}],"about":[{"href":"https:\/\/ens7-caba.infd.edu.ar\/sitio\/wp-json\/wp\/v2\/types\/page"}],"author":[{"embeddable":true,"href":"https:\/\/ens7-caba.infd.edu.ar\/sitio\/wp-json\/wp\/v2\/users\/2274"}],"replies":[{"embeddable":true,"href":"https:\/\/ens7-caba.infd.edu.ar\/sitio\/wp-json\/wp\/v2\/comments?post=4885"}],"version-history":[{"count":6,"href":"https:\/\/ens7-caba.infd.edu.ar\/sitio\/wp-json\/wp\/v2\/pages\/4885\/revisions"}],"predecessor-version":[{"id":4945,"href":"https:\/\/ens7-caba.infd.edu.ar\/sitio\/wp-json\/wp\/v2\/pages\/4885\/revisions\/4945"}],"wp:attachment":[{"href":"https:\/\/ens7-caba.infd.edu.ar\/sitio\/wp-json\/wp\/v2\/media?parent=4885"}],"curies":[{"name":"wp","href":"https:\/\/api.w.org\/{rel}","templated":true}]}}